{"id":22890,"date":"2026-01-21T13:36:21","date_gmt":"2026-01-21T11:36:21","guid":{"rendered":"https:\/\/senbera.com\/dk\/produkt\/rengoeringspinde\/"},"modified":"2026-01-21T13:36:37","modified_gmt":"2026-01-21T11:36:37","slug":"rengoeringspinde","status":"publish","type":"product","link":"https:\/\/senbera.com\/dk\/vare\/rengoeringspinde\/","title":{"rendered":"Reng\u00f8ringspinde"},"content":{"rendered":"<p style=\"text-align: center\"><strong><span style=\"font-weight: 400\">\ud83d\udca7<\/span>Forebyg tilstoppede afl\u00f8b og d\u00e5rlig lugt med bare en pind om m\u00e5neden<span style=\"font-weight: 400\">\ud83e\uddfc <\/span><\/strong><\/p>\n<p style=\"text-align: center\"><span style=\"font-weight: 400\">Disse reng\u00f8ringspinde er en enkel og effektiv m\u00e5de at holde dine afl\u00f8b flydende p\u00e5. Du skal bare smide en pind i afl\u00f8bet fra din vask, dit badekar eller din bruser, s\u00e5 nedbryder den fedt, mad og snavs og stopper lugten, f\u00f8r den opst\u00e5r. Disse enzymdrevne pinde er sikre til alle typer afl\u00f8b og septiksystemer og sparer dig for tid, penge og beskidte oprydninger.<\/span><\/p>\n<p><img decoding=\"async\" class=\"size-full wp-image-18214 aligncenter\" src=\"https:\/\/keluvo.com\/template\/wp-content\/uploads\/sites\/5\/2025\/05\/pJgON11Pje9fKcGqdQkN-ezgif.com-video-to-webp-converter-1.webp\" alt=\"\" \/><\/p>\n<h2 style=\"text-align: center\">\u2705 Hovedfordele<\/h2>\n<p><span style=\"font-weight: 400\">\ud83d\udca7 Oplukker og renser afl\u00f8b ved at nedbryde fedt, mad og snavs<\/span><span style=\"font-weight: 400\"><br \/>\n<\/span><\/p>\n<p><span style=\"font-weight: 400\">\ud83c\udf31 Milj\u00f8venlige enzymer, der er sikre for alle r\u00f8r og septiktanke<\/span><span style=\"font-weight: 400\"><br \/>\n<\/span><\/p>\n<p><span style=\"font-weight: 400\">\ud83e\uddfc Fjerner lugt for at holde dit k\u00f8kken og badev\u00e6relse fresh<\/span><span style=\"font-weight: 400\"><br \/>\n<\/span><\/p>\n<p><span style=\"font-weight: 400\">\ud83d\uddd3\ufe0f Langtidsholdbar &#8211; kun \u00e9n stick pr. afl\u00f8b pr. m\u00e5ned<\/span><\/p>\n<p><span style=\"font-weight: 400\">\ud83d\udd12 Kompakt og nem at bruge &#8211; intet v\u00e6rkt\u00f8j eller kemikalier er n\u00f8dvendige<\/span><\/p>\n<p><img decoding=\"async\" class=\"size-full wp-image-18215 aligncenter\" src=\"https:\/\/keluvo.com\/template\/wp-content\/uploads\/sites\/5\/2025\/05\/0826545f-17e5-456e-bb62-90839c7eb7a4.webp\" alt=\"\" \/><\/p>\n<h2 style=\"text-align: center\">\ud83e\udded S\u00e5dan Bruges<\/h2>\n<ol>\n<li style=\"font-weight: 400\"><span style=\"font-weight: 400\">Tag en stick ud af pakken.<\/span><span style=\"font-weight: 400\"><br \/>\n<\/span><\/li>\n<li style=\"font-weight: 400\"><span style=\"font-weight: 400\">Lad den sidde og virke &#8211; ingen grund til at r\u00f8re eller fjerne den.<\/span><span style=\"font-weight: 400\"><br \/>\n<\/span><\/li>\n<li style=\"font-weight: 400\"><span style=\"font-weight: 400\">Gentag hver m\u00e5ned for at opn\u00e5 de bedste resultater.<\/span><\/li>\n<\/ol>\n<h2 style=\"text-align: center\">\ud83d\udcd0 Produktdetaljer<\/h2>\n<ul>\n<li style=\"font-weight: 400\"><span style=\"font-weight: 400\">Form: tynd og cylindrisk for nem pasform<\/span><span style=\"font-weight: 400\"><br \/>\n<\/span><\/li>\n<li style=\"font-weight: 400\"><span style=\"font-weight: 400\">Ingredienser: naturlig enzymblanding<\/span><\/li>\n<li style=\"font-weight: 400\"><span style=\"font-weight: 400\">Sikker til: alle r\u00f8r, h\u00e5ndvaske, badekar og septiksystemer<\/span><\/li>\n<\/ul>\n<h2 style=\"text-align: center\">\ud83d\udce6 Pakken Indeholder<\/h2>\n<ul>\n<li style=\"font-weight: 400\"><span style=\"font-weight: 400\">12x reng\u00f8ringspinde.<\/span><\/li>\n<\/ul>\n<p>&nbsp;<\/p>\n","protected":false},"excerpt":{"rendered":"<p>\ud83d\udca7Forebyg tilstoppede afl\u00f8b og d\u00e5rlig lugt med bare en pind om m\u00e5neden\ud83e\uddfc Disse reng\u00f8ringspinde er en enkel og effektiv m\u00e5de [&hellip;]<\/p>\n","protected":false},"featured_media":22886,"comment_status":"open","ping_status":"closed","template":"","meta":{"site-sidebar-layout":"default","site-content-layout":"","ast-site-content-layout":"default","site-content-style":"default","site-sidebar-style":"default","ast-global-header-display":"","ast-banner-title-visibility":"","ast-main-header-display":"","ast-hfb-above-header-display":"","ast-hfb-below-header-display":"","ast-hfb-mobile-header-display":"","site-post-title":"","ast-breadcrumbs-content":"","ast-featured-img":"","footer-sml-layout":"","ast-disable-related-posts":"","theme-transparent-header-meta":"default","adv-header-id-meta":"","stick-header-meta":"","header-above-stick-meta":"","header-main-stick-meta":"","header-below-stick-meta":"","astra-migrate-meta-layouts":"set","ast-page-background-enabled":"default","ast-page-background-meta":{"desktop":{"background-color":"var(--ast-global-color-5)","background-image":"","background-repeat":"repeat","background-position":"center center","background-size":"auto","background-attachment":"scroll","background-type":"","background-media":"","overlay-type":"","overlay-color":"","overlay-opacity":"","overlay-gradient":""},"tablet":{"background-color":"","background-image":"","background-repeat":"repeat","background-position":"center center","background-size":"auto","background-attachment":"scroll","background-type":"","background-media":"","overlay-type":"","overlay-color":"","overlay-opacity":"","overlay-gradient":""},"mobile":{"background-color":"","background-image":"","background-repeat":"repeat","background-position":"center center","background-size":"auto","background-attachment":"scroll","background-type":"","background-media":"","overlay-type":"","overlay-color":"","overlay-opacity":"","overlay-gradient":""}},"ast-content-background-meta":{"desktop":{"background-color":"var(--ast-global-color-4)","background-image":"","background-repeat":"repeat","background-position":"center center","background-size":"auto","background-attachment":"scroll","background-type":"","background-media":"","overlay-type":"","overlay-color":"","overlay-opacity":"","overlay-gradient":""},"tablet":{"background-color":"var(--ast-global-color-4)","background-image":"","background-repeat":"repeat","background-position":"center center","background-size":"auto","background-attachment":"scroll","background-type":"","background-media":"","overlay-type":"","overlay-color":"","overlay-opacity":"","overlay-gradient":""},"mobile":{"background-color":"var(--ast-global-color-4)","background-image":"","background-repeat":"repeat","background-position":"center center","background-size":"auto","background-attachment":"scroll","background-type":"","background-media":"","overlay-type":"","overlay-color":"","overlay-opacity":"","overlay-gradient":""}}},"product_brand":[],"product_cat":[15],"product_tag":[],"class_list":{"0":"post-22890","1":"product","2":"type-product","3":"status-publish","4":"has-post-thumbnail","6":"product_cat-ikke-kategoriseret","7":"pa_21644_jx53836g-citron","8":"pa_21644_jx53836g-havet","9":"pa_21644_jx53836g-jasmin","10":"pa_21644_jx53836g-lavendel","11":"desktop-align-left","12":"tablet-align-left","13":"mobile-align-left","15":"first","16":"instock","17":"shipping-taxable","18":"purchasable","19":"product-type-variable"},"yoast_head":"<!-- This site is optimized with the Yoast SEO plugin v27.4 - https:\/\/yoast.com\/product\/yoast-seo-wordpress\/ -->\n<title>Reng\u00f8ringspinde - Senbera DK<\/title>\n<meta name=\"robots\" content=\"index, follow, max-snippet:-1, max-image-preview:large, max-video-preview:-1\" \/>\n<link rel=\"canonical\" href=\"https:\/\/senbera.com\/dk\/vare\/rengoeringspinde\/\" \/>\n<meta property=\"og:locale\" content=\"da_DK\" \/>\n<meta property=\"og:type\" content=\"article\" \/>\n<meta property=\"og:title\" content=\"Reng\u00f8ringspinde - Senbera DK\" \/>\n<meta property=\"og:description\" content=\"\ud83d\udca7Forebyg tilstoppede afl\u00f8b og d\u00e5rlig lugt med bare en pind om m\u00e5neden\ud83e\uddfc Disse reng\u00f8ringspinde er en enkel og effektiv m\u00e5de [&hellip;]\" \/>\n<meta property=\"og:url\" content=\"https:\/\/senbera.com\/dk\/vare\/rengoeringspinde\/\" \/>\n<meta property=\"og:site_name\" content=\"Senbera DK\" \/>\n<meta property=\"article:modified_time\" content=\"2026-01-21T11:36:37+00:00\" \/>\n<meta property=\"og:image\" content=\"https:\/\/senbera.com\/dk\/wp-content\/uploads\/sites\/25\/2026\/01\/528357w-1.webp\" \/>\n\t<meta property=\"og:image:width\" content=\"620\" \/>\n\t<meta property=\"og:image:height\" content=\"620\" \/>\n\t<meta property=\"og:image:type\" content=\"image\/webp\" \/>\n<meta name=\"twitter:card\" content=\"summary_large_image\" \/>\n<meta name=\"twitter:label1\" content=\"Estimeret l\u00e6setid\" \/>\n\t<meta name=\"twitter:data1\" content=\"1 minut\" \/>\n<script type=\"application\/ld+json\" class=\"yoast-schema-graph\">{\"@context\":\"https:\\\/\\\/schema.org\",\"@graph\":[{\"@type\":\"WebPage\",\"@id\":\"https:\\\/\\\/senbera.com\\\/dk\\\/vare\\\/rengoeringspinde\\\/\",\"url\":\"https:\\\/\\\/senbera.com\\\/dk\\\/vare\\\/rengoeringspinde\\\/\",\"name\":\"Reng\u00f8ringspinde - Senbera DK\",\"isPartOf\":{\"@id\":\"https:\\\/\\\/senbera.com\\\/dk\\\/#website\"},\"primaryImageOfPage\":{\"@id\":\"https:\\\/\\\/senbera.com\\\/dk\\\/vare\\\/rengoeringspinde\\\/#primaryimage\"},\"image\":{\"@id\":\"https:\\\/\\\/senbera.com\\\/dk\\\/vare\\\/rengoeringspinde\\\/#primaryimage\"},\"thumbnailUrl\":\"https:\\\/\\\/senbera.com\\\/dk\\\/wp-content\\\/uploads\\\/sites\\\/25\\\/2026\\\/01\\\/528357w-1.webp\",\"datePublished\":\"2026-01-21T11:36:21+00:00\",\"dateModified\":\"2026-01-21T11:36:37+00:00\",\"breadcrumb\":{\"@id\":\"https:\\\/\\\/senbera.com\\\/dk\\\/vare\\\/rengoeringspinde\\\/#breadcrumb\"},\"inLanguage\":\"da-DK\",\"potentialAction\":[{\"@type\":\"ReadAction\",\"target\":[\"https:\\\/\\\/senbera.com\\\/dk\\\/vare\\\/rengoeringspinde\\\/\"]}]},{\"@type\":\"ImageObject\",\"inLanguage\":\"da-DK\",\"@id\":\"https:\\\/\\\/senbera.com\\\/dk\\\/vare\\\/rengoeringspinde\\\/#primaryimage\",\"url\":\"https:\\\/\\\/senbera.com\\\/dk\\\/wp-content\\\/uploads\\\/sites\\\/25\\\/2026\\\/01\\\/528357w-1.webp\",\"contentUrl\":\"https:\\\/\\\/senbera.com\\\/dk\\\/wp-content\\\/uploads\\\/sites\\\/25\\\/2026\\\/01\\\/528357w-1.webp\",\"width\":620,\"height\":620},{\"@type\":\"BreadcrumbList\",\"@id\":\"https:\\\/\\\/senbera.com\\\/dk\\\/vare\\\/rengoeringspinde\\\/#breadcrumb\",\"itemListElement\":[{\"@type\":\"ListItem\",\"position\":1,\"name\":\"Home\",\"item\":\"https:\\\/\\\/senbera.com\\\/dk\\\/\"},{\"@type\":\"ListItem\",\"position\":2,\"name\":\"Butik\",\"item\":\"https:\\\/\\\/senbera.com\\\/dk\\\/butik\\\/\"},{\"@type\":\"ListItem\",\"position\":3,\"name\":\"Reng\u00f8ringspinde\"}]},{\"@type\":\"WebSite\",\"@id\":\"https:\\\/\\\/senbera.com\\\/dk\\\/#website\",\"url\":\"https:\\\/\\\/senbera.com\\\/dk\\\/\",\"name\":\"Senbera DK\",\"description\":\"\",\"publisher\":{\"@id\":\"https:\\\/\\\/senbera.com\\\/dk\\\/#organization\"},\"potentialAction\":[{\"@type\":\"SearchAction\",\"target\":{\"@type\":\"EntryPoint\",\"urlTemplate\":\"https:\\\/\\\/senbera.com\\\/dk\\\/?s={search_term_string}\"},\"query-input\":{\"@type\":\"PropertyValueSpecification\",\"valueRequired\":true,\"valueName\":\"search_term_string\"}}],\"inLanguage\":\"da-DK\"},{\"@type\":\"Organization\",\"@id\":\"https:\\\/\\\/senbera.com\\\/dk\\\/#organization\",\"name\":\"Mekulo\",\"url\":\"https:\\\/\\\/senbera.com\\\/dk\\\/\",\"logo\":{\"@type\":\"ImageObject\",\"inLanguage\":\"da-DK\",\"@id\":\"https:\\\/\\\/senbera.com\\\/dk\\\/#\\\/schema\\\/logo\\\/image\\\/\",\"url\":\"https:\\\/\\\/senbera.com\\\/dk\\\/wp-content\\\/uploads\\\/sites\\\/25\\\/2025\\\/12\\\/favicon_mekulo.png\",\"contentUrl\":\"https:\\\/\\\/senbera.com\\\/dk\\\/wp-content\\\/uploads\\\/sites\\\/25\\\/2025\\\/12\\\/favicon_mekulo.png\",\"width\":50,\"height\":50,\"caption\":\"Mekulo\"},\"image\":{\"@id\":\"https:\\\/\\\/senbera.com\\\/dk\\\/#\\\/schema\\\/logo\\\/image\\\/\"}}]}<\/script>\n<!-- \/ Yoast SEO plugin. -->","yoast_head_json":{"title":"Reng\u00f8ringspinde - Senbera DK","robots":{"index":"index","follow":"follow","max-snippet":"max-snippet:-1","max-image-preview":"max-image-preview:large","max-video-preview":"max-video-preview:-1"},"canonical":"https:\/\/senbera.com\/dk\/vare\/rengoeringspinde\/","og_locale":"da_DK","og_type":"article","og_title":"Reng\u00f8ringspinde - Senbera DK","og_description":"\ud83d\udca7Forebyg tilstoppede afl\u00f8b og d\u00e5rlig lugt med bare en pind om m\u00e5neden\ud83e\uddfc Disse reng\u00f8ringspinde er en enkel og effektiv m\u00e5de [&hellip;]","og_url":"https:\/\/senbera.com\/dk\/vare\/rengoeringspinde\/","og_site_name":"Senbera DK","article_modified_time":"2026-01-21T11:36:37+00:00","og_image":[{"width":620,"height":620,"url":"https:\/\/senbera.com\/dk\/wp-content\/uploads\/sites\/25\/2026\/01\/528357w-1.webp","type":"image\/webp"}],"twitter_card":"summary_large_image","twitter_misc":{"Estimeret l\u00e6setid":"1 minut"},"schema":{"@context":"https:\/\/schema.org","@graph":[{"@type":"WebPage","@id":"https:\/\/senbera.com\/dk\/vare\/rengoeringspinde\/","url":"https:\/\/senbera.com\/dk\/vare\/rengoeringspinde\/","name":"Reng\u00f8ringspinde - Senbera DK","isPartOf":{"@id":"https:\/\/senbera.com\/dk\/#website"},"primaryImageOfPage":{"@id":"https:\/\/senbera.com\/dk\/vare\/rengoeringspinde\/#primaryimage"},"image":{"@id":"https:\/\/senbera.com\/dk\/vare\/rengoeringspinde\/#primaryimage"},"thumbnailUrl":"https:\/\/senbera.com\/dk\/wp-content\/uploads\/sites\/25\/2026\/01\/528357w-1.webp","datePublished":"2026-01-21T11:36:21+00:00","dateModified":"2026-01-21T11:36:37+00:00","breadcrumb":{"@id":"https:\/\/senbera.com\/dk\/vare\/rengoeringspinde\/#breadcrumb"},"inLanguage":"da-DK","potentialAction":[{"@type":"ReadAction","target":["https:\/\/senbera.com\/dk\/vare\/rengoeringspinde\/"]}]},{"@type":"ImageObject","inLanguage":"da-DK","@id":"https:\/\/senbera.com\/dk\/vare\/rengoeringspinde\/#primaryimage","url":"https:\/\/senbera.com\/dk\/wp-content\/uploads\/sites\/25\/2026\/01\/528357w-1.webp","contentUrl":"https:\/\/senbera.com\/dk\/wp-content\/uploads\/sites\/25\/2026\/01\/528357w-1.webp","width":620,"height":620},{"@type":"BreadcrumbList","@id":"https:\/\/senbera.com\/dk\/vare\/rengoeringspinde\/#breadcrumb","itemListElement":[{"@type":"ListItem","position":1,"name":"Home","item":"https:\/\/senbera.com\/dk\/"},{"@type":"ListItem","position":2,"name":"Butik","item":"https:\/\/senbera.com\/dk\/butik\/"},{"@type":"ListItem","position":3,"name":"Reng\u00f8ringspinde"}]},{"@type":"WebSite","@id":"https:\/\/senbera.com\/dk\/#website","url":"https:\/\/senbera.com\/dk\/","name":"Senbera DK","description":"","publisher":{"@id":"https:\/\/senbera.com\/dk\/#organization"},"potentialAction":[{"@type":"SearchAction","target":{"@type":"EntryPoint","urlTemplate":"https:\/\/senbera.com\/dk\/?s={search_term_string}"},"query-input":{"@type":"PropertyValueSpecification","valueRequired":true,"valueName":"search_term_string"}}],"inLanguage":"da-DK"},{"@type":"Organization","@id":"https:\/\/senbera.com\/dk\/#organization","name":"Mekulo","url":"https:\/\/senbera.com\/dk\/","logo":{"@type":"ImageObject","inLanguage":"da-DK","@id":"https:\/\/senbera.com\/dk\/#\/schema\/logo\/image\/","url":"https:\/\/senbera.com\/dk\/wp-content\/uploads\/sites\/25\/2025\/12\/favicon_mekulo.png","contentUrl":"https:\/\/senbera.com\/dk\/wp-content\/uploads\/sites\/25\/2025\/12\/favicon_mekulo.png","width":50,"height":50,"caption":"Mekulo"},"image":{"@id":"https:\/\/senbera.com\/dk\/#\/schema\/logo\/image\/"}}]}},"_links":{"self":[{"href":"https:\/\/senbera.com\/dk\/wp-json\/wp\/v2\/product\/22890","targetHints":{"allow":["GET"]}}],"collection":[{"href":"https:\/\/senbera.com\/dk\/wp-json\/wp\/v2\/product"}],"about":[{"href":"https:\/\/senbera.com\/dk\/wp-json\/wp\/v2\/types\/product"}],"replies":[{"embeddable":true,"href":"https:\/\/senbera.com\/dk\/wp-json\/wp\/v2\/comments?post=22890"}],"wp:featuredmedia":[{"embeddable":true,"href":"https:\/\/senbera.com\/dk\/wp-json\/wp\/v2\/media\/22886"}],"wp:attachment":[{"href":"https:\/\/senbera.com\/dk\/wp-json\/wp\/v2\/media?parent=22890"}],"wp:term":[{"taxonomy":"product_brand","embeddable":true,"href":"https:\/\/senbera.com\/dk\/wp-json\/wp\/v2\/product_brand?post=22890"},{"taxonomy":"product_cat","embeddable":true,"href":"https:\/\/senbera.com\/dk\/wp-json\/wp\/v2\/product_cat?post=22890"},{"taxonomy":"product_tag","embeddable":true,"href":"https:\/\/senbera.com\/dk\/wp-json\/wp\/v2\/product_tag?post=22890"}],"curies":[{"name":"wp","href":"https:\/\/api.w.org\/{rel}","templated":true}]}}