{"id":22606,"date":"2026-01-21T13:14:06","date_gmt":"2026-01-21T11:14:06","guid":{"rendered":"https:\/\/senbera.com\/dk\/produkt\/toerresnor\/"},"modified":"2026-01-21T13:14:30","modified_gmt":"2026-01-21T11:14:30","slug":"toerresnor","status":"publish","type":"product","link":"https:\/\/senbera.com\/dk\/vare\/toerresnor\/","title":{"rendered":"T\u00f8rresnor"},"content":{"rendered":"<p style=\"text-align: center\"><strong>St\u00e6rk, Vindt\u00e6t Og Perfekt Til At T\u00f8rre T\u00f8j, Uanset Hvor Du Er.<\/strong><\/p>\n<p style=\"text-align: center\"><span style=\"font-weight: 400\">Y-t\u00f8rresnoren er en let, sammenklappelig og holdbar l\u00f8sning til at t\u00f8rre dit vasket\u00f8j &#8211; indend\u00f8rs eller udend\u00f8rs. Det skridsikre design holder t\u00f8jet p\u00e5 plads, og den vindt\u00e6tte konstruktion sikrer, at det forbliver sikkert, selv p\u00e5 bl\u00e6sende dage.<\/span><\/p>\n<p><img decoding=\"async\" class=\"alignnone size-full wp-image-17867 aligncenter\" src=\"https:\/\/keluvo.com\/template\/wp-content\/uploads\/sites\/5\/2025\/05\/Clothesline-ezgif.com-video-to-webp-converter.webp\" alt=\"\" \/><\/p>\n<h2 style=\"text-align: center\">\ud83c\udf1f Vigtigste Fordele<\/h2>\n<p><span style=\"font-weight: 400\">\ud83e\uddfa Skridsikker overflade forhindrer t\u00f8jet i at glide af<\/span><span style=\"font-weight: 400\"><br \/>\n<\/span><\/p>\n<p><span style=\"font-weight: 400\">\ud83d\udca8 Vindt\u00e6t design til p\u00e5lidelig udend\u00f8rs use<\/span><span style=\"font-weight: 400\"><br \/>\n<\/span><\/p>\n<p><span style=\"font-weight: 400\">\ud83c\udfd5\ufe0f Perfekt til rejser, camping eller hjemmebrug<\/span><span style=\"font-weight: 400\"><br \/>\n<\/span><\/p>\n<p><span style=\"font-weight: 400\">\ud83d\udcaa Fremstillet af st\u00e6rk og holdbar nylon<\/span><span style=\"font-weight: 400\"><br \/>\n<\/span><\/p>\n<p><span style=\"font-weight: 400\">\ud83c\udf92 Let og sammenklappelig for nem storage<\/span><\/p>\n<p><img decoding=\"async\" class=\"alignnone size-full wp-image-17870 aligncenter\" src=\"https:\/\/keluvo.com\/template\/wp-content\/uploads\/sites\/5\/2025\/05\/S745e5aec0f864256a7ae0ab5efa74949J.jpg_960x960q75.jpg_.jpeg\" alt=\"\" \/><\/p>\n<h2 style=\"text-align: center\">\ud83d\udee0\ufe0f S\u00e5dan Bruges<\/h2>\n<ol>\n<li style=\"font-weight: 400\"><span style=\"font-weight: 400\">Fold t\u00f8rresnoren ud, og str\u00e6k den til den \u00f8nskede l\u00e6ngde.<\/span><span style=\"font-weight: 400\"><br \/>\n<\/span><\/li>\n<li style=\"font-weight: 400\"><span style=\"font-weight: 400\">Fastg\u00f8r begge ender sikkert til kroge, tr\u00e6er eller faste overflader.<\/span><span style=\"font-weight: 400\"><br \/>\n<\/span><\/li>\n<li style=\"font-weight: 400\"><span style=\"font-weight: 400\">H\u00e6ng t\u00f8j mellem linjerne og fordel dem j\u00e6vnt.<\/span><span style=\"font-weight: 400\"><br \/>\n<\/span><\/li>\n<li style=\"font-weight: 400\"><span style=\"font-weight: 400\">N\u00e5r du er f\u00e6rdig, skal du folde og opbevare det til fremtidig brug.<\/span><\/li>\n<\/ol>\n<h2 style=\"text-align: center\">\ud83d\udccf Produktdetaljer<\/h2>\n<ul>\n<li style=\"font-weight: 400\"><span style=\"font-weight: 400\">Materiale: nylon af h\u00f8j kvalitet<\/span><span style=\"font-weight: 400\"><br \/>\n<\/span><\/li>\n<li style=\"font-weight: 400\"><span style=\"font-weight: 400\">V\u00e6gt: Ca. 74g<\/span><span style=\"font-weight: 400\"><br \/>\n<\/span><\/li>\n<li style=\"font-weight: 400\"><span style=\"font-weight: 400\">Design: foldbar, vindt\u00e6t, skridsikker<\/span><\/li>\n<li>St\u00f8rrelse: 5m og 10m<\/li>\n<\/ul>\n<h2 style=\"text-align: center\">\ud83d\udce6 Pakken Indeholder<\/h2>\n<ul>\n<li><span style=\"font-weight: 400\">1x t\u00f8rresnor.<\/span><\/li>\n<\/ul>\n","protected":false},"excerpt":{"rendered":"<p>St\u00e6rk, Vindt\u00e6t Og Perfekt Til At T\u00f8rre T\u00f8j, Uanset Hvor Du Er. Y-t\u00f8rresnoren er en let, sammenklappelig og holdbar l\u00f8sning [&hellip;]<\/p>\n","protected":false},"featured_media":22602,"comment_status":"open","ping_status":"closed","template":"","meta":{"site-sidebar-layout":"default","site-content-layout":"","ast-site-content-layout":"default","site-content-style":"default","site-sidebar-style":"default","ast-global-header-display":"","ast-banner-title-visibility":"","ast-main-header-display":"","ast-hfb-above-header-display":"","ast-hfb-below-header-display":"","ast-hfb-mobile-header-display":"","site-post-title":"","ast-breadcrumbs-content":"","ast-featured-img":"","footer-sml-layout":"","theme-transparent-header-meta":"default","adv-header-id-meta":"","stick-header-meta":"","header-above-stick-meta":"","header-main-stick-meta":"","header-below-stick-meta":"","astra-migrate-meta-layouts":"set","ast-page-background-enabled":"default","ast-page-background-meta":{"desktop":{"background-color":"var(--ast-global-color-5)","background-image":"","background-repeat":"repeat","background-position":"center center","background-size":"auto","background-attachment":"scroll","background-type":"","background-media":"","overlay-type":"","overlay-color":"","overlay-opacity":"","overlay-gradient":""},"tablet":{"background-color":"","background-image":"","background-repeat":"repeat","background-position":"center center","background-size":"auto","background-attachment":"scroll","background-type":"","background-media":"","overlay-type":"","overlay-color":"","overlay-opacity":"","overlay-gradient":""},"mobile":{"background-color":"","background-image":"","background-repeat":"repeat","background-position":"center center","background-size":"auto","background-attachment":"scroll","background-type":"","background-media":"","overlay-type":"","overlay-color":"","overlay-opacity":"","overlay-gradient":""}},"ast-content-background-meta":{"desktop":{"background-color":"var(--ast-global-color-4)","background-image":"","background-repeat":"repeat","background-position":"center center","background-size":"auto","background-attachment":"scroll","background-type":"","background-media":"","overlay-type":"","overlay-color":"","overlay-opacity":"","overlay-gradient":""},"tablet":{"background-color":"var(--ast-global-color-4)","background-image":"","background-repeat":"repeat","background-position":"center center","background-size":"auto","background-attachment":"scroll","background-type":"","background-media":"","overlay-type":"","overlay-color":"","overlay-opacity":"","overlay-gradient":""},"mobile":{"background-color":"var(--ast-global-color-4)","background-image":"","background-repeat":"repeat","background-position":"center center","background-size":"auto","background-attachment":"scroll","background-type":"","background-media":"","overlay-type":"","overlay-color":"","overlay-opacity":"","overlay-gradient":""}}},"product_brand":[],"product_cat":[15],"product_tag":[],"class_list":{"0":"post-22606","1":"product","2":"type-product","3":"status-publish","4":"has-post-thumbnail","6":"product_cat-ikke-kategoriseret","7":"pa_18675_p0z91fhq-10m","8":"pa_18675_p0z91fhq-5m","9":"pa_18675_rqelp811-blaa","10":"pa_18675_rqelp811-groen","11":"pa_18675_rqelp811-lyseroed","12":"desktop-align-left","13":"tablet-align-left","14":"mobile-align-left","16":"first","17":"instock","18":"shipping-taxable","19":"purchasable","20":"product-type-variable","21":"has-default-attributes"},"yoast_head":"<!-- This site is optimized with the Yoast SEO plugin v26.6 - https:\/\/yoast.com\/wordpress\/plugins\/seo\/ -->\n<title>T\u00f8rresnor - Senbera DK<\/title>\n<meta name=\"robots\" content=\"index, follow, max-snippet:-1, max-image-preview:large, max-video-preview:-1\" \/>\n<link rel=\"canonical\" href=\"https:\/\/senbera.com\/dk\/vare\/toerresnor\/\" \/>\n<meta property=\"og:locale\" content=\"da_DK\" \/>\n<meta property=\"og:type\" content=\"article\" \/>\n<meta property=\"og:title\" content=\"T\u00f8rresnor - Senbera DK\" \/>\n<meta property=\"og:description\" content=\"St\u00e6rk, Vindt\u00e6t Og Perfekt Til At T\u00f8rre T\u00f8j, Uanset Hvor Du Er. Y-t\u00f8rresnoren er en let, sammenklappelig og holdbar l\u00f8sning [&hellip;]\" \/>\n<meta property=\"og:url\" content=\"https:\/\/senbera.com\/dk\/vare\/toerresnor\/\" \/>\n<meta property=\"og:site_name\" content=\"Senbera DK\" \/>\n<meta property=\"article:modified_time\" content=\"2026-01-21T11:14:30+00:00\" \/>\n<meta property=\"og:image\" content=\"https:\/\/senbera.com\/dk\/wp-content\/uploads\/sites\/25\/2026\/01\/odgo4yu-1.jpeg\" \/>\n\t<meta property=\"og:image:width\" content=\"800\" \/>\n\t<meta property=\"og:image:height\" content=\"800\" \/>\n\t<meta property=\"og:image:type\" content=\"image\/jpeg\" \/>\n<meta name=\"twitter:card\" content=\"summary_large_image\" \/>\n<meta name=\"twitter:label1\" content=\"Estimeret l\u00e6setid\" \/>\n\t<meta name=\"twitter:data1\" content=\"1 minut\" \/>\n<script type=\"application\/ld+json\" class=\"yoast-schema-graph\">{\"@context\":\"https:\/\/schema.org\",\"@graph\":[{\"@type\":\"WebPage\",\"@id\":\"https:\/\/senbera.com\/dk\/vare\/toerresnor\/\",\"url\":\"https:\/\/senbera.com\/dk\/vare\/toerresnor\/\",\"name\":\"T\u00f8rresnor - Senbera DK\",\"isPartOf\":{\"@id\":\"https:\/\/senbera.com\/dk\/#website\"},\"primaryImageOfPage\":{\"@id\":\"https:\/\/senbera.com\/dk\/vare\/toerresnor\/#primaryimage\"},\"image\":{\"@id\":\"https:\/\/senbera.com\/dk\/vare\/toerresnor\/#primaryimage\"},\"thumbnailUrl\":\"https:\/\/senbera.com\/dk\/wp-content\/uploads\/sites\/25\/2026\/01\/odgo4yu-1.jpeg\",\"datePublished\":\"2026-01-21T11:14:06+00:00\",\"dateModified\":\"2026-01-21T11:14:30+00:00\",\"breadcrumb\":{\"@id\":\"https:\/\/senbera.com\/dk\/vare\/toerresnor\/#breadcrumb\"},\"inLanguage\":\"da-DK\",\"potentialAction\":[{\"@type\":\"ReadAction\",\"target\":[\"https:\/\/senbera.com\/dk\/vare\/toerresnor\/\"]}]},{\"@type\":\"ImageObject\",\"inLanguage\":\"da-DK\",\"@id\":\"https:\/\/senbera.com\/dk\/vare\/toerresnor\/#primaryimage\",\"url\":\"https:\/\/senbera.com\/dk\/wp-content\/uploads\/sites\/25\/2026\/01\/odgo4yu-1.jpeg\",\"contentUrl\":\"https:\/\/senbera.com\/dk\/wp-content\/uploads\/sites\/25\/2026\/01\/odgo4yu-1.jpeg\",\"width\":800,\"height\":800},{\"@type\":\"BreadcrumbList\",\"@id\":\"https:\/\/senbera.com\/dk\/vare\/toerresnor\/#breadcrumb\",\"itemListElement\":[{\"@type\":\"ListItem\",\"position\":1,\"name\":\"Home\",\"item\":\"https:\/\/senbera.com\/dk\/\"},{\"@type\":\"ListItem\",\"position\":2,\"name\":\"Butik\",\"item\":\"https:\/\/senbera.com\/dk\/butik\/\"},{\"@type\":\"ListItem\",\"position\":3,\"name\":\"T\u00f8rresnor\"}]},{\"@type\":\"WebSite\",\"@id\":\"https:\/\/senbera.com\/dk\/#website\",\"url\":\"https:\/\/senbera.com\/dk\/\",\"name\":\"Senbera DK\",\"description\":\"\",\"publisher\":{\"@id\":\"https:\/\/senbera.com\/dk\/#organization\"},\"potentialAction\":[{\"@type\":\"SearchAction\",\"target\":{\"@type\":\"EntryPoint\",\"urlTemplate\":\"https:\/\/senbera.com\/dk\/?s={search_term_string}\"},\"query-input\":{\"@type\":\"PropertyValueSpecification\",\"valueRequired\":true,\"valueName\":\"search_term_string\"}}],\"inLanguage\":\"da-DK\"},{\"@type\":\"Organization\",\"@id\":\"https:\/\/senbera.com\/dk\/#organization\",\"name\":\"Mekulo\",\"url\":\"https:\/\/senbera.com\/dk\/\",\"logo\":{\"@type\":\"ImageObject\",\"inLanguage\":\"da-DK\",\"@id\":\"https:\/\/senbera.com\/dk\/#\/schema\/logo\/image\/\",\"url\":\"https:\/\/senbera.com\/dk\/wp-content\/uploads\/sites\/25\/2025\/12\/favicon_mekulo.png\",\"contentUrl\":\"https:\/\/senbera.com\/dk\/wp-content\/uploads\/sites\/25\/2025\/12\/favicon_mekulo.png\",\"width\":50,\"height\":50,\"caption\":\"Mekulo\"},\"image\":{\"@id\":\"https:\/\/senbera.com\/dk\/#\/schema\/logo\/image\/\"}}]}<\/script>\n<!-- \/ Yoast SEO plugin. -->","yoast_head_json":{"title":"T\u00f8rresnor - Senbera DK","robots":{"index":"index","follow":"follow","max-snippet":"max-snippet:-1","max-image-preview":"max-image-preview:large","max-video-preview":"max-video-preview:-1"},"canonical":"https:\/\/senbera.com\/dk\/vare\/toerresnor\/","og_locale":"da_DK","og_type":"article","og_title":"T\u00f8rresnor - Senbera DK","og_description":"St\u00e6rk, Vindt\u00e6t Og Perfekt Til At T\u00f8rre T\u00f8j, Uanset Hvor Du Er. Y-t\u00f8rresnoren er en let, sammenklappelig og holdbar l\u00f8sning [&hellip;]","og_url":"https:\/\/senbera.com\/dk\/vare\/toerresnor\/","og_site_name":"Senbera DK","article_modified_time":"2026-01-21T11:14:30+00:00","og_image":[{"width":800,"height":800,"url":"https:\/\/senbera.com\/dk\/wp-content\/uploads\/sites\/25\/2026\/01\/odgo4yu-1.jpeg","type":"image\/jpeg"}],"twitter_card":"summary_large_image","twitter_misc":{"Estimeret l\u00e6setid":"1 minut"},"schema":{"@context":"https:\/\/schema.org","@graph":[{"@type":"WebPage","@id":"https:\/\/senbera.com\/dk\/vare\/toerresnor\/","url":"https:\/\/senbera.com\/dk\/vare\/toerresnor\/","name":"T\u00f8rresnor - Senbera DK","isPartOf":{"@id":"https:\/\/senbera.com\/dk\/#website"},"primaryImageOfPage":{"@id":"https:\/\/senbera.com\/dk\/vare\/toerresnor\/#primaryimage"},"image":{"@id":"https:\/\/senbera.com\/dk\/vare\/toerresnor\/#primaryimage"},"thumbnailUrl":"https:\/\/senbera.com\/dk\/wp-content\/uploads\/sites\/25\/2026\/01\/odgo4yu-1.jpeg","datePublished":"2026-01-21T11:14:06+00:00","dateModified":"2026-01-21T11:14:30+00:00","breadcrumb":{"@id":"https:\/\/senbera.com\/dk\/vare\/toerresnor\/#breadcrumb"},"inLanguage":"da-DK","potentialAction":[{"@type":"ReadAction","target":["https:\/\/senbera.com\/dk\/vare\/toerresnor\/"]}]},{"@type":"ImageObject","inLanguage":"da-DK","@id":"https:\/\/senbera.com\/dk\/vare\/toerresnor\/#primaryimage","url":"https:\/\/senbera.com\/dk\/wp-content\/uploads\/sites\/25\/2026\/01\/odgo4yu-1.jpeg","contentUrl":"https:\/\/senbera.com\/dk\/wp-content\/uploads\/sites\/25\/2026\/01\/odgo4yu-1.jpeg","width":800,"height":800},{"@type":"BreadcrumbList","@id":"https:\/\/senbera.com\/dk\/vare\/toerresnor\/#breadcrumb","itemListElement":[{"@type":"ListItem","position":1,"name":"Home","item":"https:\/\/senbera.com\/dk\/"},{"@type":"ListItem","position":2,"name":"Butik","item":"https:\/\/senbera.com\/dk\/butik\/"},{"@type":"ListItem","position":3,"name":"T\u00f8rresnor"}]},{"@type":"WebSite","@id":"https:\/\/senbera.com\/dk\/#website","url":"https:\/\/senbera.com\/dk\/","name":"Senbera DK","description":"","publisher":{"@id":"https:\/\/senbera.com\/dk\/#organization"},"potentialAction":[{"@type":"SearchAction","target":{"@type":"EntryPoint","urlTemplate":"https:\/\/senbera.com\/dk\/?s={search_term_string}"},"query-input":{"@type":"PropertyValueSpecification","valueRequired":true,"valueName":"search_term_string"}}],"inLanguage":"da-DK"},{"@type":"Organization","@id":"https:\/\/senbera.com\/dk\/#organization","name":"Mekulo","url":"https:\/\/senbera.com\/dk\/","logo":{"@type":"ImageObject","inLanguage":"da-DK","@id":"https:\/\/senbera.com\/dk\/#\/schema\/logo\/image\/","url":"https:\/\/senbera.com\/dk\/wp-content\/uploads\/sites\/25\/2025\/12\/favicon_mekulo.png","contentUrl":"https:\/\/senbera.com\/dk\/wp-content\/uploads\/sites\/25\/2025\/12\/favicon_mekulo.png","width":50,"height":50,"caption":"Mekulo"},"image":{"@id":"https:\/\/senbera.com\/dk\/#\/schema\/logo\/image\/"}}]}},"_links":{"self":[{"href":"https:\/\/senbera.com\/dk\/wp-json\/wp\/v2\/product\/22606","targetHints":{"allow":["GET"]}}],"collection":[{"href":"https:\/\/senbera.com\/dk\/wp-json\/wp\/v2\/product"}],"about":[{"href":"https:\/\/senbera.com\/dk\/wp-json\/wp\/v2\/types\/product"}],"replies":[{"embeddable":true,"href":"https:\/\/senbera.com\/dk\/wp-json\/wp\/v2\/comments?post=22606"}],"wp:featuredmedia":[{"embeddable":true,"href":"https:\/\/senbera.com\/dk\/wp-json\/wp\/v2\/media\/22602"}],"wp:attachment":[{"href":"https:\/\/senbera.com\/dk\/wp-json\/wp\/v2\/media?parent=22606"}],"wp:term":[{"taxonomy":"product_brand","embeddable":true,"href":"https:\/\/senbera.com\/dk\/wp-json\/wp\/v2\/product_brand?post=22606"},{"taxonomy":"product_cat","embeddable":true,"href":"https:\/\/senbera.com\/dk\/wp-json\/wp\/v2\/product_cat?post=22606"},{"taxonomy":"product_tag","embeddable":true,"href":"https:\/\/senbera.com\/dk\/wp-json\/wp\/v2\/product_tag?post=22606"}],"curies":[{"name":"wp","href":"https:\/\/api.w.org\/{rel}","templated":true}]}}