{"id":22417,"date":"2026-01-21T08:31:39","date_gmt":"2026-01-21T06:31:39","guid":{"rendered":"https:\/\/senbera.com\/dk\/produkt\/vandmaatte-til-kaeledyr\/"},"modified":"2026-01-21T10:46:10","modified_gmt":"2026-01-21T08:46:10","slug":"vandmaatte-til-kaeledyr","status":"publish","type":"product","link":"https:\/\/senbera.com\/dk\/vare\/vandmaatte-til-kaeledyr\/","title":{"rendered":"Vandm\u00e5tte til k\u00e6ledyr"},"content":{"rendered":"<p style=\"text-align: center;\"><b>\ud83d\udca6 Vi introducerer vandm\u00e5tten til k\u00e6ledyr &#8211; din kats legende og afslappende vandland! \ud83d\udc08<\/b><\/p>\n<p style=\"text-align: center;\"><span style=\"font-weight: 400;\">Denne bl\u00f8de vandm\u00e5tte holder din kat nysgerrig, glad og engageret. R\u00f8r ved m\u00e5tten, og se fiskene &#8220;sv\u00f8mme&#8221; indeni &#8211; det er som et mini-hav derhjemme!<\/span><\/p>\n<p><img decoding=\"async\" class=\"size-full wp-image-16957 aligncenter\" src=\"https:\/\/keluvo.com\/template\/wp-content\/uploads\/sites\/5\/2025\/05\/paet-ezgif.com-video-to-webp-converter.webp\" alt=\"\" \/><\/p>\n<h2 style=\"text-align: center;\"><strong>Vigtigste fordele<\/strong><\/h2>\n<p><span style=\"font-weight: 400;\">Interaktiv sanseleg &#8211; katte elsker at pille ved fisk, der bev\u00e6ger sig indeni<\/span><span style=\"font-weight: 400;\"><br \/>\n<\/span><\/p>\n<p><span style=\"font-weight: 400;\">Fantastisk til b\u00e5de leg og hvile &#8211; behagelig, hyggelig og k\u00f8lig at ligge p\u00e5<\/span><span style=\"font-weight: 400;\"><br \/>\n<\/span><\/p>\n<p><span style=\"font-weight: 400;\">Lavet af st\u00e6rk PVC af h\u00f8j kvalitet &#8211; langtidsholdbar og sikker<\/span><span style=\"font-weight: 400;\"><br \/>\n<\/span><\/p>\n<p><span style=\"font-weight: 400;\">Sjove undervandsdesigns &#8211; stimulerer din kats sind og sanser<\/span><span style=\"font-weight: 400;\"><br \/>\n<\/span><\/p>\n<p><span style=\"font-weight: 400;\">Ogs\u00e5 sjovt for b\u00f8rn &#8211; nyd at se p\u00e5 eller lege sammen<\/span><\/p>\n<p><img decoding=\"async\" class=\"size-full wp-image-16960 aligncenter\" src=\"https:\/\/keluvo.com\/template\/wp-content\/uploads\/sites\/5\/2025\/05\/301e182f-3aae-43f7-a649-462a7bff0620.webp\" alt=\"&quot;\" \/><\/p>\n<h2 style=\"text-align: center;\"><strong>Hvordan dette produkt hj\u00e6lper dig<\/strong><\/h2>\n<p style=\"text-align: center;\"><span style=\"font-weight: 400;\">Vandm\u00e5tten til k\u00e6ledyr er mere end et stykke leget\u00f8j &#8211; den hj\u00e6lper med at holde din kat mentalt aktiv, fysisk legesyg og gladeligt underholdt.<\/span><\/p>\n<p style=\"text-align: center;\"><span style=\"font-weight: 400;\"> Den er perfekt til:<\/span><\/p>\n<ul>\n<li style=\"font-weight: 400;\"><span style=\"font-weight: 400;\">At holde din kat besk\u00e6ftiget indend\u00f8rs<\/span><span style=\"font-weight: 400;\"><br \/>\n<\/span><\/li>\n<li style=\"font-weight: 400;\"><span style=\"font-weight: 400;\">Sanselig leg, der engagerer ber\u00f8ring og syn<\/span><\/li>\n<li style=\"font-weight: 400;\"><span style=\"font-weight: 400;\">Del interaktiv sjov med dit k\u00e6ledyr og din familie.<\/span><\/li>\n<\/ul>\n<h2 style=\"text-align: center;\"><strong>\ud83d\udce6 Pakken indeholder<\/strong><\/h2>\n<ul>\n<li style=\"font-weight: 400;\"><span style=\"font-weight: 400;\">1x vandm\u00e5tte til k\u00e6ledyr (interaktivt fiskedesign).<\/span><span style=\"font-weight: 400;\"><br \/>\n<\/span><\/li>\n<\/ul>\n","protected":false},"excerpt":{"rendered":"<p>\ud83d\udca6 Vi introducerer vandm\u00e5tten til k\u00e6ledyr &#8211; din kats legende og afslappende vandland! \ud83d\udc08 Denne bl\u00f8de vandm\u00e5tte holder din kat [&hellip;]<\/p>\n","protected":false},"featured_media":22413,"comment_status":"open","ping_status":"closed","template":"","meta":{"site-sidebar-layout":"default","site-content-layout":"","ast-site-content-layout":"default","site-content-style":"default","site-sidebar-style":"default","ast-global-header-display":"","ast-banner-title-visibility":"","ast-main-header-display":"","ast-hfb-above-header-display":"","ast-hfb-below-header-display":"","ast-hfb-mobile-header-display":"","site-post-title":"","ast-breadcrumbs-content":"","ast-featured-img":"","footer-sml-layout":"","theme-transparent-header-meta":"default","adv-header-id-meta":"","stick-header-meta":"","header-above-stick-meta":"","header-main-stick-meta":"","header-below-stick-meta":"","astra-migrate-meta-layouts":"set","ast-page-background-enabled":"default","ast-page-background-meta":{"desktop":{"background-color":"var(--ast-global-color-5)","background-image":"","background-repeat":"repeat","background-position":"center center","background-size":"auto","background-attachment":"scroll","background-type":"","background-media":"","overlay-type":"","overlay-color":"","overlay-opacity":"","overlay-gradient":""},"tablet":{"background-color":"","background-image":"","background-repeat":"repeat","background-position":"center center","background-size":"auto","background-attachment":"scroll","background-type":"","background-media":"","overlay-type":"","overlay-color":"","overlay-opacity":"","overlay-gradient":""},"mobile":{"background-color":"","background-image":"","background-repeat":"repeat","background-position":"center center","background-size":"auto","background-attachment":"scroll","background-type":"","background-media":"","overlay-type":"","overlay-color":"","overlay-opacity":"","overlay-gradient":""}},"ast-content-background-meta":{"desktop":{"background-color":"var(--ast-global-color-4)","background-image":"","background-repeat":"repeat","background-position":"center center","background-size":"auto","background-attachment":"scroll","background-type":"","background-media":"","overlay-type":"","overlay-color":"","overlay-opacity":"","overlay-gradient":""},"tablet":{"background-color":"var(--ast-global-color-4)","background-image":"","background-repeat":"repeat","background-position":"center center","background-size":"auto","background-attachment":"scroll","background-type":"","background-media":"","overlay-type":"","overlay-color":"","overlay-opacity":"","overlay-gradient":""},"mobile":{"background-color":"var(--ast-global-color-4)","background-image":"","background-repeat":"repeat","background-position":"center center","background-size":"auto","background-attachment":"scroll","background-type":"","background-media":"","overlay-type":"","overlay-color":"","overlay-opacity":"","overlay-gradient":""}}},"product_brand":[],"product_cat":[15],"product_tag":[],"class_list":{"0":"post-22417","1":"product","2":"type-product","3":"status-publish","4":"has-post-thumbnail","6":"product_cat-ikke-kategoriseret","7":"pa_29909_enjocsd0-a","8":"pa_29909_enjocsd0-b","9":"pa_29909_enjocsd0-c","10":"pa_29909_enjocsd0-d","11":"pa_29909_enjocsd0-e","12":"pa_29909_enjocsd0-f","13":"pa_29909_enjocsd0-g","14":"pa_29909_enjocsd0-h","15":"pa_29909_enjocsd0-i","16":"pa_29909_enjocsd0-j","17":"pa_29909_enjocsd0-k","18":"pa_29909_enjocsd0-l","19":"pa_29909_enjocsd0-m","20":"pa_29909_enjocsd0-n","21":"pa_29909_enjocsd0-o","22":"desktop-align-left","23":"tablet-align-left","24":"mobile-align-left","26":"first","27":"instock","28":"shipping-taxable","29":"purchasable","30":"product-type-variable"},"yoast_head":"<!-- This site is optimized with the Yoast SEO plugin v26.6 - https:\/\/yoast.com\/wordpress\/plugins\/seo\/ -->\n<title>Vandm\u00e5tte til k\u00e6ledyr - Senbera DK<\/title>\n<meta name=\"robots\" content=\"index, follow, max-snippet:-1, max-image-preview:large, max-video-preview:-1\" \/>\n<link rel=\"canonical\" href=\"https:\/\/senbera.com\/dk\/vare\/vandmaatte-til-kaeledyr\/\" \/>\n<meta property=\"og:locale\" content=\"da_DK\" \/>\n<meta property=\"og:type\" content=\"article\" \/>\n<meta property=\"og:title\" content=\"Vandm\u00e5tte til k\u00e6ledyr - Senbera DK\" \/>\n<meta property=\"og:description\" content=\"\ud83d\udca6 Vi introducerer vandm\u00e5tten til k\u00e6ledyr &#8211; din kats legende og afslappende vandland! \ud83d\udc08 Denne bl\u00f8de vandm\u00e5tte holder din kat [&hellip;]\" \/>\n<meta property=\"og:url\" content=\"https:\/\/senbera.com\/dk\/vare\/vandmaatte-til-kaeledyr\/\" \/>\n<meta property=\"og:site_name\" content=\"Senbera DK\" \/>\n<meta property=\"article:modified_time\" content=\"2026-01-21T08:46:10+00:00\" \/>\n<meta property=\"og:image\" content=\"https:\/\/senbera.com\/dk\/wp-content\/uploads\/sites\/25\/2026\/01\/q7gzbgf-1.webp\" \/>\n\t<meta property=\"og:image:width\" content=\"800\" \/>\n\t<meta property=\"og:image:height\" content=\"800\" \/>\n\t<meta property=\"og:image:type\" content=\"image\/webp\" \/>\n<meta name=\"twitter:card\" content=\"summary_large_image\" \/>\n<meta name=\"twitter:label1\" content=\"Estimeret l\u00e6setid\" \/>\n\t<meta name=\"twitter:data1\" content=\"2 minutter\" \/>\n<script type=\"application\/ld+json\" class=\"yoast-schema-graph\">{\"@context\":\"https:\/\/schema.org\",\"@graph\":[{\"@type\":\"WebPage\",\"@id\":\"https:\/\/senbera.com\/dk\/vare\/vandmaatte-til-kaeledyr\/\",\"url\":\"https:\/\/senbera.com\/dk\/vare\/vandmaatte-til-kaeledyr\/\",\"name\":\"Vandm\u00e5tte til k\u00e6ledyr - Senbera DK\",\"isPartOf\":{\"@id\":\"https:\/\/senbera.com\/dk\/#website\"},\"primaryImageOfPage\":{\"@id\":\"https:\/\/senbera.com\/dk\/vare\/vandmaatte-til-kaeledyr\/#primaryimage\"},\"image\":{\"@id\":\"https:\/\/senbera.com\/dk\/vare\/vandmaatte-til-kaeledyr\/#primaryimage\"},\"thumbnailUrl\":\"https:\/\/senbera.com\/dk\/wp-content\/uploads\/sites\/25\/2026\/01\/q7gzbgf-1.webp\",\"datePublished\":\"2026-01-21T06:31:39+00:00\",\"dateModified\":\"2026-01-21T08:46:10+00:00\",\"breadcrumb\":{\"@id\":\"https:\/\/senbera.com\/dk\/vare\/vandmaatte-til-kaeledyr\/#breadcrumb\"},\"inLanguage\":\"da-DK\",\"potentialAction\":[{\"@type\":\"ReadAction\",\"target\":[\"https:\/\/senbera.com\/dk\/vare\/vandmaatte-til-kaeledyr\/\"]}]},{\"@type\":\"ImageObject\",\"inLanguage\":\"da-DK\",\"@id\":\"https:\/\/senbera.com\/dk\/vare\/vandmaatte-til-kaeledyr\/#primaryimage\",\"url\":\"https:\/\/senbera.com\/dk\/wp-content\/uploads\/sites\/25\/2026\/01\/q7gzbgf-1.webp\",\"contentUrl\":\"https:\/\/senbera.com\/dk\/wp-content\/uploads\/sites\/25\/2026\/01\/q7gzbgf-1.webp\",\"width\":800,\"height\":800},{\"@type\":\"BreadcrumbList\",\"@id\":\"https:\/\/senbera.com\/dk\/vare\/vandmaatte-til-kaeledyr\/#breadcrumb\",\"itemListElement\":[{\"@type\":\"ListItem\",\"position\":1,\"name\":\"Home\",\"item\":\"https:\/\/senbera.com\/dk\/\"},{\"@type\":\"ListItem\",\"position\":2,\"name\":\"Butik\",\"item\":\"https:\/\/senbera.com\/dk\/butik\/\"},{\"@type\":\"ListItem\",\"position\":3,\"name\":\"Vandm\u00e5tte til k\u00e6ledyr\"}]},{\"@type\":\"WebSite\",\"@id\":\"https:\/\/senbera.com\/dk\/#website\",\"url\":\"https:\/\/senbera.com\/dk\/\",\"name\":\"Senbera DK\",\"description\":\"\",\"publisher\":{\"@id\":\"https:\/\/senbera.com\/dk\/#organization\"},\"potentialAction\":[{\"@type\":\"SearchAction\",\"target\":{\"@type\":\"EntryPoint\",\"urlTemplate\":\"https:\/\/senbera.com\/dk\/?s={search_term_string}\"},\"query-input\":{\"@type\":\"PropertyValueSpecification\",\"valueRequired\":true,\"valueName\":\"search_term_string\"}}],\"inLanguage\":\"da-DK\"},{\"@type\":\"Organization\",\"@id\":\"https:\/\/senbera.com\/dk\/#organization\",\"name\":\"Mekulo\",\"url\":\"https:\/\/senbera.com\/dk\/\",\"logo\":{\"@type\":\"ImageObject\",\"inLanguage\":\"da-DK\",\"@id\":\"https:\/\/senbera.com\/dk\/#\/schema\/logo\/image\/\",\"url\":\"https:\/\/senbera.com\/dk\/wp-content\/uploads\/sites\/25\/2025\/12\/favicon_mekulo.png\",\"contentUrl\":\"https:\/\/senbera.com\/dk\/wp-content\/uploads\/sites\/25\/2025\/12\/favicon_mekulo.png\",\"width\":50,\"height\":50,\"caption\":\"Mekulo\"},\"image\":{\"@id\":\"https:\/\/senbera.com\/dk\/#\/schema\/logo\/image\/\"}}]}<\/script>\n<!-- \/ Yoast SEO plugin. -->","yoast_head_json":{"title":"Vandm\u00e5tte til k\u00e6ledyr - Senbera DK","robots":{"index":"index","follow":"follow","max-snippet":"max-snippet:-1","max-image-preview":"max-image-preview:large","max-video-preview":"max-video-preview:-1"},"canonical":"https:\/\/senbera.com\/dk\/vare\/vandmaatte-til-kaeledyr\/","og_locale":"da_DK","og_type":"article","og_title":"Vandm\u00e5tte til k\u00e6ledyr - Senbera DK","og_description":"\ud83d\udca6 Vi introducerer vandm\u00e5tten til k\u00e6ledyr &#8211; din kats legende og afslappende vandland! \ud83d\udc08 Denne bl\u00f8de vandm\u00e5tte holder din kat [&hellip;]","og_url":"https:\/\/senbera.com\/dk\/vare\/vandmaatte-til-kaeledyr\/","og_site_name":"Senbera DK","article_modified_time":"2026-01-21T08:46:10+00:00","og_image":[{"width":800,"height":800,"url":"https:\/\/senbera.com\/dk\/wp-content\/uploads\/sites\/25\/2026\/01\/q7gzbgf-1.webp","type":"image\/webp"}],"twitter_card":"summary_large_image","twitter_misc":{"Estimeret l\u00e6setid":"2 minutter"},"schema":{"@context":"https:\/\/schema.org","@graph":[{"@type":"WebPage","@id":"https:\/\/senbera.com\/dk\/vare\/vandmaatte-til-kaeledyr\/","url":"https:\/\/senbera.com\/dk\/vare\/vandmaatte-til-kaeledyr\/","name":"Vandm\u00e5tte til k\u00e6ledyr - Senbera DK","isPartOf":{"@id":"https:\/\/senbera.com\/dk\/#website"},"primaryImageOfPage":{"@id":"https:\/\/senbera.com\/dk\/vare\/vandmaatte-til-kaeledyr\/#primaryimage"},"image":{"@id":"https:\/\/senbera.com\/dk\/vare\/vandmaatte-til-kaeledyr\/#primaryimage"},"thumbnailUrl":"https:\/\/senbera.com\/dk\/wp-content\/uploads\/sites\/25\/2026\/01\/q7gzbgf-1.webp","datePublished":"2026-01-21T06:31:39+00:00","dateModified":"2026-01-21T08:46:10+00:00","breadcrumb":{"@id":"https:\/\/senbera.com\/dk\/vare\/vandmaatte-til-kaeledyr\/#breadcrumb"},"inLanguage":"da-DK","potentialAction":[{"@type":"ReadAction","target":["https:\/\/senbera.com\/dk\/vare\/vandmaatte-til-kaeledyr\/"]}]},{"@type":"ImageObject","inLanguage":"da-DK","@id":"https:\/\/senbera.com\/dk\/vare\/vandmaatte-til-kaeledyr\/#primaryimage","url":"https:\/\/senbera.com\/dk\/wp-content\/uploads\/sites\/25\/2026\/01\/q7gzbgf-1.webp","contentUrl":"https:\/\/senbera.com\/dk\/wp-content\/uploads\/sites\/25\/2026\/01\/q7gzbgf-1.webp","width":800,"height":800},{"@type":"BreadcrumbList","@id":"https:\/\/senbera.com\/dk\/vare\/vandmaatte-til-kaeledyr\/#breadcrumb","itemListElement":[{"@type":"ListItem","position":1,"name":"Home","item":"https:\/\/senbera.com\/dk\/"},{"@type":"ListItem","position":2,"name":"Butik","item":"https:\/\/senbera.com\/dk\/butik\/"},{"@type":"ListItem","position":3,"name":"Vandm\u00e5tte til k\u00e6ledyr"}]},{"@type":"WebSite","@id":"https:\/\/senbera.com\/dk\/#website","url":"https:\/\/senbera.com\/dk\/","name":"Senbera DK","description":"","publisher":{"@id":"https:\/\/senbera.com\/dk\/#organization"},"potentialAction":[{"@type":"SearchAction","target":{"@type":"EntryPoint","urlTemplate":"https:\/\/senbera.com\/dk\/?s={search_term_string}"},"query-input":{"@type":"PropertyValueSpecification","valueRequired":true,"valueName":"search_term_string"}}],"inLanguage":"da-DK"},{"@type":"Organization","@id":"https:\/\/senbera.com\/dk\/#organization","name":"Mekulo","url":"https:\/\/senbera.com\/dk\/","logo":{"@type":"ImageObject","inLanguage":"da-DK","@id":"https:\/\/senbera.com\/dk\/#\/schema\/logo\/image\/","url":"https:\/\/senbera.com\/dk\/wp-content\/uploads\/sites\/25\/2025\/12\/favicon_mekulo.png","contentUrl":"https:\/\/senbera.com\/dk\/wp-content\/uploads\/sites\/25\/2025\/12\/favicon_mekulo.png","width":50,"height":50,"caption":"Mekulo"},"image":{"@id":"https:\/\/senbera.com\/dk\/#\/schema\/logo\/image\/"}}]}},"_links":{"self":[{"href":"https:\/\/senbera.com\/dk\/wp-json\/wp\/v2\/product\/22417","targetHints":{"allow":["GET"]}}],"collection":[{"href":"https:\/\/senbera.com\/dk\/wp-json\/wp\/v2\/product"}],"about":[{"href":"https:\/\/senbera.com\/dk\/wp-json\/wp\/v2\/types\/product"}],"replies":[{"embeddable":true,"href":"https:\/\/senbera.com\/dk\/wp-json\/wp\/v2\/comments?post=22417"}],"wp:featuredmedia":[{"embeddable":true,"href":"https:\/\/senbera.com\/dk\/wp-json\/wp\/v2\/media\/22413"}],"wp:attachment":[{"href":"https:\/\/senbera.com\/dk\/wp-json\/wp\/v2\/media?parent=22417"}],"wp:term":[{"taxonomy":"product_brand","embeddable":true,"href":"https:\/\/senbera.com\/dk\/wp-json\/wp\/v2\/product_brand?post=22417"},{"taxonomy":"product_cat","embeddable":true,"href":"https:\/\/senbera.com\/dk\/wp-json\/wp\/v2\/product_cat?post=22417"},{"taxonomy":"product_tag","embeddable":true,"href":"https:\/\/senbera.com\/dk\/wp-json\/wp\/v2\/product_tag?post=22417"}],"curies":[{"name":"wp","href":"https:\/\/api.w.org\/{rel}","templated":true}]}}