{"id":22364,"date":"2026-01-21T08:27:48","date_gmt":"2026-01-21T06:27:48","guid":{"rendered":"https:\/\/senbera.com\/dk\/produkt\/mini-pen-fiskestang\/"},"modified":"2026-01-21T08:28:08","modified_gmt":"2026-01-21T06:28:08","slug":"mini-pen-fiskestang","status":"publish","type":"product","link":"https:\/\/senbera.com\/dk\/vare\/mini-pen-fiskestang\/","title":{"rendered":"Mini pen fiskestang"},"content":{"rendered":"<p style=\"text-align: center\"><strong>\ud83c\udfa3 Vi pr\u00e6senterer mini pen-fiskestangen &#8211; din fiskemakker i lommeformat til sjov hvor som helst og n\u00e5r som helst! \ud83d\udc1f<\/strong><\/p>\n<p style=\"text-align: center\"><span style=\"font-weight: 400\">Denne lille stang ligner en kuglepen, men bliver til en st\u00e6rk fiskestang. Let at b\u00e6re, enkel at bruge og perfekt til hurtige fiskeeventyr!<\/span><\/p>\n<p><img decoding=\"async\" class=\"size-full wp-image-16684 aligncenter\" src=\"https:\/\/keluvo.com\/template\/wp-content\/uploads\/sites\/5\/2025\/05\/Fishing-ezgif.com-video-to-webp-converter.webp\" alt=\"\" \/><\/p>\n<h2 style=\"text-align: center\"><strong>Vigtigste Fordele<\/strong><\/h2>\n<p><span style=\"font-weight: 400\">Ultralet og b\u00e6rbar &#8211; passer i lommer, tasker eller rygs\u00e6kke<\/span><span style=\"font-weight: 400\"><br \/>\n<\/span><\/p>\n<p><span style=\"font-weight: 400\">St\u00e6rk og holdbar &#8211; fremstillet af glasfiber og aluminiumslegering<\/span><span style=\"font-weight: 400\"><br \/>\n<\/span><\/p>\n<p><span style=\"font-weight: 400\">Leveres klar med hjul, line, kroge og madding &#8211; fisk n\u00e5r som helst<\/span><span style=\"font-weight: 400\"><br \/>\n<\/span><\/p>\n<p><span style=\"font-weight: 400\">Nem for begyndere, b\u00f8rn og voksne &#8211; ingen kompliceret ops\u00e6tning<\/span><\/p>\n<p><span style=\"font-weight: 400\">Fantastisk til fiskeri p\u00e5 b\u00e5de, d\u00e6mninger, s\u00f8er eller endda is<\/span><\/p>\n<p><img decoding=\"async\" class=\"size-full wp-image-16685 aligncenter\" src=\"https:\/\/keluvo.com\/template\/wp-content\/uploads\/sites\/5\/2025\/05\/202abc38-789b-44bb-ba67-247d527a5c85.webp\" alt=\"\" \/><\/p>\n<h2 style=\"text-align: center\"><strong>Hvordan Dette Produkt Hj\u00e6lper Dig<\/strong><\/h2>\n<p style=\"text-align: center\"><span style=\"font-weight: 400\">Minipen-fiskestangen er perfekt til alle, der elsker at fiske, men hader at b\u00e6re stort grej.<\/span><\/p>\n<p style=\"text-align: center\"><span style=\"font-weight: 400\">Den er fantastisk til:<\/span><\/p>\n<ul>\n<li style=\"font-weight: 400\"><span style=\"font-weight: 400\">Hurtige ture til s\u00f8en eller floden<\/span><span style=\"font-weight: 400\"><br \/>\n<\/span><\/li>\n<li style=\"font-weight: 400\"><span style=\"font-weight: 400\">Vandring, rygs\u00e6k og udend\u00f8rs eventyr<\/span><\/li>\n<li style=\"font-weight: 400\"><span style=\"font-weight: 400\">Giv b\u00f8rn eller begyndere en sjov og nem m\u00e5de at fiske p\u00e5.<\/span><\/li>\n<\/ul>\n<h2 style=\"text-align: center\"><strong>Pakken Indeholder<\/strong><\/h2>\n<ul>\n<li style=\"font-weight: 400\"><span style=\"font-weight: 400\">1x mini pen-fiskestang<\/span><span style=\"font-weight: 400\"><br \/>\n<\/span><\/li>\n<li style=\"font-weight: 400\"><span style=\"font-weight: 400\">1x mini fiskehjul (med fiskesn\u00f8re, kroge og madding inkluderet).<\/span><\/li>\n<\/ul>\n","protected":false},"excerpt":{"rendered":"<p>\ud83c\udfa3 Vi pr\u00e6senterer mini pen-fiskestangen &#8211; din fiskemakker i lommeformat til sjov hvor som helst og n\u00e5r som helst! \ud83d\udc1f [&hellip;]<\/p>\n","protected":false},"featured_media":22360,"comment_status":"open","ping_status":"closed","template":"","meta":{"site-sidebar-layout":"default","site-content-layout":"","ast-site-content-layout":"default","site-content-style":"default","site-sidebar-style":"default","ast-global-header-display":"","ast-banner-title-visibility":"","ast-main-header-display":"","ast-hfb-above-header-display":"","ast-hfb-below-header-display":"","ast-hfb-mobile-header-display":"","site-post-title":"","ast-breadcrumbs-content":"","ast-featured-img":"","footer-sml-layout":"","theme-transparent-header-meta":"default","adv-header-id-meta":"","stick-header-meta":"","header-above-stick-meta":"","header-main-stick-meta":"","header-below-stick-meta":"","astra-migrate-meta-layouts":"set","ast-page-background-enabled":"default","ast-page-background-meta":{"desktop":{"background-color":"var(--ast-global-color-5)","background-image":"","background-repeat":"repeat","background-position":"center center","background-size":"auto","background-attachment":"scroll","background-type":"","background-media":"","overlay-type":"","overlay-color":"","overlay-opacity":"","overlay-gradient":""},"tablet":{"background-color":"","background-image":"","background-repeat":"repeat","background-position":"center center","background-size":"auto","background-attachment":"scroll","background-type":"","background-media":"","overlay-type":"","overlay-color":"","overlay-opacity":"","overlay-gradient":""},"mobile":{"background-color":"","background-image":"","background-repeat":"repeat","background-position":"center center","background-size":"auto","background-attachment":"scroll","background-type":"","background-media":"","overlay-type":"","overlay-color":"","overlay-opacity":"","overlay-gradient":""}},"ast-content-background-meta":{"desktop":{"background-color":"var(--ast-global-color-4)","background-image":"","background-repeat":"repeat","background-position":"center center","background-size":"auto","background-attachment":"scroll","background-type":"","background-media":"","overlay-type":"","overlay-color":"","overlay-opacity":"","overlay-gradient":""},"tablet":{"background-color":"var(--ast-global-color-4)","background-image":"","background-repeat":"repeat","background-position":"center center","background-size":"auto","background-attachment":"scroll","background-type":"","background-media":"","overlay-type":"","overlay-color":"","overlay-opacity":"","overlay-gradient":""},"mobile":{"background-color":"var(--ast-global-color-4)","background-image":"","background-repeat":"repeat","background-position":"center center","background-size":"auto","background-attachment":"scroll","background-type":"","background-media":"","overlay-type":"","overlay-color":"","overlay-opacity":"","overlay-gradient":""}}},"product_brand":[],"product_cat":[15],"product_tag":[],"class_list":{"0":"post-22364","1":"product","2":"type-product","3":"status-publish","4":"has-post-thumbnail","6":"product_cat-ikke-kategoriseret","7":"pa_22197_1zia12pb-blaa","8":"pa_22197_1zia12pb-lilla","9":"pa_22197_1zia12pb-roed","10":"pa_22197_1zia12pb-soelv","11":"pa_22197_1zia12pb-sort","12":"desktop-align-left","13":"tablet-align-left","14":"mobile-align-left","16":"first","17":"instock","18":"shipping-taxable","19":"purchasable","20":"product-type-variable"},"yoast_head":"<!-- This site is optimized with the Yoast SEO plugin v26.6 - https:\/\/yoast.com\/wordpress\/plugins\/seo\/ -->\n<title>Mini pen fiskestang - Senbera DK<\/title>\n<meta name=\"robots\" content=\"index, follow, max-snippet:-1, max-image-preview:large, max-video-preview:-1\" \/>\n<link rel=\"canonical\" href=\"https:\/\/senbera.com\/dk\/vare\/mini-pen-fiskestang\/\" \/>\n<meta property=\"og:locale\" content=\"da_DK\" \/>\n<meta property=\"og:type\" content=\"article\" \/>\n<meta property=\"og:title\" content=\"Mini pen fiskestang - Senbera DK\" \/>\n<meta property=\"og:description\" content=\"\ud83c\udfa3 Vi pr\u00e6senterer mini pen-fiskestangen &#8211; din fiskemakker i lommeformat til sjov hvor som helst og n\u00e5r som helst! \ud83d\udc1f [&hellip;]\" \/>\n<meta property=\"og:url\" content=\"https:\/\/senbera.com\/dk\/vare\/mini-pen-fiskestang\/\" \/>\n<meta property=\"og:site_name\" content=\"Senbera DK\" \/>\n<meta property=\"article:modified_time\" content=\"2026-01-21T06:28:08+00:00\" \/>\n<meta property=\"og:image\" content=\"https:\/\/senbera.com\/dk\/wp-content\/uploads\/sites\/25\/2026\/01\/1emx141-1.webp\" \/>\n\t<meta property=\"og:image:width\" content=\"543\" \/>\n\t<meta property=\"og:image:height\" content=\"543\" \/>\n\t<meta property=\"og:image:type\" content=\"image\/webp\" \/>\n<meta name=\"twitter:card\" content=\"summary_large_image\" \/>\n<meta name=\"twitter:label1\" content=\"Estimeret l\u00e6setid\" \/>\n\t<meta name=\"twitter:data1\" content=\"1 minut\" \/>\n<script type=\"application\/ld+json\" class=\"yoast-schema-graph\">{\"@context\":\"https:\/\/schema.org\",\"@graph\":[{\"@type\":\"WebPage\",\"@id\":\"https:\/\/senbera.com\/dk\/vare\/mini-pen-fiskestang\/\",\"url\":\"https:\/\/senbera.com\/dk\/vare\/mini-pen-fiskestang\/\",\"name\":\"Mini pen fiskestang - Senbera DK\",\"isPartOf\":{\"@id\":\"https:\/\/senbera.com\/dk\/#website\"},\"primaryImageOfPage\":{\"@id\":\"https:\/\/senbera.com\/dk\/vare\/mini-pen-fiskestang\/#primaryimage\"},\"image\":{\"@id\":\"https:\/\/senbera.com\/dk\/vare\/mini-pen-fiskestang\/#primaryimage\"},\"thumbnailUrl\":\"https:\/\/senbera.com\/dk\/wp-content\/uploads\/sites\/25\/2026\/01\/1emx141-1.webp\",\"datePublished\":\"2026-01-21T06:27:48+00:00\",\"dateModified\":\"2026-01-21T06:28:08+00:00\",\"breadcrumb\":{\"@id\":\"https:\/\/senbera.com\/dk\/vare\/mini-pen-fiskestang\/#breadcrumb\"},\"inLanguage\":\"da-DK\",\"potentialAction\":[{\"@type\":\"ReadAction\",\"target\":[\"https:\/\/senbera.com\/dk\/vare\/mini-pen-fiskestang\/\"]}]},{\"@type\":\"ImageObject\",\"inLanguage\":\"da-DK\",\"@id\":\"https:\/\/senbera.com\/dk\/vare\/mini-pen-fiskestang\/#primaryimage\",\"url\":\"https:\/\/senbera.com\/dk\/wp-content\/uploads\/sites\/25\/2026\/01\/1emx141-1.webp\",\"contentUrl\":\"https:\/\/senbera.com\/dk\/wp-content\/uploads\/sites\/25\/2026\/01\/1emx141-1.webp\",\"width\":543,\"height\":543},{\"@type\":\"BreadcrumbList\",\"@id\":\"https:\/\/senbera.com\/dk\/vare\/mini-pen-fiskestang\/#breadcrumb\",\"itemListElement\":[{\"@type\":\"ListItem\",\"position\":1,\"name\":\"Home\",\"item\":\"https:\/\/senbera.com\/dk\/\"},{\"@type\":\"ListItem\",\"position\":2,\"name\":\"Butik\",\"item\":\"https:\/\/senbera.com\/dk\/butik\/\"},{\"@type\":\"ListItem\",\"position\":3,\"name\":\"Mini pen fiskestang\"}]},{\"@type\":\"WebSite\",\"@id\":\"https:\/\/senbera.com\/dk\/#website\",\"url\":\"https:\/\/senbera.com\/dk\/\",\"name\":\"Senbera DK\",\"description\":\"\",\"publisher\":{\"@id\":\"https:\/\/senbera.com\/dk\/#organization\"},\"potentialAction\":[{\"@type\":\"SearchAction\",\"target\":{\"@type\":\"EntryPoint\",\"urlTemplate\":\"https:\/\/senbera.com\/dk\/?s={search_term_string}\"},\"query-input\":{\"@type\":\"PropertyValueSpecification\",\"valueRequired\":true,\"valueName\":\"search_term_string\"}}],\"inLanguage\":\"da-DK\"},{\"@type\":\"Organization\",\"@id\":\"https:\/\/senbera.com\/dk\/#organization\",\"name\":\"Mekulo\",\"url\":\"https:\/\/senbera.com\/dk\/\",\"logo\":{\"@type\":\"ImageObject\",\"inLanguage\":\"da-DK\",\"@id\":\"https:\/\/senbera.com\/dk\/#\/schema\/logo\/image\/\",\"url\":\"https:\/\/senbera.com\/dk\/wp-content\/uploads\/sites\/25\/2025\/12\/favicon_mekulo.png\",\"contentUrl\":\"https:\/\/senbera.com\/dk\/wp-content\/uploads\/sites\/25\/2025\/12\/favicon_mekulo.png\",\"width\":50,\"height\":50,\"caption\":\"Mekulo\"},\"image\":{\"@id\":\"https:\/\/senbera.com\/dk\/#\/schema\/logo\/image\/\"}}]}<\/script>\n<!-- \/ Yoast SEO plugin. -->","yoast_head_json":{"title":"Mini pen fiskestang - Senbera DK","robots":{"index":"index","follow":"follow","max-snippet":"max-snippet:-1","max-image-preview":"max-image-preview:large","max-video-preview":"max-video-preview:-1"},"canonical":"https:\/\/senbera.com\/dk\/vare\/mini-pen-fiskestang\/","og_locale":"da_DK","og_type":"article","og_title":"Mini pen fiskestang - Senbera DK","og_description":"\ud83c\udfa3 Vi pr\u00e6senterer mini pen-fiskestangen &#8211; din fiskemakker i lommeformat til sjov hvor som helst og n\u00e5r som helst! \ud83d\udc1f [&hellip;]","og_url":"https:\/\/senbera.com\/dk\/vare\/mini-pen-fiskestang\/","og_site_name":"Senbera DK","article_modified_time":"2026-01-21T06:28:08+00:00","og_image":[{"width":543,"height":543,"url":"https:\/\/senbera.com\/dk\/wp-content\/uploads\/sites\/25\/2026\/01\/1emx141-1.webp","type":"image\/webp"}],"twitter_card":"summary_large_image","twitter_misc":{"Estimeret l\u00e6setid":"1 minut"},"schema":{"@context":"https:\/\/schema.org","@graph":[{"@type":"WebPage","@id":"https:\/\/senbera.com\/dk\/vare\/mini-pen-fiskestang\/","url":"https:\/\/senbera.com\/dk\/vare\/mini-pen-fiskestang\/","name":"Mini pen fiskestang - Senbera DK","isPartOf":{"@id":"https:\/\/senbera.com\/dk\/#website"},"primaryImageOfPage":{"@id":"https:\/\/senbera.com\/dk\/vare\/mini-pen-fiskestang\/#primaryimage"},"image":{"@id":"https:\/\/senbera.com\/dk\/vare\/mini-pen-fiskestang\/#primaryimage"},"thumbnailUrl":"https:\/\/senbera.com\/dk\/wp-content\/uploads\/sites\/25\/2026\/01\/1emx141-1.webp","datePublished":"2026-01-21T06:27:48+00:00","dateModified":"2026-01-21T06:28:08+00:00","breadcrumb":{"@id":"https:\/\/senbera.com\/dk\/vare\/mini-pen-fiskestang\/#breadcrumb"},"inLanguage":"da-DK","potentialAction":[{"@type":"ReadAction","target":["https:\/\/senbera.com\/dk\/vare\/mini-pen-fiskestang\/"]}]},{"@type":"ImageObject","inLanguage":"da-DK","@id":"https:\/\/senbera.com\/dk\/vare\/mini-pen-fiskestang\/#primaryimage","url":"https:\/\/senbera.com\/dk\/wp-content\/uploads\/sites\/25\/2026\/01\/1emx141-1.webp","contentUrl":"https:\/\/senbera.com\/dk\/wp-content\/uploads\/sites\/25\/2026\/01\/1emx141-1.webp","width":543,"height":543},{"@type":"BreadcrumbList","@id":"https:\/\/senbera.com\/dk\/vare\/mini-pen-fiskestang\/#breadcrumb","itemListElement":[{"@type":"ListItem","position":1,"name":"Home","item":"https:\/\/senbera.com\/dk\/"},{"@type":"ListItem","position":2,"name":"Butik","item":"https:\/\/senbera.com\/dk\/butik\/"},{"@type":"ListItem","position":3,"name":"Mini pen fiskestang"}]},{"@type":"WebSite","@id":"https:\/\/senbera.com\/dk\/#website","url":"https:\/\/senbera.com\/dk\/","name":"Senbera DK","description":"","publisher":{"@id":"https:\/\/senbera.com\/dk\/#organization"},"potentialAction":[{"@type":"SearchAction","target":{"@type":"EntryPoint","urlTemplate":"https:\/\/senbera.com\/dk\/?s={search_term_string}"},"query-input":{"@type":"PropertyValueSpecification","valueRequired":true,"valueName":"search_term_string"}}],"inLanguage":"da-DK"},{"@type":"Organization","@id":"https:\/\/senbera.com\/dk\/#organization","name":"Mekulo","url":"https:\/\/senbera.com\/dk\/","logo":{"@type":"ImageObject","inLanguage":"da-DK","@id":"https:\/\/senbera.com\/dk\/#\/schema\/logo\/image\/","url":"https:\/\/senbera.com\/dk\/wp-content\/uploads\/sites\/25\/2025\/12\/favicon_mekulo.png","contentUrl":"https:\/\/senbera.com\/dk\/wp-content\/uploads\/sites\/25\/2025\/12\/favicon_mekulo.png","width":50,"height":50,"caption":"Mekulo"},"image":{"@id":"https:\/\/senbera.com\/dk\/#\/schema\/logo\/image\/"}}]}},"_links":{"self":[{"href":"https:\/\/senbera.com\/dk\/wp-json\/wp\/v2\/product\/22364","targetHints":{"allow":["GET"]}}],"collection":[{"href":"https:\/\/senbera.com\/dk\/wp-json\/wp\/v2\/product"}],"about":[{"href":"https:\/\/senbera.com\/dk\/wp-json\/wp\/v2\/types\/product"}],"replies":[{"embeddable":true,"href":"https:\/\/senbera.com\/dk\/wp-json\/wp\/v2\/comments?post=22364"}],"wp:featuredmedia":[{"embeddable":true,"href":"https:\/\/senbera.com\/dk\/wp-json\/wp\/v2\/media\/22360"}],"wp:attachment":[{"href":"https:\/\/senbera.com\/dk\/wp-json\/wp\/v2\/media?parent=22364"}],"wp:term":[{"taxonomy":"product_brand","embeddable":true,"href":"https:\/\/senbera.com\/dk\/wp-json\/wp\/v2\/product_brand?post=22364"},{"taxonomy":"product_cat","embeddable":true,"href":"https:\/\/senbera.com\/dk\/wp-json\/wp\/v2\/product_cat?post=22364"},{"taxonomy":"product_tag","embeddable":true,"href":"https:\/\/senbera.com\/dk\/wp-json\/wp\/v2\/product_tag?post=22364"}],"curies":[{"name":"wp","href":"https:\/\/api.w.org\/{rel}","templated":true}]}}