{"id":22218,"date":"2026-01-21T08:18:38","date_gmt":"2026-01-21T06:18:38","guid":{"rendered":"https:\/\/senbera.com\/dk\/produkt\/tandudtraekker\/"},"modified":"2026-01-21T08:18:38","modified_gmt":"2026-01-21T06:18:38","slug":"tandudtraekker","status":"publish","type":"product","link":"https:\/\/senbera.com\/dk\/vare\/tandudtraekker\/","title":{"rendered":"Tandudtr\u00e6kker"},"content":{"rendered":"<p style=\"text-align: center\"><b>\ud83d\ude97 Vi pr\u00e6senterer buleudtr\u00e6kkeren &#8211; din nemme l\u00f8sning p\u00e5 buler uden skader eller store regninger!<\/b><\/p>\n<p style=\"text-align: center\"><span style=\"font-weight: 400\">Dette v\u00e6rkt\u00f8j hj\u00e6lper dig med at fjerne buler fra din bil, dit k\u00f8leskab eller enhver anden metaloverflade. Intet behov for maling, intet behov for professionelle &#8211; bare tr\u00e6k og glat!<\/span><\/p>\n<p><img decoding=\"async\" class=\"size-full wp-image-17080 aligncenter\" src=\"https:\/\/keluvo.com\/template\/wp-content\/uploads\/sites\/5\/2025\/05\/car-ezgif.com-video-to-webp-converter.webp\" alt=\"\" \/><\/p>\n<h2 style=\"text-align: center\">Hovedfordele<\/h2>\n<p><span style=\"font-weight: 400\">Fjerner buler uden at beskadige malingen<\/span><span style=\"font-weight: 400\"><br \/>\n<\/span><\/p>\n<p><span style=\"font-weight: 400\">Virker p\u00e5 biler, k\u00f8leskabe, vaskemaskiner og meget mere<\/span><span style=\"font-weight: 400\"><br \/>\n<\/span><\/p>\n<p><span style=\"font-weight: 400\">Let at bruge &#8211; ingen s\u00e6rlige f\u00e6rdigheder er n\u00f8dvendige<\/span><span style=\"font-weight: 400\"><br \/>\n<\/span><\/p>\n<p><span style=\"font-weight: 400\">Let og st\u00e6rkt &#8211; alle kan bruge det<\/span><\/p>\n<p><span style=\"font-weight: 400\">Sparer tid og penge p\u00e5 reparationer<\/span><\/p>\n<p><img decoding=\"async\" class=\"size-full wp-image-17076 aligncenter\" src=\"https:\/\/keluvo.com\/template\/wp-content\/uploads\/sites\/5\/2025\/05\/dd971d21-4c51-4df8-aa2f-d20e83313b69.webp\" alt=\"\" \/><\/p>\n<h2 style=\"text-align: center\">Hvordan dette produkt hj\u00e6lper dig<\/h2>\n<p style=\"text-align: center\"><span style=\"font-weight: 400\">Buleudtr\u00e6kkers\u00e6ttet giver dig mulighed for at reparere buler derhjemme.<\/span><\/p>\n<p style=\"text-align: center\"><span style=\"font-weight: 400\"> Det er fantastisk til:<\/span><\/p>\n<ul>\n<li style=\"font-weight: 400\"><span style=\"font-weight: 400\">Bilejere, der \u00f8nsker en enkel g\u00f8r-det-selv-l\u00f8sning<\/span><span style=\"font-weight: 400\"><br \/>\n<\/span><\/li>\n<li style=\"font-weight: 400\"><span style=\"font-weight: 400\">Alle, der reparerer buler p\u00e5 metalapparater<\/span><\/li>\n<li style=\"font-weight: 400\"><span style=\"font-weight: 400\">Sparer tid, kr\u00e6fter og penge.<\/span><\/li>\n<\/ul>\n<p><img decoding=\"async\" class=\"size-full wp-image-17081 aligncenter\" src=\"https:\/\/keluvo.com\/template\/wp-content\/uploads\/sites\/5\/2025\/05\/S3689cd3572984e4080648526c36bfe89T.jpg_960x960q75.jpg_.avif\" alt=\"\" \/><\/p>\n<h2 style=\"text-align: center\">S\u00e5dan bruges<\/h2>\n<ol>\n<li style=\"font-weight: 400\"><span style=\"font-weight: 400\">Reng\u00f8r det bulede omr\u00e5de med en v\u00e5d klud.<\/span><span style=\"font-weight: 400\"><br \/>\n<\/span><\/li>\n<li style=\"font-weight: 400\"><span style=\"font-weight: 400\">S\u00e6t en limstift i en limpistol, og varm den op i 5 minutter.<\/span><span style=\"font-weight: 400\"><br \/>\n<\/span><\/li>\n<li style=\"font-weight: 400\"><span style=\"font-weight: 400\">V\u00e6lg den rigtige st\u00f8rrelse limfane til bulen.<\/span><span style=\"font-weight: 400\"><br \/>\n<\/span><\/li>\n<li style=\"font-weight: 400\"><span style=\"font-weight: 400\">P\u00e5f\u00f8r varm lim p\u00e5 fanen, og s\u00e6t den fast p\u00e5 midten af bulen.<\/span><span style=\"font-weight: 400\"><br \/>\n<\/span><\/li>\n<li style=\"font-weight: 400\"><span style=\"font-weight: 400\">Vent p\u00e5, at det t\u00f8rrer, og brug derefter T-stangen til forsigtigt at tr\u00e6kke bulen op.<\/span><span style=\"font-weight: 400\"><br \/>\n<\/span><\/li>\n<li style=\"font-weight: 400\"><span style=\"font-weight: 400\">Brug en tap-down-pen eller hammer til sm\u00e5 afsluttende udbedringer.<\/span><\/li>\n<li style=\"font-weight: 400\"><span style=\"font-weight: 400\">Reng\u00f8r eventuelle limrester med en v\u00e5d klud.<\/span><\/li>\n<\/ol>\n<h2 style=\"text-align: center\">\ud83d\udce6 Pakken indeholder<\/h2>\n<ul>\n<li style=\"font-weight: 400\"><span style=\"font-weight: 400\">1x v\u00e6rkt\u00f8j til fjernelse af buler med T-stang (2-i-1-design)<\/span><span style=\"font-weight: 400\"><br \/>\n<\/span><\/li>\n<li style=\"font-weight: 400\"><span style=\"font-weight: 400\">18x tr\u00e6kflige (forskellige st\u00f8rrelser til forskellige buler).<\/span><\/li>\n<\/ul>\n<p>&nbsp;<\/p>\n","protected":false},"excerpt":{"rendered":"<p>\ud83d\ude97 Vi pr\u00e6senterer buleudtr\u00e6kkeren &#8211; din nemme l\u00f8sning p\u00e5 buler uden skader eller store regninger! Dette v\u00e6rkt\u00f8j hj\u00e6lper dig med [&hellip;]<\/p>\n","protected":false},"featured_media":22214,"comment_status":"open","ping_status":"closed","template":"","meta":{"site-sidebar-layout":"default","site-content-layout":"","ast-site-content-layout":"default","site-content-style":"default","site-sidebar-style":"default","ast-global-header-display":"","ast-banner-title-visibility":"","ast-main-header-display":"","ast-hfb-above-header-display":"","ast-hfb-below-header-display":"","ast-hfb-mobile-header-display":"","site-post-title":"","ast-breadcrumbs-content":"","ast-featured-img":"","footer-sml-layout":"","ast-disable-related-posts":"","theme-transparent-header-meta":"default","adv-header-id-meta":"","stick-header-meta":"","header-above-stick-meta":"","header-main-stick-meta":"","header-below-stick-meta":"","astra-migrate-meta-layouts":"set","ast-page-background-enabled":"default","ast-page-background-meta":{"desktop":{"background-color":"var(--ast-global-color-5)","background-image":"","background-repeat":"repeat","background-position":"center center","background-size":"auto","background-attachment":"scroll","background-type":"","background-media":"","overlay-type":"","overlay-color":"","overlay-opacity":"","overlay-gradient":""},"tablet":{"background-color":"","background-image":"","background-repeat":"repeat","background-position":"center center","background-size":"auto","background-attachment":"scroll","background-type":"","background-media":"","overlay-type":"","overlay-color":"","overlay-opacity":"","overlay-gradient":""},"mobile":{"background-color":"","background-image":"","background-repeat":"repeat","background-position":"center center","background-size":"auto","background-attachment":"scroll","background-type":"","background-media":"","overlay-type":"","overlay-color":"","overlay-opacity":"","overlay-gradient":""}},"ast-content-background-meta":{"desktop":{"background-color":"var(--ast-global-color-4)","background-image":"","background-repeat":"repeat","background-position":"center center","background-size":"auto","background-attachment":"scroll","background-type":"","background-media":"","overlay-type":"","overlay-color":"","overlay-opacity":"","overlay-gradient":""},"tablet":{"background-color":"var(--ast-global-color-4)","background-image":"","background-repeat":"repeat","background-position":"center center","background-size":"auto","background-attachment":"scroll","background-type":"","background-media":"","overlay-type":"","overlay-color":"","overlay-opacity":"","overlay-gradient":""},"mobile":{"background-color":"var(--ast-global-color-4)","background-image":"","background-repeat":"repeat","background-position":"center center","background-size":"auto","background-attachment":"scroll","background-type":"","background-media":"","overlay-type":"","overlay-color":"","overlay-opacity":"","overlay-gradient":""}}},"product_brand":[],"product_cat":[15],"product_tag":[],"class_list":{"0":"post-22218","1":"product","2":"type-product","3":"status-publish","4":"has-post-thumbnail","6":"product_cat-ikke-kategoriseret","7":"desktop-align-left","8":"tablet-align-left","9":"mobile-align-left","11":"first","12":"instock","13":"shipping-taxable","14":"purchasable","15":"product-type-simple"},"yoast_head":"<!-- This site is optimized with the Yoast SEO plugin v27.4 - https:\/\/yoast.com\/product\/yoast-seo-wordpress\/ -->\n<title>Tandudtr\u00e6kker - Senbera DK<\/title>\n<meta name=\"robots\" content=\"index, follow, max-snippet:-1, max-image-preview:large, max-video-preview:-1\" \/>\n<link rel=\"canonical\" href=\"https:\/\/senbera.com\/dk\/vare\/tandudtraekker\/\" \/>\n<meta property=\"og:locale\" content=\"da_DK\" \/>\n<meta property=\"og:type\" content=\"article\" \/>\n<meta property=\"og:title\" content=\"Tandudtr\u00e6kker - Senbera DK\" \/>\n<meta property=\"og:description\" content=\"\ud83d\ude97 Vi pr\u00e6senterer buleudtr\u00e6kkeren &#8211; din nemme l\u00f8sning p\u00e5 buler uden skader eller store regninger! Dette v\u00e6rkt\u00f8j hj\u00e6lper dig med [&hellip;]\" \/>\n<meta property=\"og:url\" content=\"https:\/\/senbera.com\/dk\/vare\/tandudtraekker\/\" \/>\n<meta property=\"og:site_name\" content=\"Senbera DK\" \/>\n<meta property=\"og:image\" content=\"https:\/\/senbera.com\/dk\/wp-content\/uploads\/sites\/25\/2026\/01\/70dxv62-1.webp\" \/>\n\t<meta property=\"og:image:width\" content=\"1000\" \/>\n\t<meta property=\"og:image:height\" content=\"589\" \/>\n\t<meta property=\"og:image:type\" content=\"image\/webp\" \/>\n<meta name=\"twitter:card\" content=\"summary_large_image\" \/>\n<meta name=\"twitter:label1\" content=\"Estimeret l\u00e6setid\" \/>\n\t<meta name=\"twitter:data1\" content=\"1 minut\" \/>\n<script type=\"application\/ld+json\" class=\"yoast-schema-graph\">{\"@context\":\"https:\\\/\\\/schema.org\",\"@graph\":[{\"@type\":\"WebPage\",\"@id\":\"https:\\\/\\\/senbera.com\\\/dk\\\/vare\\\/tandudtraekker\\\/\",\"url\":\"https:\\\/\\\/senbera.com\\\/dk\\\/vare\\\/tandudtraekker\\\/\",\"name\":\"Tandudtr\u00e6kker - Senbera DK\",\"isPartOf\":{\"@id\":\"https:\\\/\\\/senbera.com\\\/dk\\\/#website\"},\"primaryImageOfPage\":{\"@id\":\"https:\\\/\\\/senbera.com\\\/dk\\\/vare\\\/tandudtraekker\\\/#primaryimage\"},\"image\":{\"@id\":\"https:\\\/\\\/senbera.com\\\/dk\\\/vare\\\/tandudtraekker\\\/#primaryimage\"},\"thumbnailUrl\":\"https:\\\/\\\/senbera.com\\\/dk\\\/wp-content\\\/uploads\\\/sites\\\/25\\\/2026\\\/01\\\/70dxv62-1.webp\",\"datePublished\":\"2026-01-21T06:18:38+00:00\",\"breadcrumb\":{\"@id\":\"https:\\\/\\\/senbera.com\\\/dk\\\/vare\\\/tandudtraekker\\\/#breadcrumb\"},\"inLanguage\":\"da-DK\",\"potentialAction\":[{\"@type\":\"ReadAction\",\"target\":[\"https:\\\/\\\/senbera.com\\\/dk\\\/vare\\\/tandudtraekker\\\/\"]}]},{\"@type\":\"ImageObject\",\"inLanguage\":\"da-DK\",\"@id\":\"https:\\\/\\\/senbera.com\\\/dk\\\/vare\\\/tandudtraekker\\\/#primaryimage\",\"url\":\"https:\\\/\\\/senbera.com\\\/dk\\\/wp-content\\\/uploads\\\/sites\\\/25\\\/2026\\\/01\\\/70dxv62-1.webp\",\"contentUrl\":\"https:\\\/\\\/senbera.com\\\/dk\\\/wp-content\\\/uploads\\\/sites\\\/25\\\/2026\\\/01\\\/70dxv62-1.webp\",\"width\":1000,\"height\":589},{\"@type\":\"BreadcrumbList\",\"@id\":\"https:\\\/\\\/senbera.com\\\/dk\\\/vare\\\/tandudtraekker\\\/#breadcrumb\",\"itemListElement\":[{\"@type\":\"ListItem\",\"position\":1,\"name\":\"Home\",\"item\":\"https:\\\/\\\/senbera.com\\\/dk\\\/\"},{\"@type\":\"ListItem\",\"position\":2,\"name\":\"Butik\",\"item\":\"https:\\\/\\\/senbera.com\\\/dk\\\/butik\\\/\"},{\"@type\":\"ListItem\",\"position\":3,\"name\":\"Tandudtr\u00e6kker\"}]},{\"@type\":\"WebSite\",\"@id\":\"https:\\\/\\\/senbera.com\\\/dk\\\/#website\",\"url\":\"https:\\\/\\\/senbera.com\\\/dk\\\/\",\"name\":\"Senbera DK\",\"description\":\"\",\"publisher\":{\"@id\":\"https:\\\/\\\/senbera.com\\\/dk\\\/#organization\"},\"potentialAction\":[{\"@type\":\"SearchAction\",\"target\":{\"@type\":\"EntryPoint\",\"urlTemplate\":\"https:\\\/\\\/senbera.com\\\/dk\\\/?s={search_term_string}\"},\"query-input\":{\"@type\":\"PropertyValueSpecification\",\"valueRequired\":true,\"valueName\":\"search_term_string\"}}],\"inLanguage\":\"da-DK\"},{\"@type\":\"Organization\",\"@id\":\"https:\\\/\\\/senbera.com\\\/dk\\\/#organization\",\"name\":\"Mekulo\",\"url\":\"https:\\\/\\\/senbera.com\\\/dk\\\/\",\"logo\":{\"@type\":\"ImageObject\",\"inLanguage\":\"da-DK\",\"@id\":\"https:\\\/\\\/senbera.com\\\/dk\\\/#\\\/schema\\\/logo\\\/image\\\/\",\"url\":\"https:\\\/\\\/senbera.com\\\/dk\\\/wp-content\\\/uploads\\\/sites\\\/25\\\/2025\\\/12\\\/favicon_mekulo.png\",\"contentUrl\":\"https:\\\/\\\/senbera.com\\\/dk\\\/wp-content\\\/uploads\\\/sites\\\/25\\\/2025\\\/12\\\/favicon_mekulo.png\",\"width\":50,\"height\":50,\"caption\":\"Mekulo\"},\"image\":{\"@id\":\"https:\\\/\\\/senbera.com\\\/dk\\\/#\\\/schema\\\/logo\\\/image\\\/\"}}]}<\/script>\n<!-- \/ Yoast SEO plugin. -->","yoast_head_json":{"title":"Tandudtr\u00e6kker - Senbera DK","robots":{"index":"index","follow":"follow","max-snippet":"max-snippet:-1","max-image-preview":"max-image-preview:large","max-video-preview":"max-video-preview:-1"},"canonical":"https:\/\/senbera.com\/dk\/vare\/tandudtraekker\/","og_locale":"da_DK","og_type":"article","og_title":"Tandudtr\u00e6kker - Senbera DK","og_description":"\ud83d\ude97 Vi pr\u00e6senterer buleudtr\u00e6kkeren &#8211; din nemme l\u00f8sning p\u00e5 buler uden skader eller store regninger! Dette v\u00e6rkt\u00f8j hj\u00e6lper dig med [&hellip;]","og_url":"https:\/\/senbera.com\/dk\/vare\/tandudtraekker\/","og_site_name":"Senbera DK","og_image":[{"width":1000,"height":589,"url":"https:\/\/senbera.com\/dk\/wp-content\/uploads\/sites\/25\/2026\/01\/70dxv62-1.webp","type":"image\/webp"}],"twitter_card":"summary_large_image","twitter_misc":{"Estimeret l\u00e6setid":"1 minut"},"schema":{"@context":"https:\/\/schema.org","@graph":[{"@type":"WebPage","@id":"https:\/\/senbera.com\/dk\/vare\/tandudtraekker\/","url":"https:\/\/senbera.com\/dk\/vare\/tandudtraekker\/","name":"Tandudtr\u00e6kker - Senbera DK","isPartOf":{"@id":"https:\/\/senbera.com\/dk\/#website"},"primaryImageOfPage":{"@id":"https:\/\/senbera.com\/dk\/vare\/tandudtraekker\/#primaryimage"},"image":{"@id":"https:\/\/senbera.com\/dk\/vare\/tandudtraekker\/#primaryimage"},"thumbnailUrl":"https:\/\/senbera.com\/dk\/wp-content\/uploads\/sites\/25\/2026\/01\/70dxv62-1.webp","datePublished":"2026-01-21T06:18:38+00:00","breadcrumb":{"@id":"https:\/\/senbera.com\/dk\/vare\/tandudtraekker\/#breadcrumb"},"inLanguage":"da-DK","potentialAction":[{"@type":"ReadAction","target":["https:\/\/senbera.com\/dk\/vare\/tandudtraekker\/"]}]},{"@type":"ImageObject","inLanguage":"da-DK","@id":"https:\/\/senbera.com\/dk\/vare\/tandudtraekker\/#primaryimage","url":"https:\/\/senbera.com\/dk\/wp-content\/uploads\/sites\/25\/2026\/01\/70dxv62-1.webp","contentUrl":"https:\/\/senbera.com\/dk\/wp-content\/uploads\/sites\/25\/2026\/01\/70dxv62-1.webp","width":1000,"height":589},{"@type":"BreadcrumbList","@id":"https:\/\/senbera.com\/dk\/vare\/tandudtraekker\/#breadcrumb","itemListElement":[{"@type":"ListItem","position":1,"name":"Home","item":"https:\/\/senbera.com\/dk\/"},{"@type":"ListItem","position":2,"name":"Butik","item":"https:\/\/senbera.com\/dk\/butik\/"},{"@type":"ListItem","position":3,"name":"Tandudtr\u00e6kker"}]},{"@type":"WebSite","@id":"https:\/\/senbera.com\/dk\/#website","url":"https:\/\/senbera.com\/dk\/","name":"Senbera DK","description":"","publisher":{"@id":"https:\/\/senbera.com\/dk\/#organization"},"potentialAction":[{"@type":"SearchAction","target":{"@type":"EntryPoint","urlTemplate":"https:\/\/senbera.com\/dk\/?s={search_term_string}"},"query-input":{"@type":"PropertyValueSpecification","valueRequired":true,"valueName":"search_term_string"}}],"inLanguage":"da-DK"},{"@type":"Organization","@id":"https:\/\/senbera.com\/dk\/#organization","name":"Mekulo","url":"https:\/\/senbera.com\/dk\/","logo":{"@type":"ImageObject","inLanguage":"da-DK","@id":"https:\/\/senbera.com\/dk\/#\/schema\/logo\/image\/","url":"https:\/\/senbera.com\/dk\/wp-content\/uploads\/sites\/25\/2025\/12\/favicon_mekulo.png","contentUrl":"https:\/\/senbera.com\/dk\/wp-content\/uploads\/sites\/25\/2025\/12\/favicon_mekulo.png","width":50,"height":50,"caption":"Mekulo"},"image":{"@id":"https:\/\/senbera.com\/dk\/#\/schema\/logo\/image\/"}}]}},"_links":{"self":[{"href":"https:\/\/senbera.com\/dk\/wp-json\/wp\/v2\/product\/22218","targetHints":{"allow":["GET"]}}],"collection":[{"href":"https:\/\/senbera.com\/dk\/wp-json\/wp\/v2\/product"}],"about":[{"href":"https:\/\/senbera.com\/dk\/wp-json\/wp\/v2\/types\/product"}],"replies":[{"embeddable":true,"href":"https:\/\/senbera.com\/dk\/wp-json\/wp\/v2\/comments?post=22218"}],"wp:featuredmedia":[{"embeddable":true,"href":"https:\/\/senbera.com\/dk\/wp-json\/wp\/v2\/media\/22214"}],"wp:attachment":[{"href":"https:\/\/senbera.com\/dk\/wp-json\/wp\/v2\/media?parent=22218"}],"wp:term":[{"taxonomy":"product_brand","embeddable":true,"href":"https:\/\/senbera.com\/dk\/wp-json\/wp\/v2\/product_brand?post=22218"},{"taxonomy":"product_cat","embeddable":true,"href":"https:\/\/senbera.com\/dk\/wp-json\/wp\/v2\/product_cat?post=22218"},{"taxonomy":"product_tag","embeddable":true,"href":"https:\/\/senbera.com\/dk\/wp-json\/wp\/v2\/product_tag?post=22218"}],"curies":[{"name":"wp","href":"https:\/\/api.w.org\/{rel}","templated":true}]}}