{"id":22190,"date":"2026-01-21T08:16:53","date_gmt":"2026-01-21T06:16:53","guid":{"rendered":"https:\/\/senbera.com\/dk\/produkt\/makeup-aeske\/"},"modified":"2026-01-21T08:17:01","modified_gmt":"2026-01-21T06:17:01","slug":"makeup-aeske","status":"publish","type":"product","link":"https:\/\/senbera.com\/dk\/vare\/makeup-aeske\/","title":{"rendered":"Makeup-\u00e6ske"},"content":{"rendered":"<p style=\"text-align: center\"><b>The makeup box &#8211; din kompakte sk\u00f8nhedskasse med lys og stil.<\/b><\/p>\n<p style=\"text-align: center\"><span style=\"font-weight: 400\">Denne rejsemakeupkasse har et s\u00f8dt design, perfekte opbevaringsrum og et indbygget LED-spejl, der giver perfekt belysning, hver gang du glamourerer dig!<\/span><\/p>\n<p><img decoding=\"async\" class=\"size-full wp-image-17145 aligncenter\" src=\"https:\/\/keluvo.com\/template\/wp-content\/uploads\/sites\/5\/2025\/04\/2-17.jpg\" alt=\"\" \/><\/p>\n<h2 style=\"text-align: center\">Vigtigste Fordele<\/h2>\n<p><span style=\"font-weight: 400\">Indbygget LED-spejl &#8211; v\u00e6lg mellem varmt, naturligt eller k\u00f8ligt lys<\/span><\/p>\n<p><span style=\"font-weight: 400\">Kompakt og organiseret &#8211; holder orden p\u00e5 din makeup og dine smykker<\/span><\/p>\n<p><span style=\"font-weight: 400\">Stilfuld og st\u00e6rk &#8211; lavet af bl\u00f8dt, holdbart l\u00e6der<\/span><\/p>\n<p><span style=\"font-weight: 400\">Perfekt gave &#8211; leveres i en smuk \u00e6ske, s\u00e5 den er nem at give v\u00e6k<\/span><\/p>\n<p><img decoding=\"async\" class=\"size-full wp-image-16236 aligncenter\" src=\"https:\/\/keluvo.com\/template\/wp-content\/uploads\/sites\/5\/2025\/04\/318bddd5-9c5f-457a-9d2c-27ea746edb27.webp\" alt=\"\" \/><\/p>\n<h2 style=\"text-align: center\">S\u00e5dan Hj\u00e6lper Dette Produkt Dig<\/h2>\n<p style=\"text-align: center\"><b><\/b><span style=\"font-weight: 400\"> The makeup box g\u00f8r sk\u00f8nhedsrutinerne nemmere og mere specielle.<\/span><\/p>\n<p style=\"text-align: center\"><span style=\"font-weight: 400\"> Den er perfekt til:<\/span><\/p>\n<ul>\n<li style=\"font-weight: 400\"><span style=\"font-weight: 400\">L\u00e6gge makeup p\u00e5 farten<\/span><\/li>\n<li style=\"font-weight: 400\"><span style=\"font-weight: 400\">Opbevare dine sk\u00f8nheds- og smykkeartikler p\u00e5 \u00e9t sted<\/span><\/li>\n<li style=\"font-weight: 400\"><span style=\"font-weight: 400\">Give en gave til en, du holder af (eller dig selv!)<\/span><\/li>\n<\/ul>\n<h2 style=\"text-align: center\">S\u00e5dan Bruges<\/h2>\n<ol>\n<li style=\"font-weight: 400\"><span style=\"font-weight: 400\">\u00c5bn boksen for at f\u00e5 adgang til LED-spejlet og opbevaringssektionerne.<\/span><\/li>\n<li style=\"font-weight: 400\"><span style=\"font-weight: 400\">Tryk for at justere lyset, s\u00e5 du f\u00e5r en fejlfri makeup hver gang.<\/span><\/li>\n<li style=\"font-weight: 400\"><span style=\"font-weight: 400\">Opbevar nemt dine b\u00f8rster, l\u00e6bestifter, ringe og \u00f8reringe.<\/span><\/li>\n<li style=\"font-weight: 400\"><span style=\"font-weight: 400\">Luk og b\u00e6r &#8211; smukt, organiseret og rejseklar!<\/span><\/li>\n<\/ol>\n<h2 style=\"text-align: center\">Pakken Indeholder<\/h2>\n<ul>\n<li style=\"font-weight: 400\"><span style=\"font-weight: 400\">1x makeupboks<\/span><\/li>\n<li style=\"font-weight: 400\"><span style=\"font-weight: 400\">1x indbygget LED-makeupspejl med 3 lystilstande<\/span><\/li>\n<li style=\"font-weight: 400\"><span style=\"font-weight: 400\">Leveres i en gave\u00e6ske (perfekt til gaver).<\/span><\/li>\n<\/ul>\n","protected":false},"excerpt":{"rendered":"<p>The makeup box &#8211; din kompakte sk\u00f8nhedskasse med lys og stil. Denne rejsemakeupkasse har et s\u00f8dt design, perfekte opbevaringsrum og [&hellip;]<\/p>\n","protected":false},"featured_media":22187,"comment_status":"open","ping_status":"closed","template":"","meta":{"site-sidebar-layout":"default","site-content-layout":"","ast-site-content-layout":"default","site-content-style":"default","site-sidebar-style":"default","ast-global-header-display":"","ast-banner-title-visibility":"","ast-main-header-display":"","ast-hfb-above-header-display":"","ast-hfb-below-header-display":"","ast-hfb-mobile-header-display":"","site-post-title":"","ast-breadcrumbs-content":"","ast-featured-img":"","footer-sml-layout":"","theme-transparent-header-meta":"default","adv-header-id-meta":"","stick-header-meta":"","header-above-stick-meta":"","header-main-stick-meta":"","header-below-stick-meta":"","astra-migrate-meta-layouts":"set","ast-page-background-enabled":"default","ast-page-background-meta":{"desktop":{"background-color":"var(--ast-global-color-5)","background-image":"","background-repeat":"repeat","background-position":"center center","background-size":"auto","background-attachment":"scroll","background-type":"","background-media":"","overlay-type":"","overlay-color":"","overlay-opacity":"","overlay-gradient":""},"tablet":{"background-color":"","background-image":"","background-repeat":"repeat","background-position":"center center","background-size":"auto","background-attachment":"scroll","background-type":"","background-media":"","overlay-type":"","overlay-color":"","overlay-opacity":"","overlay-gradient":""},"mobile":{"background-color":"","background-image":"","background-repeat":"repeat","background-position":"center center","background-size":"auto","background-attachment":"scroll","background-type":"","background-media":"","overlay-type":"","overlay-color":"","overlay-opacity":"","overlay-gradient":""}},"ast-content-background-meta":{"desktop":{"background-color":"var(--ast-global-color-4)","background-image":"","background-repeat":"repeat","background-position":"center center","background-size":"auto","background-attachment":"scroll","background-type":"","background-media":"","overlay-type":"","overlay-color":"","overlay-opacity":"","overlay-gradient":""},"tablet":{"background-color":"var(--ast-global-color-4)","background-image":"","background-repeat":"repeat","background-position":"center center","background-size":"auto","background-attachment":"scroll","background-type":"","background-media":"","overlay-type":"","overlay-color":"","overlay-opacity":"","overlay-gradient":""},"mobile":{"background-color":"var(--ast-global-color-4)","background-image":"","background-repeat":"repeat","background-position":"center center","background-size":"auto","background-attachment":"scroll","background-type":"","background-media":"","overlay-type":"","overlay-color":"","overlay-opacity":"","overlay-gradient":""}}},"product_brand":[],"product_cat":[15],"product_tag":[],"class_list":{"0":"post-22190","1":"product","2":"type-product","3":"status-publish","4":"has-post-thumbnail","6":"product_cat-ikke-kategoriseret","7":"pa_35990_m801lq1f-groen","8":"pa_35990_m801lq1f-hvid","9":"pa_35990_m801lq1f-lyseroed","10":"desktop-align-left","11":"tablet-align-left","12":"mobile-align-left","14":"first","15":"instock","16":"shipping-taxable","17":"purchasable","18":"product-type-variable"},"yoast_head":"<!-- This site is optimized with the Yoast SEO plugin v26.6 - https:\/\/yoast.com\/wordpress\/plugins\/seo\/ -->\n<title>Makeup-\u00e6ske - Senbera DK<\/title>\n<meta name=\"robots\" content=\"index, follow, max-snippet:-1, max-image-preview:large, max-video-preview:-1\" \/>\n<link rel=\"canonical\" href=\"https:\/\/senbera.com\/dk\/vare\/makeup-aeske\/\" \/>\n<meta property=\"og:locale\" content=\"da_DK\" \/>\n<meta property=\"og:type\" content=\"article\" \/>\n<meta property=\"og:title\" content=\"Makeup-\u00e6ske - Senbera DK\" \/>\n<meta property=\"og:description\" content=\"The makeup box &#8211; din kompakte sk\u00f8nhedskasse med lys og stil. Denne rejsemakeupkasse har et s\u00f8dt design, perfekte opbevaringsrum og [&hellip;]\" \/>\n<meta property=\"og:url\" content=\"https:\/\/senbera.com\/dk\/vare\/makeup-aeske\/\" \/>\n<meta property=\"og:site_name\" content=\"Senbera DK\" \/>\n<meta property=\"article:modified_time\" content=\"2026-01-21T06:17:01+00:00\" \/>\n<meta property=\"og:image\" content=\"https:\/\/senbera.com\/dk\/wp-content\/uploads\/sites\/25\/2026\/01\/4eh6udx-1.webp\" \/>\n\t<meta property=\"og:image:width\" content=\"1000\" \/>\n\t<meta property=\"og:image:height\" content=\"1000\" \/>\n\t<meta property=\"og:image:type\" content=\"image\/webp\" \/>\n<meta name=\"twitter:card\" content=\"summary_large_image\" \/>\n<meta name=\"twitter:label1\" content=\"Estimeret l\u00e6setid\" \/>\n\t<meta name=\"twitter:data1\" content=\"1 minut\" \/>\n<script type=\"application\/ld+json\" class=\"yoast-schema-graph\">{\"@context\":\"https:\/\/schema.org\",\"@graph\":[{\"@type\":\"WebPage\",\"@id\":\"https:\/\/senbera.com\/dk\/vare\/makeup-aeske\/\",\"url\":\"https:\/\/senbera.com\/dk\/vare\/makeup-aeske\/\",\"name\":\"Makeup-\u00e6ske - Senbera DK\",\"isPartOf\":{\"@id\":\"https:\/\/senbera.com\/dk\/#website\"},\"primaryImageOfPage\":{\"@id\":\"https:\/\/senbera.com\/dk\/vare\/makeup-aeske\/#primaryimage\"},\"image\":{\"@id\":\"https:\/\/senbera.com\/dk\/vare\/makeup-aeske\/#primaryimage\"},\"thumbnailUrl\":\"https:\/\/senbera.com\/dk\/wp-content\/uploads\/sites\/25\/2026\/01\/4eh6udx-1.webp\",\"datePublished\":\"2026-01-21T06:16:53+00:00\",\"dateModified\":\"2026-01-21T06:17:01+00:00\",\"breadcrumb\":{\"@id\":\"https:\/\/senbera.com\/dk\/vare\/makeup-aeske\/#breadcrumb\"},\"inLanguage\":\"da-DK\",\"potentialAction\":[{\"@type\":\"ReadAction\",\"target\":[\"https:\/\/senbera.com\/dk\/vare\/makeup-aeske\/\"]}]},{\"@type\":\"ImageObject\",\"inLanguage\":\"da-DK\",\"@id\":\"https:\/\/senbera.com\/dk\/vare\/makeup-aeske\/#primaryimage\",\"url\":\"https:\/\/senbera.com\/dk\/wp-content\/uploads\/sites\/25\/2026\/01\/4eh6udx-1.webp\",\"contentUrl\":\"https:\/\/senbera.com\/dk\/wp-content\/uploads\/sites\/25\/2026\/01\/4eh6udx-1.webp\",\"width\":1000,\"height\":1000},{\"@type\":\"BreadcrumbList\",\"@id\":\"https:\/\/senbera.com\/dk\/vare\/makeup-aeske\/#breadcrumb\",\"itemListElement\":[{\"@type\":\"ListItem\",\"position\":1,\"name\":\"Home\",\"item\":\"https:\/\/senbera.com\/dk\/\"},{\"@type\":\"ListItem\",\"position\":2,\"name\":\"Butik\",\"item\":\"https:\/\/senbera.com\/dk\/butik\/\"},{\"@type\":\"ListItem\",\"position\":3,\"name\":\"Makeup-\u00e6ske\"}]},{\"@type\":\"WebSite\",\"@id\":\"https:\/\/senbera.com\/dk\/#website\",\"url\":\"https:\/\/senbera.com\/dk\/\",\"name\":\"Senbera DK\",\"description\":\"\",\"publisher\":{\"@id\":\"https:\/\/senbera.com\/dk\/#organization\"},\"potentialAction\":[{\"@type\":\"SearchAction\",\"target\":{\"@type\":\"EntryPoint\",\"urlTemplate\":\"https:\/\/senbera.com\/dk\/?s={search_term_string}\"},\"query-input\":{\"@type\":\"PropertyValueSpecification\",\"valueRequired\":true,\"valueName\":\"search_term_string\"}}],\"inLanguage\":\"da-DK\"},{\"@type\":\"Organization\",\"@id\":\"https:\/\/senbera.com\/dk\/#organization\",\"name\":\"Mekulo\",\"url\":\"https:\/\/senbera.com\/dk\/\",\"logo\":{\"@type\":\"ImageObject\",\"inLanguage\":\"da-DK\",\"@id\":\"https:\/\/senbera.com\/dk\/#\/schema\/logo\/image\/\",\"url\":\"https:\/\/senbera.com\/dk\/wp-content\/uploads\/sites\/25\/2025\/12\/favicon_mekulo.png\",\"contentUrl\":\"https:\/\/senbera.com\/dk\/wp-content\/uploads\/sites\/25\/2025\/12\/favicon_mekulo.png\",\"width\":50,\"height\":50,\"caption\":\"Mekulo\"},\"image\":{\"@id\":\"https:\/\/senbera.com\/dk\/#\/schema\/logo\/image\/\"}}]}<\/script>\n<!-- \/ Yoast SEO plugin. -->","yoast_head_json":{"title":"Makeup-\u00e6ske - Senbera DK","robots":{"index":"index","follow":"follow","max-snippet":"max-snippet:-1","max-image-preview":"max-image-preview:large","max-video-preview":"max-video-preview:-1"},"canonical":"https:\/\/senbera.com\/dk\/vare\/makeup-aeske\/","og_locale":"da_DK","og_type":"article","og_title":"Makeup-\u00e6ske - Senbera DK","og_description":"The makeup box &#8211; din kompakte sk\u00f8nhedskasse med lys og stil. Denne rejsemakeupkasse har et s\u00f8dt design, perfekte opbevaringsrum og [&hellip;]","og_url":"https:\/\/senbera.com\/dk\/vare\/makeup-aeske\/","og_site_name":"Senbera DK","article_modified_time":"2026-01-21T06:17:01+00:00","og_image":[{"width":1000,"height":1000,"url":"https:\/\/senbera.com\/dk\/wp-content\/uploads\/sites\/25\/2026\/01\/4eh6udx-1.webp","type":"image\/webp"}],"twitter_card":"summary_large_image","twitter_misc":{"Estimeret l\u00e6setid":"1 minut"},"schema":{"@context":"https:\/\/schema.org","@graph":[{"@type":"WebPage","@id":"https:\/\/senbera.com\/dk\/vare\/makeup-aeske\/","url":"https:\/\/senbera.com\/dk\/vare\/makeup-aeske\/","name":"Makeup-\u00e6ske - Senbera DK","isPartOf":{"@id":"https:\/\/senbera.com\/dk\/#website"},"primaryImageOfPage":{"@id":"https:\/\/senbera.com\/dk\/vare\/makeup-aeske\/#primaryimage"},"image":{"@id":"https:\/\/senbera.com\/dk\/vare\/makeup-aeske\/#primaryimage"},"thumbnailUrl":"https:\/\/senbera.com\/dk\/wp-content\/uploads\/sites\/25\/2026\/01\/4eh6udx-1.webp","datePublished":"2026-01-21T06:16:53+00:00","dateModified":"2026-01-21T06:17:01+00:00","breadcrumb":{"@id":"https:\/\/senbera.com\/dk\/vare\/makeup-aeske\/#breadcrumb"},"inLanguage":"da-DK","potentialAction":[{"@type":"ReadAction","target":["https:\/\/senbera.com\/dk\/vare\/makeup-aeske\/"]}]},{"@type":"ImageObject","inLanguage":"da-DK","@id":"https:\/\/senbera.com\/dk\/vare\/makeup-aeske\/#primaryimage","url":"https:\/\/senbera.com\/dk\/wp-content\/uploads\/sites\/25\/2026\/01\/4eh6udx-1.webp","contentUrl":"https:\/\/senbera.com\/dk\/wp-content\/uploads\/sites\/25\/2026\/01\/4eh6udx-1.webp","width":1000,"height":1000},{"@type":"BreadcrumbList","@id":"https:\/\/senbera.com\/dk\/vare\/makeup-aeske\/#breadcrumb","itemListElement":[{"@type":"ListItem","position":1,"name":"Home","item":"https:\/\/senbera.com\/dk\/"},{"@type":"ListItem","position":2,"name":"Butik","item":"https:\/\/senbera.com\/dk\/butik\/"},{"@type":"ListItem","position":3,"name":"Makeup-\u00e6ske"}]},{"@type":"WebSite","@id":"https:\/\/senbera.com\/dk\/#website","url":"https:\/\/senbera.com\/dk\/","name":"Senbera DK","description":"","publisher":{"@id":"https:\/\/senbera.com\/dk\/#organization"},"potentialAction":[{"@type":"SearchAction","target":{"@type":"EntryPoint","urlTemplate":"https:\/\/senbera.com\/dk\/?s={search_term_string}"},"query-input":{"@type":"PropertyValueSpecification","valueRequired":true,"valueName":"search_term_string"}}],"inLanguage":"da-DK"},{"@type":"Organization","@id":"https:\/\/senbera.com\/dk\/#organization","name":"Mekulo","url":"https:\/\/senbera.com\/dk\/","logo":{"@type":"ImageObject","inLanguage":"da-DK","@id":"https:\/\/senbera.com\/dk\/#\/schema\/logo\/image\/","url":"https:\/\/senbera.com\/dk\/wp-content\/uploads\/sites\/25\/2025\/12\/favicon_mekulo.png","contentUrl":"https:\/\/senbera.com\/dk\/wp-content\/uploads\/sites\/25\/2025\/12\/favicon_mekulo.png","width":50,"height":50,"caption":"Mekulo"},"image":{"@id":"https:\/\/senbera.com\/dk\/#\/schema\/logo\/image\/"}}]}},"_links":{"self":[{"href":"https:\/\/senbera.com\/dk\/wp-json\/wp\/v2\/product\/22190","targetHints":{"allow":["GET"]}}],"collection":[{"href":"https:\/\/senbera.com\/dk\/wp-json\/wp\/v2\/product"}],"about":[{"href":"https:\/\/senbera.com\/dk\/wp-json\/wp\/v2\/types\/product"}],"replies":[{"embeddable":true,"href":"https:\/\/senbera.com\/dk\/wp-json\/wp\/v2\/comments?post=22190"}],"wp:featuredmedia":[{"embeddable":true,"href":"https:\/\/senbera.com\/dk\/wp-json\/wp\/v2\/media\/22187"}],"wp:attachment":[{"href":"https:\/\/senbera.com\/dk\/wp-json\/wp\/v2\/media?parent=22190"}],"wp:term":[{"taxonomy":"product_brand","embeddable":true,"href":"https:\/\/senbera.com\/dk\/wp-json\/wp\/v2\/product_brand?post=22190"},{"taxonomy":"product_cat","embeddable":true,"href":"https:\/\/senbera.com\/dk\/wp-json\/wp\/v2\/product_cat?post=22190"},{"taxonomy":"product_tag","embeddable":true,"href":"https:\/\/senbera.com\/dk\/wp-json\/wp\/v2\/product_tag?post=22190"}],"curies":[{"name":"wp","href":"https:\/\/api.w.org\/{rel}","templated":true}]}}