{"id":21852,"date":"2026-01-21T07:53:54","date_gmt":"2026-01-21T05:53:54","guid":{"rendered":"https:\/\/senbera.com\/dk\/produkt\/legetoej-til-badet\/"},"modified":"2026-01-21T07:54:14","modified_gmt":"2026-01-21T05:54:14","slug":"legetoej-til-badet","status":"publish","type":"product","link":"https:\/\/senbera.com\/dk\/vare\/legetoej-til-badet\/","title":{"rendered":"Leget\u00f8j til badet"},"content":{"rendered":"<p style=\"text-align: center\"><strong>Vi pr\u00e6senterer det sjove badeleget\u00f8j &#8211; g\u00f8r hver badetid til en plaskfest! \ud83d\udec1<\/strong><\/p>\n<p style=\"text-align: center\"><span style=\"font-weight: 400\">Spr\u00f8jt, plask og smil ved hvert bad.<\/span><\/p>\n<p><img decoding=\"async\" class=\"alignnone size-full wp-image-16270 aligncenter\" src=\"https:\/\/keluvo.com\/template\/wp-content\/uploads\/sites\/5\/2025\/04\/Bathtoy-ezgif.com-video-to-webp-converter-1.webp\" alt=\"\" \/><\/p>\n<h2 style=\"text-align: center\">Hovedfordele<\/h2>\n<p><span style=\"font-weight: 400\">\u2705 <strong>Sjovt Og Legende<\/strong> &#8211; s\u00f8de \u00e6llinger, pingviner og dinosaurer spr\u00f8jter vand og popper ind og ud af deres \u00e6g<\/span><\/p>\n<p><span style=\"font-weight: 400\">\u2705 <strong>Sikkert Og Holdbart<\/strong> &#8211; lavet af h\u00e5rd, milj\u00f8venlig abs-plast, perfekt til hverdagens badesjov<\/span><\/p>\n<p><span style=\"font-weight: 400\">\u2705 <strong>Til Drenge Og Piger<\/strong> &#8211; lyst, sjovt design, som alle b\u00f8rn vil elske<\/span><\/p>\n<p><span style=\"font-weight: 400\">\u2705 <strong>Hj\u00e6lper Motoriske F\u00e6rdigheder<\/strong> &#8211; fantastisk til b\u00f8rn i alderen 12 m\u00e5neder til 6 \u00e5r til at opbygge h\u00e5nd-\u00f8je-koordination, mens de har det sjovt<\/span><\/p>\n<p><span style=\"font-weight: 400\">\u2705 <strong>Let At Bruge<\/strong> &#8211; dunk \u00e6gget i vand og se magien ske, ingen kompliceret ops\u00e6tning!<\/span><\/p>\n<p><img decoding=\"async\" class=\"alignnone size-full wp-image-16271 aligncenter\" src=\"https:\/\/keluvo.com\/template\/wp-content\/uploads\/sites\/5\/2025\/04\/Hedb30ae0d8a2424faf6aa8f2d9256b33J.jpg_960x960q75.jpg_.jpeg\" alt=\"\" \/><\/p>\n<h2 style=\"text-align: center\">Hovedtilbud<\/h2>\n<p style=\"text-align: center\"><span style=\"font-weight: 400\">Det sjove badeleget\u00f8j er den perfekte buddy til badetid! Bare dyp \u00e6gget i vand &#8211; og overrask! Den s\u00f8de \u00e6lling, pingvin eller dinosaur springer ud og spr\u00f8jter vand. Det er ikke bare sjovt, det er ogs\u00e5 en god m\u00e5de at hj\u00e6lpe dit barn med at nyde badet, forbedre motorikken og grine, mens det bliver rent. Sikkert, farverigt og sp\u00e6ndende for babyer, sm\u00e5b\u00f8rn og mindre b\u00f8rn!<\/span><\/p>\n<h2 style=\"text-align: center\">S\u00e5dan Bruges<\/h2>\n<ul>\n<li><span style=\"font-weight: 400\">Fyld badekarret eller poolen med vand.<\/span><\/li>\n<li><span style=\"font-weight: 400\">S\u00e6nk hele \u00e6gget ned i vandet.<\/span><\/li>\n<li><span style=\"font-weight: 400\">Se det s\u00f8de dyr springe ud og spr\u00f8jte vand!<\/span><\/li>\n<li><span style=\"font-weight: 400\">L\u00f8ft \u00e6gget &#8211; vandet l\u00f8ber ud, og dyret gemmer sig tilbage i skallen.<\/span><\/li>\n<li><span style=\"font-weight: 400\">Tryk p\u00e5 hovedet under vandet for at f\u00e5 det til at spr\u00f8jte endnu mere!<\/span><\/li>\n<\/ul>\n<h2 style=\"text-align: center\">Pakken Indeholder<\/h2>\n<ul>\n<li style=\"font-weight: 400\"><span style=\"font-weight: 400\">1x badeleget\u00f8j.<\/span><\/li>\n<\/ul>\n","protected":false},"excerpt":{"rendered":"<p>Vi pr\u00e6senterer det sjove badeleget\u00f8j &#8211; g\u00f8r hver badetid til en plaskfest! \ud83d\udec1 Spr\u00f8jt, plask og smil ved hvert bad. [&hellip;]<\/p>\n","protected":false},"featured_media":21848,"comment_status":"open","ping_status":"closed","template":"","meta":{"site-sidebar-layout":"default","site-content-layout":"","ast-site-content-layout":"default","site-content-style":"default","site-sidebar-style":"default","ast-global-header-display":"","ast-banner-title-visibility":"","ast-main-header-display":"","ast-hfb-above-header-display":"","ast-hfb-below-header-display":"","ast-hfb-mobile-header-display":"","site-post-title":"","ast-breadcrumbs-content":"","ast-featured-img":"","footer-sml-layout":"","theme-transparent-header-meta":"default","adv-header-id-meta":"","stick-header-meta":"","header-above-stick-meta":"","header-main-stick-meta":"","header-below-stick-meta":"","astra-migrate-meta-layouts":"set","ast-page-background-enabled":"default","ast-page-background-meta":{"desktop":{"background-color":"var(--ast-global-color-5)","background-image":"","background-repeat":"repeat","background-position":"center center","background-size":"auto","background-attachment":"scroll","background-type":"","background-media":"","overlay-type":"","overlay-color":"","overlay-opacity":"","overlay-gradient":""},"tablet":{"background-color":"","background-image":"","background-repeat":"repeat","background-position":"center center","background-size":"auto","background-attachment":"scroll","background-type":"","background-media":"","overlay-type":"","overlay-color":"","overlay-opacity":"","overlay-gradient":""},"mobile":{"background-color":"","background-image":"","background-repeat":"repeat","background-position":"center center","background-size":"auto","background-attachment":"scroll","background-type":"","background-media":"","overlay-type":"","overlay-color":"","overlay-opacity":"","overlay-gradient":""}},"ast-content-background-meta":{"desktop":{"background-color":"var(--ast-global-color-4)","background-image":"","background-repeat":"repeat","background-position":"center center","background-size":"auto","background-attachment":"scroll","background-type":"","background-media":"","overlay-type":"","overlay-color":"","overlay-opacity":"","overlay-gradient":""},"tablet":{"background-color":"var(--ast-global-color-4)","background-image":"","background-repeat":"repeat","background-position":"center center","background-size":"auto","background-attachment":"scroll","background-type":"","background-media":"","overlay-type":"","overlay-color":"","overlay-opacity":"","overlay-gradient":""},"mobile":{"background-color":"var(--ast-global-color-4)","background-image":"","background-repeat":"repeat","background-position":"center center","background-size":"auto","background-attachment":"scroll","background-type":"","background-media":"","overlay-type":"","overlay-color":"","overlay-opacity":"","overlay-gradient":""}}},"product_brand":[],"product_cat":[15],"product_tag":[],"class_list":{"0":"post-21852","1":"product","2":"type-product","3":"status-publish","4":"has-post-thumbnail","6":"product_cat-ikke-kategoriseret","7":"pa_19396_tqqvxflt-blaa","8":"pa_19396_tqqvxflt-gul","9":"pa_19396_tqqvxflt-lyseroed","10":"pa_19396_tqqvxflt-roed","11":"pa_19396_tqqvxflt-sort","12":"desktop-align-left","13":"tablet-align-left","14":"mobile-align-left","16":"first","17":"instock","18":"shipping-taxable","19":"purchasable","20":"product-type-variable"},"yoast_head":"<!-- This site is optimized with the Yoast SEO plugin v26.6 - https:\/\/yoast.com\/wordpress\/plugins\/seo\/ -->\n<title>Leget\u00f8j til badet - Senbera DK<\/title>\n<meta name=\"robots\" content=\"index, follow, max-snippet:-1, max-image-preview:large, max-video-preview:-1\" \/>\n<link rel=\"canonical\" href=\"https:\/\/senbera.com\/dk\/vare\/legetoej-til-badet\/\" \/>\n<meta property=\"og:locale\" content=\"da_DK\" \/>\n<meta property=\"og:type\" content=\"article\" \/>\n<meta property=\"og:title\" content=\"Leget\u00f8j til badet - Senbera DK\" \/>\n<meta property=\"og:description\" content=\"Vi pr\u00e6senterer det sjove badeleget\u00f8j &#8211; g\u00f8r hver badetid til en plaskfest! \ud83d\udec1 Spr\u00f8jt, plask og smil ved hvert bad. [&hellip;]\" \/>\n<meta property=\"og:url\" content=\"https:\/\/senbera.com\/dk\/vare\/legetoej-til-badet\/\" \/>\n<meta property=\"og:site_name\" content=\"Senbera DK\" \/>\n<meta property=\"article:modified_time\" content=\"2026-01-21T05:54:14+00:00\" \/>\n<meta property=\"og:image\" content=\"https:\/\/senbera.com\/dk\/wp-content\/uploads\/sites\/25\/2026\/01\/24www5i-1.jpeg\" \/>\n\t<meta property=\"og:image:width\" content=\"800\" \/>\n\t<meta property=\"og:image:height\" content=\"800\" \/>\n\t<meta property=\"og:image:type\" content=\"image\/jpeg\" \/>\n<meta name=\"twitter:card\" content=\"summary_large_image\" \/>\n<meta name=\"twitter:label1\" content=\"Estimeret l\u00e6setid\" \/>\n\t<meta name=\"twitter:data1\" content=\"1 minut\" \/>\n<script type=\"application\/ld+json\" class=\"yoast-schema-graph\">{\"@context\":\"https:\/\/schema.org\",\"@graph\":[{\"@type\":\"WebPage\",\"@id\":\"https:\/\/senbera.com\/dk\/vare\/legetoej-til-badet\/\",\"url\":\"https:\/\/senbera.com\/dk\/vare\/legetoej-til-badet\/\",\"name\":\"Leget\u00f8j til badet - Senbera DK\",\"isPartOf\":{\"@id\":\"https:\/\/senbera.com\/dk\/#website\"},\"primaryImageOfPage\":{\"@id\":\"https:\/\/senbera.com\/dk\/vare\/legetoej-til-badet\/#primaryimage\"},\"image\":{\"@id\":\"https:\/\/senbera.com\/dk\/vare\/legetoej-til-badet\/#primaryimage\"},\"thumbnailUrl\":\"https:\/\/senbera.com\/dk\/wp-content\/uploads\/sites\/25\/2026\/01\/24www5i-1.jpeg\",\"datePublished\":\"2026-01-21T05:53:54+00:00\",\"dateModified\":\"2026-01-21T05:54:14+00:00\",\"breadcrumb\":{\"@id\":\"https:\/\/senbera.com\/dk\/vare\/legetoej-til-badet\/#breadcrumb\"},\"inLanguage\":\"da-DK\",\"potentialAction\":[{\"@type\":\"ReadAction\",\"target\":[\"https:\/\/senbera.com\/dk\/vare\/legetoej-til-badet\/\"]}]},{\"@type\":\"ImageObject\",\"inLanguage\":\"da-DK\",\"@id\":\"https:\/\/senbera.com\/dk\/vare\/legetoej-til-badet\/#primaryimage\",\"url\":\"https:\/\/senbera.com\/dk\/wp-content\/uploads\/sites\/25\/2026\/01\/24www5i-1.jpeg\",\"contentUrl\":\"https:\/\/senbera.com\/dk\/wp-content\/uploads\/sites\/25\/2026\/01\/24www5i-1.jpeg\",\"width\":800,\"height\":800},{\"@type\":\"BreadcrumbList\",\"@id\":\"https:\/\/senbera.com\/dk\/vare\/legetoej-til-badet\/#breadcrumb\",\"itemListElement\":[{\"@type\":\"ListItem\",\"position\":1,\"name\":\"Home\",\"item\":\"https:\/\/senbera.com\/dk\/\"},{\"@type\":\"ListItem\",\"position\":2,\"name\":\"Butik\",\"item\":\"https:\/\/senbera.com\/dk\/butik\/\"},{\"@type\":\"ListItem\",\"position\":3,\"name\":\"Leget\u00f8j til badet\"}]},{\"@type\":\"WebSite\",\"@id\":\"https:\/\/senbera.com\/dk\/#website\",\"url\":\"https:\/\/senbera.com\/dk\/\",\"name\":\"Senbera DK\",\"description\":\"\",\"publisher\":{\"@id\":\"https:\/\/senbera.com\/dk\/#organization\"},\"potentialAction\":[{\"@type\":\"SearchAction\",\"target\":{\"@type\":\"EntryPoint\",\"urlTemplate\":\"https:\/\/senbera.com\/dk\/?s={search_term_string}\"},\"query-input\":{\"@type\":\"PropertyValueSpecification\",\"valueRequired\":true,\"valueName\":\"search_term_string\"}}],\"inLanguage\":\"da-DK\"},{\"@type\":\"Organization\",\"@id\":\"https:\/\/senbera.com\/dk\/#organization\",\"name\":\"Mekulo\",\"url\":\"https:\/\/senbera.com\/dk\/\",\"logo\":{\"@type\":\"ImageObject\",\"inLanguage\":\"da-DK\",\"@id\":\"https:\/\/senbera.com\/dk\/#\/schema\/logo\/image\/\",\"url\":\"https:\/\/senbera.com\/dk\/wp-content\/uploads\/sites\/25\/2025\/12\/favicon_mekulo.png\",\"contentUrl\":\"https:\/\/senbera.com\/dk\/wp-content\/uploads\/sites\/25\/2025\/12\/favicon_mekulo.png\",\"width\":50,\"height\":50,\"caption\":\"Mekulo\"},\"image\":{\"@id\":\"https:\/\/senbera.com\/dk\/#\/schema\/logo\/image\/\"}}]}<\/script>\n<!-- \/ Yoast SEO plugin. -->","yoast_head_json":{"title":"Leget\u00f8j til badet - Senbera DK","robots":{"index":"index","follow":"follow","max-snippet":"max-snippet:-1","max-image-preview":"max-image-preview:large","max-video-preview":"max-video-preview:-1"},"canonical":"https:\/\/senbera.com\/dk\/vare\/legetoej-til-badet\/","og_locale":"da_DK","og_type":"article","og_title":"Leget\u00f8j til badet - Senbera DK","og_description":"Vi pr\u00e6senterer det sjove badeleget\u00f8j &#8211; g\u00f8r hver badetid til en plaskfest! \ud83d\udec1 Spr\u00f8jt, plask og smil ved hvert bad. [&hellip;]","og_url":"https:\/\/senbera.com\/dk\/vare\/legetoej-til-badet\/","og_site_name":"Senbera DK","article_modified_time":"2026-01-21T05:54:14+00:00","og_image":[{"width":800,"height":800,"url":"https:\/\/senbera.com\/dk\/wp-content\/uploads\/sites\/25\/2026\/01\/24www5i-1.jpeg","type":"image\/jpeg"}],"twitter_card":"summary_large_image","twitter_misc":{"Estimeret l\u00e6setid":"1 minut"},"schema":{"@context":"https:\/\/schema.org","@graph":[{"@type":"WebPage","@id":"https:\/\/senbera.com\/dk\/vare\/legetoej-til-badet\/","url":"https:\/\/senbera.com\/dk\/vare\/legetoej-til-badet\/","name":"Leget\u00f8j til badet - Senbera DK","isPartOf":{"@id":"https:\/\/senbera.com\/dk\/#website"},"primaryImageOfPage":{"@id":"https:\/\/senbera.com\/dk\/vare\/legetoej-til-badet\/#primaryimage"},"image":{"@id":"https:\/\/senbera.com\/dk\/vare\/legetoej-til-badet\/#primaryimage"},"thumbnailUrl":"https:\/\/senbera.com\/dk\/wp-content\/uploads\/sites\/25\/2026\/01\/24www5i-1.jpeg","datePublished":"2026-01-21T05:53:54+00:00","dateModified":"2026-01-21T05:54:14+00:00","breadcrumb":{"@id":"https:\/\/senbera.com\/dk\/vare\/legetoej-til-badet\/#breadcrumb"},"inLanguage":"da-DK","potentialAction":[{"@type":"ReadAction","target":["https:\/\/senbera.com\/dk\/vare\/legetoej-til-badet\/"]}]},{"@type":"ImageObject","inLanguage":"da-DK","@id":"https:\/\/senbera.com\/dk\/vare\/legetoej-til-badet\/#primaryimage","url":"https:\/\/senbera.com\/dk\/wp-content\/uploads\/sites\/25\/2026\/01\/24www5i-1.jpeg","contentUrl":"https:\/\/senbera.com\/dk\/wp-content\/uploads\/sites\/25\/2026\/01\/24www5i-1.jpeg","width":800,"height":800},{"@type":"BreadcrumbList","@id":"https:\/\/senbera.com\/dk\/vare\/legetoej-til-badet\/#breadcrumb","itemListElement":[{"@type":"ListItem","position":1,"name":"Home","item":"https:\/\/senbera.com\/dk\/"},{"@type":"ListItem","position":2,"name":"Butik","item":"https:\/\/senbera.com\/dk\/butik\/"},{"@type":"ListItem","position":3,"name":"Leget\u00f8j til badet"}]},{"@type":"WebSite","@id":"https:\/\/senbera.com\/dk\/#website","url":"https:\/\/senbera.com\/dk\/","name":"Senbera DK","description":"","publisher":{"@id":"https:\/\/senbera.com\/dk\/#organization"},"potentialAction":[{"@type":"SearchAction","target":{"@type":"EntryPoint","urlTemplate":"https:\/\/senbera.com\/dk\/?s={search_term_string}"},"query-input":{"@type":"PropertyValueSpecification","valueRequired":true,"valueName":"search_term_string"}}],"inLanguage":"da-DK"},{"@type":"Organization","@id":"https:\/\/senbera.com\/dk\/#organization","name":"Mekulo","url":"https:\/\/senbera.com\/dk\/","logo":{"@type":"ImageObject","inLanguage":"da-DK","@id":"https:\/\/senbera.com\/dk\/#\/schema\/logo\/image\/","url":"https:\/\/senbera.com\/dk\/wp-content\/uploads\/sites\/25\/2025\/12\/favicon_mekulo.png","contentUrl":"https:\/\/senbera.com\/dk\/wp-content\/uploads\/sites\/25\/2025\/12\/favicon_mekulo.png","width":50,"height":50,"caption":"Mekulo"},"image":{"@id":"https:\/\/senbera.com\/dk\/#\/schema\/logo\/image\/"}}]}},"_links":{"self":[{"href":"https:\/\/senbera.com\/dk\/wp-json\/wp\/v2\/product\/21852","targetHints":{"allow":["GET"]}}],"collection":[{"href":"https:\/\/senbera.com\/dk\/wp-json\/wp\/v2\/product"}],"about":[{"href":"https:\/\/senbera.com\/dk\/wp-json\/wp\/v2\/types\/product"}],"replies":[{"embeddable":true,"href":"https:\/\/senbera.com\/dk\/wp-json\/wp\/v2\/comments?post=21852"}],"wp:featuredmedia":[{"embeddable":true,"href":"https:\/\/senbera.com\/dk\/wp-json\/wp\/v2\/media\/21848"}],"wp:attachment":[{"href":"https:\/\/senbera.com\/dk\/wp-json\/wp\/v2\/media?parent=21852"}],"wp:term":[{"taxonomy":"product_brand","embeddable":true,"href":"https:\/\/senbera.com\/dk\/wp-json\/wp\/v2\/product_brand?post=21852"},{"taxonomy":"product_cat","embeddable":true,"href":"https:\/\/senbera.com\/dk\/wp-json\/wp\/v2\/product_cat?post=21852"},{"taxonomy":"product_tag","embeddable":true,"href":"https:\/\/senbera.com\/dk\/wp-json\/wp\/v2\/product_tag?post=21852"}],"curies":[{"name":"wp","href":"https:\/\/api.w.org\/{rel}","templated":true}]}}