{"id":21731,"date":"2026-01-19T12:23:23","date_gmt":"2026-01-19T10:23:23","guid":{"rendered":"https:\/\/senbera.com\/dk\/produkt\/toiletboerste\/"},"modified":"2026-01-19T12:23:35","modified_gmt":"2026-01-19T10:23:35","slug":"toiletboerste","status":"publish","type":"product","link":"https:\/\/senbera.com\/dk\/vare\/toiletboerste\/","title":{"rendered":"Toiletb\u00f8rste"},"content":{"rendered":"<p style=\"text-align: center\"><strong>Denne fleksible silikonetoiletb\u00f8rste giver dit toilet en dyb, 360\u00b0 reng\u00f8ring med bl\u00f8de b\u00f8rsteh\u00e5r, der kan b\u00f8jes for at skrubbe under kanten og p\u00e5 sv\u00e6rt tilg\u00e6ngelige steder. Den kan monteres p\u00e5 v\u00e6ggen, er pladsbesparende og nem at reng\u00f8re, hvilket g\u00f8r den til den perfekte opgradering til ethvert badev\u00e6relse.<\/strong><\/p>\n<p style=\"text-align: center\"><span style=\"font-weight: 400\">Denne fleksible silikonetoiletb\u00f8rste giver dit toilet en dyb, 360\u00b0 reng\u00f8ring med bl\u00f8de b\u00f8rsteh\u00e5r, der kan b\u00f8jes for at skrubbe under kanten og p\u00e5 sv\u00e6rt tilg\u00e6ngelige steder. Den kan monteres p\u00e5 v\u00e6ggen, er pladsbesparende og nem at reng\u00f8re, hvilket g\u00f8r den til den perfekte opgradering til ethvert badev\u00e6relse.<\/span><\/p>\n<p><img decoding=\"async\" class=\"alignnone size-full wp-image-17565 aligncenter\" src=\"https:\/\/keluvo.com\/template\/wp-content\/uploads\/sites\/5\/2025\/05\/ToiletBrush-ezgif.com-video-to-webp-converter.webp\" alt=\"\" \/><\/p>\n<h2 style=\"text-align: center\"><strong>Vigtigste Fordele<\/strong><\/h2>\n<p><span style=\"font-weight: 400\">\ud83e\uddfc Fladt silikonehoved n\u00e5r alle kanter og under kanten<\/span><span style=\"font-weight: 400\"><br \/>\n<\/span><\/p>\n<p><span style=\"font-weight: 400\">\ud83d\udebf Skylles nemt af &#8211; ingen h\u00e5r eller snavs sidder fast<\/span><span style=\"font-weight: 400\"><br \/>\n<\/span><\/p>\n<p><span style=\"font-weight: 400\">\ud83e\uddf2 V\u00e6gmonteret design sparer plads (ingen boring n\u00f8dvendig)<\/span><span style=\"font-weight: 400\"><br \/>\n<\/span><\/p>\n<p><span style=\"font-weight: 400\">\ud83d\udd04 Fleksibelt b\u00f8rstehoved til fuld 360\u00b0 reng\u00f8ring<\/span><span style=\"font-weight: 400\"><br \/>\n<\/span><\/p>\n<p><span style=\"font-weight: 400\">\ud83d\udcaa Slidst\u00e6rke b\u00f8rsteh\u00e5r, der ikke ridser overflader<\/span><span style=\"font-weight: 400\"><br \/>\n<\/span><\/p>\n<p><span style=\"font-weight: 400\">\ud83d\udec1 Kan ogs\u00e5 bruges til h\u00e5ndvaske, badekar og basins<\/span><\/p>\n<p><img decoding=\"async\" class=\"alignnone size-full wp-image-17563 aligncenter\" src=\"https:\/\/keluvo.com\/template\/wp-content\/uploads\/sites\/5\/2025\/05\/Se83bae83fe804905b0a52e9306b628c7s.jpg_960x960q75.jpg_.jpeg\" alt=\"\" \/><\/p>\n<h2 style=\"text-align: center\"><strong>S\u00e5dan Bruges<\/strong><\/h2>\n<ol>\n<li style=\"font-weight: 400\"><span style=\"font-weight: 400\">S\u00e6t den selvkl\u00e6bende patch p\u00e5 v\u00e6ggen &#8211; uden brug af v\u00e6rkt\u00f8j.<\/span><span style=\"font-weight: 400\"><br \/>\n<\/span><\/li>\n<li style=\"font-weight: 400\"><span style=\"font-weight: 400\">H\u00e6ng toiletb\u00f8rsten op, eller lad den st\u00e5 p\u00e5 gulvet.<\/span><span style=\"font-weight: 400\"><br \/>\n<\/span><\/li>\n<li style=\"font-weight: 400\"><span style=\"font-weight: 400\">brug b\u00f8rsten til at skrubbe toilettet eller andre overflader p\u00e5 badev\u00e6relset.<\/span><span style=\"font-weight: 400\"><br \/>\n<\/span><\/li>\n<li style=\"font-weight: 400\"><span style=\"font-weight: 400\">skyl med vand efter brug, og lad den t\u00f8rre.<\/span><\/li>\n<\/ol>\n<h2 style=\"text-align: center\"><strong>Produktdetaljer<\/strong><\/h2>\n<ul>\n<li style=\"font-weight: 400\"><span style=\"font-weight: 400\">Materiale: TPR (silikone)<\/span><span style=\"font-weight: 400\"><br \/>\n<\/span><\/li>\n<li style=\"font-weight: 400\"><span style=\"font-weight: 400\">St\u00f8rrelse: 42,5 cm \u00d7 8 cm<\/span><span style=\"font-weight: 400\"><br \/>\n<\/span><\/li>\n<li style=\"font-weight: 400\"><span style=\"font-weight: 400\">Farver: orange, gr\u00f8n, hvid<\/span><span style=\"font-weight: 400\"><br \/>\n<\/span><\/li>\n<li style=\"font-weight: 400\"><span style=\"font-weight: 400\">Montering: selvkl\u00e6bende v\u00e6gmontering eller fritst\u00e5ende<\/span><span style=\"font-weight: 400\"><br \/>\n<\/span><\/li>\n<li style=\"font-weight: 400\"><span style=\"font-weight: 400\">Brug: toiletter, h\u00e5ndvaske, badekar, h\u00e5ndvaske<\/span><\/li>\n<\/ul>\n<h2 style=\"text-align: center\"><strong>Pakken Indeholder<\/strong><\/h2>\n<ul>\n<li style=\"font-weight: 400\"><span style=\"font-weight: 400\">1x silikone toiletb\u00f8rste<\/span><span style=\"font-weight: 400\"><br \/>\n<\/span><\/li>\n<li style=\"font-weight: 400\"><span style=\"font-weight: 400\">1x selvkl\u00e6bende plaster.<\/span><\/li>\n<\/ul>\n","protected":false},"excerpt":{"rendered":"<p>Denne fleksible silikonetoiletb\u00f8rste giver dit toilet en dyb, 360\u00b0 reng\u00f8ring med bl\u00f8de b\u00f8rsteh\u00e5r, der kan b\u00f8jes for at skrubbe under [&hellip;]<\/p>\n","protected":false},"featured_media":21727,"comment_status":"open","ping_status":"closed","template":"","meta":{"site-sidebar-layout":"default","site-content-layout":"","ast-site-content-layout":"default","site-content-style":"default","site-sidebar-style":"default","ast-global-header-display":"","ast-banner-title-visibility":"","ast-main-header-display":"","ast-hfb-above-header-display":"","ast-hfb-below-header-display":"","ast-hfb-mobile-header-display":"","site-post-title":"","ast-breadcrumbs-content":"","ast-featured-img":"","footer-sml-layout":"","theme-transparent-header-meta":"default","adv-header-id-meta":"","stick-header-meta":"","header-above-stick-meta":"","header-main-stick-meta":"","header-below-stick-meta":"","astra-migrate-meta-layouts":"set","ast-page-background-enabled":"default","ast-page-background-meta":{"desktop":{"background-color":"var(--ast-global-color-5)","background-image":"","background-repeat":"repeat","background-position":"center center","background-size":"auto","background-attachment":"scroll","background-type":"","background-media":"","overlay-type":"","overlay-color":"","overlay-opacity":"","overlay-gradient":""},"tablet":{"background-color":"","background-image":"","background-repeat":"repeat","background-position":"center center","background-size":"auto","background-attachment":"scroll","background-type":"","background-media":"","overlay-type":"","overlay-color":"","overlay-opacity":"","overlay-gradient":""},"mobile":{"background-color":"","background-image":"","background-repeat":"repeat","background-position":"center center","background-size":"auto","background-attachment":"scroll","background-type":"","background-media":"","overlay-type":"","overlay-color":"","overlay-opacity":"","overlay-gradient":""}},"ast-content-background-meta":{"desktop":{"background-color":"var(--ast-global-color-4)","background-image":"","background-repeat":"repeat","background-position":"center center","background-size":"auto","background-attachment":"scroll","background-type":"","background-media":"","overlay-type":"","overlay-color":"","overlay-opacity":"","overlay-gradient":""},"tablet":{"background-color":"var(--ast-global-color-4)","background-image":"","background-repeat":"repeat","background-position":"center center","background-size":"auto","background-attachment":"scroll","background-type":"","background-media":"","overlay-type":"","overlay-color":"","overlay-opacity":"","overlay-gradient":""},"mobile":{"background-color":"var(--ast-global-color-4)","background-image":"","background-repeat":"repeat","background-position":"center center","background-size":"auto","background-attachment":"scroll","background-type":"","background-media":"","overlay-type":"","overlay-color":"","overlay-opacity":"","overlay-gradient":""}}},"product_brand":[],"product_cat":[15],"product_tag":[],"class_list":{"0":"post-21731","1":"product","2":"type-product","3":"status-publish","4":"has-post-thumbnail","6":"product_cat-ikke-kategoriseret","7":"pa_27969_0z9y75df-groen","8":"pa_27969_0z9y75df-hvid","9":"pa_27969_0z9y75df-orange","10":"desktop-align-left","11":"tablet-align-left","12":"mobile-align-left","14":"first","15":"instock","16":"shipping-taxable","17":"purchasable","18":"product-type-variable"},"yoast_head":"<!-- This site is optimized with the Yoast SEO plugin v26.6 - https:\/\/yoast.com\/wordpress\/plugins\/seo\/ -->\n<title>Toiletb\u00f8rste - Senbera DK<\/title>\n<meta name=\"robots\" content=\"index, follow, max-snippet:-1, max-image-preview:large, max-video-preview:-1\" \/>\n<link rel=\"canonical\" href=\"https:\/\/senbera.com\/dk\/vare\/toiletboerste\/\" \/>\n<meta property=\"og:locale\" content=\"da_DK\" \/>\n<meta property=\"og:type\" content=\"article\" \/>\n<meta property=\"og:title\" content=\"Toiletb\u00f8rste - Senbera DK\" \/>\n<meta property=\"og:description\" content=\"Denne fleksible silikonetoiletb\u00f8rste giver dit toilet en dyb, 360\u00b0 reng\u00f8ring med bl\u00f8de b\u00f8rsteh\u00e5r, der kan b\u00f8jes for at skrubbe under [&hellip;]\" \/>\n<meta property=\"og:url\" content=\"https:\/\/senbera.com\/dk\/vare\/toiletboerste\/\" \/>\n<meta property=\"og:site_name\" content=\"Senbera DK\" \/>\n<meta property=\"article:modified_time\" content=\"2026-01-19T10:23:35+00:00\" \/>\n<meta property=\"og:image\" content=\"https:\/\/senbera.com\/dk\/wp-content\/uploads\/sites\/25\/2026\/01\/5gb871y-1.jpeg\" \/>\n\t<meta property=\"og:image:width\" content=\"960\" \/>\n\t<meta property=\"og:image:height\" content=\"960\" \/>\n\t<meta property=\"og:image:type\" content=\"image\/jpeg\" \/>\n<meta name=\"twitter:card\" content=\"summary_large_image\" \/>\n<meta name=\"twitter:label1\" content=\"Estimeret l\u00e6setid\" \/>\n\t<meta name=\"twitter:data1\" content=\"1 minut\" \/>\n<script type=\"application\/ld+json\" class=\"yoast-schema-graph\">{\"@context\":\"https:\/\/schema.org\",\"@graph\":[{\"@type\":\"WebPage\",\"@id\":\"https:\/\/senbera.com\/dk\/vare\/toiletboerste\/\",\"url\":\"https:\/\/senbera.com\/dk\/vare\/toiletboerste\/\",\"name\":\"Toiletb\u00f8rste - Senbera DK\",\"isPartOf\":{\"@id\":\"https:\/\/senbera.com\/dk\/#website\"},\"primaryImageOfPage\":{\"@id\":\"https:\/\/senbera.com\/dk\/vare\/toiletboerste\/#primaryimage\"},\"image\":{\"@id\":\"https:\/\/senbera.com\/dk\/vare\/toiletboerste\/#primaryimage\"},\"thumbnailUrl\":\"https:\/\/senbera.com\/dk\/wp-content\/uploads\/sites\/25\/2026\/01\/5gb871y-1.jpeg\",\"datePublished\":\"2026-01-19T10:23:23+00:00\",\"dateModified\":\"2026-01-19T10:23:35+00:00\",\"breadcrumb\":{\"@id\":\"https:\/\/senbera.com\/dk\/vare\/toiletboerste\/#breadcrumb\"},\"inLanguage\":\"da-DK\",\"potentialAction\":[{\"@type\":\"ReadAction\",\"target\":[\"https:\/\/senbera.com\/dk\/vare\/toiletboerste\/\"]}]},{\"@type\":\"ImageObject\",\"inLanguage\":\"da-DK\",\"@id\":\"https:\/\/senbera.com\/dk\/vare\/toiletboerste\/#primaryimage\",\"url\":\"https:\/\/senbera.com\/dk\/wp-content\/uploads\/sites\/25\/2026\/01\/5gb871y-1.jpeg\",\"contentUrl\":\"https:\/\/senbera.com\/dk\/wp-content\/uploads\/sites\/25\/2026\/01\/5gb871y-1.jpeg\",\"width\":960,\"height\":960},{\"@type\":\"BreadcrumbList\",\"@id\":\"https:\/\/senbera.com\/dk\/vare\/toiletboerste\/#breadcrumb\",\"itemListElement\":[{\"@type\":\"ListItem\",\"position\":1,\"name\":\"Home\",\"item\":\"https:\/\/senbera.com\/dk\/\"},{\"@type\":\"ListItem\",\"position\":2,\"name\":\"Butik\",\"item\":\"https:\/\/senbera.com\/dk\/butik\/\"},{\"@type\":\"ListItem\",\"position\":3,\"name\":\"Toiletb\u00f8rste\"}]},{\"@type\":\"WebSite\",\"@id\":\"https:\/\/senbera.com\/dk\/#website\",\"url\":\"https:\/\/senbera.com\/dk\/\",\"name\":\"Senbera DK\",\"description\":\"\",\"publisher\":{\"@id\":\"https:\/\/senbera.com\/dk\/#organization\"},\"potentialAction\":[{\"@type\":\"SearchAction\",\"target\":{\"@type\":\"EntryPoint\",\"urlTemplate\":\"https:\/\/senbera.com\/dk\/?s={search_term_string}\"},\"query-input\":{\"@type\":\"PropertyValueSpecification\",\"valueRequired\":true,\"valueName\":\"search_term_string\"}}],\"inLanguage\":\"da-DK\"},{\"@type\":\"Organization\",\"@id\":\"https:\/\/senbera.com\/dk\/#organization\",\"name\":\"Mekulo\",\"url\":\"https:\/\/senbera.com\/dk\/\",\"logo\":{\"@type\":\"ImageObject\",\"inLanguage\":\"da-DK\",\"@id\":\"https:\/\/senbera.com\/dk\/#\/schema\/logo\/image\/\",\"url\":\"https:\/\/senbera.com\/dk\/wp-content\/uploads\/sites\/25\/2025\/12\/favicon_mekulo.png\",\"contentUrl\":\"https:\/\/senbera.com\/dk\/wp-content\/uploads\/sites\/25\/2025\/12\/favicon_mekulo.png\",\"width\":50,\"height\":50,\"caption\":\"Mekulo\"},\"image\":{\"@id\":\"https:\/\/senbera.com\/dk\/#\/schema\/logo\/image\/\"}}]}<\/script>\n<!-- \/ Yoast SEO plugin. -->","yoast_head_json":{"title":"Toiletb\u00f8rste - Senbera DK","robots":{"index":"index","follow":"follow","max-snippet":"max-snippet:-1","max-image-preview":"max-image-preview:large","max-video-preview":"max-video-preview:-1"},"canonical":"https:\/\/senbera.com\/dk\/vare\/toiletboerste\/","og_locale":"da_DK","og_type":"article","og_title":"Toiletb\u00f8rste - Senbera DK","og_description":"Denne fleksible silikonetoiletb\u00f8rste giver dit toilet en dyb, 360\u00b0 reng\u00f8ring med bl\u00f8de b\u00f8rsteh\u00e5r, der kan b\u00f8jes for at skrubbe under [&hellip;]","og_url":"https:\/\/senbera.com\/dk\/vare\/toiletboerste\/","og_site_name":"Senbera DK","article_modified_time":"2026-01-19T10:23:35+00:00","og_image":[{"width":960,"height":960,"url":"https:\/\/senbera.com\/dk\/wp-content\/uploads\/sites\/25\/2026\/01\/5gb871y-1.jpeg","type":"image\/jpeg"}],"twitter_card":"summary_large_image","twitter_misc":{"Estimeret l\u00e6setid":"1 minut"},"schema":{"@context":"https:\/\/schema.org","@graph":[{"@type":"WebPage","@id":"https:\/\/senbera.com\/dk\/vare\/toiletboerste\/","url":"https:\/\/senbera.com\/dk\/vare\/toiletboerste\/","name":"Toiletb\u00f8rste - Senbera DK","isPartOf":{"@id":"https:\/\/senbera.com\/dk\/#website"},"primaryImageOfPage":{"@id":"https:\/\/senbera.com\/dk\/vare\/toiletboerste\/#primaryimage"},"image":{"@id":"https:\/\/senbera.com\/dk\/vare\/toiletboerste\/#primaryimage"},"thumbnailUrl":"https:\/\/senbera.com\/dk\/wp-content\/uploads\/sites\/25\/2026\/01\/5gb871y-1.jpeg","datePublished":"2026-01-19T10:23:23+00:00","dateModified":"2026-01-19T10:23:35+00:00","breadcrumb":{"@id":"https:\/\/senbera.com\/dk\/vare\/toiletboerste\/#breadcrumb"},"inLanguage":"da-DK","potentialAction":[{"@type":"ReadAction","target":["https:\/\/senbera.com\/dk\/vare\/toiletboerste\/"]}]},{"@type":"ImageObject","inLanguage":"da-DK","@id":"https:\/\/senbera.com\/dk\/vare\/toiletboerste\/#primaryimage","url":"https:\/\/senbera.com\/dk\/wp-content\/uploads\/sites\/25\/2026\/01\/5gb871y-1.jpeg","contentUrl":"https:\/\/senbera.com\/dk\/wp-content\/uploads\/sites\/25\/2026\/01\/5gb871y-1.jpeg","width":960,"height":960},{"@type":"BreadcrumbList","@id":"https:\/\/senbera.com\/dk\/vare\/toiletboerste\/#breadcrumb","itemListElement":[{"@type":"ListItem","position":1,"name":"Home","item":"https:\/\/senbera.com\/dk\/"},{"@type":"ListItem","position":2,"name":"Butik","item":"https:\/\/senbera.com\/dk\/butik\/"},{"@type":"ListItem","position":3,"name":"Toiletb\u00f8rste"}]},{"@type":"WebSite","@id":"https:\/\/senbera.com\/dk\/#website","url":"https:\/\/senbera.com\/dk\/","name":"Senbera DK","description":"","publisher":{"@id":"https:\/\/senbera.com\/dk\/#organization"},"potentialAction":[{"@type":"SearchAction","target":{"@type":"EntryPoint","urlTemplate":"https:\/\/senbera.com\/dk\/?s={search_term_string}"},"query-input":{"@type":"PropertyValueSpecification","valueRequired":true,"valueName":"search_term_string"}}],"inLanguage":"da-DK"},{"@type":"Organization","@id":"https:\/\/senbera.com\/dk\/#organization","name":"Mekulo","url":"https:\/\/senbera.com\/dk\/","logo":{"@type":"ImageObject","inLanguage":"da-DK","@id":"https:\/\/senbera.com\/dk\/#\/schema\/logo\/image\/","url":"https:\/\/senbera.com\/dk\/wp-content\/uploads\/sites\/25\/2025\/12\/favicon_mekulo.png","contentUrl":"https:\/\/senbera.com\/dk\/wp-content\/uploads\/sites\/25\/2025\/12\/favicon_mekulo.png","width":50,"height":50,"caption":"Mekulo"},"image":{"@id":"https:\/\/senbera.com\/dk\/#\/schema\/logo\/image\/"}}]}},"_links":{"self":[{"href":"https:\/\/senbera.com\/dk\/wp-json\/wp\/v2\/product\/21731","targetHints":{"allow":["GET"]}}],"collection":[{"href":"https:\/\/senbera.com\/dk\/wp-json\/wp\/v2\/product"}],"about":[{"href":"https:\/\/senbera.com\/dk\/wp-json\/wp\/v2\/types\/product"}],"replies":[{"embeddable":true,"href":"https:\/\/senbera.com\/dk\/wp-json\/wp\/v2\/comments?post=21731"}],"wp:featuredmedia":[{"embeddable":true,"href":"https:\/\/senbera.com\/dk\/wp-json\/wp\/v2\/media\/21727"}],"wp:attachment":[{"href":"https:\/\/senbera.com\/dk\/wp-json\/wp\/v2\/media?parent=21731"}],"wp:term":[{"taxonomy":"product_brand","embeddable":true,"href":"https:\/\/senbera.com\/dk\/wp-json\/wp\/v2\/product_brand?post=21731"},{"taxonomy":"product_cat","embeddable":true,"href":"https:\/\/senbera.com\/dk\/wp-json\/wp\/v2\/product_cat?post=21731"},{"taxonomy":"product_tag","embeddable":true,"href":"https:\/\/senbera.com\/dk\/wp-json\/wp\/v2\/product_tag?post=21731"}],"curies":[{"name":"wp","href":"https:\/\/api.w.org\/{rel}","templated":true}]}}