{"id":21483,"date":"2026-01-19T12:03:23","date_gmt":"2026-01-19T10:03:23","guid":{"rendered":"https:\/\/senbera.com\/dk\/produkt\/poelsemager\/"},"modified":"2026-01-19T12:03:23","modified_gmt":"2026-01-19T10:03:23","slug":"poelsemager","status":"publish","type":"product","link":"https:\/\/senbera.com\/dk\/vare\/poelsemager\/","title":{"rendered":"P\u00f8lsemager"},"content":{"rendered":"<p style=\"text-align: center\"><b>\ud83c\udf2dIntroduktion af p\u00f8lsemageren &#8211; dit enkle v\u00e6rkt\u00f8j til at lave friske, velsmagende p\u00f8lser derhjemme.\ud83d\udc69\u200d\ud83c\udf73<\/b><b><br \/>\n<\/b><\/p>\n<p style=\"text-align: center\"><span style=\"font-weight: 400\">Make p\u00f8lser hurtigt, intet rod, ingen stress &#8211; bare frisk k\u00f8d, nemme trin og sjov for alle.<\/span><\/p>\n<p><img decoding=\"async\" class=\"size-full wp-image-17206 aligncenter\" src=\"https:\/\/keluvo.com\/template\/wp-content\/uploads\/sites\/5\/2025\/05\/sausage-ezgif.com-video-to-webp-converter.webp\" alt=\"\" \/><\/p>\n<h2 style=\"text-align: center\">Vigtigste fordele<\/h2>\n<p><span style=\"font-weight: 400\">Sikker at bruge &#8211; fremstillet af rustfrit st\u00e5l i f\u00f8devarekvalitet<\/span><\/p>\n<p><span style=\"font-weight: 400\">Nemt at presse og fylde p\u00f8lser hurtigt<\/span><\/p>\n<p><span style=\"font-weight: 400\">Ingen glider &#8211; bliver p\u00e5 plads, mens du arbejder<\/span><\/p>\n<p><span style=\"font-weight: 400\">Sjov aktivitet til ferier og familiem\u00e5ltider<\/span><\/p>\n<p><span style=\"font-weight: 400\">Leveres med 5 st\u00f8rrelser r\u00f8r til alle typer sausages<\/span><\/p>\n<p><img decoding=\"async\" class=\"size-full wp-image-17211 aligncenter\" src=\"https:\/\/keluvo.com\/template\/wp-content\/uploads\/sites\/5\/2025\/05\/2545a3b5-8c1b-4d42-b0ce-9a691796c09d.webp\" alt=\"\" \/><\/p>\n<h2 style=\"text-align: center\">\ud83d\udc68\u200d\ud83c\udf73Main Tilbud<\/h2>\n<p style=\"text-align: center\"><span style=\"font-weight: 400\">Denne p\u00f8lsemaskine hj\u00e6lper dig med at skabe friske, hjemmelavede p\u00f8lser p\u00e5 f\u00e5 minutter. Bare tils\u00e6t dit yndlingsk\u00f8d, tryk og nyd det! Den er st\u00e6rk, sikker og perfekt til familiehygge eller s\u00e6rlige begivenheder. Med 5 dysest\u00f8rrelser kan du lave tynde p\u00f8lser eller store, saftige p\u00f8lser. Ingen grund til at k\u00f8be butiksp\u00f8lser &#8211; nu kan du lave dine egne!<\/span><\/p>\n<h2 style=\"text-align: center\">\ud83d\udce6Pakken Indeholder<\/h2>\n<ul>\n<li style=\"font-weight: 400\"><span style=\"font-weight: 400\">1x p\u00f8lsestoppermaskine.<\/span><\/li>\n<li style=\"font-weight: 400\"><span style=\"font-weight: 400\">4x p\u00f8lsefyldningsdyser.<\/span><\/li>\n<\/ul>\n","protected":false},"excerpt":{"rendered":"<p>\ud83c\udf2dIntroduktion af p\u00f8lsemageren &#8211; dit enkle v\u00e6rkt\u00f8j til at lave friske, velsmagende p\u00f8lser derhjemme.\ud83d\udc69\u200d\ud83c\udf73 Make p\u00f8lser hurtigt, intet rod, ingen [&hellip;]<\/p>\n","protected":false},"featured_media":21479,"comment_status":"open","ping_status":"closed","template":"","meta":{"site-sidebar-layout":"default","site-content-layout":"","ast-site-content-layout":"default","site-content-style":"default","site-sidebar-style":"default","ast-global-header-display":"","ast-banner-title-visibility":"","ast-main-header-display":"","ast-hfb-above-header-display":"","ast-hfb-below-header-display":"","ast-hfb-mobile-header-display":"","site-post-title":"","ast-breadcrumbs-content":"","ast-featured-img":"","footer-sml-layout":"","ast-disable-related-posts":"","theme-transparent-header-meta":"default","adv-header-id-meta":"","stick-header-meta":"","header-above-stick-meta":"","header-main-stick-meta":"","header-below-stick-meta":"","astra-migrate-meta-layouts":"set","ast-page-background-enabled":"default","ast-page-background-meta":{"desktop":{"background-color":"var(--ast-global-color-5)","background-image":"","background-repeat":"repeat","background-position":"center center","background-size":"auto","background-attachment":"scroll","background-type":"","background-media":"","overlay-type":"","overlay-color":"","overlay-opacity":"","overlay-gradient":""},"tablet":{"background-color":"","background-image":"","background-repeat":"repeat","background-position":"center center","background-size":"auto","background-attachment":"scroll","background-type":"","background-media":"","overlay-type":"","overlay-color":"","overlay-opacity":"","overlay-gradient":""},"mobile":{"background-color":"","background-image":"","background-repeat":"repeat","background-position":"center center","background-size":"auto","background-attachment":"scroll","background-type":"","background-media":"","overlay-type":"","overlay-color":"","overlay-opacity":"","overlay-gradient":""}},"ast-content-background-meta":{"desktop":{"background-color":"var(--ast-global-color-4)","background-image":"","background-repeat":"repeat","background-position":"center center","background-size":"auto","background-attachment":"scroll","background-type":"","background-media":"","overlay-type":"","overlay-color":"","overlay-opacity":"","overlay-gradient":""},"tablet":{"background-color":"var(--ast-global-color-4)","background-image":"","background-repeat":"repeat","background-position":"center center","background-size":"auto","background-attachment":"scroll","background-type":"","background-media":"","overlay-type":"","overlay-color":"","overlay-opacity":"","overlay-gradient":""},"mobile":{"background-color":"var(--ast-global-color-4)","background-image":"","background-repeat":"repeat","background-position":"center center","background-size":"auto","background-attachment":"scroll","background-type":"","background-media":"","overlay-type":"","overlay-color":"","overlay-opacity":"","overlay-gradient":""}}},"product_brand":[],"product_cat":[15],"product_tag":[],"class_list":{"0":"post-21483","1":"product","2":"type-product","3":"status-publish","4":"has-post-thumbnail","6":"product_cat-ikke-kategoriseret","7":"pa_32277_m2675qg3-a","8":"pa_32277_m2675qg3-b","9":"desktop-align-left","10":"tablet-align-left","11":"mobile-align-left","13":"first","14":"instock","15":"shipping-taxable","16":"purchasable","17":"product-type-simple"},"yoast_head":"<!-- This site is optimized with the Yoast SEO plugin v27.4 - https:\/\/yoast.com\/product\/yoast-seo-wordpress\/ -->\n<title>P\u00f8lsemager - Senbera DK<\/title>\n<meta name=\"robots\" content=\"index, follow, max-snippet:-1, max-image-preview:large, max-video-preview:-1\" \/>\n<link rel=\"canonical\" href=\"https:\/\/senbera.com\/dk\/vare\/poelsemager\/\" \/>\n<meta property=\"og:locale\" content=\"da_DK\" \/>\n<meta property=\"og:type\" content=\"article\" \/>\n<meta property=\"og:title\" content=\"P\u00f8lsemager - Senbera DK\" \/>\n<meta property=\"og:description\" content=\"\ud83c\udf2dIntroduktion af p\u00f8lsemageren &#8211; dit enkle v\u00e6rkt\u00f8j til at lave friske, velsmagende p\u00f8lser derhjemme.\ud83d\udc69\u200d\ud83c\udf73 Make p\u00f8lser hurtigt, intet rod, ingen [&hellip;]\" \/>\n<meta property=\"og:url\" content=\"https:\/\/senbera.com\/dk\/vare\/poelsemager\/\" \/>\n<meta property=\"og:site_name\" content=\"Senbera DK\" \/>\n<meta property=\"og:image\" content=\"https:\/\/senbera.com\/dk\/wp-content\/uploads\/sites\/25\/2026\/01\/ka5rc48-1.jpg\" \/>\n\t<meta property=\"og:image:width\" content=\"800\" \/>\n\t<meta property=\"og:image:height\" content=\"800\" \/>\n\t<meta property=\"og:image:type\" content=\"image\/jpeg\" \/>\n<meta name=\"twitter:card\" content=\"summary_large_image\" \/>\n<meta name=\"twitter:label1\" content=\"Estimeret l\u00e6setid\" \/>\n\t<meta name=\"twitter:data1\" content=\"1 minut\" \/>\n<script type=\"application\/ld+json\" class=\"yoast-schema-graph\">{\"@context\":\"https:\\\/\\\/schema.org\",\"@graph\":[{\"@type\":\"WebPage\",\"@id\":\"https:\\\/\\\/senbera.com\\\/dk\\\/vare\\\/poelsemager\\\/\",\"url\":\"https:\\\/\\\/senbera.com\\\/dk\\\/vare\\\/poelsemager\\\/\",\"name\":\"P\u00f8lsemager - Senbera DK\",\"isPartOf\":{\"@id\":\"https:\\\/\\\/senbera.com\\\/dk\\\/#website\"},\"primaryImageOfPage\":{\"@id\":\"https:\\\/\\\/senbera.com\\\/dk\\\/vare\\\/poelsemager\\\/#primaryimage\"},\"image\":{\"@id\":\"https:\\\/\\\/senbera.com\\\/dk\\\/vare\\\/poelsemager\\\/#primaryimage\"},\"thumbnailUrl\":\"https:\\\/\\\/senbera.com\\\/dk\\\/wp-content\\\/uploads\\\/sites\\\/25\\\/2026\\\/01\\\/ka5rc48-1.jpg\",\"datePublished\":\"2026-01-19T10:03:23+00:00\",\"breadcrumb\":{\"@id\":\"https:\\\/\\\/senbera.com\\\/dk\\\/vare\\\/poelsemager\\\/#breadcrumb\"},\"inLanguage\":\"da-DK\",\"potentialAction\":[{\"@type\":\"ReadAction\",\"target\":[\"https:\\\/\\\/senbera.com\\\/dk\\\/vare\\\/poelsemager\\\/\"]}]},{\"@type\":\"ImageObject\",\"inLanguage\":\"da-DK\",\"@id\":\"https:\\\/\\\/senbera.com\\\/dk\\\/vare\\\/poelsemager\\\/#primaryimage\",\"url\":\"https:\\\/\\\/senbera.com\\\/dk\\\/wp-content\\\/uploads\\\/sites\\\/25\\\/2026\\\/01\\\/ka5rc48-1.jpg\",\"contentUrl\":\"https:\\\/\\\/senbera.com\\\/dk\\\/wp-content\\\/uploads\\\/sites\\\/25\\\/2026\\\/01\\\/ka5rc48-1.jpg\",\"width\":800,\"height\":800},{\"@type\":\"BreadcrumbList\",\"@id\":\"https:\\\/\\\/senbera.com\\\/dk\\\/vare\\\/poelsemager\\\/#breadcrumb\",\"itemListElement\":[{\"@type\":\"ListItem\",\"position\":1,\"name\":\"Home\",\"item\":\"https:\\\/\\\/senbera.com\\\/dk\\\/\"},{\"@type\":\"ListItem\",\"position\":2,\"name\":\"Butik\",\"item\":\"https:\\\/\\\/senbera.com\\\/dk\\\/butik\\\/\"},{\"@type\":\"ListItem\",\"position\":3,\"name\":\"P\u00f8lsemager\"}]},{\"@type\":\"WebSite\",\"@id\":\"https:\\\/\\\/senbera.com\\\/dk\\\/#website\",\"url\":\"https:\\\/\\\/senbera.com\\\/dk\\\/\",\"name\":\"Senbera DK\",\"description\":\"\",\"publisher\":{\"@id\":\"https:\\\/\\\/senbera.com\\\/dk\\\/#organization\"},\"potentialAction\":[{\"@type\":\"SearchAction\",\"target\":{\"@type\":\"EntryPoint\",\"urlTemplate\":\"https:\\\/\\\/senbera.com\\\/dk\\\/?s={search_term_string}\"},\"query-input\":{\"@type\":\"PropertyValueSpecification\",\"valueRequired\":true,\"valueName\":\"search_term_string\"}}],\"inLanguage\":\"da-DK\"},{\"@type\":\"Organization\",\"@id\":\"https:\\\/\\\/senbera.com\\\/dk\\\/#organization\",\"name\":\"Mekulo\",\"url\":\"https:\\\/\\\/senbera.com\\\/dk\\\/\",\"logo\":{\"@type\":\"ImageObject\",\"inLanguage\":\"da-DK\",\"@id\":\"https:\\\/\\\/senbera.com\\\/dk\\\/#\\\/schema\\\/logo\\\/image\\\/\",\"url\":\"https:\\\/\\\/senbera.com\\\/dk\\\/wp-content\\\/uploads\\\/sites\\\/25\\\/2025\\\/12\\\/favicon_mekulo.png\",\"contentUrl\":\"https:\\\/\\\/senbera.com\\\/dk\\\/wp-content\\\/uploads\\\/sites\\\/25\\\/2025\\\/12\\\/favicon_mekulo.png\",\"width\":50,\"height\":50,\"caption\":\"Mekulo\"},\"image\":{\"@id\":\"https:\\\/\\\/senbera.com\\\/dk\\\/#\\\/schema\\\/logo\\\/image\\\/\"}}]}<\/script>\n<!-- \/ Yoast SEO plugin. -->","yoast_head_json":{"title":"P\u00f8lsemager - Senbera DK","robots":{"index":"index","follow":"follow","max-snippet":"max-snippet:-1","max-image-preview":"max-image-preview:large","max-video-preview":"max-video-preview:-1"},"canonical":"https:\/\/senbera.com\/dk\/vare\/poelsemager\/","og_locale":"da_DK","og_type":"article","og_title":"P\u00f8lsemager - Senbera DK","og_description":"\ud83c\udf2dIntroduktion af p\u00f8lsemageren &#8211; dit enkle v\u00e6rkt\u00f8j til at lave friske, velsmagende p\u00f8lser derhjemme.\ud83d\udc69\u200d\ud83c\udf73 Make p\u00f8lser hurtigt, intet rod, ingen [&hellip;]","og_url":"https:\/\/senbera.com\/dk\/vare\/poelsemager\/","og_site_name":"Senbera DK","og_image":[{"width":800,"height":800,"url":"https:\/\/senbera.com\/dk\/wp-content\/uploads\/sites\/25\/2026\/01\/ka5rc48-1.jpg","type":"image\/jpeg"}],"twitter_card":"summary_large_image","twitter_misc":{"Estimeret l\u00e6setid":"1 minut"},"schema":{"@context":"https:\/\/schema.org","@graph":[{"@type":"WebPage","@id":"https:\/\/senbera.com\/dk\/vare\/poelsemager\/","url":"https:\/\/senbera.com\/dk\/vare\/poelsemager\/","name":"P\u00f8lsemager - Senbera DK","isPartOf":{"@id":"https:\/\/senbera.com\/dk\/#website"},"primaryImageOfPage":{"@id":"https:\/\/senbera.com\/dk\/vare\/poelsemager\/#primaryimage"},"image":{"@id":"https:\/\/senbera.com\/dk\/vare\/poelsemager\/#primaryimage"},"thumbnailUrl":"https:\/\/senbera.com\/dk\/wp-content\/uploads\/sites\/25\/2026\/01\/ka5rc48-1.jpg","datePublished":"2026-01-19T10:03:23+00:00","breadcrumb":{"@id":"https:\/\/senbera.com\/dk\/vare\/poelsemager\/#breadcrumb"},"inLanguage":"da-DK","potentialAction":[{"@type":"ReadAction","target":["https:\/\/senbera.com\/dk\/vare\/poelsemager\/"]}]},{"@type":"ImageObject","inLanguage":"da-DK","@id":"https:\/\/senbera.com\/dk\/vare\/poelsemager\/#primaryimage","url":"https:\/\/senbera.com\/dk\/wp-content\/uploads\/sites\/25\/2026\/01\/ka5rc48-1.jpg","contentUrl":"https:\/\/senbera.com\/dk\/wp-content\/uploads\/sites\/25\/2026\/01\/ka5rc48-1.jpg","width":800,"height":800},{"@type":"BreadcrumbList","@id":"https:\/\/senbera.com\/dk\/vare\/poelsemager\/#breadcrumb","itemListElement":[{"@type":"ListItem","position":1,"name":"Home","item":"https:\/\/senbera.com\/dk\/"},{"@type":"ListItem","position":2,"name":"Butik","item":"https:\/\/senbera.com\/dk\/butik\/"},{"@type":"ListItem","position":3,"name":"P\u00f8lsemager"}]},{"@type":"WebSite","@id":"https:\/\/senbera.com\/dk\/#website","url":"https:\/\/senbera.com\/dk\/","name":"Senbera DK","description":"","publisher":{"@id":"https:\/\/senbera.com\/dk\/#organization"},"potentialAction":[{"@type":"SearchAction","target":{"@type":"EntryPoint","urlTemplate":"https:\/\/senbera.com\/dk\/?s={search_term_string}"},"query-input":{"@type":"PropertyValueSpecification","valueRequired":true,"valueName":"search_term_string"}}],"inLanguage":"da-DK"},{"@type":"Organization","@id":"https:\/\/senbera.com\/dk\/#organization","name":"Mekulo","url":"https:\/\/senbera.com\/dk\/","logo":{"@type":"ImageObject","inLanguage":"da-DK","@id":"https:\/\/senbera.com\/dk\/#\/schema\/logo\/image\/","url":"https:\/\/senbera.com\/dk\/wp-content\/uploads\/sites\/25\/2025\/12\/favicon_mekulo.png","contentUrl":"https:\/\/senbera.com\/dk\/wp-content\/uploads\/sites\/25\/2025\/12\/favicon_mekulo.png","width":50,"height":50,"caption":"Mekulo"},"image":{"@id":"https:\/\/senbera.com\/dk\/#\/schema\/logo\/image\/"}}]}},"_links":{"self":[{"href":"https:\/\/senbera.com\/dk\/wp-json\/wp\/v2\/product\/21483","targetHints":{"allow":["GET"]}}],"collection":[{"href":"https:\/\/senbera.com\/dk\/wp-json\/wp\/v2\/product"}],"about":[{"href":"https:\/\/senbera.com\/dk\/wp-json\/wp\/v2\/types\/product"}],"replies":[{"embeddable":true,"href":"https:\/\/senbera.com\/dk\/wp-json\/wp\/v2\/comments?post=21483"}],"wp:featuredmedia":[{"embeddable":true,"href":"https:\/\/senbera.com\/dk\/wp-json\/wp\/v2\/media\/21479"}],"wp:attachment":[{"href":"https:\/\/senbera.com\/dk\/wp-json\/wp\/v2\/media?parent=21483"}],"wp:term":[{"taxonomy":"product_brand","embeddable":true,"href":"https:\/\/senbera.com\/dk\/wp-json\/wp\/v2\/product_brand?post=21483"},{"taxonomy":"product_cat","embeddable":true,"href":"https:\/\/senbera.com\/dk\/wp-json\/wp\/v2\/product_cat?post=21483"},{"taxonomy":"product_tag","embeddable":true,"href":"https:\/\/senbera.com\/dk\/wp-json\/wp\/v2\/product_tag?post=21483"}],"curies":[{"name":"wp","href":"https:\/\/api.w.org\/{rel}","templated":true}]}}