{"id":21201,"date":"2026-01-16T21:24:20","date_gmt":"2026-01-16T19:24:20","guid":{"rendered":"https:\/\/senbera.com\/dk\/produkt\/opbevaringskurv\/"},"modified":"2026-01-16T21:24:28","modified_gmt":"2026-01-16T19:24:28","slug":"opbevaringskurv","status":"publish","type":"product","link":"https:\/\/senbera.com\/dk\/vare\/opbevaringskurv\/","title":{"rendered":"Opbevaringskurv"},"content":{"rendered":"<p style=\"text-align: center\" data-start=\"105\" data-end=\"165\"><strong>\ud83e\uddfa Tilf\u00f8j \u00f8jeblikkeligt ekstra opbevaringsplads \u2014 hvor som helst du har brug for det!<\/strong><\/p>\n<p style=\"text-align: center\" data-start=\"167\" data-end=\"314\">Denne netopbevaringskurv er den perfekte oprydder til din bil, dit k\u00f8kken, dit badev\u00e6relse eller dit kontor. Du skal blot s\u00e6tte den p\u00e5 og begynde at organisere p\u00e5 f\u00e5 sekunder.<\/p>\n<p data-start=\"167\" data-end=\"314\"><img decoding=\"async\" class=\"size-full wp-image-26523 aligncenter\" src=\"https:\/\/keluvo.com\/template\/wp-content\/uploads\/sites\/5\/2025\/07\/07029-ezgif.com-video-to-webp-converter.webp\" alt=\"\" \/><\/p>\n<h2 style=\"text-align: center\" data-start=\"316\" data-end=\"336\"><strong>\u2705 Hovedfordele<\/strong><\/h2>\n<p data-start=\"339\" data-end=\"387\">\ud83d\udccc Selvkl\u00e6bende design \u2013 ingen boring, ingen v\u00e6rkt\u00f8j!<\/p>\n<p data-start=\"390\" data-end=\"441\">\ud83e\uddfd Opbevaring af h\u00e5ndkl\u00e6der, klude, affaldsposer, leget\u00f8j og meget mere<\/p>\n<p data-start=\"444\" data-end=\"499\">\ud83d\udcaa Holdbart elastisk net holder tingene p\u00e5 plads<\/p>\n<p data-start=\"502\" data-end=\"558\">\ud83d\ude97 Ideel til biler, autocampere, skriveborde, skabe og sm\u00e5 rum<\/p>\n<p data-start=\"561\" data-end=\"609\">\ud83d\udd01 Kan flyttes og er nem at installere p\u00e5 seconds<\/p>\n<p data-start=\"561\" data-end=\"609\"><img decoding=\"async\" class=\"size-full wp-image-26524 aligncenter\" src=\"https:\/\/keluvo.com\/template\/wp-content\/uploads\/sites\/5\/2025\/07\/13c5ffaf-c3d0-4485-ac39-4c020d938c6d.webp\" alt=\"\" \/><\/p>\n<h2 style=\"text-align: center\" data-start=\"611\" data-end=\"630\"><strong>\ud83d\udee0\ufe0f S\u00e5dan Bruges<\/strong><\/h2>\n<ol data-start=\"631\" data-end=\"775\">\n<li data-start=\"631\" data-end=\"679\">\n<p data-start=\"634\" data-end=\"679\">Reng\u00f8r overfladen, hvor du vil s\u00e6tte den fast.<\/p>\n<\/li>\n<li data-start=\"680\" data-end=\"713\">\n<p data-start=\"683\" data-end=\"713\">Tr\u00e6k den selvkl\u00e6bende bagside af.<\/p>\n<\/li>\n<li data-start=\"714\" data-end=\"754\">\n<p data-start=\"717\" data-end=\"754\">Tryk netposen fast p\u00e5 plads.<\/p>\n<\/li>\n<li data-start=\"755\" data-end=\"775\">\n<p data-start=\"758\" data-end=\"775\">og begynd at organisere!<\/p>\n<\/li>\n<\/ol>\n<h2 style=\"text-align: center\" data-start=\"777\" data-end=\"800\"><strong>\ud83d\udcd0 Produktdetaljer<\/strong><\/h2>\n<ul data-start=\"801\" data-end=\"917\">\n<li data-start=\"801\" data-end=\"846\">\n<p data-start=\"803\" data-end=\"846\">St\u00f8rrelse: 40&#215;25 cm<\/p>\n<\/li>\n<li data-start=\"847\" data-end=\"893\">\n<p data-start=\"849\" data-end=\"893\">Materiale: Str\u00e6kbart net + st\u00e6rk kl\u00e6ber<\/p>\n<\/li>\n<li data-start=\"894\" data-end=\"917\">\n<p data-start=\"896\" data-end=\"917\">Vaskbar og genanvendelig<\/p>\n<\/li>\n<\/ul>\n<h2 style=\"text-align: center\" data-start=\"919\" data-end=\"943\"><strong>\ud83d\udce6 Pakken Indeholder<\/strong><\/h2>\n<ul data-start=\"944\" data-end=\"986\">\n<li data-start=\"944\" data-end=\"986\">\n<p data-start=\"946\" data-end=\"986\">3, 6x opbevaringskurv (med selvkl\u00e6bende tape).<\/p>\n<\/li>\n<\/ul>\n","protected":false},"excerpt":{"rendered":"<p>\ud83e\uddfa Tilf\u00f8j \u00f8jeblikkeligt ekstra opbevaringsplads \u2014 hvor som helst du har brug for det! Denne netopbevaringskurv er den perfekte oprydder [&hellip;]<\/p>\n","protected":false},"featured_media":21197,"comment_status":"open","ping_status":"closed","template":"","meta":{"site-sidebar-layout":"default","site-content-layout":"","ast-site-content-layout":"default","site-content-style":"default","site-sidebar-style":"default","ast-global-header-display":"","ast-banner-title-visibility":"","ast-main-header-display":"","ast-hfb-above-header-display":"","ast-hfb-below-header-display":"","ast-hfb-mobile-header-display":"","site-post-title":"","ast-breadcrumbs-content":"","ast-featured-img":"","footer-sml-layout":"","theme-transparent-header-meta":"default","adv-header-id-meta":"","stick-header-meta":"","header-above-stick-meta":"","header-main-stick-meta":"","header-below-stick-meta":"","astra-migrate-meta-layouts":"set","ast-page-background-enabled":"default","ast-page-background-meta":{"desktop":{"background-color":"var(--ast-global-color-5)","background-image":"","background-repeat":"repeat","background-position":"center center","background-size":"auto","background-attachment":"scroll","background-type":"","background-media":"","overlay-type":"","overlay-color":"","overlay-opacity":"","overlay-gradient":""},"tablet":{"background-color":"","background-image":"","background-repeat":"repeat","background-position":"center center","background-size":"auto","background-attachment":"scroll","background-type":"","background-media":"","overlay-type":"","overlay-color":"","overlay-opacity":"","overlay-gradient":""},"mobile":{"background-color":"","background-image":"","background-repeat":"repeat","background-position":"center center","background-size":"auto","background-attachment":"scroll","background-type":"","background-media":"","overlay-type":"","overlay-color":"","overlay-opacity":"","overlay-gradient":""}},"ast-content-background-meta":{"desktop":{"background-color":"var(--ast-global-color-4)","background-image":"","background-repeat":"repeat","background-position":"center center","background-size":"auto","background-attachment":"scroll","background-type":"","background-media":"","overlay-type":"","overlay-color":"","overlay-opacity":"","overlay-gradient":""},"tablet":{"background-color":"var(--ast-global-color-4)","background-image":"","background-repeat":"repeat","background-position":"center center","background-size":"auto","background-attachment":"scroll","background-type":"","background-media":"","overlay-type":"","overlay-color":"","overlay-opacity":"","overlay-gradient":""},"mobile":{"background-color":"var(--ast-global-color-4)","background-image":"","background-repeat":"repeat","background-position":"center center","background-size":"auto","background-attachment":"scroll","background-type":"","background-media":"","overlay-type":"","overlay-color":"","overlay-opacity":"","overlay-gradient":""}}},"product_brand":[],"product_cat":[15],"product_tag":[],"class_list":{"0":"post-21201","1":"product","2":"type-product","3":"status-publish","4":"has-post-thumbnail","6":"product_cat-ikke-kategoriseret","7":"pa_19312_ged69hdh-3-stk","8":"pa_19312_ged69hdh-6-stk","9":"desktop-align-left","10":"tablet-align-left","11":"mobile-align-left","13":"first","14":"instock","15":"shipping-taxable","16":"purchasable","17":"product-type-variable"},"yoast_head":"<!-- This site is optimized with the Yoast SEO plugin v26.6 - https:\/\/yoast.com\/wordpress\/plugins\/seo\/ -->\n<title>Opbevaringskurv - Senbera DK<\/title>\n<meta name=\"robots\" content=\"index, follow, max-snippet:-1, max-image-preview:large, max-video-preview:-1\" \/>\n<link rel=\"canonical\" href=\"https:\/\/senbera.com\/dk\/vare\/opbevaringskurv\/\" \/>\n<meta property=\"og:locale\" content=\"da_DK\" \/>\n<meta property=\"og:type\" content=\"article\" \/>\n<meta property=\"og:title\" content=\"Opbevaringskurv - Senbera DK\" \/>\n<meta property=\"og:description\" content=\"\ud83e\uddfa Tilf\u00f8j \u00f8jeblikkeligt ekstra opbevaringsplads \u2014 hvor som helst du har brug for det! Denne netopbevaringskurv er den perfekte oprydder [&hellip;]\" \/>\n<meta property=\"og:url\" content=\"https:\/\/senbera.com\/dk\/vare\/opbevaringskurv\/\" \/>\n<meta property=\"og:site_name\" content=\"Senbera DK\" \/>\n<meta property=\"article:modified_time\" content=\"2026-01-16T19:24:28+00:00\" \/>\n<meta property=\"og:image\" content=\"https:\/\/senbera.com\/dk\/wp-content\/uploads\/sites\/25\/2026\/01\/2fgzg3n-1.webp\" \/>\n\t<meta property=\"og:image:width\" content=\"800\" \/>\n\t<meta property=\"og:image:height\" content=\"800\" \/>\n\t<meta property=\"og:image:type\" content=\"image\/webp\" \/>\n<meta name=\"twitter:card\" content=\"summary_large_image\" \/>\n<meta name=\"twitter:label1\" content=\"Estimeret l\u00e6setid\" \/>\n\t<meta name=\"twitter:data1\" content=\"1 minut\" \/>\n<script type=\"application\/ld+json\" class=\"yoast-schema-graph\">{\"@context\":\"https:\/\/schema.org\",\"@graph\":[{\"@type\":\"WebPage\",\"@id\":\"https:\/\/senbera.com\/dk\/vare\/opbevaringskurv\/\",\"url\":\"https:\/\/senbera.com\/dk\/vare\/opbevaringskurv\/\",\"name\":\"Opbevaringskurv - Senbera DK\",\"isPartOf\":{\"@id\":\"https:\/\/senbera.com\/dk\/#website\"},\"primaryImageOfPage\":{\"@id\":\"https:\/\/senbera.com\/dk\/vare\/opbevaringskurv\/#primaryimage\"},\"image\":{\"@id\":\"https:\/\/senbera.com\/dk\/vare\/opbevaringskurv\/#primaryimage\"},\"thumbnailUrl\":\"https:\/\/senbera.com\/dk\/wp-content\/uploads\/sites\/25\/2026\/01\/2fgzg3n-1.webp\",\"datePublished\":\"2026-01-16T19:24:20+00:00\",\"dateModified\":\"2026-01-16T19:24:28+00:00\",\"breadcrumb\":{\"@id\":\"https:\/\/senbera.com\/dk\/vare\/opbevaringskurv\/#breadcrumb\"},\"inLanguage\":\"da-DK\",\"potentialAction\":[{\"@type\":\"ReadAction\",\"target\":[\"https:\/\/senbera.com\/dk\/vare\/opbevaringskurv\/\"]}]},{\"@type\":\"ImageObject\",\"inLanguage\":\"da-DK\",\"@id\":\"https:\/\/senbera.com\/dk\/vare\/opbevaringskurv\/#primaryimage\",\"url\":\"https:\/\/senbera.com\/dk\/wp-content\/uploads\/sites\/25\/2026\/01\/2fgzg3n-1.webp\",\"contentUrl\":\"https:\/\/senbera.com\/dk\/wp-content\/uploads\/sites\/25\/2026\/01\/2fgzg3n-1.webp\",\"width\":800,\"height\":800},{\"@type\":\"BreadcrumbList\",\"@id\":\"https:\/\/senbera.com\/dk\/vare\/opbevaringskurv\/#breadcrumb\",\"itemListElement\":[{\"@type\":\"ListItem\",\"position\":1,\"name\":\"Home\",\"item\":\"https:\/\/senbera.com\/dk\/\"},{\"@type\":\"ListItem\",\"position\":2,\"name\":\"Butik\",\"item\":\"https:\/\/senbera.com\/dk\/butik\/\"},{\"@type\":\"ListItem\",\"position\":3,\"name\":\"Opbevaringskurv\"}]},{\"@type\":\"WebSite\",\"@id\":\"https:\/\/senbera.com\/dk\/#website\",\"url\":\"https:\/\/senbera.com\/dk\/\",\"name\":\"Senbera DK\",\"description\":\"\",\"publisher\":{\"@id\":\"https:\/\/senbera.com\/dk\/#organization\"},\"potentialAction\":[{\"@type\":\"SearchAction\",\"target\":{\"@type\":\"EntryPoint\",\"urlTemplate\":\"https:\/\/senbera.com\/dk\/?s={search_term_string}\"},\"query-input\":{\"@type\":\"PropertyValueSpecification\",\"valueRequired\":true,\"valueName\":\"search_term_string\"}}],\"inLanguage\":\"da-DK\"},{\"@type\":\"Organization\",\"@id\":\"https:\/\/senbera.com\/dk\/#organization\",\"name\":\"Mekulo\",\"url\":\"https:\/\/senbera.com\/dk\/\",\"logo\":{\"@type\":\"ImageObject\",\"inLanguage\":\"da-DK\",\"@id\":\"https:\/\/senbera.com\/dk\/#\/schema\/logo\/image\/\",\"url\":\"https:\/\/senbera.com\/dk\/wp-content\/uploads\/sites\/25\/2025\/12\/favicon_mekulo.png\",\"contentUrl\":\"https:\/\/senbera.com\/dk\/wp-content\/uploads\/sites\/25\/2025\/12\/favicon_mekulo.png\",\"width\":50,\"height\":50,\"caption\":\"Mekulo\"},\"image\":{\"@id\":\"https:\/\/senbera.com\/dk\/#\/schema\/logo\/image\/\"}}]}<\/script>\n<!-- \/ Yoast SEO plugin. -->","yoast_head_json":{"title":"Opbevaringskurv - Senbera DK","robots":{"index":"index","follow":"follow","max-snippet":"max-snippet:-1","max-image-preview":"max-image-preview:large","max-video-preview":"max-video-preview:-1"},"canonical":"https:\/\/senbera.com\/dk\/vare\/opbevaringskurv\/","og_locale":"da_DK","og_type":"article","og_title":"Opbevaringskurv - Senbera DK","og_description":"\ud83e\uddfa Tilf\u00f8j \u00f8jeblikkeligt ekstra opbevaringsplads \u2014 hvor som helst du har brug for det! Denne netopbevaringskurv er den perfekte oprydder [&hellip;]","og_url":"https:\/\/senbera.com\/dk\/vare\/opbevaringskurv\/","og_site_name":"Senbera DK","article_modified_time":"2026-01-16T19:24:28+00:00","og_image":[{"width":800,"height":800,"url":"https:\/\/senbera.com\/dk\/wp-content\/uploads\/sites\/25\/2026\/01\/2fgzg3n-1.webp","type":"image\/webp"}],"twitter_card":"summary_large_image","twitter_misc":{"Estimeret l\u00e6setid":"1 minut"},"schema":{"@context":"https:\/\/schema.org","@graph":[{"@type":"WebPage","@id":"https:\/\/senbera.com\/dk\/vare\/opbevaringskurv\/","url":"https:\/\/senbera.com\/dk\/vare\/opbevaringskurv\/","name":"Opbevaringskurv - Senbera DK","isPartOf":{"@id":"https:\/\/senbera.com\/dk\/#website"},"primaryImageOfPage":{"@id":"https:\/\/senbera.com\/dk\/vare\/opbevaringskurv\/#primaryimage"},"image":{"@id":"https:\/\/senbera.com\/dk\/vare\/opbevaringskurv\/#primaryimage"},"thumbnailUrl":"https:\/\/senbera.com\/dk\/wp-content\/uploads\/sites\/25\/2026\/01\/2fgzg3n-1.webp","datePublished":"2026-01-16T19:24:20+00:00","dateModified":"2026-01-16T19:24:28+00:00","breadcrumb":{"@id":"https:\/\/senbera.com\/dk\/vare\/opbevaringskurv\/#breadcrumb"},"inLanguage":"da-DK","potentialAction":[{"@type":"ReadAction","target":["https:\/\/senbera.com\/dk\/vare\/opbevaringskurv\/"]}]},{"@type":"ImageObject","inLanguage":"da-DK","@id":"https:\/\/senbera.com\/dk\/vare\/opbevaringskurv\/#primaryimage","url":"https:\/\/senbera.com\/dk\/wp-content\/uploads\/sites\/25\/2026\/01\/2fgzg3n-1.webp","contentUrl":"https:\/\/senbera.com\/dk\/wp-content\/uploads\/sites\/25\/2026\/01\/2fgzg3n-1.webp","width":800,"height":800},{"@type":"BreadcrumbList","@id":"https:\/\/senbera.com\/dk\/vare\/opbevaringskurv\/#breadcrumb","itemListElement":[{"@type":"ListItem","position":1,"name":"Home","item":"https:\/\/senbera.com\/dk\/"},{"@type":"ListItem","position":2,"name":"Butik","item":"https:\/\/senbera.com\/dk\/butik\/"},{"@type":"ListItem","position":3,"name":"Opbevaringskurv"}]},{"@type":"WebSite","@id":"https:\/\/senbera.com\/dk\/#website","url":"https:\/\/senbera.com\/dk\/","name":"Senbera DK","description":"","publisher":{"@id":"https:\/\/senbera.com\/dk\/#organization"},"potentialAction":[{"@type":"SearchAction","target":{"@type":"EntryPoint","urlTemplate":"https:\/\/senbera.com\/dk\/?s={search_term_string}"},"query-input":{"@type":"PropertyValueSpecification","valueRequired":true,"valueName":"search_term_string"}}],"inLanguage":"da-DK"},{"@type":"Organization","@id":"https:\/\/senbera.com\/dk\/#organization","name":"Mekulo","url":"https:\/\/senbera.com\/dk\/","logo":{"@type":"ImageObject","inLanguage":"da-DK","@id":"https:\/\/senbera.com\/dk\/#\/schema\/logo\/image\/","url":"https:\/\/senbera.com\/dk\/wp-content\/uploads\/sites\/25\/2025\/12\/favicon_mekulo.png","contentUrl":"https:\/\/senbera.com\/dk\/wp-content\/uploads\/sites\/25\/2025\/12\/favicon_mekulo.png","width":50,"height":50,"caption":"Mekulo"},"image":{"@id":"https:\/\/senbera.com\/dk\/#\/schema\/logo\/image\/"}}]}},"_links":{"self":[{"href":"https:\/\/senbera.com\/dk\/wp-json\/wp\/v2\/product\/21201","targetHints":{"allow":["GET"]}}],"collection":[{"href":"https:\/\/senbera.com\/dk\/wp-json\/wp\/v2\/product"}],"about":[{"href":"https:\/\/senbera.com\/dk\/wp-json\/wp\/v2\/types\/product"}],"replies":[{"embeddable":true,"href":"https:\/\/senbera.com\/dk\/wp-json\/wp\/v2\/comments?post=21201"}],"wp:featuredmedia":[{"embeddable":true,"href":"https:\/\/senbera.com\/dk\/wp-json\/wp\/v2\/media\/21197"}],"wp:attachment":[{"href":"https:\/\/senbera.com\/dk\/wp-json\/wp\/v2\/media?parent=21201"}],"wp:term":[{"taxonomy":"product_brand","embeddable":true,"href":"https:\/\/senbera.com\/dk\/wp-json\/wp\/v2\/product_brand?post=21201"},{"taxonomy":"product_cat","embeddable":true,"href":"https:\/\/senbera.com\/dk\/wp-json\/wp\/v2\/product_cat?post=21201"},{"taxonomy":"product_tag","embeddable":true,"href":"https:\/\/senbera.com\/dk\/wp-json\/wp\/v2\/product_tag?post=21201"}],"curies":[{"name":"wp","href":"https:\/\/api.w.org\/{rel}","templated":true}]}}