{"id":21150,"date":"2026-01-16T21:20:52","date_gmt":"2026-01-16T19:20:52","guid":{"rendered":"https:\/\/senbera.com\/dk\/produkt\/neglelakfjerner\/"},"modified":"2026-01-16T21:26:38","modified_gmt":"2026-01-16T19:26:38","slug":"neglelakfjerner","status":"publish","type":"product","link":"https:\/\/senbera.com\/dk\/vare\/neglelakfjerner\/","title":{"rendered":"Neglelakfjerner"},"content":{"rendered":"<h2 style=\"text-align: center;\" data-start=\"46\" data-end=\"76\">Hurtig fjernelse<\/h2>\n<p style=\"text-align: center;\" data-start=\"78\" data-end=\"235\"><span class=\"relative -mx-px my-[-0.2rem] rounded px-px py-[0.2rem]\">Vores gelneglelakfjerner opl\u00f8ser hurtigt gelneglelak, UV-gel og semi-permanent lak.<\/span> <span class=\"relative -mx-px my-[-0.2rem] rounded px-px py-[0.2rem]\">Bare p\u00e5f\u00f8r den, vent et par minutter, og lakken kommer nemt af, s\u00e5 du sparer tid og kr\u00e6fter.<\/span> \u200b<\/p>\n<p data-start=\"78\" data-end=\"235\"><img decoding=\"async\" class=\"size-medium wp-image-12727 aligncenter\" src=\"https:\/\/keluvo.com\/template\/wp-content\/uploads\/sites\/5\/2025\/02\/nailpolishremover-ezgif.com-gif-to-webp-converter.webp\" alt=\"\" \/><\/p>\n<h2 style=\"text-align: center;\" data-start=\"237\" data-end=\"256\">Sk\u00e5nsom mod neglene<\/h2>\n<p style=\"text-align: center;\" data-start=\"258\" data-end=\"415\"><span class=\"relative -mx-px my-[-0.2rem] rounded px-px py-[0.2rem]\">P\u00e5 trods af sin styrke er denne fjerner sk\u00e5nsom mod dine negle.<\/span> <span class=\"relative -mx-px my-[-0.2rem] rounded px-px py-[0.2rem]\">Den fjerner effektivt lakken uden at skade eller udt\u00f8rre, s\u00e5 dine negle forbliver sunde og glatte efter hver brug.<\/span><\/p>\n<h2 style=\"text-align: center;\" data-start=\"417\" data-end=\"432\">Nem at bruge<\/h2>\n<p><img decoding=\"async\" class=\"size-medium wp-image-12724 aligncenter\" src=\"https:\/\/keluvo.com\/template\/wp-content\/uploads\/sites\/5\/2025\/02\/615OGG45RzL._SL1500_.jpg\" alt=\"\" \/><\/p>\n<ol style=\"text-align: center;\" data-start=\"434\" data-end=\"788\">\n<li data-start=\"434\" data-end=\"518\">\n<p data-start=\"437\" data-end=\"518\"><span class=\"relative -mx-px my-[-0.2rem] rounded px-px py-[0.2rem]\">Fil det \u00f8verste lag af dine gelenegle for at bryde forseglingen.<\/span>\u200b<\/p>\n<\/li>\n<li data-start=\"520\" data-end=\"608\">\n<p data-start=\"523\" data-end=\"608\"><span class=\"relative -mx-px my-[-0.2rem] rounded px-px py-[0.2rem]\">P\u00e5f\u00f8r gelfjerneren p\u00e5 hele negleoverfladen.<\/span>\u200b<\/p>\n<\/li>\n<li data-start=\"610\" data-end=\"698\">\n<p data-start=\"613\" data-end=\"698\"><span class=\"relative -mx-px my-[-0.2rem] rounded px-px py-[0.2rem]\">Vent i 3-5 minutter, mens fjerneren virker.<\/span>\u200b<\/p>\n<\/li>\n<li data-start=\"700\" data-end=\"788\">\n<p data-start=\"703\" data-end=\"788\"><span class=\"relative -mx-px my-[-0.2rem] rounded px-px py-[0.2rem]\">Skub forsigtigt den bl\u00f8dgjorte gel af med en negleb\u00e5ndsskubber.<\/span>\u200b<\/p>\n<\/li>\n<\/ol>\n<p style=\"text-align: center;\" data-start=\"790\" data-end=\"915\"><span class=\"relative -mx-px my-[-0.2rem] rounded px-px py-[0.2rem]\">Denne enkle proces g\u00f8r det muligt at fjerne gellack derhjemme uden behov for ibl\u00f8ds\u00e6tning eller indpakning.<\/span><\/p>\n<h2 style=\"text-align: center;\" data-start=\"917\" data-end=\"952\">Velegnet til alle negletyper<\/h2>\n<p style=\"text-align: center;\" data-start=\"954\" data-end=\"1119\"><span class=\"relative -mx-px my-[-0.2rem] rounded px-px py-[0.2rem]\">Uanset om du har UV-plastnegle, akrylnegle eller naturnegle, virker denne fjerner effektivt p\u00e5 alle typer.<\/span> <span class=\"relative -mx-px my-[-0.2rem] rounded px-px py-[0.2rem]\">Du kan opn\u00e5 en ren negleoverflade uden at skulle bes\u00f8ge en professionel salon.<\/span> \u200b<\/p>\n<p data-start=\"954\" data-end=\"1119\"><img decoding=\"async\" class=\"size-medium wp-image-12726 aligncenter\" src=\"https:\/\/keluvo.com\/template\/wp-content\/uploads\/sites\/5\/2025\/02\/61vg6wONySL._SL1500_.jpg\" alt=\"\" \/><\/p>\n<h2 style=\"text-align: center;\" data-start=\"1121\" data-end=\"1157\">Perfekt til DIY-negleentusiaster<\/h2>\n<p style=\"text-align: center;\" data-start=\"1159\" data-end=\"1324\"><span class=\"relative -mx-px my-[-0.2rem] rounded px-px py-[0.2rem]\">Ideal til dem, der elsker at lave deres egne negle, da denne fjerner er praktisk og nem at have med.<\/span> <span class=\"relative -mx-px my-[-0.2rem] rounded px-px py-[0.2rem]\">Den giver dig mulighed for at vedligeholde dine negle uden besv\u00e6r, hvilket g\u00f8r den til en god gave til alle, der nyder neglekunst.<\/span><\/p>\n<h2 style=\"text-align: center;\" data-start=\"1326\" data-end=\"1345\">Specifikationer:<\/h2>\n<ul>\n<li><b>Materiale<\/b>: Naturlige harpiksingredienser<\/li>\n<li><b>Farve<\/b>: Gennemsigtig<\/li>\n<li><b>Volumen<\/b>: 15 ml<\/li>\n<\/ul>\n<h2 style=\"text-align: center;\" data-start=\"1651\" data-end=\"1672\">Pakken indeholder:<\/h2>\n<ul data-start=\"1674\" data-end=\"1761\">\n<li style=\"text-align: left;\" data-start=\"1674\" data-end=\"1761\"><span class=\"relative -mx-px my-[-0.2rem] rounded px-px py-[0.2rem]\">1,2, 4x gel neglelakfjerner (15ml)<\/span>\u200b<\/li>\n<\/ul>\n","protected":false},"excerpt":{"rendered":"<p>Hurtig fjernelse Vores gelneglelakfjerner opl\u00f8ser hurtigt gelneglelak, UV-gel og semi-permanent lak. Bare p\u00e5f\u00f8r den, vent et par minutter, og lakken [&hellip;]<\/p>\n","protected":false},"featured_media":21146,"comment_status":"open","ping_status":"closed","template":"","meta":{"site-sidebar-layout":"default","site-content-layout":"","ast-site-content-layout":"default","site-content-style":"default","site-sidebar-style":"default","ast-global-header-display":"","ast-banner-title-visibility":"","ast-main-header-display":"","ast-hfb-above-header-display":"","ast-hfb-below-header-display":"","ast-hfb-mobile-header-display":"","site-post-title":"","ast-breadcrumbs-content":"","ast-featured-img":"","footer-sml-layout":"","ast-disable-related-posts":"","theme-transparent-header-meta":"default","adv-header-id-meta":"","stick-header-meta":"","header-above-stick-meta":"","header-main-stick-meta":"","header-below-stick-meta":"","astra-migrate-meta-layouts":"set","ast-page-background-enabled":"default","ast-page-background-meta":{"desktop":{"background-color":"var(--ast-global-color-5)","background-image":"","background-repeat":"repeat","background-position":"center center","background-size":"auto","background-attachment":"scroll","background-type":"","background-media":"","overlay-type":"","overlay-color":"","overlay-opacity":"","overlay-gradient":""},"tablet":{"background-color":"","background-image":"","background-repeat":"repeat","background-position":"center center","background-size":"auto","background-attachment":"scroll","background-type":"","background-media":"","overlay-type":"","overlay-color":"","overlay-opacity":"","overlay-gradient":""},"mobile":{"background-color":"","background-image":"","background-repeat":"repeat","background-position":"center center","background-size":"auto","background-attachment":"scroll","background-type":"","background-media":"","overlay-type":"","overlay-color":"","overlay-opacity":"","overlay-gradient":""}},"ast-content-background-meta":{"desktop":{"background-color":"var(--ast-global-color-4)","background-image":"","background-repeat":"repeat","background-position":"center center","background-size":"auto","background-attachment":"scroll","background-type":"","background-media":"","overlay-type":"","overlay-color":"","overlay-opacity":"","overlay-gradient":""},"tablet":{"background-color":"var(--ast-global-color-4)","background-image":"","background-repeat":"repeat","background-position":"center center","background-size":"auto","background-attachment":"scroll","background-type":"","background-media":"","overlay-type":"","overlay-color":"","overlay-opacity":"","overlay-gradient":""},"mobile":{"background-color":"var(--ast-global-color-4)","background-image":"","background-repeat":"repeat","background-position":"center center","background-size":"auto","background-attachment":"scroll","background-type":"","background-media":"","overlay-type":"","overlay-color":"","overlay-opacity":"","overlay-gradient":""}}},"product_brand":[],"product_cat":[15],"product_tag":[],"class_list":{"0":"post-21150","1":"product","2":"type-product","3":"status-publish","4":"has-post-thumbnail","6":"product_cat-ikke-kategoriseret","7":"pa_21536_vdaq536c-1-stk","8":"pa_21536_vdaq536c-2-stk","9":"pa_21536_vdaq536c-4-stk","10":"desktop-align-left","11":"tablet-align-left","12":"mobile-align-left","14":"first","15":"instock","16":"shipping-taxable","17":"purchasable","18":"product-type-variable"},"yoast_head":"<!-- This site is optimized with the Yoast SEO plugin v27.4 - https:\/\/yoast.com\/product\/yoast-seo-wordpress\/ -->\n<title>Neglelakfjerner - Senbera DK<\/title>\n<meta name=\"robots\" content=\"index, follow, max-snippet:-1, max-image-preview:large, max-video-preview:-1\" \/>\n<link rel=\"canonical\" href=\"https:\/\/senbera.com\/dk\/vare\/neglelakfjerner\/\" \/>\n<meta property=\"og:locale\" content=\"da_DK\" \/>\n<meta property=\"og:type\" content=\"article\" \/>\n<meta property=\"og:title\" content=\"Neglelakfjerner - Senbera DK\" \/>\n<meta property=\"og:description\" content=\"Hurtig fjernelse Vores gelneglelakfjerner opl\u00f8ser hurtigt gelneglelak, UV-gel og semi-permanent lak. Bare p\u00e5f\u00f8r den, vent et par minutter, og lakken [&hellip;]\" \/>\n<meta property=\"og:url\" content=\"https:\/\/senbera.com\/dk\/vare\/neglelakfjerner\/\" \/>\n<meta property=\"og:site_name\" content=\"Senbera DK\" \/>\n<meta property=\"article:modified_time\" content=\"2026-01-16T19:26:38+00:00\" \/>\n<meta property=\"og:image\" content=\"https:\/\/senbera.com\/dk\/wp-content\/uploads\/sites\/25\/2026\/01\/fv40y8g-1.jpg\" \/>\n\t<meta property=\"og:image:width\" content=\"1500\" \/>\n\t<meta property=\"og:image:height\" content=\"1500\" \/>\n\t<meta property=\"og:image:type\" content=\"image\/jpeg\" \/>\n<meta name=\"twitter:card\" content=\"summary_large_image\" \/>\n<meta name=\"twitter:label1\" content=\"Estimeret l\u00e6setid\" \/>\n\t<meta name=\"twitter:data1\" content=\"2 minutter\" \/>\n<script type=\"application\/ld+json\" class=\"yoast-schema-graph\">{\"@context\":\"https:\\\/\\\/schema.org\",\"@graph\":[{\"@type\":\"WebPage\",\"@id\":\"https:\\\/\\\/senbera.com\\\/dk\\\/vare\\\/neglelakfjerner\\\/\",\"url\":\"https:\\\/\\\/senbera.com\\\/dk\\\/vare\\\/neglelakfjerner\\\/\",\"name\":\"Neglelakfjerner - Senbera DK\",\"isPartOf\":{\"@id\":\"https:\\\/\\\/senbera.com\\\/dk\\\/#website\"},\"primaryImageOfPage\":{\"@id\":\"https:\\\/\\\/senbera.com\\\/dk\\\/vare\\\/neglelakfjerner\\\/#primaryimage\"},\"image\":{\"@id\":\"https:\\\/\\\/senbera.com\\\/dk\\\/vare\\\/neglelakfjerner\\\/#primaryimage\"},\"thumbnailUrl\":\"https:\\\/\\\/senbera.com\\\/dk\\\/wp-content\\\/uploads\\\/sites\\\/25\\\/2026\\\/01\\\/fv40y8g-1.jpg\",\"datePublished\":\"2026-01-16T19:20:52+00:00\",\"dateModified\":\"2026-01-16T19:26:38+00:00\",\"breadcrumb\":{\"@id\":\"https:\\\/\\\/senbera.com\\\/dk\\\/vare\\\/neglelakfjerner\\\/#breadcrumb\"},\"inLanguage\":\"da-DK\",\"potentialAction\":[{\"@type\":\"ReadAction\",\"target\":[\"https:\\\/\\\/senbera.com\\\/dk\\\/vare\\\/neglelakfjerner\\\/\"]}]},{\"@type\":\"ImageObject\",\"inLanguage\":\"da-DK\",\"@id\":\"https:\\\/\\\/senbera.com\\\/dk\\\/vare\\\/neglelakfjerner\\\/#primaryimage\",\"url\":\"https:\\\/\\\/senbera.com\\\/dk\\\/wp-content\\\/uploads\\\/sites\\\/25\\\/2026\\\/01\\\/fv40y8g-1.jpg\",\"contentUrl\":\"https:\\\/\\\/senbera.com\\\/dk\\\/wp-content\\\/uploads\\\/sites\\\/25\\\/2026\\\/01\\\/fv40y8g-1.jpg\",\"width\":1500,\"height\":1500},{\"@type\":\"BreadcrumbList\",\"@id\":\"https:\\\/\\\/senbera.com\\\/dk\\\/vare\\\/neglelakfjerner\\\/#breadcrumb\",\"itemListElement\":[{\"@type\":\"ListItem\",\"position\":1,\"name\":\"Home\",\"item\":\"https:\\\/\\\/senbera.com\\\/dk\\\/\"},{\"@type\":\"ListItem\",\"position\":2,\"name\":\"Butik\",\"item\":\"https:\\\/\\\/senbera.com\\\/dk\\\/butik\\\/\"},{\"@type\":\"ListItem\",\"position\":3,\"name\":\"Neglelakfjerner\"}]},{\"@type\":\"WebSite\",\"@id\":\"https:\\\/\\\/senbera.com\\\/dk\\\/#website\",\"url\":\"https:\\\/\\\/senbera.com\\\/dk\\\/\",\"name\":\"Senbera DK\",\"description\":\"\",\"publisher\":{\"@id\":\"https:\\\/\\\/senbera.com\\\/dk\\\/#organization\"},\"potentialAction\":[{\"@type\":\"SearchAction\",\"target\":{\"@type\":\"EntryPoint\",\"urlTemplate\":\"https:\\\/\\\/senbera.com\\\/dk\\\/?s={search_term_string}\"},\"query-input\":{\"@type\":\"PropertyValueSpecification\",\"valueRequired\":true,\"valueName\":\"search_term_string\"}}],\"inLanguage\":\"da-DK\"},{\"@type\":\"Organization\",\"@id\":\"https:\\\/\\\/senbera.com\\\/dk\\\/#organization\",\"name\":\"Mekulo\",\"url\":\"https:\\\/\\\/senbera.com\\\/dk\\\/\",\"logo\":{\"@type\":\"ImageObject\",\"inLanguage\":\"da-DK\",\"@id\":\"https:\\\/\\\/senbera.com\\\/dk\\\/#\\\/schema\\\/logo\\\/image\\\/\",\"url\":\"https:\\\/\\\/senbera.com\\\/dk\\\/wp-content\\\/uploads\\\/sites\\\/25\\\/2025\\\/12\\\/favicon_mekulo.png\",\"contentUrl\":\"https:\\\/\\\/senbera.com\\\/dk\\\/wp-content\\\/uploads\\\/sites\\\/25\\\/2025\\\/12\\\/favicon_mekulo.png\",\"width\":50,\"height\":50,\"caption\":\"Mekulo\"},\"image\":{\"@id\":\"https:\\\/\\\/senbera.com\\\/dk\\\/#\\\/schema\\\/logo\\\/image\\\/\"}}]}<\/script>\n<!-- \/ Yoast SEO plugin. -->","yoast_head_json":{"title":"Neglelakfjerner - Senbera DK","robots":{"index":"index","follow":"follow","max-snippet":"max-snippet:-1","max-image-preview":"max-image-preview:large","max-video-preview":"max-video-preview:-1"},"canonical":"https:\/\/senbera.com\/dk\/vare\/neglelakfjerner\/","og_locale":"da_DK","og_type":"article","og_title":"Neglelakfjerner - Senbera DK","og_description":"Hurtig fjernelse Vores gelneglelakfjerner opl\u00f8ser hurtigt gelneglelak, UV-gel og semi-permanent lak. Bare p\u00e5f\u00f8r den, vent et par minutter, og lakken [&hellip;]","og_url":"https:\/\/senbera.com\/dk\/vare\/neglelakfjerner\/","og_site_name":"Senbera DK","article_modified_time":"2026-01-16T19:26:38+00:00","og_image":[{"width":1500,"height":1500,"url":"https:\/\/senbera.com\/dk\/wp-content\/uploads\/sites\/25\/2026\/01\/fv40y8g-1.jpg","type":"image\/jpeg"}],"twitter_card":"summary_large_image","twitter_misc":{"Estimeret l\u00e6setid":"2 minutter"},"schema":{"@context":"https:\/\/schema.org","@graph":[{"@type":"WebPage","@id":"https:\/\/senbera.com\/dk\/vare\/neglelakfjerner\/","url":"https:\/\/senbera.com\/dk\/vare\/neglelakfjerner\/","name":"Neglelakfjerner - Senbera DK","isPartOf":{"@id":"https:\/\/senbera.com\/dk\/#website"},"primaryImageOfPage":{"@id":"https:\/\/senbera.com\/dk\/vare\/neglelakfjerner\/#primaryimage"},"image":{"@id":"https:\/\/senbera.com\/dk\/vare\/neglelakfjerner\/#primaryimage"},"thumbnailUrl":"https:\/\/senbera.com\/dk\/wp-content\/uploads\/sites\/25\/2026\/01\/fv40y8g-1.jpg","datePublished":"2026-01-16T19:20:52+00:00","dateModified":"2026-01-16T19:26:38+00:00","breadcrumb":{"@id":"https:\/\/senbera.com\/dk\/vare\/neglelakfjerner\/#breadcrumb"},"inLanguage":"da-DK","potentialAction":[{"@type":"ReadAction","target":["https:\/\/senbera.com\/dk\/vare\/neglelakfjerner\/"]}]},{"@type":"ImageObject","inLanguage":"da-DK","@id":"https:\/\/senbera.com\/dk\/vare\/neglelakfjerner\/#primaryimage","url":"https:\/\/senbera.com\/dk\/wp-content\/uploads\/sites\/25\/2026\/01\/fv40y8g-1.jpg","contentUrl":"https:\/\/senbera.com\/dk\/wp-content\/uploads\/sites\/25\/2026\/01\/fv40y8g-1.jpg","width":1500,"height":1500},{"@type":"BreadcrumbList","@id":"https:\/\/senbera.com\/dk\/vare\/neglelakfjerner\/#breadcrumb","itemListElement":[{"@type":"ListItem","position":1,"name":"Home","item":"https:\/\/senbera.com\/dk\/"},{"@type":"ListItem","position":2,"name":"Butik","item":"https:\/\/senbera.com\/dk\/butik\/"},{"@type":"ListItem","position":3,"name":"Neglelakfjerner"}]},{"@type":"WebSite","@id":"https:\/\/senbera.com\/dk\/#website","url":"https:\/\/senbera.com\/dk\/","name":"Senbera DK","description":"","publisher":{"@id":"https:\/\/senbera.com\/dk\/#organization"},"potentialAction":[{"@type":"SearchAction","target":{"@type":"EntryPoint","urlTemplate":"https:\/\/senbera.com\/dk\/?s={search_term_string}"},"query-input":{"@type":"PropertyValueSpecification","valueRequired":true,"valueName":"search_term_string"}}],"inLanguage":"da-DK"},{"@type":"Organization","@id":"https:\/\/senbera.com\/dk\/#organization","name":"Mekulo","url":"https:\/\/senbera.com\/dk\/","logo":{"@type":"ImageObject","inLanguage":"da-DK","@id":"https:\/\/senbera.com\/dk\/#\/schema\/logo\/image\/","url":"https:\/\/senbera.com\/dk\/wp-content\/uploads\/sites\/25\/2025\/12\/favicon_mekulo.png","contentUrl":"https:\/\/senbera.com\/dk\/wp-content\/uploads\/sites\/25\/2025\/12\/favicon_mekulo.png","width":50,"height":50,"caption":"Mekulo"},"image":{"@id":"https:\/\/senbera.com\/dk\/#\/schema\/logo\/image\/"}}]}},"_links":{"self":[{"href":"https:\/\/senbera.com\/dk\/wp-json\/wp\/v2\/product\/21150","targetHints":{"allow":["GET"]}}],"collection":[{"href":"https:\/\/senbera.com\/dk\/wp-json\/wp\/v2\/product"}],"about":[{"href":"https:\/\/senbera.com\/dk\/wp-json\/wp\/v2\/types\/product"}],"replies":[{"embeddable":true,"href":"https:\/\/senbera.com\/dk\/wp-json\/wp\/v2\/comments?post=21150"}],"wp:featuredmedia":[{"embeddable":true,"href":"https:\/\/senbera.com\/dk\/wp-json\/wp\/v2\/media\/21146"}],"wp:attachment":[{"href":"https:\/\/senbera.com\/dk\/wp-json\/wp\/v2\/media?parent=21150"}],"wp:term":[{"taxonomy":"product_brand","embeddable":true,"href":"https:\/\/senbera.com\/dk\/wp-json\/wp\/v2\/product_brand?post=21150"},{"taxonomy":"product_cat","embeddable":true,"href":"https:\/\/senbera.com\/dk\/wp-json\/wp\/v2\/product_cat?post=21150"},{"taxonomy":"product_tag","embeddable":true,"href":"https:\/\/senbera.com\/dk\/wp-json\/wp\/v2\/product_tag?post=21150"}],"curies":[{"name":"wp","href":"https:\/\/api.w.org\/{rel}","templated":true}]}}