{"id":21123,"date":"2026-01-16T21:19:02","date_gmt":"2026-01-16T19:19:02","guid":{"rendered":"https:\/\/senbera.com\/dk\/produkt\/holder-til-skabsdoer\/"},"modified":"2026-01-16T21:19:38","modified_gmt":"2026-01-16T19:19:38","slug":"holder-til-skabsdoer","status":"publish","type":"product","link":"https:\/\/senbera.com\/dk\/vare\/holder-til-skabsdoer\/","title":{"rendered":"Holder til skabsd\u00f8r"},"content":{"rendered":"<p style=\"text-align: center\" data-start=\"163\" data-end=\"488\"><strong data-start=\"163\" data-end=\"218\">Hold Dine Skabe T\u00e6t Lukket Og Knirkefri! \ud83d\udd12<\/strong><\/p>\n<p style=\"text-align: center\" data-start=\"163\" data-end=\"488\">Disse skabsd\u00f8rholdere bruger et fjederbelastet rullesystem til at holde d\u00f8re, skuffer og skabe lukket &#8211; uden at sm\u00e6kke eller l\u00f8sne sig over tid. De er bygget til at holde og er nemme at installere og er perfekte til k\u00f8kken, badev\u00e6relse, autocamper eller garderobe.<\/p>\n<p data-start=\"163\" data-end=\"488\"><img decoding=\"async\" class=\"size-full wp-image-29607 aligncenter\" src=\"https:\/\/keluvo.com\/template\/wp-content\/uploads\/sites\/5\/2025\/07\/de6015457126e7968f755e8829c5d1ee.gif\" alt=\"\" \/><\/p>\n<h2 style=\"text-align: center\" data-start=\"495\" data-end=\"515\"><strong>Hovedfordele \ud83e\udde9<\/strong><\/h2>\n<p data-start=\"517\" data-end=\"997\">\ud83c\udf00 J\u00e6vn, lydl\u00f8s lukning &#8211; Nylonruller sikrer st\u00f8jfri drift.<\/p>\n<p data-start=\"517\" data-end=\"997\">\ud83d\udd29 St\u00e6rkt greb &#8211; Indbygget fjeder holder d\u00f8rene sikkert lukket.<\/p>\n<p data-start=\"517\" data-end=\"997\">\ud83d\udee0\ufe0f Holdbar metalkonstruktion &#8211; Lavet af rustbestandigt rustfrit st\u00e5l.<\/p>\n<p data-start=\"517\" data-end=\"997\">\ud83d\udeaa Universel pasform &#8211; Ideel til skabsd\u00f8re, garderobeskabe, skuffer og spisekamre.<\/p>\n<p data-start=\"517\" data-end=\"997\">\ud83c\udfaf Nem at installere &#8211; Skru bare basen og l\u00e5sen i &#8211; der kr\u00e6ves ikke specialv\u00e6rkt\u00f8j.<\/p>\n<p data-start=\"517\" data-end=\"997\">\ud83e\uddf2 Kompakt design &#8211; Passer p\u00e6nt ind uden at p\u00e5virke skabets \u00e6stetik.<\/p>\n<p data-start=\"517\" data-end=\"997\"><img decoding=\"async\" class=\"size-full wp-image-29612 aligncenter\" src=\"https:\/\/keluvo.com\/template\/wp-content\/uploads\/sites\/5\/2025\/07\/1e0d595dcf0f0be16b7a1547ce80a04d.webp\" alt=\"\" \/><\/p>\n<h2 style=\"text-align: center\" data-start=\"1004\" data-end=\"1025\"><strong>S\u00e5dan Installeres \ud83e\ude9b<\/strong><\/h2>\n<ol data-start=\"1027\" data-end=\"1198\">\n<li data-start=\"1027\" data-end=\"1072\">\n<p data-start=\"1030\" data-end=\"1072\">Placer l\u00e5sen p\u00e5 skabsrammen.<\/p>\n<\/li>\n<li data-start=\"1073\" data-end=\"1112\">\n<p data-start=\"1076\" data-end=\"1112\">Juster l\u00e5sepladen p\u00e5 d\u00f8ren.<\/p>\n<\/li>\n<li data-start=\"1113\" data-end=\"1166\">\n<p data-start=\"1116\" data-end=\"1166\">Skru begge dele fast med de medf\u00f8lgende skruer.<\/p>\n<\/li>\n<li data-start=\"1167\" data-end=\"1198\">\n<p data-start=\"1170\" data-end=\"1198\">Luk d\u00f8ren for at teste &#8211; f\u00e6rdig!<\/p>\n<\/li>\n<\/ol>\n<h2 style=\"text-align: center\" data-start=\"1205\" data-end=\"1227\"><strong>Produktdetaljer \ud83d\udccf<\/strong><\/h2>\n<ul data-start=\"1229\" data-end=\"1435\">\n<li data-start=\"1229\" data-end=\"1273\">\n<p data-start=\"1231\" data-end=\"1273\">Materiale: Rustfrit st\u00e5l + nylonhjul<\/p>\n<\/li>\n<li data-start=\"1274\" data-end=\"1323\">\n<p data-start=\"1276\" data-end=\"1323\">Design: Fjederbelastet rulle med l\u00e5seplade<\/p>\n<\/li>\n<li data-start=\"1381\" data-end=\"1435\">\n<p data-start=\"1383\" data-end=\"1435\">Anvendelse: K\u00f8kken, skuffe, skab, campingvogn, garderobe<\/p>\n<\/li>\n<\/ul>\n<h2 style=\"text-align: center\" data-start=\"1442\" data-end=\"1465\"><strong>Pakken Indeholder \ud83d\udce6<\/strong><\/h2>\n<ul data-start=\"1467\" data-end=\"1533\">\n<li data-start=\"1467\" data-end=\"1491\">5, 10, 15x skabsd\u00f8rholdere.<\/li>\n<\/ul>\n","protected":false},"excerpt":{"rendered":"<p>Hold Dine Skabe T\u00e6t Lukket Og Knirkefri! \ud83d\udd12 Disse skabsd\u00f8rholdere bruger et fjederbelastet rullesystem til at holde d\u00f8re, skuffer og [&hellip;]<\/p>\n","protected":false},"featured_media":21119,"comment_status":"open","ping_status":"closed","template":"","meta":{"site-sidebar-layout":"default","site-content-layout":"","ast-site-content-layout":"default","site-content-style":"default","site-sidebar-style":"default","ast-global-header-display":"","ast-banner-title-visibility":"","ast-main-header-display":"","ast-hfb-above-header-display":"","ast-hfb-below-header-display":"","ast-hfb-mobile-header-display":"","site-post-title":"","ast-breadcrumbs-content":"","ast-featured-img":"","footer-sml-layout":"","theme-transparent-header-meta":"default","adv-header-id-meta":"","stick-header-meta":"","header-above-stick-meta":"","header-main-stick-meta":"","header-below-stick-meta":"","astra-migrate-meta-layouts":"set","ast-page-background-enabled":"default","ast-page-background-meta":{"desktop":{"background-color":"var(--ast-global-color-5)","background-image":"","background-repeat":"repeat","background-position":"center center","background-size":"auto","background-attachment":"scroll","background-type":"","background-media":"","overlay-type":"","overlay-color":"","overlay-opacity":"","overlay-gradient":""},"tablet":{"background-color":"","background-image":"","background-repeat":"repeat","background-position":"center center","background-size":"auto","background-attachment":"scroll","background-type":"","background-media":"","overlay-type":"","overlay-color":"","overlay-opacity":"","overlay-gradient":""},"mobile":{"background-color":"","background-image":"","background-repeat":"repeat","background-position":"center center","background-size":"auto","background-attachment":"scroll","background-type":"","background-media":"","overlay-type":"","overlay-color":"","overlay-opacity":"","overlay-gradient":""}},"ast-content-background-meta":{"desktop":{"background-color":"var(--ast-global-color-4)","background-image":"","background-repeat":"repeat","background-position":"center center","background-size":"auto","background-attachment":"scroll","background-type":"","background-media":"","overlay-type":"","overlay-color":"","overlay-opacity":"","overlay-gradient":""},"tablet":{"background-color":"var(--ast-global-color-4)","background-image":"","background-repeat":"repeat","background-position":"center center","background-size":"auto","background-attachment":"scroll","background-type":"","background-media":"","overlay-type":"","overlay-color":"","overlay-opacity":"","overlay-gradient":""},"mobile":{"background-color":"var(--ast-global-color-4)","background-image":"","background-repeat":"repeat","background-position":"center center","background-size":"auto","background-attachment":"scroll","background-type":"","background-media":"","overlay-type":"","overlay-color":"","overlay-opacity":"","overlay-gradient":""}}},"product_brand":[],"product_cat":[15],"product_tag":[],"class_list":{"0":"post-21123","1":"product","2":"type-product","3":"status-publish","4":"has-post-thumbnail","6":"product_cat-ikke-kategoriseret","7":"pa_21525_rfpsyphp-guld","8":"pa_21525_rfpsyphp-rosaguld","9":"pa_21525_rfpsyphp-soelv","10":"pa_21525_w3vsgl0d-5-stk","11":"pa_21525_w3vsgl0d-10-stk","12":"pa_21525_w3vsgl0d-15-stk","13":"desktop-align-left","14":"tablet-align-left","15":"mobile-align-left","17":"first","18":"instock","19":"shipping-taxable","20":"purchasable","21":"product-type-variable","22":"has-default-attributes"},"yoast_head":"<!-- This site is optimized with the Yoast SEO plugin v26.6 - https:\/\/yoast.com\/wordpress\/plugins\/seo\/ -->\n<title>Holder til skabsd\u00f8r - Senbera DK<\/title>\n<meta name=\"robots\" content=\"index, follow, max-snippet:-1, max-image-preview:large, max-video-preview:-1\" \/>\n<link rel=\"canonical\" href=\"https:\/\/senbera.com\/dk\/vare\/holder-til-skabsdoer\/\" \/>\n<meta property=\"og:locale\" content=\"da_DK\" \/>\n<meta property=\"og:type\" content=\"article\" \/>\n<meta property=\"og:title\" content=\"Holder til skabsd\u00f8r - Senbera DK\" \/>\n<meta property=\"og:description\" content=\"Hold Dine Skabe T\u00e6t Lukket Og Knirkefri! \ud83d\udd12 Disse skabsd\u00f8rholdere bruger et fjederbelastet rullesystem til at holde d\u00f8re, skuffer og [&hellip;]\" \/>\n<meta property=\"og:url\" content=\"https:\/\/senbera.com\/dk\/vare\/holder-til-skabsdoer\/\" \/>\n<meta property=\"og:site_name\" content=\"Senbera DK\" \/>\n<meta property=\"article:modified_time\" content=\"2026-01-16T19:19:38+00:00\" \/>\n<meta property=\"og:image\" content=\"https:\/\/senbera.com\/dk\/wp-content\/uploads\/sites\/25\/2026\/01\/n2xi6ca-1.webp\" \/>\n\t<meta property=\"og:image:width\" content=\"800\" \/>\n\t<meta property=\"og:image:height\" content=\"800\" \/>\n\t<meta property=\"og:image:type\" content=\"image\/webp\" \/>\n<meta name=\"twitter:card\" content=\"summary_large_image\" \/>\n<meta name=\"twitter:label1\" content=\"Estimeret l\u00e6setid\" \/>\n\t<meta name=\"twitter:data1\" content=\"1 minut\" \/>\n<script type=\"application\/ld+json\" class=\"yoast-schema-graph\">{\"@context\":\"https:\/\/schema.org\",\"@graph\":[{\"@type\":\"WebPage\",\"@id\":\"https:\/\/senbera.com\/dk\/vare\/holder-til-skabsdoer\/\",\"url\":\"https:\/\/senbera.com\/dk\/vare\/holder-til-skabsdoer\/\",\"name\":\"Holder til skabsd\u00f8r - Senbera DK\",\"isPartOf\":{\"@id\":\"https:\/\/senbera.com\/dk\/#website\"},\"primaryImageOfPage\":{\"@id\":\"https:\/\/senbera.com\/dk\/vare\/holder-til-skabsdoer\/#primaryimage\"},\"image\":{\"@id\":\"https:\/\/senbera.com\/dk\/vare\/holder-til-skabsdoer\/#primaryimage\"},\"thumbnailUrl\":\"https:\/\/senbera.com\/dk\/wp-content\/uploads\/sites\/25\/2026\/01\/n2xi6ca-1.webp\",\"datePublished\":\"2026-01-16T19:19:02+00:00\",\"dateModified\":\"2026-01-16T19:19:38+00:00\",\"breadcrumb\":{\"@id\":\"https:\/\/senbera.com\/dk\/vare\/holder-til-skabsdoer\/#breadcrumb\"},\"inLanguage\":\"da-DK\",\"potentialAction\":[{\"@type\":\"ReadAction\",\"target\":[\"https:\/\/senbera.com\/dk\/vare\/holder-til-skabsdoer\/\"]}]},{\"@type\":\"ImageObject\",\"inLanguage\":\"da-DK\",\"@id\":\"https:\/\/senbera.com\/dk\/vare\/holder-til-skabsdoer\/#primaryimage\",\"url\":\"https:\/\/senbera.com\/dk\/wp-content\/uploads\/sites\/25\/2026\/01\/n2xi6ca-1.webp\",\"contentUrl\":\"https:\/\/senbera.com\/dk\/wp-content\/uploads\/sites\/25\/2026\/01\/n2xi6ca-1.webp\",\"width\":800,\"height\":800},{\"@type\":\"BreadcrumbList\",\"@id\":\"https:\/\/senbera.com\/dk\/vare\/holder-til-skabsdoer\/#breadcrumb\",\"itemListElement\":[{\"@type\":\"ListItem\",\"position\":1,\"name\":\"Home\",\"item\":\"https:\/\/senbera.com\/dk\/\"},{\"@type\":\"ListItem\",\"position\":2,\"name\":\"Butik\",\"item\":\"https:\/\/senbera.com\/dk\/butik\/\"},{\"@type\":\"ListItem\",\"position\":3,\"name\":\"Holder til skabsd\u00f8r\"}]},{\"@type\":\"WebSite\",\"@id\":\"https:\/\/senbera.com\/dk\/#website\",\"url\":\"https:\/\/senbera.com\/dk\/\",\"name\":\"Senbera DK\",\"description\":\"\",\"publisher\":{\"@id\":\"https:\/\/senbera.com\/dk\/#organization\"},\"potentialAction\":[{\"@type\":\"SearchAction\",\"target\":{\"@type\":\"EntryPoint\",\"urlTemplate\":\"https:\/\/senbera.com\/dk\/?s={search_term_string}\"},\"query-input\":{\"@type\":\"PropertyValueSpecification\",\"valueRequired\":true,\"valueName\":\"search_term_string\"}}],\"inLanguage\":\"da-DK\"},{\"@type\":\"Organization\",\"@id\":\"https:\/\/senbera.com\/dk\/#organization\",\"name\":\"Mekulo\",\"url\":\"https:\/\/senbera.com\/dk\/\",\"logo\":{\"@type\":\"ImageObject\",\"inLanguage\":\"da-DK\",\"@id\":\"https:\/\/senbera.com\/dk\/#\/schema\/logo\/image\/\",\"url\":\"https:\/\/senbera.com\/dk\/wp-content\/uploads\/sites\/25\/2025\/12\/favicon_mekulo.png\",\"contentUrl\":\"https:\/\/senbera.com\/dk\/wp-content\/uploads\/sites\/25\/2025\/12\/favicon_mekulo.png\",\"width\":50,\"height\":50,\"caption\":\"Mekulo\"},\"image\":{\"@id\":\"https:\/\/senbera.com\/dk\/#\/schema\/logo\/image\/\"}}]}<\/script>\n<!-- \/ Yoast SEO plugin. -->","yoast_head_json":{"title":"Holder til skabsd\u00f8r - Senbera DK","robots":{"index":"index","follow":"follow","max-snippet":"max-snippet:-1","max-image-preview":"max-image-preview:large","max-video-preview":"max-video-preview:-1"},"canonical":"https:\/\/senbera.com\/dk\/vare\/holder-til-skabsdoer\/","og_locale":"da_DK","og_type":"article","og_title":"Holder til skabsd\u00f8r - Senbera DK","og_description":"Hold Dine Skabe T\u00e6t Lukket Og Knirkefri! \ud83d\udd12 Disse skabsd\u00f8rholdere bruger et fjederbelastet rullesystem til at holde d\u00f8re, skuffer og [&hellip;]","og_url":"https:\/\/senbera.com\/dk\/vare\/holder-til-skabsdoer\/","og_site_name":"Senbera DK","article_modified_time":"2026-01-16T19:19:38+00:00","og_image":[{"width":800,"height":800,"url":"https:\/\/senbera.com\/dk\/wp-content\/uploads\/sites\/25\/2026\/01\/n2xi6ca-1.webp","type":"image\/webp"}],"twitter_card":"summary_large_image","twitter_misc":{"Estimeret l\u00e6setid":"1 minut"},"schema":{"@context":"https:\/\/schema.org","@graph":[{"@type":"WebPage","@id":"https:\/\/senbera.com\/dk\/vare\/holder-til-skabsdoer\/","url":"https:\/\/senbera.com\/dk\/vare\/holder-til-skabsdoer\/","name":"Holder til skabsd\u00f8r - Senbera DK","isPartOf":{"@id":"https:\/\/senbera.com\/dk\/#website"},"primaryImageOfPage":{"@id":"https:\/\/senbera.com\/dk\/vare\/holder-til-skabsdoer\/#primaryimage"},"image":{"@id":"https:\/\/senbera.com\/dk\/vare\/holder-til-skabsdoer\/#primaryimage"},"thumbnailUrl":"https:\/\/senbera.com\/dk\/wp-content\/uploads\/sites\/25\/2026\/01\/n2xi6ca-1.webp","datePublished":"2026-01-16T19:19:02+00:00","dateModified":"2026-01-16T19:19:38+00:00","breadcrumb":{"@id":"https:\/\/senbera.com\/dk\/vare\/holder-til-skabsdoer\/#breadcrumb"},"inLanguage":"da-DK","potentialAction":[{"@type":"ReadAction","target":["https:\/\/senbera.com\/dk\/vare\/holder-til-skabsdoer\/"]}]},{"@type":"ImageObject","inLanguage":"da-DK","@id":"https:\/\/senbera.com\/dk\/vare\/holder-til-skabsdoer\/#primaryimage","url":"https:\/\/senbera.com\/dk\/wp-content\/uploads\/sites\/25\/2026\/01\/n2xi6ca-1.webp","contentUrl":"https:\/\/senbera.com\/dk\/wp-content\/uploads\/sites\/25\/2026\/01\/n2xi6ca-1.webp","width":800,"height":800},{"@type":"BreadcrumbList","@id":"https:\/\/senbera.com\/dk\/vare\/holder-til-skabsdoer\/#breadcrumb","itemListElement":[{"@type":"ListItem","position":1,"name":"Home","item":"https:\/\/senbera.com\/dk\/"},{"@type":"ListItem","position":2,"name":"Butik","item":"https:\/\/senbera.com\/dk\/butik\/"},{"@type":"ListItem","position":3,"name":"Holder til skabsd\u00f8r"}]},{"@type":"WebSite","@id":"https:\/\/senbera.com\/dk\/#website","url":"https:\/\/senbera.com\/dk\/","name":"Senbera DK","description":"","publisher":{"@id":"https:\/\/senbera.com\/dk\/#organization"},"potentialAction":[{"@type":"SearchAction","target":{"@type":"EntryPoint","urlTemplate":"https:\/\/senbera.com\/dk\/?s={search_term_string}"},"query-input":{"@type":"PropertyValueSpecification","valueRequired":true,"valueName":"search_term_string"}}],"inLanguage":"da-DK"},{"@type":"Organization","@id":"https:\/\/senbera.com\/dk\/#organization","name":"Mekulo","url":"https:\/\/senbera.com\/dk\/","logo":{"@type":"ImageObject","inLanguage":"da-DK","@id":"https:\/\/senbera.com\/dk\/#\/schema\/logo\/image\/","url":"https:\/\/senbera.com\/dk\/wp-content\/uploads\/sites\/25\/2025\/12\/favicon_mekulo.png","contentUrl":"https:\/\/senbera.com\/dk\/wp-content\/uploads\/sites\/25\/2025\/12\/favicon_mekulo.png","width":50,"height":50,"caption":"Mekulo"},"image":{"@id":"https:\/\/senbera.com\/dk\/#\/schema\/logo\/image\/"}}]}},"_links":{"self":[{"href":"https:\/\/senbera.com\/dk\/wp-json\/wp\/v2\/product\/21123","targetHints":{"allow":["GET"]}}],"collection":[{"href":"https:\/\/senbera.com\/dk\/wp-json\/wp\/v2\/product"}],"about":[{"href":"https:\/\/senbera.com\/dk\/wp-json\/wp\/v2\/types\/product"}],"replies":[{"embeddable":true,"href":"https:\/\/senbera.com\/dk\/wp-json\/wp\/v2\/comments?post=21123"}],"wp:featuredmedia":[{"embeddable":true,"href":"https:\/\/senbera.com\/dk\/wp-json\/wp\/v2\/media\/21119"}],"wp:attachment":[{"href":"https:\/\/senbera.com\/dk\/wp-json\/wp\/v2\/media?parent=21123"}],"wp:term":[{"taxonomy":"product_brand","embeddable":true,"href":"https:\/\/senbera.com\/dk\/wp-json\/wp\/v2\/product_brand?post=21123"},{"taxonomy":"product_cat","embeddable":true,"href":"https:\/\/senbera.com\/dk\/wp-json\/wp\/v2\/product_cat?post=21123"},{"taxonomy":"product_tag","embeddable":true,"href":"https:\/\/senbera.com\/dk\/wp-json\/wp\/v2\/product_tag?post=21123"}],"curies":[{"name":"wp","href":"https:\/\/api.w.org\/{rel}","templated":true}]}}