{"id":21048,"date":"2026-01-16T21:13:46","date_gmt":"2026-01-16T19:13:46","guid":{"rendered":"https:\/\/senbera.com\/dk\/produkt\/greb-til-briller\/"},"modified":"2026-01-16T21:23:59","modified_gmt":"2026-01-16T19:23:59","slug":"greb-til-briller","status":"publish","type":"product","link":"https:\/\/senbera.com\/dk\/vare\/greb-til-briller\/","title":{"rendered":"Greb til briller"},"content":{"rendered":"<p style=\"text-align: center;\" data-start=\"73\" data-end=\"240\"><strong>Undg\u00e5, at dine briller glider ned ad n\u00e6sen!<\/strong><\/p>\n<p data-start=\"73\" data-end=\"240\"><img fetchpriority=\"high\" decoding=\"async\" class=\" wp-image-25993 aligncenter\" src=\"https:\/\/keluvo.com\/template\/wp-content\/uploads\/sites\/5\/2025\/07\/0111011_480x480.webp\" alt=\"\" width=\"450\" height=\"450\" \/><\/p>\n<h2 style=\"text-align: center;\" data-start=\"287\" data-end=\"308\">\u2728 Vigtigste Fordele<\/h2>\n<p data-start=\"311\" data-end=\"353\">Sikkert skridsikkert greb bag \u00f8rerne<\/p>\n<p data-start=\"356\" data-end=\"403\">Bl\u00f8dt silikonemateriale giver komfort hele dagen<\/p>\n<p data-start=\"406\" data-end=\"449\">Passer til de fleste brille- og solbrillestel<\/p>\n<p data-start=\"452\" data-end=\"505\">Perfekt til aktiv brug &#8211; l\u00f8b, cykling eller fitnesscenter<\/p>\n<p data-start=\"508\" data-end=\"556\">Diskret design, n\u00e6sten usynlig, n\u00e5r den b\u00e6res<\/p>\n<p data-start=\"508\" data-end=\"556\"><img decoding=\"async\" class=\" wp-image-25992 aligncenter\" src=\"https:\/\/keluvo.com\/template\/wp-content\/uploads\/sites\/5\/2025\/07\/03333_480x480.webp\" alt=\"\" width=\"451\" height=\"451\" \/><\/p>\n<h2 style=\"text-align: center;\" data-start=\"558\" data-end=\"577\">S\u00e5dan Bruges<\/h2>\n<ol data-start=\"578\" data-end=\"733\">\n<li data-start=\"578\" data-end=\"629\">\n<p data-start=\"581\" data-end=\"629\">Glid grebene p\u00e5 hver brillearm.<\/p>\n<\/li>\n<li data-start=\"630\" data-end=\"678\">\n<p data-start=\"633\" data-end=\"678\">Juster dem, s\u00e5 de sidder behageligt bag \u00f8rerne.<\/p>\n<\/li>\n<li data-start=\"679\" data-end=\"733\">\n<p data-start=\"682\" data-end=\"733\">S\u00e5 du kan have dine briller p\u00e5 hele dagen &#8211; de glider garanteret ikke!<\/p>\n<\/li>\n<\/ol>\n<h2 style=\"text-align: center;\" data-start=\"735\" data-end=\"759\">Produktdetaljer<\/h2>\n<ul data-start=\"760\" data-end=\"900\">\n<li data-start=\"760\" data-end=\"801\">\n<p data-start=\"762\" data-end=\"801\">Materiale: Fleksibel skridsikker silikone<\/p>\n<\/li>\n<li data-start=\"802\" data-end=\"833\">\n<p data-start=\"804\" data-end=\"833\">Passer til stel p\u00e5 op til 12 mm bredde<\/p>\n<\/li>\n<li data-start=\"867\" data-end=\"900\">\n<p data-start=\"869\" data-end=\"900\">Ultra let og holdbar<\/p>\n<\/li>\n<\/ul>\n<h2 style=\"text-align: center;\" data-start=\"902\" data-end=\"927\">Pakken Indeholder<\/h2>\n<ul data-start=\"928\" data-end=\"964\">\n<li data-start=\"928\" data-end=\"964\">\n<p data-start=\"930\" data-end=\"964\">3 eller 6 par brillegreb.<\/p>\n<\/li>\n<\/ul>\n","protected":false},"excerpt":{"rendered":"<p>Disse bl\u00f8de brillegreb holder dine briller behageligt p\u00e5 plads &#8211; slut med at justere, glide eller tabe brillerne. Perfekt til sport, arbejde eller hverdagsbrug!<\/p>\n","protected":false},"featured_media":21044,"comment_status":"open","ping_status":"closed","template":"","meta":{"site-sidebar-layout":"default","site-content-layout":"","ast-site-content-layout":"default","site-content-style":"default","site-sidebar-style":"default","ast-global-header-display":"","ast-banner-title-visibility":"","ast-main-header-display":"","ast-hfb-above-header-display":"","ast-hfb-below-header-display":"","ast-hfb-mobile-header-display":"","site-post-title":"","ast-breadcrumbs-content":"","ast-featured-img":"","footer-sml-layout":"","theme-transparent-header-meta":"default","adv-header-id-meta":"","stick-header-meta":"","header-above-stick-meta":"","header-main-stick-meta":"","header-below-stick-meta":"","astra-migrate-meta-layouts":"set","ast-page-background-enabled":"default","ast-page-background-meta":{"desktop":{"background-color":"var(--ast-global-color-5)","background-image":"","background-repeat":"repeat","background-position":"center center","background-size":"auto","background-attachment":"scroll","background-type":"","background-media":"","overlay-type":"","overlay-color":"","overlay-opacity":"","overlay-gradient":""},"tablet":{"background-color":"","background-image":"","background-repeat":"repeat","background-position":"center center","background-size":"auto","background-attachment":"scroll","background-type":"","background-media":"","overlay-type":"","overlay-color":"","overlay-opacity":"","overlay-gradient":""},"mobile":{"background-color":"","background-image":"","background-repeat":"repeat","background-position":"center center","background-size":"auto","background-attachment":"scroll","background-type":"","background-media":"","overlay-type":"","overlay-color":"","overlay-opacity":"","overlay-gradient":""}},"ast-content-background-meta":{"desktop":{"background-color":"var(--ast-global-color-4)","background-image":"","background-repeat":"repeat","background-position":"center center","background-size":"auto","background-attachment":"scroll","background-type":"","background-media":"","overlay-type":"","overlay-color":"","overlay-opacity":"","overlay-gradient":""},"tablet":{"background-color":"var(--ast-global-color-4)","background-image":"","background-repeat":"repeat","background-position":"center center","background-size":"auto","background-attachment":"scroll","background-type":"","background-media":"","overlay-type":"","overlay-color":"","overlay-opacity":"","overlay-gradient":""},"mobile":{"background-color":"var(--ast-global-color-4)","background-image":"","background-repeat":"repeat","background-position":"center center","background-size":"auto","background-attachment":"scroll","background-type":"","background-media":"","overlay-type":"","overlay-color":"","overlay-opacity":"","overlay-gradient":""}}},"product_brand":[],"product_cat":[165],"product_tag":[],"class_list":{"0":"post-21048","1":"product","2":"type-product","3":"status-publish","4":"has-post-thumbnail","6":"product_cat-fodtoej-tilbehoer","7":"pa_33506_6832eoyo-brun","8":"pa_33506_6832eoyo-gennemsigtig","9":"pa_33506_6832eoyo-groen","10":"pa_33506_6832eoyo-himmelblaa","11":"pa_33506_6832eoyo-lilla","12":"pa_33506_6832eoyo-marineblaa","13":"pa_33506_6832eoyo-roed","14":"pa_33506_6832eoyo-sort","15":"pa_33506_rmnmuldo-3-stk","16":"pa_33506_rmnmuldo-6-stk","17":"desktop-align-left","18":"tablet-align-left","19":"mobile-align-left","21":"first","22":"instock","23":"shipping-taxable","24":"purchasable","25":"product-type-variable","26":"has-default-attributes"},"yoast_head":"<!-- This site is optimized with the Yoast SEO plugin v26.6 - https:\/\/yoast.com\/wordpress\/plugins\/seo\/ -->\n<title>Greb til briller - Senbera DK<\/title>\n<meta name=\"robots\" content=\"index, follow, max-snippet:-1, max-image-preview:large, max-video-preview:-1\" \/>\n<link rel=\"canonical\" href=\"https:\/\/senbera.com\/dk\/vare\/greb-til-briller\/\" \/>\n<meta property=\"og:locale\" content=\"da_DK\" \/>\n<meta property=\"og:type\" content=\"article\" \/>\n<meta property=\"og:title\" content=\"Greb til briller - Senbera DK\" \/>\n<meta property=\"og:description\" content=\"Disse bl\u00f8de brillegreb holder dine briller behageligt p\u00e5 plads - slut med at justere, glide eller tabe brillerne. Perfekt til sport, arbejde eller hverdagsbrug!\" \/>\n<meta property=\"og:url\" content=\"https:\/\/senbera.com\/dk\/vare\/greb-til-briller\/\" \/>\n<meta property=\"og:site_name\" content=\"Senbera DK\" \/>\n<meta property=\"article:modified_time\" content=\"2026-01-16T19:23:59+00:00\" \/>\n<meta property=\"og:image\" content=\"https:\/\/senbera.com\/dk\/wp-content\/uploads\/sites\/25\/2026\/01\/r4mp5hf-1.jpg\" \/>\n\t<meta property=\"og:image:width\" content=\"1080\" \/>\n\t<meta property=\"og:image:height\" content=\"1080\" \/>\n\t<meta property=\"og:image:type\" content=\"image\/jpeg\" \/>\n<meta name=\"twitter:card\" content=\"summary_large_image\" \/>\n<meta name=\"twitter:label1\" content=\"Estimeret l\u00e6setid\" \/>\n\t<meta name=\"twitter:data1\" content=\"2 minutter\" \/>\n<script type=\"application\/ld+json\" class=\"yoast-schema-graph\">{\"@context\":\"https:\/\/schema.org\",\"@graph\":[{\"@type\":\"WebPage\",\"@id\":\"https:\/\/senbera.com\/dk\/vare\/greb-til-briller\/\",\"url\":\"https:\/\/senbera.com\/dk\/vare\/greb-til-briller\/\",\"name\":\"Greb til briller - Senbera DK\",\"isPartOf\":{\"@id\":\"https:\/\/senbera.com\/dk\/#website\"},\"primaryImageOfPage\":{\"@id\":\"https:\/\/senbera.com\/dk\/vare\/greb-til-briller\/#primaryimage\"},\"image\":{\"@id\":\"https:\/\/senbera.com\/dk\/vare\/greb-til-briller\/#primaryimage\"},\"thumbnailUrl\":\"https:\/\/senbera.com\/dk\/wp-content\/uploads\/sites\/25\/2026\/01\/r4mp5hf-1.jpg\",\"datePublished\":\"2026-01-16T19:13:46+00:00\",\"dateModified\":\"2026-01-16T19:23:59+00:00\",\"breadcrumb\":{\"@id\":\"https:\/\/senbera.com\/dk\/vare\/greb-til-briller\/#breadcrumb\"},\"inLanguage\":\"da-DK\",\"potentialAction\":[{\"@type\":\"ReadAction\",\"target\":[\"https:\/\/senbera.com\/dk\/vare\/greb-til-briller\/\"]}]},{\"@type\":\"ImageObject\",\"inLanguage\":\"da-DK\",\"@id\":\"https:\/\/senbera.com\/dk\/vare\/greb-til-briller\/#primaryimage\",\"url\":\"https:\/\/senbera.com\/dk\/wp-content\/uploads\/sites\/25\/2026\/01\/r4mp5hf-1.jpg\",\"contentUrl\":\"https:\/\/senbera.com\/dk\/wp-content\/uploads\/sites\/25\/2026\/01\/r4mp5hf-1.jpg\",\"width\":1080,\"height\":1080},{\"@type\":\"BreadcrumbList\",\"@id\":\"https:\/\/senbera.com\/dk\/vare\/greb-til-briller\/#breadcrumb\",\"itemListElement\":[{\"@type\":\"ListItem\",\"position\":1,\"name\":\"Home\",\"item\":\"https:\/\/senbera.com\/dk\/\"},{\"@type\":\"ListItem\",\"position\":2,\"name\":\"Butik\",\"item\":\"https:\/\/senbera.com\/dk\/butik\/\"},{\"@type\":\"ListItem\",\"position\":3,\"name\":\"Greb til briller\"}]},{\"@type\":\"WebSite\",\"@id\":\"https:\/\/senbera.com\/dk\/#website\",\"url\":\"https:\/\/senbera.com\/dk\/\",\"name\":\"Senbera DK\",\"description\":\"\",\"publisher\":{\"@id\":\"https:\/\/senbera.com\/dk\/#organization\"},\"potentialAction\":[{\"@type\":\"SearchAction\",\"target\":{\"@type\":\"EntryPoint\",\"urlTemplate\":\"https:\/\/senbera.com\/dk\/?s={search_term_string}\"},\"query-input\":{\"@type\":\"PropertyValueSpecification\",\"valueRequired\":true,\"valueName\":\"search_term_string\"}}],\"inLanguage\":\"da-DK\"},{\"@type\":\"Organization\",\"@id\":\"https:\/\/senbera.com\/dk\/#organization\",\"name\":\"Mekulo\",\"url\":\"https:\/\/senbera.com\/dk\/\",\"logo\":{\"@type\":\"ImageObject\",\"inLanguage\":\"da-DK\",\"@id\":\"https:\/\/senbera.com\/dk\/#\/schema\/logo\/image\/\",\"url\":\"https:\/\/senbera.com\/dk\/wp-content\/uploads\/sites\/25\/2025\/12\/favicon_mekulo.png\",\"contentUrl\":\"https:\/\/senbera.com\/dk\/wp-content\/uploads\/sites\/25\/2025\/12\/favicon_mekulo.png\",\"width\":50,\"height\":50,\"caption\":\"Mekulo\"},\"image\":{\"@id\":\"https:\/\/senbera.com\/dk\/#\/schema\/logo\/image\/\"}}]}<\/script>\n<!-- \/ Yoast SEO plugin. -->","yoast_head_json":{"title":"Greb til briller - Senbera DK","robots":{"index":"index","follow":"follow","max-snippet":"max-snippet:-1","max-image-preview":"max-image-preview:large","max-video-preview":"max-video-preview:-1"},"canonical":"https:\/\/senbera.com\/dk\/vare\/greb-til-briller\/","og_locale":"da_DK","og_type":"article","og_title":"Greb til briller - Senbera DK","og_description":"Disse bl\u00f8de brillegreb holder dine briller behageligt p\u00e5 plads - slut med at justere, glide eller tabe brillerne. Perfekt til sport, arbejde eller hverdagsbrug!","og_url":"https:\/\/senbera.com\/dk\/vare\/greb-til-briller\/","og_site_name":"Senbera DK","article_modified_time":"2026-01-16T19:23:59+00:00","og_image":[{"width":1080,"height":1080,"url":"https:\/\/senbera.com\/dk\/wp-content\/uploads\/sites\/25\/2026\/01\/r4mp5hf-1.jpg","type":"image\/jpeg"}],"twitter_card":"summary_large_image","twitter_misc":{"Estimeret l\u00e6setid":"2 minutter"},"schema":{"@context":"https:\/\/schema.org","@graph":[{"@type":"WebPage","@id":"https:\/\/senbera.com\/dk\/vare\/greb-til-briller\/","url":"https:\/\/senbera.com\/dk\/vare\/greb-til-briller\/","name":"Greb til briller - Senbera DK","isPartOf":{"@id":"https:\/\/senbera.com\/dk\/#website"},"primaryImageOfPage":{"@id":"https:\/\/senbera.com\/dk\/vare\/greb-til-briller\/#primaryimage"},"image":{"@id":"https:\/\/senbera.com\/dk\/vare\/greb-til-briller\/#primaryimage"},"thumbnailUrl":"https:\/\/senbera.com\/dk\/wp-content\/uploads\/sites\/25\/2026\/01\/r4mp5hf-1.jpg","datePublished":"2026-01-16T19:13:46+00:00","dateModified":"2026-01-16T19:23:59+00:00","breadcrumb":{"@id":"https:\/\/senbera.com\/dk\/vare\/greb-til-briller\/#breadcrumb"},"inLanguage":"da-DK","potentialAction":[{"@type":"ReadAction","target":["https:\/\/senbera.com\/dk\/vare\/greb-til-briller\/"]}]},{"@type":"ImageObject","inLanguage":"da-DK","@id":"https:\/\/senbera.com\/dk\/vare\/greb-til-briller\/#primaryimage","url":"https:\/\/senbera.com\/dk\/wp-content\/uploads\/sites\/25\/2026\/01\/r4mp5hf-1.jpg","contentUrl":"https:\/\/senbera.com\/dk\/wp-content\/uploads\/sites\/25\/2026\/01\/r4mp5hf-1.jpg","width":1080,"height":1080},{"@type":"BreadcrumbList","@id":"https:\/\/senbera.com\/dk\/vare\/greb-til-briller\/#breadcrumb","itemListElement":[{"@type":"ListItem","position":1,"name":"Home","item":"https:\/\/senbera.com\/dk\/"},{"@type":"ListItem","position":2,"name":"Butik","item":"https:\/\/senbera.com\/dk\/butik\/"},{"@type":"ListItem","position":3,"name":"Greb til briller"}]},{"@type":"WebSite","@id":"https:\/\/senbera.com\/dk\/#website","url":"https:\/\/senbera.com\/dk\/","name":"Senbera DK","description":"","publisher":{"@id":"https:\/\/senbera.com\/dk\/#organization"},"potentialAction":[{"@type":"SearchAction","target":{"@type":"EntryPoint","urlTemplate":"https:\/\/senbera.com\/dk\/?s={search_term_string}"},"query-input":{"@type":"PropertyValueSpecification","valueRequired":true,"valueName":"search_term_string"}}],"inLanguage":"da-DK"},{"@type":"Organization","@id":"https:\/\/senbera.com\/dk\/#organization","name":"Mekulo","url":"https:\/\/senbera.com\/dk\/","logo":{"@type":"ImageObject","inLanguage":"da-DK","@id":"https:\/\/senbera.com\/dk\/#\/schema\/logo\/image\/","url":"https:\/\/senbera.com\/dk\/wp-content\/uploads\/sites\/25\/2025\/12\/favicon_mekulo.png","contentUrl":"https:\/\/senbera.com\/dk\/wp-content\/uploads\/sites\/25\/2025\/12\/favicon_mekulo.png","width":50,"height":50,"caption":"Mekulo"},"image":{"@id":"https:\/\/senbera.com\/dk\/#\/schema\/logo\/image\/"}}]}},"_links":{"self":[{"href":"https:\/\/senbera.com\/dk\/wp-json\/wp\/v2\/product\/21048","targetHints":{"allow":["GET"]}}],"collection":[{"href":"https:\/\/senbera.com\/dk\/wp-json\/wp\/v2\/product"}],"about":[{"href":"https:\/\/senbera.com\/dk\/wp-json\/wp\/v2\/types\/product"}],"replies":[{"embeddable":true,"href":"https:\/\/senbera.com\/dk\/wp-json\/wp\/v2\/comments?post=21048"}],"wp:featuredmedia":[{"embeddable":true,"href":"https:\/\/senbera.com\/dk\/wp-json\/wp\/v2\/media\/21044"}],"wp:attachment":[{"href":"https:\/\/senbera.com\/dk\/wp-json\/wp\/v2\/media?parent=21048"}],"wp:term":[{"taxonomy":"product_brand","embeddable":true,"href":"https:\/\/senbera.com\/dk\/wp-json\/wp\/v2\/product_brand?post=21048"},{"taxonomy":"product_cat","embeddable":true,"href":"https:\/\/senbera.com\/dk\/wp-json\/wp\/v2\/product_cat?post=21048"},{"taxonomy":"product_tag","embeddable":true,"href":"https:\/\/senbera.com\/dk\/wp-json\/wp\/v2\/product_tag?post=21048"}],"curies":[{"name":"wp","href":"https:\/\/api.w.org\/{rel}","templated":true}]}}