{"id":12652,"date":"2025-12-05T15:20:29","date_gmt":"2025-12-05T15:20:29","guid":{"rendered":"https:\/\/senbera.com\/dk\/?page_id=12652"},"modified":"2026-01-16T15:34:02","modified_gmt":"2026-01-16T13:34:02","slug":"alle-kategorier","status":"publish","type":"page","link":"https:\/\/senbera.com\/dk\/alle-kategorier\/","title":{"rendered":"Alle kategorier"},"content":{"rendered":"\t\t<div data-elementor-type=\"wp-page\" data-elementor-id=\"12652\" class=\"elementor elementor-12652\" data-elementor-post-type=\"page\">\n\t\t\t\t<div class=\"elementor-element elementor-element-00f6039 e-flex e-con-boxed e-con e-parent\" data-id=\"00f6039\" data-element_type=\"container\">\n\t\t\t\t\t<div class=\"e-con-inner\">\n\t\t\t\t<div class=\"elementor-element elementor-element-f65c670 elementor-widget elementor-widget-wl-category-grid\" data-id=\"f65c670\" data-element_type=\"widget\" data-widget_type=\"wl-category-grid.default\">\n\t\t\t\t<div class=\"elementor-widget-container\">\n\t\t\t\t\t<div class=\"wl-row  product-slider \" data-settings={\"arrows\":true,\"dots\":false,\"autoplay\":false,\"autoplay_speed\":0,\"animation_speed\":0,\"pause_on_hover\":true,\"rtl\":false,\"product_items\":6,\"scroll_columns\":3,\"tablet_width\":750,\"tablet_display_columns\":4,\"tablet_scroll_columns\":2,\"mobile_width\":480,\"mobile_display_columns\":3,\"mobile_scroll_columns\":1} style='display:none'>                <div class=\"wl-col-1\">\n\n                                            <div class=\"ht-category-wrap\">\n                                                        <div class=\"ht-category-image-3 ht-category-image-zoom\">\n                                <a href=\"https:\/\/senbera.com\/dk\/produktkategori\/bilprodukter\/\">\n                                    <img fetchpriority=\"high\" decoding=\"async\" width=\"240\" height=\"240\" src=\"https:\/\/senbera.com\/dk\/wp-content\/uploads\/sites\/25\/2026\/01\/Automotive_products-copy.webp\" class=\"attachment-full size-full\" alt=\"\" \/>                                <\/a>\n                            <\/div>\n                                                        <div class=\"ht-category-content-5\">\n                                <h3><a href=\"https:\/\/senbera.com\/dk\/produktkategori\/bilprodukter\/\">Bilprodukter<\/a><\/h3>\n                            <\/div>\n                                                    <\/div>\n\n                    \n                <\/div>\n                                <div class=\"wl-col-1\">\n\n                                            <div class=\"ht-category-wrap\">\n                                                        <div class=\"ht-category-image-3 ht-category-image-zoom\">\n                                <a href=\"https:\/\/senbera.com\/dk\/produktkategori\/dametoej\/\">\n                                    <img decoding=\"async\" width=\"240\" height=\"240\" src=\"https:\/\/senbera.com\/dk\/wp-content\/uploads\/sites\/25\/2026\/01\/Clothing_Women-copy-1.webp\" class=\"attachment-full size-full\" alt=\"\" \/>                                <\/a>\n                            <\/div>\n                                                        <div class=\"ht-category-content-5\">\n                                <h3><a href=\"https:\/\/senbera.com\/dk\/produktkategori\/dametoej\/\">Damet\u00f8j<\/a><\/h3>\n                            <\/div>\n                                                    <\/div>\n\n                    \n                <\/div>\n                                <div class=\"wl-col-1\">\n\n                                            <div class=\"ht-category-wrap\">\n                                                        <div class=\"ht-category-image-3 ht-category-image-zoom\">\n                                <a href=\"https:\/\/senbera.com\/dk\/produktkategori\/elektronik\/\">\n                                    <img decoding=\"async\" width=\"1280\" height=\"1280\" src=\"https:\/\/senbera.com\/dk\/wp-content\/uploads\/sites\/25\/2026\/01\/Electronics-copy.webp\" class=\"attachment-full size-full\" alt=\"\" \/>                                <\/a>\n                            <\/div>\n                                                        <div class=\"ht-category-content-5\">\n                                <h3><a href=\"https:\/\/senbera.com\/dk\/produktkategori\/elektronik\/\">Elektronik<\/a><\/h3>\n                            <\/div>\n                                                    <\/div>\n\n                    \n                <\/div>\n                                <div class=\"wl-col-1\">\n\n                                            <div class=\"ht-category-wrap\">\n                                                        <div class=\"ht-category-image-3 ht-category-image-zoom\">\n                                <a href=\"https:\/\/senbera.com\/dk\/produktkategori\/fodtoej-tilbehoer\/\">\n                                    <img loading=\"lazy\" decoding=\"async\" width=\"240\" height=\"240\" src=\"https:\/\/senbera.com\/dk\/wp-content\/uploads\/sites\/25\/2026\/01\/Footwear_Accessories-copy-1.webp\" class=\"attachment-full size-full\" alt=\"\" \/>                                <\/a>\n                            <\/div>\n                                                        <div class=\"ht-category-content-5\">\n                                <h3><a href=\"https:\/\/senbera.com\/dk\/produktkategori\/fodtoej-tilbehoer\/\">Fodt\u00f8j, tilbeh\u00f8r<\/a><\/h3>\n                            <\/div>\n                                                    <\/div>\n\n                    \n                <\/div>\n                                <div class=\"wl-col-1\">\n\n                                            <div class=\"ht-category-wrap\">\n                                                        <div class=\"ht-category-image-3 ht-category-image-zoom\">\n                                <a href=\"https:\/\/senbera.com\/dk\/produktkategori\/herretoej\/\">\n                                    <img loading=\"lazy\" decoding=\"async\" width=\"240\" height=\"240\" src=\"https:\/\/senbera.com\/dk\/wp-content\/uploads\/sites\/25\/2026\/01\/Clothing_men-copy.webp\" class=\"attachment-full size-full\" alt=\"\" \/>                                <\/a>\n                            <\/div>\n                                                        <div class=\"ht-category-content-5\">\n                                <h3><a href=\"https:\/\/senbera.com\/dk\/produktkategori\/herretoej\/\">Herret\u00f8j<\/a><\/h3>\n                            <\/div>\n                                                    <\/div>\n\n                    \n                <\/div>\n                                <div class=\"wl-col-1\">\n\n                                            <div class=\"ht-category-wrap\">\n                                                        <div class=\"ht-category-image-3 ht-category-image-zoom\">\n                                <a href=\"https:\/\/senbera.com\/dk\/produktkategori\/husholdningsartikler\/\">\n                                    <img loading=\"lazy\" decoding=\"async\" width=\"240\" height=\"240\" src=\"https:\/\/senbera.com\/dk\/wp-content\/uploads\/sites\/25\/2026\/01\/Household_goods-copy.webp\" class=\"attachment-full size-full\" alt=\"\" \/>                                <\/a>\n                            <\/div>\n                                                        <div class=\"ht-category-content-5\">\n                                <h3><a href=\"https:\/\/senbera.com\/dk\/produktkategori\/husholdningsartikler\/\">Husholdningsartikler<\/a><\/h3>\n                            <\/div>\n                                                    <\/div>\n\n                    \n                <\/div>\n                                <div class=\"wl-col-1\">\n\n                                            <div class=\"ht-category-wrap\">\n                                                        <div class=\"ht-category-image-3 ht-category-image-zoom\">\n                                <a href=\"https:\/\/senbera.com\/dk\/produktkategori\/kaeledyrsprodukter\/\">\n                                    <img loading=\"lazy\" decoding=\"async\" width=\"240\" height=\"240\" src=\"https:\/\/senbera.com\/dk\/wp-content\/uploads\/sites\/25\/2026\/01\/Pets_products-copy.webp\" class=\"attachment-full size-full\" alt=\"\" \/>                                <\/a>\n                            <\/div>\n                                                        <div class=\"ht-category-content-5\">\n                                <h3><a href=\"https:\/\/senbera.com\/dk\/produktkategori\/kaeledyrsprodukter\/\">K\u00e6ledyrsprodukter<\/a><\/h3>\n                            <\/div>\n                                                    <\/div>\n\n                    \n                <\/div>\n                                <div class=\"wl-col-1\">\n\n                                            <div class=\"ht-category-wrap\">\n                                                        <div class=\"ht-category-image-3 ht-category-image-zoom\">\n                                <a href=\"https:\/\/senbera.com\/dk\/produktkategori\/legetoej-boerne-og-babyprodukter\/\">\n                                    <img loading=\"lazy\" decoding=\"async\" width=\"240\" height=\"240\" src=\"https:\/\/senbera.com\/dk\/wp-content\/uploads\/sites\/25\/2026\/01\/Toys-copy.webp\" class=\"attachment-full size-full\" alt=\"\" \/>                                <\/a>\n                            <\/div>\n                                                        <div class=\"ht-category-content-5\">\n                                <h3><a href=\"https:\/\/senbera.com\/dk\/produktkategori\/legetoej-boerne-og-babyprodukter\/\">Leget\u00f8j, b\u00f8rne- og babyprodukter<\/a><\/h3>\n                            <\/div>\n                                                    <\/div>\n\n                    \n                <\/div>\n                                <div class=\"wl-col-1\">\n\n                                            <div class=\"ht-category-wrap\">\n                                                        <div class=\"ht-category-image-3 ht-category-image-zoom\">\n                                <a href=\"https:\/\/senbera.com\/dk\/produktkategori\/skoenheds-og-hygiejneprodukter\/\">\n                                    <img loading=\"lazy\" decoding=\"async\" width=\"240\" height=\"240\" src=\"https:\/\/senbera.com\/dk\/wp-content\/uploads\/sites\/25\/2026\/01\/Beauty-copy.webp\" class=\"attachment-full size-full\" alt=\"\" \/>                                <\/a>\n                            <\/div>\n                                                        <div class=\"ht-category-content-5\">\n                                <h3><a href=\"https:\/\/senbera.com\/dk\/produktkategori\/skoenheds-og-hygiejneprodukter\/\">Sk\u00f8nheds- og hygiejneprodukter<\/a><\/h3>\n                            <\/div>\n                                                    <\/div>\n\n                    \n                <\/div>\n                                <div class=\"wl-col-1\">\n\n                                            <div class=\"ht-category-wrap\">\n                                                        <div class=\"ht-category-image-3 ht-category-image-zoom\">\n                                <a href=\"https:\/\/senbera.com\/dk\/produktkategori\/sportsudstyr\/\">\n                                    <img loading=\"lazy\" decoding=\"async\" width=\"240\" height=\"240\" src=\"https:\/\/senbera.com\/dk\/wp-content\/uploads\/sites\/25\/2026\/01\/Sporting_goods-copy.webp\" class=\"attachment-full size-full\" alt=\"\" \/>                                <\/a>\n                            <\/div>\n                                                        <div class=\"ht-category-content-5\">\n                                <h3><a href=\"https:\/\/senbera.com\/dk\/produktkategori\/sportsudstyr\/\">Sportsudstyr<\/a><\/h3>\n                            <\/div>\n                                                    <\/div>\n\n                    \n                <\/div>\n                                <div class=\"wl-col-1\">\n\n                                            <div class=\"ht-category-wrap\">\n                                                        <div class=\"ht-category-image-3 ht-category-image-zoom\">\n                                <a href=\"https:\/\/senbera.com\/dk\/produktkategori\/sundhedspleje\/\">\n                                    <img loading=\"lazy\" decoding=\"async\" width=\"240\" height=\"240\" src=\"https:\/\/senbera.com\/dk\/wp-content\/uploads\/sites\/25\/2026\/01\/Health_care_supplies-copy-1.webp\" class=\"attachment-full size-full\" alt=\"\" \/>                                <\/a>\n                            <\/div>\n                                                        <div class=\"ht-category-content-5\">\n                                <h3><a href=\"https:\/\/senbera.com\/dk\/produktkategori\/sundhedspleje\/\">Sundhedspleje<\/a><\/h3>\n                            <\/div>\n                                                    <\/div>\n\n                    \n                <\/div>\n                                <div class=\"wl-col-1\">\n\n                                            <div class=\"ht-category-wrap\">\n                                                        <div class=\"ht-category-image-3 ht-category-image-zoom\">\n                                <a href=\"https:\/\/senbera.com\/dk\/produktkategori\/vaerktoej\/\">\n                                    <img loading=\"lazy\" decoding=\"async\" width=\"240\" height=\"240\" src=\"https:\/\/senbera.com\/dk\/wp-content\/uploads\/sites\/25\/2026\/01\/Tools-copy.webp\" class=\"attachment-full size-full\" alt=\"\" \/>                                <\/a>\n                            <\/div>\n                                                        <div class=\"ht-category-content-5\">\n                                <h3><a href=\"https:\/\/senbera.com\/dk\/produktkategori\/vaerktoej\/\">V\u00e6rkt\u00f8j<\/a><\/h3>\n                            <\/div>\n                                                    <\/div>\n\n                    \n                <\/div>\n                                <div class=\"wl-col-1\">\n\n                                            <div class=\"ht-category-wrap\">\n                                                        <div class=\"ht-category-image-3 ht-category-image-zoom\">\n                                <a href=\"https:\/\/senbera.com\/dk\/produktkategori\/vandreture-camping-og-fritidsartikler\/\">\n                                    <img loading=\"lazy\" decoding=\"async\" width=\"240\" height=\"240\" src=\"https:\/\/senbera.com\/dk\/wp-content\/uploads\/sites\/25\/2026\/01\/Hiking_products-copy-1.webp\" class=\"attachment-full size-full\" alt=\"\" \/>                                <\/a>\n                            <\/div>\n                                                        <div class=\"ht-category-content-5\">\n                                <h3><a href=\"https:\/\/senbera.com\/dk\/produktkategori\/vandreture-camping-og-fritidsartikler\/\">Vandreture, camping og fritidsartikler<\/a><\/h3>\n                            <\/div>\n                                                    <\/div>\n\n                    \n                <\/div>\n                <\/div>\t\t\t\t<\/div>\n\t\t\t\t<\/div>\n\t\t\t\t\t<\/div>\n\t\t\t\t<\/div>\n\t\t\t\t<\/div>\n\t\t","protected":false},"excerpt":{"rendered":"<p>Bilprodukter Damet\u00f8j Elektronik Fodt\u00f8j, tilbeh\u00f8r Herret\u00f8j Husholdningsartikler K\u00e6ledyrsprodukter Leget\u00f8j, b\u00f8rne- og babyprodukter Sk\u00f8nheds- og hygiejneprodukter Sportsudstyr Sundhedspleje V\u00e6rkt\u00f8j Vandreture, camping [&hellip;]<\/p>\n","protected":false},"author":1,"featured_media":0,"parent":0,"menu_order":0,"comment_status":"closed","ping_status":"closed","template":"","meta":{"site-sidebar-layout":"no-sidebar","site-content-layout":"","ast-site-content-layout":"full-width-container","site-content-style":"default","site-sidebar-style":"default","ast-global-header-display":"","ast-banner-title-visibility":"","ast-main-header-display":"","ast-hfb-above-header-display":"","ast-hfb-below-header-display":"","ast-hfb-mobile-header-display":"","site-post-title":"","ast-breadcrumbs-content":"","ast-featured-img":"disabled","footer-sml-layout":"","theme-transparent-header-meta":"","adv-header-id-meta":"","stick-header-meta":"","header-above-stick-meta":"","header-main-stick-meta":"","header-below-stick-meta":"","astra-migrate-meta-layouts":"default","ast-page-background-enabled":"default","ast-page-background-meta":{"desktop":{"background-color":"var(--ast-global-color-5)","background-image":"","background-repeat":"repeat","background-position":"center center","background-size":"auto","background-attachment":"scroll","background-type":"","background-media":"","overlay-type":"","overlay-color":"","overlay-opacity":"","overlay-gradient":""},"tablet":{"background-color":"","background-image":"","background-repeat":"repeat","background-position":"center center","background-size":"auto","background-attachment":"scroll","background-type":"","background-media":"","overlay-type":"","overlay-color":"","overlay-opacity":"","overlay-gradient":""},"mobile":{"background-color":"","background-image":"","background-repeat":"repeat","background-position":"center center","background-size":"auto","background-attachment":"scroll","background-type":"","background-media":"","overlay-type":"","overlay-color":"","overlay-opacity":"","overlay-gradient":""}},"ast-content-background-meta":{"desktop":{"background-color":"var(--ast-global-color-4)","background-image":"","background-repeat":"repeat","background-position":"center center","background-size":"auto","background-attachment":"scroll","background-type":"","background-media":"","overlay-type":"","overlay-color":"","overlay-opacity":"","overlay-gradient":""},"tablet":{"background-color":"var(--ast-global-color-4)","background-image":"","background-repeat":"repeat","background-position":"center center","background-size":"auto","background-attachment":"scroll","background-type":"","background-media":"","overlay-type":"","overlay-color":"","overlay-opacity":"","overlay-gradient":""},"mobile":{"background-color":"var(--ast-global-color-4)","background-image":"","background-repeat":"repeat","background-position":"center center","background-size":"auto","background-attachment":"scroll","background-type":"","background-media":"","overlay-type":"","overlay-color":"","overlay-opacity":"","overlay-gradient":""}},"footnotes":""},"class_list":["post-12652","page","type-page","status-publish","hentry"],"yoast_head":"<!-- This site is optimized with the Yoast SEO plugin v26.6 - https:\/\/yoast.com\/wordpress\/plugins\/seo\/ -->\n<title>Alle kategorier - Senbera DK<\/title>\n<meta name=\"robots\" content=\"index, follow, max-snippet:-1, max-image-preview:large, max-video-preview:-1\" \/>\n<link rel=\"canonical\" href=\"https:\/\/senbera.com\/dk\/alle-kategorier\/\" \/>\n<meta property=\"og:locale\" content=\"da_DK\" \/>\n<meta property=\"og:type\" content=\"article\" \/>\n<meta property=\"og:title\" content=\"Alle kategorier - Senbera DK\" \/>\n<meta property=\"og:description\" content=\"Bilprodukter Damet\u00f8j Elektronik Fodt\u00f8j, tilbeh\u00f8r Herret\u00f8j Husholdningsartikler K\u00e6ledyrsprodukter Leget\u00f8j, b\u00f8rne- og babyprodukter Sk\u00f8nheds- og hygiejneprodukter Sportsudstyr Sundhedspleje V\u00e6rkt\u00f8j Vandreture, camping [&hellip;]\" \/>\n<meta property=\"og:url\" content=\"https:\/\/senbera.com\/dk\/alle-kategorier\/\" \/>\n<meta property=\"og:site_name\" content=\"Senbera DK\" \/>\n<meta property=\"article:modified_time\" content=\"2026-01-16T13:34:02+00:00\" \/>\n<meta property=\"og:image\" content=\"https:\/\/senbera.com\/dk\/wp-content\/uploads\/sites\/25\/2025\/12\/Automotive_products-copy.webp\" \/>\n<meta name=\"twitter:card\" content=\"summary_large_image\" \/>\n<meta name=\"twitter:label1\" content=\"Estimeret l\u00e6setid\" \/>\n\t<meta name=\"twitter:data1\" content=\"5 minutter\" \/>\n<script type=\"application\/ld+json\" class=\"yoast-schema-graph\">{\"@context\":\"https:\/\/schema.org\",\"@graph\":[{\"@type\":\"WebPage\",\"@id\":\"https:\/\/senbera.com\/dk\/alle-kategorier\/\",\"url\":\"https:\/\/senbera.com\/dk\/alle-kategorier\/\",\"name\":\"Alle kategorier - Senbera DK\",\"isPartOf\":{\"@id\":\"https:\/\/senbera.com\/dk\/#website\"},\"primaryImageOfPage\":{\"@id\":\"https:\/\/senbera.com\/dk\/alle-kategorier\/#primaryimage\"},\"image\":{\"@id\":\"https:\/\/senbera.com\/dk\/alle-kategorier\/#primaryimage\"},\"thumbnailUrl\":\"https:\/\/senbera.com\/dk\/wp-content\/uploads\/sites\/25\/2025\/12\/Automotive_products-copy.webp\",\"datePublished\":\"2025-12-05T15:20:29+00:00\",\"dateModified\":\"2026-01-16T13:34:02+00:00\",\"breadcrumb\":{\"@id\":\"https:\/\/senbera.com\/dk\/alle-kategorier\/#breadcrumb\"},\"inLanguage\":\"da-DK\",\"potentialAction\":[{\"@type\":\"ReadAction\",\"target\":[\"https:\/\/senbera.com\/dk\/alle-kategorier\/\"]}]},{\"@type\":\"ImageObject\",\"inLanguage\":\"da-DK\",\"@id\":\"https:\/\/senbera.com\/dk\/alle-kategorier\/#primaryimage\",\"url\":\"\",\"contentUrl\":\"\"},{\"@type\":\"BreadcrumbList\",\"@id\":\"https:\/\/senbera.com\/dk\/alle-kategorier\/#breadcrumb\",\"itemListElement\":[{\"@type\":\"ListItem\",\"position\":1,\"name\":\"Home\",\"item\":\"https:\/\/senbera.com\/dk\/\"},{\"@type\":\"ListItem\",\"position\":2,\"name\":\"Alle kategorier\"}]},{\"@type\":\"WebSite\",\"@id\":\"https:\/\/senbera.com\/dk\/#website\",\"url\":\"https:\/\/senbera.com\/dk\/\",\"name\":\"Senbera DK\",\"description\":\"\",\"publisher\":{\"@id\":\"https:\/\/senbera.com\/dk\/#organization\"},\"potentialAction\":[{\"@type\":\"SearchAction\",\"target\":{\"@type\":\"EntryPoint\",\"urlTemplate\":\"https:\/\/senbera.com\/dk\/?s={search_term_string}\"},\"query-input\":{\"@type\":\"PropertyValueSpecification\",\"valueRequired\":true,\"valueName\":\"search_term_string\"}}],\"inLanguage\":\"da-DK\"},{\"@type\":\"Organization\",\"@id\":\"https:\/\/senbera.com\/dk\/#organization\",\"name\":\"Mekulo\",\"url\":\"https:\/\/senbera.com\/dk\/\",\"logo\":{\"@type\":\"ImageObject\",\"inLanguage\":\"da-DK\",\"@id\":\"https:\/\/senbera.com\/dk\/#\/schema\/logo\/image\/\",\"url\":\"https:\/\/senbera.com\/dk\/wp-content\/uploads\/sites\/25\/2025\/12\/favicon_mekulo.png\",\"contentUrl\":\"https:\/\/senbera.com\/dk\/wp-content\/uploads\/sites\/25\/2025\/12\/favicon_mekulo.png\",\"width\":50,\"height\":50,\"caption\":\"Mekulo\"},\"image\":{\"@id\":\"https:\/\/senbera.com\/dk\/#\/schema\/logo\/image\/\"}}]}<\/script>\n<!-- \/ Yoast SEO plugin. -->","yoast_head_json":{"title":"Alle kategorier - Senbera DK","robots":{"index":"index","follow":"follow","max-snippet":"max-snippet:-1","max-image-preview":"max-image-preview:large","max-video-preview":"max-video-preview:-1"},"canonical":"https:\/\/senbera.com\/dk\/alle-kategorier\/","og_locale":"da_DK","og_type":"article","og_title":"Alle kategorier - Senbera DK","og_description":"Bilprodukter Damet\u00f8j Elektronik Fodt\u00f8j, tilbeh\u00f8r Herret\u00f8j Husholdningsartikler K\u00e6ledyrsprodukter Leget\u00f8j, b\u00f8rne- og babyprodukter Sk\u00f8nheds- og hygiejneprodukter Sportsudstyr Sundhedspleje V\u00e6rkt\u00f8j Vandreture, camping [&hellip;]","og_url":"https:\/\/senbera.com\/dk\/alle-kategorier\/","og_site_name":"Senbera DK","article_modified_time":"2026-01-16T13:34:02+00:00","og_image":[{"url":"https:\/\/senbera.com\/dk\/wp-content\/uploads\/sites\/25\/2025\/12\/Automotive_products-copy.webp","type":"","width":"","height":""}],"twitter_card":"summary_large_image","twitter_misc":{"Estimeret l\u00e6setid":"5 minutter"},"schema":{"@context":"https:\/\/schema.org","@graph":[{"@type":"WebPage","@id":"https:\/\/senbera.com\/dk\/alle-kategorier\/","url":"https:\/\/senbera.com\/dk\/alle-kategorier\/","name":"Alle kategorier - Senbera DK","isPartOf":{"@id":"https:\/\/senbera.com\/dk\/#website"},"primaryImageOfPage":{"@id":"https:\/\/senbera.com\/dk\/alle-kategorier\/#primaryimage"},"image":{"@id":"https:\/\/senbera.com\/dk\/alle-kategorier\/#primaryimage"},"thumbnailUrl":"https:\/\/senbera.com\/dk\/wp-content\/uploads\/sites\/25\/2025\/12\/Automotive_products-copy.webp","datePublished":"2025-12-05T15:20:29+00:00","dateModified":"2026-01-16T13:34:02+00:00","breadcrumb":{"@id":"https:\/\/senbera.com\/dk\/alle-kategorier\/#breadcrumb"},"inLanguage":"da-DK","potentialAction":[{"@type":"ReadAction","target":["https:\/\/senbera.com\/dk\/alle-kategorier\/"]}]},{"@type":"ImageObject","inLanguage":"da-DK","@id":"https:\/\/senbera.com\/dk\/alle-kategorier\/#primaryimage","url":"","contentUrl":""},{"@type":"BreadcrumbList","@id":"https:\/\/senbera.com\/dk\/alle-kategorier\/#breadcrumb","itemListElement":[{"@type":"ListItem","position":1,"name":"Home","item":"https:\/\/senbera.com\/dk\/"},{"@type":"ListItem","position":2,"name":"Alle kategorier"}]},{"@type":"WebSite","@id":"https:\/\/senbera.com\/dk\/#website","url":"https:\/\/senbera.com\/dk\/","name":"Senbera DK","description":"","publisher":{"@id":"https:\/\/senbera.com\/dk\/#organization"},"potentialAction":[{"@type":"SearchAction","target":{"@type":"EntryPoint","urlTemplate":"https:\/\/senbera.com\/dk\/?s={search_term_string}"},"query-input":{"@type":"PropertyValueSpecification","valueRequired":true,"valueName":"search_term_string"}}],"inLanguage":"da-DK"},{"@type":"Organization","@id":"https:\/\/senbera.com\/dk\/#organization","name":"Mekulo","url":"https:\/\/senbera.com\/dk\/","logo":{"@type":"ImageObject","inLanguage":"da-DK","@id":"https:\/\/senbera.com\/dk\/#\/schema\/logo\/image\/","url":"https:\/\/senbera.com\/dk\/wp-content\/uploads\/sites\/25\/2025\/12\/favicon_mekulo.png","contentUrl":"https:\/\/senbera.com\/dk\/wp-content\/uploads\/sites\/25\/2025\/12\/favicon_mekulo.png","width":50,"height":50,"caption":"Mekulo"},"image":{"@id":"https:\/\/senbera.com\/dk\/#\/schema\/logo\/image\/"}}]}},"_links":{"self":[{"href":"https:\/\/senbera.com\/dk\/wp-json\/wp\/v2\/pages\/12652","targetHints":{"allow":["GET"]}}],"collection":[{"href":"https:\/\/senbera.com\/dk\/wp-json\/wp\/v2\/pages"}],"about":[{"href":"https:\/\/senbera.com\/dk\/wp-json\/wp\/v2\/types\/page"}],"author":[{"embeddable":true,"href":"https:\/\/senbera.com\/dk\/wp-json\/wp\/v2\/users\/1"}],"replies":[{"embeddable":true,"href":"https:\/\/senbera.com\/dk\/wp-json\/wp\/v2\/comments?post=12652"}],"version-history":[{"count":32,"href":"https:\/\/senbera.com\/dk\/wp-json\/wp\/v2\/pages\/12652\/revisions"}],"predecessor-version":[{"id":20939,"href":"https:\/\/senbera.com\/dk\/wp-json\/wp\/v2\/pages\/12652\/revisions\/20939"}],"wp:attachment":[{"href":"https:\/\/senbera.com\/dk\/wp-json\/wp\/v2\/media?parent=12652"}],"curies":[{"name":"wp","href":"https:\/\/api.w.org\/{rel}","templated":true}]}}