{"id":21691,"date":"2026-01-21T07:43:01","date_gmt":"2026-01-21T05:43:01","guid":{"rendered":"https:\/\/senbera.com\/de\/produkt\/entsafter\/"},"modified":"2026-01-21T07:43:01","modified_gmt":"2026-01-21T05:43:01","slug":"entsafter","status":"publish","type":"product","link":"https:\/\/senbera.com\/de\/produkt\/entsafter\/","title":{"rendered":"Entsafter"},"content":{"rendered":"<p style=\"text-align: center\"><strong><span style=\"font-weight: 400\">\ud83c\udf4a<\/span>Schnell frischen Saft mit der Hand auspressen &#8211; kein Strom n\u00f6tig!\ud83c\udf4b<\/strong><\/p>\n<p style=\"text-align: center\"><span style=\"font-weight: 400\">Dieser manuelle Entsafter macht es einfach, \u00fcberall frischen Saft zu genie\u00dfen. Mit seinem robusten Aluminiumgeh\u00e4use und dem einfachen Pressdesign k\u00f6nnen Sie in Sekundenschnelle Saft aus Obst und Gem\u00fcse pressen. Keine Kabel, keine Batterien &#8211; nur reines, einfaches Auspressen f\u00fcr gesunde Getr\u00e4nke zu Hause oder unterwegs.<\/span><\/p>\n<p><img decoding=\"async\" class=\"size-full wp-image-18193 aligncenter\" src=\"https:\/\/keluvo.com\/template\/wp-content\/uploads\/sites\/5\/2025\/05\/juicer1-ezgif.com-video-to-webp-converter.webp\" alt=\"\" \/><\/p>\n<h2 style=\"text-align: center\">\u2705 Hauptvorteile<\/h2>\n<p><span style=\"font-weight: 400\">\ud83c\udf4a M\u00fchelose Entsaftung von Fr\u00fcchten wie Orangen, Zitronen und mehr<\/span><span style=\"font-weight: 400\"><br \/>\n<\/span><\/p>\n<p><span style=\"font-weight: 400\">\ud83e\udd6c Funktioniert auch bei Blattgem\u00fcse und weichem Gem\u00fcse<\/span><span style=\"font-weight: 400\"><br \/>\n<\/span><\/p>\n<p><span style=\"font-weight: 400\">\ud83d\udcaa Robuste Aluminiumkonstruktion f\u00fcr lange Haltbarkeit<\/span><span style=\"font-weight: 400\"><br \/>\n<\/span><\/p>\n<p><span style=\"font-weight: 400\">\u2708\ufe0f Tragbar und leicht &#8211; perfekt f\u00fcr Reisen, Camping oder kleine K\u00fcchen<\/span><span style=\"font-weight: 400\"><br \/>\n<\/span><\/p>\n<p><span style=\"font-weight: 400\">\ud83e\uddfd Einfach mit Wasser zu reinigen &#8211; keine komplizierten Teile<\/span><\/p>\n<p><img decoding=\"async\" class=\"size-full wp-image-18198 aligncenter\" src=\"https:\/\/keluvo.com\/template\/wp-content\/uploads\/sites\/5\/2025\/05\/8f950548-ac20-4eae-882c-d91e166fae3d.webp\" alt=\"\" \/><\/p>\n<h2 style=\"text-align: center\">\ud83e\uddc3 Anwendung<\/h2>\n<ol>\n<li style=\"font-weight: 400\"><span style=\"font-weight: 400\">Schneiden Sie Ihr Obst oder Gem\u00fcse in H\u00e4lften oder kleine St\u00fccke (etwa 3 cm).<\/span><span style=\"font-weight: 400\"><br \/>\n<\/span><\/li>\n<li style=\"font-weight: 400\"><span style=\"font-weight: 400\">Legen Sie sie in den Entsafterbecher.<\/span><span style=\"font-weight: 400\"><br \/>\n<\/span><\/li>\n<li style=\"font-weight: 400\"><span style=\"font-weight: 400\">Dr\u00fccken Sie den oberen Griff fest nach unten.<\/span><span style=\"font-weight: 400\"><br \/>\n<\/span><\/li>\n<li style=\"font-weight: 400\"><span style=\"font-weight: 400\">Drehen und dr\u00fccken Sie erneut, um maximalen Saft zu extrahieren.<\/span><span style=\"font-weight: 400\"><br \/>\n<\/span><\/li>\n<li style=\"font-weight: 400\"><span style=\"font-weight: 400\">Gie\u00dfen Sie und genie\u00dfen Sie Ihren frischen Saft!<\/span><\/li>\n<\/ol>\n<h2 style=\"text-align: center\">\ud83d\udcd0 Produktdetails<\/h2>\n<ul>\n<li style=\"font-weight: 400\"><span style=\"font-weight: 400\">Material: Aluminiumlegierung<\/span><span style=\"font-weight: 400\"><br \/>\n<\/span><\/li>\n<li style=\"font-weight: 400\"><span style=\"font-weight: 400\">Gr\u00f6\u00dfe: 220 x 108 x 100 mm<\/span><\/li>\n<li style=\"font-weight: 400\"><span style=\"font-weight: 400\">Verwendung f\u00fcr: Obst, weiches Gem\u00fcse, Blattgem\u00fcse, gekochte Kartoffeln<\/span><\/li>\n<\/ul>\n<h2 style=\"text-align: center\">\ud83d\udce6 Paket enth\u00e4lt<\/h2>\n<ul>\n<li style=\"font-weight: 400\"><span style=\"font-weight: 400\">1x manuellen Entsafter.<\/span><\/li>\n<\/ul>\n","protected":false},"excerpt":{"rendered":"<p>\ud83c\udf4aSchnell frischen Saft mit der Hand auspressen &#8211; kein Strom n\u00f6tig!\ud83c\udf4b Dieser manuelle Entsafter macht es einfach, \u00fcberall frischen Saft [&hellip;]<\/p>\n","protected":false},"featured_media":21687,"comment_status":"open","ping_status":"closed","template":"","meta":{"site-sidebar-layout":"default","site-content-layout":"","ast-site-content-layout":"default","site-content-style":"default","site-sidebar-style":"default","ast-global-header-display":"","ast-banner-title-visibility":"","ast-main-header-display":"","ast-hfb-above-header-display":"","ast-hfb-below-header-display":"","ast-hfb-mobile-header-display":"","site-post-title":"","ast-breadcrumbs-content":"","ast-featured-img":"","footer-sml-layout":"","theme-transparent-header-meta":"default","adv-header-id-meta":"","stick-header-meta":"","header-above-stick-meta":"","header-main-stick-meta":"","header-below-stick-meta":"","astra-migrate-meta-layouts":"set","ast-page-background-enabled":"default","ast-page-background-meta":{"desktop":{"background-color":"var(--ast-global-color-5)","background-image":"","background-repeat":"repeat","background-position":"center center","background-size":"auto","background-attachment":"scroll","background-type":"","background-media":"","overlay-type":"","overlay-color":"","overlay-opacity":"","overlay-gradient":""},"tablet":{"background-color":"","background-image":"","background-repeat":"repeat","background-position":"center center","background-size":"auto","background-attachment":"scroll","background-type":"","background-media":"","overlay-type":"","overlay-color":"","overlay-opacity":"","overlay-gradient":""},"mobile":{"background-color":"","background-image":"","background-repeat":"repeat","background-position":"center center","background-size":"auto","background-attachment":"scroll","background-type":"","background-media":"","overlay-type":"","overlay-color":"","overlay-opacity":"","overlay-gradient":""}},"ast-content-background-meta":{"desktop":{"background-color":"var(--ast-global-color-4)","background-image":"","background-repeat":"repeat","background-position":"center center","background-size":"auto","background-attachment":"scroll","background-type":"","background-media":"","overlay-type":"","overlay-color":"","overlay-opacity":"","overlay-gradient":""},"tablet":{"background-color":"var(--ast-global-color-4)","background-image":"","background-repeat":"repeat","background-position":"center center","background-size":"auto","background-attachment":"scroll","background-type":"","background-media":"","overlay-type":"","overlay-color":"","overlay-opacity":"","overlay-gradient":""},"mobile":{"background-color":"var(--ast-global-color-4)","background-image":"","background-repeat":"repeat","background-position":"center center","background-size":"auto","background-attachment":"scroll","background-type":"","background-media":"","overlay-type":"","overlay-color":"","overlay-opacity":"","overlay-gradient":""}}},"product_brand":[],"product_cat":[15],"product_tag":[],"class_list":{"0":"post-21691","1":"product","2":"type-product","3":"status-publish","4":"has-post-thumbnail","6":"product_cat-unkategorisiert","7":"desktop-align-left","8":"tablet-align-left","9":"mobile-align-left","11":"first","12":"instock","13":"shipping-taxable","14":"purchasable","15":"product-type-simple"},"yoast_head":"<!-- This site is optimized with the Yoast SEO plugin v26.6 - https:\/\/yoast.com\/wordpress\/plugins\/seo\/ -->\n<title>Entsafter - Senbera DE<\/title>\n<meta name=\"robots\" content=\"index, follow, max-snippet:-1, max-image-preview:large, max-video-preview:-1\" \/>\n<link rel=\"canonical\" href=\"https:\/\/senbera.com\/de\/produkt\/entsafter\/\" \/>\n<meta property=\"og:locale\" content=\"de_DE\" \/>\n<meta property=\"og:type\" content=\"article\" \/>\n<meta property=\"og:title\" content=\"Entsafter - Senbera DE\" \/>\n<meta property=\"og:description\" content=\"\ud83c\udf4aSchnell frischen Saft mit der Hand auspressen &#8211; kein Strom n\u00f6tig!\ud83c\udf4b Dieser manuelle Entsafter macht es einfach, \u00fcberall frischen Saft [&hellip;]\" \/>\n<meta property=\"og:url\" content=\"https:\/\/senbera.com\/de\/produkt\/entsafter\/\" \/>\n<meta property=\"og:site_name\" content=\"Senbera DE\" \/>\n<meta name=\"twitter:card\" content=\"summary_large_image\" \/>\n<meta name=\"twitter:label1\" content=\"Gesch\u00e4tzte Lesezeit\" \/>\n\t<meta name=\"twitter:data1\" content=\"1\u00a0Minute\" \/>\n<script type=\"application\/ld+json\" class=\"yoast-schema-graph\">{\"@context\":\"https:\/\/schema.org\",\"@graph\":[{\"@type\":\"WebPage\",\"@id\":\"https:\/\/senbera.com\/de\/produkt\/entsafter\/\",\"url\":\"https:\/\/senbera.com\/de\/produkt\/entsafter\/\",\"name\":\"Entsafter - Senbera DE\",\"isPartOf\":{\"@id\":\"https:\/\/senbera.com\/de\/#website\"},\"primaryImageOfPage\":{\"@id\":\"https:\/\/senbera.com\/de\/produkt\/entsafter\/#primaryimage\"},\"image\":{\"@id\":\"https:\/\/senbera.com\/de\/produkt\/entsafter\/#primaryimage\"},\"thumbnailUrl\":\"https:\/\/senbera.com\/de\/wp-content\/uploads\/sites\/21\/2026\/01\/szub9r6-1.webp\",\"datePublished\":\"2026-01-21T05:43:01+00:00\",\"breadcrumb\":{\"@id\":\"https:\/\/senbera.com\/de\/produkt\/entsafter\/#breadcrumb\"},\"inLanguage\":\"de\",\"potentialAction\":[{\"@type\":\"ReadAction\",\"target\":[\"https:\/\/senbera.com\/de\/produkt\/entsafter\/\"]}]},{\"@type\":\"ImageObject\",\"inLanguage\":\"de\",\"@id\":\"https:\/\/senbera.com\/de\/produkt\/entsafter\/#primaryimage\",\"url\":\"https:\/\/senbera.com\/de\/wp-content\/uploads\/sites\/21\/2026\/01\/szub9r6-1.webp\",\"contentUrl\":\"https:\/\/senbera.com\/de\/wp-content\/uploads\/sites\/21\/2026\/01\/szub9r6-1.webp\",\"width\":720,\"height\":720},{\"@type\":\"BreadcrumbList\",\"@id\":\"https:\/\/senbera.com\/de\/produkt\/entsafter\/#breadcrumb\",\"itemListElement\":[{\"@type\":\"ListItem\",\"position\":1,\"name\":\"Home\",\"item\":\"https:\/\/senbera.com\/de\/\"},{\"@type\":\"ListItem\",\"position\":2,\"name\":\"Shop\",\"item\":\"https:\/\/senbera.com\/de\/shop\/\"},{\"@type\":\"ListItem\",\"position\":3,\"name\":\"Entsafter\"}]},{\"@type\":\"WebSite\",\"@id\":\"https:\/\/senbera.com\/de\/#website\",\"url\":\"https:\/\/senbera.com\/de\/\",\"name\":\"Senbera DE\",\"description\":\"\",\"publisher\":{\"@id\":\"https:\/\/senbera.com\/de\/#organization\"},\"potentialAction\":[{\"@type\":\"SearchAction\",\"target\":{\"@type\":\"EntryPoint\",\"urlTemplate\":\"https:\/\/senbera.com\/de\/?s={search_term_string}\"},\"query-input\":{\"@type\":\"PropertyValueSpecification\",\"valueRequired\":true,\"valueName\":\"search_term_string\"}}],\"inLanguage\":\"de\"},{\"@type\":\"Organization\",\"@id\":\"https:\/\/senbera.com\/de\/#organization\",\"name\":\"Mekulo\",\"url\":\"https:\/\/senbera.com\/de\/\",\"logo\":{\"@type\":\"ImageObject\",\"inLanguage\":\"de\",\"@id\":\"https:\/\/senbera.com\/de\/#\/schema\/logo\/image\/\",\"url\":\"https:\/\/senbera.com\/de\/wp-content\/uploads\/sites\/21\/2025\/12\/favicon_mekulo.png\",\"contentUrl\":\"https:\/\/senbera.com\/de\/wp-content\/uploads\/sites\/21\/2025\/12\/favicon_mekulo.png\",\"width\":50,\"height\":50,\"caption\":\"Mekulo\"},\"image\":{\"@id\":\"https:\/\/senbera.com\/de\/#\/schema\/logo\/image\/\"}}]}<\/script>\n<!-- \/ Yoast SEO plugin. -->","yoast_head_json":{"title":"Entsafter - Senbera DE","robots":{"index":"index","follow":"follow","max-snippet":"max-snippet:-1","max-image-preview":"max-image-preview:large","max-video-preview":"max-video-preview:-1"},"canonical":"https:\/\/senbera.com\/de\/produkt\/entsafter\/","og_locale":"de_DE","og_type":"article","og_title":"Entsafter - Senbera DE","og_description":"\ud83c\udf4aSchnell frischen Saft mit der Hand auspressen &#8211; kein Strom n\u00f6tig!\ud83c\udf4b Dieser manuelle Entsafter macht es einfach, \u00fcberall frischen Saft [&hellip;]","og_url":"https:\/\/senbera.com\/de\/produkt\/entsafter\/","og_site_name":"Senbera DE","twitter_card":"summary_large_image","twitter_misc":{"Gesch\u00e4tzte Lesezeit":"1\u00a0Minute"},"schema":{"@context":"https:\/\/schema.org","@graph":[{"@type":"WebPage","@id":"https:\/\/senbera.com\/de\/produkt\/entsafter\/","url":"https:\/\/senbera.com\/de\/produkt\/entsafter\/","name":"Entsafter - Senbera DE","isPartOf":{"@id":"https:\/\/senbera.com\/de\/#website"},"primaryImageOfPage":{"@id":"https:\/\/senbera.com\/de\/produkt\/entsafter\/#primaryimage"},"image":{"@id":"https:\/\/senbera.com\/de\/produkt\/entsafter\/#primaryimage"},"thumbnailUrl":"https:\/\/senbera.com\/de\/wp-content\/uploads\/sites\/21\/2026\/01\/szub9r6-1.webp","datePublished":"2026-01-21T05:43:01+00:00","breadcrumb":{"@id":"https:\/\/senbera.com\/de\/produkt\/entsafter\/#breadcrumb"},"inLanguage":"de","potentialAction":[{"@type":"ReadAction","target":["https:\/\/senbera.com\/de\/produkt\/entsafter\/"]}]},{"@type":"ImageObject","inLanguage":"de","@id":"https:\/\/senbera.com\/de\/produkt\/entsafter\/#primaryimage","url":"https:\/\/senbera.com\/de\/wp-content\/uploads\/sites\/21\/2026\/01\/szub9r6-1.webp","contentUrl":"https:\/\/senbera.com\/de\/wp-content\/uploads\/sites\/21\/2026\/01\/szub9r6-1.webp","width":720,"height":720},{"@type":"BreadcrumbList","@id":"https:\/\/senbera.com\/de\/produkt\/entsafter\/#breadcrumb","itemListElement":[{"@type":"ListItem","position":1,"name":"Home","item":"https:\/\/senbera.com\/de\/"},{"@type":"ListItem","position":2,"name":"Shop","item":"https:\/\/senbera.com\/de\/shop\/"},{"@type":"ListItem","position":3,"name":"Entsafter"}]},{"@type":"WebSite","@id":"https:\/\/senbera.com\/de\/#website","url":"https:\/\/senbera.com\/de\/","name":"Senbera DE","description":"","publisher":{"@id":"https:\/\/senbera.com\/de\/#organization"},"potentialAction":[{"@type":"SearchAction","target":{"@type":"EntryPoint","urlTemplate":"https:\/\/senbera.com\/de\/?s={search_term_string}"},"query-input":{"@type":"PropertyValueSpecification","valueRequired":true,"valueName":"search_term_string"}}],"inLanguage":"de"},{"@type":"Organization","@id":"https:\/\/senbera.com\/de\/#organization","name":"Mekulo","url":"https:\/\/senbera.com\/de\/","logo":{"@type":"ImageObject","inLanguage":"de","@id":"https:\/\/senbera.com\/de\/#\/schema\/logo\/image\/","url":"https:\/\/senbera.com\/de\/wp-content\/uploads\/sites\/21\/2025\/12\/favicon_mekulo.png","contentUrl":"https:\/\/senbera.com\/de\/wp-content\/uploads\/sites\/21\/2025\/12\/favicon_mekulo.png","width":50,"height":50,"caption":"Mekulo"},"image":{"@id":"https:\/\/senbera.com\/de\/#\/schema\/logo\/image\/"}}]}},"_links":{"self":[{"href":"https:\/\/senbera.com\/de\/wp-json\/wp\/v2\/product\/21691","targetHints":{"allow":["GET"]}}],"collection":[{"href":"https:\/\/senbera.com\/de\/wp-json\/wp\/v2\/product"}],"about":[{"href":"https:\/\/senbera.com\/de\/wp-json\/wp\/v2\/types\/product"}],"replies":[{"embeddable":true,"href":"https:\/\/senbera.com\/de\/wp-json\/wp\/v2\/comments?post=21691"}],"wp:featuredmedia":[{"embeddable":true,"href":"https:\/\/senbera.com\/de\/wp-json\/wp\/v2\/media\/21687"}],"wp:attachment":[{"href":"https:\/\/senbera.com\/de\/wp-json\/wp\/v2\/media?parent=21691"}],"wp:term":[{"taxonomy":"product_brand","embeddable":true,"href":"https:\/\/senbera.com\/de\/wp-json\/wp\/v2\/product_brand?post=21691"},{"taxonomy":"product_cat","embeddable":true,"href":"https:\/\/senbera.com\/de\/wp-json\/wp\/v2\/product_cat?post=21691"},{"taxonomy":"product_tag","embeddable":true,"href":"https:\/\/senbera.com\/de\/wp-json\/wp\/v2\/product_tag?post=21691"}],"curies":[{"name":"wp","href":"https:\/\/api.w.org\/{rel}","templated":true}]}}