{"id":21676,"date":"2026-01-21T07:42:23","date_gmt":"2026-01-21T05:42:23","guid":{"rendered":"https:\/\/senbera.com\/de\/produkt\/buerste-fuer-haustiere\/"},"modified":"2026-01-21T07:42:30","modified_gmt":"2026-01-21T05:42:30","slug":"buerste-fuer-haustiere","status":"publish","type":"product","link":"https:\/\/senbera.com\/de\/produkt\/buerste-fuer-haustiere\/","title":{"rendered":"B\u00fcrste f\u00fcr Haustiere"},"content":{"rendered":"<p style=\"text-align: center\"><strong>Die Badeb\u00fcrste f\u00fcr Haustiere ist ein 2-in-1-Pflegewerkzeug und Shampoo-Spender, mit dem Sie Ihr Haustier in einem einfachen Schritt reinigen, massieren und pflegen k\u00f6nnen. Sie ist aus weichem, sicherem Silikon gefertigt und entfernt sanft Schmutz und loses Fell, w\u00e4hrend sie das Shampoo gleichm\u00e4\u00dfig verteilt &#8211; perfekt f\u00fcr Hunde und Katzen mit kurzem Haar.<\/strong><\/p>\n<p style=\"text-align: center\"><span style=\"font-weight: 400\">Die Badeb\u00fcrste f\u00fcr Haustiere ist ein 2-in-1-Pflegewerkzeug und Shampoo-Spender, mit dem Sie Ihr Haustier in einem einfachen Schritt reinigen, massieren und pflegen k\u00f6nnen. Sie ist aus weichem, sicherem Silikon gefertigt und entfernt sanft Schmutz und loses Fell, w\u00e4hrend sie das Shampoo gleichm\u00e4\u00dfig verteilt &#8211; perfekt f\u00fcr Hunde und Katzen mit kurzem Haar.<\/span><\/p>\n<p><img decoding=\"async\" class=\"alignnone size-full wp-image-18208 aligncenter\" src=\"https:\/\/keluvo.com\/template\/wp-content\/uploads\/sites\/5\/2025\/05\/PetBathBrush-ezgif.com-video-to-webp-converter.webp\" alt=\"\" \/><\/p>\n<h2 style=\"text-align: center\">\u2705 Hauptvorteile<\/h2>\n<p><span style=\"font-weight: 400\">\ud83d\udec1 2-in-1-Design &#8211; Waschen und Massieren gleichzeitig<\/span><span style=\"font-weight: 400\"><br \/>\n<\/span><\/p>\n<p><span style=\"font-weight: 400\">\ud83d\udc3e Reinigt sanft, ohne die Haut Ihres Haustieres zu zerkratzen<\/span><span style=\"font-weight: 400\"><br \/>\n<\/span><\/p>\n<p><span style=\"font-weight: 400\">\ud83e\uddf4 Eingebauter Shampoo-Spender f\u00fcr gleichm\u00e4\u00dfige Schaumverteilung<\/span><span style=\"font-weight: 400\"><br \/>\n<\/span><\/p>\n<p><span style=\"font-weight: 400\">\ud83d\udca7 Fasst bis zu 80 ml fl\u00fcssiges Shampoo<\/span><span style=\"font-weight: 400\"><br \/>\n<\/span><\/p>\n<p><span style=\"font-weight: 400\">\u270b Rutschfester Griff f\u00fcr einfache Handhabung w\u00e4hrend des Bades<\/span><span style=\"font-weight: 400\"><br \/>\n<\/span><\/p>\n<p><span style=\"font-weight: 400\">\ud83c\udf3f Sichere Silikonborsten &#8211; toxinfrei, weich und langlebig<\/span><\/p>\n<p><img decoding=\"async\" class=\"alignnone size-full wp-image-18204 aligncenter\" src=\"https:\/\/keluvo.com\/template\/wp-content\/uploads\/sites\/5\/2025\/05\/a01f7ea5-fcce-47cf-8131-cda7ae3ee285.webp.webp\" alt=\"\" \/><\/p>\n<h2 style=\"text-align: center\">\ud83e\uddfc Anwendung<\/h2>\n<ol>\n<li style=\"font-weight: 400\"><span style=\"font-weight: 400\">\u00d6ffnen Sie den Deckel und f\u00fcllen Sie die B\u00fcrste mit Ihrem bevorzugten Haustiershampoo (bis zu 80 ml).<\/span><span style=\"font-weight: 400\"><br \/>\n<\/span><\/li>\n<li style=\"font-weight: 400\"><span style=\"font-weight: 400\">Schlie\u00dfen Sie den Deckel und dr\u00fccken Sie ihn sanft, w\u00e4hrend Sie schrubben, um das Shampoo freizusetzen.<\/span><span style=\"font-weight: 400\"><br \/>\n<\/span><\/li>\n<li style=\"font-weight: 400\"><span style=\"font-weight: 400\">massieren und reinigen Sie das Fell Ihres Haustieres mit kreisenden Bewegungen.<\/span><span style=\"font-weight: 400\"><br \/>\n<\/span><\/li>\n<li style=\"font-weight: 400\"><span style=\"font-weight: 400\">sp\u00fclen Sie die B\u00fcrste aus und bewahren Sie sie f\u00fcr das n\u00e4chste Mal auf.<\/span><\/li>\n<\/ol>\n<h2 style=\"text-align: center\">\ud83d\udcd0 Produktdetails<\/h2>\n<ul>\n<li style=\"font-weight: 400\"><span style=\"font-weight: 400\">Gr\u00f6\u00dfe: 9,5 x 9,5 x 5 cm<\/span><span style=\"font-weight: 400\"><br \/>\n<\/span><\/li>\n<li style=\"font-weight: 400\"><span style=\"font-weight: 400\">Material: 100% hochwertiges Silikon<\/span><span style=\"font-weight: 400\"><br \/>\n<\/span><\/li>\n<li style=\"font-weight: 400\"><span style=\"font-weight: 400\">Fassungsverm\u00f6gen: 80ml (Shampoo nicht enthalten)<\/span><span style=\"font-weight: 400\"><br \/>\n<\/span><\/li>\n<li style=\"font-weight: 400\"><span style=\"font-weight: 400\">Geeignet f\u00fcr: Katzen und Hunde mit kurzem Haar<\/span><\/li>\n<\/ul>\n<h2 style=\"text-align: center\">\ud83d\udce6 Paket enth\u00e4lt<\/h2>\n<ul>\n<li><span style=\"font-weight: 400\">1x Haustier-Badeb\u00fcrste.<\/span><\/li>\n<\/ul>\n","protected":false},"excerpt":{"rendered":"<p>Die Badeb\u00fcrste f\u00fcr Haustiere ist ein 2-in-1-Pflegewerkzeug und Shampoo-Spender, mit dem Sie Ihr Haustier in einem einfachen Schritt reinigen, massieren [&hellip;]<\/p>\n","protected":false},"featured_media":21672,"comment_status":"open","ping_status":"closed","template":"","meta":{"site-sidebar-layout":"default","site-content-layout":"","ast-site-content-layout":"default","site-content-style":"default","site-sidebar-style":"default","ast-global-header-display":"","ast-banner-title-visibility":"","ast-main-header-display":"","ast-hfb-above-header-display":"","ast-hfb-below-header-display":"","ast-hfb-mobile-header-display":"","site-post-title":"","ast-breadcrumbs-content":"","ast-featured-img":"","footer-sml-layout":"","theme-transparent-header-meta":"default","adv-header-id-meta":"","stick-header-meta":"","header-above-stick-meta":"","header-main-stick-meta":"","header-below-stick-meta":"","astra-migrate-meta-layouts":"set","ast-page-background-enabled":"default","ast-page-background-meta":{"desktop":{"background-color":"var(--ast-global-color-5)","background-image":"","background-repeat":"repeat","background-position":"center center","background-size":"auto","background-attachment":"scroll","background-type":"","background-media":"","overlay-type":"","overlay-color":"","overlay-opacity":"","overlay-gradient":""},"tablet":{"background-color":"","background-image":"","background-repeat":"repeat","background-position":"center center","background-size":"auto","background-attachment":"scroll","background-type":"","background-media":"","overlay-type":"","overlay-color":"","overlay-opacity":"","overlay-gradient":""},"mobile":{"background-color":"","background-image":"","background-repeat":"repeat","background-position":"center center","background-size":"auto","background-attachment":"scroll","background-type":"","background-media":"","overlay-type":"","overlay-color":"","overlay-opacity":"","overlay-gradient":""}},"ast-content-background-meta":{"desktop":{"background-color":"var(--ast-global-color-4)","background-image":"","background-repeat":"repeat","background-position":"center center","background-size":"auto","background-attachment":"scroll","background-type":"","background-media":"","overlay-type":"","overlay-color":"","overlay-opacity":"","overlay-gradient":""},"tablet":{"background-color":"var(--ast-global-color-4)","background-image":"","background-repeat":"repeat","background-position":"center center","background-size":"auto","background-attachment":"scroll","background-type":"","background-media":"","overlay-type":"","overlay-color":"","overlay-opacity":"","overlay-gradient":""},"mobile":{"background-color":"var(--ast-global-color-4)","background-image":"","background-repeat":"repeat","background-position":"center center","background-size":"auto","background-attachment":"scroll","background-type":"","background-media":"","overlay-type":"","overlay-color":"","overlay-opacity":"","overlay-gradient":""}}},"product_brand":[],"product_cat":[15],"product_tag":[],"class_list":{"0":"post-21676","1":"product","2":"type-product","3":"status-publish","4":"has-post-thumbnail","6":"product_cat-unkategorisiert","7":"pa_37549_o3bgsmw7-blau","8":"pa_37549_o3bgsmw7-gelb","9":"pa_37549_o3bgsmw7-rosa","10":"desktop-align-left","11":"tablet-align-left","12":"mobile-align-left","14":"first","15":"instock","16":"shipping-taxable","17":"purchasable","18":"product-type-variable"},"yoast_head":"<!-- This site is optimized with the Yoast SEO plugin v26.6 - https:\/\/yoast.com\/wordpress\/plugins\/seo\/ -->\n<title>B\u00fcrste f\u00fcr Haustiere - Senbera DE<\/title>\n<meta name=\"robots\" content=\"index, follow, max-snippet:-1, max-image-preview:large, max-video-preview:-1\" \/>\n<link rel=\"canonical\" href=\"https:\/\/senbera.com\/de\/produkt\/buerste-fuer-haustiere\/\" \/>\n<meta property=\"og:locale\" content=\"de_DE\" \/>\n<meta property=\"og:type\" content=\"article\" \/>\n<meta property=\"og:title\" content=\"B\u00fcrste f\u00fcr Haustiere - Senbera DE\" \/>\n<meta property=\"og:description\" content=\"Die Badeb\u00fcrste f\u00fcr Haustiere ist ein 2-in-1-Pflegewerkzeug und Shampoo-Spender, mit dem Sie Ihr Haustier in einem einfachen Schritt reinigen, massieren [&hellip;]\" \/>\n<meta property=\"og:url\" content=\"https:\/\/senbera.com\/de\/produkt\/buerste-fuer-haustiere\/\" \/>\n<meta property=\"og:site_name\" content=\"Senbera DE\" \/>\n<meta property=\"article:modified_time\" content=\"2026-01-21T05:42:30+00:00\" \/>\n<meta name=\"twitter:card\" content=\"summary_large_image\" \/>\n<meta name=\"twitter:label1\" content=\"Gesch\u00e4tzte Lesezeit\" \/>\n\t<meta name=\"twitter:data1\" content=\"1\u00a0Minute\" \/>\n<script type=\"application\/ld+json\" class=\"yoast-schema-graph\">{\"@context\":\"https:\/\/schema.org\",\"@graph\":[{\"@type\":\"WebPage\",\"@id\":\"https:\/\/senbera.com\/de\/produkt\/buerste-fuer-haustiere\/\",\"url\":\"https:\/\/senbera.com\/de\/produkt\/buerste-fuer-haustiere\/\",\"name\":\"B\u00fcrste f\u00fcr Haustiere - Senbera DE\",\"isPartOf\":{\"@id\":\"https:\/\/senbera.com\/de\/#website\"},\"primaryImageOfPage\":{\"@id\":\"https:\/\/senbera.com\/de\/produkt\/buerste-fuer-haustiere\/#primaryimage\"},\"image\":{\"@id\":\"https:\/\/senbera.com\/de\/produkt\/buerste-fuer-haustiere\/#primaryimage\"},\"thumbnailUrl\":\"https:\/\/senbera.com\/de\/wp-content\/uploads\/sites\/21\/2026\/01\/ywkxcwq-1.webp\",\"datePublished\":\"2026-01-21T05:42:23+00:00\",\"dateModified\":\"2026-01-21T05:42:30+00:00\",\"breadcrumb\":{\"@id\":\"https:\/\/senbera.com\/de\/produkt\/buerste-fuer-haustiere\/#breadcrumb\"},\"inLanguage\":\"de\",\"potentialAction\":[{\"@type\":\"ReadAction\",\"target\":[\"https:\/\/senbera.com\/de\/produkt\/buerste-fuer-haustiere\/\"]}]},{\"@type\":\"ImageObject\",\"inLanguage\":\"de\",\"@id\":\"https:\/\/senbera.com\/de\/produkt\/buerste-fuer-haustiere\/#primaryimage\",\"url\":\"https:\/\/senbera.com\/de\/wp-content\/uploads\/sites\/21\/2026\/01\/ywkxcwq-1.webp\",\"contentUrl\":\"https:\/\/senbera.com\/de\/wp-content\/uploads\/sites\/21\/2026\/01\/ywkxcwq-1.webp\",\"width\":800,\"height\":800},{\"@type\":\"BreadcrumbList\",\"@id\":\"https:\/\/senbera.com\/de\/produkt\/buerste-fuer-haustiere\/#breadcrumb\",\"itemListElement\":[{\"@type\":\"ListItem\",\"position\":1,\"name\":\"Home\",\"item\":\"https:\/\/senbera.com\/de\/\"},{\"@type\":\"ListItem\",\"position\":2,\"name\":\"Shop\",\"item\":\"https:\/\/senbera.com\/de\/shop\/\"},{\"@type\":\"ListItem\",\"position\":3,\"name\":\"B\u00fcrste f\u00fcr Haustiere\"}]},{\"@type\":\"WebSite\",\"@id\":\"https:\/\/senbera.com\/de\/#website\",\"url\":\"https:\/\/senbera.com\/de\/\",\"name\":\"Senbera DE\",\"description\":\"\",\"publisher\":{\"@id\":\"https:\/\/senbera.com\/de\/#organization\"},\"potentialAction\":[{\"@type\":\"SearchAction\",\"target\":{\"@type\":\"EntryPoint\",\"urlTemplate\":\"https:\/\/senbera.com\/de\/?s={search_term_string}\"},\"query-input\":{\"@type\":\"PropertyValueSpecification\",\"valueRequired\":true,\"valueName\":\"search_term_string\"}}],\"inLanguage\":\"de\"},{\"@type\":\"Organization\",\"@id\":\"https:\/\/senbera.com\/de\/#organization\",\"name\":\"Mekulo\",\"url\":\"https:\/\/senbera.com\/de\/\",\"logo\":{\"@type\":\"ImageObject\",\"inLanguage\":\"de\",\"@id\":\"https:\/\/senbera.com\/de\/#\/schema\/logo\/image\/\",\"url\":\"https:\/\/senbera.com\/de\/wp-content\/uploads\/sites\/21\/2025\/12\/favicon_mekulo.png\",\"contentUrl\":\"https:\/\/senbera.com\/de\/wp-content\/uploads\/sites\/21\/2025\/12\/favicon_mekulo.png\",\"width\":50,\"height\":50,\"caption\":\"Mekulo\"},\"image\":{\"@id\":\"https:\/\/senbera.com\/de\/#\/schema\/logo\/image\/\"}}]}<\/script>\n<!-- \/ Yoast SEO plugin. -->","yoast_head_json":{"title":"B\u00fcrste f\u00fcr Haustiere - Senbera DE","robots":{"index":"index","follow":"follow","max-snippet":"max-snippet:-1","max-image-preview":"max-image-preview:large","max-video-preview":"max-video-preview:-1"},"canonical":"https:\/\/senbera.com\/de\/produkt\/buerste-fuer-haustiere\/","og_locale":"de_DE","og_type":"article","og_title":"B\u00fcrste f\u00fcr Haustiere - Senbera DE","og_description":"Die Badeb\u00fcrste f\u00fcr Haustiere ist ein 2-in-1-Pflegewerkzeug und Shampoo-Spender, mit dem Sie Ihr Haustier in einem einfachen Schritt reinigen, massieren [&hellip;]","og_url":"https:\/\/senbera.com\/de\/produkt\/buerste-fuer-haustiere\/","og_site_name":"Senbera DE","article_modified_time":"2026-01-21T05:42:30+00:00","twitter_card":"summary_large_image","twitter_misc":{"Gesch\u00e4tzte Lesezeit":"1\u00a0Minute"},"schema":{"@context":"https:\/\/schema.org","@graph":[{"@type":"WebPage","@id":"https:\/\/senbera.com\/de\/produkt\/buerste-fuer-haustiere\/","url":"https:\/\/senbera.com\/de\/produkt\/buerste-fuer-haustiere\/","name":"B\u00fcrste f\u00fcr Haustiere - Senbera DE","isPartOf":{"@id":"https:\/\/senbera.com\/de\/#website"},"primaryImageOfPage":{"@id":"https:\/\/senbera.com\/de\/produkt\/buerste-fuer-haustiere\/#primaryimage"},"image":{"@id":"https:\/\/senbera.com\/de\/produkt\/buerste-fuer-haustiere\/#primaryimage"},"thumbnailUrl":"https:\/\/senbera.com\/de\/wp-content\/uploads\/sites\/21\/2026\/01\/ywkxcwq-1.webp","datePublished":"2026-01-21T05:42:23+00:00","dateModified":"2026-01-21T05:42:30+00:00","breadcrumb":{"@id":"https:\/\/senbera.com\/de\/produkt\/buerste-fuer-haustiere\/#breadcrumb"},"inLanguage":"de","potentialAction":[{"@type":"ReadAction","target":["https:\/\/senbera.com\/de\/produkt\/buerste-fuer-haustiere\/"]}]},{"@type":"ImageObject","inLanguage":"de","@id":"https:\/\/senbera.com\/de\/produkt\/buerste-fuer-haustiere\/#primaryimage","url":"https:\/\/senbera.com\/de\/wp-content\/uploads\/sites\/21\/2026\/01\/ywkxcwq-1.webp","contentUrl":"https:\/\/senbera.com\/de\/wp-content\/uploads\/sites\/21\/2026\/01\/ywkxcwq-1.webp","width":800,"height":800},{"@type":"BreadcrumbList","@id":"https:\/\/senbera.com\/de\/produkt\/buerste-fuer-haustiere\/#breadcrumb","itemListElement":[{"@type":"ListItem","position":1,"name":"Home","item":"https:\/\/senbera.com\/de\/"},{"@type":"ListItem","position":2,"name":"Shop","item":"https:\/\/senbera.com\/de\/shop\/"},{"@type":"ListItem","position":3,"name":"B\u00fcrste f\u00fcr Haustiere"}]},{"@type":"WebSite","@id":"https:\/\/senbera.com\/de\/#website","url":"https:\/\/senbera.com\/de\/","name":"Senbera DE","description":"","publisher":{"@id":"https:\/\/senbera.com\/de\/#organization"},"potentialAction":[{"@type":"SearchAction","target":{"@type":"EntryPoint","urlTemplate":"https:\/\/senbera.com\/de\/?s={search_term_string}"},"query-input":{"@type":"PropertyValueSpecification","valueRequired":true,"valueName":"search_term_string"}}],"inLanguage":"de"},{"@type":"Organization","@id":"https:\/\/senbera.com\/de\/#organization","name":"Mekulo","url":"https:\/\/senbera.com\/de\/","logo":{"@type":"ImageObject","inLanguage":"de","@id":"https:\/\/senbera.com\/de\/#\/schema\/logo\/image\/","url":"https:\/\/senbera.com\/de\/wp-content\/uploads\/sites\/21\/2025\/12\/favicon_mekulo.png","contentUrl":"https:\/\/senbera.com\/de\/wp-content\/uploads\/sites\/21\/2025\/12\/favicon_mekulo.png","width":50,"height":50,"caption":"Mekulo"},"image":{"@id":"https:\/\/senbera.com\/de\/#\/schema\/logo\/image\/"}}]}},"_links":{"self":[{"href":"https:\/\/senbera.com\/de\/wp-json\/wp\/v2\/product\/21676","targetHints":{"allow":["GET"]}}],"collection":[{"href":"https:\/\/senbera.com\/de\/wp-json\/wp\/v2\/product"}],"about":[{"href":"https:\/\/senbera.com\/de\/wp-json\/wp\/v2\/types\/product"}],"replies":[{"embeddable":true,"href":"https:\/\/senbera.com\/de\/wp-json\/wp\/v2\/comments?post=21676"}],"wp:featuredmedia":[{"embeddable":true,"href":"https:\/\/senbera.com\/de\/wp-json\/wp\/v2\/media\/21672"}],"wp:attachment":[{"href":"https:\/\/senbera.com\/de\/wp-json\/wp\/v2\/media?parent=21676"}],"wp:term":[{"taxonomy":"product_brand","embeddable":true,"href":"https:\/\/senbera.com\/de\/wp-json\/wp\/v2\/product_brand?post=21676"},{"taxonomy":"product_cat","embeddable":true,"href":"https:\/\/senbera.com\/de\/wp-json\/wp\/v2\/product_cat?post=21676"},{"taxonomy":"product_tag","embeddable":true,"href":"https:\/\/senbera.com\/de\/wp-json\/wp\/v2\/product_tag?post=21676"}],"curies":[{"name":"wp","href":"https:\/\/api.w.org\/{rel}","templated":true}]}}