{"id":21521,"date":"2026-01-21T07:33:39","date_gmt":"2026-01-21T05:33:39","guid":{"rendered":"https:\/\/senbera.com\/de\/produkt\/silikon-applikationsset\/"},"modified":"2026-01-21T07:33:39","modified_gmt":"2026-01-21T05:33:39","slug":"silikon-applikationsset","status":"publish","type":"product","link":"https:\/\/senbera.com\/de\/produkt\/silikon-applikationsset\/","title":{"rendered":"Silikon-Applikationsset"},"content":{"rendered":"<p style=\"text-align: center\"><strong>Mit diesem Silikonapplikationsset erhalten Sie 16 Pr\u00e4zisionsd\u00fcsen und 6 Sockel f\u00fcr eine glatte, professionell aussehende Abdichtung bei jeder Arbeit.<\/strong><\/p>\n<p style=\"text-align: center\"><span style=\"font-weight: 400\">Ob Sie Fenster, T\u00fcren, Waschbecken oder Ecken abdichten, dieses Werkzeugset hilft Ihnen, Dichtungsmasse gleichm\u00e4\u00dfig und ohne L\u00fccken oder Flecken aufzutragen. Mit den 16 enthaltenen Gr\u00f6\u00dfen eignet es sich f\u00fcr jede Art von Abdichtungsprojekt &#8211; ob gro\u00df oder klein.<\/span><\/p>\n<h2 style=\"text-align: center\">\ud83d\udca1 Was es kann<\/h2>\n<p style=\"text-align: center\"><span style=\"font-weight: 400\">Ob Sie Fenster, T\u00fcren, Waschbecken oder Ecken abdichten, dieses Werkzeugset hilft Ihnen, Dichtungsmasse gleichm\u00e4\u00dfig und ohne L\u00fccken oder Flecken aufzutragen. Mit den 16 enthaltenen Gr\u00f6\u00dfen eignet es sich f\u00fcr jede Art von Abdichtungsprojekt &#8211; ob gro\u00df oder klein.<\/span><\/p>\n<p><img decoding=\"async\" class=\"alignnone size-full wp-image-18024 aligncenter\" src=\"https:\/\/keluvo.com\/template\/wp-content\/uploads\/sites\/5\/2025\/05\/Siliconeapplicationset-ezgif.com-video-to-webp-converter.webp\" alt=\"\" \/><\/p>\n<h2 style=\"text-align: center\">\u2705 Main Benefits<\/h2>\n<p><span style=\"font-weight: 400\">\ud83d\udee0\ufe0f 16 D\u00fcsengr\u00f6\u00dfen &#8211; von 6 mm bis 30 mm f\u00fcr jede Art von Abdichtungsarbeit<\/span><span style=\"font-weight: 400\"><br \/>\n<\/span><\/p>\n<p><span style=\"font-weight: 400\">\ud83e\uddfc Saubere Ergebnisse &#8211; keine unordentlichen, ungleichm\u00e4\u00dfigen Linien<\/span><span style=\"font-weight: 400\"><br \/>\n<\/span><\/p>\n<p><span style=\"font-weight: 400\">\u267b\ufe0f Wiederverwendbar &amp; rostfrei &#8211; aus rostfreiem Stahl und Kunststoff<\/span> <span style=\"font-weight: 400\">\u2013 aus rostfreiem Stahl und Kunststoff<\/span><span style=\"font-weight: 400\"><br \/>\n<\/span><\/p>\n<p><span style=\"font-weight: 400\">\ud83e\ude9b Schnelles Anbringen &#8211; l\u00e4sst sich leicht an Standard-Abdichtungspistolen befestigen<\/span><span style=\"font-weight: 400\"><br \/>\n<\/span><\/p>\n<p><span style=\"font-weight: 400\">\ud83c\udfe0 Perfekt f\u00fcr jeden Bereich &#8211; ideal f\u00fcr K\u00fcchen, B\u00e4der, Fenster und B\u00f6den<\/span><\/p>\n<p><img decoding=\"async\" class=\"alignnone size-full wp-image-18021 aligncenter\" src=\"https:\/\/keluvo.com\/template\/wp-content\/uploads\/sites\/5\/2025\/05\/b00a68dc-bc08-4892-abbd-f0cb094e7952.webp.webp\" alt=\"\" \/><\/p>\n<h2 style=\"text-align: center\">\ud83e\uddd1\u200d\ud83d\udd27 Anwendung<\/h2>\n<ol>\n<li style=\"font-weight: 400\"><span style=\"font-weight: 400\">W\u00e4hlen Sie die D\u00fcsengr\u00f6\u00dfe, die zu Ihrem Abdichtungsbereich passt.<\/span><span style=\"font-weight: 400\"><br \/>\n<\/span><\/li>\n<li style=\"font-weight: 400\"><span style=\"font-weight: 400\">Befestigen Sie die D\u00fcse an einem gelben Sockel.<\/span><span style=\"font-weight: 400\"><br \/>\n<\/span><\/li>\n<li style=\"font-weight: 400\"><span style=\"font-weight: 400\">Clipsen Sie den Sockel auf Ihre Dichtungspistole.<\/span><span style=\"font-weight: 400\"><br \/>\n<\/span><\/li>\n<li style=\"font-weight: 400\"><span style=\"font-weight: 400\">Tragen Sie die Dichtungsmasse gleichm\u00e4\u00dfig auf die gew\u00fcnschte Stelle auf.<\/span><span style=\"font-weight: 400\"><br \/>\n<\/span><\/li>\n<li style=\"font-weight: 400\"><span style=\"font-weight: 400\">Reinigen Sie die D\u00fcse nach dem Gebrauch zur Wiederverwendung.<\/span><\/li>\n<\/ol>\n<h2 style=\"text-align: center\">\ud83d\udcd0 Produktdetails<\/h2>\n<ul>\n<li style=\"font-weight: 400\"><span style=\"font-weight: 400\">Materialien: Edelstahl + Kunststoff<\/span><span style=\"font-weight: 400\"><br \/>\n<\/span><\/li>\n<li style=\"font-weight: 400\"><span style=\"font-weight: 400\">Gr\u00f6\u00dfen: 16 D\u00fcsenspitzen (6mm bis 30mm)<\/span><span style=\"font-weight: 400\"><br \/>\n<\/span><\/li>\n<li style=\"font-weight: 400\"><span style=\"font-weight: 400\">H\u00f6he: jede D\u00fcse ca. 100mm<\/span><span style=\"font-weight: 400\"><br \/>\n<\/span><\/li>\n<li style=\"font-weight: 400\"><span style=\"font-weight: 400\">Kompatibel mit den meisten Standard-Abdichtungspistolen<\/span><\/li>\n<\/ul>\n<h2 style=\"text-align: center\">\ud83d\udce6 Paket enth\u00e4lt<\/h2>\n<ul>\n<li style=\"font-weight: 400\"><span style=\"font-weight: 400\">16x Edelstahld\u00fcsen<\/span><span style=\"font-weight: 400\"><br \/>\n<\/span><\/li>\n<li style=\"font-weight: 400\"><span style=\"font-weight: 400\">6x gelbe Sockel.<\/span><\/li>\n<\/ul>\n","protected":false},"excerpt":{"rendered":"<p>Mit diesem Silikonapplikationsset erhalten Sie 16 Pr\u00e4zisionsd\u00fcsen und 6 Sockel f\u00fcr eine glatte, professionell aussehende Abdichtung bei jeder Arbeit. Ob [&hellip;]<\/p>\n","protected":false},"featured_media":21517,"comment_status":"open","ping_status":"closed","template":"","meta":{"site-sidebar-layout":"default","site-content-layout":"","ast-site-content-layout":"default","site-content-style":"default","site-sidebar-style":"default","ast-global-header-display":"","ast-banner-title-visibility":"","ast-main-header-display":"","ast-hfb-above-header-display":"","ast-hfb-below-header-display":"","ast-hfb-mobile-header-display":"","site-post-title":"","ast-breadcrumbs-content":"","ast-featured-img":"","footer-sml-layout":"","ast-disable-related-posts":"","theme-transparent-header-meta":"default","adv-header-id-meta":"","stick-header-meta":"","header-above-stick-meta":"","header-main-stick-meta":"","header-below-stick-meta":"","astra-migrate-meta-layouts":"set","ast-page-background-enabled":"default","ast-page-background-meta":{"desktop":{"background-color":"var(--ast-global-color-5)","background-image":"","background-repeat":"repeat","background-position":"center center","background-size":"auto","background-attachment":"scroll","background-type":"","background-media":"","overlay-type":"","overlay-color":"","overlay-opacity":"","overlay-gradient":""},"tablet":{"background-color":"","background-image":"","background-repeat":"repeat","background-position":"center center","background-size":"auto","background-attachment":"scroll","background-type":"","background-media":"","overlay-type":"","overlay-color":"","overlay-opacity":"","overlay-gradient":""},"mobile":{"background-color":"","background-image":"","background-repeat":"repeat","background-position":"center center","background-size":"auto","background-attachment":"scroll","background-type":"","background-media":"","overlay-type":"","overlay-color":"","overlay-opacity":"","overlay-gradient":""}},"ast-content-background-meta":{"desktop":{"background-color":"var(--ast-global-color-4)","background-image":"","background-repeat":"repeat","background-position":"center center","background-size":"auto","background-attachment":"scroll","background-type":"","background-media":"","overlay-type":"","overlay-color":"","overlay-opacity":"","overlay-gradient":""},"tablet":{"background-color":"var(--ast-global-color-4)","background-image":"","background-repeat":"repeat","background-position":"center center","background-size":"auto","background-attachment":"scroll","background-type":"","background-media":"","overlay-type":"","overlay-color":"","overlay-opacity":"","overlay-gradient":""},"mobile":{"background-color":"var(--ast-global-color-4)","background-image":"","background-repeat":"repeat","background-position":"center center","background-size":"auto","background-attachment":"scroll","background-type":"","background-media":"","overlay-type":"","overlay-color":"","overlay-opacity":"","overlay-gradient":""}}},"product_brand":[],"product_cat":[15],"product_tag":[],"class_list":{"0":"post-21521","1":"product","2":"type-product","3":"status-publish","4":"has-post-thumbnail","6":"product_cat-unkategorisiert","7":"desktop-align-left","8":"tablet-align-left","9":"mobile-align-left","11":"first","12":"instock","13":"shipping-taxable","14":"purchasable","15":"product-type-simple"},"yoast_head":"<!-- This site is optimized with the Yoast SEO plugin v27.4 - https:\/\/yoast.com\/product\/yoast-seo-wordpress\/ -->\n<title>Silikon-Applikationsset - Senbera DE<\/title>\n<meta name=\"robots\" content=\"index, follow, max-snippet:-1, max-image-preview:large, max-video-preview:-1\" \/>\n<link rel=\"canonical\" href=\"https:\/\/senbera.com\/de\/produkt\/silikon-applikationsset\/\" \/>\n<meta property=\"og:locale\" content=\"de_DE\" \/>\n<meta property=\"og:type\" content=\"article\" \/>\n<meta property=\"og:title\" content=\"Silikon-Applikationsset - Senbera DE\" \/>\n<meta property=\"og:description\" content=\"Mit diesem Silikonapplikationsset erhalten Sie 16 Pr\u00e4zisionsd\u00fcsen und 6 Sockel f\u00fcr eine glatte, professionell aussehende Abdichtung bei jeder Arbeit. Ob [&hellip;]\" \/>\n<meta property=\"og:url\" content=\"https:\/\/senbera.com\/de\/produkt\/silikon-applikationsset\/\" \/>\n<meta property=\"og:site_name\" content=\"Senbera DE\" \/>\n<meta name=\"twitter:card\" content=\"summary_large_image\" \/>\n<meta name=\"twitter:label1\" content=\"Gesch\u00e4tzte Lesezeit\" \/>\n\t<meta name=\"twitter:data1\" content=\"1\u00a0Minute\" \/>\n<script type=\"application\/ld+json\" class=\"yoast-schema-graph\">{\"@context\":\"https:\\\/\\\/schema.org\",\"@graph\":[{\"@type\":\"WebPage\",\"@id\":\"https:\\\/\\\/senbera.com\\\/de\\\/produkt\\\/silikon-applikationsset\\\/\",\"url\":\"https:\\\/\\\/senbera.com\\\/de\\\/produkt\\\/silikon-applikationsset\\\/\",\"name\":\"Silikon-Applikationsset - Senbera DE\",\"isPartOf\":{\"@id\":\"https:\\\/\\\/senbera.com\\\/de\\\/#website\"},\"primaryImageOfPage\":{\"@id\":\"https:\\\/\\\/senbera.com\\\/de\\\/produkt\\\/silikon-applikationsset\\\/#primaryimage\"},\"image\":{\"@id\":\"https:\\\/\\\/senbera.com\\\/de\\\/produkt\\\/silikon-applikationsset\\\/#primaryimage\"},\"thumbnailUrl\":\"https:\\\/\\\/senbera.com\\\/de\\\/wp-content\\\/uploads\\\/sites\\\/21\\\/2026\\\/01\\\/ui9liog-1.webp\",\"datePublished\":\"2026-01-21T05:33:39+00:00\",\"breadcrumb\":{\"@id\":\"https:\\\/\\\/senbera.com\\\/de\\\/produkt\\\/silikon-applikationsset\\\/#breadcrumb\"},\"inLanguage\":\"de\",\"potentialAction\":[{\"@type\":\"ReadAction\",\"target\":[\"https:\\\/\\\/senbera.com\\\/de\\\/produkt\\\/silikon-applikationsset\\\/\"]}]},{\"@type\":\"ImageObject\",\"inLanguage\":\"de\",\"@id\":\"https:\\\/\\\/senbera.com\\\/de\\\/produkt\\\/silikon-applikationsset\\\/#primaryimage\",\"url\":\"https:\\\/\\\/senbera.com\\\/de\\\/wp-content\\\/uploads\\\/sites\\\/21\\\/2026\\\/01\\\/ui9liog-1.webp\",\"contentUrl\":\"https:\\\/\\\/senbera.com\\\/de\\\/wp-content\\\/uploads\\\/sites\\\/21\\\/2026\\\/01\\\/ui9liog-1.webp\",\"width\":600,\"height\":600},{\"@type\":\"BreadcrumbList\",\"@id\":\"https:\\\/\\\/senbera.com\\\/de\\\/produkt\\\/silikon-applikationsset\\\/#breadcrumb\",\"itemListElement\":[{\"@type\":\"ListItem\",\"position\":1,\"name\":\"Home\",\"item\":\"https:\\\/\\\/senbera.com\\\/de\\\/\"},{\"@type\":\"ListItem\",\"position\":2,\"name\":\"Shop\",\"item\":\"https:\\\/\\\/senbera.com\\\/de\\\/shop\\\/\"},{\"@type\":\"ListItem\",\"position\":3,\"name\":\"Silikon-Applikationsset\"}]},{\"@type\":\"WebSite\",\"@id\":\"https:\\\/\\\/senbera.com\\\/de\\\/#website\",\"url\":\"https:\\\/\\\/senbera.com\\\/de\\\/\",\"name\":\"Senbera DE\",\"description\":\"\",\"publisher\":{\"@id\":\"https:\\\/\\\/senbera.com\\\/de\\\/#organization\"},\"potentialAction\":[{\"@type\":\"SearchAction\",\"target\":{\"@type\":\"EntryPoint\",\"urlTemplate\":\"https:\\\/\\\/senbera.com\\\/de\\\/?s={search_term_string}\"},\"query-input\":{\"@type\":\"PropertyValueSpecification\",\"valueRequired\":true,\"valueName\":\"search_term_string\"}}],\"inLanguage\":\"de\"},{\"@type\":\"Organization\",\"@id\":\"https:\\\/\\\/senbera.com\\\/de\\\/#organization\",\"name\":\"Mekulo\",\"url\":\"https:\\\/\\\/senbera.com\\\/de\\\/\",\"logo\":{\"@type\":\"ImageObject\",\"inLanguage\":\"de\",\"@id\":\"https:\\\/\\\/senbera.com\\\/de\\\/#\\\/schema\\\/logo\\\/image\\\/\",\"url\":\"https:\\\/\\\/senbera.com\\\/de\\\/wp-content\\\/uploads\\\/sites\\\/21\\\/2025\\\/12\\\/favicon_mekulo.png\",\"contentUrl\":\"https:\\\/\\\/senbera.com\\\/de\\\/wp-content\\\/uploads\\\/sites\\\/21\\\/2025\\\/12\\\/favicon_mekulo.png\",\"width\":50,\"height\":50,\"caption\":\"Mekulo\"},\"image\":{\"@id\":\"https:\\\/\\\/senbera.com\\\/de\\\/#\\\/schema\\\/logo\\\/image\\\/\"}}]}<\/script>\n<!-- \/ Yoast SEO plugin. -->","yoast_head_json":{"title":"Silikon-Applikationsset - Senbera DE","robots":{"index":"index","follow":"follow","max-snippet":"max-snippet:-1","max-image-preview":"max-image-preview:large","max-video-preview":"max-video-preview:-1"},"canonical":"https:\/\/senbera.com\/de\/produkt\/silikon-applikationsset\/","og_locale":"de_DE","og_type":"article","og_title":"Silikon-Applikationsset - Senbera DE","og_description":"Mit diesem Silikonapplikationsset erhalten Sie 16 Pr\u00e4zisionsd\u00fcsen und 6 Sockel f\u00fcr eine glatte, professionell aussehende Abdichtung bei jeder Arbeit. Ob [&hellip;]","og_url":"https:\/\/senbera.com\/de\/produkt\/silikon-applikationsset\/","og_site_name":"Senbera DE","twitter_card":"summary_large_image","twitter_misc":{"Gesch\u00e4tzte Lesezeit":"1\u00a0Minute"},"schema":{"@context":"https:\/\/schema.org","@graph":[{"@type":"WebPage","@id":"https:\/\/senbera.com\/de\/produkt\/silikon-applikationsset\/","url":"https:\/\/senbera.com\/de\/produkt\/silikon-applikationsset\/","name":"Silikon-Applikationsset - Senbera DE","isPartOf":{"@id":"https:\/\/senbera.com\/de\/#website"},"primaryImageOfPage":{"@id":"https:\/\/senbera.com\/de\/produkt\/silikon-applikationsset\/#primaryimage"},"image":{"@id":"https:\/\/senbera.com\/de\/produkt\/silikon-applikationsset\/#primaryimage"},"thumbnailUrl":"https:\/\/senbera.com\/de\/wp-content\/uploads\/sites\/21\/2026\/01\/ui9liog-1.webp","datePublished":"2026-01-21T05:33:39+00:00","breadcrumb":{"@id":"https:\/\/senbera.com\/de\/produkt\/silikon-applikationsset\/#breadcrumb"},"inLanguage":"de","potentialAction":[{"@type":"ReadAction","target":["https:\/\/senbera.com\/de\/produkt\/silikon-applikationsset\/"]}]},{"@type":"ImageObject","inLanguage":"de","@id":"https:\/\/senbera.com\/de\/produkt\/silikon-applikationsset\/#primaryimage","url":"https:\/\/senbera.com\/de\/wp-content\/uploads\/sites\/21\/2026\/01\/ui9liog-1.webp","contentUrl":"https:\/\/senbera.com\/de\/wp-content\/uploads\/sites\/21\/2026\/01\/ui9liog-1.webp","width":600,"height":600},{"@type":"BreadcrumbList","@id":"https:\/\/senbera.com\/de\/produkt\/silikon-applikationsset\/#breadcrumb","itemListElement":[{"@type":"ListItem","position":1,"name":"Home","item":"https:\/\/senbera.com\/de\/"},{"@type":"ListItem","position":2,"name":"Shop","item":"https:\/\/senbera.com\/de\/shop\/"},{"@type":"ListItem","position":3,"name":"Silikon-Applikationsset"}]},{"@type":"WebSite","@id":"https:\/\/senbera.com\/de\/#website","url":"https:\/\/senbera.com\/de\/","name":"Senbera DE","description":"","publisher":{"@id":"https:\/\/senbera.com\/de\/#organization"},"potentialAction":[{"@type":"SearchAction","target":{"@type":"EntryPoint","urlTemplate":"https:\/\/senbera.com\/de\/?s={search_term_string}"},"query-input":{"@type":"PropertyValueSpecification","valueRequired":true,"valueName":"search_term_string"}}],"inLanguage":"de"},{"@type":"Organization","@id":"https:\/\/senbera.com\/de\/#organization","name":"Mekulo","url":"https:\/\/senbera.com\/de\/","logo":{"@type":"ImageObject","inLanguage":"de","@id":"https:\/\/senbera.com\/de\/#\/schema\/logo\/image\/","url":"https:\/\/senbera.com\/de\/wp-content\/uploads\/sites\/21\/2025\/12\/favicon_mekulo.png","contentUrl":"https:\/\/senbera.com\/de\/wp-content\/uploads\/sites\/21\/2025\/12\/favicon_mekulo.png","width":50,"height":50,"caption":"Mekulo"},"image":{"@id":"https:\/\/senbera.com\/de\/#\/schema\/logo\/image\/"}}]}},"_links":{"self":[{"href":"https:\/\/senbera.com\/de\/wp-json\/wp\/v2\/product\/21521","targetHints":{"allow":["GET"]}}],"collection":[{"href":"https:\/\/senbera.com\/de\/wp-json\/wp\/v2\/product"}],"about":[{"href":"https:\/\/senbera.com\/de\/wp-json\/wp\/v2\/types\/product"}],"replies":[{"embeddable":true,"href":"https:\/\/senbera.com\/de\/wp-json\/wp\/v2\/comments?post=21521"}],"wp:featuredmedia":[{"embeddable":true,"href":"https:\/\/senbera.com\/de\/wp-json\/wp\/v2\/media\/21517"}],"wp:attachment":[{"href":"https:\/\/senbera.com\/de\/wp-json\/wp\/v2\/media?parent=21521"}],"wp:term":[{"taxonomy":"product_brand","embeddable":true,"href":"https:\/\/senbera.com\/de\/wp-json\/wp\/v2\/product_brand?post=21521"},{"taxonomy":"product_cat","embeddable":true,"href":"https:\/\/senbera.com\/de\/wp-json\/wp\/v2\/product_cat?post=21521"},{"taxonomy":"product_tag","embeddable":true,"href":"https:\/\/senbera.com\/de\/wp-json\/wp\/v2\/product_tag?post=21521"}],"curies":[{"name":"wp","href":"https:\/\/api.w.org\/{rel}","templated":true}]}}