{"id":21133,"date":"2026-01-19T09:46:51","date_gmt":"2026-01-19T07:46:51","guid":{"rendered":"https:\/\/senbera.com\/de\/produkt\/spender-fuer-zahnseide\/"},"modified":"2026-01-19T09:47:00","modified_gmt":"2026-01-19T07:47:00","slug":"spender-fuer-zahnseide","status":"publish","type":"product","link":"https:\/\/senbera.com\/de\/produkt\/spender-fuer-zahnseide\/","title":{"rendered":"Spender f\u00fcr Zahnseide"},"content":{"rendered":"<p style=\"text-align: center\"><strong>Reinigen Sie Ihre Z\u00e4hne \u00fcberall und jederzeit \u2013 mit nur einem Druck.<\/strong><\/p>\n<p style=\"text-align: center\"><span style=\"font-weight: 400\">Mit diesem intelligenten Zahnseidenspender k\u00f6nnen Sie mit einem einfachen Druck einen einzelnen Zahnseide-Pick herausziehen &#8211; einfach, hygienisch und perfekt f\u00fcr den Gebrauch unterwegs. Er h\u00e4lt Ihre Zahnseide sauber, gesch\u00fctzt und immer bereit &#8211; egal ob Sie zu Hause, im B\u00fcro oder auf Reisen sind.<\/span><\/p>\n<p><img decoding=\"async\" class=\"alignnone size-full wp-image-17452 aligncenter\" src=\"https:\/\/keluvo.com\/template\/wp-content\/uploads\/sites\/5\/2025\/05\/Dentalflossdispenser-ezgif.com-video-to-webp-converter.webp\" alt=\"\" \/><\/p>\n<h2 style=\"text-align: center\">\ud83c\udf1f Hauptvorteile<\/h2>\n<p><span style=\"font-weight: 400\">\ud83d\udc46 Auswerfen einer Zahnseide mit einem einfachen Druck<\/span><span style=\"font-weight: 400\"><br \/>\n<\/span><\/p>\n<p><span style=\"font-weight: 400\">\ud83d\ude37 Versiegeltes Design h\u00e4lt die Zahnseide sauber und sicher<\/span><span style=\"font-weight: 400\"><br \/>\n<\/span><\/p>\n<p><span style=\"font-weight: 400\">\ud83e\uddb7 Glatte, starke Zahnseide, die nicht rei\u00dft<\/span><span style=\"font-weight: 400\"><br \/>\n<\/span><\/p>\n<p><span style=\"font-weight: 400\">\u2708\ufe0f Kompakt und reisefreundlich<\/span><span style=\"font-weight: 400\"><br \/>\n<\/span><\/p>\n<p><span style=\"font-weight: 400\">\ud83d\udca7 Einfach nachzuf\u00fcllen und immer wieder zu verwenden<\/span><span style=\"font-weight: 400\"><br \/>\n<\/span><\/p>\n<p><span style=\"font-weight: 400\">\ud83c\udf3f Schonend f\u00fcr das Zahnfleisch, hart im Nehmen<\/span><\/p>\n<p><img decoding=\"async\" class=\"alignnone size-full wp-image-17460 aligncenter\" src=\"https:\/\/keluvo.com\/template\/wp-content\/uploads\/sites\/5\/2025\/05\/S407ab492d5824afc8ab524d426a4e4b0e.jpg_960x960q75.jpg_.jpeg\" alt=\"\" \/><\/p>\n<h2 style=\"text-align: center\">\ud83d\udee0\ufe0f Wie zu verwenden<\/h2>\n<ol>\n<li style=\"font-weight: 400\"><span style=\"font-weight: 400\">Dr\u00fccken Sie den Knopf, um einen Zahnseide-Pick herauszuholen.<\/span><span style=\"font-weight: 400\"><br \/>\n<\/span><\/li>\n<li style=\"font-weight: 400\"><span style=\"font-weight: 400\">Verwenden Sie die Zahnseide zwischen Ihren Z\u00e4hnen, um sanft zu reinigen.<\/span><span style=\"font-weight: 400\"><br \/>\n<\/span><\/li>\n<li style=\"font-weight: 400\"><span style=\"font-weight: 400\">Das gebogene Ende funktioniert wie ein Zahnstocher f\u00fcr schwer zug\u00e4ngliche Stellen.<\/span><span style=\"font-weight: 400\"><br \/>\n<\/span><\/li>\n<li style=\"font-weight: 400\"><span style=\"font-weight: 400\">Zum Nachf\u00fcllen \u00f6ffnen Sie die hintere Abdeckung und setzen Sie neue Zahnseide ein (f\u00fcr bis zu 12 St\u00fcck).<\/span><\/li>\n<\/ol>\n<h2 style=\"text-align: center\">\ud83d\udccf Produktdetails<\/h2>\n<ul>\n<li style=\"font-weight: 400\"><span style=\"font-weight: 400\">Material: Kunststoffgeh\u00e4use mit Polyethylenfaser-Zahnseide<\/span><span style=\"font-weight: 400\"><br \/>\n<\/span><\/li>\n<li style=\"font-weight: 400\"><span style=\"font-weight: 400\">Farben: gr\u00fcn, rosa, wei\u00df, schwarz<\/span><span style=\"font-weight: 400\"><br \/>\n<\/span><\/li>\n<li style=\"font-weight: 400\"><span style=\"font-weight: 400\">Gr\u00f6\u00dfe: 8 x 3,8 x 1,2 cm<\/span><span style=\"font-weight: 400\"><br \/>\n<\/span><\/li>\n<li style=\"font-weight: 400\"><span style=\"font-weight: 400\">Gewicht: 25g<\/span><span style=\"font-weight: 400\"><br \/>\n<\/span><\/li>\n<li style=\"font-weight: 400\"><span style=\"font-weight: 400\">Fassungsverm\u00f6gen: f\u00fcr 12 Zahnseidenspitzen<\/span><\/li>\n<\/ul>\n<h2 style=\"text-align: center\">\ud83d\udce6 Paket enth\u00e4lt<\/h2>\n<ul>\n<li><span style=\"font-weight: 400\">1x Zahnseidenspender<\/span><\/li>\n<li><span style=\"font-weight: 400\">12x Zahnseidenspitzen.<\/span><\/li>\n<\/ul>\n","protected":false},"excerpt":{"rendered":"<p>Reinigen Sie Ihre Z\u00e4hne \u00fcberall und jederzeit \u2013 mit nur einem Druck. Mit diesem intelligenten Zahnseidenspender k\u00f6nnen Sie mit einem [&hellip;]<\/p>\n","protected":false},"featured_media":21129,"comment_status":"open","ping_status":"closed","template":"","meta":{"site-sidebar-layout":"default","site-content-layout":"","ast-site-content-layout":"default","site-content-style":"default","site-sidebar-style":"default","ast-global-header-display":"","ast-banner-title-visibility":"","ast-main-header-display":"","ast-hfb-above-header-display":"","ast-hfb-below-header-display":"","ast-hfb-mobile-header-display":"","site-post-title":"","ast-breadcrumbs-content":"","ast-featured-img":"","footer-sml-layout":"","theme-transparent-header-meta":"default","adv-header-id-meta":"","stick-header-meta":"","header-above-stick-meta":"","header-main-stick-meta":"","header-below-stick-meta":"","astra-migrate-meta-layouts":"set","ast-page-background-enabled":"default","ast-page-background-meta":{"desktop":{"background-color":"var(--ast-global-color-5)","background-image":"","background-repeat":"repeat","background-position":"center center","background-size":"auto","background-attachment":"scroll","background-type":"","background-media":"","overlay-type":"","overlay-color":"","overlay-opacity":"","overlay-gradient":""},"tablet":{"background-color":"","background-image":"","background-repeat":"repeat","background-position":"center center","background-size":"auto","background-attachment":"scroll","background-type":"","background-media":"","overlay-type":"","overlay-color":"","overlay-opacity":"","overlay-gradient":""},"mobile":{"background-color":"","background-image":"","background-repeat":"repeat","background-position":"center center","background-size":"auto","background-attachment":"scroll","background-type":"","background-media":"","overlay-type":"","overlay-color":"","overlay-opacity":"","overlay-gradient":""}},"ast-content-background-meta":{"desktop":{"background-color":"var(--ast-global-color-4)","background-image":"","background-repeat":"repeat","background-position":"center center","background-size":"auto","background-attachment":"scroll","background-type":"","background-media":"","overlay-type":"","overlay-color":"","overlay-opacity":"","overlay-gradient":""},"tablet":{"background-color":"var(--ast-global-color-4)","background-image":"","background-repeat":"repeat","background-position":"center center","background-size":"auto","background-attachment":"scroll","background-type":"","background-media":"","overlay-type":"","overlay-color":"","overlay-opacity":"","overlay-gradient":""},"mobile":{"background-color":"var(--ast-global-color-4)","background-image":"","background-repeat":"repeat","background-position":"center center","background-size":"auto","background-attachment":"scroll","background-type":"","background-media":"","overlay-type":"","overlay-color":"","overlay-opacity":"","overlay-gradient":""}}},"product_brand":[],"product_cat":[15],"product_tag":[],"class_list":{"0":"post-21133","1":"product","2":"type-product","3":"status-publish","4":"has-post-thumbnail","6":"product_cat-unkategorisiert","7":"pa_23643_a8r702jo-gruen","8":"pa_23643_a8r702jo-rosa","9":"pa_23643_a8r702jo-schwarz","10":"pa_23643_a8r702jo-weiss","11":"desktop-align-left","12":"tablet-align-left","13":"mobile-align-left","15":"first","16":"instock","17":"shipping-taxable","18":"purchasable","19":"product-type-variable"},"yoast_head":"<!-- This site is optimized with the Yoast SEO plugin v26.6 - https:\/\/yoast.com\/wordpress\/plugins\/seo\/ -->\n<title>Spender f\u00fcr Zahnseide - Senbera DE<\/title>\n<meta name=\"robots\" content=\"index, follow, max-snippet:-1, max-image-preview:large, max-video-preview:-1\" \/>\n<link rel=\"canonical\" href=\"https:\/\/senbera.com\/de\/produkt\/spender-fuer-zahnseide\/\" \/>\n<meta property=\"og:locale\" content=\"de_DE\" \/>\n<meta property=\"og:type\" content=\"article\" \/>\n<meta property=\"og:title\" content=\"Spender f\u00fcr Zahnseide - Senbera DE\" \/>\n<meta property=\"og:description\" content=\"Reinigen Sie Ihre Z\u00e4hne \u00fcberall und jederzeit \u2013 mit nur einem Druck. Mit diesem intelligenten Zahnseidenspender k\u00f6nnen Sie mit einem [&hellip;]\" \/>\n<meta property=\"og:url\" content=\"https:\/\/senbera.com\/de\/produkt\/spender-fuer-zahnseide\/\" \/>\n<meta property=\"og:site_name\" content=\"Senbera DE\" \/>\n<meta property=\"article:modified_time\" content=\"2026-01-19T07:47:00+00:00\" \/>\n<meta name=\"twitter:card\" content=\"summary_large_image\" \/>\n<meta name=\"twitter:label1\" content=\"Gesch\u00e4tzte Lesezeit\" \/>\n\t<meta name=\"twitter:data1\" content=\"1\u00a0Minute\" \/>\n<script type=\"application\/ld+json\" class=\"yoast-schema-graph\">{\"@context\":\"https:\/\/schema.org\",\"@graph\":[{\"@type\":\"WebPage\",\"@id\":\"https:\/\/senbera.com\/de\/produkt\/spender-fuer-zahnseide\/\",\"url\":\"https:\/\/senbera.com\/de\/produkt\/spender-fuer-zahnseide\/\",\"name\":\"Spender f\u00fcr Zahnseide - Senbera DE\",\"isPartOf\":{\"@id\":\"https:\/\/senbera.com\/de\/#website\"},\"primaryImageOfPage\":{\"@id\":\"https:\/\/senbera.com\/de\/produkt\/spender-fuer-zahnseide\/#primaryimage\"},\"image\":{\"@id\":\"https:\/\/senbera.com\/de\/produkt\/spender-fuer-zahnseide\/#primaryimage\"},\"thumbnailUrl\":\"https:\/\/senbera.com\/de\/wp-content\/uploads\/sites\/21\/2026\/01\/upq3gk4-1.webp\",\"datePublished\":\"2026-01-19T07:46:51+00:00\",\"dateModified\":\"2026-01-19T07:47:00+00:00\",\"breadcrumb\":{\"@id\":\"https:\/\/senbera.com\/de\/produkt\/spender-fuer-zahnseide\/#breadcrumb\"},\"inLanguage\":\"de\",\"potentialAction\":[{\"@type\":\"ReadAction\",\"target\":[\"https:\/\/senbera.com\/de\/produkt\/spender-fuer-zahnseide\/\"]}]},{\"@type\":\"ImageObject\",\"inLanguage\":\"de\",\"@id\":\"https:\/\/senbera.com\/de\/produkt\/spender-fuer-zahnseide\/#primaryimage\",\"url\":\"https:\/\/senbera.com\/de\/wp-content\/uploads\/sites\/21\/2026\/01\/upq3gk4-1.webp\",\"contentUrl\":\"https:\/\/senbera.com\/de\/wp-content\/uploads\/sites\/21\/2026\/01\/upq3gk4-1.webp\",\"width\":740,\"height\":740},{\"@type\":\"BreadcrumbList\",\"@id\":\"https:\/\/senbera.com\/de\/produkt\/spender-fuer-zahnseide\/#breadcrumb\",\"itemListElement\":[{\"@type\":\"ListItem\",\"position\":1,\"name\":\"Home\",\"item\":\"https:\/\/senbera.com\/de\/\"},{\"@type\":\"ListItem\",\"position\":2,\"name\":\"Shop\",\"item\":\"https:\/\/senbera.com\/de\/shop\/\"},{\"@type\":\"ListItem\",\"position\":3,\"name\":\"Spender f\u00fcr Zahnseide\"}]},{\"@type\":\"WebSite\",\"@id\":\"https:\/\/senbera.com\/de\/#website\",\"url\":\"https:\/\/senbera.com\/de\/\",\"name\":\"Senbera DE\",\"description\":\"\",\"publisher\":{\"@id\":\"https:\/\/senbera.com\/de\/#organization\"},\"potentialAction\":[{\"@type\":\"SearchAction\",\"target\":{\"@type\":\"EntryPoint\",\"urlTemplate\":\"https:\/\/senbera.com\/de\/?s={search_term_string}\"},\"query-input\":{\"@type\":\"PropertyValueSpecification\",\"valueRequired\":true,\"valueName\":\"search_term_string\"}}],\"inLanguage\":\"de\"},{\"@type\":\"Organization\",\"@id\":\"https:\/\/senbera.com\/de\/#organization\",\"name\":\"Mekulo\",\"url\":\"https:\/\/senbera.com\/de\/\",\"logo\":{\"@type\":\"ImageObject\",\"inLanguage\":\"de\",\"@id\":\"https:\/\/senbera.com\/de\/#\/schema\/logo\/image\/\",\"url\":\"https:\/\/senbera.com\/de\/wp-content\/uploads\/sites\/21\/2025\/12\/favicon_mekulo.png\",\"contentUrl\":\"https:\/\/senbera.com\/de\/wp-content\/uploads\/sites\/21\/2025\/12\/favicon_mekulo.png\",\"width\":50,\"height\":50,\"caption\":\"Mekulo\"},\"image\":{\"@id\":\"https:\/\/senbera.com\/de\/#\/schema\/logo\/image\/\"}}]}<\/script>\n<!-- \/ Yoast SEO plugin. -->","yoast_head_json":{"title":"Spender f\u00fcr Zahnseide - Senbera DE","robots":{"index":"index","follow":"follow","max-snippet":"max-snippet:-1","max-image-preview":"max-image-preview:large","max-video-preview":"max-video-preview:-1"},"canonical":"https:\/\/senbera.com\/de\/produkt\/spender-fuer-zahnseide\/","og_locale":"de_DE","og_type":"article","og_title":"Spender f\u00fcr Zahnseide - Senbera DE","og_description":"Reinigen Sie Ihre Z\u00e4hne \u00fcberall und jederzeit \u2013 mit nur einem Druck. Mit diesem intelligenten Zahnseidenspender k\u00f6nnen Sie mit einem [&hellip;]","og_url":"https:\/\/senbera.com\/de\/produkt\/spender-fuer-zahnseide\/","og_site_name":"Senbera DE","article_modified_time":"2026-01-19T07:47:00+00:00","twitter_card":"summary_large_image","twitter_misc":{"Gesch\u00e4tzte Lesezeit":"1\u00a0Minute"},"schema":{"@context":"https:\/\/schema.org","@graph":[{"@type":"WebPage","@id":"https:\/\/senbera.com\/de\/produkt\/spender-fuer-zahnseide\/","url":"https:\/\/senbera.com\/de\/produkt\/spender-fuer-zahnseide\/","name":"Spender f\u00fcr Zahnseide - Senbera DE","isPartOf":{"@id":"https:\/\/senbera.com\/de\/#website"},"primaryImageOfPage":{"@id":"https:\/\/senbera.com\/de\/produkt\/spender-fuer-zahnseide\/#primaryimage"},"image":{"@id":"https:\/\/senbera.com\/de\/produkt\/spender-fuer-zahnseide\/#primaryimage"},"thumbnailUrl":"https:\/\/senbera.com\/de\/wp-content\/uploads\/sites\/21\/2026\/01\/upq3gk4-1.webp","datePublished":"2026-01-19T07:46:51+00:00","dateModified":"2026-01-19T07:47:00+00:00","breadcrumb":{"@id":"https:\/\/senbera.com\/de\/produkt\/spender-fuer-zahnseide\/#breadcrumb"},"inLanguage":"de","potentialAction":[{"@type":"ReadAction","target":["https:\/\/senbera.com\/de\/produkt\/spender-fuer-zahnseide\/"]}]},{"@type":"ImageObject","inLanguage":"de","@id":"https:\/\/senbera.com\/de\/produkt\/spender-fuer-zahnseide\/#primaryimage","url":"https:\/\/senbera.com\/de\/wp-content\/uploads\/sites\/21\/2026\/01\/upq3gk4-1.webp","contentUrl":"https:\/\/senbera.com\/de\/wp-content\/uploads\/sites\/21\/2026\/01\/upq3gk4-1.webp","width":740,"height":740},{"@type":"BreadcrumbList","@id":"https:\/\/senbera.com\/de\/produkt\/spender-fuer-zahnseide\/#breadcrumb","itemListElement":[{"@type":"ListItem","position":1,"name":"Home","item":"https:\/\/senbera.com\/de\/"},{"@type":"ListItem","position":2,"name":"Shop","item":"https:\/\/senbera.com\/de\/shop\/"},{"@type":"ListItem","position":3,"name":"Spender f\u00fcr Zahnseide"}]},{"@type":"WebSite","@id":"https:\/\/senbera.com\/de\/#website","url":"https:\/\/senbera.com\/de\/","name":"Senbera DE","description":"","publisher":{"@id":"https:\/\/senbera.com\/de\/#organization"},"potentialAction":[{"@type":"SearchAction","target":{"@type":"EntryPoint","urlTemplate":"https:\/\/senbera.com\/de\/?s={search_term_string}"},"query-input":{"@type":"PropertyValueSpecification","valueRequired":true,"valueName":"search_term_string"}}],"inLanguage":"de"},{"@type":"Organization","@id":"https:\/\/senbera.com\/de\/#organization","name":"Mekulo","url":"https:\/\/senbera.com\/de\/","logo":{"@type":"ImageObject","inLanguage":"de","@id":"https:\/\/senbera.com\/de\/#\/schema\/logo\/image\/","url":"https:\/\/senbera.com\/de\/wp-content\/uploads\/sites\/21\/2025\/12\/favicon_mekulo.png","contentUrl":"https:\/\/senbera.com\/de\/wp-content\/uploads\/sites\/21\/2025\/12\/favicon_mekulo.png","width":50,"height":50,"caption":"Mekulo"},"image":{"@id":"https:\/\/senbera.com\/de\/#\/schema\/logo\/image\/"}}]}},"_links":{"self":[{"href":"https:\/\/senbera.com\/de\/wp-json\/wp\/v2\/product\/21133","targetHints":{"allow":["GET"]}}],"collection":[{"href":"https:\/\/senbera.com\/de\/wp-json\/wp\/v2\/product"}],"about":[{"href":"https:\/\/senbera.com\/de\/wp-json\/wp\/v2\/types\/product"}],"replies":[{"embeddable":true,"href":"https:\/\/senbera.com\/de\/wp-json\/wp\/v2\/comments?post=21133"}],"wp:featuredmedia":[{"embeddable":true,"href":"https:\/\/senbera.com\/de\/wp-json\/wp\/v2\/media\/21129"}],"wp:attachment":[{"href":"https:\/\/senbera.com\/de\/wp-json\/wp\/v2\/media?parent=21133"}],"wp:term":[{"taxonomy":"product_brand","embeddable":true,"href":"https:\/\/senbera.com\/de\/wp-json\/wp\/v2\/product_brand?post=21133"},{"taxonomy":"product_cat","embeddable":true,"href":"https:\/\/senbera.com\/de\/wp-json\/wp\/v2\/product_cat?post=21133"},{"taxonomy":"product_tag","embeddable":true,"href":"https:\/\/senbera.com\/de\/wp-json\/wp\/v2\/product_tag?post=21133"}],"curies":[{"name":"wp","href":"https:\/\/api.w.org\/{rel}","templated":true}]}}