{"id":21044,"date":"2026-01-19T09:42:04","date_gmt":"2026-01-19T07:42:04","guid":{"rendered":"https:\/\/senbera.com\/de\/produkt\/handabdruck-kit-40g\/"},"modified":"2026-01-19T09:42:27","modified_gmt":"2026-01-19T07:42:27","slug":"handabdruck-kit-40g","status":"publish","type":"product","link":"https:\/\/senbera.com\/de\/produkt\/handabdruck-kit-40g\/","title":{"rendered":"Handabdruck-Kit (40g)"},"content":{"rendered":"<p style=\"text-align: center\"><b>\ud83d\udc76Schaffen Sie mit dem kleinen Hand- oder Fu\u00dfabdruck Ihres Babys eine bleibende Erinnerung \ud83d\udc63<\/b><\/p>\n<p style=\"text-align: center\"><span style=\"font-weight: 400\">Dieses weiche und sichere Babyknete-Set ist eine wundersch\u00f6ne M\u00f6glichkeit, den Hand- oder Fu\u00dfabdruck Ihres Neugeborenen als Andenken festzuhalten. Ob f\u00fcr die ersten Tage Ihres Babys oder als Geschenk f\u00fcr frischgebackene Eltern, diese selbstgemachte Knete ist ein einfacher und sinnvoller Weg, um sich an diese kostbaren kleinen Details zu erinnern.<\/span><\/p>\n<p><img decoding=\"async\" class=\"size-full wp-image-17412 aligncenter\" src=\"https:\/\/keluvo.com\/template\/wp-content\/uploads\/sites\/5\/2025\/05\/babu-ezgif.com-video-to-webp-converter.webp\" alt=\"\" \/><\/p>\n<h2 style=\"text-align: center\">\ud83c\udf1f Hauptvorteile<\/h2>\n<p><span style=\"font-weight: 400\">\ud83d\udc63 Einfache Herstellung von Hand- oder Fu\u00dfabdr\u00fccken zu Hause<\/span><span style=\"font-weight: 400\"><br \/>\n<\/span><\/p>\n<p><span style=\"font-weight: 400\">\ud83e\uddfc Weiche, glatte, nicht klebende Knete &#8211; keine Unordnung<\/span><span style=\"font-weight: 400\"><br \/>\n<\/span><\/p>\n<p><span style=\"font-weight: 400\">\ud83c\udf7c Sicher und ungiftig f\u00fcr die Haut von Neugeborenen<\/span><span style=\"font-weight: 400\"><br \/>\n<\/span><\/p>\n<p><span style=\"font-weight: 400\">\ud83c\udf81 Perfektes Geschenk oder Andenken an die Babyparty<\/span><span style=\"font-weight: 400\"><br \/>\n<\/span><\/p>\n<p><span style=\"font-weight: 400\">\u23f3 Lufttrocknend in 24 Stunden &#8211; kein Backen erforderlich<\/span><\/p>\n<p><span style=\"font-weight: 400\">\ud83d\udce6 Leicht und einfach zu lagern oder display<\/span><\/p>\n<p><img decoding=\"async\" class=\"size-full wp-image-17414 aligncenter\" src=\"https:\/\/keluvo.com\/template\/wp-content\/uploads\/sites\/5\/2025\/05\/S212343efbfea4c87a096f854eb10cc083.jpg_960x960q75.jpg_.avif\" alt=\"\" \/><\/p>\n<h2 style=\"text-align: center\">\ud83d\udee0\ufe0f Wie zu verwenden<\/h2>\n<ol>\n<li style=\"font-weight: 400\"><span style=\"font-weight: 400\">\u00d6ffnen Sie die Knetepackung.<\/span><span style=\"font-weight: 400\"><br \/>\n<\/span><\/li>\n<li style=\"font-weight: 400\"><span style=\"font-weight: 400\">Dr\u00fccken Sie die Hand oder den Fu\u00df Ihres Babys sanft in die Knete und lassen Sie sie an einem sauberen Ort 24 Stunden lang an der Luft trocknen.<\/span><\/li>\n<\/ol>\n<h2 style=\"text-align: center\">\ud83d\udccf Produktdetails<\/h2>\n<ul>\n<li style=\"font-weight: 400\"><span style=\"font-weight: 400\">Material: nat\u00fcrliches Kalziumpulver, Pflanzen\u00f6l, Gummi<\/span><span style=\"font-weight: 400\"><br \/>\n<\/span><\/li>\n<li style=\"font-weight: 400\"><span style=\"font-weight: 400\">Gewicht: 40 g pro Packung<\/span><span style=\"font-weight: 400\"><br \/>\n<\/span><\/li>\n<li style=\"font-weight: 400\"><span style=\"font-weight: 400\">Geeignet f\u00fcr Neugeborene bis 6 Monate<\/span><\/li>\n<li style=\"font-weight: 400\"><span style=\"font-weight: 400\">Trocknet nat\u00fcrlich an der Luft und im Licht<\/span><\/li>\n<\/ul>\n<h2 style=\"text-align: center\">\ud83d\udce6 Paket enth\u00e4lt<\/h2>\n<ul>\n<li style=\"font-weight: 400\"><span style=\"font-weight: 400\">1x Beutel mit Baby-Fu\u00dfabdruck-Knete.<\/span><\/li>\n<\/ul>\n<p>&nbsp;<\/p>\n<p>&nbsp;<\/p>\n","protected":false},"excerpt":{"rendered":"<p>\ud83d\udc76Schaffen Sie mit dem kleinen Hand- oder Fu\u00dfabdruck Ihres Babys eine bleibende Erinnerung \ud83d\udc63 Dieses weiche und sichere Babyknete-Set ist [&hellip;]<\/p>\n","protected":false},"featured_media":21040,"comment_status":"open","ping_status":"closed","template":"","meta":{"site-sidebar-layout":"default","site-content-layout":"","ast-site-content-layout":"default","site-content-style":"default","site-sidebar-style":"default","ast-global-header-display":"","ast-banner-title-visibility":"","ast-main-header-display":"","ast-hfb-above-header-display":"","ast-hfb-below-header-display":"","ast-hfb-mobile-header-display":"","site-post-title":"","ast-breadcrumbs-content":"","ast-featured-img":"","footer-sml-layout":"","ast-disable-related-posts":"","theme-transparent-header-meta":"default","adv-header-id-meta":"","stick-header-meta":"","header-above-stick-meta":"","header-main-stick-meta":"","header-below-stick-meta":"","astra-migrate-meta-layouts":"set","ast-page-background-enabled":"default","ast-page-background-meta":{"desktop":{"background-color":"var(--ast-global-color-5)","background-image":"","background-repeat":"repeat","background-position":"center center","background-size":"auto","background-attachment":"scroll","background-type":"","background-media":"","overlay-type":"","overlay-color":"","overlay-opacity":"","overlay-gradient":""},"tablet":{"background-color":"","background-image":"","background-repeat":"repeat","background-position":"center center","background-size":"auto","background-attachment":"scroll","background-type":"","background-media":"","overlay-type":"","overlay-color":"","overlay-opacity":"","overlay-gradient":""},"mobile":{"background-color":"","background-image":"","background-repeat":"repeat","background-position":"center center","background-size":"auto","background-attachment":"scroll","background-type":"","background-media":"","overlay-type":"","overlay-color":"","overlay-opacity":"","overlay-gradient":""}},"ast-content-background-meta":{"desktop":{"background-color":"var(--ast-global-color-4)","background-image":"","background-repeat":"repeat","background-position":"center center","background-size":"auto","background-attachment":"scroll","background-type":"","background-media":"","overlay-type":"","overlay-color":"","overlay-opacity":"","overlay-gradient":""},"tablet":{"background-color":"var(--ast-global-color-4)","background-image":"","background-repeat":"repeat","background-position":"center center","background-size":"auto","background-attachment":"scroll","background-type":"","background-media":"","overlay-type":"","overlay-color":"","overlay-opacity":"","overlay-gradient":""},"mobile":{"background-color":"var(--ast-global-color-4)","background-image":"","background-repeat":"repeat","background-position":"center center","background-size":"auto","background-attachment":"scroll","background-type":"","background-media":"","overlay-type":"","overlay-color":"","overlay-opacity":"","overlay-gradient":""}}},"product_brand":[],"product_cat":[15],"product_tag":[],"class_list":{"0":"post-21044","1":"product","2":"type-product","3":"status-publish","4":"has-post-thumbnail","6":"product_cat-unkategorisiert","7":"pa_20220_gihuji2s-blau","8":"pa_20220_gihuji2s-braun","9":"pa_20220_gihuji2s-gelb","10":"pa_20220_gihuji2s-gruen","11":"pa_20220_gihuji2s-lila","12":"pa_20220_gihuji2s-orange","13":"pa_20220_gihuji2s-rosa","14":"pa_20220_gihuji2s-rot","15":"pa_20220_gihuji2s-schwarz","16":"pa_20220_gihuji2s-weiss","17":"desktop-align-left","18":"tablet-align-left","19":"mobile-align-left","21":"first","22":"instock","23":"shipping-taxable","24":"purchasable","25":"product-type-variable"},"yoast_head":"<!-- This site is optimized with the Yoast SEO plugin v27.4 - https:\/\/yoast.com\/product\/yoast-seo-wordpress\/ -->\n<title>Handabdruck-Kit (40g) - Senbera DE<\/title>\n<meta name=\"robots\" content=\"index, follow, max-snippet:-1, max-image-preview:large, max-video-preview:-1\" \/>\n<link rel=\"canonical\" href=\"https:\/\/senbera.com\/de\/produkt\/handabdruck-kit-40g\/\" \/>\n<meta property=\"og:locale\" content=\"de_DE\" \/>\n<meta property=\"og:type\" content=\"article\" \/>\n<meta property=\"og:title\" content=\"Handabdruck-Kit (40g) - Senbera DE\" \/>\n<meta property=\"og:description\" content=\"\ud83d\udc76Schaffen Sie mit dem kleinen Hand- oder Fu\u00dfabdruck Ihres Babys eine bleibende Erinnerung \ud83d\udc63 Dieses weiche und sichere Babyknete-Set ist [&hellip;]\" \/>\n<meta property=\"og:url\" content=\"https:\/\/senbera.com\/de\/produkt\/handabdruck-kit-40g\/\" \/>\n<meta property=\"og:site_name\" content=\"Senbera DE\" \/>\n<meta property=\"article:modified_time\" content=\"2026-01-19T07:42:27+00:00\" \/>\n<meta name=\"twitter:card\" content=\"summary_large_image\" \/>\n<meta name=\"twitter:label1\" content=\"Gesch\u00e4tzte Lesezeit\" \/>\n\t<meta name=\"twitter:data1\" content=\"1\u00a0Minute\" \/>\n<script type=\"application\/ld+json\" class=\"yoast-schema-graph\">{\"@context\":\"https:\\\/\\\/schema.org\",\"@graph\":[{\"@type\":\"WebPage\",\"@id\":\"https:\\\/\\\/senbera.com\\\/de\\\/produkt\\\/handabdruck-kit-40g\\\/\",\"url\":\"https:\\\/\\\/senbera.com\\\/de\\\/produkt\\\/handabdruck-kit-40g\\\/\",\"name\":\"Handabdruck-Kit (40g) - Senbera DE\",\"isPartOf\":{\"@id\":\"https:\\\/\\\/senbera.com\\\/de\\\/#website\"},\"primaryImageOfPage\":{\"@id\":\"https:\\\/\\\/senbera.com\\\/de\\\/produkt\\\/handabdruck-kit-40g\\\/#primaryimage\"},\"image\":{\"@id\":\"https:\\\/\\\/senbera.com\\\/de\\\/produkt\\\/handabdruck-kit-40g\\\/#primaryimage\"},\"thumbnailUrl\":\"https:\\\/\\\/senbera.com\\\/de\\\/wp-content\\\/uploads\\\/sites\\\/21\\\/2026\\\/01\\\/6khw8l7-1.jpg\",\"datePublished\":\"2026-01-19T07:42:04+00:00\",\"dateModified\":\"2026-01-19T07:42:27+00:00\",\"breadcrumb\":{\"@id\":\"https:\\\/\\\/senbera.com\\\/de\\\/produkt\\\/handabdruck-kit-40g\\\/#breadcrumb\"},\"inLanguage\":\"de\",\"potentialAction\":[{\"@type\":\"ReadAction\",\"target\":[\"https:\\\/\\\/senbera.com\\\/de\\\/produkt\\\/handabdruck-kit-40g\\\/\"]}]},{\"@type\":\"ImageObject\",\"inLanguage\":\"de\",\"@id\":\"https:\\\/\\\/senbera.com\\\/de\\\/produkt\\\/handabdruck-kit-40g\\\/#primaryimage\",\"url\":\"https:\\\/\\\/senbera.com\\\/de\\\/wp-content\\\/uploads\\\/sites\\\/21\\\/2026\\\/01\\\/6khw8l7-1.jpg\",\"contentUrl\":\"https:\\\/\\\/senbera.com\\\/de\\\/wp-content\\\/uploads\\\/sites\\\/21\\\/2026\\\/01\\\/6khw8l7-1.jpg\",\"width\":800,\"height\":800},{\"@type\":\"BreadcrumbList\",\"@id\":\"https:\\\/\\\/senbera.com\\\/de\\\/produkt\\\/handabdruck-kit-40g\\\/#breadcrumb\",\"itemListElement\":[{\"@type\":\"ListItem\",\"position\":1,\"name\":\"Home\",\"item\":\"https:\\\/\\\/senbera.com\\\/de\\\/\"},{\"@type\":\"ListItem\",\"position\":2,\"name\":\"Shop\",\"item\":\"https:\\\/\\\/senbera.com\\\/de\\\/shop\\\/\"},{\"@type\":\"ListItem\",\"position\":3,\"name\":\"Handabdruck-Kit (40g)\"}]},{\"@type\":\"WebSite\",\"@id\":\"https:\\\/\\\/senbera.com\\\/de\\\/#website\",\"url\":\"https:\\\/\\\/senbera.com\\\/de\\\/\",\"name\":\"Senbera DE\",\"description\":\"\",\"publisher\":{\"@id\":\"https:\\\/\\\/senbera.com\\\/de\\\/#organization\"},\"potentialAction\":[{\"@type\":\"SearchAction\",\"target\":{\"@type\":\"EntryPoint\",\"urlTemplate\":\"https:\\\/\\\/senbera.com\\\/de\\\/?s={search_term_string}\"},\"query-input\":{\"@type\":\"PropertyValueSpecification\",\"valueRequired\":true,\"valueName\":\"search_term_string\"}}],\"inLanguage\":\"de\"},{\"@type\":\"Organization\",\"@id\":\"https:\\\/\\\/senbera.com\\\/de\\\/#organization\",\"name\":\"Mekulo\",\"url\":\"https:\\\/\\\/senbera.com\\\/de\\\/\",\"logo\":{\"@type\":\"ImageObject\",\"inLanguage\":\"de\",\"@id\":\"https:\\\/\\\/senbera.com\\\/de\\\/#\\\/schema\\\/logo\\\/image\\\/\",\"url\":\"https:\\\/\\\/senbera.com\\\/de\\\/wp-content\\\/uploads\\\/sites\\\/21\\\/2025\\\/12\\\/favicon_mekulo.png\",\"contentUrl\":\"https:\\\/\\\/senbera.com\\\/de\\\/wp-content\\\/uploads\\\/sites\\\/21\\\/2025\\\/12\\\/favicon_mekulo.png\",\"width\":50,\"height\":50,\"caption\":\"Mekulo\"},\"image\":{\"@id\":\"https:\\\/\\\/senbera.com\\\/de\\\/#\\\/schema\\\/logo\\\/image\\\/\"}}]}<\/script>\n<!-- \/ Yoast SEO plugin. -->","yoast_head_json":{"title":"Handabdruck-Kit (40g) - Senbera DE","robots":{"index":"index","follow":"follow","max-snippet":"max-snippet:-1","max-image-preview":"max-image-preview:large","max-video-preview":"max-video-preview:-1"},"canonical":"https:\/\/senbera.com\/de\/produkt\/handabdruck-kit-40g\/","og_locale":"de_DE","og_type":"article","og_title":"Handabdruck-Kit (40g) - Senbera DE","og_description":"\ud83d\udc76Schaffen Sie mit dem kleinen Hand- oder Fu\u00dfabdruck Ihres Babys eine bleibende Erinnerung \ud83d\udc63 Dieses weiche und sichere Babyknete-Set ist [&hellip;]","og_url":"https:\/\/senbera.com\/de\/produkt\/handabdruck-kit-40g\/","og_site_name":"Senbera DE","article_modified_time":"2026-01-19T07:42:27+00:00","twitter_card":"summary_large_image","twitter_misc":{"Gesch\u00e4tzte Lesezeit":"1\u00a0Minute"},"schema":{"@context":"https:\/\/schema.org","@graph":[{"@type":"WebPage","@id":"https:\/\/senbera.com\/de\/produkt\/handabdruck-kit-40g\/","url":"https:\/\/senbera.com\/de\/produkt\/handabdruck-kit-40g\/","name":"Handabdruck-Kit (40g) - Senbera DE","isPartOf":{"@id":"https:\/\/senbera.com\/de\/#website"},"primaryImageOfPage":{"@id":"https:\/\/senbera.com\/de\/produkt\/handabdruck-kit-40g\/#primaryimage"},"image":{"@id":"https:\/\/senbera.com\/de\/produkt\/handabdruck-kit-40g\/#primaryimage"},"thumbnailUrl":"https:\/\/senbera.com\/de\/wp-content\/uploads\/sites\/21\/2026\/01\/6khw8l7-1.jpg","datePublished":"2026-01-19T07:42:04+00:00","dateModified":"2026-01-19T07:42:27+00:00","breadcrumb":{"@id":"https:\/\/senbera.com\/de\/produkt\/handabdruck-kit-40g\/#breadcrumb"},"inLanguage":"de","potentialAction":[{"@type":"ReadAction","target":["https:\/\/senbera.com\/de\/produkt\/handabdruck-kit-40g\/"]}]},{"@type":"ImageObject","inLanguage":"de","@id":"https:\/\/senbera.com\/de\/produkt\/handabdruck-kit-40g\/#primaryimage","url":"https:\/\/senbera.com\/de\/wp-content\/uploads\/sites\/21\/2026\/01\/6khw8l7-1.jpg","contentUrl":"https:\/\/senbera.com\/de\/wp-content\/uploads\/sites\/21\/2026\/01\/6khw8l7-1.jpg","width":800,"height":800},{"@type":"BreadcrumbList","@id":"https:\/\/senbera.com\/de\/produkt\/handabdruck-kit-40g\/#breadcrumb","itemListElement":[{"@type":"ListItem","position":1,"name":"Home","item":"https:\/\/senbera.com\/de\/"},{"@type":"ListItem","position":2,"name":"Shop","item":"https:\/\/senbera.com\/de\/shop\/"},{"@type":"ListItem","position":3,"name":"Handabdruck-Kit (40g)"}]},{"@type":"WebSite","@id":"https:\/\/senbera.com\/de\/#website","url":"https:\/\/senbera.com\/de\/","name":"Senbera DE","description":"","publisher":{"@id":"https:\/\/senbera.com\/de\/#organization"},"potentialAction":[{"@type":"SearchAction","target":{"@type":"EntryPoint","urlTemplate":"https:\/\/senbera.com\/de\/?s={search_term_string}"},"query-input":{"@type":"PropertyValueSpecification","valueRequired":true,"valueName":"search_term_string"}}],"inLanguage":"de"},{"@type":"Organization","@id":"https:\/\/senbera.com\/de\/#organization","name":"Mekulo","url":"https:\/\/senbera.com\/de\/","logo":{"@type":"ImageObject","inLanguage":"de","@id":"https:\/\/senbera.com\/de\/#\/schema\/logo\/image\/","url":"https:\/\/senbera.com\/de\/wp-content\/uploads\/sites\/21\/2025\/12\/favicon_mekulo.png","contentUrl":"https:\/\/senbera.com\/de\/wp-content\/uploads\/sites\/21\/2025\/12\/favicon_mekulo.png","width":50,"height":50,"caption":"Mekulo"},"image":{"@id":"https:\/\/senbera.com\/de\/#\/schema\/logo\/image\/"}}]}},"_links":{"self":[{"href":"https:\/\/senbera.com\/de\/wp-json\/wp\/v2\/product\/21044","targetHints":{"allow":["GET"]}}],"collection":[{"href":"https:\/\/senbera.com\/de\/wp-json\/wp\/v2\/product"}],"about":[{"href":"https:\/\/senbera.com\/de\/wp-json\/wp\/v2\/types\/product"}],"replies":[{"embeddable":true,"href":"https:\/\/senbera.com\/de\/wp-json\/wp\/v2\/comments?post=21044"}],"wp:featuredmedia":[{"embeddable":true,"href":"https:\/\/senbera.com\/de\/wp-json\/wp\/v2\/media\/21040"}],"wp:attachment":[{"href":"https:\/\/senbera.com\/de\/wp-json\/wp\/v2\/media?parent=21044"}],"wp:term":[{"taxonomy":"product_brand","embeddable":true,"href":"https:\/\/senbera.com\/de\/wp-json\/wp\/v2\/product_brand?post=21044"},{"taxonomy":"product_cat","embeddable":true,"href":"https:\/\/senbera.com\/de\/wp-json\/wp\/v2\/product_cat?post=21044"},{"taxonomy":"product_tag","embeddable":true,"href":"https:\/\/senbera.com\/de\/wp-json\/wp\/v2\/product_tag?post=21044"}],"curies":[{"name":"wp","href":"https:\/\/api.w.org\/{rel}","templated":true}]}}