{"id":21021,"date":"2026-01-19T09:40:40","date_gmt":"2026-01-19T07:40:40","guid":{"rendered":"https:\/\/senbera.com\/de\/produkt\/kosmetiktasche\/"},"modified":"2026-01-19T09:40:57","modified_gmt":"2026-01-19T07:40:57","slug":"kosmetiktasche","status":"publish","type":"product","link":"https:\/\/senbera.com\/de\/produkt\/kosmetiktasche\/","title":{"rendered":"Kosmetiktasche"},"content":{"rendered":"<p style=\"text-align: center\"><strong>Wir Stellen Die Kosmetiktasche Vor \u2013 Ihr H\u00fcbsches Und Praktisches T\u00e4schchen F\u00fcr Die Sch\u00f6nheit Unterwegs.<\/strong><\/p>\n<p style=\"text-align: center\"><span style=\"font-weight: 400\">Einfach mitnehmen. Diese Mini-Tasche fasst Ihr Make-up, Ihren Schmuck und vieles mehr &#8211; ohne Chaos und Stress.<\/span><\/p>\n<p><img decoding=\"async\" class=\"alignnone size-full wp-image-17325 aligncenter\" src=\"https:\/\/keluvo.com\/template\/wp-content\/uploads\/sites\/5\/2025\/05\/CosmeticBag-ezgif.com-video-to-webp-converter.webp\" alt=\"\" \/><\/p>\n<h2 style=\"text-align: center\">Hauptvorteile<\/h2>\n<p><span style=\"font-weight: 400\">Einfach zu \u00f6ffnen &#8211; kein Rei\u00dfverschluss, einfach aufdr\u00fccken<\/span><\/p>\n<p><span style=\"font-weight: 400\">Wasserfestes Leder h\u00e4lt Ihre Sachen trocken und sicher<\/span><\/p>\n<p><span style=\"font-weight: 400\">Klein und leicht &#8211; passt perfekt in Ihre Handtasche<\/span><\/p>\n<p><span style=\"font-weight: 400\">Gro\u00dfartig zur Aufbewahrung von Lippenstift, Schmuck, Ohrst\u00f6pseln und vielem mehr<\/span><\/p>\n<p><span style=\"font-weight: 400\">Stylish und perfekt f\u00fcr Reisen oder den t\u00e4glichen Gebrauch<\/span><\/p>\n<p><img decoding=\"async\" class=\"alignnone size-full wp-image-17314 aligncenter\" src=\"https:\/\/keluvo.com\/template\/wp-content\/uploads\/sites\/5\/2025\/05\/26563126-b461-4a90-9402-b05b5e67cc75.webp.webp\" alt=\"\" \/><\/p>\n<h2 style=\"text-align: center\">Hauptangebot<\/h2>\n<p style=\"text-align: center\"><span style=\"font-weight: 400\">Diese Kosmetiktasche im Taschenformat ist perfekt f\u00fcr alle, die organisiert bleiben wollen. Sie k\u00f6nnen Ihr Make-up, Ihren Schmuck oder kleine Must-haves \u00fcberallhin mitnehmen. Sie ist weich, stabil und l\u00e4sst sich leicht mit einer Hand bedienen. Ideal f\u00fcr Reisen, Geschenke oder einfach nur, um Ordnung in Ihrer gro\u00dfen Tasche zu halten.<\/span><\/p>\n<h2 style=\"text-align: center\">Anwendung<\/h2>\n<ol>\n<li style=\"font-weight: 400\"><span style=\"font-weight: 400\">Dr\u00fccken Sie die Seiten, um die Tasche zu \u00f6ffnen.<\/span><span style=\"font-weight: 400\"><br \/>\n<\/span><\/li>\n<li style=\"font-weight: 400\"><span style=\"font-weight: 400\">Legen Sie Ihre Gegenst\u00e4nde wie Lippenstift, Ringe oder Ohrst\u00f6psel hinein.<\/span><span style=\"font-weight: 400\"><br \/>\n<\/span><\/li>\n<li style=\"font-weight: 400\"><span style=\"font-weight: 400\">Lassen Sie sie los, um sie zu schlie\u00dfen &#8211; sie schnappt zu, um die Dinge sicher aufzubewahren.<\/span><span style=\"font-weight: 400\"><br \/>\n<\/span><\/li>\n<li style=\"font-weight: 400\"><span style=\"font-weight: 400\">Stecken Sie sie in Ihre Handtasche, Ihren Rucksack oder Ihre Tasche!<\/span><\/li>\n<\/ol>\n<h2 style=\"text-align: center\">Paket Enth\u00e4lt<\/h2>\n<ul>\n<li><span style=\"font-weight: 400\">1x Kosmetiktasche (12 x 11,5cm).<\/span><\/li>\n<\/ul>\n","protected":false},"excerpt":{"rendered":"<p>Wir Stellen Die Kosmetiktasche Vor \u2013 Ihr H\u00fcbsches Und Praktisches T\u00e4schchen F\u00fcr Die Sch\u00f6nheit Unterwegs. Einfach mitnehmen. Diese Mini-Tasche fasst [&hellip;]<\/p>\n","protected":false},"featured_media":21017,"comment_status":"open","ping_status":"closed","template":"","meta":{"site-sidebar-layout":"default","site-content-layout":"","ast-site-content-layout":"default","site-content-style":"default","site-sidebar-style":"default","ast-global-header-display":"","ast-banner-title-visibility":"","ast-main-header-display":"","ast-hfb-above-header-display":"","ast-hfb-below-header-display":"","ast-hfb-mobile-header-display":"","site-post-title":"","ast-breadcrumbs-content":"","ast-featured-img":"","footer-sml-layout":"","theme-transparent-header-meta":"default","adv-header-id-meta":"","stick-header-meta":"","header-above-stick-meta":"","header-main-stick-meta":"","header-below-stick-meta":"","astra-migrate-meta-layouts":"set","ast-page-background-enabled":"default","ast-page-background-meta":{"desktop":{"background-color":"var(--ast-global-color-5)","background-image":"","background-repeat":"repeat","background-position":"center center","background-size":"auto","background-attachment":"scroll","background-type":"","background-media":"","overlay-type":"","overlay-color":"","overlay-opacity":"","overlay-gradient":""},"tablet":{"background-color":"","background-image":"","background-repeat":"repeat","background-position":"center center","background-size":"auto","background-attachment":"scroll","background-type":"","background-media":"","overlay-type":"","overlay-color":"","overlay-opacity":"","overlay-gradient":""},"mobile":{"background-color":"","background-image":"","background-repeat":"repeat","background-position":"center center","background-size":"auto","background-attachment":"scroll","background-type":"","background-media":"","overlay-type":"","overlay-color":"","overlay-opacity":"","overlay-gradient":""}},"ast-content-background-meta":{"desktop":{"background-color":"var(--ast-global-color-4)","background-image":"","background-repeat":"repeat","background-position":"center center","background-size":"auto","background-attachment":"scroll","background-type":"","background-media":"","overlay-type":"","overlay-color":"","overlay-opacity":"","overlay-gradient":""},"tablet":{"background-color":"var(--ast-global-color-4)","background-image":"","background-repeat":"repeat","background-position":"center center","background-size":"auto","background-attachment":"scroll","background-type":"","background-media":"","overlay-type":"","overlay-color":"","overlay-opacity":"","overlay-gradient":""},"mobile":{"background-color":"var(--ast-global-color-4)","background-image":"","background-repeat":"repeat","background-position":"center center","background-size":"auto","background-attachment":"scroll","background-type":"","background-media":"","overlay-type":"","overlay-color":"","overlay-opacity":"","overlay-gradient":""}}},"product_brand":[],"product_cat":[15],"product_tag":[],"class_list":{"0":"post-21021","1":"product","2":"type-product","3":"status-publish","4":"has-post-thumbnail","6":"product_cat-unkategorisiert","7":"pa_33397_7plmmc7f-blau","8":"pa_33397_7plmmc7f-braun","9":"pa_33397_7plmmc7f-gray","10":"pa_33397_7plmmc7f-gruen","11":"pa_33397_7plmmc7f-khaki","12":"pa_33397_7plmmc7f-rosa","13":"pa_33397_7plmmc7f-schwarz","14":"desktop-align-left","15":"tablet-align-left","16":"mobile-align-left","18":"first","19":"instock","20":"shipping-taxable","21":"purchasable","22":"product-type-variable"},"yoast_head":"<!-- This site is optimized with the Yoast SEO plugin v26.6 - https:\/\/yoast.com\/wordpress\/plugins\/seo\/ -->\n<title>Kosmetiktasche - Senbera DE<\/title>\n<meta name=\"robots\" content=\"index, follow, max-snippet:-1, max-image-preview:large, max-video-preview:-1\" \/>\n<link rel=\"canonical\" href=\"https:\/\/senbera.com\/de\/produkt\/kosmetiktasche\/\" \/>\n<meta property=\"og:locale\" content=\"de_DE\" \/>\n<meta property=\"og:type\" content=\"article\" \/>\n<meta property=\"og:title\" content=\"Kosmetiktasche - Senbera DE\" \/>\n<meta property=\"og:description\" content=\"Wir Stellen Die Kosmetiktasche Vor \u2013 Ihr H\u00fcbsches Und Praktisches T\u00e4schchen F\u00fcr Die Sch\u00f6nheit Unterwegs. Einfach mitnehmen. Diese Mini-Tasche fasst [&hellip;]\" \/>\n<meta property=\"og:url\" content=\"https:\/\/senbera.com\/de\/produkt\/kosmetiktasche\/\" \/>\n<meta property=\"og:site_name\" content=\"Senbera DE\" \/>\n<meta property=\"article:modified_time\" content=\"2026-01-19T07:40:57+00:00\" \/>\n<meta name=\"twitter:card\" content=\"summary_large_image\" \/>\n<meta name=\"twitter:label1\" content=\"Gesch\u00e4tzte Lesezeit\" \/>\n\t<meta name=\"twitter:data1\" content=\"1\u00a0Minute\" \/>\n<script type=\"application\/ld+json\" class=\"yoast-schema-graph\">{\"@context\":\"https:\/\/schema.org\",\"@graph\":[{\"@type\":\"WebPage\",\"@id\":\"https:\/\/senbera.com\/de\/produkt\/kosmetiktasche\/\",\"url\":\"https:\/\/senbera.com\/de\/produkt\/kosmetiktasche\/\",\"name\":\"Kosmetiktasche - Senbera DE\",\"isPartOf\":{\"@id\":\"https:\/\/senbera.com\/de\/#website\"},\"primaryImageOfPage\":{\"@id\":\"https:\/\/senbera.com\/de\/produkt\/kosmetiktasche\/#primaryimage\"},\"image\":{\"@id\":\"https:\/\/senbera.com\/de\/produkt\/kosmetiktasche\/#primaryimage\"},\"thumbnailUrl\":\"https:\/\/senbera.com\/de\/wp-content\/uploads\/sites\/21\/2026\/01\/61pr8gi-1.jpeg\",\"datePublished\":\"2026-01-19T07:40:40+00:00\",\"dateModified\":\"2026-01-19T07:40:57+00:00\",\"breadcrumb\":{\"@id\":\"https:\/\/senbera.com\/de\/produkt\/kosmetiktasche\/#breadcrumb\"},\"inLanguage\":\"de\",\"potentialAction\":[{\"@type\":\"ReadAction\",\"target\":[\"https:\/\/senbera.com\/de\/produkt\/kosmetiktasche\/\"]}]},{\"@type\":\"ImageObject\",\"inLanguage\":\"de\",\"@id\":\"https:\/\/senbera.com\/de\/produkt\/kosmetiktasche\/#primaryimage\",\"url\":\"https:\/\/senbera.com\/de\/wp-content\/uploads\/sites\/21\/2026\/01\/61pr8gi-1.jpeg\",\"contentUrl\":\"https:\/\/senbera.com\/de\/wp-content\/uploads\/sites\/21\/2026\/01\/61pr8gi-1.jpeg\",\"width\":800,\"height\":800},{\"@type\":\"BreadcrumbList\",\"@id\":\"https:\/\/senbera.com\/de\/produkt\/kosmetiktasche\/#breadcrumb\",\"itemListElement\":[{\"@type\":\"ListItem\",\"position\":1,\"name\":\"Home\",\"item\":\"https:\/\/senbera.com\/de\/\"},{\"@type\":\"ListItem\",\"position\":2,\"name\":\"Shop\",\"item\":\"https:\/\/senbera.com\/de\/shop\/\"},{\"@type\":\"ListItem\",\"position\":3,\"name\":\"Kosmetiktasche\"}]},{\"@type\":\"WebSite\",\"@id\":\"https:\/\/senbera.com\/de\/#website\",\"url\":\"https:\/\/senbera.com\/de\/\",\"name\":\"Senbera DE\",\"description\":\"\",\"publisher\":{\"@id\":\"https:\/\/senbera.com\/de\/#organization\"},\"potentialAction\":[{\"@type\":\"SearchAction\",\"target\":{\"@type\":\"EntryPoint\",\"urlTemplate\":\"https:\/\/senbera.com\/de\/?s={search_term_string}\"},\"query-input\":{\"@type\":\"PropertyValueSpecification\",\"valueRequired\":true,\"valueName\":\"search_term_string\"}}],\"inLanguage\":\"de\"},{\"@type\":\"Organization\",\"@id\":\"https:\/\/senbera.com\/de\/#organization\",\"name\":\"Mekulo\",\"url\":\"https:\/\/senbera.com\/de\/\",\"logo\":{\"@type\":\"ImageObject\",\"inLanguage\":\"de\",\"@id\":\"https:\/\/senbera.com\/de\/#\/schema\/logo\/image\/\",\"url\":\"https:\/\/senbera.com\/de\/wp-content\/uploads\/sites\/21\/2025\/12\/favicon_mekulo.png\",\"contentUrl\":\"https:\/\/senbera.com\/de\/wp-content\/uploads\/sites\/21\/2025\/12\/favicon_mekulo.png\",\"width\":50,\"height\":50,\"caption\":\"Mekulo\"},\"image\":{\"@id\":\"https:\/\/senbera.com\/de\/#\/schema\/logo\/image\/\"}}]}<\/script>\n<!-- \/ Yoast SEO plugin. -->","yoast_head_json":{"title":"Kosmetiktasche - Senbera DE","robots":{"index":"index","follow":"follow","max-snippet":"max-snippet:-1","max-image-preview":"max-image-preview:large","max-video-preview":"max-video-preview:-1"},"canonical":"https:\/\/senbera.com\/de\/produkt\/kosmetiktasche\/","og_locale":"de_DE","og_type":"article","og_title":"Kosmetiktasche - Senbera DE","og_description":"Wir Stellen Die Kosmetiktasche Vor \u2013 Ihr H\u00fcbsches Und Praktisches T\u00e4schchen F\u00fcr Die Sch\u00f6nheit Unterwegs. Einfach mitnehmen. Diese Mini-Tasche fasst [&hellip;]","og_url":"https:\/\/senbera.com\/de\/produkt\/kosmetiktasche\/","og_site_name":"Senbera DE","article_modified_time":"2026-01-19T07:40:57+00:00","twitter_card":"summary_large_image","twitter_misc":{"Gesch\u00e4tzte Lesezeit":"1\u00a0Minute"},"schema":{"@context":"https:\/\/schema.org","@graph":[{"@type":"WebPage","@id":"https:\/\/senbera.com\/de\/produkt\/kosmetiktasche\/","url":"https:\/\/senbera.com\/de\/produkt\/kosmetiktasche\/","name":"Kosmetiktasche - Senbera DE","isPartOf":{"@id":"https:\/\/senbera.com\/de\/#website"},"primaryImageOfPage":{"@id":"https:\/\/senbera.com\/de\/produkt\/kosmetiktasche\/#primaryimage"},"image":{"@id":"https:\/\/senbera.com\/de\/produkt\/kosmetiktasche\/#primaryimage"},"thumbnailUrl":"https:\/\/senbera.com\/de\/wp-content\/uploads\/sites\/21\/2026\/01\/61pr8gi-1.jpeg","datePublished":"2026-01-19T07:40:40+00:00","dateModified":"2026-01-19T07:40:57+00:00","breadcrumb":{"@id":"https:\/\/senbera.com\/de\/produkt\/kosmetiktasche\/#breadcrumb"},"inLanguage":"de","potentialAction":[{"@type":"ReadAction","target":["https:\/\/senbera.com\/de\/produkt\/kosmetiktasche\/"]}]},{"@type":"ImageObject","inLanguage":"de","@id":"https:\/\/senbera.com\/de\/produkt\/kosmetiktasche\/#primaryimage","url":"https:\/\/senbera.com\/de\/wp-content\/uploads\/sites\/21\/2026\/01\/61pr8gi-1.jpeg","contentUrl":"https:\/\/senbera.com\/de\/wp-content\/uploads\/sites\/21\/2026\/01\/61pr8gi-1.jpeg","width":800,"height":800},{"@type":"BreadcrumbList","@id":"https:\/\/senbera.com\/de\/produkt\/kosmetiktasche\/#breadcrumb","itemListElement":[{"@type":"ListItem","position":1,"name":"Home","item":"https:\/\/senbera.com\/de\/"},{"@type":"ListItem","position":2,"name":"Shop","item":"https:\/\/senbera.com\/de\/shop\/"},{"@type":"ListItem","position":3,"name":"Kosmetiktasche"}]},{"@type":"WebSite","@id":"https:\/\/senbera.com\/de\/#website","url":"https:\/\/senbera.com\/de\/","name":"Senbera DE","description":"","publisher":{"@id":"https:\/\/senbera.com\/de\/#organization"},"potentialAction":[{"@type":"SearchAction","target":{"@type":"EntryPoint","urlTemplate":"https:\/\/senbera.com\/de\/?s={search_term_string}"},"query-input":{"@type":"PropertyValueSpecification","valueRequired":true,"valueName":"search_term_string"}}],"inLanguage":"de"},{"@type":"Organization","@id":"https:\/\/senbera.com\/de\/#organization","name":"Mekulo","url":"https:\/\/senbera.com\/de\/","logo":{"@type":"ImageObject","inLanguage":"de","@id":"https:\/\/senbera.com\/de\/#\/schema\/logo\/image\/","url":"https:\/\/senbera.com\/de\/wp-content\/uploads\/sites\/21\/2025\/12\/favicon_mekulo.png","contentUrl":"https:\/\/senbera.com\/de\/wp-content\/uploads\/sites\/21\/2025\/12\/favicon_mekulo.png","width":50,"height":50,"caption":"Mekulo"},"image":{"@id":"https:\/\/senbera.com\/de\/#\/schema\/logo\/image\/"}}]}},"_links":{"self":[{"href":"https:\/\/senbera.com\/de\/wp-json\/wp\/v2\/product\/21021","targetHints":{"allow":["GET"]}}],"collection":[{"href":"https:\/\/senbera.com\/de\/wp-json\/wp\/v2\/product"}],"about":[{"href":"https:\/\/senbera.com\/de\/wp-json\/wp\/v2\/types\/product"}],"replies":[{"embeddable":true,"href":"https:\/\/senbera.com\/de\/wp-json\/wp\/v2\/comments?post=21021"}],"wp:featuredmedia":[{"embeddable":true,"href":"https:\/\/senbera.com\/de\/wp-json\/wp\/v2\/media\/21017"}],"wp:attachment":[{"href":"https:\/\/senbera.com\/de\/wp-json\/wp\/v2\/media?parent=21021"}],"wp:term":[{"taxonomy":"product_brand","embeddable":true,"href":"https:\/\/senbera.com\/de\/wp-json\/wp\/v2\/product_brand?post=21021"},{"taxonomy":"product_cat","embeddable":true,"href":"https:\/\/senbera.com\/de\/wp-json\/wp\/v2\/product_cat?post=21021"},{"taxonomy":"product_tag","embeddable":true,"href":"https:\/\/senbera.com\/de\/wp-json\/wp\/v2\/product_tag?post=21021"}],"curies":[{"name":"wp","href":"https:\/\/api.w.org\/{rel}","templated":true}]}}