{"id":20961,"date":"2026-01-19T09:37:29","date_gmt":"2026-01-19T07:37:29","guid":{"rendered":"https:\/\/senbera.com\/de\/produkt\/babyschale\/"},"modified":"2026-01-19T09:37:40","modified_gmt":"2026-01-19T07:37:40","slug":"babyschale","status":"publish","type":"product","link":"https:\/\/senbera.com\/de\/produkt\/babyschale\/","title":{"rendered":"Babyschale"},"content":{"rendered":"<p style=\"text-align: center\"><b>Wir stellen vor: die Babysch\u00fcssel &#8211; die Sch\u00fcssel, in der nichts versch\u00fcttet wird und die das F\u00fcttern einfach und angenehm macht.<\/b><\/p>\n<p style=\"text-align: center\"><span style=\"font-weight: 400\">Diese Schale dreht sich um 360\u00b0, damit das Essen drin bleibt &#8211; auch wenn Ihr Baby sie fallen l\u00e4sst oder umkippt.<\/span><\/p>\n<p><img decoding=\"async\" class=\"alignnone size-full wp-image-17267 aligncenter\" src=\"https:\/\/keluvo.com\/template\/wp-content\/uploads\/sites\/5\/2025\/05\/BabyBowl-ezgif.com-video-to-webp-converter.webp\" alt=\"\" \/><\/p>\n<h2 style=\"text-align: center\"><strong>Hauptvorteile<\/strong><\/h2>\n<p><span style=\"font-weight: 400\">Sch\u00fctzt das Essen vor dem Versch\u00fctten durch intelligentes Drehdesign<\/span><\/p>\n<p><span style=\"font-weight: 400\">Einfach f\u00fcr kleine H\u00e4nde zu halten und zu benutzen<\/span><\/p>\n<p><span style=\"font-weight: 400\">Sicher f\u00fcr Babys &#8211; BPA-frei, PVC-frei und ungiftig<\/span><\/p>\n<p><span style=\"font-weight: 400\">Hilft Kindern, selbst zu essen<\/span><\/p>\n<p><span style=\"font-weight: 400\">Leicht, stabil und schwer zu zerbrechen<\/span><\/p>\n<p><img decoding=\"async\" class=\"alignnone size-full wp-image-17264 aligncenter\" src=\"https:\/\/keluvo.com\/template\/wp-content\/uploads\/sites\/5\/2025\/05\/Sf9d441fc70924e44b6ff8644e0df563fC.jpeg\" alt=\"\" \/><\/p>\n<h2 style=\"text-align: center\"><strong>Hauptangebot<\/strong><\/h2>\n<p style=\"text-align: center\"><span style=\"font-weight: 400\">Diese Schale ist perfekt f\u00fcr Babys und Kleinkinder, die essen lernen. Er dreht sich, damit nichts versch\u00fcttet wird und Ihre B\u00f6den sauber bleiben. Dank der sicheren Materialien isst Ihr Kind ohne sch\u00e4dliche Chemikalien. Ideal f\u00fcr die Essenszeit zu Hause, im Auto oder \u00fcberall sonst.<\/span><\/p>\n<h2 style=\"text-align: center\"><strong>Wie Zu Benutzen<\/strong><\/h2>\n<ol>\n<li style=\"font-weight: 400\"><span style=\"font-weight: 400\">Geben Sie das Essen in die Schale.<\/span><span style=\"font-weight: 400\"><br \/>\n<\/span><\/li>\n<li style=\"font-weight: 400\"><span style=\"font-weight: 400\">Lassen Sie Ihr Baby oder Kleinkind die Schale halten und essen.<\/span><span style=\"font-weight: 400\"><br \/>\n<\/span><\/li>\n<li style=\"font-weight: 400\"><span style=\"font-weight: 400\">Die Schale dreht sich und bleibt aufrecht, auch wenn sie umgedreht oder fallen gelassen wird.<\/span><\/li>\n<\/ol>\n<h2 style=\"text-align: center\"><strong>Paket Enth\u00e4lt<\/strong><\/h2>\n<ul>\n<li><span style=\"font-weight: 400\">\u00a01x auslaufsichere 360\u00b0 Babysch\u00fcssel.<\/span><\/li>\n<\/ul>\n","protected":false},"excerpt":{"rendered":"<p>Wir stellen vor: die Babysch\u00fcssel &#8211; die Sch\u00fcssel, in der nichts versch\u00fcttet wird und die das F\u00fcttern einfach und angenehm [&hellip;]<\/p>\n","protected":false},"featured_media":20957,"comment_status":"open","ping_status":"closed","template":"","meta":{"site-sidebar-layout":"default","site-content-layout":"","ast-site-content-layout":"default","site-content-style":"default","site-sidebar-style":"default","ast-global-header-display":"","ast-banner-title-visibility":"","ast-main-header-display":"","ast-hfb-above-header-display":"","ast-hfb-below-header-display":"","ast-hfb-mobile-header-display":"","site-post-title":"","ast-breadcrumbs-content":"","ast-featured-img":"","footer-sml-layout":"","theme-transparent-header-meta":"default","adv-header-id-meta":"","stick-header-meta":"","header-above-stick-meta":"","header-main-stick-meta":"","header-below-stick-meta":"","astra-migrate-meta-layouts":"set","ast-page-background-enabled":"default","ast-page-background-meta":{"desktop":{"background-color":"var(--ast-global-color-5)","background-image":"","background-repeat":"repeat","background-position":"center center","background-size":"auto","background-attachment":"scroll","background-type":"","background-media":"","overlay-type":"","overlay-color":"","overlay-opacity":"","overlay-gradient":""},"tablet":{"background-color":"","background-image":"","background-repeat":"repeat","background-position":"center center","background-size":"auto","background-attachment":"scroll","background-type":"","background-media":"","overlay-type":"","overlay-color":"","overlay-opacity":"","overlay-gradient":""},"mobile":{"background-color":"","background-image":"","background-repeat":"repeat","background-position":"center center","background-size":"auto","background-attachment":"scroll","background-type":"","background-media":"","overlay-type":"","overlay-color":"","overlay-opacity":"","overlay-gradient":""}},"ast-content-background-meta":{"desktop":{"background-color":"var(--ast-global-color-4)","background-image":"","background-repeat":"repeat","background-position":"center center","background-size":"auto","background-attachment":"scroll","background-type":"","background-media":"","overlay-type":"","overlay-color":"","overlay-opacity":"","overlay-gradient":""},"tablet":{"background-color":"var(--ast-global-color-4)","background-image":"","background-repeat":"repeat","background-position":"center center","background-size":"auto","background-attachment":"scroll","background-type":"","background-media":"","overlay-type":"","overlay-color":"","overlay-opacity":"","overlay-gradient":""},"mobile":{"background-color":"var(--ast-global-color-4)","background-image":"","background-repeat":"repeat","background-position":"center center","background-size":"auto","background-attachment":"scroll","background-type":"","background-media":"","overlay-type":"","overlay-color":"","overlay-opacity":"","overlay-gradient":""}}},"product_brand":[],"product_cat":[15],"product_tag":[],"class_list":{"0":"post-20961","1":"product","2":"type-product","3":"status-publish","4":"has-post-thumbnail","6":"product_cat-unkategorisiert","7":"pa_35131_dxsjpgxz-blau","8":"pa_35131_dxsjpgxz-gruen","9":"pa_35131_dxsjpgxz-hellgruen","10":"pa_35131_dxsjpgxz-hellrosa","11":"pa_35131_dxsjpgxz-rosa","12":"desktop-align-left","13":"tablet-align-left","14":"mobile-align-left","16":"first","17":"instock","18":"shipping-taxable","19":"purchasable","20":"product-type-variable"},"yoast_head":"<!-- This site is optimized with the Yoast SEO plugin v26.6 - https:\/\/yoast.com\/wordpress\/plugins\/seo\/ -->\n<title>Babyschale - Senbera DE<\/title>\n<meta name=\"robots\" content=\"index, follow, max-snippet:-1, max-image-preview:large, max-video-preview:-1\" \/>\n<link rel=\"canonical\" href=\"https:\/\/senbera.com\/de\/produkt\/babyschale\/\" \/>\n<meta property=\"og:locale\" content=\"de_DE\" \/>\n<meta property=\"og:type\" content=\"article\" \/>\n<meta property=\"og:title\" content=\"Babyschale - Senbera DE\" \/>\n<meta property=\"og:description\" content=\"Wir stellen vor: die Babysch\u00fcssel &#8211; die Sch\u00fcssel, in der nichts versch\u00fcttet wird und die das F\u00fcttern einfach und angenehm [&hellip;]\" \/>\n<meta property=\"og:url\" content=\"https:\/\/senbera.com\/de\/produkt\/babyschale\/\" \/>\n<meta property=\"og:site_name\" content=\"Senbera DE\" \/>\n<meta property=\"article:modified_time\" content=\"2026-01-19T07:37:40+00:00\" \/>\n<meta name=\"twitter:card\" content=\"summary_large_image\" \/>\n<meta name=\"twitter:label1\" content=\"Gesch\u00e4tzte Lesezeit\" \/>\n\t<meta name=\"twitter:data1\" content=\"1\u00a0Minute\" \/>\n<script type=\"application\/ld+json\" class=\"yoast-schema-graph\">{\"@context\":\"https:\/\/schema.org\",\"@graph\":[{\"@type\":\"WebPage\",\"@id\":\"https:\/\/senbera.com\/de\/produkt\/babyschale\/\",\"url\":\"https:\/\/senbera.com\/de\/produkt\/babyschale\/\",\"name\":\"Babyschale - Senbera DE\",\"isPartOf\":{\"@id\":\"https:\/\/senbera.com\/de\/#website\"},\"primaryImageOfPage\":{\"@id\":\"https:\/\/senbera.com\/de\/produkt\/babyschale\/#primaryimage\"},\"image\":{\"@id\":\"https:\/\/senbera.com\/de\/produkt\/babyschale\/#primaryimage\"},\"thumbnailUrl\":\"https:\/\/senbera.com\/de\/wp-content\/uploads\/sites\/21\/2026\/01\/mbb95d8-1.jpeg\",\"datePublished\":\"2026-01-19T07:37:29+00:00\",\"dateModified\":\"2026-01-19T07:37:40+00:00\",\"breadcrumb\":{\"@id\":\"https:\/\/senbera.com\/de\/produkt\/babyschale\/#breadcrumb\"},\"inLanguage\":\"de\",\"potentialAction\":[{\"@type\":\"ReadAction\",\"target\":[\"https:\/\/senbera.com\/de\/produkt\/babyschale\/\"]}]},{\"@type\":\"ImageObject\",\"inLanguage\":\"de\",\"@id\":\"https:\/\/senbera.com\/de\/produkt\/babyschale\/#primaryimage\",\"url\":\"https:\/\/senbera.com\/de\/wp-content\/uploads\/sites\/21\/2026\/01\/mbb95d8-1.jpeg\",\"contentUrl\":\"https:\/\/senbera.com\/de\/wp-content\/uploads\/sites\/21\/2026\/01\/mbb95d8-1.jpeg\",\"width\":800,\"height\":800},{\"@type\":\"BreadcrumbList\",\"@id\":\"https:\/\/senbera.com\/de\/produkt\/babyschale\/#breadcrumb\",\"itemListElement\":[{\"@type\":\"ListItem\",\"position\":1,\"name\":\"Home\",\"item\":\"https:\/\/senbera.com\/de\/\"},{\"@type\":\"ListItem\",\"position\":2,\"name\":\"Shop\",\"item\":\"https:\/\/senbera.com\/de\/shop\/\"},{\"@type\":\"ListItem\",\"position\":3,\"name\":\"Babyschale\"}]},{\"@type\":\"WebSite\",\"@id\":\"https:\/\/senbera.com\/de\/#website\",\"url\":\"https:\/\/senbera.com\/de\/\",\"name\":\"Senbera DE\",\"description\":\"\",\"publisher\":{\"@id\":\"https:\/\/senbera.com\/de\/#organization\"},\"potentialAction\":[{\"@type\":\"SearchAction\",\"target\":{\"@type\":\"EntryPoint\",\"urlTemplate\":\"https:\/\/senbera.com\/de\/?s={search_term_string}\"},\"query-input\":{\"@type\":\"PropertyValueSpecification\",\"valueRequired\":true,\"valueName\":\"search_term_string\"}}],\"inLanguage\":\"de\"},{\"@type\":\"Organization\",\"@id\":\"https:\/\/senbera.com\/de\/#organization\",\"name\":\"Mekulo\",\"url\":\"https:\/\/senbera.com\/de\/\",\"logo\":{\"@type\":\"ImageObject\",\"inLanguage\":\"de\",\"@id\":\"https:\/\/senbera.com\/de\/#\/schema\/logo\/image\/\",\"url\":\"https:\/\/senbera.com\/de\/wp-content\/uploads\/sites\/21\/2025\/12\/favicon_mekulo.png\",\"contentUrl\":\"https:\/\/senbera.com\/de\/wp-content\/uploads\/sites\/21\/2025\/12\/favicon_mekulo.png\",\"width\":50,\"height\":50,\"caption\":\"Mekulo\"},\"image\":{\"@id\":\"https:\/\/senbera.com\/de\/#\/schema\/logo\/image\/\"}}]}<\/script>\n<!-- \/ Yoast SEO plugin. -->","yoast_head_json":{"title":"Babyschale - Senbera DE","robots":{"index":"index","follow":"follow","max-snippet":"max-snippet:-1","max-image-preview":"max-image-preview:large","max-video-preview":"max-video-preview:-1"},"canonical":"https:\/\/senbera.com\/de\/produkt\/babyschale\/","og_locale":"de_DE","og_type":"article","og_title":"Babyschale - Senbera DE","og_description":"Wir stellen vor: die Babysch\u00fcssel &#8211; die Sch\u00fcssel, in der nichts versch\u00fcttet wird und die das F\u00fcttern einfach und angenehm [&hellip;]","og_url":"https:\/\/senbera.com\/de\/produkt\/babyschale\/","og_site_name":"Senbera DE","article_modified_time":"2026-01-19T07:37:40+00:00","twitter_card":"summary_large_image","twitter_misc":{"Gesch\u00e4tzte Lesezeit":"1\u00a0Minute"},"schema":{"@context":"https:\/\/schema.org","@graph":[{"@type":"WebPage","@id":"https:\/\/senbera.com\/de\/produkt\/babyschale\/","url":"https:\/\/senbera.com\/de\/produkt\/babyschale\/","name":"Babyschale - Senbera DE","isPartOf":{"@id":"https:\/\/senbera.com\/de\/#website"},"primaryImageOfPage":{"@id":"https:\/\/senbera.com\/de\/produkt\/babyschale\/#primaryimage"},"image":{"@id":"https:\/\/senbera.com\/de\/produkt\/babyschale\/#primaryimage"},"thumbnailUrl":"https:\/\/senbera.com\/de\/wp-content\/uploads\/sites\/21\/2026\/01\/mbb95d8-1.jpeg","datePublished":"2026-01-19T07:37:29+00:00","dateModified":"2026-01-19T07:37:40+00:00","breadcrumb":{"@id":"https:\/\/senbera.com\/de\/produkt\/babyschale\/#breadcrumb"},"inLanguage":"de","potentialAction":[{"@type":"ReadAction","target":["https:\/\/senbera.com\/de\/produkt\/babyschale\/"]}]},{"@type":"ImageObject","inLanguage":"de","@id":"https:\/\/senbera.com\/de\/produkt\/babyschale\/#primaryimage","url":"https:\/\/senbera.com\/de\/wp-content\/uploads\/sites\/21\/2026\/01\/mbb95d8-1.jpeg","contentUrl":"https:\/\/senbera.com\/de\/wp-content\/uploads\/sites\/21\/2026\/01\/mbb95d8-1.jpeg","width":800,"height":800},{"@type":"BreadcrumbList","@id":"https:\/\/senbera.com\/de\/produkt\/babyschale\/#breadcrumb","itemListElement":[{"@type":"ListItem","position":1,"name":"Home","item":"https:\/\/senbera.com\/de\/"},{"@type":"ListItem","position":2,"name":"Shop","item":"https:\/\/senbera.com\/de\/shop\/"},{"@type":"ListItem","position":3,"name":"Babyschale"}]},{"@type":"WebSite","@id":"https:\/\/senbera.com\/de\/#website","url":"https:\/\/senbera.com\/de\/","name":"Senbera DE","description":"","publisher":{"@id":"https:\/\/senbera.com\/de\/#organization"},"potentialAction":[{"@type":"SearchAction","target":{"@type":"EntryPoint","urlTemplate":"https:\/\/senbera.com\/de\/?s={search_term_string}"},"query-input":{"@type":"PropertyValueSpecification","valueRequired":true,"valueName":"search_term_string"}}],"inLanguage":"de"},{"@type":"Organization","@id":"https:\/\/senbera.com\/de\/#organization","name":"Mekulo","url":"https:\/\/senbera.com\/de\/","logo":{"@type":"ImageObject","inLanguage":"de","@id":"https:\/\/senbera.com\/de\/#\/schema\/logo\/image\/","url":"https:\/\/senbera.com\/de\/wp-content\/uploads\/sites\/21\/2025\/12\/favicon_mekulo.png","contentUrl":"https:\/\/senbera.com\/de\/wp-content\/uploads\/sites\/21\/2025\/12\/favicon_mekulo.png","width":50,"height":50,"caption":"Mekulo"},"image":{"@id":"https:\/\/senbera.com\/de\/#\/schema\/logo\/image\/"}}]}},"_links":{"self":[{"href":"https:\/\/senbera.com\/de\/wp-json\/wp\/v2\/product\/20961","targetHints":{"allow":["GET"]}}],"collection":[{"href":"https:\/\/senbera.com\/de\/wp-json\/wp\/v2\/product"}],"about":[{"href":"https:\/\/senbera.com\/de\/wp-json\/wp\/v2\/types\/product"}],"replies":[{"embeddable":true,"href":"https:\/\/senbera.com\/de\/wp-json\/wp\/v2\/comments?post=20961"}],"wp:featuredmedia":[{"embeddable":true,"href":"https:\/\/senbera.com\/de\/wp-json\/wp\/v2\/media\/20957"}],"wp:attachment":[{"href":"https:\/\/senbera.com\/de\/wp-json\/wp\/v2\/media?parent=20961"}],"wp:term":[{"taxonomy":"product_brand","embeddable":true,"href":"https:\/\/senbera.com\/de\/wp-json\/wp\/v2\/product_brand?post=20961"},{"taxonomy":"product_cat","embeddable":true,"href":"https:\/\/senbera.com\/de\/wp-json\/wp\/v2\/product_cat?post=20961"},{"taxonomy":"product_tag","embeddable":true,"href":"https:\/\/senbera.com\/de\/wp-json\/wp\/v2\/product_tag?post=20961"}],"curies":[{"name":"wp","href":"https:\/\/api.w.org\/{rel}","templated":true}]}}