{"id":20789,"date":"2026-01-19T09:28:25","date_gmt":"2026-01-19T07:28:25","guid":{"rendered":"https:\/\/senbera.com\/de\/produkt\/trocknungsgestell\/"},"modified":"2026-01-19T09:28:32","modified_gmt":"2026-01-19T07:28:32","slug":"trocknungsgestell","status":"publish","type":"product","link":"https:\/\/senbera.com\/de\/produkt\/trocknungsgestell\/","title":{"rendered":"Trocknungsgestell"},"content":{"rendered":"<p style=\"text-align: center\"><strong><span style=\"font-weight: 400\">\ud83e\uddfa<\/span>Sparen Sie Platz und trocknen Sie Ihre Kleidung \u00fcberall &#8211; ohne zu bohren.<span style=\"font-weight: 400\">\ud83d\udc5a<\/span><\/strong><\/p>\n<p style=\"text-align: center\"><span style=\"font-weight: 400\">Dieser faltbare W\u00e4schest\u00e4nder verwendet starke Saugn\u00e4pfe, um ihn sicher auf glatten Oberfl\u00e4chen zu befestigen, so dass Sie Ihre Kleidung schnell und flexibel aufh\u00e4ngen k\u00f6nnen, ohne Bodenfl\u00e4che zu beanspruchen. Er ist perfekt f\u00fcr Wohnungen, kleine Badezimmer oder auf Reisen &#8211; einfach aufkleben, aufh\u00e4ngen und wieder zusammenklappen, wenn er fertig ist.<\/span><\/p>\n<p><img decoding=\"async\" class=\"size-full wp-image-17551 aligncenter\" src=\"https:\/\/keluvo.com\/template\/wp-content\/uploads\/sites\/5\/2025\/05\/mm-ezgif.com-video-to-webp-converter.webp\" alt=\"\" \/><\/p>\n<h2 style=\"text-align: center\">\ud83c\udf1f Hauptvorteile<\/h2>\n<p><span style=\"font-weight: 400\">\ud83e\uddfa L\u00e4sst sich bei Nichtgebrauch flach zusammenlegen, um Platz zu sparen<\/span><span style=\"font-weight: 400\"><br \/>\n<\/span><\/p>\n<p><span style=\"font-weight: 400\">\ud83d\udc5a H\u00e4lt Kleidung, Handt\u00fccher, Socken, Babyartikel, und mehr<\/span><span style=\"font-weight: 400\"><br \/>\n<\/span><\/p>\n<p><span style=\"font-weight: 400\">\ud83e\uddf2 Starke Saugn\u00e4pfe haften fest an Fliesen oder Glas<\/span><span style=\"font-weight: 400\"><br \/>\n<\/span><\/p>\n<p><span style=\"font-weight: 400\">\ud83d\udd04 Einziehbares Design f\u00fcr kleine oder gro\u00dfe W\u00e4sche loads<\/span><\/p>\n<p><span style=\"font-weight: 400\">\ud83d\udee0\ufe0f Kein Bohren oder Werkzeug erforderlich &#8211; einfach zu installieren und remove<\/span><\/p>\n<p><img decoding=\"async\" class=\"size-full wp-image-17544 aligncenter\" src=\"https:\/\/keluvo.com\/template\/wp-content\/uploads\/sites\/5\/2025\/05\/eced2aff-67ed-4215-b6a3-20cce65b10d7.webp\" alt=\"\" \/><\/p>\n<h2 style=\"text-align: center\">\ud83d\udee0\ufe0f Wie zu benutzen<\/h2>\n<ol>\n<li style=\"font-weight: 400\"><span style=\"font-weight: 400\">W\u00e4hlen Sie eine glatte, saubere Oberfl\u00e4che (Fliesen, Glas oder Metall).<\/span><span style=\"font-weight: 400\"><br \/>\n<\/span><\/li>\n<li style=\"font-weight: 400\"><span style=\"font-weight: 400\">Dr\u00fccken Sie die Saugn\u00e4pfe fest, um das Gestell zu befestigen.<\/span><span style=\"font-weight: 400\"><br \/>\n<\/span><\/li>\n<li style=\"font-weight: 400\"><span style=\"font-weight: 400\">Ziehen Sie die Trockenarme heraus, um Ihre Kleidung aufzuh\u00e4ngen.<\/span><span style=\"font-weight: 400\"><br \/>\n<\/span><\/li>\n<li style=\"font-weight: 400\"><span style=\"font-weight: 400\">Falten Sie es flach gegen die Wand, wenn es nicht in Gebrauch ist.<\/span><\/li>\n<\/ol>\n<h2 style=\"text-align: center\">\ud83d\udccf Produktdetails<\/h2>\n<ul>\n<li style=\"font-weight: 400\"><span style=\"font-weight: 400\">Material: Aluminiumlegierung<\/span><span style=\"font-weight: 400\"><br \/>\n<\/span><\/li>\n<li style=\"font-weight: 400\"><span style=\"font-weight: 400\">Befestigungstyp: Saugnapf (kein Werkzeug erforderlich)<\/span><\/li>\n<li style=\"font-weight: 400\"><span style=\"font-weight: 400\">Verwendung: Innen-Trockengestell f\u00fcr Kleidung, Handt\u00fccher, Accessoires und mehr<\/span><\/li>\n<\/ul>\n<h2 style=\"text-align: center\">\ud83d\udce6 Paket enth\u00e4lt<\/h2>\n<ul>\n<li style=\"font-weight: 400\"><span style=\"font-weight: 400\">1x Saugnapf-Kleiderst\u00e4nder.<\/span><\/li>\n<\/ul>\n","protected":false},"excerpt":{"rendered":"<p>\ud83e\uddfaSparen Sie Platz und trocknen Sie Ihre Kleidung \u00fcberall &#8211; ohne zu bohren.\ud83d\udc5a Dieser faltbare W\u00e4schest\u00e4nder verwendet starke Saugn\u00e4pfe, um [&hellip;]<\/p>\n","protected":false},"featured_media":20785,"comment_status":"open","ping_status":"closed","template":"","meta":{"site-sidebar-layout":"default","site-content-layout":"","ast-site-content-layout":"default","site-content-style":"default","site-sidebar-style":"default","ast-global-header-display":"","ast-banner-title-visibility":"","ast-main-header-display":"","ast-hfb-above-header-display":"","ast-hfb-below-header-display":"","ast-hfb-mobile-header-display":"","site-post-title":"","ast-breadcrumbs-content":"","ast-featured-img":"","footer-sml-layout":"","ast-disable-related-posts":"","theme-transparent-header-meta":"default","adv-header-id-meta":"","stick-header-meta":"","header-above-stick-meta":"","header-main-stick-meta":"","header-below-stick-meta":"","astra-migrate-meta-layouts":"set","ast-page-background-enabled":"default","ast-page-background-meta":{"desktop":{"background-color":"var(--ast-global-color-5)","background-image":"","background-repeat":"repeat","background-position":"center center","background-size":"auto","background-attachment":"scroll","background-type":"","background-media":"","overlay-type":"","overlay-color":"","overlay-opacity":"","overlay-gradient":""},"tablet":{"background-color":"","background-image":"","background-repeat":"repeat","background-position":"center center","background-size":"auto","background-attachment":"scroll","background-type":"","background-media":"","overlay-type":"","overlay-color":"","overlay-opacity":"","overlay-gradient":""},"mobile":{"background-color":"","background-image":"","background-repeat":"repeat","background-position":"center center","background-size":"auto","background-attachment":"scroll","background-type":"","background-media":"","overlay-type":"","overlay-color":"","overlay-opacity":"","overlay-gradient":""}},"ast-content-background-meta":{"desktop":{"background-color":"var(--ast-global-color-4)","background-image":"","background-repeat":"repeat","background-position":"center center","background-size":"auto","background-attachment":"scroll","background-type":"","background-media":"","overlay-type":"","overlay-color":"","overlay-opacity":"","overlay-gradient":""},"tablet":{"background-color":"var(--ast-global-color-4)","background-image":"","background-repeat":"repeat","background-position":"center center","background-size":"auto","background-attachment":"scroll","background-type":"","background-media":"","overlay-type":"","overlay-color":"","overlay-opacity":"","overlay-gradient":""},"mobile":{"background-color":"var(--ast-global-color-4)","background-image":"","background-repeat":"repeat","background-position":"center center","background-size":"auto","background-attachment":"scroll","background-type":"","background-media":"","overlay-type":"","overlay-color":"","overlay-opacity":"","overlay-gradient":""}}},"product_brand":[],"product_cat":[15],"product_tag":[],"class_list":{"0":"post-20789","1":"product","2":"type-product","3":"status-publish","4":"has-post-thumbnail","6":"product_cat-unkategorisiert","7":"pa_16240_9zr0darx-drei-halten","8":"pa_16240_9zr0darx-ein-halt","9":"pa_16240_9zr0darx-zwei-halten","10":"desktop-align-left","11":"tablet-align-left","12":"mobile-align-left","14":"first","15":"instock","16":"shipping-taxable","17":"purchasable","18":"product-type-variable"},"yoast_head":"<!-- This site is optimized with the Yoast SEO plugin v27.4 - https:\/\/yoast.com\/product\/yoast-seo-wordpress\/ -->\n<title>Trocknungsgestell - Senbera DE<\/title>\n<meta name=\"robots\" content=\"index, follow, max-snippet:-1, max-image-preview:large, max-video-preview:-1\" \/>\n<link rel=\"canonical\" href=\"https:\/\/senbera.com\/de\/produkt\/trocknungsgestell\/\" \/>\n<meta property=\"og:locale\" content=\"de_DE\" \/>\n<meta property=\"og:type\" content=\"article\" \/>\n<meta property=\"og:title\" content=\"Trocknungsgestell - Senbera DE\" \/>\n<meta property=\"og:description\" content=\"\ud83e\uddfaSparen Sie Platz und trocknen Sie Ihre Kleidung \u00fcberall &#8211; ohne zu bohren.\ud83d\udc5a Dieser faltbare W\u00e4schest\u00e4nder verwendet starke Saugn\u00e4pfe, um [&hellip;]\" \/>\n<meta property=\"og:url\" content=\"https:\/\/senbera.com\/de\/produkt\/trocknungsgestell\/\" \/>\n<meta property=\"og:site_name\" content=\"Senbera DE\" \/>\n<meta property=\"article:modified_time\" content=\"2026-01-19T07:28:32+00:00\" \/>\n<meta name=\"twitter:card\" content=\"summary_large_image\" \/>\n<meta name=\"twitter:label1\" content=\"Gesch\u00e4tzte Lesezeit\" \/>\n\t<meta name=\"twitter:data1\" content=\"1\u00a0Minute\" \/>\n<script type=\"application\/ld+json\" class=\"yoast-schema-graph\">{\"@context\":\"https:\\\/\\\/schema.org\",\"@graph\":[{\"@type\":\"WebPage\",\"@id\":\"https:\\\/\\\/senbera.com\\\/de\\\/produkt\\\/trocknungsgestell\\\/\",\"url\":\"https:\\\/\\\/senbera.com\\\/de\\\/produkt\\\/trocknungsgestell\\\/\",\"name\":\"Trocknungsgestell - Senbera DE\",\"isPartOf\":{\"@id\":\"https:\\\/\\\/senbera.com\\\/de\\\/#website\"},\"primaryImageOfPage\":{\"@id\":\"https:\\\/\\\/senbera.com\\\/de\\\/produkt\\\/trocknungsgestell\\\/#primaryimage\"},\"image\":{\"@id\":\"https:\\\/\\\/senbera.com\\\/de\\\/produkt\\\/trocknungsgestell\\\/#primaryimage\"},\"thumbnailUrl\":\"https:\\\/\\\/senbera.com\\\/de\\\/wp-content\\\/uploads\\\/sites\\\/21\\\/2026\\\/01\\\/mpmw672-1.jpg\",\"datePublished\":\"2026-01-19T07:28:25+00:00\",\"dateModified\":\"2026-01-19T07:28:32+00:00\",\"breadcrumb\":{\"@id\":\"https:\\\/\\\/senbera.com\\\/de\\\/produkt\\\/trocknungsgestell\\\/#breadcrumb\"},\"inLanguage\":\"de\",\"potentialAction\":[{\"@type\":\"ReadAction\",\"target\":[\"https:\\\/\\\/senbera.com\\\/de\\\/produkt\\\/trocknungsgestell\\\/\"]}]},{\"@type\":\"ImageObject\",\"inLanguage\":\"de\",\"@id\":\"https:\\\/\\\/senbera.com\\\/de\\\/produkt\\\/trocknungsgestell\\\/#primaryimage\",\"url\":\"https:\\\/\\\/senbera.com\\\/de\\\/wp-content\\\/uploads\\\/sites\\\/21\\\/2026\\\/01\\\/mpmw672-1.jpg\",\"contentUrl\":\"https:\\\/\\\/senbera.com\\\/de\\\/wp-content\\\/uploads\\\/sites\\\/21\\\/2026\\\/01\\\/mpmw672-1.jpg\",\"width\":1080,\"height\":1080},{\"@type\":\"BreadcrumbList\",\"@id\":\"https:\\\/\\\/senbera.com\\\/de\\\/produkt\\\/trocknungsgestell\\\/#breadcrumb\",\"itemListElement\":[{\"@type\":\"ListItem\",\"position\":1,\"name\":\"Home\",\"item\":\"https:\\\/\\\/senbera.com\\\/de\\\/\"},{\"@type\":\"ListItem\",\"position\":2,\"name\":\"Shop\",\"item\":\"https:\\\/\\\/senbera.com\\\/de\\\/shop\\\/\"},{\"@type\":\"ListItem\",\"position\":3,\"name\":\"Trocknungsgestell\"}]},{\"@type\":\"WebSite\",\"@id\":\"https:\\\/\\\/senbera.com\\\/de\\\/#website\",\"url\":\"https:\\\/\\\/senbera.com\\\/de\\\/\",\"name\":\"Senbera DE\",\"description\":\"\",\"publisher\":{\"@id\":\"https:\\\/\\\/senbera.com\\\/de\\\/#organization\"},\"potentialAction\":[{\"@type\":\"SearchAction\",\"target\":{\"@type\":\"EntryPoint\",\"urlTemplate\":\"https:\\\/\\\/senbera.com\\\/de\\\/?s={search_term_string}\"},\"query-input\":{\"@type\":\"PropertyValueSpecification\",\"valueRequired\":true,\"valueName\":\"search_term_string\"}}],\"inLanguage\":\"de\"},{\"@type\":\"Organization\",\"@id\":\"https:\\\/\\\/senbera.com\\\/de\\\/#organization\",\"name\":\"Mekulo\",\"url\":\"https:\\\/\\\/senbera.com\\\/de\\\/\",\"logo\":{\"@type\":\"ImageObject\",\"inLanguage\":\"de\",\"@id\":\"https:\\\/\\\/senbera.com\\\/de\\\/#\\\/schema\\\/logo\\\/image\\\/\",\"url\":\"https:\\\/\\\/senbera.com\\\/de\\\/wp-content\\\/uploads\\\/sites\\\/21\\\/2025\\\/12\\\/favicon_mekulo.png\",\"contentUrl\":\"https:\\\/\\\/senbera.com\\\/de\\\/wp-content\\\/uploads\\\/sites\\\/21\\\/2025\\\/12\\\/favicon_mekulo.png\",\"width\":50,\"height\":50,\"caption\":\"Mekulo\"},\"image\":{\"@id\":\"https:\\\/\\\/senbera.com\\\/de\\\/#\\\/schema\\\/logo\\\/image\\\/\"}}]}<\/script>\n<!-- \/ Yoast SEO plugin. -->","yoast_head_json":{"title":"Trocknungsgestell - Senbera DE","robots":{"index":"index","follow":"follow","max-snippet":"max-snippet:-1","max-image-preview":"max-image-preview:large","max-video-preview":"max-video-preview:-1"},"canonical":"https:\/\/senbera.com\/de\/produkt\/trocknungsgestell\/","og_locale":"de_DE","og_type":"article","og_title":"Trocknungsgestell - Senbera DE","og_description":"\ud83e\uddfaSparen Sie Platz und trocknen Sie Ihre Kleidung \u00fcberall &#8211; ohne zu bohren.\ud83d\udc5a Dieser faltbare W\u00e4schest\u00e4nder verwendet starke Saugn\u00e4pfe, um [&hellip;]","og_url":"https:\/\/senbera.com\/de\/produkt\/trocknungsgestell\/","og_site_name":"Senbera DE","article_modified_time":"2026-01-19T07:28:32+00:00","twitter_card":"summary_large_image","twitter_misc":{"Gesch\u00e4tzte Lesezeit":"1\u00a0Minute"},"schema":{"@context":"https:\/\/schema.org","@graph":[{"@type":"WebPage","@id":"https:\/\/senbera.com\/de\/produkt\/trocknungsgestell\/","url":"https:\/\/senbera.com\/de\/produkt\/trocknungsgestell\/","name":"Trocknungsgestell - Senbera DE","isPartOf":{"@id":"https:\/\/senbera.com\/de\/#website"},"primaryImageOfPage":{"@id":"https:\/\/senbera.com\/de\/produkt\/trocknungsgestell\/#primaryimage"},"image":{"@id":"https:\/\/senbera.com\/de\/produkt\/trocknungsgestell\/#primaryimage"},"thumbnailUrl":"https:\/\/senbera.com\/de\/wp-content\/uploads\/sites\/21\/2026\/01\/mpmw672-1.jpg","datePublished":"2026-01-19T07:28:25+00:00","dateModified":"2026-01-19T07:28:32+00:00","breadcrumb":{"@id":"https:\/\/senbera.com\/de\/produkt\/trocknungsgestell\/#breadcrumb"},"inLanguage":"de","potentialAction":[{"@type":"ReadAction","target":["https:\/\/senbera.com\/de\/produkt\/trocknungsgestell\/"]}]},{"@type":"ImageObject","inLanguage":"de","@id":"https:\/\/senbera.com\/de\/produkt\/trocknungsgestell\/#primaryimage","url":"https:\/\/senbera.com\/de\/wp-content\/uploads\/sites\/21\/2026\/01\/mpmw672-1.jpg","contentUrl":"https:\/\/senbera.com\/de\/wp-content\/uploads\/sites\/21\/2026\/01\/mpmw672-1.jpg","width":1080,"height":1080},{"@type":"BreadcrumbList","@id":"https:\/\/senbera.com\/de\/produkt\/trocknungsgestell\/#breadcrumb","itemListElement":[{"@type":"ListItem","position":1,"name":"Home","item":"https:\/\/senbera.com\/de\/"},{"@type":"ListItem","position":2,"name":"Shop","item":"https:\/\/senbera.com\/de\/shop\/"},{"@type":"ListItem","position":3,"name":"Trocknungsgestell"}]},{"@type":"WebSite","@id":"https:\/\/senbera.com\/de\/#website","url":"https:\/\/senbera.com\/de\/","name":"Senbera DE","description":"","publisher":{"@id":"https:\/\/senbera.com\/de\/#organization"},"potentialAction":[{"@type":"SearchAction","target":{"@type":"EntryPoint","urlTemplate":"https:\/\/senbera.com\/de\/?s={search_term_string}"},"query-input":{"@type":"PropertyValueSpecification","valueRequired":true,"valueName":"search_term_string"}}],"inLanguage":"de"},{"@type":"Organization","@id":"https:\/\/senbera.com\/de\/#organization","name":"Mekulo","url":"https:\/\/senbera.com\/de\/","logo":{"@type":"ImageObject","inLanguage":"de","@id":"https:\/\/senbera.com\/de\/#\/schema\/logo\/image\/","url":"https:\/\/senbera.com\/de\/wp-content\/uploads\/sites\/21\/2025\/12\/favicon_mekulo.png","contentUrl":"https:\/\/senbera.com\/de\/wp-content\/uploads\/sites\/21\/2025\/12\/favicon_mekulo.png","width":50,"height":50,"caption":"Mekulo"},"image":{"@id":"https:\/\/senbera.com\/de\/#\/schema\/logo\/image\/"}}]}},"_links":{"self":[{"href":"https:\/\/senbera.com\/de\/wp-json\/wp\/v2\/product\/20789","targetHints":{"allow":["GET"]}}],"collection":[{"href":"https:\/\/senbera.com\/de\/wp-json\/wp\/v2\/product"}],"about":[{"href":"https:\/\/senbera.com\/de\/wp-json\/wp\/v2\/types\/product"}],"replies":[{"embeddable":true,"href":"https:\/\/senbera.com\/de\/wp-json\/wp\/v2\/comments?post=20789"}],"wp:featuredmedia":[{"embeddable":true,"href":"https:\/\/senbera.com\/de\/wp-json\/wp\/v2\/media\/20785"}],"wp:attachment":[{"href":"https:\/\/senbera.com\/de\/wp-json\/wp\/v2\/media?parent=20789"}],"wp:term":[{"taxonomy":"product_brand","embeddable":true,"href":"https:\/\/senbera.com\/de\/wp-json\/wp\/v2\/product_brand?post=20789"},{"taxonomy":"product_cat","embeddable":true,"href":"https:\/\/senbera.com\/de\/wp-json\/wp\/v2\/product_cat?post=20789"},{"taxonomy":"product_tag","embeddable":true,"href":"https:\/\/senbera.com\/de\/wp-json\/wp\/v2\/product_tag?post=20789"}],"curies":[{"name":"wp","href":"https:\/\/api.w.org\/{rel}","templated":true}]}}