{"id":20405,"date":"2026-01-16T11:44:36","date_gmt":"2026-01-16T09:44:36","guid":{"rendered":"https:\/\/senbera.com\/de\/produkt\/frikadellenhersteller\/"},"modified":"2026-01-16T11:44:44","modified_gmt":"2026-01-16T09:44:44","slug":"frikadellenhersteller","status":"publish","type":"product","link":"https:\/\/senbera.com\/de\/produkt\/frikadellenhersteller\/","title":{"rendered":"Frikadellenhersteller"},"content":{"rendered":"<p style=\"text-align: center\"><b>Der Fleischb\u00e4llchen-Maker &#8211; Ihr einfacher Helfer f\u00fcr perfekte Fleischb\u00e4llchen &#8211; macht 3 Fleischb\u00e4llchen auf einmal. Keine klebrigen H\u00e4nde, kein \u00c4rger &#8211; einfach l\u00f6ffeln, formen und kochen!<\/b><\/p>\n<p style=\"text-align: center\"><span style=\"font-weight: 400\">Hauptvorteile<\/span><\/p>\n<p><img decoding=\"async\" class=\"alignnone size-full wp-image-17042 aligncenter\" src=\"https:\/\/keluvo.com\/template\/wp-content\/uploads\/sites\/5\/2025\/05\/Meatballmaker-ezgif.com-video-to-webp-converter.webp\" alt=\"\" \/><\/p>\n<h2 style=\"text-align: center\">Macht 3 Fleischb\u00e4llchen auf einmal &#8211; spart Zeit und M\u00fche<\/h2>\n<p><span style=\"font-weight: 400\">Glatte, antihaftbeschichtete Oberfl\u00e4che &#8211; Lebensmittel bleiben nicht kleben, leicht zu reinigen<\/span><span style=\"font-weight: 400\"><br \/>\n<\/span><\/p>\n<p><span style=\"font-weight: 400\">Langer Griff mit Loch &#8211; liegt gut in der Hand und l\u00e4sst sich leicht aufh\u00e4ngen<\/span><span style=\"font-weight: 400\"><br \/>\n<\/span><\/p>\n<p><span style=\"font-weight: 400\">Schnelles Formen &#8211; verwenden Sie die kleine Schaufel, um die Fleischb\u00e4llchen anzuheben und in den Topf fallen zu lassen<\/span><span style=\"font-weight: 400\"><br \/>\n<\/span><\/p>\n<p><span style=\"font-weight: 400\">Gro\u00dfartig f\u00fcr mehr als nur Fleisch &#8211; verwenden Sie es f\u00fcr Reisb\u00e4llchen, Keksteig, Cake Pops und mehr<\/span><\/p>\n<p><img decoding=\"async\" class=\"alignnone size-full wp-image-17038 aligncenter\" src=\"https:\/\/keluvo.com\/template\/wp-content\/uploads\/sites\/5\/2025\/05\/S28e91c3c896d43bbab31a88231fc07a1i.jpg_960x960q75.jpg_.jpeg\" alt=\"\" \/><\/p>\n<h2 style=\"text-align: center\">Wie dieses Produkt Ihnen hilft<\/h2>\n<p style=\"text-align: center\"><span style=\"font-weight: 400\">Der Fleischb\u00e4llchenmacher hilft Ihnen, schnell und sauber perfekte Fleischb\u00e4llchen zu machen.<\/span><\/p>\n<p style=\"text-align: center\"><span style=\"font-weight: 400\"> Es ist gro\u00dfartig f\u00fcr:<\/span><\/p>\n<ul>\n<li style=\"font-weight: 400\"><span style=\"font-weight: 400\">Vielbesch\u00e4ftigte K\u00f6che, die saubere, gleichgro\u00dfe Fleischb\u00e4llchen wollen<\/span><span style=\"font-weight: 400\"><br \/>\n<\/span><\/li>\n<li style=\"font-weight: 400\"><span style=\"font-weight: 400\">Machen Sie lustige Leckereien wie Cake Pops oder Eisb\u00e4llchen<\/span><span style=\"font-weight: 400\"><br \/>\n<\/span><\/li>\n<li style=\"font-weight: 400\"><span style=\"font-weight: 400\">Halten Sie Ihre H\u00e4nde sauber, w\u00e4hrend Sie das Essen formen<\/span><\/li>\n<\/ul>\n<h2 style=\"text-align: center\">Wie man es benutzt<\/h2>\n<ol>\n<li style=\"font-weight: 400\"><span style=\"font-weight: 400\">Schaufeln Sie etwas Hackfleisch mit dem dreifachen L\u00f6ffelwerkzeug.<\/span><span style=\"font-weight: 400\"><br \/>\n<\/span><\/li>\n<li style=\"font-weight: 400\"><span style=\"font-weight: 400\">Dr\u00fccken Sie sanft in jeden L\u00f6ffel, um zu formen.<\/span><span style=\"font-weight: 400\"><br \/>\n<\/span><\/li>\n<li style=\"font-weight: 400\"><span style=\"font-weight: 400\">Verwenden Sie die Kartenschaufel, um die Fleischb\u00e4llchen anzuheben und in Ihren Topf oder Ihr Tablett zu legen.<\/span><span style=\"font-weight: 400\"><br \/>\n<\/span><\/li>\n<li style=\"font-weight: 400\"><span style=\"font-weight: 400\">Waschen Sie sie nach dem Gebrauch und h\u00e4ngen Sie sie am Griffloch auf, um sie einfach aufzubewahren.<\/span><\/li>\n<\/ol>\n<h2 style=\"text-align: center\">Paket enth\u00e4lt<\/h2>\n<ul>\n<li style=\"font-weight: 400\"><span style=\"font-weight: 400\">1x Fleischb\u00e4llchenmacher mit dreifacher Schaufel<\/span><span style=\"font-weight: 400\"><br \/>\n<\/span><\/li>\n<li style=\"font-weight: 400\"><span style=\"font-weight: 400\">1x kleine Kartenschaufel f\u00fcr einfache \u00dcbertragung.<\/span><\/li>\n<\/ul>\n","protected":false},"excerpt":{"rendered":"<p>Der Fleischb\u00e4llchen-Maker &#8211; Ihr einfacher Helfer f\u00fcr perfekte Fleischb\u00e4llchen &#8211; macht 3 Fleischb\u00e4llchen auf einmal. Keine klebrigen H\u00e4nde, kein \u00c4rger [&hellip;]<\/p>\n","protected":false},"featured_media":20401,"comment_status":"open","ping_status":"closed","template":"","meta":{"site-sidebar-layout":"default","site-content-layout":"","ast-site-content-layout":"default","site-content-style":"default","site-sidebar-style":"default","ast-global-header-display":"","ast-banner-title-visibility":"","ast-main-header-display":"","ast-hfb-above-header-display":"","ast-hfb-below-header-display":"","ast-hfb-mobile-header-display":"","site-post-title":"","ast-breadcrumbs-content":"","ast-featured-img":"","footer-sml-layout":"","ast-disable-related-posts":"","theme-transparent-header-meta":"default","adv-header-id-meta":"","stick-header-meta":"","header-above-stick-meta":"","header-main-stick-meta":"","header-below-stick-meta":"","astra-migrate-meta-layouts":"set","ast-page-background-enabled":"default","ast-page-background-meta":{"desktop":{"background-color":"var(--ast-global-color-5)","background-image":"","background-repeat":"repeat","background-position":"center center","background-size":"auto","background-attachment":"scroll","background-type":"","background-media":"","overlay-type":"","overlay-color":"","overlay-opacity":"","overlay-gradient":""},"tablet":{"background-color":"","background-image":"","background-repeat":"repeat","background-position":"center center","background-size":"auto","background-attachment":"scroll","background-type":"","background-media":"","overlay-type":"","overlay-color":"","overlay-opacity":"","overlay-gradient":""},"mobile":{"background-color":"","background-image":"","background-repeat":"repeat","background-position":"center center","background-size":"auto","background-attachment":"scroll","background-type":"","background-media":"","overlay-type":"","overlay-color":"","overlay-opacity":"","overlay-gradient":""}},"ast-content-background-meta":{"desktop":{"background-color":"var(--ast-global-color-4)","background-image":"","background-repeat":"repeat","background-position":"center center","background-size":"auto","background-attachment":"scroll","background-type":"","background-media":"","overlay-type":"","overlay-color":"","overlay-opacity":"","overlay-gradient":""},"tablet":{"background-color":"var(--ast-global-color-4)","background-image":"","background-repeat":"repeat","background-position":"center center","background-size":"auto","background-attachment":"scroll","background-type":"","background-media":"","overlay-type":"","overlay-color":"","overlay-opacity":"","overlay-gradient":""},"mobile":{"background-color":"var(--ast-global-color-4)","background-image":"","background-repeat":"repeat","background-position":"center center","background-size":"auto","background-attachment":"scroll","background-type":"","background-media":"","overlay-type":"","overlay-color":"","overlay-opacity":"","overlay-gradient":""}}},"product_brand":[],"product_cat":[15],"product_tag":[],"class_list":{"0":"post-20405","1":"product","2":"type-product","3":"status-publish","4":"has-post-thumbnail","6":"product_cat-unkategorisiert","7":"pa_23638_ce5sajp7-gelb","8":"pa_23638_ce5sajp7-weiss","9":"desktop-align-left","10":"tablet-align-left","11":"mobile-align-left","13":"first","14":"instock","15":"shipping-taxable","16":"purchasable","17":"product-type-variable"},"yoast_head":"<!-- This site is optimized with the Yoast SEO plugin v27.4 - https:\/\/yoast.com\/product\/yoast-seo-wordpress\/ -->\n<title>Frikadellenhersteller - Senbera DE<\/title>\n<meta name=\"robots\" content=\"index, follow, max-snippet:-1, max-image-preview:large, max-video-preview:-1\" \/>\n<link rel=\"canonical\" href=\"https:\/\/senbera.com\/de\/produkt\/frikadellenhersteller\/\" \/>\n<meta property=\"og:locale\" content=\"de_DE\" \/>\n<meta property=\"og:type\" content=\"article\" \/>\n<meta property=\"og:title\" content=\"Frikadellenhersteller - Senbera DE\" \/>\n<meta property=\"og:description\" content=\"Der Fleischb\u00e4llchen-Maker &#8211; Ihr einfacher Helfer f\u00fcr perfekte Fleischb\u00e4llchen &#8211; macht 3 Fleischb\u00e4llchen auf einmal. Keine klebrigen H\u00e4nde, kein \u00c4rger [&hellip;]\" \/>\n<meta property=\"og:url\" content=\"https:\/\/senbera.com\/de\/produkt\/frikadellenhersteller\/\" \/>\n<meta property=\"og:site_name\" content=\"Senbera DE\" \/>\n<meta property=\"article:modified_time\" content=\"2026-01-16T09:44:44+00:00\" \/>\n<meta name=\"twitter:card\" content=\"summary_large_image\" \/>\n<meta name=\"twitter:label1\" content=\"Gesch\u00e4tzte Lesezeit\" \/>\n\t<meta name=\"twitter:data1\" content=\"1\u00a0Minute\" \/>\n<script type=\"application\/ld+json\" class=\"yoast-schema-graph\">{\"@context\":\"https:\\\/\\\/schema.org\",\"@graph\":[{\"@type\":\"WebPage\",\"@id\":\"https:\\\/\\\/senbera.com\\\/de\\\/produkt\\\/frikadellenhersteller\\\/\",\"url\":\"https:\\\/\\\/senbera.com\\\/de\\\/produkt\\\/frikadellenhersteller\\\/\",\"name\":\"Frikadellenhersteller - Senbera DE\",\"isPartOf\":{\"@id\":\"https:\\\/\\\/senbera.com\\\/de\\\/#website\"},\"primaryImageOfPage\":{\"@id\":\"https:\\\/\\\/senbera.com\\\/de\\\/produkt\\\/frikadellenhersteller\\\/#primaryimage\"},\"image\":{\"@id\":\"https:\\\/\\\/senbera.com\\\/de\\\/produkt\\\/frikadellenhersteller\\\/#primaryimage\"},\"thumbnailUrl\":\"https:\\\/\\\/senbera.com\\\/de\\\/wp-content\\\/uploads\\\/sites\\\/21\\\/2026\\\/01\\\/v2k2t8u-1.webp\",\"datePublished\":\"2026-01-16T09:44:36+00:00\",\"dateModified\":\"2026-01-16T09:44:44+00:00\",\"breadcrumb\":{\"@id\":\"https:\\\/\\\/senbera.com\\\/de\\\/produkt\\\/frikadellenhersteller\\\/#breadcrumb\"},\"inLanguage\":\"de\",\"potentialAction\":[{\"@type\":\"ReadAction\",\"target\":[\"https:\\\/\\\/senbera.com\\\/de\\\/produkt\\\/frikadellenhersteller\\\/\"]}]},{\"@type\":\"ImageObject\",\"inLanguage\":\"de\",\"@id\":\"https:\\\/\\\/senbera.com\\\/de\\\/produkt\\\/frikadellenhersteller\\\/#primaryimage\",\"url\":\"https:\\\/\\\/senbera.com\\\/de\\\/wp-content\\\/uploads\\\/sites\\\/21\\\/2026\\\/01\\\/v2k2t8u-1.webp\",\"contentUrl\":\"https:\\\/\\\/senbera.com\\\/de\\\/wp-content\\\/uploads\\\/sites\\\/21\\\/2026\\\/01\\\/v2k2t8u-1.webp\",\"width\":1000,\"height\":1000},{\"@type\":\"BreadcrumbList\",\"@id\":\"https:\\\/\\\/senbera.com\\\/de\\\/produkt\\\/frikadellenhersteller\\\/#breadcrumb\",\"itemListElement\":[{\"@type\":\"ListItem\",\"position\":1,\"name\":\"Home\",\"item\":\"https:\\\/\\\/senbera.com\\\/de\\\/\"},{\"@type\":\"ListItem\",\"position\":2,\"name\":\"Shop\",\"item\":\"https:\\\/\\\/senbera.com\\\/de\\\/shop\\\/\"},{\"@type\":\"ListItem\",\"position\":3,\"name\":\"Frikadellenhersteller\"}]},{\"@type\":\"WebSite\",\"@id\":\"https:\\\/\\\/senbera.com\\\/de\\\/#website\",\"url\":\"https:\\\/\\\/senbera.com\\\/de\\\/\",\"name\":\"Senbera DE\",\"description\":\"\",\"publisher\":{\"@id\":\"https:\\\/\\\/senbera.com\\\/de\\\/#organization\"},\"potentialAction\":[{\"@type\":\"SearchAction\",\"target\":{\"@type\":\"EntryPoint\",\"urlTemplate\":\"https:\\\/\\\/senbera.com\\\/de\\\/?s={search_term_string}\"},\"query-input\":{\"@type\":\"PropertyValueSpecification\",\"valueRequired\":true,\"valueName\":\"search_term_string\"}}],\"inLanguage\":\"de\"},{\"@type\":\"Organization\",\"@id\":\"https:\\\/\\\/senbera.com\\\/de\\\/#organization\",\"name\":\"Mekulo\",\"url\":\"https:\\\/\\\/senbera.com\\\/de\\\/\",\"logo\":{\"@type\":\"ImageObject\",\"inLanguage\":\"de\",\"@id\":\"https:\\\/\\\/senbera.com\\\/de\\\/#\\\/schema\\\/logo\\\/image\\\/\",\"url\":\"https:\\\/\\\/senbera.com\\\/de\\\/wp-content\\\/uploads\\\/sites\\\/21\\\/2025\\\/12\\\/favicon_mekulo.png\",\"contentUrl\":\"https:\\\/\\\/senbera.com\\\/de\\\/wp-content\\\/uploads\\\/sites\\\/21\\\/2025\\\/12\\\/favicon_mekulo.png\",\"width\":50,\"height\":50,\"caption\":\"Mekulo\"},\"image\":{\"@id\":\"https:\\\/\\\/senbera.com\\\/de\\\/#\\\/schema\\\/logo\\\/image\\\/\"}}]}<\/script>\n<!-- \/ Yoast SEO plugin. -->","yoast_head_json":{"title":"Frikadellenhersteller - Senbera DE","robots":{"index":"index","follow":"follow","max-snippet":"max-snippet:-1","max-image-preview":"max-image-preview:large","max-video-preview":"max-video-preview:-1"},"canonical":"https:\/\/senbera.com\/de\/produkt\/frikadellenhersteller\/","og_locale":"de_DE","og_type":"article","og_title":"Frikadellenhersteller - Senbera DE","og_description":"Der Fleischb\u00e4llchen-Maker &#8211; Ihr einfacher Helfer f\u00fcr perfekte Fleischb\u00e4llchen &#8211; macht 3 Fleischb\u00e4llchen auf einmal. Keine klebrigen H\u00e4nde, kein \u00c4rger [&hellip;]","og_url":"https:\/\/senbera.com\/de\/produkt\/frikadellenhersteller\/","og_site_name":"Senbera DE","article_modified_time":"2026-01-16T09:44:44+00:00","twitter_card":"summary_large_image","twitter_misc":{"Gesch\u00e4tzte Lesezeit":"1\u00a0Minute"},"schema":{"@context":"https:\/\/schema.org","@graph":[{"@type":"WebPage","@id":"https:\/\/senbera.com\/de\/produkt\/frikadellenhersteller\/","url":"https:\/\/senbera.com\/de\/produkt\/frikadellenhersteller\/","name":"Frikadellenhersteller - Senbera DE","isPartOf":{"@id":"https:\/\/senbera.com\/de\/#website"},"primaryImageOfPage":{"@id":"https:\/\/senbera.com\/de\/produkt\/frikadellenhersteller\/#primaryimage"},"image":{"@id":"https:\/\/senbera.com\/de\/produkt\/frikadellenhersteller\/#primaryimage"},"thumbnailUrl":"https:\/\/senbera.com\/de\/wp-content\/uploads\/sites\/21\/2026\/01\/v2k2t8u-1.webp","datePublished":"2026-01-16T09:44:36+00:00","dateModified":"2026-01-16T09:44:44+00:00","breadcrumb":{"@id":"https:\/\/senbera.com\/de\/produkt\/frikadellenhersteller\/#breadcrumb"},"inLanguage":"de","potentialAction":[{"@type":"ReadAction","target":["https:\/\/senbera.com\/de\/produkt\/frikadellenhersteller\/"]}]},{"@type":"ImageObject","inLanguage":"de","@id":"https:\/\/senbera.com\/de\/produkt\/frikadellenhersteller\/#primaryimage","url":"https:\/\/senbera.com\/de\/wp-content\/uploads\/sites\/21\/2026\/01\/v2k2t8u-1.webp","contentUrl":"https:\/\/senbera.com\/de\/wp-content\/uploads\/sites\/21\/2026\/01\/v2k2t8u-1.webp","width":1000,"height":1000},{"@type":"BreadcrumbList","@id":"https:\/\/senbera.com\/de\/produkt\/frikadellenhersteller\/#breadcrumb","itemListElement":[{"@type":"ListItem","position":1,"name":"Home","item":"https:\/\/senbera.com\/de\/"},{"@type":"ListItem","position":2,"name":"Shop","item":"https:\/\/senbera.com\/de\/shop\/"},{"@type":"ListItem","position":3,"name":"Frikadellenhersteller"}]},{"@type":"WebSite","@id":"https:\/\/senbera.com\/de\/#website","url":"https:\/\/senbera.com\/de\/","name":"Senbera DE","description":"","publisher":{"@id":"https:\/\/senbera.com\/de\/#organization"},"potentialAction":[{"@type":"SearchAction","target":{"@type":"EntryPoint","urlTemplate":"https:\/\/senbera.com\/de\/?s={search_term_string}"},"query-input":{"@type":"PropertyValueSpecification","valueRequired":true,"valueName":"search_term_string"}}],"inLanguage":"de"},{"@type":"Organization","@id":"https:\/\/senbera.com\/de\/#organization","name":"Mekulo","url":"https:\/\/senbera.com\/de\/","logo":{"@type":"ImageObject","inLanguage":"de","@id":"https:\/\/senbera.com\/de\/#\/schema\/logo\/image\/","url":"https:\/\/senbera.com\/de\/wp-content\/uploads\/sites\/21\/2025\/12\/favicon_mekulo.png","contentUrl":"https:\/\/senbera.com\/de\/wp-content\/uploads\/sites\/21\/2025\/12\/favicon_mekulo.png","width":50,"height":50,"caption":"Mekulo"},"image":{"@id":"https:\/\/senbera.com\/de\/#\/schema\/logo\/image\/"}}]}},"_links":{"self":[{"href":"https:\/\/senbera.com\/de\/wp-json\/wp\/v2\/product\/20405","targetHints":{"allow":["GET"]}}],"collection":[{"href":"https:\/\/senbera.com\/de\/wp-json\/wp\/v2\/product"}],"about":[{"href":"https:\/\/senbera.com\/de\/wp-json\/wp\/v2\/types\/product"}],"replies":[{"embeddable":true,"href":"https:\/\/senbera.com\/de\/wp-json\/wp\/v2\/comments?post=20405"}],"wp:featuredmedia":[{"embeddable":true,"href":"https:\/\/senbera.com\/de\/wp-json\/wp\/v2\/media\/20401"}],"wp:attachment":[{"href":"https:\/\/senbera.com\/de\/wp-json\/wp\/v2\/media?parent=20405"}],"wp:term":[{"taxonomy":"product_brand","embeddable":true,"href":"https:\/\/senbera.com\/de\/wp-json\/wp\/v2\/product_brand?post=20405"},{"taxonomy":"product_cat","embeddable":true,"href":"https:\/\/senbera.com\/de\/wp-json\/wp\/v2\/product_cat?post=20405"},{"taxonomy":"product_tag","embeddable":true,"href":"https:\/\/senbera.com\/de\/wp-json\/wp\/v2\/product_tag?post=20405"}],"curies":[{"name":"wp","href":"https:\/\/api.w.org\/{rel}","templated":true}]}}