{"id":20390,"date":"2026-01-16T11:43:01","date_gmt":"2026-01-16T09:43:01","guid":{"rendered":"https:\/\/senbera.com\/de\/produkt\/schminkkasten\/"},"modified":"2026-01-16T11:43:13","modified_gmt":"2026-01-16T09:43:13","slug":"schminkkasten","status":"publish","type":"product","link":"https:\/\/senbera.com\/de\/produkt\/schminkkasten\/","title":{"rendered":"Schminkkasten"},"content":{"rendered":"<p style=\"text-align: center\"><b>Die Make-up-Box \u2013 Ihr kompaktes Beauty-Etui mit Licht und Stil.<\/b><\/p>\n<p style=\"text-align: center\"><span style=\"font-weight: 400\">Diese Reise-Make-up-Box kommt mit einem niedlichen Design, perfekten Staur\u00e4umen und einem eingebauten LED-Spiegel f\u00fcr perfekte Beleuchtung jedes Mal, wenn Sie sich aufh\u00fcbschen!<\/span><\/p>\n<p><img decoding=\"async\" class=\"size-full wp-image-17145 aligncenter\" src=\"https:\/\/keluvo.com\/template\/wp-content\/uploads\/sites\/5\/2025\/04\/2-17.jpg\" alt=\"\" \/><\/p>\n<h2 style=\"text-align: center\"><strong>Hauptvorteile<\/strong><\/h2>\n<p><span style=\"font-weight: 400\">Eingebauter LED-Spiegel \u2013 w\u00e4hlen Sie zwischen warmem, nat\u00fcrlichem oder k\u00fchlem Licht<\/span><\/p>\n<p><span style=\"font-weight: 400\">Kompakt und organisiert \u2013 h\u00e4lt Ihr Make-up und Ihren Schmuck ordentlich<\/span><\/p>\n<p><span style=\"font-weight: 400\">Stilvoll und stark \u2013 aus weichem, strapazierf\u00e4higem Leder<\/span><\/p>\n<p><span style=\"font-weight: 400\">Perfektes Geschenk \u2013 kommt in einer sch\u00f6nen Box f\u00fcr einfaches Verschenken<\/span><\/p>\n<p><img decoding=\"async\" class=\"size-full wp-image-16236 aligncenter\" src=\"https:\/\/keluvo.com\/template\/wp-content\/uploads\/sites\/5\/2025\/04\/318bddd5-9c5f-457a-9d2c-27ea746edb27.webp\" alt=\"\" \/><\/p>\n<h2 style=\"text-align: center\"><strong>Wie Dieses Produkt Ihnen Hilft<\/strong><\/h2>\n<p style=\"text-align: center\"><b><\/b><span style=\"font-weight: 400\"> Die Make-up-Box macht Beauty-Routinen einfacher und besonderer.<\/span><\/p>\n<p style=\"text-align: center\"><span style=\"font-weight: 400\"> Sie eignet sich perfekt f\u00fcr:<\/span><\/p>\n<ul>\n<li style=\"font-weight: 400\"><span style=\"font-weight: 400\">Make-up unterwegs<\/span><\/li>\n<li style=\"font-weight: 400\"><span style=\"font-weight: 400\">Aufbewahrung von Beauty- und Schmuckartikeln an einem Ort<\/span><\/li>\n<li style=\"font-weight: 400\"><span style=\"font-weight: 400\">Geschenk f\u00fcr jemanden, den Sie lieben (oder sich selbst!)<\/span><\/li>\n<\/ul>\n<h2 style=\"text-align: center\"><strong>Wie Man Es Benutzt<\/strong><\/h2>\n<ol>\n<li style=\"font-weight: 400\"><span style=\"font-weight: 400\">\u00d6ffnen Sie die Box, um auf den LED-Spiegel und die Aufbewahrungsbereiche zuzugreifen.<\/span><\/li>\n<li style=\"font-weight: 400\"><span style=\"font-weight: 400\">Tippen Sie auf, um das Licht f\u00fcr ein makelloses Make-up jedes Mal einzustellen.<\/span><\/li>\n<li style=\"font-weight: 400\"><span style=\"font-weight: 400\">Bewahren Sie Ihre Pinsel, Lippenstifte, Ringe und Ohrringe mit Leichtigkeit auf.<\/span><\/li>\n<li style=\"font-weight: 400\"><span style=\"font-weight: 400\">Schlie\u00dfen Sie sie und tragen Sie sie mit sich &#8211; sch\u00f6n, organisiert und reisebereit!<\/span><\/li>\n<\/ol>\n<h2 style=\"text-align: center\"><strong>Paket Enth\u00e4lt<\/strong><\/h2>\n<ul>\n<li style=\"font-weight: 400\"><span style=\"font-weight: 400\">1x Make-up-Box<\/span><\/li>\n<li style=\"font-weight: 400\"><span style=\"font-weight: 400\">1x eingebauter LED-Schminkspiegel mit 3 Lichtmodi<\/span><\/li>\n<li style=\"font-weight: 400\"><span style=\"font-weight: 400\">Liefert in einer Geschenkbox (perfekt zum Verschenken).<\/span><\/li>\n<\/ul>\n","protected":false},"excerpt":{"rendered":"<p>Die Make-up-Box \u2013 Ihr kompaktes Beauty-Etui mit Licht und Stil. Diese Reise-Make-up-Box kommt mit einem niedlichen Design, perfekten Staur\u00e4umen und [&hellip;]<\/p>\n","protected":false},"featured_media":20387,"comment_status":"open","ping_status":"closed","template":"","meta":{"site-sidebar-layout":"default","site-content-layout":"","ast-site-content-layout":"default","site-content-style":"default","site-sidebar-style":"default","ast-global-header-display":"","ast-banner-title-visibility":"","ast-main-header-display":"","ast-hfb-above-header-display":"","ast-hfb-below-header-display":"","ast-hfb-mobile-header-display":"","site-post-title":"","ast-breadcrumbs-content":"","ast-featured-img":"","footer-sml-layout":"","theme-transparent-header-meta":"default","adv-header-id-meta":"","stick-header-meta":"","header-above-stick-meta":"","header-main-stick-meta":"","header-below-stick-meta":"","astra-migrate-meta-layouts":"set","ast-page-background-enabled":"default","ast-page-background-meta":{"desktop":{"background-color":"var(--ast-global-color-5)","background-image":"","background-repeat":"repeat","background-position":"center center","background-size":"auto","background-attachment":"scroll","background-type":"","background-media":"","overlay-type":"","overlay-color":"","overlay-opacity":"","overlay-gradient":""},"tablet":{"background-color":"","background-image":"","background-repeat":"repeat","background-position":"center center","background-size":"auto","background-attachment":"scroll","background-type":"","background-media":"","overlay-type":"","overlay-color":"","overlay-opacity":"","overlay-gradient":""},"mobile":{"background-color":"","background-image":"","background-repeat":"repeat","background-position":"center center","background-size":"auto","background-attachment":"scroll","background-type":"","background-media":"","overlay-type":"","overlay-color":"","overlay-opacity":"","overlay-gradient":""}},"ast-content-background-meta":{"desktop":{"background-color":"var(--ast-global-color-4)","background-image":"","background-repeat":"repeat","background-position":"center center","background-size":"auto","background-attachment":"scroll","background-type":"","background-media":"","overlay-type":"","overlay-color":"","overlay-opacity":"","overlay-gradient":""},"tablet":{"background-color":"var(--ast-global-color-4)","background-image":"","background-repeat":"repeat","background-position":"center center","background-size":"auto","background-attachment":"scroll","background-type":"","background-media":"","overlay-type":"","overlay-color":"","overlay-opacity":"","overlay-gradient":""},"mobile":{"background-color":"var(--ast-global-color-4)","background-image":"","background-repeat":"repeat","background-position":"center center","background-size":"auto","background-attachment":"scroll","background-type":"","background-media":"","overlay-type":"","overlay-color":"","overlay-opacity":"","overlay-gradient":""}}},"product_brand":[],"product_cat":[15],"product_tag":[],"class_list":{"0":"post-20390","1":"product","2":"type-product","3":"status-publish","4":"has-post-thumbnail","6":"product_cat-unkategorisiert","7":"pa_35990_u60t1bx7-gruen","8":"pa_35990_u60t1bx7-rosa","9":"pa_35990_u60t1bx7-weiss","10":"desktop-align-left","11":"tablet-align-left","12":"mobile-align-left","14":"first","15":"instock","16":"shipping-taxable","17":"purchasable","18":"product-type-variable"},"yoast_head":"<!-- This site is optimized with the Yoast SEO plugin v26.6 - https:\/\/yoast.com\/wordpress\/plugins\/seo\/ -->\n<title>Schminkkasten - Senbera DE<\/title>\n<meta name=\"robots\" content=\"index, follow, max-snippet:-1, max-image-preview:large, max-video-preview:-1\" \/>\n<link rel=\"canonical\" href=\"https:\/\/senbera.com\/de\/produkt\/schminkkasten\/\" \/>\n<meta property=\"og:locale\" content=\"de_DE\" \/>\n<meta property=\"og:type\" content=\"article\" \/>\n<meta property=\"og:title\" content=\"Schminkkasten - Senbera DE\" \/>\n<meta property=\"og:description\" content=\"Die Make-up-Box \u2013 Ihr kompaktes Beauty-Etui mit Licht und Stil. Diese Reise-Make-up-Box kommt mit einem niedlichen Design, perfekten Staur\u00e4umen und [&hellip;]\" \/>\n<meta property=\"og:url\" content=\"https:\/\/senbera.com\/de\/produkt\/schminkkasten\/\" \/>\n<meta property=\"og:site_name\" content=\"Senbera DE\" \/>\n<meta property=\"article:modified_time\" content=\"2026-01-16T09:43:13+00:00\" \/>\n<meta name=\"twitter:card\" content=\"summary_large_image\" \/>\n<meta name=\"twitter:label1\" content=\"Gesch\u00e4tzte Lesezeit\" \/>\n\t<meta name=\"twitter:data1\" content=\"1\u00a0Minute\" \/>\n<script type=\"application\/ld+json\" class=\"yoast-schema-graph\">{\"@context\":\"https:\/\/schema.org\",\"@graph\":[{\"@type\":\"WebPage\",\"@id\":\"https:\/\/senbera.com\/de\/produkt\/schminkkasten\/\",\"url\":\"https:\/\/senbera.com\/de\/produkt\/schminkkasten\/\",\"name\":\"Schminkkasten - Senbera DE\",\"isPartOf\":{\"@id\":\"https:\/\/senbera.com\/de\/#website\"},\"primaryImageOfPage\":{\"@id\":\"https:\/\/senbera.com\/de\/produkt\/schminkkasten\/#primaryimage\"},\"image\":{\"@id\":\"https:\/\/senbera.com\/de\/produkt\/schminkkasten\/#primaryimage\"},\"thumbnailUrl\":\"https:\/\/senbera.com\/de\/wp-content\/uploads\/sites\/21\/2026\/01\/r5yez45-1.webp\",\"datePublished\":\"2026-01-16T09:43:01+00:00\",\"dateModified\":\"2026-01-16T09:43:13+00:00\",\"breadcrumb\":{\"@id\":\"https:\/\/senbera.com\/de\/produkt\/schminkkasten\/#breadcrumb\"},\"inLanguage\":\"de\",\"potentialAction\":[{\"@type\":\"ReadAction\",\"target\":[\"https:\/\/senbera.com\/de\/produkt\/schminkkasten\/\"]}]},{\"@type\":\"ImageObject\",\"inLanguage\":\"de\",\"@id\":\"https:\/\/senbera.com\/de\/produkt\/schminkkasten\/#primaryimage\",\"url\":\"https:\/\/senbera.com\/de\/wp-content\/uploads\/sites\/21\/2026\/01\/r5yez45-1.webp\",\"contentUrl\":\"https:\/\/senbera.com\/de\/wp-content\/uploads\/sites\/21\/2026\/01\/r5yez45-1.webp\",\"width\":1000,\"height\":1000},{\"@type\":\"BreadcrumbList\",\"@id\":\"https:\/\/senbera.com\/de\/produkt\/schminkkasten\/#breadcrumb\",\"itemListElement\":[{\"@type\":\"ListItem\",\"position\":1,\"name\":\"Home\",\"item\":\"https:\/\/senbera.com\/de\/\"},{\"@type\":\"ListItem\",\"position\":2,\"name\":\"Shop\",\"item\":\"https:\/\/senbera.com\/de\/shop\/\"},{\"@type\":\"ListItem\",\"position\":3,\"name\":\"Schminkkasten\"}]},{\"@type\":\"WebSite\",\"@id\":\"https:\/\/senbera.com\/de\/#website\",\"url\":\"https:\/\/senbera.com\/de\/\",\"name\":\"Senbera DE\",\"description\":\"\",\"publisher\":{\"@id\":\"https:\/\/senbera.com\/de\/#organization\"},\"potentialAction\":[{\"@type\":\"SearchAction\",\"target\":{\"@type\":\"EntryPoint\",\"urlTemplate\":\"https:\/\/senbera.com\/de\/?s={search_term_string}\"},\"query-input\":{\"@type\":\"PropertyValueSpecification\",\"valueRequired\":true,\"valueName\":\"search_term_string\"}}],\"inLanguage\":\"de\"},{\"@type\":\"Organization\",\"@id\":\"https:\/\/senbera.com\/de\/#organization\",\"name\":\"Mekulo\",\"url\":\"https:\/\/senbera.com\/de\/\",\"logo\":{\"@type\":\"ImageObject\",\"inLanguage\":\"de\",\"@id\":\"https:\/\/senbera.com\/de\/#\/schema\/logo\/image\/\",\"url\":\"https:\/\/senbera.com\/de\/wp-content\/uploads\/sites\/21\/2025\/12\/favicon_mekulo.png\",\"contentUrl\":\"https:\/\/senbera.com\/de\/wp-content\/uploads\/sites\/21\/2025\/12\/favicon_mekulo.png\",\"width\":50,\"height\":50,\"caption\":\"Mekulo\"},\"image\":{\"@id\":\"https:\/\/senbera.com\/de\/#\/schema\/logo\/image\/\"}}]}<\/script>\n<!-- \/ Yoast SEO plugin. -->","yoast_head_json":{"title":"Schminkkasten - Senbera DE","robots":{"index":"index","follow":"follow","max-snippet":"max-snippet:-1","max-image-preview":"max-image-preview:large","max-video-preview":"max-video-preview:-1"},"canonical":"https:\/\/senbera.com\/de\/produkt\/schminkkasten\/","og_locale":"de_DE","og_type":"article","og_title":"Schminkkasten - Senbera DE","og_description":"Die Make-up-Box \u2013 Ihr kompaktes Beauty-Etui mit Licht und Stil. Diese Reise-Make-up-Box kommt mit einem niedlichen Design, perfekten Staur\u00e4umen und [&hellip;]","og_url":"https:\/\/senbera.com\/de\/produkt\/schminkkasten\/","og_site_name":"Senbera DE","article_modified_time":"2026-01-16T09:43:13+00:00","twitter_card":"summary_large_image","twitter_misc":{"Gesch\u00e4tzte Lesezeit":"1\u00a0Minute"},"schema":{"@context":"https:\/\/schema.org","@graph":[{"@type":"WebPage","@id":"https:\/\/senbera.com\/de\/produkt\/schminkkasten\/","url":"https:\/\/senbera.com\/de\/produkt\/schminkkasten\/","name":"Schminkkasten - Senbera DE","isPartOf":{"@id":"https:\/\/senbera.com\/de\/#website"},"primaryImageOfPage":{"@id":"https:\/\/senbera.com\/de\/produkt\/schminkkasten\/#primaryimage"},"image":{"@id":"https:\/\/senbera.com\/de\/produkt\/schminkkasten\/#primaryimage"},"thumbnailUrl":"https:\/\/senbera.com\/de\/wp-content\/uploads\/sites\/21\/2026\/01\/r5yez45-1.webp","datePublished":"2026-01-16T09:43:01+00:00","dateModified":"2026-01-16T09:43:13+00:00","breadcrumb":{"@id":"https:\/\/senbera.com\/de\/produkt\/schminkkasten\/#breadcrumb"},"inLanguage":"de","potentialAction":[{"@type":"ReadAction","target":["https:\/\/senbera.com\/de\/produkt\/schminkkasten\/"]}]},{"@type":"ImageObject","inLanguage":"de","@id":"https:\/\/senbera.com\/de\/produkt\/schminkkasten\/#primaryimage","url":"https:\/\/senbera.com\/de\/wp-content\/uploads\/sites\/21\/2026\/01\/r5yez45-1.webp","contentUrl":"https:\/\/senbera.com\/de\/wp-content\/uploads\/sites\/21\/2026\/01\/r5yez45-1.webp","width":1000,"height":1000},{"@type":"BreadcrumbList","@id":"https:\/\/senbera.com\/de\/produkt\/schminkkasten\/#breadcrumb","itemListElement":[{"@type":"ListItem","position":1,"name":"Home","item":"https:\/\/senbera.com\/de\/"},{"@type":"ListItem","position":2,"name":"Shop","item":"https:\/\/senbera.com\/de\/shop\/"},{"@type":"ListItem","position":3,"name":"Schminkkasten"}]},{"@type":"WebSite","@id":"https:\/\/senbera.com\/de\/#website","url":"https:\/\/senbera.com\/de\/","name":"Senbera DE","description":"","publisher":{"@id":"https:\/\/senbera.com\/de\/#organization"},"potentialAction":[{"@type":"SearchAction","target":{"@type":"EntryPoint","urlTemplate":"https:\/\/senbera.com\/de\/?s={search_term_string}"},"query-input":{"@type":"PropertyValueSpecification","valueRequired":true,"valueName":"search_term_string"}}],"inLanguage":"de"},{"@type":"Organization","@id":"https:\/\/senbera.com\/de\/#organization","name":"Mekulo","url":"https:\/\/senbera.com\/de\/","logo":{"@type":"ImageObject","inLanguage":"de","@id":"https:\/\/senbera.com\/de\/#\/schema\/logo\/image\/","url":"https:\/\/senbera.com\/de\/wp-content\/uploads\/sites\/21\/2025\/12\/favicon_mekulo.png","contentUrl":"https:\/\/senbera.com\/de\/wp-content\/uploads\/sites\/21\/2025\/12\/favicon_mekulo.png","width":50,"height":50,"caption":"Mekulo"},"image":{"@id":"https:\/\/senbera.com\/de\/#\/schema\/logo\/image\/"}}]}},"_links":{"self":[{"href":"https:\/\/senbera.com\/de\/wp-json\/wp\/v2\/product\/20390","targetHints":{"allow":["GET"]}}],"collection":[{"href":"https:\/\/senbera.com\/de\/wp-json\/wp\/v2\/product"}],"about":[{"href":"https:\/\/senbera.com\/de\/wp-json\/wp\/v2\/types\/product"}],"replies":[{"embeddable":true,"href":"https:\/\/senbera.com\/de\/wp-json\/wp\/v2\/comments?post=20390"}],"wp:featuredmedia":[{"embeddable":true,"href":"https:\/\/senbera.com\/de\/wp-json\/wp\/v2\/media\/20387"}],"wp:attachment":[{"href":"https:\/\/senbera.com\/de\/wp-json\/wp\/v2\/media?parent=20390"}],"wp:term":[{"taxonomy":"product_brand","embeddable":true,"href":"https:\/\/senbera.com\/de\/wp-json\/wp\/v2\/product_brand?post=20390"},{"taxonomy":"product_cat","embeddable":true,"href":"https:\/\/senbera.com\/de\/wp-json\/wp\/v2\/product_cat?post=20390"},{"taxonomy":"product_tag","embeddable":true,"href":"https:\/\/senbera.com\/de\/wp-json\/wp\/v2\/product_tag?post=20390"}],"curies":[{"name":"wp","href":"https:\/\/api.w.org\/{rel}","templated":true}]}}