{"id":20222,"date":"2026-01-16T11:26:15","date_gmt":"2026-01-16T09:26:15","guid":{"rendered":"https:\/\/senbera.com\/de\/produkt\/schuhdehner\/"},"modified":"2026-01-16T11:26:22","modified_gmt":"2026-01-16T09:26:22","slug":"schuhdehner","status":"publish","type":"product","link":"https:\/\/senbera.com\/de\/produkt\/schuhdehner\/","title":{"rendered":"Schuhdehner"},"content":{"rendered":"<p style=\"text-align: center\"><strong>Wir Stellen Den Schuhdehner Vor \u2013 Ihr Einfacher Weg Zu Komfort Und Perfekter Passform!<\/strong><\/p>\n<p style=\"text-align: center\"><span style=\"font-weight: 400\"> Keine engen Schuhe mehr! Erzielen Sie ganz einfach die perfekte Passform und sch\u00fctzen Sie Ihr Lieblingspaar.<\/span><\/p>\n<p><img decoding=\"async\" class=\"size-full wp-image-16201 aligncenter\" src=\"https:\/\/keluvo.com\/template\/wp-content\/uploads\/sites\/5\/2025\/04\/stretcher-ezgif.com-video-to-webp-converter.webp\" alt=\"\" \/><\/p>\n<h2 style=\"text-align: center\">Hauptvorteile<\/h2>\n<p><span style=\"font-weight: 400\">\u2705 <\/span><b>Dehnt Schuhe leicht<\/b><span style=\"font-weight: 400\"> \u2013 2-Wege-Dehnung l\u00e4sst Sie Schuhe f\u00fcr eine bessere, bequemere Passform weiten<\/span><\/p>\n<p><span style=\"font-weight: 400\"> \u2705 <\/span><b>Sch\u00fctzt die Schuhform<\/b><span style=\"font-weight: 400\"> \u2013 L\u00e4sst Ihre Schuhe wie neu aussehen und verhindert enge Stellen<\/span><\/p>\n<p><span style=\"font-weight: 400\"> \u2705 <\/span><b>Zielt auf Schmerzpunkte ab<\/b><span style=\"font-weight: 400\"> \u2013 Enth\u00e4lt 4 Stecker, um genau dort zu dehnen, wo Sie Erleichterung brauchen<\/span><\/p>\n<p><span style=\"font-weight: 400\"> \u2705 <\/span><b>H\u00e4lt Schuhe frisch<\/b><span style=\"font-weight: 400\"> \u2013 Zedernholzkugeln absorbieren Feuchtigkeit und Ger\u00fcche f\u00fcr einen sauberen Duft<\/span><\/p>\n<p><span style=\"font-weight: 400\"> \u2705 <\/span><b>Stark und langlebig<\/b><span style=\"font-weight: 400\"> \u2013 Hergestellt aus robustem Kiefernholz f\u00fcr den dauerhaften Einsatz auf Leder, Wildleder und mehr<\/span><\/p>\n<p><img decoding=\"async\" class=\"size-full wp-image-16197 aligncenter\" src=\"https:\/\/keluvo.com\/template\/wp-content\/uploads\/sites\/5\/2025\/04\/94f06335-33e9-45fe-b148-5c6c58038544.webp\" alt=\"\" \/><\/p>\n<h2 style=\"text-align: center\">Warum Das F\u00fcr Sie Ist<\/h2>\n<p style=\"text-align: center\"><span style=\"font-weight: 400\">Dieser Schuhdehner ist Ihr unverzichtbarer Helfer, um enge Schuhe zu reparieren! Egal, ob Ihre neuen Schuhe dr\u00fccken oder ob Sie Ihre alten Lieblingsschuhe bequemer machen wollen, diese Dehner funktionieren ganz einfach. Sie erhalten au\u00dferdem Zedernholzkugeln, um Ihre Schuhe frisch zu halten, einen zus\u00e4tzlichen Schuhl\u00f6ffel f\u00fcr einfaches Tragen und einen Aufbewahrungsbeutel, um alles ordentlich aufzubewahren. F\u00fchren Sie den Schuhdehner in Ihren Schuh ein.<\/span><i><span style=\"font-weight: 400\">und<\/span><\/i><span style=\"font-weight: 400\"> Ihre Schuhe mit einem intelligenten Kit!<\/span><\/p>\n<h2 style=\"text-align: center\">Wie Zu Benutzen<\/h2>\n<ol>\n<li style=\"font-weight: 400\"><span style=\"font-weight: 400\">F\u00fchren Sie den Schuhdehner in Ihren Schuh ein.<\/span><\/li>\n<li style=\"font-weight: 400\"><span style=\"font-weight: 400\">Drehen Sie das gro\u00dfe Rad, um den Schuh langsam zu dehnen.<\/span><\/li>\n<li style=\"font-weight: 400\"><span style=\"font-weight: 400\">F\u00fcgen Sie Druckentlastungsst\u00f6psel an den Stellen hinzu, die extra gedehnt werden m\u00fcssen.<\/span><\/li>\n<li style=\"font-weight: 400\"><span style=\"font-weight: 400\">Lassen Sie den Schuhdehner f\u00fcr einige Stunden oder \u00fcber Nacht drinnen, um beste Ergebnisse zu erzielen.<\/span><\/li>\n<li style=\"font-weight: 400\"><span style=\"font-weight: 400\">Genie\u00dfen Sie eine bessere, komfortablere Passform!<\/span><\/li>\n<\/ol>\n<h2 style=\"text-align: center\">Paket Enth\u00e4lt<\/h2>\n<ul>\n<li style=\"font-weight: 400\"><span style=\"font-weight: 400\">1x Holzschuhdehner<\/span><\/li>\n<li style=\"font-weight: 400\"><span style=\"font-weight: 400\">4x Druckentlastungsst\u00f6psel<\/span><\/li>\n<li style=\"font-weight: 400\"><span style=\"font-weight: 400\">1x Bonus-Schuhanzieher<\/span><\/li>\n<li style=\"font-weight: 400\"><span style=\"font-weight: 400\">1x Aufbewahrungsbeutel mit Kordelzug<\/span><\/li>\n<li style=\"font-weight: 400\"><span style=\"font-weight: 400\">Zedernholzkugeln f\u00fcr Frische.<\/span><\/li>\n<\/ul>\n","protected":false},"excerpt":{"rendered":"<p>Wir Stellen Den Schuhdehner Vor \u2013 Ihr Einfacher Weg Zu Komfort Und Perfekter Passform! Keine engen Schuhe mehr! Erzielen Sie [&hellip;]<\/p>\n","protected":false},"featured_media":20218,"comment_status":"open","ping_status":"closed","template":"","meta":{"site-sidebar-layout":"default","site-content-layout":"","ast-site-content-layout":"default","site-content-style":"default","site-sidebar-style":"default","ast-global-header-display":"","ast-banner-title-visibility":"","ast-main-header-display":"","ast-hfb-above-header-display":"","ast-hfb-below-header-display":"","ast-hfb-mobile-header-display":"","site-post-title":"","ast-breadcrumbs-content":"","ast-featured-img":"","footer-sml-layout":"","ast-disable-related-posts":"","theme-transparent-header-meta":"default","adv-header-id-meta":"","stick-header-meta":"","header-above-stick-meta":"","header-main-stick-meta":"","header-below-stick-meta":"","astra-migrate-meta-layouts":"set","ast-page-background-enabled":"default","ast-page-background-meta":{"desktop":{"background-color":"var(--ast-global-color-5)","background-image":"","background-repeat":"repeat","background-position":"center center","background-size":"auto","background-attachment":"scroll","background-type":"","background-media":"","overlay-type":"","overlay-color":"","overlay-opacity":"","overlay-gradient":""},"tablet":{"background-color":"","background-image":"","background-repeat":"repeat","background-position":"center center","background-size":"auto","background-attachment":"scroll","background-type":"","background-media":"","overlay-type":"","overlay-color":"","overlay-opacity":"","overlay-gradient":""},"mobile":{"background-color":"","background-image":"","background-repeat":"repeat","background-position":"center center","background-size":"auto","background-attachment":"scroll","background-type":"","background-media":"","overlay-type":"","overlay-color":"","overlay-opacity":"","overlay-gradient":""}},"ast-content-background-meta":{"desktop":{"background-color":"var(--ast-global-color-4)","background-image":"","background-repeat":"repeat","background-position":"center center","background-size":"auto","background-attachment":"scroll","background-type":"","background-media":"","overlay-type":"","overlay-color":"","overlay-opacity":"","overlay-gradient":""},"tablet":{"background-color":"var(--ast-global-color-4)","background-image":"","background-repeat":"repeat","background-position":"center center","background-size":"auto","background-attachment":"scroll","background-type":"","background-media":"","overlay-type":"","overlay-color":"","overlay-opacity":"","overlay-gradient":""},"mobile":{"background-color":"var(--ast-global-color-4)","background-image":"","background-repeat":"repeat","background-position":"center center","background-size":"auto","background-attachment":"scroll","background-type":"","background-media":"","overlay-type":"","overlay-color":"","overlay-opacity":"","overlay-gradient":""}}},"product_brand":[],"product_cat":[15],"product_tag":[],"class_list":{"0":"post-20222","1":"product","2":"type-product","3":"status-publish","4":"has-post-thumbnail","6":"product_cat-unkategorisiert","7":"pa_19220_9lfaer3n-l-42-46","8":"pa_19220_9lfaer3n-m-39-41","9":"desktop-align-left","10":"tablet-align-left","11":"mobile-align-left","13":"first","14":"instock","15":"shipping-taxable","16":"purchasable","17":"product-type-variable"},"yoast_head":"<!-- This site is optimized with the Yoast SEO plugin v27.4 - https:\/\/yoast.com\/product\/yoast-seo-wordpress\/ -->\n<title>Schuhdehner - Senbera DE<\/title>\n<meta name=\"robots\" content=\"index, follow, max-snippet:-1, max-image-preview:large, max-video-preview:-1\" \/>\n<link rel=\"canonical\" href=\"https:\/\/senbera.com\/de\/produkt\/schuhdehner\/\" \/>\n<meta property=\"og:locale\" content=\"de_DE\" \/>\n<meta property=\"og:type\" content=\"article\" \/>\n<meta property=\"og:title\" content=\"Schuhdehner - Senbera DE\" \/>\n<meta property=\"og:description\" content=\"Wir Stellen Den Schuhdehner Vor \u2013 Ihr Einfacher Weg Zu Komfort Und Perfekter Passform! Keine engen Schuhe mehr! Erzielen Sie [&hellip;]\" \/>\n<meta property=\"og:url\" content=\"https:\/\/senbera.com\/de\/produkt\/schuhdehner\/\" \/>\n<meta property=\"og:site_name\" content=\"Senbera DE\" \/>\n<meta property=\"article:modified_time\" content=\"2026-01-16T09:26:22+00:00\" \/>\n<meta name=\"twitter:card\" content=\"summary_large_image\" \/>\n<meta name=\"twitter:label1\" content=\"Gesch\u00e4tzte Lesezeit\" \/>\n\t<meta name=\"twitter:data1\" content=\"1\u00a0Minute\" \/>\n<script type=\"application\/ld+json\" class=\"yoast-schema-graph\">{\"@context\":\"https:\\\/\\\/schema.org\",\"@graph\":[{\"@type\":\"WebPage\",\"@id\":\"https:\\\/\\\/senbera.com\\\/de\\\/produkt\\\/schuhdehner\\\/\",\"url\":\"https:\\\/\\\/senbera.com\\\/de\\\/produkt\\\/schuhdehner\\\/\",\"name\":\"Schuhdehner - Senbera DE\",\"isPartOf\":{\"@id\":\"https:\\\/\\\/senbera.com\\\/de\\\/#website\"},\"primaryImageOfPage\":{\"@id\":\"https:\\\/\\\/senbera.com\\\/de\\\/produkt\\\/schuhdehner\\\/#primaryimage\"},\"image\":{\"@id\":\"https:\\\/\\\/senbera.com\\\/de\\\/produkt\\\/schuhdehner\\\/#primaryimage\"},\"thumbnailUrl\":\"https:\\\/\\\/senbera.com\\\/de\\\/wp-content\\\/uploads\\\/sites\\\/21\\\/2026\\\/01\\\/l3ycqmh-1.webp\",\"datePublished\":\"2026-01-16T09:26:15+00:00\",\"dateModified\":\"2026-01-16T09:26:22+00:00\",\"breadcrumb\":{\"@id\":\"https:\\\/\\\/senbera.com\\\/de\\\/produkt\\\/schuhdehner\\\/#breadcrumb\"},\"inLanguage\":\"de\",\"potentialAction\":[{\"@type\":\"ReadAction\",\"target\":[\"https:\\\/\\\/senbera.com\\\/de\\\/produkt\\\/schuhdehner\\\/\"]}]},{\"@type\":\"ImageObject\",\"inLanguage\":\"de\",\"@id\":\"https:\\\/\\\/senbera.com\\\/de\\\/produkt\\\/schuhdehner\\\/#primaryimage\",\"url\":\"https:\\\/\\\/senbera.com\\\/de\\\/wp-content\\\/uploads\\\/sites\\\/21\\\/2026\\\/01\\\/l3ycqmh-1.webp\",\"contentUrl\":\"https:\\\/\\\/senbera.com\\\/de\\\/wp-content\\\/uploads\\\/sites\\\/21\\\/2026\\\/01\\\/l3ycqmh-1.webp\",\"width\":720,\"height\":720},{\"@type\":\"BreadcrumbList\",\"@id\":\"https:\\\/\\\/senbera.com\\\/de\\\/produkt\\\/schuhdehner\\\/#breadcrumb\",\"itemListElement\":[{\"@type\":\"ListItem\",\"position\":1,\"name\":\"Home\",\"item\":\"https:\\\/\\\/senbera.com\\\/de\\\/\"},{\"@type\":\"ListItem\",\"position\":2,\"name\":\"Shop\",\"item\":\"https:\\\/\\\/senbera.com\\\/de\\\/shop\\\/\"},{\"@type\":\"ListItem\",\"position\":3,\"name\":\"Schuhdehner\"}]},{\"@type\":\"WebSite\",\"@id\":\"https:\\\/\\\/senbera.com\\\/de\\\/#website\",\"url\":\"https:\\\/\\\/senbera.com\\\/de\\\/\",\"name\":\"Senbera DE\",\"description\":\"\",\"publisher\":{\"@id\":\"https:\\\/\\\/senbera.com\\\/de\\\/#organization\"},\"potentialAction\":[{\"@type\":\"SearchAction\",\"target\":{\"@type\":\"EntryPoint\",\"urlTemplate\":\"https:\\\/\\\/senbera.com\\\/de\\\/?s={search_term_string}\"},\"query-input\":{\"@type\":\"PropertyValueSpecification\",\"valueRequired\":true,\"valueName\":\"search_term_string\"}}],\"inLanguage\":\"de\"},{\"@type\":\"Organization\",\"@id\":\"https:\\\/\\\/senbera.com\\\/de\\\/#organization\",\"name\":\"Mekulo\",\"url\":\"https:\\\/\\\/senbera.com\\\/de\\\/\",\"logo\":{\"@type\":\"ImageObject\",\"inLanguage\":\"de\",\"@id\":\"https:\\\/\\\/senbera.com\\\/de\\\/#\\\/schema\\\/logo\\\/image\\\/\",\"url\":\"https:\\\/\\\/senbera.com\\\/de\\\/wp-content\\\/uploads\\\/sites\\\/21\\\/2025\\\/12\\\/favicon_mekulo.png\",\"contentUrl\":\"https:\\\/\\\/senbera.com\\\/de\\\/wp-content\\\/uploads\\\/sites\\\/21\\\/2025\\\/12\\\/favicon_mekulo.png\",\"width\":50,\"height\":50,\"caption\":\"Mekulo\"},\"image\":{\"@id\":\"https:\\\/\\\/senbera.com\\\/de\\\/#\\\/schema\\\/logo\\\/image\\\/\"}}]}<\/script>\n<!-- \/ Yoast SEO plugin. -->","yoast_head_json":{"title":"Schuhdehner - Senbera DE","robots":{"index":"index","follow":"follow","max-snippet":"max-snippet:-1","max-image-preview":"max-image-preview:large","max-video-preview":"max-video-preview:-1"},"canonical":"https:\/\/senbera.com\/de\/produkt\/schuhdehner\/","og_locale":"de_DE","og_type":"article","og_title":"Schuhdehner - Senbera DE","og_description":"Wir Stellen Den Schuhdehner Vor \u2013 Ihr Einfacher Weg Zu Komfort Und Perfekter Passform! Keine engen Schuhe mehr! Erzielen Sie [&hellip;]","og_url":"https:\/\/senbera.com\/de\/produkt\/schuhdehner\/","og_site_name":"Senbera DE","article_modified_time":"2026-01-16T09:26:22+00:00","twitter_card":"summary_large_image","twitter_misc":{"Gesch\u00e4tzte Lesezeit":"1\u00a0Minute"},"schema":{"@context":"https:\/\/schema.org","@graph":[{"@type":"WebPage","@id":"https:\/\/senbera.com\/de\/produkt\/schuhdehner\/","url":"https:\/\/senbera.com\/de\/produkt\/schuhdehner\/","name":"Schuhdehner - Senbera DE","isPartOf":{"@id":"https:\/\/senbera.com\/de\/#website"},"primaryImageOfPage":{"@id":"https:\/\/senbera.com\/de\/produkt\/schuhdehner\/#primaryimage"},"image":{"@id":"https:\/\/senbera.com\/de\/produkt\/schuhdehner\/#primaryimage"},"thumbnailUrl":"https:\/\/senbera.com\/de\/wp-content\/uploads\/sites\/21\/2026\/01\/l3ycqmh-1.webp","datePublished":"2026-01-16T09:26:15+00:00","dateModified":"2026-01-16T09:26:22+00:00","breadcrumb":{"@id":"https:\/\/senbera.com\/de\/produkt\/schuhdehner\/#breadcrumb"},"inLanguage":"de","potentialAction":[{"@type":"ReadAction","target":["https:\/\/senbera.com\/de\/produkt\/schuhdehner\/"]}]},{"@type":"ImageObject","inLanguage":"de","@id":"https:\/\/senbera.com\/de\/produkt\/schuhdehner\/#primaryimage","url":"https:\/\/senbera.com\/de\/wp-content\/uploads\/sites\/21\/2026\/01\/l3ycqmh-1.webp","contentUrl":"https:\/\/senbera.com\/de\/wp-content\/uploads\/sites\/21\/2026\/01\/l3ycqmh-1.webp","width":720,"height":720},{"@type":"BreadcrumbList","@id":"https:\/\/senbera.com\/de\/produkt\/schuhdehner\/#breadcrumb","itemListElement":[{"@type":"ListItem","position":1,"name":"Home","item":"https:\/\/senbera.com\/de\/"},{"@type":"ListItem","position":2,"name":"Shop","item":"https:\/\/senbera.com\/de\/shop\/"},{"@type":"ListItem","position":3,"name":"Schuhdehner"}]},{"@type":"WebSite","@id":"https:\/\/senbera.com\/de\/#website","url":"https:\/\/senbera.com\/de\/","name":"Senbera DE","description":"","publisher":{"@id":"https:\/\/senbera.com\/de\/#organization"},"potentialAction":[{"@type":"SearchAction","target":{"@type":"EntryPoint","urlTemplate":"https:\/\/senbera.com\/de\/?s={search_term_string}"},"query-input":{"@type":"PropertyValueSpecification","valueRequired":true,"valueName":"search_term_string"}}],"inLanguage":"de"},{"@type":"Organization","@id":"https:\/\/senbera.com\/de\/#organization","name":"Mekulo","url":"https:\/\/senbera.com\/de\/","logo":{"@type":"ImageObject","inLanguage":"de","@id":"https:\/\/senbera.com\/de\/#\/schema\/logo\/image\/","url":"https:\/\/senbera.com\/de\/wp-content\/uploads\/sites\/21\/2025\/12\/favicon_mekulo.png","contentUrl":"https:\/\/senbera.com\/de\/wp-content\/uploads\/sites\/21\/2025\/12\/favicon_mekulo.png","width":50,"height":50,"caption":"Mekulo"},"image":{"@id":"https:\/\/senbera.com\/de\/#\/schema\/logo\/image\/"}}]}},"_links":{"self":[{"href":"https:\/\/senbera.com\/de\/wp-json\/wp\/v2\/product\/20222","targetHints":{"allow":["GET"]}}],"collection":[{"href":"https:\/\/senbera.com\/de\/wp-json\/wp\/v2\/product"}],"about":[{"href":"https:\/\/senbera.com\/de\/wp-json\/wp\/v2\/types\/product"}],"replies":[{"embeddable":true,"href":"https:\/\/senbera.com\/de\/wp-json\/wp\/v2\/comments?post=20222"}],"wp:featuredmedia":[{"embeddable":true,"href":"https:\/\/senbera.com\/de\/wp-json\/wp\/v2\/media\/20218"}],"wp:attachment":[{"href":"https:\/\/senbera.com\/de\/wp-json\/wp\/v2\/media?parent=20222"}],"wp:term":[{"taxonomy":"product_brand","embeddable":true,"href":"https:\/\/senbera.com\/de\/wp-json\/wp\/v2\/product_brand?post=20222"},{"taxonomy":"product_cat","embeddable":true,"href":"https:\/\/senbera.com\/de\/wp-json\/wp\/v2\/product_cat?post=20222"},{"taxonomy":"product_tag","embeddable":true,"href":"https:\/\/senbera.com\/de\/wp-json\/wp\/v2\/product_tag?post=20222"}],"curies":[{"name":"wp","href":"https:\/\/api.w.org\/{rel}","templated":true}]}}