{"id":20041,"date":"2026-01-16T11:12:32","date_gmt":"2026-01-16T09:12:32","guid":{"rendered":"https:\/\/senbera.com\/de\/produkt\/camping-seil\/"},"modified":"2026-01-16T11:14:05","modified_gmt":"2026-01-16T09:14:05","slug":"camping-seil","status":"publish","type":"product","link":"https:\/\/senbera.com\/de\/produkt\/camping-seil\/","title":{"rendered":"Camping-Seil"},"content":{"rendered":"<p style=\"text-align: center\"><b>Wir stellen das Campingseil vor &#8211; Ihr starker und sicherer Outdoor-Helfer, mit dem Sie Ihre Ausr\u00fcstung schnell und einfach sichern k\u00f6nnen.<\/b><\/p>\n<p style=\"text-align: center\"><span style=\"font-weight: 400\">Hauptvorteile<\/span><\/p>\n<p><img decoding=\"async\" class=\"alignnone size-full wp-image-16540 aligncenter\" src=\"https:\/\/keluvo.com\/template\/wp-content\/uploads\/sites\/5\/2025\/04\/CampingRope-ezgif.com-video-to-webp-converter.webp\" alt=\"\" \/><\/p>\n<h2 style=\"text-align: center\">Hauptvorteile<\/h2>\n<p>\u2705 Superstark und reflektierend &#8211; Dickes Seil, das nachts leuchtet, damit Sie nicht stolpern<\/p>\n<p>\u2705 Leicht zu spannen &#8211; Einfach am Seil ziehen und es bleibt an Ort und Stelle<\/p>\n<p>\u2705 Schnell zu l\u00f6sen &#8211; Mit dem Toggle-Twist-Design k\u00f6nnen Sie es in Sekundenschnelle einstellen<\/p>\n<p>\u2705 Extra sicher &#8211; Kommt mit 2 tragenden Schnallen, die auch bei starkem Wind halten<\/p>\n<p>\u2705 Perfekt f\u00fcr drau\u00dfen &#8211; Ideal f\u00fcr Zelte, Campingausr\u00fcstung, H\u00e4ngematten und mehr<\/p>\n<p><img decoding=\"async\" class=\"alignnone size-full wp-image-16511 aligncenter\" src=\"https:\/\/keluvo.com\/template\/wp-content\/uploads\/sites\/5\/2025\/04\/Sfc93bb92a2b1470ab06f093d51cd4576h.jpg_960x960q75.jpg_.jpeg\" alt=\"\" \/><\/p>\n<h2 style=\"text-align: center\">Extrem Stark!<\/h2>\n<p style=\"text-align: center\"><span style=\"font-weight: 400\">Das <\/span>camping rope<span style=\"font-weight: 400\"> gibt Ihnen St\u00e4rke und Sicherheit, wo immer Sie hingehen. Es besteht aus strapazierf\u00e4higem Nylon und einer starken Aluminiumlegierung und eignet sich perfekt zum Sichern Ihres Zelts, zum Aufh\u00e4ngen von Lichtern, zum Aufstellen von Planen und zum Sichern Ihrer Ausr\u00fcstung. Es l\u00e4sst sich leicht auf- und abbauen und leuchtet nachts hell, um Sie zu sch\u00fctzen. Egal, ob Sie wandern, zelten oder Spa\u00df im Garten haben, dieses Seil ist ein Muss!<\/span><\/p>\n<h2 style=\"text-align: center\">Wie Man Es Benutzt<\/h2>\n<ol>\n<li style=\"font-weight: 400\"><span style=\"font-weight: 400\">H\u00e4ngen Sie die Schnalle an Ihr Zelt, Tarp oder Ihre Ausr\u00fcstung.<\/span><span style=\"font-weight: 400\"><br \/>\n<\/span><\/li>\n<li style=\"font-weight: 400\"><span style=\"font-weight: 400\">Ziehen Sie das Seil leicht an, um es zu spannen.<\/span><span style=\"font-weight: 400\"><br \/>\n<\/span><\/li>\n<li style=\"font-weight: 400\"><span style=\"font-weight: 400\">Verwenden Sie den Knebel, um es zu l\u00f6sen oder einzustellen, wann immer Sie es brauchen.<\/span><span style=\"font-weight: 400\"><br \/>\n<\/span><\/li>\n<li style=\"font-weight: 400\"><span style=\"font-weight: 400\">Genie\u00dfen Sie ein sicheres, sicheres Setup in nur wenigen Sekunden!<\/span><\/li>\n<\/ol>\n<h2 style=\"text-align: center\">Paket Enth\u00e4lt<\/h2>\n<ul>\n<li style=\"font-weight: 400\"><span style=\"font-weight: 400\">1, 2, 4x Campingseil<\/span><span style=\"font-weight: 400\"><br \/>\n<\/span><\/li>\n<li style=\"font-weight: 400\"><span style=\"font-weight: 400\">2, 4, 8x tragende Schnallen.<\/span><\/li>\n<\/ul>\n<p>&nbsp;<\/p>\n","protected":false},"excerpt":{"rendered":"<p>Wir stellen das Campingseil vor &#8211; Ihr starker und sicherer Outdoor-Helfer, mit dem Sie Ihre Ausr\u00fcstung schnell und einfach sichern [&hellip;]<\/p>\n","protected":false},"featured_media":20037,"comment_status":"open","ping_status":"closed","template":"","meta":{"site-sidebar-layout":"default","site-content-layout":"","ast-site-content-layout":"default","site-content-style":"default","site-sidebar-style":"default","ast-global-header-display":"","ast-banner-title-visibility":"","ast-main-header-display":"","ast-hfb-above-header-display":"","ast-hfb-below-header-display":"","ast-hfb-mobile-header-display":"","site-post-title":"","ast-breadcrumbs-content":"","ast-featured-img":"","footer-sml-layout":"","theme-transparent-header-meta":"default","adv-header-id-meta":"","stick-header-meta":"","header-above-stick-meta":"","header-main-stick-meta":"","header-below-stick-meta":"","astra-migrate-meta-layouts":"set","ast-page-background-enabled":"default","ast-page-background-meta":{"desktop":{"background-color":"var(--ast-global-color-5)","background-image":"","background-repeat":"repeat","background-position":"center center","background-size":"auto","background-attachment":"scroll","background-type":"","background-media":"","overlay-type":"","overlay-color":"","overlay-opacity":"","overlay-gradient":""},"tablet":{"background-color":"","background-image":"","background-repeat":"repeat","background-position":"center center","background-size":"auto","background-attachment":"scroll","background-type":"","background-media":"","overlay-type":"","overlay-color":"","overlay-opacity":"","overlay-gradient":""},"mobile":{"background-color":"","background-image":"","background-repeat":"repeat","background-position":"center center","background-size":"auto","background-attachment":"scroll","background-type":"","background-media":"","overlay-type":"","overlay-color":"","overlay-opacity":"","overlay-gradient":""}},"ast-content-background-meta":{"desktop":{"background-color":"var(--ast-global-color-4)","background-image":"","background-repeat":"repeat","background-position":"center center","background-size":"auto","background-attachment":"scroll","background-type":"","background-media":"","overlay-type":"","overlay-color":"","overlay-opacity":"","overlay-gradient":""},"tablet":{"background-color":"var(--ast-global-color-4)","background-image":"","background-repeat":"repeat","background-position":"center center","background-size":"auto","background-attachment":"scroll","background-type":"","background-media":"","overlay-type":"","overlay-color":"","overlay-opacity":"","overlay-gradient":""},"mobile":{"background-color":"var(--ast-global-color-4)","background-image":"","background-repeat":"repeat","background-position":"center center","background-size":"auto","background-attachment":"scroll","background-type":"","background-media":"","overlay-type":"","overlay-color":"","overlay-opacity":"","overlay-gradient":""}}},"product_brand":[],"product_cat":[15],"product_tag":[],"class_list":{"0":"post-20041","1":"product","2":"type-product","3":"status-publish","4":"has-post-thumbnail","6":"product_cat-unkategorisiert","7":"pa_30366_6e46or5l-4m","8":"pa_30366_6e46or5l-5m","9":"pa_30366_gy0g2cj9-gruen","10":"pa_30366_gy0g2cj9-orange","11":"pa_30366_gy0g2cj9-rot","12":"pa_30366_gy0g2cj9-schwarz","13":"pa_30366_jg5ia4j5-1-stueck","14":"pa_30366_jg5ia4j5-2-stueck","15":"pa_30366_jg5ia4j5-4-stueck","16":"desktop-align-left","17":"tablet-align-left","18":"mobile-align-left","20":"first","21":"instock","22":"shipping-taxable","23":"purchasable","24":"product-type-variable","25":"has-default-attributes"},"yoast_head":"<!-- This site is optimized with the Yoast SEO plugin v26.6 - https:\/\/yoast.com\/wordpress\/plugins\/seo\/ -->\n<title>Camping-Seil - Senbera DE<\/title>\n<meta name=\"robots\" content=\"index, follow, max-snippet:-1, max-image-preview:large, max-video-preview:-1\" \/>\n<link rel=\"canonical\" href=\"https:\/\/senbera.com\/de\/produkt\/camping-seil\/\" \/>\n<meta property=\"og:locale\" content=\"de_DE\" \/>\n<meta property=\"og:type\" content=\"article\" \/>\n<meta property=\"og:title\" content=\"Camping-Seil - Senbera DE\" \/>\n<meta property=\"og:description\" content=\"Wir stellen das Campingseil vor &#8211; Ihr starker und sicherer Outdoor-Helfer, mit dem Sie Ihre Ausr\u00fcstung schnell und einfach sichern [&hellip;]\" \/>\n<meta property=\"og:url\" content=\"https:\/\/senbera.com\/de\/produkt\/camping-seil\/\" \/>\n<meta property=\"og:site_name\" content=\"Senbera DE\" \/>\n<meta property=\"article:modified_time\" content=\"2026-01-16T09:14:05+00:00\" \/>\n<meta name=\"twitter:card\" content=\"summary_large_image\" \/>\n<meta name=\"twitter:label1\" content=\"Gesch\u00e4tzte Lesezeit\" \/>\n\t<meta name=\"twitter:data1\" content=\"1\u00a0Minute\" \/>\n<script type=\"application\/ld+json\" class=\"yoast-schema-graph\">{\"@context\":\"https:\/\/schema.org\",\"@graph\":[{\"@type\":\"WebPage\",\"@id\":\"https:\/\/senbera.com\/de\/produkt\/camping-seil\/\",\"url\":\"https:\/\/senbera.com\/de\/produkt\/camping-seil\/\",\"name\":\"Camping-Seil - Senbera DE\",\"isPartOf\":{\"@id\":\"https:\/\/senbera.com\/de\/#website\"},\"primaryImageOfPage\":{\"@id\":\"https:\/\/senbera.com\/de\/produkt\/camping-seil\/#primaryimage\"},\"image\":{\"@id\":\"https:\/\/senbera.com\/de\/produkt\/camping-seil\/#primaryimage\"},\"thumbnailUrl\":\"https:\/\/senbera.com\/de\/wp-content\/uploads\/sites\/21\/2026\/01\/yeg4xa6-1.jpg\",\"datePublished\":\"2026-01-16T09:12:32+00:00\",\"dateModified\":\"2026-01-16T09:14:05+00:00\",\"breadcrumb\":{\"@id\":\"https:\/\/senbera.com\/de\/produkt\/camping-seil\/#breadcrumb\"},\"inLanguage\":\"de\",\"potentialAction\":[{\"@type\":\"ReadAction\",\"target\":[\"https:\/\/senbera.com\/de\/produkt\/camping-seil\/\"]}]},{\"@type\":\"ImageObject\",\"inLanguage\":\"de\",\"@id\":\"https:\/\/senbera.com\/de\/produkt\/camping-seil\/#primaryimage\",\"url\":\"https:\/\/senbera.com\/de\/wp-content\/uploads\/sites\/21\/2026\/01\/yeg4xa6-1.jpg\",\"contentUrl\":\"https:\/\/senbera.com\/de\/wp-content\/uploads\/sites\/21\/2026\/01\/yeg4xa6-1.jpg\",\"width\":960,\"height\":960},{\"@type\":\"BreadcrumbList\",\"@id\":\"https:\/\/senbera.com\/de\/produkt\/camping-seil\/#breadcrumb\",\"itemListElement\":[{\"@type\":\"ListItem\",\"position\":1,\"name\":\"Home\",\"item\":\"https:\/\/senbera.com\/de\/\"},{\"@type\":\"ListItem\",\"position\":2,\"name\":\"Shop\",\"item\":\"https:\/\/senbera.com\/de\/shop\/\"},{\"@type\":\"ListItem\",\"position\":3,\"name\":\"Camping-Seil\"}]},{\"@type\":\"WebSite\",\"@id\":\"https:\/\/senbera.com\/de\/#website\",\"url\":\"https:\/\/senbera.com\/de\/\",\"name\":\"Senbera DE\",\"description\":\"\",\"publisher\":{\"@id\":\"https:\/\/senbera.com\/de\/#organization\"},\"potentialAction\":[{\"@type\":\"SearchAction\",\"target\":{\"@type\":\"EntryPoint\",\"urlTemplate\":\"https:\/\/senbera.com\/de\/?s={search_term_string}\"},\"query-input\":{\"@type\":\"PropertyValueSpecification\",\"valueRequired\":true,\"valueName\":\"search_term_string\"}}],\"inLanguage\":\"de\"},{\"@type\":\"Organization\",\"@id\":\"https:\/\/senbera.com\/de\/#organization\",\"name\":\"Mekulo\",\"url\":\"https:\/\/senbera.com\/de\/\",\"logo\":{\"@type\":\"ImageObject\",\"inLanguage\":\"de\",\"@id\":\"https:\/\/senbera.com\/de\/#\/schema\/logo\/image\/\",\"url\":\"https:\/\/senbera.com\/de\/wp-content\/uploads\/sites\/21\/2025\/12\/favicon_mekulo.png\",\"contentUrl\":\"https:\/\/senbera.com\/de\/wp-content\/uploads\/sites\/21\/2025\/12\/favicon_mekulo.png\",\"width\":50,\"height\":50,\"caption\":\"Mekulo\"},\"image\":{\"@id\":\"https:\/\/senbera.com\/de\/#\/schema\/logo\/image\/\"}}]}<\/script>\n<!-- \/ Yoast SEO plugin. -->","yoast_head_json":{"title":"Camping-Seil - Senbera DE","robots":{"index":"index","follow":"follow","max-snippet":"max-snippet:-1","max-image-preview":"max-image-preview:large","max-video-preview":"max-video-preview:-1"},"canonical":"https:\/\/senbera.com\/de\/produkt\/camping-seil\/","og_locale":"de_DE","og_type":"article","og_title":"Camping-Seil - Senbera DE","og_description":"Wir stellen das Campingseil vor &#8211; Ihr starker und sicherer Outdoor-Helfer, mit dem Sie Ihre Ausr\u00fcstung schnell und einfach sichern [&hellip;]","og_url":"https:\/\/senbera.com\/de\/produkt\/camping-seil\/","og_site_name":"Senbera DE","article_modified_time":"2026-01-16T09:14:05+00:00","twitter_card":"summary_large_image","twitter_misc":{"Gesch\u00e4tzte Lesezeit":"1\u00a0Minute"},"schema":{"@context":"https:\/\/schema.org","@graph":[{"@type":"WebPage","@id":"https:\/\/senbera.com\/de\/produkt\/camping-seil\/","url":"https:\/\/senbera.com\/de\/produkt\/camping-seil\/","name":"Camping-Seil - Senbera DE","isPartOf":{"@id":"https:\/\/senbera.com\/de\/#website"},"primaryImageOfPage":{"@id":"https:\/\/senbera.com\/de\/produkt\/camping-seil\/#primaryimage"},"image":{"@id":"https:\/\/senbera.com\/de\/produkt\/camping-seil\/#primaryimage"},"thumbnailUrl":"https:\/\/senbera.com\/de\/wp-content\/uploads\/sites\/21\/2026\/01\/yeg4xa6-1.jpg","datePublished":"2026-01-16T09:12:32+00:00","dateModified":"2026-01-16T09:14:05+00:00","breadcrumb":{"@id":"https:\/\/senbera.com\/de\/produkt\/camping-seil\/#breadcrumb"},"inLanguage":"de","potentialAction":[{"@type":"ReadAction","target":["https:\/\/senbera.com\/de\/produkt\/camping-seil\/"]}]},{"@type":"ImageObject","inLanguage":"de","@id":"https:\/\/senbera.com\/de\/produkt\/camping-seil\/#primaryimage","url":"https:\/\/senbera.com\/de\/wp-content\/uploads\/sites\/21\/2026\/01\/yeg4xa6-1.jpg","contentUrl":"https:\/\/senbera.com\/de\/wp-content\/uploads\/sites\/21\/2026\/01\/yeg4xa6-1.jpg","width":960,"height":960},{"@type":"BreadcrumbList","@id":"https:\/\/senbera.com\/de\/produkt\/camping-seil\/#breadcrumb","itemListElement":[{"@type":"ListItem","position":1,"name":"Home","item":"https:\/\/senbera.com\/de\/"},{"@type":"ListItem","position":2,"name":"Shop","item":"https:\/\/senbera.com\/de\/shop\/"},{"@type":"ListItem","position":3,"name":"Camping-Seil"}]},{"@type":"WebSite","@id":"https:\/\/senbera.com\/de\/#website","url":"https:\/\/senbera.com\/de\/","name":"Senbera DE","description":"","publisher":{"@id":"https:\/\/senbera.com\/de\/#organization"},"potentialAction":[{"@type":"SearchAction","target":{"@type":"EntryPoint","urlTemplate":"https:\/\/senbera.com\/de\/?s={search_term_string}"},"query-input":{"@type":"PropertyValueSpecification","valueRequired":true,"valueName":"search_term_string"}}],"inLanguage":"de"},{"@type":"Organization","@id":"https:\/\/senbera.com\/de\/#organization","name":"Mekulo","url":"https:\/\/senbera.com\/de\/","logo":{"@type":"ImageObject","inLanguage":"de","@id":"https:\/\/senbera.com\/de\/#\/schema\/logo\/image\/","url":"https:\/\/senbera.com\/de\/wp-content\/uploads\/sites\/21\/2025\/12\/favicon_mekulo.png","contentUrl":"https:\/\/senbera.com\/de\/wp-content\/uploads\/sites\/21\/2025\/12\/favicon_mekulo.png","width":50,"height":50,"caption":"Mekulo"},"image":{"@id":"https:\/\/senbera.com\/de\/#\/schema\/logo\/image\/"}}]}},"_links":{"self":[{"href":"https:\/\/senbera.com\/de\/wp-json\/wp\/v2\/product\/20041","targetHints":{"allow":["GET"]}}],"collection":[{"href":"https:\/\/senbera.com\/de\/wp-json\/wp\/v2\/product"}],"about":[{"href":"https:\/\/senbera.com\/de\/wp-json\/wp\/v2\/types\/product"}],"replies":[{"embeddable":true,"href":"https:\/\/senbera.com\/de\/wp-json\/wp\/v2\/comments?post=20041"}],"wp:featuredmedia":[{"embeddable":true,"href":"https:\/\/senbera.com\/de\/wp-json\/wp\/v2\/media\/20037"}],"wp:attachment":[{"href":"https:\/\/senbera.com\/de\/wp-json\/wp\/v2\/media?parent=20041"}],"wp:term":[{"taxonomy":"product_brand","embeddable":true,"href":"https:\/\/senbera.com\/de\/wp-json\/wp\/v2\/product_brand?post=20041"},{"taxonomy":"product_cat","embeddable":true,"href":"https:\/\/senbera.com\/de\/wp-json\/wp\/v2\/product_cat?post=20041"},{"taxonomy":"product_tag","embeddable":true,"href":"https:\/\/senbera.com\/de\/wp-json\/wp\/v2\/product_tag?post=20041"}],"curies":[{"name":"wp","href":"https:\/\/api.w.org\/{rel}","templated":true}]}}