{"id":20013,"date":"2026-01-16T11:09:13","date_gmt":"2026-01-16T09:09:13","guid":{"rendered":"https:\/\/senbera.com\/de\/produkt\/badespielzeug\/"},"modified":"2026-01-16T11:09:31","modified_gmt":"2026-01-16T09:09:31","slug":"badespielzeug","status":"publish","type":"product","link":"https:\/\/senbera.com\/de\/produkt\/badespielzeug\/","title":{"rendered":"Badespielzeug"},"content":{"rendered":"<p style=\"text-align: center\"><strong>Mit Dem Lustigen Badespielzeug Wird Jedes Bad Zu Einem Planschvergn\u00fcgen! \ud83d\udec1<\/strong><\/p>\n<p style=\"text-align: center\"><span style=\"font-weight: 400\">Spritzen, spritzen und l\u00e4cheln bei jedem Bad.<\/span><\/p>\n<p><img decoding=\"async\" class=\"alignnone size-full wp-image-16270 aligncenter\" src=\"https:\/\/keluvo.com\/template\/wp-content\/uploads\/sites\/5\/2025\/04\/Bathtoy-ezgif.com-video-to-webp-converter-1.webp\" alt=\"\" \/><\/p>\n<h2 style=\"text-align: center\">Hauptvorteile<\/h2>\n<p><span style=\"font-weight: 400\">\u2705 <strong>Lustig Und Verspielt<\/strong> \u2013 niedliche Entenk\u00fcken, Pinguine und Dinosaurier spritzen Wasser und springen in und aus ihren Eiern<\/span><\/p>\n<p><span style=\"font-weight: 400\">\u2705 <strong>Sicher Und Langlebig<\/strong> \u2013 aus robustem, umweltfreundlichem Abs-Kunststoff hergestellt, perfekt f\u00fcr den t\u00e4glichen Badespa\u00df<\/span><\/p>\n<p><span style=\"font-weight: 400\">\u2705 <strong>F\u00fcr Jungen Und M\u00e4dchen<\/strong> \u2013 helles, lustiges Design, das jedes Kind lieben wird<\/span><\/p>\n<p><span style=\"font-weight: 400\">\u2705 <strong>F\u00f6rdert Die Motorischen F\u00e4higkeiten<\/strong> \u2013 ideal f\u00fcr Kinder im Alter von 12 Monaten bis 6 Jahren, um die Hand-Augen-Koordination zu trainieren und dabei Spa\u00df zu haben<\/span><\/p>\n<p><span style=\"font-weight: 400\">\u2705 <strong>Einfach Zu Verwenden<\/strong> \u2013 tauchen Sie das Ei ins Wasser und beobachten Sie, wie die Magie passiert, ohne komplizierte Einstellungen!<\/span><\/p>\n<p><img decoding=\"async\" class=\"alignnone size-full wp-image-16271 aligncenter\" src=\"https:\/\/keluvo.com\/template\/wp-content\/uploads\/sites\/5\/2025\/04\/Hedb30ae0d8a2424faf6aa8f2d9256b33J.jpg_960x960q75.jpg_.jpeg\" alt=\"\" \/><\/p>\n<h2 style=\"text-align: center\">Hauptangebot<\/h2>\n<p style=\"text-align: center\"><span style=\"font-weight: 400\">Das lustige Badespielzeug ist der perfekte Kumpel f\u00fcr die Badezeit! Tauchen Sie das Ei einfach ins Wasser &#8211; und lassen Sie sich \u00fcberraschen! Das niedliche Entlein, der Pinguin oder der Dinosaurier springt heraus und spritzt Wasser. Das macht nicht nur Spa\u00df, sondern hilft Ihrem Kind auch, das Baden zu genie\u00dfen, seine motorischen F\u00e4higkeiten zu verbessern und zu lachen, w\u00e4hrend es sauber wird.<\/span><\/p>\n<h2 style=\"text-align: center\">How to use<\/h2>\n<ul>\n<li><span style=\"font-weight: 400\">F\u00fcllen Sie die Badewanne oder das Schwimmbecken mit Wasser.<\/span><\/li>\n<li><span style=\"font-weight: 400\">Tauchen Sie das ganze Ei in das Wasser ein.<\/span><\/li>\n<li><span style=\"font-weight: 400\">Beobachten Sie, wie das niedliche Tier herausspringt und Wasser verspr\u00fcht.<\/span><\/li>\n<li><span style=\"font-weight: 400\">Heben Sie das Ei an &#8211; das Wasser l\u00e4uft ab und das Tier versteckt sich wieder in der Schale.<\/span><\/li>\n<li><span style=\"font-weight: 400\">Press the head underwater to make it spray even more!<\/span><\/li>\n<\/ul>\n<h2 style=\"text-align: center\">Package includes<\/h2>\n<ul>\n<li style=\"font-weight: 400\"><span style=\"font-weight: 400\">1x bath toy.<\/span><\/li>\n<\/ul>\n","protected":false},"excerpt":{"rendered":"<p>Mit Dem Lustigen Badespielzeug Wird Jedes Bad Zu Einem Planschvergn\u00fcgen! \ud83d\udec1 Spritzen, spritzen und l\u00e4cheln bei jedem Bad. Hauptvorteile \u2705 [&hellip;]<\/p>\n","protected":false},"featured_media":20009,"comment_status":"open","ping_status":"closed","template":"","meta":{"site-sidebar-layout":"default","site-content-layout":"","ast-site-content-layout":"default","site-content-style":"default","site-sidebar-style":"default","ast-global-header-display":"","ast-banner-title-visibility":"","ast-main-header-display":"","ast-hfb-above-header-display":"","ast-hfb-below-header-display":"","ast-hfb-mobile-header-display":"","site-post-title":"","ast-breadcrumbs-content":"","ast-featured-img":"","footer-sml-layout":"","theme-transparent-header-meta":"default","adv-header-id-meta":"","stick-header-meta":"","header-above-stick-meta":"","header-main-stick-meta":"","header-below-stick-meta":"","astra-migrate-meta-layouts":"set","ast-page-background-enabled":"default","ast-page-background-meta":{"desktop":{"background-color":"var(--ast-global-color-5)","background-image":"","background-repeat":"repeat","background-position":"center center","background-size":"auto","background-attachment":"scroll","background-type":"","background-media":"","overlay-type":"","overlay-color":"","overlay-opacity":"","overlay-gradient":""},"tablet":{"background-color":"","background-image":"","background-repeat":"repeat","background-position":"center center","background-size":"auto","background-attachment":"scroll","background-type":"","background-media":"","overlay-type":"","overlay-color":"","overlay-opacity":"","overlay-gradient":""},"mobile":{"background-color":"","background-image":"","background-repeat":"repeat","background-position":"center center","background-size":"auto","background-attachment":"scroll","background-type":"","background-media":"","overlay-type":"","overlay-color":"","overlay-opacity":"","overlay-gradient":""}},"ast-content-background-meta":{"desktop":{"background-color":"var(--ast-global-color-4)","background-image":"","background-repeat":"repeat","background-position":"center center","background-size":"auto","background-attachment":"scroll","background-type":"","background-media":"","overlay-type":"","overlay-color":"","overlay-opacity":"","overlay-gradient":""},"tablet":{"background-color":"var(--ast-global-color-4)","background-image":"","background-repeat":"repeat","background-position":"center center","background-size":"auto","background-attachment":"scroll","background-type":"","background-media":"","overlay-type":"","overlay-color":"","overlay-opacity":"","overlay-gradient":""},"mobile":{"background-color":"var(--ast-global-color-4)","background-image":"","background-repeat":"repeat","background-position":"center center","background-size":"auto","background-attachment":"scroll","background-type":"","background-media":"","overlay-type":"","overlay-color":"","overlay-opacity":"","overlay-gradient":""}}},"product_brand":[],"product_cat":[15],"product_tag":[],"class_list":{"0":"post-20013","1":"product","2":"type-product","3":"status-publish","4":"has-post-thumbnail","6":"product_cat-unkategorisiert","7":"pa_19396_40lrpah6-blau","8":"pa_19396_40lrpah6-gelb","9":"pa_19396_40lrpah6-rosa","10":"pa_19396_40lrpah6-rot","11":"pa_19396_40lrpah6-schwarz","12":"desktop-align-left","13":"tablet-align-left","14":"mobile-align-left","16":"first","17":"instock","18":"shipping-taxable","19":"purchasable","20":"product-type-variable"},"yoast_head":"<!-- This site is optimized with the Yoast SEO plugin v26.6 - https:\/\/yoast.com\/wordpress\/plugins\/seo\/ -->\n<title>Badespielzeug - Senbera DE<\/title>\n<meta name=\"robots\" content=\"index, follow, max-snippet:-1, max-image-preview:large, max-video-preview:-1\" \/>\n<link rel=\"canonical\" href=\"https:\/\/senbera.com\/de\/produkt\/badespielzeug\/\" \/>\n<meta property=\"og:locale\" content=\"de_DE\" \/>\n<meta property=\"og:type\" content=\"article\" \/>\n<meta property=\"og:title\" content=\"Badespielzeug - Senbera DE\" \/>\n<meta property=\"og:description\" content=\"Mit Dem Lustigen Badespielzeug Wird Jedes Bad Zu Einem Planschvergn\u00fcgen! \ud83d\udec1 Spritzen, spritzen und l\u00e4cheln bei jedem Bad. Hauptvorteile \u2705 [&hellip;]\" \/>\n<meta property=\"og:url\" content=\"https:\/\/senbera.com\/de\/produkt\/badespielzeug\/\" \/>\n<meta property=\"og:site_name\" content=\"Senbera DE\" \/>\n<meta property=\"article:modified_time\" content=\"2026-01-16T09:09:31+00:00\" \/>\n<meta name=\"twitter:card\" content=\"summary_large_image\" \/>\n<meta name=\"twitter:label1\" content=\"Gesch\u00e4tzte Lesezeit\" \/>\n\t<meta name=\"twitter:data1\" content=\"1\u00a0Minute\" \/>\n<script type=\"application\/ld+json\" class=\"yoast-schema-graph\">{\"@context\":\"https:\/\/schema.org\",\"@graph\":[{\"@type\":\"WebPage\",\"@id\":\"https:\/\/senbera.com\/de\/produkt\/badespielzeug\/\",\"url\":\"https:\/\/senbera.com\/de\/produkt\/badespielzeug\/\",\"name\":\"Badespielzeug - Senbera DE\",\"isPartOf\":{\"@id\":\"https:\/\/senbera.com\/de\/#website\"},\"primaryImageOfPage\":{\"@id\":\"https:\/\/senbera.com\/de\/produkt\/badespielzeug\/#primaryimage\"},\"image\":{\"@id\":\"https:\/\/senbera.com\/de\/produkt\/badespielzeug\/#primaryimage\"},\"thumbnailUrl\":\"https:\/\/senbera.com\/de\/wp-content\/uploads\/sites\/21\/2026\/01\/5qq40bq-1.jpeg\",\"datePublished\":\"2026-01-16T09:09:13+00:00\",\"dateModified\":\"2026-01-16T09:09:31+00:00\",\"breadcrumb\":{\"@id\":\"https:\/\/senbera.com\/de\/produkt\/badespielzeug\/#breadcrumb\"},\"inLanguage\":\"de\",\"potentialAction\":[{\"@type\":\"ReadAction\",\"target\":[\"https:\/\/senbera.com\/de\/produkt\/badespielzeug\/\"]}]},{\"@type\":\"ImageObject\",\"inLanguage\":\"de\",\"@id\":\"https:\/\/senbera.com\/de\/produkt\/badespielzeug\/#primaryimage\",\"url\":\"https:\/\/senbera.com\/de\/wp-content\/uploads\/sites\/21\/2026\/01\/5qq40bq-1.jpeg\",\"contentUrl\":\"https:\/\/senbera.com\/de\/wp-content\/uploads\/sites\/21\/2026\/01\/5qq40bq-1.jpeg\",\"width\":800,\"height\":800},{\"@type\":\"BreadcrumbList\",\"@id\":\"https:\/\/senbera.com\/de\/produkt\/badespielzeug\/#breadcrumb\",\"itemListElement\":[{\"@type\":\"ListItem\",\"position\":1,\"name\":\"Home\",\"item\":\"https:\/\/senbera.com\/de\/\"},{\"@type\":\"ListItem\",\"position\":2,\"name\":\"Shop\",\"item\":\"https:\/\/senbera.com\/de\/shop\/\"},{\"@type\":\"ListItem\",\"position\":3,\"name\":\"Badespielzeug\"}]},{\"@type\":\"WebSite\",\"@id\":\"https:\/\/senbera.com\/de\/#website\",\"url\":\"https:\/\/senbera.com\/de\/\",\"name\":\"Senbera DE\",\"description\":\"\",\"publisher\":{\"@id\":\"https:\/\/senbera.com\/de\/#organization\"},\"potentialAction\":[{\"@type\":\"SearchAction\",\"target\":{\"@type\":\"EntryPoint\",\"urlTemplate\":\"https:\/\/senbera.com\/de\/?s={search_term_string}\"},\"query-input\":{\"@type\":\"PropertyValueSpecification\",\"valueRequired\":true,\"valueName\":\"search_term_string\"}}],\"inLanguage\":\"de\"},{\"@type\":\"Organization\",\"@id\":\"https:\/\/senbera.com\/de\/#organization\",\"name\":\"Mekulo\",\"url\":\"https:\/\/senbera.com\/de\/\",\"logo\":{\"@type\":\"ImageObject\",\"inLanguage\":\"de\",\"@id\":\"https:\/\/senbera.com\/de\/#\/schema\/logo\/image\/\",\"url\":\"https:\/\/senbera.com\/de\/wp-content\/uploads\/sites\/21\/2025\/12\/favicon_mekulo.png\",\"contentUrl\":\"https:\/\/senbera.com\/de\/wp-content\/uploads\/sites\/21\/2025\/12\/favicon_mekulo.png\",\"width\":50,\"height\":50,\"caption\":\"Mekulo\"},\"image\":{\"@id\":\"https:\/\/senbera.com\/de\/#\/schema\/logo\/image\/\"}}]}<\/script>\n<!-- \/ Yoast SEO plugin. -->","yoast_head_json":{"title":"Badespielzeug - Senbera DE","robots":{"index":"index","follow":"follow","max-snippet":"max-snippet:-1","max-image-preview":"max-image-preview:large","max-video-preview":"max-video-preview:-1"},"canonical":"https:\/\/senbera.com\/de\/produkt\/badespielzeug\/","og_locale":"de_DE","og_type":"article","og_title":"Badespielzeug - Senbera DE","og_description":"Mit Dem Lustigen Badespielzeug Wird Jedes Bad Zu Einem Planschvergn\u00fcgen! \ud83d\udec1 Spritzen, spritzen und l\u00e4cheln bei jedem Bad. Hauptvorteile \u2705 [&hellip;]","og_url":"https:\/\/senbera.com\/de\/produkt\/badespielzeug\/","og_site_name":"Senbera DE","article_modified_time":"2026-01-16T09:09:31+00:00","twitter_card":"summary_large_image","twitter_misc":{"Gesch\u00e4tzte Lesezeit":"1\u00a0Minute"},"schema":{"@context":"https:\/\/schema.org","@graph":[{"@type":"WebPage","@id":"https:\/\/senbera.com\/de\/produkt\/badespielzeug\/","url":"https:\/\/senbera.com\/de\/produkt\/badespielzeug\/","name":"Badespielzeug - Senbera DE","isPartOf":{"@id":"https:\/\/senbera.com\/de\/#website"},"primaryImageOfPage":{"@id":"https:\/\/senbera.com\/de\/produkt\/badespielzeug\/#primaryimage"},"image":{"@id":"https:\/\/senbera.com\/de\/produkt\/badespielzeug\/#primaryimage"},"thumbnailUrl":"https:\/\/senbera.com\/de\/wp-content\/uploads\/sites\/21\/2026\/01\/5qq40bq-1.jpeg","datePublished":"2026-01-16T09:09:13+00:00","dateModified":"2026-01-16T09:09:31+00:00","breadcrumb":{"@id":"https:\/\/senbera.com\/de\/produkt\/badespielzeug\/#breadcrumb"},"inLanguage":"de","potentialAction":[{"@type":"ReadAction","target":["https:\/\/senbera.com\/de\/produkt\/badespielzeug\/"]}]},{"@type":"ImageObject","inLanguage":"de","@id":"https:\/\/senbera.com\/de\/produkt\/badespielzeug\/#primaryimage","url":"https:\/\/senbera.com\/de\/wp-content\/uploads\/sites\/21\/2026\/01\/5qq40bq-1.jpeg","contentUrl":"https:\/\/senbera.com\/de\/wp-content\/uploads\/sites\/21\/2026\/01\/5qq40bq-1.jpeg","width":800,"height":800},{"@type":"BreadcrumbList","@id":"https:\/\/senbera.com\/de\/produkt\/badespielzeug\/#breadcrumb","itemListElement":[{"@type":"ListItem","position":1,"name":"Home","item":"https:\/\/senbera.com\/de\/"},{"@type":"ListItem","position":2,"name":"Shop","item":"https:\/\/senbera.com\/de\/shop\/"},{"@type":"ListItem","position":3,"name":"Badespielzeug"}]},{"@type":"WebSite","@id":"https:\/\/senbera.com\/de\/#website","url":"https:\/\/senbera.com\/de\/","name":"Senbera DE","description":"","publisher":{"@id":"https:\/\/senbera.com\/de\/#organization"},"potentialAction":[{"@type":"SearchAction","target":{"@type":"EntryPoint","urlTemplate":"https:\/\/senbera.com\/de\/?s={search_term_string}"},"query-input":{"@type":"PropertyValueSpecification","valueRequired":true,"valueName":"search_term_string"}}],"inLanguage":"de"},{"@type":"Organization","@id":"https:\/\/senbera.com\/de\/#organization","name":"Mekulo","url":"https:\/\/senbera.com\/de\/","logo":{"@type":"ImageObject","inLanguage":"de","@id":"https:\/\/senbera.com\/de\/#\/schema\/logo\/image\/","url":"https:\/\/senbera.com\/de\/wp-content\/uploads\/sites\/21\/2025\/12\/favicon_mekulo.png","contentUrl":"https:\/\/senbera.com\/de\/wp-content\/uploads\/sites\/21\/2025\/12\/favicon_mekulo.png","width":50,"height":50,"caption":"Mekulo"},"image":{"@id":"https:\/\/senbera.com\/de\/#\/schema\/logo\/image\/"}}]}},"_links":{"self":[{"href":"https:\/\/senbera.com\/de\/wp-json\/wp\/v2\/product\/20013","targetHints":{"allow":["GET"]}}],"collection":[{"href":"https:\/\/senbera.com\/de\/wp-json\/wp\/v2\/product"}],"about":[{"href":"https:\/\/senbera.com\/de\/wp-json\/wp\/v2\/types\/product"}],"replies":[{"embeddable":true,"href":"https:\/\/senbera.com\/de\/wp-json\/wp\/v2\/comments?post=20013"}],"wp:featuredmedia":[{"embeddable":true,"href":"https:\/\/senbera.com\/de\/wp-json\/wp\/v2\/media\/20009"}],"wp:attachment":[{"href":"https:\/\/senbera.com\/de\/wp-json\/wp\/v2\/media?parent=20013"}],"wp:term":[{"taxonomy":"product_brand","embeddable":true,"href":"https:\/\/senbera.com\/de\/wp-json\/wp\/v2\/product_brand?post=20013"},{"taxonomy":"product_cat","embeddable":true,"href":"https:\/\/senbera.com\/de\/wp-json\/wp\/v2\/product_cat?post=20013"},{"taxonomy":"product_tag","embeddable":true,"href":"https:\/\/senbera.com\/de\/wp-json\/wp\/v2\/product_tag?post=20013"}],"curies":[{"name":"wp","href":"https:\/\/api.w.org\/{rel}","templated":true}]}}