{"id":19996,"date":"2026-01-16T11:07:36","date_gmt":"2026-01-16T09:07:36","guid":{"rendered":"https:\/\/senbera.com\/de\/produkt\/telefonhalter\/"},"modified":"2026-01-16T11:07:50","modified_gmt":"2026-01-16T09:07:50","slug":"telefonhalter","status":"publish","type":"product","link":"https:\/\/senbera.com\/de\/produkt\/telefonhalter\/","title":{"rendered":"Telefonhalter"},"content":{"rendered":"<p style=\"text-align: center\"><strong>Der Niedliche Raupen-Telefonhalter Ist Ein Lustiger Und Flexibler Helfer<\/strong><\/p>\n<p style=\"text-align: center\"><span style=\"font-weight: 400\">Mit dem Sie Ihr Telefon nicht mehr fallen lassen oder verlieren. Halten Sie es sicher und handlich mit diesem niedlichen und intelligenten Halter!<\/span><\/p>\n<p><img decoding=\"async\" class=\"size-full wp-image-16221 aligncenter\" src=\"https:\/\/keluvo.com\/template\/wp-content\/uploads\/sites\/5\/2025\/04\/caterpilar-ezgif.com-video-to-webp-converter.webp\" alt=\"\" \/><\/p>\n<h2 style=\"text-align: center\">Hauptvorteile<\/h2>\n<p><span style=\"font-weight: 400\">\u2705 <\/span><b>Lustig und flexibel<\/b><span style=\"font-weight: 400\"> \u2013 Biegt und formt sich, um Ihr Telefon \u00fcberall zu halten, wo Sie es brauchen<\/span><\/p>\n<p><span style=\"font-weight: 400\"> \u2705 <\/span><b>Starker und sicherer Halt<\/b><span style=\"font-weight: 400\"> \u2013 Leistungsstarke Saugn\u00e4pfe haften an Schreibtischen, W\u00e4nden, Fahrr\u00e4dern und mehr<\/span><\/p>\n<p><span style=\"font-weight: 400\"> \u2705 <\/span><b>Langlebiges Design<\/b><span style=\"font-weight: 400\"> \u2013 Hergestellt aus robustem Silikon, das Hitze bis zu 105\u2103 aushalten kann<\/span><\/p>\n<p><span style=\"font-weight: 400\"> \u2705 <\/span><b>Einfach zu tragen<\/b><span style=\"font-weight: 400\"> \u2013 Leicht und perfekt f\u00fcr den Einsatz zu Hause, bei der Arbeit oder unterwegs<\/span><\/p>\n<p><span style=\"font-weight: 400\"> \u2705 <\/span><b>Funktioniert f\u00fcr viele Zwecke<\/b><span style=\"font-weight: 400\"> \u2013 Videos ansehen, Anrufe t\u00e4tigen, GPS verwenden \u2013 freih\u00e4ndig und einfach!<\/span><\/p>\n<p><img decoding=\"async\" class=\"size-full wp-image-16210 aligncenter\" src=\"https:\/\/keluvo.com\/template\/wp-content\/uploads\/sites\/5\/2025\/04\/f61dbd6d-9717-4315-9f4c-334f9123315c.webp\" alt=\"\" \/><\/p>\n<h2 style=\"text-align: center\">Der Perfekte Kumpel F\u00fcr Ihr Handy!<\/h2>\n<p style=\"text-align: center\"><span style=\"font-weight: 400\">Die s\u00fc\u00dfe Raupe ist der perfekte Kumpel f\u00fcr Ihr Handy! Egal, ob Sie sich zu Hause entspannen, mit dem Fahrrad fahren oder am Schreibtisch arbeiten, mit diesem cleveren kleinen Halter haben Sie Ihr Handy immer genau dort, wo Sie es brauchen. Au\u00dferdem sorgt die verspielte Raupenform f\u00fcr einen lustigen Touch im Alltag.<\/span><\/p>\n<h2 style=\"text-align: center\">Wie Zu Benutzen<\/h2>\n<ol>\n<li style=\"font-weight: 400\"><span style=\"font-weight: 400\">W\u00e4hlen Sie den Ort, an dem Sie Ihr Telefon halten m\u00f6chten (Schreibtisch, Wand, Fahrrad, etc.).<\/span><\/li>\n<li style=\"font-weight: 400\"><span style=\"font-weight: 400\">Kleben Sie die Saugn\u00e4pfe fest an die Oberfl\u00e4che.<\/span><\/li>\n<li style=\"font-weight: 400\"><span style=\"font-weight: 400\">Stellen Sie die biegsamen Raupenarme ein, um Ihr Telefon im besten Winkel zu halten.<\/span><\/li>\n<li style=\"font-weight: 400\"><span style=\"font-weight: 400\">Genie\u00dfen Sie freih\u00e4ndige Anrufe, Videos oder einfache GPS-Navigation!<\/span><\/li>\n<\/ol>\n<h2 style=\"text-align: center\">Paket Enth\u00e4lt<\/h2>\n<ul>\n<li style=\"font-weight: 400\"><span style=\"font-weight: 400\">1x Raupen-Telefonhalter.<\/span><\/li>\n<\/ul>\n<p>&nbsp;<\/p>\n","protected":false},"excerpt":{"rendered":"<p>Der Niedliche Raupen-Telefonhalter Ist Ein Lustiger Und Flexibler Helfer Mit dem Sie Ihr Telefon nicht mehr fallen lassen oder verlieren. [&hellip;]<\/p>\n","protected":false},"featured_media":19992,"comment_status":"open","ping_status":"closed","template":"","meta":{"site-sidebar-layout":"default","site-content-layout":"","ast-site-content-layout":"default","site-content-style":"default","site-sidebar-style":"default","ast-global-header-display":"","ast-banner-title-visibility":"","ast-main-header-display":"","ast-hfb-above-header-display":"","ast-hfb-below-header-display":"","ast-hfb-mobile-header-display":"","site-post-title":"","ast-breadcrumbs-content":"","ast-featured-img":"","footer-sml-layout":"","theme-transparent-header-meta":"default","adv-header-id-meta":"","stick-header-meta":"","header-above-stick-meta":"","header-main-stick-meta":"","header-below-stick-meta":"","astra-migrate-meta-layouts":"set","ast-page-background-enabled":"default","ast-page-background-meta":{"desktop":{"background-color":"var(--ast-global-color-5)","background-image":"","background-repeat":"repeat","background-position":"center center","background-size":"auto","background-attachment":"scroll","background-type":"","background-media":"","overlay-type":"","overlay-color":"","overlay-opacity":"","overlay-gradient":""},"tablet":{"background-color":"","background-image":"","background-repeat":"repeat","background-position":"center center","background-size":"auto","background-attachment":"scroll","background-type":"","background-media":"","overlay-type":"","overlay-color":"","overlay-opacity":"","overlay-gradient":""},"mobile":{"background-color":"","background-image":"","background-repeat":"repeat","background-position":"center center","background-size":"auto","background-attachment":"scroll","background-type":"","background-media":"","overlay-type":"","overlay-color":"","overlay-opacity":"","overlay-gradient":""}},"ast-content-background-meta":{"desktop":{"background-color":"var(--ast-global-color-4)","background-image":"","background-repeat":"repeat","background-position":"center center","background-size":"auto","background-attachment":"scroll","background-type":"","background-media":"","overlay-type":"","overlay-color":"","overlay-opacity":"","overlay-gradient":""},"tablet":{"background-color":"var(--ast-global-color-4)","background-image":"","background-repeat":"repeat","background-position":"center center","background-size":"auto","background-attachment":"scroll","background-type":"","background-media":"","overlay-type":"","overlay-color":"","overlay-opacity":"","overlay-gradient":""},"mobile":{"background-color":"var(--ast-global-color-4)","background-image":"","background-repeat":"repeat","background-position":"center center","background-size":"auto","background-attachment":"scroll","background-type":"","background-media":"","overlay-type":"","overlay-color":"","overlay-opacity":"","overlay-gradient":""}}},"product_brand":[],"product_cat":[15],"product_tag":[],"class_list":{"0":"post-19996","1":"product","2":"type-product","3":"status-publish","4":"has-post-thumbnail","6":"product_cat-unkategorisiert","7":"pa_44345_psm2kgpu-blau","8":"pa_44345_psm2kgpu-gruen","9":"pa_44345_psm2kgpu-rosa","10":"pa_44345_psm2kgpu-schwarz","11":"desktop-align-left","12":"tablet-align-left","13":"mobile-align-left","15":"first","16":"instock","17":"shipping-taxable","18":"purchasable","19":"product-type-variable"},"yoast_head":"<!-- This site is optimized with the Yoast SEO plugin v26.6 - https:\/\/yoast.com\/wordpress\/plugins\/seo\/ -->\n<title>Telefonhalter - Senbera DE<\/title>\n<meta name=\"robots\" content=\"index, follow, max-snippet:-1, max-image-preview:large, max-video-preview:-1\" \/>\n<link rel=\"canonical\" href=\"https:\/\/senbera.com\/de\/produkt\/telefonhalter\/\" \/>\n<meta property=\"og:locale\" content=\"de_DE\" \/>\n<meta property=\"og:type\" content=\"article\" \/>\n<meta property=\"og:title\" content=\"Telefonhalter - Senbera DE\" \/>\n<meta property=\"og:description\" content=\"Der Niedliche Raupen-Telefonhalter Ist Ein Lustiger Und Flexibler Helfer Mit dem Sie Ihr Telefon nicht mehr fallen lassen oder verlieren. [&hellip;]\" \/>\n<meta property=\"og:url\" content=\"https:\/\/senbera.com\/de\/produkt\/telefonhalter\/\" \/>\n<meta property=\"og:site_name\" content=\"Senbera DE\" \/>\n<meta property=\"article:modified_time\" content=\"2026-01-16T09:07:50+00:00\" \/>\n<meta name=\"twitter:card\" content=\"summary_large_image\" \/>\n<meta name=\"twitter:label1\" content=\"Gesch\u00e4tzte Lesezeit\" \/>\n\t<meta name=\"twitter:data1\" content=\"1\u00a0Minute\" \/>\n<script type=\"application\/ld+json\" class=\"yoast-schema-graph\">{\"@context\":\"https:\/\/schema.org\",\"@graph\":[{\"@type\":\"WebPage\",\"@id\":\"https:\/\/senbera.com\/de\/produkt\/telefonhalter\/\",\"url\":\"https:\/\/senbera.com\/de\/produkt\/telefonhalter\/\",\"name\":\"Telefonhalter - Senbera DE\",\"isPartOf\":{\"@id\":\"https:\/\/senbera.com\/de\/#website\"},\"primaryImageOfPage\":{\"@id\":\"https:\/\/senbera.com\/de\/produkt\/telefonhalter\/#primaryimage\"},\"image\":{\"@id\":\"https:\/\/senbera.com\/de\/produkt\/telefonhalter\/#primaryimage\"},\"thumbnailUrl\":\"https:\/\/senbera.com\/de\/wp-content\/uploads\/sites\/21\/2026\/01\/c0gks8p-1.webp\",\"datePublished\":\"2026-01-16T09:07:36+00:00\",\"dateModified\":\"2026-01-16T09:07:50+00:00\",\"breadcrumb\":{\"@id\":\"https:\/\/senbera.com\/de\/produkt\/telefonhalter\/#breadcrumb\"},\"inLanguage\":\"de\",\"potentialAction\":[{\"@type\":\"ReadAction\",\"target\":[\"https:\/\/senbera.com\/de\/produkt\/telefonhalter\/\"]}]},{\"@type\":\"ImageObject\",\"inLanguage\":\"de\",\"@id\":\"https:\/\/senbera.com\/de\/produkt\/telefonhalter\/#primaryimage\",\"url\":\"https:\/\/senbera.com\/de\/wp-content\/uploads\/sites\/21\/2026\/01\/c0gks8p-1.webp\",\"contentUrl\":\"https:\/\/senbera.com\/de\/wp-content\/uploads\/sites\/21\/2026\/01\/c0gks8p-1.webp\",\"width\":1000,\"height\":1000},{\"@type\":\"BreadcrumbList\",\"@id\":\"https:\/\/senbera.com\/de\/produkt\/telefonhalter\/#breadcrumb\",\"itemListElement\":[{\"@type\":\"ListItem\",\"position\":1,\"name\":\"Home\",\"item\":\"https:\/\/senbera.com\/de\/\"},{\"@type\":\"ListItem\",\"position\":2,\"name\":\"Shop\",\"item\":\"https:\/\/senbera.com\/de\/shop\/\"},{\"@type\":\"ListItem\",\"position\":3,\"name\":\"Telefonhalter\"}]},{\"@type\":\"WebSite\",\"@id\":\"https:\/\/senbera.com\/de\/#website\",\"url\":\"https:\/\/senbera.com\/de\/\",\"name\":\"Senbera DE\",\"description\":\"\",\"publisher\":{\"@id\":\"https:\/\/senbera.com\/de\/#organization\"},\"potentialAction\":[{\"@type\":\"SearchAction\",\"target\":{\"@type\":\"EntryPoint\",\"urlTemplate\":\"https:\/\/senbera.com\/de\/?s={search_term_string}\"},\"query-input\":{\"@type\":\"PropertyValueSpecification\",\"valueRequired\":true,\"valueName\":\"search_term_string\"}}],\"inLanguage\":\"de\"},{\"@type\":\"Organization\",\"@id\":\"https:\/\/senbera.com\/de\/#organization\",\"name\":\"Mekulo\",\"url\":\"https:\/\/senbera.com\/de\/\",\"logo\":{\"@type\":\"ImageObject\",\"inLanguage\":\"de\",\"@id\":\"https:\/\/senbera.com\/de\/#\/schema\/logo\/image\/\",\"url\":\"https:\/\/senbera.com\/de\/wp-content\/uploads\/sites\/21\/2025\/12\/favicon_mekulo.png\",\"contentUrl\":\"https:\/\/senbera.com\/de\/wp-content\/uploads\/sites\/21\/2025\/12\/favicon_mekulo.png\",\"width\":50,\"height\":50,\"caption\":\"Mekulo\"},\"image\":{\"@id\":\"https:\/\/senbera.com\/de\/#\/schema\/logo\/image\/\"}}]}<\/script>\n<!-- \/ Yoast SEO plugin. -->","yoast_head_json":{"title":"Telefonhalter - Senbera DE","robots":{"index":"index","follow":"follow","max-snippet":"max-snippet:-1","max-image-preview":"max-image-preview:large","max-video-preview":"max-video-preview:-1"},"canonical":"https:\/\/senbera.com\/de\/produkt\/telefonhalter\/","og_locale":"de_DE","og_type":"article","og_title":"Telefonhalter - Senbera DE","og_description":"Der Niedliche Raupen-Telefonhalter Ist Ein Lustiger Und Flexibler Helfer Mit dem Sie Ihr Telefon nicht mehr fallen lassen oder verlieren. [&hellip;]","og_url":"https:\/\/senbera.com\/de\/produkt\/telefonhalter\/","og_site_name":"Senbera DE","article_modified_time":"2026-01-16T09:07:50+00:00","twitter_card":"summary_large_image","twitter_misc":{"Gesch\u00e4tzte Lesezeit":"1\u00a0Minute"},"schema":{"@context":"https:\/\/schema.org","@graph":[{"@type":"WebPage","@id":"https:\/\/senbera.com\/de\/produkt\/telefonhalter\/","url":"https:\/\/senbera.com\/de\/produkt\/telefonhalter\/","name":"Telefonhalter - Senbera DE","isPartOf":{"@id":"https:\/\/senbera.com\/de\/#website"},"primaryImageOfPage":{"@id":"https:\/\/senbera.com\/de\/produkt\/telefonhalter\/#primaryimage"},"image":{"@id":"https:\/\/senbera.com\/de\/produkt\/telefonhalter\/#primaryimage"},"thumbnailUrl":"https:\/\/senbera.com\/de\/wp-content\/uploads\/sites\/21\/2026\/01\/c0gks8p-1.webp","datePublished":"2026-01-16T09:07:36+00:00","dateModified":"2026-01-16T09:07:50+00:00","breadcrumb":{"@id":"https:\/\/senbera.com\/de\/produkt\/telefonhalter\/#breadcrumb"},"inLanguage":"de","potentialAction":[{"@type":"ReadAction","target":["https:\/\/senbera.com\/de\/produkt\/telefonhalter\/"]}]},{"@type":"ImageObject","inLanguage":"de","@id":"https:\/\/senbera.com\/de\/produkt\/telefonhalter\/#primaryimage","url":"https:\/\/senbera.com\/de\/wp-content\/uploads\/sites\/21\/2026\/01\/c0gks8p-1.webp","contentUrl":"https:\/\/senbera.com\/de\/wp-content\/uploads\/sites\/21\/2026\/01\/c0gks8p-1.webp","width":1000,"height":1000},{"@type":"BreadcrumbList","@id":"https:\/\/senbera.com\/de\/produkt\/telefonhalter\/#breadcrumb","itemListElement":[{"@type":"ListItem","position":1,"name":"Home","item":"https:\/\/senbera.com\/de\/"},{"@type":"ListItem","position":2,"name":"Shop","item":"https:\/\/senbera.com\/de\/shop\/"},{"@type":"ListItem","position":3,"name":"Telefonhalter"}]},{"@type":"WebSite","@id":"https:\/\/senbera.com\/de\/#website","url":"https:\/\/senbera.com\/de\/","name":"Senbera DE","description":"","publisher":{"@id":"https:\/\/senbera.com\/de\/#organization"},"potentialAction":[{"@type":"SearchAction","target":{"@type":"EntryPoint","urlTemplate":"https:\/\/senbera.com\/de\/?s={search_term_string}"},"query-input":{"@type":"PropertyValueSpecification","valueRequired":true,"valueName":"search_term_string"}}],"inLanguage":"de"},{"@type":"Organization","@id":"https:\/\/senbera.com\/de\/#organization","name":"Mekulo","url":"https:\/\/senbera.com\/de\/","logo":{"@type":"ImageObject","inLanguage":"de","@id":"https:\/\/senbera.com\/de\/#\/schema\/logo\/image\/","url":"https:\/\/senbera.com\/de\/wp-content\/uploads\/sites\/21\/2025\/12\/favicon_mekulo.png","contentUrl":"https:\/\/senbera.com\/de\/wp-content\/uploads\/sites\/21\/2025\/12\/favicon_mekulo.png","width":50,"height":50,"caption":"Mekulo"},"image":{"@id":"https:\/\/senbera.com\/de\/#\/schema\/logo\/image\/"}}]}},"_links":{"self":[{"href":"https:\/\/senbera.com\/de\/wp-json\/wp\/v2\/product\/19996","targetHints":{"allow":["GET"]}}],"collection":[{"href":"https:\/\/senbera.com\/de\/wp-json\/wp\/v2\/product"}],"about":[{"href":"https:\/\/senbera.com\/de\/wp-json\/wp\/v2\/types\/product"}],"replies":[{"embeddable":true,"href":"https:\/\/senbera.com\/de\/wp-json\/wp\/v2\/comments?post=19996"}],"wp:featuredmedia":[{"embeddable":true,"href":"https:\/\/senbera.com\/de\/wp-json\/wp\/v2\/media\/19992"}],"wp:attachment":[{"href":"https:\/\/senbera.com\/de\/wp-json\/wp\/v2\/media?parent=19996"}],"wp:term":[{"taxonomy":"product_brand","embeddable":true,"href":"https:\/\/senbera.com\/de\/wp-json\/wp\/v2\/product_brand?post=19996"},{"taxonomy":"product_cat","embeddable":true,"href":"https:\/\/senbera.com\/de\/wp-json\/wp\/v2\/product_cat?post=19996"},{"taxonomy":"product_tag","embeddable":true,"href":"https:\/\/senbera.com\/de\/wp-json\/wp\/v2\/product_tag?post=19996"}],"curies":[{"name":"wp","href":"https:\/\/api.w.org\/{rel}","templated":true}]}}