{"id":19972,"date":"2026-01-15T20:33:24","date_gmt":"2026-01-15T18:33:24","guid":{"rendered":"https:\/\/senbera.com\/de\/produkt\/uhrenarmband\/"},"modified":"2026-01-15T20:33:24","modified_gmt":"2026-01-15T18:33:24","slug":"uhrenarmband","status":"publish","type":"product","link":"https:\/\/senbera.com\/de\/produkt\/uhrenarmband\/","title":{"rendered":"Uhrenarmband"},"content":{"rendered":"<p style=\"text-align: center\"><strong>Elegant, zeitlos und immer tragbar \u231a<\/strong><\/p>\n<p style=\"text-align: center\"><span style=\"font-weight: 400\">Dieses Set besteht aus einer sch\u00f6nen Damenuhr und einem passenden Armband. Es ist die perfekte Kombination f\u00fcr jedes Outfit, egal ob du dich schick machst oder es leger h\u00e4ltst.<\/span><\/p>\n<p><img decoding=\"async\" class=\"size-full wp-image-15641 aligncenter\" src=\"https:\/\/keluvo.com\/template\/wp-content\/uploads\/sites\/5\/2025\/04\/9af670ff-9f89-409a-ab7a-f49a956690e2.webp\" alt=\"\" \/><\/p>\n<h2 style=\"text-align: center\">Hauptvorteile<\/h2>\n<p><b>Stylisches Design<\/b><span style=\"font-weight: 400\"> \u2013 schlicht und schick, passend zu jedem Look<\/span><span style=\"font-weight: 400\">\u00a0<\/span><\/p>\n<p><b>Quarzwerk<\/b><span style=\"font-weight: 400\"> \u2013 zeigt die Zeit genau und zuverl\u00e4ssig an<\/span><span style=\"font-weight: 400\"><br \/>\n<\/span><b><\/b><\/p>\n<p><b>Komfortable Passform<\/b><span style=\"font-weight: 400\"> \u2013 leicht und einfach den ganzen Tag zu tragen<\/span><span style=\"font-weight: 400\"><br \/>\n<\/span><\/p>\n<p><b>Made to last<\/b><span style=\"font-weight: 400\"> \u2013 langlebige Legierung und Leder halten dem t\u00e4glichen Gebrauch stand<\/span><span style=\"font-weight: 400\"><br \/>\n<\/span><\/p>\n<p><b>Great for gifting<\/b><span style=\"font-weight: 400\"> \u2013 ein sch\u00f6nes Set f\u00fcr Geburtstage, Feiertage oder jeden Anlass<\/span><\/p>\n<p><img decoding=\"async\" class=\"size-full wp-image-15642 aligncenter\" src=\"https:\/\/keluvo.com\/template\/wp-content\/uploads\/sites\/5\/2025\/04\/5c14b054-5750-416d-b0ba-80616ee025ce.webp\" alt=\"\" \/><\/p>\n<h2 style=\"text-align: center\">Perfect for any event<\/h2>\n<p style=\"text-align: center\"><span style=\"font-weight: 400\">Dieses modische Uhr- und Armbandset verleiht deinem Outfit einen stilvollen Touch. Es ist perfekt f\u00fcr die Arbeit, Verabredungen oder besondere Anl\u00e4sse. Mit einer schlanken Passform und einem eleganten Look ist es sowohl praktisch als auch h\u00fcbsch &#8211; ein Favorit f\u00fcr Stil-Liebhaber.<\/span><\/p>\n<h2 style=\"text-align: center\">Lieferumfang<b><\/b><\/h2>\n<ul>\n<li style=\"font-weight: 400\"><span style=\"font-weight: 400\">1x Damenuhr<\/span><span style=\"font-weight: 400\"><br \/>\n<\/span><\/li>\n<li style=\"font-weight: 400\"><span style=\"font-weight: 400\">1x passendes Mode-Armband<\/span><span style=\"font-weight: 400\"><br \/>\n<\/span><\/li>\n<li style=\"font-weight: 400\"><i><span style=\"font-weight: 400\">Uhrenbox nicht enthalten<\/span><\/i><\/li>\n<li style=\"font-weight: 400\"><span style=\"font-weight: 400\">Details zur Gr\u00f6\u00dfe der Uhr:<\/span><span style=\"font-weight: 400\"><br \/>\n<\/span><span style=\"font-weight: 400\"> \u2022 Geh\u00e4usedurchmesser: 33mm<\/span><span style=\"font-weight: 400\"><br \/>\n<\/span><span style=\"font-weight: 400\"> \u2022 Geh\u00e4usedicke: 8mm<\/span><span style=\"font-weight: 400\"><br \/>\n<\/span><span style=\"font-weight: 400\"> \u2022 Armbandbreite: 15mm<\/span><span style=\"font-weight: 400\"><br \/>\n<\/span><span style=\"font-weight: 400\"> \u2022 Armbandl\u00e4nge: 200mm.<\/span><\/li>\n<\/ul>\n","protected":false},"excerpt":{"rendered":"<p>Elegant, zeitlos und immer tragbar \u231a Dieses Set besteht aus einer sch\u00f6nen Damenuhr und einem passenden Armband. Es ist die [&hellip;]<\/p>\n","protected":false},"featured_media":19968,"comment_status":"open","ping_status":"closed","template":"","meta":{"site-sidebar-layout":"default","site-content-layout":"","ast-site-content-layout":"default","site-content-style":"default","site-sidebar-style":"default","ast-global-header-display":"","ast-banner-title-visibility":"","ast-main-header-display":"","ast-hfb-above-header-display":"","ast-hfb-below-header-display":"","ast-hfb-mobile-header-display":"","site-post-title":"","ast-breadcrumbs-content":"","ast-featured-img":"","footer-sml-layout":"","theme-transparent-header-meta":"default","adv-header-id-meta":"","stick-header-meta":"","header-above-stick-meta":"","header-main-stick-meta":"","header-below-stick-meta":"","astra-migrate-meta-layouts":"set","ast-page-background-enabled":"default","ast-page-background-meta":{"desktop":{"background-color":"var(--ast-global-color-5)","background-image":"","background-repeat":"repeat","background-position":"center center","background-size":"auto","background-attachment":"scroll","background-type":"","background-media":"","overlay-type":"","overlay-color":"","overlay-opacity":"","overlay-gradient":""},"tablet":{"background-color":"","background-image":"","background-repeat":"repeat","background-position":"center center","background-size":"auto","background-attachment":"scroll","background-type":"","background-media":"","overlay-type":"","overlay-color":"","overlay-opacity":"","overlay-gradient":""},"mobile":{"background-color":"","background-image":"","background-repeat":"repeat","background-position":"center center","background-size":"auto","background-attachment":"scroll","background-type":"","background-media":"","overlay-type":"","overlay-color":"","overlay-opacity":"","overlay-gradient":""}},"ast-content-background-meta":{"desktop":{"background-color":"var(--ast-global-color-4)","background-image":"","background-repeat":"repeat","background-position":"center center","background-size":"auto","background-attachment":"scroll","background-type":"","background-media":"","overlay-type":"","overlay-color":"","overlay-opacity":"","overlay-gradient":""},"tablet":{"background-color":"var(--ast-global-color-4)","background-image":"","background-repeat":"repeat","background-position":"center center","background-size":"auto","background-attachment":"scroll","background-type":"","background-media":"","overlay-type":"","overlay-color":"","overlay-opacity":"","overlay-gradient":""},"mobile":{"background-color":"var(--ast-global-color-4)","background-image":"","background-repeat":"repeat","background-position":"center center","background-size":"auto","background-attachment":"scroll","background-type":"","background-media":"","overlay-type":"","overlay-color":"","overlay-opacity":"","overlay-gradient":""}}},"product_brand":[],"product_cat":[15],"product_tag":[],"class_list":{"0":"post-19972","1":"product","2":"type-product","3":"status-publish","4":"has-post-thumbnail","6":"product_cat-unkategorisiert","7":"desktop-align-left","8":"tablet-align-left","9":"mobile-align-left","11":"first","12":"instock","13":"shipping-taxable","14":"purchasable","15":"product-type-simple"},"yoast_head":"<!-- This site is optimized with the Yoast SEO plugin v26.6 - https:\/\/yoast.com\/wordpress\/plugins\/seo\/ -->\n<title>Uhrenarmband - Senbera DE<\/title>\n<meta name=\"robots\" content=\"index, follow, max-snippet:-1, max-image-preview:large, max-video-preview:-1\" \/>\n<link rel=\"canonical\" href=\"https:\/\/senbera.com\/de\/produkt\/uhrenarmband\/\" \/>\n<meta property=\"og:locale\" content=\"de_DE\" \/>\n<meta property=\"og:type\" content=\"article\" \/>\n<meta property=\"og:title\" content=\"Uhrenarmband - Senbera DE\" \/>\n<meta property=\"og:description\" content=\"Elegant, zeitlos und immer tragbar \u231a Dieses Set besteht aus einer sch\u00f6nen Damenuhr und einem passenden Armband. Es ist die [&hellip;]\" \/>\n<meta property=\"og:url\" content=\"https:\/\/senbera.com\/de\/produkt\/uhrenarmband\/\" \/>\n<meta property=\"og:site_name\" content=\"Senbera DE\" \/>\n<meta name=\"twitter:card\" content=\"summary_large_image\" \/>\n<meta name=\"twitter:label1\" content=\"Gesch\u00e4tzte Lesezeit\" \/>\n\t<meta name=\"twitter:data1\" content=\"1\u00a0Minute\" \/>\n<script type=\"application\/ld+json\" class=\"yoast-schema-graph\">{\"@context\":\"https:\/\/schema.org\",\"@graph\":[{\"@type\":\"WebPage\",\"@id\":\"https:\/\/senbera.com\/de\/produkt\/uhrenarmband\/\",\"url\":\"https:\/\/senbera.com\/de\/produkt\/uhrenarmband\/\",\"name\":\"Uhrenarmband - Senbera DE\",\"isPartOf\":{\"@id\":\"https:\/\/senbera.com\/de\/#website\"},\"primaryImageOfPage\":{\"@id\":\"https:\/\/senbera.com\/de\/produkt\/uhrenarmband\/#primaryimage\"},\"image\":{\"@id\":\"https:\/\/senbera.com\/de\/produkt\/uhrenarmband\/#primaryimage\"},\"thumbnailUrl\":\"https:\/\/senbera.com\/de\/wp-content\/uploads\/sites\/21\/2026\/01\/cp7rf9g-1.webp\",\"datePublished\":\"2026-01-15T18:33:24+00:00\",\"breadcrumb\":{\"@id\":\"https:\/\/senbera.com\/de\/produkt\/uhrenarmband\/#breadcrumb\"},\"inLanguage\":\"de\",\"potentialAction\":[{\"@type\":\"ReadAction\",\"target\":[\"https:\/\/senbera.com\/de\/produkt\/uhrenarmband\/\"]}]},{\"@type\":\"ImageObject\",\"inLanguage\":\"de\",\"@id\":\"https:\/\/senbera.com\/de\/produkt\/uhrenarmband\/#primaryimage\",\"url\":\"https:\/\/senbera.com\/de\/wp-content\/uploads\/sites\/21\/2026\/01\/cp7rf9g-1.webp\",\"contentUrl\":\"https:\/\/senbera.com\/de\/wp-content\/uploads\/sites\/21\/2026\/01\/cp7rf9g-1.webp\",\"width\":300,\"height\":300},{\"@type\":\"BreadcrumbList\",\"@id\":\"https:\/\/senbera.com\/de\/produkt\/uhrenarmband\/#breadcrumb\",\"itemListElement\":[{\"@type\":\"ListItem\",\"position\":1,\"name\":\"Home\",\"item\":\"https:\/\/senbera.com\/de\/\"},{\"@type\":\"ListItem\",\"position\":2,\"name\":\"Shop\",\"item\":\"https:\/\/senbera.com\/de\/shop\/\"},{\"@type\":\"ListItem\",\"position\":3,\"name\":\"Uhrenarmband\"}]},{\"@type\":\"WebSite\",\"@id\":\"https:\/\/senbera.com\/de\/#website\",\"url\":\"https:\/\/senbera.com\/de\/\",\"name\":\"Senbera DE\",\"description\":\"\",\"publisher\":{\"@id\":\"https:\/\/senbera.com\/de\/#organization\"},\"potentialAction\":[{\"@type\":\"SearchAction\",\"target\":{\"@type\":\"EntryPoint\",\"urlTemplate\":\"https:\/\/senbera.com\/de\/?s={search_term_string}\"},\"query-input\":{\"@type\":\"PropertyValueSpecification\",\"valueRequired\":true,\"valueName\":\"search_term_string\"}}],\"inLanguage\":\"de\"},{\"@type\":\"Organization\",\"@id\":\"https:\/\/senbera.com\/de\/#organization\",\"name\":\"Mekulo\",\"url\":\"https:\/\/senbera.com\/de\/\",\"logo\":{\"@type\":\"ImageObject\",\"inLanguage\":\"de\",\"@id\":\"https:\/\/senbera.com\/de\/#\/schema\/logo\/image\/\",\"url\":\"https:\/\/senbera.com\/de\/wp-content\/uploads\/sites\/21\/2025\/12\/favicon_mekulo.png\",\"contentUrl\":\"https:\/\/senbera.com\/de\/wp-content\/uploads\/sites\/21\/2025\/12\/favicon_mekulo.png\",\"width\":50,\"height\":50,\"caption\":\"Mekulo\"},\"image\":{\"@id\":\"https:\/\/senbera.com\/de\/#\/schema\/logo\/image\/\"}}]}<\/script>\n<!-- \/ Yoast SEO plugin. -->","yoast_head_json":{"title":"Uhrenarmband - Senbera DE","robots":{"index":"index","follow":"follow","max-snippet":"max-snippet:-1","max-image-preview":"max-image-preview:large","max-video-preview":"max-video-preview:-1"},"canonical":"https:\/\/senbera.com\/de\/produkt\/uhrenarmband\/","og_locale":"de_DE","og_type":"article","og_title":"Uhrenarmband - Senbera DE","og_description":"Elegant, zeitlos und immer tragbar \u231a Dieses Set besteht aus einer sch\u00f6nen Damenuhr und einem passenden Armband. Es ist die [&hellip;]","og_url":"https:\/\/senbera.com\/de\/produkt\/uhrenarmband\/","og_site_name":"Senbera DE","twitter_card":"summary_large_image","twitter_misc":{"Gesch\u00e4tzte Lesezeit":"1\u00a0Minute"},"schema":{"@context":"https:\/\/schema.org","@graph":[{"@type":"WebPage","@id":"https:\/\/senbera.com\/de\/produkt\/uhrenarmband\/","url":"https:\/\/senbera.com\/de\/produkt\/uhrenarmband\/","name":"Uhrenarmband - Senbera DE","isPartOf":{"@id":"https:\/\/senbera.com\/de\/#website"},"primaryImageOfPage":{"@id":"https:\/\/senbera.com\/de\/produkt\/uhrenarmband\/#primaryimage"},"image":{"@id":"https:\/\/senbera.com\/de\/produkt\/uhrenarmband\/#primaryimage"},"thumbnailUrl":"https:\/\/senbera.com\/de\/wp-content\/uploads\/sites\/21\/2026\/01\/cp7rf9g-1.webp","datePublished":"2026-01-15T18:33:24+00:00","breadcrumb":{"@id":"https:\/\/senbera.com\/de\/produkt\/uhrenarmband\/#breadcrumb"},"inLanguage":"de","potentialAction":[{"@type":"ReadAction","target":["https:\/\/senbera.com\/de\/produkt\/uhrenarmband\/"]}]},{"@type":"ImageObject","inLanguage":"de","@id":"https:\/\/senbera.com\/de\/produkt\/uhrenarmband\/#primaryimage","url":"https:\/\/senbera.com\/de\/wp-content\/uploads\/sites\/21\/2026\/01\/cp7rf9g-1.webp","contentUrl":"https:\/\/senbera.com\/de\/wp-content\/uploads\/sites\/21\/2026\/01\/cp7rf9g-1.webp","width":300,"height":300},{"@type":"BreadcrumbList","@id":"https:\/\/senbera.com\/de\/produkt\/uhrenarmband\/#breadcrumb","itemListElement":[{"@type":"ListItem","position":1,"name":"Home","item":"https:\/\/senbera.com\/de\/"},{"@type":"ListItem","position":2,"name":"Shop","item":"https:\/\/senbera.com\/de\/shop\/"},{"@type":"ListItem","position":3,"name":"Uhrenarmband"}]},{"@type":"WebSite","@id":"https:\/\/senbera.com\/de\/#website","url":"https:\/\/senbera.com\/de\/","name":"Senbera DE","description":"","publisher":{"@id":"https:\/\/senbera.com\/de\/#organization"},"potentialAction":[{"@type":"SearchAction","target":{"@type":"EntryPoint","urlTemplate":"https:\/\/senbera.com\/de\/?s={search_term_string}"},"query-input":{"@type":"PropertyValueSpecification","valueRequired":true,"valueName":"search_term_string"}}],"inLanguage":"de"},{"@type":"Organization","@id":"https:\/\/senbera.com\/de\/#organization","name":"Mekulo","url":"https:\/\/senbera.com\/de\/","logo":{"@type":"ImageObject","inLanguage":"de","@id":"https:\/\/senbera.com\/de\/#\/schema\/logo\/image\/","url":"https:\/\/senbera.com\/de\/wp-content\/uploads\/sites\/21\/2025\/12\/favicon_mekulo.png","contentUrl":"https:\/\/senbera.com\/de\/wp-content\/uploads\/sites\/21\/2025\/12\/favicon_mekulo.png","width":50,"height":50,"caption":"Mekulo"},"image":{"@id":"https:\/\/senbera.com\/de\/#\/schema\/logo\/image\/"}}]}},"_links":{"self":[{"href":"https:\/\/senbera.com\/de\/wp-json\/wp\/v2\/product\/19972","targetHints":{"allow":["GET"]}}],"collection":[{"href":"https:\/\/senbera.com\/de\/wp-json\/wp\/v2\/product"}],"about":[{"href":"https:\/\/senbera.com\/de\/wp-json\/wp\/v2\/types\/product"}],"replies":[{"embeddable":true,"href":"https:\/\/senbera.com\/de\/wp-json\/wp\/v2\/comments?post=19972"}],"wp:featuredmedia":[{"embeddable":true,"href":"https:\/\/senbera.com\/de\/wp-json\/wp\/v2\/media\/19968"}],"wp:attachment":[{"href":"https:\/\/senbera.com\/de\/wp-json\/wp\/v2\/media?parent=19972"}],"wp:term":[{"taxonomy":"product_brand","embeddable":true,"href":"https:\/\/senbera.com\/de\/wp-json\/wp\/v2\/product_brand?post=19972"},{"taxonomy":"product_cat","embeddable":true,"href":"https:\/\/senbera.com\/de\/wp-json\/wp\/v2\/product_cat?post=19972"},{"taxonomy":"product_tag","embeddable":true,"href":"https:\/\/senbera.com\/de\/wp-json\/wp\/v2\/product_tag?post=19972"}],"curies":[{"name":"wp","href":"https:\/\/api.w.org\/{rel}","templated":true}]}}