{"id":19932,"date":"2026-01-15T20:29:30","date_gmt":"2026-01-15T18:29:30","guid":{"rendered":"https:\/\/senbera.com\/de\/produkt\/hundetragetasche\/"},"modified":"2026-01-15T20:29:37","modified_gmt":"2026-01-15T18:29:37","slug":"hundetragetasche","status":"publish","type":"product","link":"https:\/\/senbera.com\/de\/produkt\/hundetragetasche\/","title":{"rendered":"Hundetragetasche"},"content":{"rendered":"<p style=\"text-align: center\"><strong>Sicher, Bequem, Und Perfekt F\u00fcr Reisen \ud83d\udc36<\/strong><span style=\"font-weight: 400\"><br \/>\n<\/span><\/p>\n<p style=\"text-align: center\"><span style=\"font-weight: 400\">Dieser All-in-One-Tiertransporter funktioniert als Tasche, Autositz und gem\u00fctliches Bett. Er h\u00e4lt Ihren kleinen Hund oder Ihre Katze sicher, kuschelig und gl\u00fccklich &#8211; egal, wohin Sie gehen.<\/span><\/p>\n<h2 style=\"text-align: center\"><img decoding=\"async\" class=\"size-full wp-image-15800 aligncenter\" src=\"https:\/\/keluvo.com\/template\/wp-content\/uploads\/sites\/5\/2025\/04\/c40fa7a7-1f90-4ce5-bba2-9ce23e56e789.webp\" alt=\"\" \/>Hauptvorteile<\/h2>\n<p><b>3-in-1-Design<\/b><span style=\"font-weight: 400\"> \u2013 verwenden Sie ihn als Reisetasche, Autositz oder Haustierbett<\/span><span style=\"font-weight: 400\"><br \/>\n<\/span><b><\/b><\/p>\n<p><b>Weich und robust<\/b><span style=\"font-weight: 400\"> \u2013 kratzfeste Au\u00dfenseite, weiches Kissen innen<\/span><span style=\"font-weight: 400\"><br \/>\n<\/span><b><\/b><\/p>\n<p><b>Ganzj\u00e4hriger Komfort<\/b><span style=\"font-weight: 400\"> \u2013 warme Seite f\u00fcr kalte Tage, k\u00fchle Seite f\u00fcr warme Tage<\/span><span style=\"font-weight: 400\"><br \/>\n<\/span><b><\/b><\/p>\n<p><b>Sicher f\u00fcr Autos<\/b><span style=\"font-weight: 400\"> \u2013 eingebauter Sicherheitsgurt mit Schnalle h\u00e4lt Haustiere sicher<\/span><span style=\"font-weight: 400\"><br \/>\n<\/span><b><\/b><\/p>\n<p><b>Einfach zu installieren und zu reinigen<\/b><span style=\"font-weight: 400\"> \u2013 passt in die meisten Autos, abnehmbare Teile f\u00fcr schnelle Reinigung<\/span><\/p>\n<p><img decoding=\"async\" class=\"size-full wp-image-15796 aligncenter\" src=\"https:\/\/keluvo.com\/template\/wp-content\/uploads\/sites\/5\/2025\/04\/130b16b9-bc09-4dde-b8db-3249fa698fb6.webp\" alt=\"\" \/><\/p>\n<h2 style=\"text-align: center\">Perfekt F\u00fcr Jedes Haustier<\/h2>\n<p style=\"text-align: center\"><span style=\"font-weight: 400\">Dieser Haustiertransporter ist perfekt f\u00fcr Abenteuer mit Ihrem pelzigen Freund. Sie ist kuschelig genug f\u00fcr ein Nickerchen, robust genug f\u00fcr Autofahrten und leicht genug zum Tragen. Der stabile Griff und der weiche Memory-Schaum im Inneren sorgen f\u00fcr Komfort und Sicherheit. Gro\u00dfartig f\u00fcr kleine Haustiere bis zu 35 lbs.<\/span><\/p>\n<h2 style=\"text-align: center\"><img decoding=\"async\" class=\"size-full wp-image-15804 aligncenter\" src=\"https:\/\/keluvo.com\/template\/wp-content\/uploads\/sites\/5\/2025\/04\/0dbbd2e0-c205-4ced-9ae7-6b3068f8467a.webp\" alt=\"\" \/>Package Includes<\/h2>\n<ul>\n<li style=\"font-weight: 400\"><span style=\"font-weight: 400\">1x pet carrier bag<\/span><span style=\"font-weight: 400\"><br \/>\n<\/span><\/li>\n<li style=\"font-weight: 400\"><span style=\"font-weight: 400\">1x soft pet mat (f\u00fcr den Boden der Tasche)<\/span><span style=\"font-weight: 400\"><br \/>\n<\/span><\/li>\n<li style=\"font-weight: 400\"><span style=\"font-weight: 400\">1x thermal inner bag (reversible &#8211; warm &amp; cool sides).<\/span><span style=\"font-weight: 400\"><br \/>\n<\/span><\/li>\n<\/ul>\n","protected":false},"excerpt":{"rendered":"<p>Sicher, Bequem, Und Perfekt F\u00fcr Reisen \ud83d\udc36 Dieser All-in-One-Tiertransporter funktioniert als Tasche, Autositz und gem\u00fctliches Bett. Er h\u00e4lt Ihren kleinen [&hellip;]<\/p>\n","protected":false},"featured_media":19928,"comment_status":"open","ping_status":"closed","template":"","meta":{"site-sidebar-layout":"default","site-content-layout":"","ast-site-content-layout":"default","site-content-style":"default","site-sidebar-style":"default","ast-global-header-display":"","ast-banner-title-visibility":"","ast-main-header-display":"","ast-hfb-above-header-display":"","ast-hfb-below-header-display":"","ast-hfb-mobile-header-display":"","site-post-title":"","ast-breadcrumbs-content":"","ast-featured-img":"","footer-sml-layout":"","theme-transparent-header-meta":"default","adv-header-id-meta":"","stick-header-meta":"","header-above-stick-meta":"","header-main-stick-meta":"","header-below-stick-meta":"","astra-migrate-meta-layouts":"set","ast-page-background-enabled":"default","ast-page-background-meta":{"desktop":{"background-color":"var(--ast-global-color-5)","background-image":"","background-repeat":"repeat","background-position":"center center","background-size":"auto","background-attachment":"scroll","background-type":"","background-media":"","overlay-type":"","overlay-color":"","overlay-opacity":"","overlay-gradient":""},"tablet":{"background-color":"","background-image":"","background-repeat":"repeat","background-position":"center center","background-size":"auto","background-attachment":"scroll","background-type":"","background-media":"","overlay-type":"","overlay-color":"","overlay-opacity":"","overlay-gradient":""},"mobile":{"background-color":"","background-image":"","background-repeat":"repeat","background-position":"center center","background-size":"auto","background-attachment":"scroll","background-type":"","background-media":"","overlay-type":"","overlay-color":"","overlay-opacity":"","overlay-gradient":""}},"ast-content-background-meta":{"desktop":{"background-color":"var(--ast-global-color-4)","background-image":"","background-repeat":"repeat","background-position":"center center","background-size":"auto","background-attachment":"scroll","background-type":"","background-media":"","overlay-type":"","overlay-color":"","overlay-opacity":"","overlay-gradient":""},"tablet":{"background-color":"var(--ast-global-color-4)","background-image":"","background-repeat":"repeat","background-position":"center center","background-size":"auto","background-attachment":"scroll","background-type":"","background-media":"","overlay-type":"","overlay-color":"","overlay-opacity":"","overlay-gradient":""},"mobile":{"background-color":"var(--ast-global-color-4)","background-image":"","background-repeat":"repeat","background-position":"center center","background-size":"auto","background-attachment":"scroll","background-type":"","background-media":"","overlay-type":"","overlay-color":"","overlay-opacity":"","overlay-gradient":""}}},"product_brand":[],"product_cat":[15],"product_tag":[],"class_list":{"0":"post-19932","1":"product","2":"type-product","3":"status-publish","4":"has-post-thumbnail","6":"product_cat-unkategorisiert","7":"pa_47895_lwarssni-beige","8":"pa_47895_lwarssni-schwarz","9":"desktop-align-left","10":"tablet-align-left","11":"mobile-align-left","13":"first","14":"instock","15":"shipping-taxable","16":"purchasable","17":"product-type-variable"},"yoast_head":"<!-- This site is optimized with the Yoast SEO plugin v26.6 - https:\/\/yoast.com\/wordpress\/plugins\/seo\/ -->\n<title>Hundetragetasche - Senbera DE<\/title>\n<meta name=\"robots\" content=\"index, follow, max-snippet:-1, max-image-preview:large, max-video-preview:-1\" \/>\n<link rel=\"canonical\" href=\"https:\/\/senbera.com\/de\/produkt\/hundetragetasche\/\" \/>\n<meta property=\"og:locale\" content=\"de_DE\" \/>\n<meta property=\"og:type\" content=\"article\" \/>\n<meta property=\"og:title\" content=\"Hundetragetasche - Senbera DE\" \/>\n<meta property=\"og:description\" content=\"Sicher, Bequem, Und Perfekt F\u00fcr Reisen \ud83d\udc36 Dieser All-in-One-Tiertransporter funktioniert als Tasche, Autositz und gem\u00fctliches Bett. Er h\u00e4lt Ihren kleinen [&hellip;]\" \/>\n<meta property=\"og:url\" content=\"https:\/\/senbera.com\/de\/produkt\/hundetragetasche\/\" \/>\n<meta property=\"og:site_name\" content=\"Senbera DE\" \/>\n<meta property=\"article:modified_time\" content=\"2026-01-15T18:29:37+00:00\" \/>\n<meta name=\"twitter:card\" content=\"summary_large_image\" \/>\n<meta name=\"twitter:label1\" content=\"Gesch\u00e4tzte Lesezeit\" \/>\n\t<meta name=\"twitter:data1\" content=\"1\u00a0Minute\" \/>\n<script type=\"application\/ld+json\" class=\"yoast-schema-graph\">{\"@context\":\"https:\/\/schema.org\",\"@graph\":[{\"@type\":\"WebPage\",\"@id\":\"https:\/\/senbera.com\/de\/produkt\/hundetragetasche\/\",\"url\":\"https:\/\/senbera.com\/de\/produkt\/hundetragetasche\/\",\"name\":\"Hundetragetasche - Senbera DE\",\"isPartOf\":{\"@id\":\"https:\/\/senbera.com\/de\/#website\"},\"primaryImageOfPage\":{\"@id\":\"https:\/\/senbera.com\/de\/produkt\/hundetragetasche\/#primaryimage\"},\"image\":{\"@id\":\"https:\/\/senbera.com\/de\/produkt\/hundetragetasche\/#primaryimage\"},\"thumbnailUrl\":\"https:\/\/senbera.com\/de\/wp-content\/uploads\/sites\/21\/2026\/01\/ve0yelo-1.webp\",\"datePublished\":\"2026-01-15T18:29:30+00:00\",\"dateModified\":\"2026-01-15T18:29:37+00:00\",\"breadcrumb\":{\"@id\":\"https:\/\/senbera.com\/de\/produkt\/hundetragetasche\/#breadcrumb\"},\"inLanguage\":\"de\",\"potentialAction\":[{\"@type\":\"ReadAction\",\"target\":[\"https:\/\/senbera.com\/de\/produkt\/hundetragetasche\/\"]}]},{\"@type\":\"ImageObject\",\"inLanguage\":\"de\",\"@id\":\"https:\/\/senbera.com\/de\/produkt\/hundetragetasche\/#primaryimage\",\"url\":\"https:\/\/senbera.com\/de\/wp-content\/uploads\/sites\/21\/2026\/01\/ve0yelo-1.webp\",\"contentUrl\":\"https:\/\/senbera.com\/de\/wp-content\/uploads\/sites\/21\/2026\/01\/ve0yelo-1.webp\",\"width\":768,\"height\":768},{\"@type\":\"BreadcrumbList\",\"@id\":\"https:\/\/senbera.com\/de\/produkt\/hundetragetasche\/#breadcrumb\",\"itemListElement\":[{\"@type\":\"ListItem\",\"position\":1,\"name\":\"Home\",\"item\":\"https:\/\/senbera.com\/de\/\"},{\"@type\":\"ListItem\",\"position\":2,\"name\":\"Shop\",\"item\":\"https:\/\/senbera.com\/de\/shop\/\"},{\"@type\":\"ListItem\",\"position\":3,\"name\":\"Hundetragetasche\"}]},{\"@type\":\"WebSite\",\"@id\":\"https:\/\/senbera.com\/de\/#website\",\"url\":\"https:\/\/senbera.com\/de\/\",\"name\":\"Senbera DE\",\"description\":\"\",\"publisher\":{\"@id\":\"https:\/\/senbera.com\/de\/#organization\"},\"potentialAction\":[{\"@type\":\"SearchAction\",\"target\":{\"@type\":\"EntryPoint\",\"urlTemplate\":\"https:\/\/senbera.com\/de\/?s={search_term_string}\"},\"query-input\":{\"@type\":\"PropertyValueSpecification\",\"valueRequired\":true,\"valueName\":\"search_term_string\"}}],\"inLanguage\":\"de\"},{\"@type\":\"Organization\",\"@id\":\"https:\/\/senbera.com\/de\/#organization\",\"name\":\"Mekulo\",\"url\":\"https:\/\/senbera.com\/de\/\",\"logo\":{\"@type\":\"ImageObject\",\"inLanguage\":\"de\",\"@id\":\"https:\/\/senbera.com\/de\/#\/schema\/logo\/image\/\",\"url\":\"https:\/\/senbera.com\/de\/wp-content\/uploads\/sites\/21\/2025\/12\/favicon_mekulo.png\",\"contentUrl\":\"https:\/\/senbera.com\/de\/wp-content\/uploads\/sites\/21\/2025\/12\/favicon_mekulo.png\",\"width\":50,\"height\":50,\"caption\":\"Mekulo\"},\"image\":{\"@id\":\"https:\/\/senbera.com\/de\/#\/schema\/logo\/image\/\"}}]}<\/script>\n<!-- \/ Yoast SEO plugin. -->","yoast_head_json":{"title":"Hundetragetasche - Senbera DE","robots":{"index":"index","follow":"follow","max-snippet":"max-snippet:-1","max-image-preview":"max-image-preview:large","max-video-preview":"max-video-preview:-1"},"canonical":"https:\/\/senbera.com\/de\/produkt\/hundetragetasche\/","og_locale":"de_DE","og_type":"article","og_title":"Hundetragetasche - Senbera DE","og_description":"Sicher, Bequem, Und Perfekt F\u00fcr Reisen \ud83d\udc36 Dieser All-in-One-Tiertransporter funktioniert als Tasche, Autositz und gem\u00fctliches Bett. Er h\u00e4lt Ihren kleinen [&hellip;]","og_url":"https:\/\/senbera.com\/de\/produkt\/hundetragetasche\/","og_site_name":"Senbera DE","article_modified_time":"2026-01-15T18:29:37+00:00","twitter_card":"summary_large_image","twitter_misc":{"Gesch\u00e4tzte Lesezeit":"1\u00a0Minute"},"schema":{"@context":"https:\/\/schema.org","@graph":[{"@type":"WebPage","@id":"https:\/\/senbera.com\/de\/produkt\/hundetragetasche\/","url":"https:\/\/senbera.com\/de\/produkt\/hundetragetasche\/","name":"Hundetragetasche - Senbera DE","isPartOf":{"@id":"https:\/\/senbera.com\/de\/#website"},"primaryImageOfPage":{"@id":"https:\/\/senbera.com\/de\/produkt\/hundetragetasche\/#primaryimage"},"image":{"@id":"https:\/\/senbera.com\/de\/produkt\/hundetragetasche\/#primaryimage"},"thumbnailUrl":"https:\/\/senbera.com\/de\/wp-content\/uploads\/sites\/21\/2026\/01\/ve0yelo-1.webp","datePublished":"2026-01-15T18:29:30+00:00","dateModified":"2026-01-15T18:29:37+00:00","breadcrumb":{"@id":"https:\/\/senbera.com\/de\/produkt\/hundetragetasche\/#breadcrumb"},"inLanguage":"de","potentialAction":[{"@type":"ReadAction","target":["https:\/\/senbera.com\/de\/produkt\/hundetragetasche\/"]}]},{"@type":"ImageObject","inLanguage":"de","@id":"https:\/\/senbera.com\/de\/produkt\/hundetragetasche\/#primaryimage","url":"https:\/\/senbera.com\/de\/wp-content\/uploads\/sites\/21\/2026\/01\/ve0yelo-1.webp","contentUrl":"https:\/\/senbera.com\/de\/wp-content\/uploads\/sites\/21\/2026\/01\/ve0yelo-1.webp","width":768,"height":768},{"@type":"BreadcrumbList","@id":"https:\/\/senbera.com\/de\/produkt\/hundetragetasche\/#breadcrumb","itemListElement":[{"@type":"ListItem","position":1,"name":"Home","item":"https:\/\/senbera.com\/de\/"},{"@type":"ListItem","position":2,"name":"Shop","item":"https:\/\/senbera.com\/de\/shop\/"},{"@type":"ListItem","position":3,"name":"Hundetragetasche"}]},{"@type":"WebSite","@id":"https:\/\/senbera.com\/de\/#website","url":"https:\/\/senbera.com\/de\/","name":"Senbera DE","description":"","publisher":{"@id":"https:\/\/senbera.com\/de\/#organization"},"potentialAction":[{"@type":"SearchAction","target":{"@type":"EntryPoint","urlTemplate":"https:\/\/senbera.com\/de\/?s={search_term_string}"},"query-input":{"@type":"PropertyValueSpecification","valueRequired":true,"valueName":"search_term_string"}}],"inLanguage":"de"},{"@type":"Organization","@id":"https:\/\/senbera.com\/de\/#organization","name":"Mekulo","url":"https:\/\/senbera.com\/de\/","logo":{"@type":"ImageObject","inLanguage":"de","@id":"https:\/\/senbera.com\/de\/#\/schema\/logo\/image\/","url":"https:\/\/senbera.com\/de\/wp-content\/uploads\/sites\/21\/2025\/12\/favicon_mekulo.png","contentUrl":"https:\/\/senbera.com\/de\/wp-content\/uploads\/sites\/21\/2025\/12\/favicon_mekulo.png","width":50,"height":50,"caption":"Mekulo"},"image":{"@id":"https:\/\/senbera.com\/de\/#\/schema\/logo\/image\/"}}]}},"_links":{"self":[{"href":"https:\/\/senbera.com\/de\/wp-json\/wp\/v2\/product\/19932","targetHints":{"allow":["GET"]}}],"collection":[{"href":"https:\/\/senbera.com\/de\/wp-json\/wp\/v2\/product"}],"about":[{"href":"https:\/\/senbera.com\/de\/wp-json\/wp\/v2\/types\/product"}],"replies":[{"embeddable":true,"href":"https:\/\/senbera.com\/de\/wp-json\/wp\/v2\/comments?post=19932"}],"wp:featuredmedia":[{"embeddable":true,"href":"https:\/\/senbera.com\/de\/wp-json\/wp\/v2\/media\/19928"}],"wp:attachment":[{"href":"https:\/\/senbera.com\/de\/wp-json\/wp\/v2\/media?parent=19932"}],"wp:term":[{"taxonomy":"product_brand","embeddable":true,"href":"https:\/\/senbera.com\/de\/wp-json\/wp\/v2\/product_brand?post=19932"},{"taxonomy":"product_cat","embeddable":true,"href":"https:\/\/senbera.com\/de\/wp-json\/wp\/v2\/product_cat?post=19932"},{"taxonomy":"product_tag","embeddable":true,"href":"https:\/\/senbera.com\/de\/wp-json\/wp\/v2\/product_tag?post=19932"}],"curies":[{"name":"wp","href":"https:\/\/api.w.org\/{rel}","templated":true}]}}