{"id":19872,"date":"2026-01-15T20:24:37","date_gmt":"2026-01-15T18:24:37","guid":{"rendered":"https:\/\/senbera.com\/de\/produkt\/kuehlmatte\/"},"modified":"2026-01-15T20:24:53","modified_gmt":"2026-01-15T18:24:53","slug":"kuehlmatte","status":"publish","type":"product","link":"https:\/\/senbera.com\/de\/produkt\/kuehlmatte\/","title":{"rendered":"K\u00fchlmatte"},"content":{"rendered":"<p style=\"text-align: center\"><b>K\u00fchlen Sie Ihr Haustier ab &#8211; mit der K\u00fchlmatte f\u00fcr Haustiere mit Kissen!<\/b><b><br \/>\n<\/b><\/p>\n<p style=\"text-align: center\"><span style=\"font-weight: 400\">Diese K\u00fchlmatte hilft Ihrem Hund oder Ihrer Katze, sich an hei\u00dfen Tagen wohl zu f\u00fchlen. Sie ist weich, sicher und hat sogar ein eingebautes Kissen f\u00fcr den besten Haustierschlaf aller Zeiten!<\/span><\/p>\n<p><img decoding=\"async\" class=\"size-full wp-image-15865 aligncenter\" src=\"https:\/\/keluvo.com\/template\/wp-content\/uploads\/sites\/5\/2025\/04\/Untitled-video-Made-with-Clipchamp.gif\" alt=\"\" \/><\/p>\n<h2 style=\"text-align: center\">Hauptvorteile<\/h2>\n<p><b><\/b><span style=\"font-weight: 400\"> \u2705 <\/span><b>H\u00e4lt Haustiere k\u00fchl<\/b><span style=\"font-weight: 400\"> &#8211; Spezielles Material hilft, die K\u00f6rperw\u00e4rme auf nat\u00fcrliche Weise zu senken<\/span><\/p>\n<p><span style=\"font-weight: 400\"> \u2705 <\/span><b>Weich und sicher<\/b><span style=\"font-weight: 400\"> &#8211; Kein Gel, keine Unordnung, nur sicherer K\u00fchlkomfort<\/span><\/p>\n<p><span style=\"font-weight: 400\"> \u2705 <\/span><b>Eingebautes Kissen<\/b><span style=\"font-weight: 400\"> &#8211; Extra kuscheliger Platz f\u00fcr Ihr Haustier, um den Kopf auszuruhen<\/span><\/p>\n<p><span style=\"font-weight: 400\"> \u2705 <\/span><b>Gro\u00dfartig f\u00fcr die Reise<\/b><span style=\"font-weight: 400\"> &#8211; Leicht, faltbar und einfach zu transportieren<\/span><\/p>\n<p><span style=\"font-weight: 400\"> \u2705 <\/span><b>Einfach zu reinigen<\/b><span style=\"font-weight: 400\"> &#8211; Werfen Sie sie in die Waschmaschine f\u00fcr eine frische Reinigung<\/span><\/p>\n<p><img decoding=\"async\" class=\"size-full wp-image-15869 aligncenter\" src=\"https:\/\/keluvo.com\/template\/wp-content\/uploads\/sites\/5\/2025\/04\/e5ad9bbe-9c16-464b-a6d7-2113407b310a.webp\" alt=\"\" \/><\/p>\n<h2 style=\"text-align: center\">Mehr als nur ein Bett<\/h2>\n<p style=\"text-align: center\"><span style=\"font-weight: 400\">Es ist ein Sommer-Must-Have f\u00fcr kleine Hunde und Katzen. Dank des weichen Materials und des kuscheligen Kissens bleibt Ihr pelziger Freund k\u00fchl und schl\u00e4ft besser, egal ob zu Hause oder unterwegs. Die perfekte Kombination aus Komfort, Sicherheit und niedlichem Design!<\/span><\/p>\n<h2 style=\"text-align: center\">Anwendung<\/h2>\n<ol>\n<li style=\"font-weight: 400\"><span style=\"font-weight: 400\">Falten Sie die Matte am Lieblingsplatz Ihres Haustieres aus<\/span><\/li>\n<li style=\"font-weight: 400\"><span style=\"font-weight: 400\">Lassen Sie Ihren Hund oder Ihre Katze sich hinlegen und entspannen<\/span><\/li>\n<li style=\"font-weight: 400\"><span style=\"font-weight: 400\">Waschen Sie die Matte bei Bedarf &#8211; sie ist in der Maschine waschbar!<\/span><\/li>\n<\/ol>\n<h2 style=\"text-align: center\">Lieferumfang<b><\/b><\/h2>\n<ul>\n<li style=\"font-weight: 400\"><span style=\"font-weight: 400\">1x selbstk\u00fchlende Haustiermatte mit integriertem Kissen<\/span><\/li>\n<li style=\"font-weight: 400\"><span style=\"font-weight: 400\">Gr\u00f6\u00dfe Ihrer Wahl:<\/span><span style=\"font-weight: 400\"><br \/>\n<\/span><span style=\"font-weight: 400\"> \u2022 Klein: 60cm x 40cm<\/span><span style=\"font-weight: 400\"><br \/>\n<\/span><span style=\"font-weight: 400\"> \u2022 Mittel: 80cm x 60cm<\/span><\/li>\n<li style=\"font-weight: 400\"><span style=\"font-weight: 400\">Leicht und faltbar f\u00fcr einfache Aufbewahrung und Reise.<\/span><\/li>\n<\/ul>\n<p>&nbsp;<\/p>\n<p>&nbsp;<\/p>\n","protected":false},"excerpt":{"rendered":"<p>K\u00fchlen Sie Ihr Haustier ab &#8211; mit der K\u00fchlmatte f\u00fcr Haustiere mit Kissen! Diese K\u00fchlmatte hilft Ihrem Hund oder Ihrer [&hellip;]<\/p>\n","protected":false},"featured_media":19868,"comment_status":"open","ping_status":"closed","template":"","meta":{"site-sidebar-layout":"default","site-content-layout":"","ast-site-content-layout":"default","site-content-style":"default","site-sidebar-style":"default","ast-global-header-display":"","ast-banner-title-visibility":"","ast-main-header-display":"","ast-hfb-above-header-display":"","ast-hfb-below-header-display":"","ast-hfb-mobile-header-display":"","site-post-title":"","ast-breadcrumbs-content":"","ast-featured-img":"","footer-sml-layout":"","theme-transparent-header-meta":"default","adv-header-id-meta":"","stick-header-meta":"","header-above-stick-meta":"","header-main-stick-meta":"","header-below-stick-meta":"","astra-migrate-meta-layouts":"set","ast-page-background-enabled":"default","ast-page-background-meta":{"desktop":{"background-color":"var(--ast-global-color-5)","background-image":"","background-repeat":"repeat","background-position":"center center","background-size":"auto","background-attachment":"scroll","background-type":"","background-media":"","overlay-type":"","overlay-color":"","overlay-opacity":"","overlay-gradient":""},"tablet":{"background-color":"","background-image":"","background-repeat":"repeat","background-position":"center center","background-size":"auto","background-attachment":"scroll","background-type":"","background-media":"","overlay-type":"","overlay-color":"","overlay-opacity":"","overlay-gradient":""},"mobile":{"background-color":"","background-image":"","background-repeat":"repeat","background-position":"center center","background-size":"auto","background-attachment":"scroll","background-type":"","background-media":"","overlay-type":"","overlay-color":"","overlay-opacity":"","overlay-gradient":""}},"ast-content-background-meta":{"desktop":{"background-color":"var(--ast-global-color-4)","background-image":"","background-repeat":"repeat","background-position":"center center","background-size":"auto","background-attachment":"scroll","background-type":"","background-media":"","overlay-type":"","overlay-color":"","overlay-opacity":"","overlay-gradient":""},"tablet":{"background-color":"var(--ast-global-color-4)","background-image":"","background-repeat":"repeat","background-position":"center center","background-size":"auto","background-attachment":"scroll","background-type":"","background-media":"","overlay-type":"","overlay-color":"","overlay-opacity":"","overlay-gradient":""},"mobile":{"background-color":"var(--ast-global-color-4)","background-image":"","background-repeat":"repeat","background-position":"center center","background-size":"auto","background-attachment":"scroll","background-type":"","background-media":"","overlay-type":"","overlay-color":"","overlay-opacity":"","overlay-gradient":""}}},"product_brand":[],"product_cat":[15],"product_tag":[],"class_list":{"0":"post-19872","1":"product","2":"type-product","3":"status-publish","4":"has-post-thumbnail","6":"product_cat-unkategorisiert","7":"pa_21629_ahn388m4-klein","8":"pa_21629_ahn388m4-mittel","9":"pa_21629_hgmrbxdg-gruen","10":"pa_21629_hgmrbxdg-rosa","11":"desktop-align-left","12":"tablet-align-left","13":"mobile-align-left","15":"first","16":"instock","17":"shipping-taxable","18":"purchasable","19":"product-type-variable","20":"has-default-attributes"},"yoast_head":"<!-- This site is optimized with the Yoast SEO plugin v26.6 - https:\/\/yoast.com\/wordpress\/plugins\/seo\/ -->\n<title>K\u00fchlmatte - Senbera DE<\/title>\n<meta name=\"robots\" content=\"index, follow, max-snippet:-1, max-image-preview:large, max-video-preview:-1\" \/>\n<link rel=\"canonical\" href=\"https:\/\/senbera.com\/de\/produkt\/kuehlmatte\/\" \/>\n<meta property=\"og:locale\" content=\"de_DE\" \/>\n<meta property=\"og:type\" content=\"article\" \/>\n<meta property=\"og:title\" content=\"K\u00fchlmatte - Senbera DE\" \/>\n<meta property=\"og:description\" content=\"K\u00fchlen Sie Ihr Haustier ab &#8211; mit der K\u00fchlmatte f\u00fcr Haustiere mit Kissen! Diese K\u00fchlmatte hilft Ihrem Hund oder Ihrer [&hellip;]\" \/>\n<meta property=\"og:url\" content=\"https:\/\/senbera.com\/de\/produkt\/kuehlmatte\/\" \/>\n<meta property=\"og:site_name\" content=\"Senbera DE\" \/>\n<meta property=\"article:modified_time\" content=\"2026-01-15T18:24:53+00:00\" \/>\n<meta name=\"twitter:card\" content=\"summary_large_image\" \/>\n<meta name=\"twitter:label1\" content=\"Gesch\u00e4tzte Lesezeit\" \/>\n\t<meta name=\"twitter:data1\" content=\"1\u00a0Minute\" \/>\n<script type=\"application\/ld+json\" class=\"yoast-schema-graph\">{\"@context\":\"https:\/\/schema.org\",\"@graph\":[{\"@type\":\"WebPage\",\"@id\":\"https:\/\/senbera.com\/de\/produkt\/kuehlmatte\/\",\"url\":\"https:\/\/senbera.com\/de\/produkt\/kuehlmatte\/\",\"name\":\"K\u00fchlmatte - Senbera DE\",\"isPartOf\":{\"@id\":\"https:\/\/senbera.com\/de\/#website\"},\"primaryImageOfPage\":{\"@id\":\"https:\/\/senbera.com\/de\/produkt\/kuehlmatte\/#primaryimage\"},\"image\":{\"@id\":\"https:\/\/senbera.com\/de\/produkt\/kuehlmatte\/#primaryimage\"},\"thumbnailUrl\":\"https:\/\/senbera.com\/de\/wp-content\/uploads\/sites\/21\/2026\/01\/9asls9v-1.webp\",\"datePublished\":\"2026-01-15T18:24:37+00:00\",\"dateModified\":\"2026-01-15T18:24:53+00:00\",\"breadcrumb\":{\"@id\":\"https:\/\/senbera.com\/de\/produkt\/kuehlmatte\/#breadcrumb\"},\"inLanguage\":\"de\",\"potentialAction\":[{\"@type\":\"ReadAction\",\"target\":[\"https:\/\/senbera.com\/de\/produkt\/kuehlmatte\/\"]}]},{\"@type\":\"ImageObject\",\"inLanguage\":\"de\",\"@id\":\"https:\/\/senbera.com\/de\/produkt\/kuehlmatte\/#primaryimage\",\"url\":\"https:\/\/senbera.com\/de\/wp-content\/uploads\/sites\/21\/2026\/01\/9asls9v-1.webp\",\"contentUrl\":\"https:\/\/senbera.com\/de\/wp-content\/uploads\/sites\/21\/2026\/01\/9asls9v-1.webp\",\"width\":800,\"height\":800},{\"@type\":\"BreadcrumbList\",\"@id\":\"https:\/\/senbera.com\/de\/produkt\/kuehlmatte\/#breadcrumb\",\"itemListElement\":[{\"@type\":\"ListItem\",\"position\":1,\"name\":\"Home\",\"item\":\"https:\/\/senbera.com\/de\/\"},{\"@type\":\"ListItem\",\"position\":2,\"name\":\"Shop\",\"item\":\"https:\/\/senbera.com\/de\/shop\/\"},{\"@type\":\"ListItem\",\"position\":3,\"name\":\"K\u00fchlmatte\"}]},{\"@type\":\"WebSite\",\"@id\":\"https:\/\/senbera.com\/de\/#website\",\"url\":\"https:\/\/senbera.com\/de\/\",\"name\":\"Senbera DE\",\"description\":\"\",\"publisher\":{\"@id\":\"https:\/\/senbera.com\/de\/#organization\"},\"potentialAction\":[{\"@type\":\"SearchAction\",\"target\":{\"@type\":\"EntryPoint\",\"urlTemplate\":\"https:\/\/senbera.com\/de\/?s={search_term_string}\"},\"query-input\":{\"@type\":\"PropertyValueSpecification\",\"valueRequired\":true,\"valueName\":\"search_term_string\"}}],\"inLanguage\":\"de\"},{\"@type\":\"Organization\",\"@id\":\"https:\/\/senbera.com\/de\/#organization\",\"name\":\"Mekulo\",\"url\":\"https:\/\/senbera.com\/de\/\",\"logo\":{\"@type\":\"ImageObject\",\"inLanguage\":\"de\",\"@id\":\"https:\/\/senbera.com\/de\/#\/schema\/logo\/image\/\",\"url\":\"https:\/\/senbera.com\/de\/wp-content\/uploads\/sites\/21\/2025\/12\/favicon_mekulo.png\",\"contentUrl\":\"https:\/\/senbera.com\/de\/wp-content\/uploads\/sites\/21\/2025\/12\/favicon_mekulo.png\",\"width\":50,\"height\":50,\"caption\":\"Mekulo\"},\"image\":{\"@id\":\"https:\/\/senbera.com\/de\/#\/schema\/logo\/image\/\"}}]}<\/script>\n<!-- \/ Yoast SEO plugin. -->","yoast_head_json":{"title":"K\u00fchlmatte - Senbera DE","robots":{"index":"index","follow":"follow","max-snippet":"max-snippet:-1","max-image-preview":"max-image-preview:large","max-video-preview":"max-video-preview:-1"},"canonical":"https:\/\/senbera.com\/de\/produkt\/kuehlmatte\/","og_locale":"de_DE","og_type":"article","og_title":"K\u00fchlmatte - Senbera DE","og_description":"K\u00fchlen Sie Ihr Haustier ab &#8211; mit der K\u00fchlmatte f\u00fcr Haustiere mit Kissen! Diese K\u00fchlmatte hilft Ihrem Hund oder Ihrer [&hellip;]","og_url":"https:\/\/senbera.com\/de\/produkt\/kuehlmatte\/","og_site_name":"Senbera DE","article_modified_time":"2026-01-15T18:24:53+00:00","twitter_card":"summary_large_image","twitter_misc":{"Gesch\u00e4tzte Lesezeit":"1\u00a0Minute"},"schema":{"@context":"https:\/\/schema.org","@graph":[{"@type":"WebPage","@id":"https:\/\/senbera.com\/de\/produkt\/kuehlmatte\/","url":"https:\/\/senbera.com\/de\/produkt\/kuehlmatte\/","name":"K\u00fchlmatte - Senbera DE","isPartOf":{"@id":"https:\/\/senbera.com\/de\/#website"},"primaryImageOfPage":{"@id":"https:\/\/senbera.com\/de\/produkt\/kuehlmatte\/#primaryimage"},"image":{"@id":"https:\/\/senbera.com\/de\/produkt\/kuehlmatte\/#primaryimage"},"thumbnailUrl":"https:\/\/senbera.com\/de\/wp-content\/uploads\/sites\/21\/2026\/01\/9asls9v-1.webp","datePublished":"2026-01-15T18:24:37+00:00","dateModified":"2026-01-15T18:24:53+00:00","breadcrumb":{"@id":"https:\/\/senbera.com\/de\/produkt\/kuehlmatte\/#breadcrumb"},"inLanguage":"de","potentialAction":[{"@type":"ReadAction","target":["https:\/\/senbera.com\/de\/produkt\/kuehlmatte\/"]}]},{"@type":"ImageObject","inLanguage":"de","@id":"https:\/\/senbera.com\/de\/produkt\/kuehlmatte\/#primaryimage","url":"https:\/\/senbera.com\/de\/wp-content\/uploads\/sites\/21\/2026\/01\/9asls9v-1.webp","contentUrl":"https:\/\/senbera.com\/de\/wp-content\/uploads\/sites\/21\/2026\/01\/9asls9v-1.webp","width":800,"height":800},{"@type":"BreadcrumbList","@id":"https:\/\/senbera.com\/de\/produkt\/kuehlmatte\/#breadcrumb","itemListElement":[{"@type":"ListItem","position":1,"name":"Home","item":"https:\/\/senbera.com\/de\/"},{"@type":"ListItem","position":2,"name":"Shop","item":"https:\/\/senbera.com\/de\/shop\/"},{"@type":"ListItem","position":3,"name":"K\u00fchlmatte"}]},{"@type":"WebSite","@id":"https:\/\/senbera.com\/de\/#website","url":"https:\/\/senbera.com\/de\/","name":"Senbera DE","description":"","publisher":{"@id":"https:\/\/senbera.com\/de\/#organization"},"potentialAction":[{"@type":"SearchAction","target":{"@type":"EntryPoint","urlTemplate":"https:\/\/senbera.com\/de\/?s={search_term_string}"},"query-input":{"@type":"PropertyValueSpecification","valueRequired":true,"valueName":"search_term_string"}}],"inLanguage":"de"},{"@type":"Organization","@id":"https:\/\/senbera.com\/de\/#organization","name":"Mekulo","url":"https:\/\/senbera.com\/de\/","logo":{"@type":"ImageObject","inLanguage":"de","@id":"https:\/\/senbera.com\/de\/#\/schema\/logo\/image\/","url":"https:\/\/senbera.com\/de\/wp-content\/uploads\/sites\/21\/2025\/12\/favicon_mekulo.png","contentUrl":"https:\/\/senbera.com\/de\/wp-content\/uploads\/sites\/21\/2025\/12\/favicon_mekulo.png","width":50,"height":50,"caption":"Mekulo"},"image":{"@id":"https:\/\/senbera.com\/de\/#\/schema\/logo\/image\/"}}]}},"_links":{"self":[{"href":"https:\/\/senbera.com\/de\/wp-json\/wp\/v2\/product\/19872","targetHints":{"allow":["GET"]}}],"collection":[{"href":"https:\/\/senbera.com\/de\/wp-json\/wp\/v2\/product"}],"about":[{"href":"https:\/\/senbera.com\/de\/wp-json\/wp\/v2\/types\/product"}],"replies":[{"embeddable":true,"href":"https:\/\/senbera.com\/de\/wp-json\/wp\/v2\/comments?post=19872"}],"wp:featuredmedia":[{"embeddable":true,"href":"https:\/\/senbera.com\/de\/wp-json\/wp\/v2\/media\/19868"}],"wp:attachment":[{"href":"https:\/\/senbera.com\/de\/wp-json\/wp\/v2\/media?parent=19872"}],"wp:term":[{"taxonomy":"product_brand","embeddable":true,"href":"https:\/\/senbera.com\/de\/wp-json\/wp\/v2\/product_brand?post=19872"},{"taxonomy":"product_cat","embeddable":true,"href":"https:\/\/senbera.com\/de\/wp-json\/wp\/v2\/product_cat?post=19872"},{"taxonomy":"product_tag","embeddable":true,"href":"https:\/\/senbera.com\/de\/wp-json\/wp\/v2\/product_tag?post=19872"}],"curies":[{"name":"wp","href":"https:\/\/api.w.org\/{rel}","templated":true}]}}