{"id":19853,"date":"2026-01-15T20:22:56","date_gmt":"2026-01-15T18:22:56","guid":{"rendered":"https:\/\/senbera.com\/de\/produkt\/bluetooth-ohrstoepsel\/"},"modified":"2026-01-15T20:23:14","modified_gmt":"2026-01-15T18:23:14","slug":"bluetooth-ohrstoepsel","status":"publish","type":"product","link":"https:\/\/senbera.com\/de\/produkt\/bluetooth-ohrstoepsel\/","title":{"rendered":"Bluetooth-Ohrst\u00f6psel"},"content":{"rendered":"<p style=\"text-align: center\"><strong>H\u00f6ren Sie jeden Beat &#8211; mit den romino T6 bluetooth earbuds!<\/strong><\/p>\n<p style=\"text-align: center\"><span style=\"font-weight: 400\">Smart, stylisch und mit starkem Sound. <\/span><span style=\"font-size: 16px;font-weight: 400\">Diese kabellosen Ohrh\u00f6rer sorgen f\u00fcr klare Anrufe, tiefe B\u00e4sse und ganzt\u00e4gigen Tragekomfort.<\/span><\/p>\n<p><img decoding=\"async\" class=\"size-full wp-image-16463 aligncenter\" src=\"https:\/\/keluvo.com\/template\/wp-content\/uploads\/sites\/5\/2025\/04\/erabuds1-ezgif.com-video-to-webp-converter.webp\" alt=\"\" \/><\/p>\n<h2 style=\"text-align: center\">Hauptvorteile<\/h2>\n<p><span style=\"font-weight: 400\">\u00a0\u2705 <\/span><b>Kristallklare Anrufe<\/b><span style=\"font-weight: 400\"> \u2013 ENC-Rauschunterdr\u00fcckung sorgt daf\u00fcr, dass Ihre Stimme gut zu h\u00f6ren ist<\/span><\/p>\n<p><span style=\"font-weight: 400\"> \u2705 <\/span><b>Satter HiFi-Sound<\/b><span style=\"font-weight: 400\"> \u2013 Gro\u00dfer Klang mit tiefen B\u00e4ssen und breitem Klangfeld<\/span><\/p>\n<p><span style=\"font-weight: 400\"> \u2705 <\/span><b>One-Touch-Steuerung<\/b><span style=\"font-weight: 400\"> \u2013 Tippen Sie auf Wiedergabe, Pause, Lautst\u00e4rkeregelung oder Anrufe<\/span><\/p>\n<p><span style=\"font-weight: 400\"> \u2705 <\/span><b>Lange Wiedergabezeit<\/b><span style=\"font-weight: 400\"> \u2013 28 Stunden Musik mit der Ladeh\u00fclle<\/span><\/p>\n<p><span style=\"font-weight: 400\"> \u2705 <\/span><b>Schnelles Aufladen<\/b><span style=\"font-weight: 400\"> \u2013 10 Minuten Laden = 1.5 Stunden Musikwiedergabe<\/span><\/p>\n<p><span style=\"font-weight: 400\"> \u2705 <\/span><b>Automatisches Pairing<\/b><span style=\"font-weight: 400\"> \u2013 \u00d6ffnen Sie das Etui und es wird sofort eine Verbindung hergestellt<\/span><\/p>\n<p><span style=\"font-weight: 400\"> \u2705 <\/span><b>LED-Akku-Anzeige<\/b><span style=\"font-weight: 400\"> \u2013 Sie haben immer den \u00dcberblick \u00fcber Ihren Ladestand<\/span><\/p>\n<p><span style=\"font-weight: 400\"> \u2705 <\/span><b>Wasserdicht und schwei\u00dfresistent<\/b><span style=\"font-weight: 400\"> \u2013 ideal f\u00fcr das Fitnessstudio oder den Regen<\/span><\/p>\n<p><img decoding=\"async\" class=\"size-full wp-image-16468 aligncenter\" src=\"https:\/\/keluvo.com\/template\/wp-content\/uploads\/sites\/5\/2025\/04\/1af8b956-8125-45c8-92d2-bd05e369f2cb.webp\" alt=\"\" \/><\/p>\n<h2 style=\"text-align: center\">Diese Bluetooth-Kopfh\u00f6rer sehen toll aus und klingen gro\u00dfartig!<\/h2>\n<p style=\"text-align: center\"><span style=\"font-weight: 400\">Diese Bluetooth-Kopfh\u00f6rer sind f\u00fcr Musik, Anrufe und Komfort gemacht. Sie bieten schnelles Pairing, Touch-Bedienung und ein schlankes Geh\u00e4use mit LED-Stromanzeige. Perfekt f\u00fcr die Arbeit, auf Reisen, beim Training oder einfach zum Entspannen.<\/span><\/p>\n<h2 style=\"text-align: center\">Wie zu verwenden<\/h2>\n<ol>\n<li style=\"font-weight: 400\"><span style=\"font-weight: 400\">\u00d6ffnen Sie das Etui in der N\u00e4he Ihres Telefons.<\/span><\/li>\n<li style=\"font-weight: 400\"><span style=\"font-weight: 400\">Warten Sie, bis es sich automatisch verbindet (das erste Mal dauert nur eine Sekunde).<\/span><\/li>\n<li style=\"font-weight: 400\"><span style=\"font-weight: 400\">Tippen Sie auf die Ohrh\u00f6rer, um sie abzuspielen, zu pausieren oder einen Anruf entgegenzunehmen.<\/span><\/li>\n<li style=\"font-weight: 400\"><span style=\"font-weight: 400\">Legen Sie sie zum Aufladen zur\u00fcck in das Etui.<\/span><\/li>\n<\/ol>\n<h2 style=\"text-align: center\">Lieferumfang<\/h2>\n<ul>\n<li style=\"font-weight: 400\"><span style=\"font-weight: 400\">1x Paar ROMINO T6 Bluetooth-Kopfh\u00f6rer<\/span><\/li>\n<li style=\"font-weight: 400\"><span style=\"font-weight: 400\">1x Ladeetui mit LED-Anzeige<\/span><\/li>\n<li style=\"font-weight: 400\"><span style=\"font-weight: 400\">1x USB-C-Ladekabel<\/span><\/li>\n<li style=\"font-weight: 400\"><span style=\"font-weight: 400\">1x Bedienungsanleitung.<\/span><\/li>\n<\/ul>\n","protected":false},"excerpt":{"rendered":"<p>H\u00f6ren Sie jeden Beat &#8211; mit den romino T6 bluetooth earbuds! Smart, stylisch und mit starkem Sound. Diese kabellosen Ohrh\u00f6rer [&hellip;]<\/p>\n","protected":false},"featured_media":19849,"comment_status":"open","ping_status":"closed","template":"","meta":{"site-sidebar-layout":"default","site-content-layout":"","ast-site-content-layout":"default","site-content-style":"default","site-sidebar-style":"default","ast-global-header-display":"","ast-banner-title-visibility":"","ast-main-header-display":"","ast-hfb-above-header-display":"","ast-hfb-below-header-display":"","ast-hfb-mobile-header-display":"","site-post-title":"","ast-breadcrumbs-content":"","ast-featured-img":"","footer-sml-layout":"","ast-disable-related-posts":"","theme-transparent-header-meta":"default","adv-header-id-meta":"","stick-header-meta":"","header-above-stick-meta":"","header-main-stick-meta":"","header-below-stick-meta":"","astra-migrate-meta-layouts":"set","ast-page-background-enabled":"default","ast-page-background-meta":{"desktop":{"background-color":"var(--ast-global-color-5)","background-image":"","background-repeat":"repeat","background-position":"center center","background-size":"auto","background-attachment":"scroll","background-type":"","background-media":"","overlay-type":"","overlay-color":"","overlay-opacity":"","overlay-gradient":""},"tablet":{"background-color":"","background-image":"","background-repeat":"repeat","background-position":"center center","background-size":"auto","background-attachment":"scroll","background-type":"","background-media":"","overlay-type":"","overlay-color":"","overlay-opacity":"","overlay-gradient":""},"mobile":{"background-color":"","background-image":"","background-repeat":"repeat","background-position":"center center","background-size":"auto","background-attachment":"scroll","background-type":"","background-media":"","overlay-type":"","overlay-color":"","overlay-opacity":"","overlay-gradient":""}},"ast-content-background-meta":{"desktop":{"background-color":"var(--ast-global-color-4)","background-image":"","background-repeat":"repeat","background-position":"center center","background-size":"auto","background-attachment":"scroll","background-type":"","background-media":"","overlay-type":"","overlay-color":"","overlay-opacity":"","overlay-gradient":""},"tablet":{"background-color":"var(--ast-global-color-4)","background-image":"","background-repeat":"repeat","background-position":"center center","background-size":"auto","background-attachment":"scroll","background-type":"","background-media":"","overlay-type":"","overlay-color":"","overlay-opacity":"","overlay-gradient":""},"mobile":{"background-color":"var(--ast-global-color-4)","background-image":"","background-repeat":"repeat","background-position":"center center","background-size":"auto","background-attachment":"scroll","background-type":"","background-media":"","overlay-type":"","overlay-color":"","overlay-opacity":"","overlay-gradient":""}}},"product_brand":[],"product_cat":[15],"product_tag":[],"class_list":{"0":"post-19853","1":"product","2":"type-product","3":"status-publish","4":"has-post-thumbnail","6":"product_cat-unkategorisiert","7":"pa_34984_e65a3zel-blau","8":"pa_34984_e65a3zel-gruen","9":"pa_34984_e65a3zel-rosa","10":"pa_34984_e65a3zel-schwarz","11":"pa_34984_e65a3zel-weiss","12":"desktop-align-left","13":"tablet-align-left","14":"mobile-align-left","16":"first","17":"instock","18":"shipping-taxable","19":"purchasable","20":"product-type-variable"},"yoast_head":"<!-- This site is optimized with the Yoast SEO plugin v27.4 - https:\/\/yoast.com\/product\/yoast-seo-wordpress\/ -->\n<title>Bluetooth-Ohrst\u00f6psel - Senbera DE<\/title>\n<meta name=\"robots\" content=\"index, follow, max-snippet:-1, max-image-preview:large, max-video-preview:-1\" \/>\n<link rel=\"canonical\" href=\"https:\/\/senbera.com\/de\/produkt\/bluetooth-ohrstoepsel\/\" \/>\n<meta property=\"og:locale\" content=\"de_DE\" \/>\n<meta property=\"og:type\" content=\"article\" \/>\n<meta property=\"og:title\" content=\"Bluetooth-Ohrst\u00f6psel - Senbera DE\" \/>\n<meta property=\"og:description\" content=\"H\u00f6ren Sie jeden Beat &#8211; mit den romino T6 bluetooth earbuds! Smart, stylisch und mit starkem Sound. Diese kabellosen Ohrh\u00f6rer [&hellip;]\" \/>\n<meta property=\"og:url\" content=\"https:\/\/senbera.com\/de\/produkt\/bluetooth-ohrstoepsel\/\" \/>\n<meta property=\"og:site_name\" content=\"Senbera DE\" \/>\n<meta property=\"article:modified_time\" content=\"2026-01-15T18:23:14+00:00\" \/>\n<meta name=\"twitter:card\" content=\"summary_large_image\" \/>\n<meta name=\"twitter:label1\" content=\"Gesch\u00e4tzte Lesezeit\" \/>\n\t<meta name=\"twitter:data1\" content=\"1\u00a0Minute\" \/>\n<script type=\"application\/ld+json\" class=\"yoast-schema-graph\">{\"@context\":\"https:\\\/\\\/schema.org\",\"@graph\":[{\"@type\":\"WebPage\",\"@id\":\"https:\\\/\\\/senbera.com\\\/de\\\/produkt\\\/bluetooth-ohrstoepsel\\\/\",\"url\":\"https:\\\/\\\/senbera.com\\\/de\\\/produkt\\\/bluetooth-ohrstoepsel\\\/\",\"name\":\"Bluetooth-Ohrst\u00f6psel - Senbera DE\",\"isPartOf\":{\"@id\":\"https:\\\/\\\/senbera.com\\\/de\\\/#website\"},\"primaryImageOfPage\":{\"@id\":\"https:\\\/\\\/senbera.com\\\/de\\\/produkt\\\/bluetooth-ohrstoepsel\\\/#primaryimage\"},\"image\":{\"@id\":\"https:\\\/\\\/senbera.com\\\/de\\\/produkt\\\/bluetooth-ohrstoepsel\\\/#primaryimage\"},\"thumbnailUrl\":\"https:\\\/\\\/senbera.com\\\/de\\\/wp-content\\\/uploads\\\/sites\\\/21\\\/2026\\\/01\\\/8h1071o-1.webp\",\"datePublished\":\"2026-01-15T18:22:56+00:00\",\"dateModified\":\"2026-01-15T18:23:14+00:00\",\"breadcrumb\":{\"@id\":\"https:\\\/\\\/senbera.com\\\/de\\\/produkt\\\/bluetooth-ohrstoepsel\\\/#breadcrumb\"},\"inLanguage\":\"de\",\"potentialAction\":[{\"@type\":\"ReadAction\",\"target\":[\"https:\\\/\\\/senbera.com\\\/de\\\/produkt\\\/bluetooth-ohrstoepsel\\\/\"]}]},{\"@type\":\"ImageObject\",\"inLanguage\":\"de\",\"@id\":\"https:\\\/\\\/senbera.com\\\/de\\\/produkt\\\/bluetooth-ohrstoepsel\\\/#primaryimage\",\"url\":\"https:\\\/\\\/senbera.com\\\/de\\\/wp-content\\\/uploads\\\/sites\\\/21\\\/2026\\\/01\\\/8h1071o-1.webp\",\"contentUrl\":\"https:\\\/\\\/senbera.com\\\/de\\\/wp-content\\\/uploads\\\/sites\\\/21\\\/2026\\\/01\\\/8h1071o-1.webp\",\"width\":600,\"height\":600},{\"@type\":\"BreadcrumbList\",\"@id\":\"https:\\\/\\\/senbera.com\\\/de\\\/produkt\\\/bluetooth-ohrstoepsel\\\/#breadcrumb\",\"itemListElement\":[{\"@type\":\"ListItem\",\"position\":1,\"name\":\"Home\",\"item\":\"https:\\\/\\\/senbera.com\\\/de\\\/\"},{\"@type\":\"ListItem\",\"position\":2,\"name\":\"Shop\",\"item\":\"https:\\\/\\\/senbera.com\\\/de\\\/shop\\\/\"},{\"@type\":\"ListItem\",\"position\":3,\"name\":\"Bluetooth-Ohrst\u00f6psel\"}]},{\"@type\":\"WebSite\",\"@id\":\"https:\\\/\\\/senbera.com\\\/de\\\/#website\",\"url\":\"https:\\\/\\\/senbera.com\\\/de\\\/\",\"name\":\"Senbera DE\",\"description\":\"\",\"publisher\":{\"@id\":\"https:\\\/\\\/senbera.com\\\/de\\\/#organization\"},\"potentialAction\":[{\"@type\":\"SearchAction\",\"target\":{\"@type\":\"EntryPoint\",\"urlTemplate\":\"https:\\\/\\\/senbera.com\\\/de\\\/?s={search_term_string}\"},\"query-input\":{\"@type\":\"PropertyValueSpecification\",\"valueRequired\":true,\"valueName\":\"search_term_string\"}}],\"inLanguage\":\"de\"},{\"@type\":\"Organization\",\"@id\":\"https:\\\/\\\/senbera.com\\\/de\\\/#organization\",\"name\":\"Mekulo\",\"url\":\"https:\\\/\\\/senbera.com\\\/de\\\/\",\"logo\":{\"@type\":\"ImageObject\",\"inLanguage\":\"de\",\"@id\":\"https:\\\/\\\/senbera.com\\\/de\\\/#\\\/schema\\\/logo\\\/image\\\/\",\"url\":\"https:\\\/\\\/senbera.com\\\/de\\\/wp-content\\\/uploads\\\/sites\\\/21\\\/2025\\\/12\\\/favicon_mekulo.png\",\"contentUrl\":\"https:\\\/\\\/senbera.com\\\/de\\\/wp-content\\\/uploads\\\/sites\\\/21\\\/2025\\\/12\\\/favicon_mekulo.png\",\"width\":50,\"height\":50,\"caption\":\"Mekulo\"},\"image\":{\"@id\":\"https:\\\/\\\/senbera.com\\\/de\\\/#\\\/schema\\\/logo\\\/image\\\/\"}}]}<\/script>\n<!-- \/ Yoast SEO plugin. -->","yoast_head_json":{"title":"Bluetooth-Ohrst\u00f6psel - Senbera DE","robots":{"index":"index","follow":"follow","max-snippet":"max-snippet:-1","max-image-preview":"max-image-preview:large","max-video-preview":"max-video-preview:-1"},"canonical":"https:\/\/senbera.com\/de\/produkt\/bluetooth-ohrstoepsel\/","og_locale":"de_DE","og_type":"article","og_title":"Bluetooth-Ohrst\u00f6psel - Senbera DE","og_description":"H\u00f6ren Sie jeden Beat &#8211; mit den romino T6 bluetooth earbuds! Smart, stylisch und mit starkem Sound. Diese kabellosen Ohrh\u00f6rer [&hellip;]","og_url":"https:\/\/senbera.com\/de\/produkt\/bluetooth-ohrstoepsel\/","og_site_name":"Senbera DE","article_modified_time":"2026-01-15T18:23:14+00:00","twitter_card":"summary_large_image","twitter_misc":{"Gesch\u00e4tzte Lesezeit":"1\u00a0Minute"},"schema":{"@context":"https:\/\/schema.org","@graph":[{"@type":"WebPage","@id":"https:\/\/senbera.com\/de\/produkt\/bluetooth-ohrstoepsel\/","url":"https:\/\/senbera.com\/de\/produkt\/bluetooth-ohrstoepsel\/","name":"Bluetooth-Ohrst\u00f6psel - Senbera DE","isPartOf":{"@id":"https:\/\/senbera.com\/de\/#website"},"primaryImageOfPage":{"@id":"https:\/\/senbera.com\/de\/produkt\/bluetooth-ohrstoepsel\/#primaryimage"},"image":{"@id":"https:\/\/senbera.com\/de\/produkt\/bluetooth-ohrstoepsel\/#primaryimage"},"thumbnailUrl":"https:\/\/senbera.com\/de\/wp-content\/uploads\/sites\/21\/2026\/01\/8h1071o-1.webp","datePublished":"2026-01-15T18:22:56+00:00","dateModified":"2026-01-15T18:23:14+00:00","breadcrumb":{"@id":"https:\/\/senbera.com\/de\/produkt\/bluetooth-ohrstoepsel\/#breadcrumb"},"inLanguage":"de","potentialAction":[{"@type":"ReadAction","target":["https:\/\/senbera.com\/de\/produkt\/bluetooth-ohrstoepsel\/"]}]},{"@type":"ImageObject","inLanguage":"de","@id":"https:\/\/senbera.com\/de\/produkt\/bluetooth-ohrstoepsel\/#primaryimage","url":"https:\/\/senbera.com\/de\/wp-content\/uploads\/sites\/21\/2026\/01\/8h1071o-1.webp","contentUrl":"https:\/\/senbera.com\/de\/wp-content\/uploads\/sites\/21\/2026\/01\/8h1071o-1.webp","width":600,"height":600},{"@type":"BreadcrumbList","@id":"https:\/\/senbera.com\/de\/produkt\/bluetooth-ohrstoepsel\/#breadcrumb","itemListElement":[{"@type":"ListItem","position":1,"name":"Home","item":"https:\/\/senbera.com\/de\/"},{"@type":"ListItem","position":2,"name":"Shop","item":"https:\/\/senbera.com\/de\/shop\/"},{"@type":"ListItem","position":3,"name":"Bluetooth-Ohrst\u00f6psel"}]},{"@type":"WebSite","@id":"https:\/\/senbera.com\/de\/#website","url":"https:\/\/senbera.com\/de\/","name":"Senbera DE","description":"","publisher":{"@id":"https:\/\/senbera.com\/de\/#organization"},"potentialAction":[{"@type":"SearchAction","target":{"@type":"EntryPoint","urlTemplate":"https:\/\/senbera.com\/de\/?s={search_term_string}"},"query-input":{"@type":"PropertyValueSpecification","valueRequired":true,"valueName":"search_term_string"}}],"inLanguage":"de"},{"@type":"Organization","@id":"https:\/\/senbera.com\/de\/#organization","name":"Mekulo","url":"https:\/\/senbera.com\/de\/","logo":{"@type":"ImageObject","inLanguage":"de","@id":"https:\/\/senbera.com\/de\/#\/schema\/logo\/image\/","url":"https:\/\/senbera.com\/de\/wp-content\/uploads\/sites\/21\/2025\/12\/favicon_mekulo.png","contentUrl":"https:\/\/senbera.com\/de\/wp-content\/uploads\/sites\/21\/2025\/12\/favicon_mekulo.png","width":50,"height":50,"caption":"Mekulo"},"image":{"@id":"https:\/\/senbera.com\/de\/#\/schema\/logo\/image\/"}}]}},"_links":{"self":[{"href":"https:\/\/senbera.com\/de\/wp-json\/wp\/v2\/product\/19853","targetHints":{"allow":["GET"]}}],"collection":[{"href":"https:\/\/senbera.com\/de\/wp-json\/wp\/v2\/product"}],"about":[{"href":"https:\/\/senbera.com\/de\/wp-json\/wp\/v2\/types\/product"}],"replies":[{"embeddable":true,"href":"https:\/\/senbera.com\/de\/wp-json\/wp\/v2\/comments?post=19853"}],"wp:featuredmedia":[{"embeddable":true,"href":"https:\/\/senbera.com\/de\/wp-json\/wp\/v2\/media\/19849"}],"wp:attachment":[{"href":"https:\/\/senbera.com\/de\/wp-json\/wp\/v2\/media?parent=19853"}],"wp:term":[{"taxonomy":"product_brand","embeddable":true,"href":"https:\/\/senbera.com\/de\/wp-json\/wp\/v2\/product_brand?post=19853"},{"taxonomy":"product_cat","embeddable":true,"href":"https:\/\/senbera.com\/de\/wp-json\/wp\/v2\/product_cat?post=19853"},{"taxonomy":"product_tag","embeddable":true,"href":"https:\/\/senbera.com\/de\/wp-json\/wp\/v2\/product_tag?post=19853"}],"curies":[{"name":"wp","href":"https:\/\/api.w.org\/{rel}","templated":true}]}}