{"id":19844,"date":"2026-01-15T20:21:20","date_gmt":"2026-01-15T18:21:20","guid":{"rendered":"https:\/\/senbera.com\/de\/produkt\/taschenlampen-multimeter\/"},"modified":"2026-01-15T20:21:20","modified_gmt":"2026-01-15T18:21:20","slug":"taschenlampen-multimeter","status":"publish","type":"product","link":"https:\/\/senbera.com\/de\/produkt\/taschenlampen-multimeter\/","title":{"rendered":"Taschenlampen-Multimeter"},"content":{"rendered":"<p style=\"text-align: center\"><strong>Testen Sie Mit Zuversicht \u2013 Mit Dem Intelligenten Digitalmultimeter!<\/strong><\/p>\n<p style=\"text-align: center\"><span style=\"font-weight: 400\">Einfach, schnell und sicher zu jeder Zeit. <\/span><span style=\"font-size: 16px;font-weight: 400\">Dieses Multimeter hilft Ihnen, Elektrizit\u00e4t zu testen, Elektronik zu reparieren und Probleme in Schaltkreisen schnell und sicher zu finden. Es leuchtet, warnt mit Ton und passt in Ihre Hand.<\/span><\/p>\n<p><img decoding=\"async\" class=\"size-full wp-image-16455 aligncenter\" src=\"https:\/\/keluvo.com\/template\/wp-content\/uploads\/sites\/5\/2025\/04\/multimeter-ezgif.com-video-to-webp-converter.webp\" alt=\"\" \/><\/p>\n<h2 style=\"text-align: center\">Hauptvorteile<\/h2>\n<p><span style=\"font-weight: 400\">\u2705 <\/span><b>Helles Zweifarben-Display<\/b><span style=\"font-weight: 400\"> \u2013 Gr\u00fcn bedeutet sicher, rot zeigt stromf\u00fchrende Leitung an<\/span><\/p>\n<p><span style=\"font-weight: 400\"> \u2705 <\/span><b>Schnelles USB-C-Laden<\/b><span style=\"font-weight: 400\"> \u2013 Eingebauter Akku l\u00e4dt einfach mit jedem Typ-C-Kabel<\/span><\/p>\n<p><span style=\"font-weight: 400\"> \u2705 <\/span><b>Sicher und intelligent<\/b><span style=\"font-weight: 400\"> \u2013 Kein Kontakt erforderlich, um Leitungen zu pr\u00fcfen. Sie bleiben sicher.<\/span><\/p>\n<p><span style=\"font-weight: 400\"> \u2705 <\/span><b>All-in-One-Werkzeug<\/b><span style=\"font-weight: 400\"> \u2013 Pr\u00fcft Spannung, Widerstand, Dioden, Kondensatoren und mehr<\/span><\/p>\n<p><span style=\"font-weight: 400\"> \u2705 <\/span><b>Lichter und Alarme<\/b><span style=\"font-weight: 400\"> \u2013 Inklusive Taschenlampe + Alarme, um Gefahren deutlich anzuzeigen<\/span><\/p>\n<p><img decoding=\"async\" class=\"size-full wp-image-16456 aligncenter\" src=\"https:\/\/keluvo.com\/template\/wp-content\/uploads\/sites\/5\/2025\/04\/f69ac8bc-edb8-4e27-9eb5-9e0a0568bc75.webp\" alt=\"\" \/><\/p>\n<h2 style=\"text-align: center\">\u00dcberpr\u00fcfen Sie Die Verdrahtung Sicher!<\/h2>\n<p style=\"text-align: center\"><span style=\"font-weight: 400\">Ob Sie Ihre Hausverkabelung \u00fcberpr\u00fcfen, Elektronik reparieren oder einfach nur kleine Probleme l\u00f6sen &#8211; dieses intelligente Multimeter ist das perfekte Werkzeug. Es zeigt klare Ergebnisse an, sorgt f\u00fcr Sicherheit und ist auch im Dunkeln einfach zu bedienen.<\/span><\/p>\n<h2 style=\"text-align: center\">Wie Zu Benutzen<\/h2>\n<ol>\n<li style=\"font-weight: 400\"><span style=\"font-weight: 400\">Schalten Sie das Multimeter ein.<\/span><\/li>\n<li style=\"font-weight: 400\"><span style=\"font-weight: 400\">W\u00e4hlen Sie den Modus (Spannung, Widerstand, etc.).<\/span><\/li>\n<li style=\"font-weight: 400\"><span style=\"font-weight: 400\">Ber\u00fchren Sie den Teststift auf das, was Sie \u00fcberpr\u00fcfen m\u00f6chten.<\/span><\/li>\n<li style=\"font-weight: 400\"><span style=\"font-weight: 400\">Lesen Sie das Ergebnis auf dem Bildschirm \u2013 rot oder gr\u00fcn wird Sie leiten.<\/span><\/li>\n<li style=\"font-weight: 400\"><span style=\"font-weight: 400\">Verwenden Sie die Taschenlampe, wenn Sie an dunklen Orten arbeiten.<\/span><\/li>\n<\/ol>\n<h2 style=\"text-align: center\">Paket Beinhaltet<\/h2>\n<ul>\n<li style=\"font-weight: 400\"><span style=\"font-weight: 400\">1x digitales Multimeter<\/span><\/li>\n<li style=\"font-weight: 400\"><span style=\"font-weight: 400\">1x Teststift<\/span><\/li>\n<li style=\"font-weight: 400\">1x Aufbewahrungstasche.<\/li>\n<\/ul>\n","protected":false},"excerpt":{"rendered":"<p>Testen Sie Mit Zuversicht \u2013 Mit Dem Intelligenten Digitalmultimeter! Einfach, schnell und sicher zu jeder Zeit. Dieses Multimeter hilft Ihnen, [&hellip;]<\/p>\n","protected":false},"featured_media":19840,"comment_status":"open","ping_status":"closed","template":"","meta":{"site-sidebar-layout":"default","site-content-layout":"","ast-site-content-layout":"default","site-content-style":"default","site-sidebar-style":"default","ast-global-header-display":"","ast-banner-title-visibility":"","ast-main-header-display":"","ast-hfb-above-header-display":"","ast-hfb-below-header-display":"","ast-hfb-mobile-header-display":"","site-post-title":"","ast-breadcrumbs-content":"","ast-featured-img":"","footer-sml-layout":"","theme-transparent-header-meta":"default","adv-header-id-meta":"","stick-header-meta":"","header-above-stick-meta":"","header-main-stick-meta":"","header-below-stick-meta":"","astra-migrate-meta-layouts":"set","ast-page-background-enabled":"default","ast-page-background-meta":{"desktop":{"background-color":"var(--ast-global-color-5)","background-image":"","background-repeat":"repeat","background-position":"center center","background-size":"auto","background-attachment":"scroll","background-type":"","background-media":"","overlay-type":"","overlay-color":"","overlay-opacity":"","overlay-gradient":""},"tablet":{"background-color":"","background-image":"","background-repeat":"repeat","background-position":"center center","background-size":"auto","background-attachment":"scroll","background-type":"","background-media":"","overlay-type":"","overlay-color":"","overlay-opacity":"","overlay-gradient":""},"mobile":{"background-color":"","background-image":"","background-repeat":"repeat","background-position":"center center","background-size":"auto","background-attachment":"scroll","background-type":"","background-media":"","overlay-type":"","overlay-color":"","overlay-opacity":"","overlay-gradient":""}},"ast-content-background-meta":{"desktop":{"background-color":"var(--ast-global-color-4)","background-image":"","background-repeat":"repeat","background-position":"center center","background-size":"auto","background-attachment":"scroll","background-type":"","background-media":"","overlay-type":"","overlay-color":"","overlay-opacity":"","overlay-gradient":""},"tablet":{"background-color":"var(--ast-global-color-4)","background-image":"","background-repeat":"repeat","background-position":"center center","background-size":"auto","background-attachment":"scroll","background-type":"","background-media":"","overlay-type":"","overlay-color":"","overlay-opacity":"","overlay-gradient":""},"mobile":{"background-color":"var(--ast-global-color-4)","background-image":"","background-repeat":"repeat","background-position":"center center","background-size":"auto","background-attachment":"scroll","background-type":"","background-media":"","overlay-type":"","overlay-color":"","overlay-opacity":"","overlay-gradient":""}}},"product_brand":[],"product_cat":[15],"product_tag":[],"class_list":{"0":"post-19844","1":"product","2":"type-product","3":"status-publish","4":"has-post-thumbnail","6":"product_cat-unkategorisiert","7":"desktop-align-left","8":"tablet-align-left","9":"mobile-align-left","11":"first","12":"instock","13":"shipping-taxable","14":"purchasable","15":"product-type-simple"},"yoast_head":"<!-- This site is optimized with the Yoast SEO plugin v26.6 - https:\/\/yoast.com\/wordpress\/plugins\/seo\/ -->\n<title>Taschenlampen-Multimeter - Senbera DE<\/title>\n<meta name=\"robots\" content=\"index, follow, max-snippet:-1, max-image-preview:large, max-video-preview:-1\" \/>\n<link rel=\"canonical\" href=\"https:\/\/senbera.com\/de\/produkt\/taschenlampen-multimeter\/\" \/>\n<meta property=\"og:locale\" content=\"de_DE\" \/>\n<meta property=\"og:type\" content=\"article\" \/>\n<meta property=\"og:title\" content=\"Taschenlampen-Multimeter - Senbera DE\" \/>\n<meta property=\"og:description\" content=\"Testen Sie Mit Zuversicht \u2013 Mit Dem Intelligenten Digitalmultimeter! Einfach, schnell und sicher zu jeder Zeit. Dieses Multimeter hilft Ihnen, [&hellip;]\" \/>\n<meta property=\"og:url\" content=\"https:\/\/senbera.com\/de\/produkt\/taschenlampen-multimeter\/\" \/>\n<meta property=\"og:site_name\" content=\"Senbera DE\" \/>\n<meta name=\"twitter:card\" content=\"summary_large_image\" \/>\n<meta name=\"twitter:label1\" content=\"Gesch\u00e4tzte Lesezeit\" \/>\n\t<meta name=\"twitter:data1\" content=\"1\u00a0Minute\" \/>\n<script type=\"application\/ld+json\" class=\"yoast-schema-graph\">{\"@context\":\"https:\/\/schema.org\",\"@graph\":[{\"@type\":\"WebPage\",\"@id\":\"https:\/\/senbera.com\/de\/produkt\/taschenlampen-multimeter\/\",\"url\":\"https:\/\/senbera.com\/de\/produkt\/taschenlampen-multimeter\/\",\"name\":\"Taschenlampen-Multimeter - Senbera DE\",\"isPartOf\":{\"@id\":\"https:\/\/senbera.com\/de\/#website\"},\"primaryImageOfPage\":{\"@id\":\"https:\/\/senbera.com\/de\/produkt\/taschenlampen-multimeter\/#primaryimage\"},\"image\":{\"@id\":\"https:\/\/senbera.com\/de\/produkt\/taschenlampen-multimeter\/#primaryimage\"},\"thumbnailUrl\":\"https:\/\/senbera.com\/de\/wp-content\/uploads\/sites\/21\/2026\/01\/ixzid9l-1.webp\",\"datePublished\":\"2026-01-15T18:21:20+00:00\",\"breadcrumb\":{\"@id\":\"https:\/\/senbera.com\/de\/produkt\/taschenlampen-multimeter\/#breadcrumb\"},\"inLanguage\":\"de\",\"potentialAction\":[{\"@type\":\"ReadAction\",\"target\":[\"https:\/\/senbera.com\/de\/produkt\/taschenlampen-multimeter\/\"]}]},{\"@type\":\"ImageObject\",\"inLanguage\":\"de\",\"@id\":\"https:\/\/senbera.com\/de\/produkt\/taschenlampen-multimeter\/#primaryimage\",\"url\":\"https:\/\/senbera.com\/de\/wp-content\/uploads\/sites\/21\/2026\/01\/ixzid9l-1.webp\",\"contentUrl\":\"https:\/\/senbera.com\/de\/wp-content\/uploads\/sites\/21\/2026\/01\/ixzid9l-1.webp\",\"width\":800,\"height\":800},{\"@type\":\"BreadcrumbList\",\"@id\":\"https:\/\/senbera.com\/de\/produkt\/taschenlampen-multimeter\/#breadcrumb\",\"itemListElement\":[{\"@type\":\"ListItem\",\"position\":1,\"name\":\"Home\",\"item\":\"https:\/\/senbera.com\/de\/\"},{\"@type\":\"ListItem\",\"position\":2,\"name\":\"Shop\",\"item\":\"https:\/\/senbera.com\/de\/shop\/\"},{\"@type\":\"ListItem\",\"position\":3,\"name\":\"Taschenlampen-Multimeter\"}]},{\"@type\":\"WebSite\",\"@id\":\"https:\/\/senbera.com\/de\/#website\",\"url\":\"https:\/\/senbera.com\/de\/\",\"name\":\"Senbera DE\",\"description\":\"\",\"publisher\":{\"@id\":\"https:\/\/senbera.com\/de\/#organization\"},\"potentialAction\":[{\"@type\":\"SearchAction\",\"target\":{\"@type\":\"EntryPoint\",\"urlTemplate\":\"https:\/\/senbera.com\/de\/?s={search_term_string}\"},\"query-input\":{\"@type\":\"PropertyValueSpecification\",\"valueRequired\":true,\"valueName\":\"search_term_string\"}}],\"inLanguage\":\"de\"},{\"@type\":\"Organization\",\"@id\":\"https:\/\/senbera.com\/de\/#organization\",\"name\":\"Mekulo\",\"url\":\"https:\/\/senbera.com\/de\/\",\"logo\":{\"@type\":\"ImageObject\",\"inLanguage\":\"de\",\"@id\":\"https:\/\/senbera.com\/de\/#\/schema\/logo\/image\/\",\"url\":\"https:\/\/senbera.com\/de\/wp-content\/uploads\/sites\/21\/2025\/12\/favicon_mekulo.png\",\"contentUrl\":\"https:\/\/senbera.com\/de\/wp-content\/uploads\/sites\/21\/2025\/12\/favicon_mekulo.png\",\"width\":50,\"height\":50,\"caption\":\"Mekulo\"},\"image\":{\"@id\":\"https:\/\/senbera.com\/de\/#\/schema\/logo\/image\/\"}}]}<\/script>\n<!-- \/ Yoast SEO plugin. -->","yoast_head_json":{"title":"Taschenlampen-Multimeter - Senbera DE","robots":{"index":"index","follow":"follow","max-snippet":"max-snippet:-1","max-image-preview":"max-image-preview:large","max-video-preview":"max-video-preview:-1"},"canonical":"https:\/\/senbera.com\/de\/produkt\/taschenlampen-multimeter\/","og_locale":"de_DE","og_type":"article","og_title":"Taschenlampen-Multimeter - Senbera DE","og_description":"Testen Sie Mit Zuversicht \u2013 Mit Dem Intelligenten Digitalmultimeter! Einfach, schnell und sicher zu jeder Zeit. Dieses Multimeter hilft Ihnen, [&hellip;]","og_url":"https:\/\/senbera.com\/de\/produkt\/taschenlampen-multimeter\/","og_site_name":"Senbera DE","twitter_card":"summary_large_image","twitter_misc":{"Gesch\u00e4tzte Lesezeit":"1\u00a0Minute"},"schema":{"@context":"https:\/\/schema.org","@graph":[{"@type":"WebPage","@id":"https:\/\/senbera.com\/de\/produkt\/taschenlampen-multimeter\/","url":"https:\/\/senbera.com\/de\/produkt\/taschenlampen-multimeter\/","name":"Taschenlampen-Multimeter - Senbera DE","isPartOf":{"@id":"https:\/\/senbera.com\/de\/#website"},"primaryImageOfPage":{"@id":"https:\/\/senbera.com\/de\/produkt\/taschenlampen-multimeter\/#primaryimage"},"image":{"@id":"https:\/\/senbera.com\/de\/produkt\/taschenlampen-multimeter\/#primaryimage"},"thumbnailUrl":"https:\/\/senbera.com\/de\/wp-content\/uploads\/sites\/21\/2026\/01\/ixzid9l-1.webp","datePublished":"2026-01-15T18:21:20+00:00","breadcrumb":{"@id":"https:\/\/senbera.com\/de\/produkt\/taschenlampen-multimeter\/#breadcrumb"},"inLanguage":"de","potentialAction":[{"@type":"ReadAction","target":["https:\/\/senbera.com\/de\/produkt\/taschenlampen-multimeter\/"]}]},{"@type":"ImageObject","inLanguage":"de","@id":"https:\/\/senbera.com\/de\/produkt\/taschenlampen-multimeter\/#primaryimage","url":"https:\/\/senbera.com\/de\/wp-content\/uploads\/sites\/21\/2026\/01\/ixzid9l-1.webp","contentUrl":"https:\/\/senbera.com\/de\/wp-content\/uploads\/sites\/21\/2026\/01\/ixzid9l-1.webp","width":800,"height":800},{"@type":"BreadcrumbList","@id":"https:\/\/senbera.com\/de\/produkt\/taschenlampen-multimeter\/#breadcrumb","itemListElement":[{"@type":"ListItem","position":1,"name":"Home","item":"https:\/\/senbera.com\/de\/"},{"@type":"ListItem","position":2,"name":"Shop","item":"https:\/\/senbera.com\/de\/shop\/"},{"@type":"ListItem","position":3,"name":"Taschenlampen-Multimeter"}]},{"@type":"WebSite","@id":"https:\/\/senbera.com\/de\/#website","url":"https:\/\/senbera.com\/de\/","name":"Senbera DE","description":"","publisher":{"@id":"https:\/\/senbera.com\/de\/#organization"},"potentialAction":[{"@type":"SearchAction","target":{"@type":"EntryPoint","urlTemplate":"https:\/\/senbera.com\/de\/?s={search_term_string}"},"query-input":{"@type":"PropertyValueSpecification","valueRequired":true,"valueName":"search_term_string"}}],"inLanguage":"de"},{"@type":"Organization","@id":"https:\/\/senbera.com\/de\/#organization","name":"Mekulo","url":"https:\/\/senbera.com\/de\/","logo":{"@type":"ImageObject","inLanguage":"de","@id":"https:\/\/senbera.com\/de\/#\/schema\/logo\/image\/","url":"https:\/\/senbera.com\/de\/wp-content\/uploads\/sites\/21\/2025\/12\/favicon_mekulo.png","contentUrl":"https:\/\/senbera.com\/de\/wp-content\/uploads\/sites\/21\/2025\/12\/favicon_mekulo.png","width":50,"height":50,"caption":"Mekulo"},"image":{"@id":"https:\/\/senbera.com\/de\/#\/schema\/logo\/image\/"}}]}},"_links":{"self":[{"href":"https:\/\/senbera.com\/de\/wp-json\/wp\/v2\/product\/19844","targetHints":{"allow":["GET"]}}],"collection":[{"href":"https:\/\/senbera.com\/de\/wp-json\/wp\/v2\/product"}],"about":[{"href":"https:\/\/senbera.com\/de\/wp-json\/wp\/v2\/types\/product"}],"replies":[{"embeddable":true,"href":"https:\/\/senbera.com\/de\/wp-json\/wp\/v2\/comments?post=19844"}],"wp:featuredmedia":[{"embeddable":true,"href":"https:\/\/senbera.com\/de\/wp-json\/wp\/v2\/media\/19840"}],"wp:attachment":[{"href":"https:\/\/senbera.com\/de\/wp-json\/wp\/v2\/media?parent=19844"}],"wp:term":[{"taxonomy":"product_brand","embeddable":true,"href":"https:\/\/senbera.com\/de\/wp-json\/wp\/v2\/product_brand?post=19844"},{"taxonomy":"product_cat","embeddable":true,"href":"https:\/\/senbera.com\/de\/wp-json\/wp\/v2\/product_cat?post=19844"},{"taxonomy":"product_tag","embeddable":true,"href":"https:\/\/senbera.com\/de\/wp-json\/wp\/v2\/product_tag?post=19844"}],"curies":[{"name":"wp","href":"https:\/\/api.w.org\/{rel}","templated":true}]}}