{"id":19748,"date":"2026-01-15T20:14:27","date_gmt":"2026-01-15T18:14:27","guid":{"rendered":"https:\/\/senbera.com\/de\/produkt\/vorhang-krawatten\/"},"modified":"2026-01-15T20:14:42","modified_gmt":"2026-01-15T18:14:42","slug":"vorhang-krawatten","status":"publish","type":"product","link":"https:\/\/senbera.com\/de\/produkt\/vorhang-krawatten\/","title":{"rendered":"Vorhang-Krawatten"},"content":{"rendered":"<p style=\"text-align: center\"><strong>Binden Sie Mit Stil Zur\u00fcck \u2013 Mit 3D-Blumen-Gardinenkn\u00f6pfen!<\/strong><\/p>\n<p style=\"text-align: center\"><span style=\"font-weight: 400\">Sch\u00f6n, einfach und ohne Werkzeug<\/span><\/p>\n<p style=\"text-align: center\"><span style=\"font-weight: 400\"> Diese h\u00fcbschen Gardinenkn\u00f6pfe lassen Ihre Fenster wundersch\u00f6n aussehen und halten Ihre Gardinen an Ort und Stelle. Keine Bohrungen oder Haken &#8211; einfach aufwickeln und los geht&#8217;s!<\/span><\/p>\n<p><img decoding=\"async\" class=\"size-full wp-image-16300 aligncenter\" src=\"https:\/\/keluvo.com\/template\/wp-content\/uploads\/sites\/5\/2025\/04\/ezgif.com-video-to-webp-converter-1.webp\" alt=\"\" \/><\/p>\n<h2 style=\"text-align: center\">Hauptvorteile<\/h2>\n<p><span style=\"font-weight: 400\">\u2705 <\/span><b>Werkzeugfreie Verwendung<\/b><span style=\"font-weight: 400\"> \u2013 Keine Schrauben oder Haken erforderlich, einfach aufwickeln und los geht&#8217;s<\/span><\/p>\n<p><span style=\"font-weight: 400\"> \u2705 <\/span><b>Passt zu den meisten Vorh\u00e4ngen<\/b><span style=\"font-weight: 400\"> \u2013 Funktioniert gro\u00dfartig mit leichten, durchsichtigen und schweren Vorh\u00e4ngen<\/span><\/p>\n<p><span style=\"font-weight: 400\"> \u2705 <\/span><b>Elegantes Design<\/b><span style=\"font-weight: 400\"> \u2013 3D-Blumen und Zweigmuster verleihen einen weichen, stilvollen Touch<\/span><\/p>\n<p><span style=\"font-weight: 400\"> \u2705 <\/span><b>Perfekt f\u00fcr jeden Raum<\/b><span style=\"font-weight: 400\"> \u2013 Verwenden Sie sie in Ihrem Schlafzimmer, Wohnzimmer, K\u00fcche oder B\u00fcro<\/span><\/p>\n<p><span style=\"font-weight: 400\"> \u2705 <\/span><b>Stark und flexibel<\/b><span style=\"font-weight: 400\"> \u2013 Hergestellt aus Baumwollmischung und Stahldraht f\u00fcr eine lange Lebensdauer<\/span><\/p>\n<p><img decoding=\"async\" class=\"size-full wp-image-16303 aligncenter\" src=\"https:\/\/keluvo.com\/template\/wp-content\/uploads\/sites\/5\/2025\/04\/cd2f35e4-50d4-4721-8edf-6c3b9fdcb184.webp\" alt=\"\" \/><\/p>\n<h2 style=\"text-align: center\">Kein Werkzeug, Kein \u00c4rger!<\/h2>\n<p style=\"text-align: center\"><span style=\"font-weight: 400\">Diese Gardinenhalter sind eine schnelle und h\u00fcbsche M\u00f6glichkeit, jeden Raum zu versch\u00f6nern. Ganz gleich, ob Sie Ihr Wohnzimmer versch\u00f6nern oder Ihr Schlafzimmer gem\u00fctlicher gestalten wollen, diese floralen B\u00e4nder verleihen Charme und halten Ihre Vorh\u00e4nge perfekt an ihrem Platz. Keine Werkzeuge, keine M\u00fche &#8211; nur Stil und Einfachheit.<\/span><\/p>\n<h2 style=\"text-align: center\">Wie Zu Verwenden<\/h2>\n<ol>\n<li style=\"font-weight: 400\"><span style=\"font-weight: 400\">Sammeln Sie Ihren Vorhang zur Seite.<\/span><\/li>\n<li style=\"font-weight: 400\"><span style=\"font-weight: 400\">Wickeln Sie die Krawatte um den Vorhang.<\/span><\/li>\n<li style=\"font-weight: 400\"><span style=\"font-weight: 400\">Verdrehen Sie die Enden, um sie zu fixieren.<\/span><\/li>\n<li style=\"font-weight: 400\"><span style=\"font-weight: 400\">Genie\u00dfen Sie den weichen, floralen Akzent in Ihrem Zimmer!<\/span><\/li>\n<\/ol>\n<h2 style=\"text-align: center\">Paket Beinhaltet<\/h2>\n<ul>\n<li style=\"font-weight: 400\"><span style=\"font-weight: 400\">1x Vorhang-Krawatte (L\u00e4nge: 45cm | Blumendurchmesser: 4cm)<\/span><span style=\"font-weight: 400\"><br \/>\n<\/span><\/li>\n<\/ul>\n","protected":false},"excerpt":{"rendered":"<p>Binden Sie Mit Stil Zur\u00fcck \u2013 Mit 3D-Blumen-Gardinenkn\u00f6pfen! Sch\u00f6n, einfach und ohne Werkzeug Diese h\u00fcbschen Gardinenkn\u00f6pfe lassen Ihre Fenster wundersch\u00f6n [&hellip;]<\/p>\n","protected":false},"featured_media":19744,"comment_status":"open","ping_status":"closed","template":"","meta":{"site-sidebar-layout":"default","site-content-layout":"","ast-site-content-layout":"default","site-content-style":"default","site-sidebar-style":"default","ast-global-header-display":"","ast-banner-title-visibility":"","ast-main-header-display":"","ast-hfb-above-header-display":"","ast-hfb-below-header-display":"","ast-hfb-mobile-header-display":"","site-post-title":"","ast-breadcrumbs-content":"","ast-featured-img":"","footer-sml-layout":"","theme-transparent-header-meta":"default","adv-header-id-meta":"","stick-header-meta":"","header-above-stick-meta":"","header-main-stick-meta":"","header-below-stick-meta":"","astra-migrate-meta-layouts":"set","ast-page-background-enabled":"default","ast-page-background-meta":{"desktop":{"background-color":"var(--ast-global-color-5)","background-image":"","background-repeat":"repeat","background-position":"center center","background-size":"auto","background-attachment":"scroll","background-type":"","background-media":"","overlay-type":"","overlay-color":"","overlay-opacity":"","overlay-gradient":""},"tablet":{"background-color":"","background-image":"","background-repeat":"repeat","background-position":"center center","background-size":"auto","background-attachment":"scroll","background-type":"","background-media":"","overlay-type":"","overlay-color":"","overlay-opacity":"","overlay-gradient":""},"mobile":{"background-color":"","background-image":"","background-repeat":"repeat","background-position":"center center","background-size":"auto","background-attachment":"scroll","background-type":"","background-media":"","overlay-type":"","overlay-color":"","overlay-opacity":"","overlay-gradient":""}},"ast-content-background-meta":{"desktop":{"background-color":"var(--ast-global-color-4)","background-image":"","background-repeat":"repeat","background-position":"center center","background-size":"auto","background-attachment":"scroll","background-type":"","background-media":"","overlay-type":"","overlay-color":"","overlay-opacity":"","overlay-gradient":""},"tablet":{"background-color":"var(--ast-global-color-4)","background-image":"","background-repeat":"repeat","background-position":"center center","background-size":"auto","background-attachment":"scroll","background-type":"","background-media":"","overlay-type":"","overlay-color":"","overlay-opacity":"","overlay-gradient":""},"mobile":{"background-color":"var(--ast-global-color-4)","background-image":"","background-repeat":"repeat","background-position":"center center","background-size":"auto","background-attachment":"scroll","background-type":"","background-media":"","overlay-type":"","overlay-color":"","overlay-opacity":"","overlay-gradient":""}}},"product_brand":[],"product_cat":[15],"product_tag":[],"class_list":{"0":"post-19748","1":"product","2":"type-product","3":"status-publish","4":"has-post-thumbnail","6":"product_cat-unkategorisiert","7":"pa_45102_3s5i0ynp-blau","8":"pa_45102_3s5i0ynp-braun","9":"pa_45102_3s5i0ynp-gray","10":"pa_45102_3s5i0ynp-rosa","11":"desktop-align-left","12":"tablet-align-left","13":"mobile-align-left","15":"first","16":"instock","17":"shipping-taxable","18":"purchasable","19":"product-type-variable"},"yoast_head":"<!-- This site is optimized with the Yoast SEO plugin v26.6 - https:\/\/yoast.com\/wordpress\/plugins\/seo\/ -->\n<title>Vorhang-Krawatten - Senbera DE<\/title>\n<meta name=\"robots\" content=\"index, follow, max-snippet:-1, max-image-preview:large, max-video-preview:-1\" \/>\n<link rel=\"canonical\" href=\"https:\/\/senbera.com\/de\/produkt\/vorhang-krawatten\/\" \/>\n<meta property=\"og:locale\" content=\"de_DE\" \/>\n<meta property=\"og:type\" content=\"article\" \/>\n<meta property=\"og:title\" content=\"Vorhang-Krawatten - Senbera DE\" \/>\n<meta property=\"og:description\" content=\"Binden Sie Mit Stil Zur\u00fcck \u2013 Mit 3D-Blumen-Gardinenkn\u00f6pfen! Sch\u00f6n, einfach und ohne Werkzeug Diese h\u00fcbschen Gardinenkn\u00f6pfe lassen Ihre Fenster wundersch\u00f6n [&hellip;]\" \/>\n<meta property=\"og:url\" content=\"https:\/\/senbera.com\/de\/produkt\/vorhang-krawatten\/\" \/>\n<meta property=\"og:site_name\" content=\"Senbera DE\" \/>\n<meta property=\"article:modified_time\" content=\"2026-01-15T18:14:42+00:00\" \/>\n<meta name=\"twitter:card\" content=\"summary_large_image\" \/>\n<meta name=\"twitter:label1\" content=\"Gesch\u00e4tzte Lesezeit\" \/>\n\t<meta name=\"twitter:data1\" content=\"1\u00a0Minute\" \/>\n<script type=\"application\/ld+json\" class=\"yoast-schema-graph\">{\"@context\":\"https:\/\/schema.org\",\"@graph\":[{\"@type\":\"WebPage\",\"@id\":\"https:\/\/senbera.com\/de\/produkt\/vorhang-krawatten\/\",\"url\":\"https:\/\/senbera.com\/de\/produkt\/vorhang-krawatten\/\",\"name\":\"Vorhang-Krawatten - Senbera DE\",\"isPartOf\":{\"@id\":\"https:\/\/senbera.com\/de\/#website\"},\"primaryImageOfPage\":{\"@id\":\"https:\/\/senbera.com\/de\/produkt\/vorhang-krawatten\/#primaryimage\"},\"image\":{\"@id\":\"https:\/\/senbera.com\/de\/produkt\/vorhang-krawatten\/#primaryimage\"},\"thumbnailUrl\":\"https:\/\/senbera.com\/de\/wp-content\/uploads\/sites\/21\/2026\/01\/p764gis-1.webp\",\"datePublished\":\"2026-01-15T18:14:27+00:00\",\"dateModified\":\"2026-01-15T18:14:42+00:00\",\"breadcrumb\":{\"@id\":\"https:\/\/senbera.com\/de\/produkt\/vorhang-krawatten\/#breadcrumb\"},\"inLanguage\":\"de\",\"potentialAction\":[{\"@type\":\"ReadAction\",\"target\":[\"https:\/\/senbera.com\/de\/produkt\/vorhang-krawatten\/\"]}]},{\"@type\":\"ImageObject\",\"inLanguage\":\"de\",\"@id\":\"https:\/\/senbera.com\/de\/produkt\/vorhang-krawatten\/#primaryimage\",\"url\":\"https:\/\/senbera.com\/de\/wp-content\/uploads\/sites\/21\/2026\/01\/p764gis-1.webp\",\"contentUrl\":\"https:\/\/senbera.com\/de\/wp-content\/uploads\/sites\/21\/2026\/01\/p764gis-1.webp\",\"width\":1000,\"height\":1000},{\"@type\":\"BreadcrumbList\",\"@id\":\"https:\/\/senbera.com\/de\/produkt\/vorhang-krawatten\/#breadcrumb\",\"itemListElement\":[{\"@type\":\"ListItem\",\"position\":1,\"name\":\"Home\",\"item\":\"https:\/\/senbera.com\/de\/\"},{\"@type\":\"ListItem\",\"position\":2,\"name\":\"Shop\",\"item\":\"https:\/\/senbera.com\/de\/shop\/\"},{\"@type\":\"ListItem\",\"position\":3,\"name\":\"Vorhang-Krawatten\"}]},{\"@type\":\"WebSite\",\"@id\":\"https:\/\/senbera.com\/de\/#website\",\"url\":\"https:\/\/senbera.com\/de\/\",\"name\":\"Senbera DE\",\"description\":\"\",\"publisher\":{\"@id\":\"https:\/\/senbera.com\/de\/#organization\"},\"potentialAction\":[{\"@type\":\"SearchAction\",\"target\":{\"@type\":\"EntryPoint\",\"urlTemplate\":\"https:\/\/senbera.com\/de\/?s={search_term_string}\"},\"query-input\":{\"@type\":\"PropertyValueSpecification\",\"valueRequired\":true,\"valueName\":\"search_term_string\"}}],\"inLanguage\":\"de\"},{\"@type\":\"Organization\",\"@id\":\"https:\/\/senbera.com\/de\/#organization\",\"name\":\"Mekulo\",\"url\":\"https:\/\/senbera.com\/de\/\",\"logo\":{\"@type\":\"ImageObject\",\"inLanguage\":\"de\",\"@id\":\"https:\/\/senbera.com\/de\/#\/schema\/logo\/image\/\",\"url\":\"https:\/\/senbera.com\/de\/wp-content\/uploads\/sites\/21\/2025\/12\/favicon_mekulo.png\",\"contentUrl\":\"https:\/\/senbera.com\/de\/wp-content\/uploads\/sites\/21\/2025\/12\/favicon_mekulo.png\",\"width\":50,\"height\":50,\"caption\":\"Mekulo\"},\"image\":{\"@id\":\"https:\/\/senbera.com\/de\/#\/schema\/logo\/image\/\"}}]}<\/script>\n<!-- \/ Yoast SEO plugin. -->","yoast_head_json":{"title":"Vorhang-Krawatten - Senbera DE","robots":{"index":"index","follow":"follow","max-snippet":"max-snippet:-1","max-image-preview":"max-image-preview:large","max-video-preview":"max-video-preview:-1"},"canonical":"https:\/\/senbera.com\/de\/produkt\/vorhang-krawatten\/","og_locale":"de_DE","og_type":"article","og_title":"Vorhang-Krawatten - Senbera DE","og_description":"Binden Sie Mit Stil Zur\u00fcck \u2013 Mit 3D-Blumen-Gardinenkn\u00f6pfen! Sch\u00f6n, einfach und ohne Werkzeug Diese h\u00fcbschen Gardinenkn\u00f6pfe lassen Ihre Fenster wundersch\u00f6n [&hellip;]","og_url":"https:\/\/senbera.com\/de\/produkt\/vorhang-krawatten\/","og_site_name":"Senbera DE","article_modified_time":"2026-01-15T18:14:42+00:00","twitter_card":"summary_large_image","twitter_misc":{"Gesch\u00e4tzte Lesezeit":"1\u00a0Minute"},"schema":{"@context":"https:\/\/schema.org","@graph":[{"@type":"WebPage","@id":"https:\/\/senbera.com\/de\/produkt\/vorhang-krawatten\/","url":"https:\/\/senbera.com\/de\/produkt\/vorhang-krawatten\/","name":"Vorhang-Krawatten - Senbera DE","isPartOf":{"@id":"https:\/\/senbera.com\/de\/#website"},"primaryImageOfPage":{"@id":"https:\/\/senbera.com\/de\/produkt\/vorhang-krawatten\/#primaryimage"},"image":{"@id":"https:\/\/senbera.com\/de\/produkt\/vorhang-krawatten\/#primaryimage"},"thumbnailUrl":"https:\/\/senbera.com\/de\/wp-content\/uploads\/sites\/21\/2026\/01\/p764gis-1.webp","datePublished":"2026-01-15T18:14:27+00:00","dateModified":"2026-01-15T18:14:42+00:00","breadcrumb":{"@id":"https:\/\/senbera.com\/de\/produkt\/vorhang-krawatten\/#breadcrumb"},"inLanguage":"de","potentialAction":[{"@type":"ReadAction","target":["https:\/\/senbera.com\/de\/produkt\/vorhang-krawatten\/"]}]},{"@type":"ImageObject","inLanguage":"de","@id":"https:\/\/senbera.com\/de\/produkt\/vorhang-krawatten\/#primaryimage","url":"https:\/\/senbera.com\/de\/wp-content\/uploads\/sites\/21\/2026\/01\/p764gis-1.webp","contentUrl":"https:\/\/senbera.com\/de\/wp-content\/uploads\/sites\/21\/2026\/01\/p764gis-1.webp","width":1000,"height":1000},{"@type":"BreadcrumbList","@id":"https:\/\/senbera.com\/de\/produkt\/vorhang-krawatten\/#breadcrumb","itemListElement":[{"@type":"ListItem","position":1,"name":"Home","item":"https:\/\/senbera.com\/de\/"},{"@type":"ListItem","position":2,"name":"Shop","item":"https:\/\/senbera.com\/de\/shop\/"},{"@type":"ListItem","position":3,"name":"Vorhang-Krawatten"}]},{"@type":"WebSite","@id":"https:\/\/senbera.com\/de\/#website","url":"https:\/\/senbera.com\/de\/","name":"Senbera DE","description":"","publisher":{"@id":"https:\/\/senbera.com\/de\/#organization"},"potentialAction":[{"@type":"SearchAction","target":{"@type":"EntryPoint","urlTemplate":"https:\/\/senbera.com\/de\/?s={search_term_string}"},"query-input":{"@type":"PropertyValueSpecification","valueRequired":true,"valueName":"search_term_string"}}],"inLanguage":"de"},{"@type":"Organization","@id":"https:\/\/senbera.com\/de\/#organization","name":"Mekulo","url":"https:\/\/senbera.com\/de\/","logo":{"@type":"ImageObject","inLanguage":"de","@id":"https:\/\/senbera.com\/de\/#\/schema\/logo\/image\/","url":"https:\/\/senbera.com\/de\/wp-content\/uploads\/sites\/21\/2025\/12\/favicon_mekulo.png","contentUrl":"https:\/\/senbera.com\/de\/wp-content\/uploads\/sites\/21\/2025\/12\/favicon_mekulo.png","width":50,"height":50,"caption":"Mekulo"},"image":{"@id":"https:\/\/senbera.com\/de\/#\/schema\/logo\/image\/"}}]}},"_links":{"self":[{"href":"https:\/\/senbera.com\/de\/wp-json\/wp\/v2\/product\/19748","targetHints":{"allow":["GET"]}}],"collection":[{"href":"https:\/\/senbera.com\/de\/wp-json\/wp\/v2\/product"}],"about":[{"href":"https:\/\/senbera.com\/de\/wp-json\/wp\/v2\/types\/product"}],"replies":[{"embeddable":true,"href":"https:\/\/senbera.com\/de\/wp-json\/wp\/v2\/comments?post=19748"}],"wp:featuredmedia":[{"embeddable":true,"href":"https:\/\/senbera.com\/de\/wp-json\/wp\/v2\/media\/19744"}],"wp:attachment":[{"href":"https:\/\/senbera.com\/de\/wp-json\/wp\/v2\/media?parent=19748"}],"wp:term":[{"taxonomy":"product_brand","embeddable":true,"href":"https:\/\/senbera.com\/de\/wp-json\/wp\/v2\/product_brand?post=19748"},{"taxonomy":"product_cat","embeddable":true,"href":"https:\/\/senbera.com\/de\/wp-json\/wp\/v2\/product_cat?post=19748"},{"taxonomy":"product_tag","embeddable":true,"href":"https:\/\/senbera.com\/de\/wp-json\/wp\/v2\/product_tag?post=19748"}],"curies":[{"name":"wp","href":"https:\/\/api.w.org\/{rel}","templated":true}]}}