{"id":19722,"date":"2026-01-15T20:12:15","date_gmt":"2026-01-15T18:12:15","guid":{"rendered":"https:\/\/senbera.com\/de\/produkt\/stirnband\/"},"modified":"2026-01-15T20:12:22","modified_gmt":"2026-01-15T18:12:22","slug":"stirnband","status":"publish","type":"product","link":"https:\/\/senbera.com\/de\/produkt\/stirnband\/","title":{"rendered":"Stirnband"},"content":{"rendered":"<p style=\"text-align: center\"><strong>Stylen Sie Ihr Haar In Sekundenschnelle \u2013 Mit Dem Doppel-Clip-Stirnband!<\/strong><\/p>\n<p style=\"text-align: center\"><span style=\"font-weight: 400\">Bleiben Sie s\u00fc\u00df, bequem und haben Sie die Kontrolle. <\/span><span style=\"font-size: 16px;font-weight: 400\">Dieses Stirnband ist leicht, stark und super einfach zu benutzen. Es h\u00e4lt dein Haar an Ort und Stelle und l\u00e4sst dich jederzeit und \u00fcberall tolle Frisuren kreieren.<\/span><\/p>\n<p><img decoding=\"async\" class=\"size-full wp-image-16280 aligncenter\" src=\"https:\/\/keluvo.com\/template\/wp-content\/uploads\/sites\/5\/2025\/04\/798e9d3d-94b2-4317-95f9-8c77f90002f6-ezgif.com-video-to-webp-converter.webp\" alt=\"\" \/><\/p>\n<h2 style=\"text-align: center\">Hauptvorteile<\/h2>\n<p><span style=\"font-weight: 400\">\u2705 <\/span><b>Weich und flexibel<\/b><span style=\"font-weight: 400\"> \u2013 Hergestellt aus starkem, aber sanftem ABS-Harz<\/span><\/p>\n<p><span style=\"font-weight: 400\"> \u2705 <\/span><b>Einfach zu tragen<\/b><span style=\"font-weight: 400\"> \u2013 F\u00fchlt sich leicht und bequem auf dem Kopf an<\/span><\/p>\n<p><span style=\"font-weight: 400\"> \u2705 <\/span><b>Keine Besch\u00e4digung<\/b><span style=\"font-weight: 400\"> \u2013 H\u00e4lt dein Haar, ohne zu ziehen oder zu verletzen<\/span><\/p>\n<p><span style=\"font-weight: 400\"> \u2705 <\/span><b>Individuelle Styles<\/b><span style=\"font-weight: 400\"> \u2013 8 eingebaute Clips erm\u00f6glichen es dir, dein Haar so zu formen, wie du es m\u00f6chtest<\/span><\/p>\n<p><span style=\"font-weight: 400\"> \u2705 <\/span><b>Doppellagiges Design<\/b><span style=\"font-weight: 400\"> \u2013 Eine Lage h\u00e4lt den Pony, die andere h\u00e4lt das Haar aus dem Gesicht<\/span><\/p>\n<p><img decoding=\"async\" class=\"size-full wp-image-16285 aligncenter\" src=\"https:\/\/keluvo.com\/template\/wp-content\/uploads\/sites\/5\/2025\/04\/2-12.jpg\" alt=\"\" \/><\/p>\n<h2 style=\"text-align: center\">Dies Ist Nicht Nur Ein Stirnband \u2013 Es Ist Dein T\u00e4glicher Haarhelfer.<\/h2>\n<p style=\"text-align: center\"><span style=\"font-weight: 400\">Verwenden Sie es, um lustige Frisuren f\u00fcr die Schule, die Arbeit oder zum Entspannen zu Hause zu kreieren. Es ist perfekt f\u00fcr alle Haartypen &#8211; lang, kurz, glatt oder lockig. <\/span><\/p>\n<h2 style=\"text-align: center\">Wie Zu Benutzen<\/h2>\n<ol>\n<li style=\"font-weight: 400\"><span style=\"font-weight: 400\">Legen Sie das Stirnband auf Ihren Kopf.<\/span><\/li>\n<li style=\"font-weight: 400\"><span style=\"font-weight: 400\">Nehmen Sie eine kleine Haarstr\u00e4hne.<\/span><\/li>\n<li style=\"font-weight: 400\"><span style=\"font-weight: 400\">Drehen Sie sie ein wenig und befestigen Sie sie mit den Clips.<\/span><\/li>\n<li style=\"font-weight: 400\"><span style=\"font-weight: 400\">Verwenden Sie so viele Clips, wie Sie m\u00f6chten, um Ihre Frisur zu formen.<\/span><\/li>\n<\/ol>\n<h2 style=\"text-align: center\">Lieferumfang<\/h2>\n<ul>\n<li style=\"font-weight: 400\"><span style=\"font-weight: 400\">1x Clip-Stirnband<\/span><\/li>\n<\/ul>\n","protected":false},"excerpt":{"rendered":"<p>Stylen Sie Ihr Haar In Sekundenschnelle \u2013 Mit Dem Doppel-Clip-Stirnband! Bleiben Sie s\u00fc\u00df, bequem und haben Sie die Kontrolle. Dieses [&hellip;]<\/p>\n","protected":false},"featured_media":19718,"comment_status":"open","ping_status":"closed","template":"","meta":{"site-sidebar-layout":"default","site-content-layout":"","ast-site-content-layout":"default","site-content-style":"default","site-sidebar-style":"default","ast-global-header-display":"","ast-banner-title-visibility":"","ast-main-header-display":"","ast-hfb-above-header-display":"","ast-hfb-below-header-display":"","ast-hfb-mobile-header-display":"","site-post-title":"","ast-breadcrumbs-content":"","ast-featured-img":"","footer-sml-layout":"","theme-transparent-header-meta":"default","adv-header-id-meta":"","stick-header-meta":"","header-above-stick-meta":"","header-main-stick-meta":"","header-below-stick-meta":"","astra-migrate-meta-layouts":"set","ast-page-background-enabled":"default","ast-page-background-meta":{"desktop":{"background-color":"var(--ast-global-color-5)","background-image":"","background-repeat":"repeat","background-position":"center center","background-size":"auto","background-attachment":"scroll","background-type":"","background-media":"","overlay-type":"","overlay-color":"","overlay-opacity":"","overlay-gradient":""},"tablet":{"background-color":"","background-image":"","background-repeat":"repeat","background-position":"center center","background-size":"auto","background-attachment":"scroll","background-type":"","background-media":"","overlay-type":"","overlay-color":"","overlay-opacity":"","overlay-gradient":""},"mobile":{"background-color":"","background-image":"","background-repeat":"repeat","background-position":"center center","background-size":"auto","background-attachment":"scroll","background-type":"","background-media":"","overlay-type":"","overlay-color":"","overlay-opacity":"","overlay-gradient":""}},"ast-content-background-meta":{"desktop":{"background-color":"var(--ast-global-color-4)","background-image":"","background-repeat":"repeat","background-position":"center center","background-size":"auto","background-attachment":"scroll","background-type":"","background-media":"","overlay-type":"","overlay-color":"","overlay-opacity":"","overlay-gradient":""},"tablet":{"background-color":"var(--ast-global-color-4)","background-image":"","background-repeat":"repeat","background-position":"center center","background-size":"auto","background-attachment":"scroll","background-type":"","background-media":"","overlay-type":"","overlay-color":"","overlay-opacity":"","overlay-gradient":""},"mobile":{"background-color":"var(--ast-global-color-4)","background-image":"","background-repeat":"repeat","background-position":"center center","background-size":"auto","background-attachment":"scroll","background-type":"","background-media":"","overlay-type":"","overlay-color":"","overlay-opacity":"","overlay-gradient":""}}},"product_brand":[],"product_cat":[15],"product_tag":[],"class_list":{"0":"post-19722","1":"product","2":"type-product","3":"status-publish","4":"has-post-thumbnail","6":"product_cat-unkategorisiert","7":"pa_36272_lbiwvmm7-braun","8":"pa_36272_lbiwvmm7-schwarz","9":"desktop-align-left","10":"tablet-align-left","11":"mobile-align-left","13":"first","14":"instock","15":"shipping-taxable","16":"purchasable","17":"product-type-variable"},"yoast_head":"<!-- This site is optimized with the Yoast SEO plugin v26.6 - https:\/\/yoast.com\/wordpress\/plugins\/seo\/ -->\n<title>Stirnband - Senbera DE<\/title>\n<meta name=\"robots\" content=\"index, follow, max-snippet:-1, max-image-preview:large, max-video-preview:-1\" \/>\n<link rel=\"canonical\" href=\"https:\/\/senbera.com\/de\/produkt\/stirnband\/\" \/>\n<meta property=\"og:locale\" content=\"de_DE\" \/>\n<meta property=\"og:type\" content=\"article\" \/>\n<meta property=\"og:title\" content=\"Stirnband - Senbera DE\" \/>\n<meta property=\"og:description\" content=\"Stylen Sie Ihr Haar In Sekundenschnelle \u2013 Mit Dem Doppel-Clip-Stirnband! Bleiben Sie s\u00fc\u00df, bequem und haben Sie die Kontrolle. Dieses [&hellip;]\" \/>\n<meta property=\"og:url\" content=\"https:\/\/senbera.com\/de\/produkt\/stirnband\/\" \/>\n<meta property=\"og:site_name\" content=\"Senbera DE\" \/>\n<meta property=\"article:modified_time\" content=\"2026-01-15T18:12:22+00:00\" \/>\n<meta name=\"twitter:card\" content=\"summary_large_image\" \/>\n<meta name=\"twitter:label1\" content=\"Gesch\u00e4tzte Lesezeit\" \/>\n\t<meta name=\"twitter:data1\" content=\"1\u00a0Minute\" \/>\n<script type=\"application\/ld+json\" class=\"yoast-schema-graph\">{\"@context\":\"https:\/\/schema.org\",\"@graph\":[{\"@type\":\"WebPage\",\"@id\":\"https:\/\/senbera.com\/de\/produkt\/stirnband\/\",\"url\":\"https:\/\/senbera.com\/de\/produkt\/stirnband\/\",\"name\":\"Stirnband - Senbera DE\",\"isPartOf\":{\"@id\":\"https:\/\/senbera.com\/de\/#website\"},\"primaryImageOfPage\":{\"@id\":\"https:\/\/senbera.com\/de\/produkt\/stirnband\/#primaryimage\"},\"image\":{\"@id\":\"https:\/\/senbera.com\/de\/produkt\/stirnband\/#primaryimage\"},\"thumbnailUrl\":\"https:\/\/senbera.com\/de\/wp-content\/uploads\/sites\/21\/2026\/01\/vh67j2o-1.webp\",\"datePublished\":\"2026-01-15T18:12:15+00:00\",\"dateModified\":\"2026-01-15T18:12:22+00:00\",\"breadcrumb\":{\"@id\":\"https:\/\/senbera.com\/de\/produkt\/stirnband\/#breadcrumb\"},\"inLanguage\":\"de\",\"potentialAction\":[{\"@type\":\"ReadAction\",\"target\":[\"https:\/\/senbera.com\/de\/produkt\/stirnband\/\"]}]},{\"@type\":\"ImageObject\",\"inLanguage\":\"de\",\"@id\":\"https:\/\/senbera.com\/de\/produkt\/stirnband\/#primaryimage\",\"url\":\"https:\/\/senbera.com\/de\/wp-content\/uploads\/sites\/21\/2026\/01\/vh67j2o-1.webp\",\"contentUrl\":\"https:\/\/senbera.com\/de\/wp-content\/uploads\/sites\/21\/2026\/01\/vh67j2o-1.webp\",\"width\":999,\"height\":890},{\"@type\":\"BreadcrumbList\",\"@id\":\"https:\/\/senbera.com\/de\/produkt\/stirnband\/#breadcrumb\",\"itemListElement\":[{\"@type\":\"ListItem\",\"position\":1,\"name\":\"Home\",\"item\":\"https:\/\/senbera.com\/de\/\"},{\"@type\":\"ListItem\",\"position\":2,\"name\":\"Shop\",\"item\":\"https:\/\/senbera.com\/de\/shop\/\"},{\"@type\":\"ListItem\",\"position\":3,\"name\":\"Stirnband\"}]},{\"@type\":\"WebSite\",\"@id\":\"https:\/\/senbera.com\/de\/#website\",\"url\":\"https:\/\/senbera.com\/de\/\",\"name\":\"Senbera DE\",\"description\":\"\",\"publisher\":{\"@id\":\"https:\/\/senbera.com\/de\/#organization\"},\"potentialAction\":[{\"@type\":\"SearchAction\",\"target\":{\"@type\":\"EntryPoint\",\"urlTemplate\":\"https:\/\/senbera.com\/de\/?s={search_term_string}\"},\"query-input\":{\"@type\":\"PropertyValueSpecification\",\"valueRequired\":true,\"valueName\":\"search_term_string\"}}],\"inLanguage\":\"de\"},{\"@type\":\"Organization\",\"@id\":\"https:\/\/senbera.com\/de\/#organization\",\"name\":\"Mekulo\",\"url\":\"https:\/\/senbera.com\/de\/\",\"logo\":{\"@type\":\"ImageObject\",\"inLanguage\":\"de\",\"@id\":\"https:\/\/senbera.com\/de\/#\/schema\/logo\/image\/\",\"url\":\"https:\/\/senbera.com\/de\/wp-content\/uploads\/sites\/21\/2025\/12\/favicon_mekulo.png\",\"contentUrl\":\"https:\/\/senbera.com\/de\/wp-content\/uploads\/sites\/21\/2025\/12\/favicon_mekulo.png\",\"width\":50,\"height\":50,\"caption\":\"Mekulo\"},\"image\":{\"@id\":\"https:\/\/senbera.com\/de\/#\/schema\/logo\/image\/\"}}]}<\/script>\n<!-- \/ Yoast SEO plugin. -->","yoast_head_json":{"title":"Stirnband - Senbera DE","robots":{"index":"index","follow":"follow","max-snippet":"max-snippet:-1","max-image-preview":"max-image-preview:large","max-video-preview":"max-video-preview:-1"},"canonical":"https:\/\/senbera.com\/de\/produkt\/stirnband\/","og_locale":"de_DE","og_type":"article","og_title":"Stirnband - Senbera DE","og_description":"Stylen Sie Ihr Haar In Sekundenschnelle \u2013 Mit Dem Doppel-Clip-Stirnband! Bleiben Sie s\u00fc\u00df, bequem und haben Sie die Kontrolle. Dieses [&hellip;]","og_url":"https:\/\/senbera.com\/de\/produkt\/stirnband\/","og_site_name":"Senbera DE","article_modified_time":"2026-01-15T18:12:22+00:00","twitter_card":"summary_large_image","twitter_misc":{"Gesch\u00e4tzte Lesezeit":"1\u00a0Minute"},"schema":{"@context":"https:\/\/schema.org","@graph":[{"@type":"WebPage","@id":"https:\/\/senbera.com\/de\/produkt\/stirnband\/","url":"https:\/\/senbera.com\/de\/produkt\/stirnband\/","name":"Stirnband - Senbera DE","isPartOf":{"@id":"https:\/\/senbera.com\/de\/#website"},"primaryImageOfPage":{"@id":"https:\/\/senbera.com\/de\/produkt\/stirnband\/#primaryimage"},"image":{"@id":"https:\/\/senbera.com\/de\/produkt\/stirnband\/#primaryimage"},"thumbnailUrl":"https:\/\/senbera.com\/de\/wp-content\/uploads\/sites\/21\/2026\/01\/vh67j2o-1.webp","datePublished":"2026-01-15T18:12:15+00:00","dateModified":"2026-01-15T18:12:22+00:00","breadcrumb":{"@id":"https:\/\/senbera.com\/de\/produkt\/stirnband\/#breadcrumb"},"inLanguage":"de","potentialAction":[{"@type":"ReadAction","target":["https:\/\/senbera.com\/de\/produkt\/stirnband\/"]}]},{"@type":"ImageObject","inLanguage":"de","@id":"https:\/\/senbera.com\/de\/produkt\/stirnband\/#primaryimage","url":"https:\/\/senbera.com\/de\/wp-content\/uploads\/sites\/21\/2026\/01\/vh67j2o-1.webp","contentUrl":"https:\/\/senbera.com\/de\/wp-content\/uploads\/sites\/21\/2026\/01\/vh67j2o-1.webp","width":999,"height":890},{"@type":"BreadcrumbList","@id":"https:\/\/senbera.com\/de\/produkt\/stirnband\/#breadcrumb","itemListElement":[{"@type":"ListItem","position":1,"name":"Home","item":"https:\/\/senbera.com\/de\/"},{"@type":"ListItem","position":2,"name":"Shop","item":"https:\/\/senbera.com\/de\/shop\/"},{"@type":"ListItem","position":3,"name":"Stirnband"}]},{"@type":"WebSite","@id":"https:\/\/senbera.com\/de\/#website","url":"https:\/\/senbera.com\/de\/","name":"Senbera DE","description":"","publisher":{"@id":"https:\/\/senbera.com\/de\/#organization"},"potentialAction":[{"@type":"SearchAction","target":{"@type":"EntryPoint","urlTemplate":"https:\/\/senbera.com\/de\/?s={search_term_string}"},"query-input":{"@type":"PropertyValueSpecification","valueRequired":true,"valueName":"search_term_string"}}],"inLanguage":"de"},{"@type":"Organization","@id":"https:\/\/senbera.com\/de\/#organization","name":"Mekulo","url":"https:\/\/senbera.com\/de\/","logo":{"@type":"ImageObject","inLanguage":"de","@id":"https:\/\/senbera.com\/de\/#\/schema\/logo\/image\/","url":"https:\/\/senbera.com\/de\/wp-content\/uploads\/sites\/21\/2025\/12\/favicon_mekulo.png","contentUrl":"https:\/\/senbera.com\/de\/wp-content\/uploads\/sites\/21\/2025\/12\/favicon_mekulo.png","width":50,"height":50,"caption":"Mekulo"},"image":{"@id":"https:\/\/senbera.com\/de\/#\/schema\/logo\/image\/"}}]}},"_links":{"self":[{"href":"https:\/\/senbera.com\/de\/wp-json\/wp\/v2\/product\/19722","targetHints":{"allow":["GET"]}}],"collection":[{"href":"https:\/\/senbera.com\/de\/wp-json\/wp\/v2\/product"}],"about":[{"href":"https:\/\/senbera.com\/de\/wp-json\/wp\/v2\/types\/product"}],"replies":[{"embeddable":true,"href":"https:\/\/senbera.com\/de\/wp-json\/wp\/v2\/comments?post=19722"}],"wp:featuredmedia":[{"embeddable":true,"href":"https:\/\/senbera.com\/de\/wp-json\/wp\/v2\/media\/19718"}],"wp:attachment":[{"href":"https:\/\/senbera.com\/de\/wp-json\/wp\/v2\/media?parent=19722"}],"wp:term":[{"taxonomy":"product_brand","embeddable":true,"href":"https:\/\/senbera.com\/de\/wp-json\/wp\/v2\/product_brand?post=19722"},{"taxonomy":"product_cat","embeddable":true,"href":"https:\/\/senbera.com\/de\/wp-json\/wp\/v2\/product_cat?post=19722"},{"taxonomy":"product_tag","embeddable":true,"href":"https:\/\/senbera.com\/de\/wp-json\/wp\/v2\/product_tag?post=19722"}],"curies":[{"name":"wp","href":"https:\/\/api.w.org\/{rel}","templated":true}]}}