{"id":19690,"date":"2026-01-15T12:09:00","date_gmt":"2026-01-15T10:09:00","guid":{"rendered":"https:\/\/senbera.com\/de\/produkt\/flicken-fuer-die-schuhreparatur\/"},"modified":"2026-01-15T12:09:17","modified_gmt":"2026-01-15T10:09:17","slug":"flicken-fuer-die-schuhreparatur","status":"publish","type":"product","link":"https:\/\/senbera.com\/de\/produkt\/flicken-fuer-die-schuhreparatur\/","title":{"rendered":"Flicken f\u00fcr die Schuhreparatur"},"content":{"rendered":"<p style=\"text-align: center\"><b>\ud83d\udc5e Reparieren Sie Ihre Schuhe schnell &#8211; mit dem Schuhflicken! \ud83d\udc5f<\/b><\/p>\n<p style=\"text-align: center\"><span style=\"font-weight: 400\">Dieser Flicken hilft dabei, abgenutzte Stellen in deinen Schuhen zu reparieren. Einfach den Flicken aufkleben und schon f\u00fchlen sich deine Schuhe wieder wie neu an.<\/span><\/p>\n<p><img decoding=\"async\" class=\"size-full wp-image-15744 aligncenter\" src=\"https:\/\/keluvo.com\/template\/wp-content\/uploads\/sites\/5\/2025\/04\/shoe-ezgif.com-video-to-webp-converter.webp\" alt=\"\" \/><\/p>\n<h2 style=\"text-align: center\">Hauptvorteile<\/h2>\n<p><b><\/b><span style=\"font-weight: 400\"> \u2705 <\/span><b>Schnelles Reparieren von L\u00f6chern in Schuhen<\/b><span style=\"font-weight: 400\"> &#8211; Deckt abgenutzte oder zerrissene Stellen in Schuhen ab<\/span><\/p>\n<p><span style=\"font-weight: 400\"> \u2705 <\/span><b>Verl\u00e4ngert die Lebensdauer von Schuhen<\/b><span style=\"font-weight: 400\"> &#8211; Sch\u00fctzt Fersen und Zehen vor Abnutzung<\/span><\/p>\n<p><span style=\"font-weight: 400\"> \u2705 <\/span><b>Einfache Anwendung<\/b><span style=\"font-weight: 400\"> &#8211; Einfach abziehen und aufkleben, keine Sauerei oder Klebstoff erforderlich<\/span><\/p>\n<p><span style=\"font-weight: 400\"> \u2705 <\/span><b>F\u00fchlt sich weich und bequem an<\/b><span style=\"font-weight: 400\"> &#8211; Hergestellt aus atmungsaktivem, weichem Faserleder<\/span><\/p>\n<p><span style=\"font-weight: 400\"> \u2705 <\/span><b>Passt sich perfekt an<\/b><span style=\"font-weight: 400\"> &#8211; Funktioniert bei fast allen Schuhtypen und -farben<\/span><\/p>\n<p><img decoding=\"async\" class=\"size-full wp-image-15748 aligncenter\" src=\"https:\/\/keluvo.com\/template\/wp-content\/uploads\/sites\/5\/2025\/04\/e66c9af8-3e2a-4c8d-87a3-fe8f331bcb0f.webp\" alt=\"\" \/><\/p>\n<h2 style=\"text-align: center\">Eine gro\u00dfartige L\u00f6sung f\u00fcr alle Schuhe!<\/h2>\n<p style=\"text-align: center\"><span style=\"font-weight: 400\">Dieses Produkt ist perfekt, wenn Ihre Schuhe von innen abgenutzt sind. Ob an der Ferse, an der Spitze oder an der Seite, kleben Sie einfach einen Flicken auf und tragen Sie Ihre Schuhe weiter, als w\u00e4re nie etwas passiert!<\/span><\/p>\n<h2 style=\"text-align: center\">Wie zu verwenden<\/h2>\n<ol>\n<li style=\"font-weight: 400\"><span style=\"font-weight: 400\">W\u00e4hlen Sie einen Flicken, der zu der abgenutzten Stelle passt.<\/span><\/li>\n<li style=\"font-weight: 400\"><span style=\"font-weight: 400\">Ziehen Sie das Papier auf der R\u00fcckseite ab.<\/span><\/li>\n<li style=\"font-weight: 400\"><span style=\"font-weight: 400\">Kleben Sie ihn fest auf die Innenseite Ihres Schuhs.<\/span><\/li>\n<li style=\"font-weight: 400\"><span style=\"font-weight: 400\">Dr\u00fccken Sie ihn ein paar Sekunden lang an &#8211; fertig!<\/span><\/li>\n<\/ol>\n<h2 style=\"text-align: center\">Lieferumfang<\/h2>\n<ul>\n<li style=\"font-weight: 400\"><span style=\"font-weight: 400\">4x selbstklebende Schuhflicken<\/span><\/li>\n<\/ul>\n","protected":false},"excerpt":{"rendered":"<p>\ud83d\udc5e Reparieren Sie Ihre Schuhe schnell &#8211; mit dem Schuhflicken! \ud83d\udc5f Dieser Flicken hilft dabei, abgenutzte Stellen in deinen Schuhen [&hellip;]<\/p>\n","protected":false},"featured_media":19686,"comment_status":"open","ping_status":"closed","template":"","meta":{"site-sidebar-layout":"default","site-content-layout":"","ast-site-content-layout":"default","site-content-style":"default","site-sidebar-style":"default","ast-global-header-display":"","ast-banner-title-visibility":"","ast-main-header-display":"","ast-hfb-above-header-display":"","ast-hfb-below-header-display":"","ast-hfb-mobile-header-display":"","site-post-title":"","ast-breadcrumbs-content":"","ast-featured-img":"","footer-sml-layout":"","ast-disable-related-posts":"","theme-transparent-header-meta":"default","adv-header-id-meta":"","stick-header-meta":"","header-above-stick-meta":"","header-main-stick-meta":"","header-below-stick-meta":"","astra-migrate-meta-layouts":"set","ast-page-background-enabled":"default","ast-page-background-meta":{"desktop":{"background-color":"var(--ast-global-color-5)","background-image":"","background-repeat":"repeat","background-position":"center center","background-size":"auto","background-attachment":"scroll","background-type":"","background-media":"","overlay-type":"","overlay-color":"","overlay-opacity":"","overlay-gradient":""},"tablet":{"background-color":"","background-image":"","background-repeat":"repeat","background-position":"center center","background-size":"auto","background-attachment":"scroll","background-type":"","background-media":"","overlay-type":"","overlay-color":"","overlay-opacity":"","overlay-gradient":""},"mobile":{"background-color":"","background-image":"","background-repeat":"repeat","background-position":"center center","background-size":"auto","background-attachment":"scroll","background-type":"","background-media":"","overlay-type":"","overlay-color":"","overlay-opacity":"","overlay-gradient":""}},"ast-content-background-meta":{"desktop":{"background-color":"var(--ast-global-color-4)","background-image":"","background-repeat":"repeat","background-position":"center center","background-size":"auto","background-attachment":"scroll","background-type":"","background-media":"","overlay-type":"","overlay-color":"","overlay-opacity":"","overlay-gradient":""},"tablet":{"background-color":"var(--ast-global-color-4)","background-image":"","background-repeat":"repeat","background-position":"center center","background-size":"auto","background-attachment":"scroll","background-type":"","background-media":"","overlay-type":"","overlay-color":"","overlay-opacity":"","overlay-gradient":""},"mobile":{"background-color":"var(--ast-global-color-4)","background-image":"","background-repeat":"repeat","background-position":"center center","background-size":"auto","background-attachment":"scroll","background-type":"","background-media":"","overlay-type":"","overlay-color":"","overlay-opacity":"","overlay-gradient":""}}},"product_brand":[],"product_cat":[15],"product_tag":[],"class_list":{"0":"post-19690","1":"product","2":"type-product","3":"status-publish","4":"has-post-thumbnail","6":"product_cat-unkategorisiert","7":"pa_16315_mnm96a79-beige","8":"pa_16315_mnm96a79-gray","9":"pa_16315_mnm96a79-rot","10":"pa_16315_mnm96a79-schwarz","11":"pa_16315_mnm96a79-weiss","12":"desktop-align-left","13":"tablet-align-left","14":"mobile-align-left","16":"first","17":"instock","18":"shipping-taxable","19":"purchasable","20":"product-type-variable"},"yoast_head":"<!-- This site is optimized with the Yoast SEO plugin v27.4 - https:\/\/yoast.com\/product\/yoast-seo-wordpress\/ -->\n<title>Flicken f\u00fcr die Schuhreparatur - Senbera DE<\/title>\n<meta name=\"robots\" content=\"index, follow, max-snippet:-1, max-image-preview:large, max-video-preview:-1\" \/>\n<link rel=\"canonical\" href=\"https:\/\/senbera.com\/de\/produkt\/flicken-fuer-die-schuhreparatur\/\" \/>\n<meta property=\"og:locale\" content=\"de_DE\" \/>\n<meta property=\"og:type\" content=\"article\" \/>\n<meta property=\"og:title\" content=\"Flicken f\u00fcr die Schuhreparatur - Senbera DE\" \/>\n<meta property=\"og:description\" content=\"\ud83d\udc5e Reparieren Sie Ihre Schuhe schnell &#8211; mit dem Schuhflicken! \ud83d\udc5f Dieser Flicken hilft dabei, abgenutzte Stellen in deinen Schuhen [&hellip;]\" \/>\n<meta property=\"og:url\" content=\"https:\/\/senbera.com\/de\/produkt\/flicken-fuer-die-schuhreparatur\/\" \/>\n<meta property=\"og:site_name\" content=\"Senbera DE\" \/>\n<meta property=\"article:modified_time\" content=\"2026-01-15T10:09:17+00:00\" \/>\n<meta name=\"twitter:card\" content=\"summary_large_image\" \/>\n<meta name=\"twitter:label1\" content=\"Gesch\u00e4tzte Lesezeit\" \/>\n\t<meta name=\"twitter:data1\" content=\"1\u00a0Minute\" \/>\n<script type=\"application\/ld+json\" class=\"yoast-schema-graph\">{\"@context\":\"https:\\\/\\\/schema.org\",\"@graph\":[{\"@type\":\"WebPage\",\"@id\":\"https:\\\/\\\/senbera.com\\\/de\\\/produkt\\\/flicken-fuer-die-schuhreparatur\\\/\",\"url\":\"https:\\\/\\\/senbera.com\\\/de\\\/produkt\\\/flicken-fuer-die-schuhreparatur\\\/\",\"name\":\"Flicken f\u00fcr die Schuhreparatur - Senbera DE\",\"isPartOf\":{\"@id\":\"https:\\\/\\\/senbera.com\\\/de\\\/#website\"},\"primaryImageOfPage\":{\"@id\":\"https:\\\/\\\/senbera.com\\\/de\\\/produkt\\\/flicken-fuer-die-schuhreparatur\\\/#primaryimage\"},\"image\":{\"@id\":\"https:\\\/\\\/senbera.com\\\/de\\\/produkt\\\/flicken-fuer-die-schuhreparatur\\\/#primaryimage\"},\"thumbnailUrl\":\"https:\\\/\\\/senbera.com\\\/de\\\/wp-content\\\/uploads\\\/sites\\\/21\\\/2026\\\/01\\\/1yiuv6u-1.webp\",\"datePublished\":\"2026-01-15T10:09:00+00:00\",\"dateModified\":\"2026-01-15T10:09:17+00:00\",\"breadcrumb\":{\"@id\":\"https:\\\/\\\/senbera.com\\\/de\\\/produkt\\\/flicken-fuer-die-schuhreparatur\\\/#breadcrumb\"},\"inLanguage\":\"de\",\"potentialAction\":[{\"@type\":\"ReadAction\",\"target\":[\"https:\\\/\\\/senbera.com\\\/de\\\/produkt\\\/flicken-fuer-die-schuhreparatur\\\/\"]}]},{\"@type\":\"ImageObject\",\"inLanguage\":\"de\",\"@id\":\"https:\\\/\\\/senbera.com\\\/de\\\/produkt\\\/flicken-fuer-die-schuhreparatur\\\/#primaryimage\",\"url\":\"https:\\\/\\\/senbera.com\\\/de\\\/wp-content\\\/uploads\\\/sites\\\/21\\\/2026\\\/01\\\/1yiuv6u-1.webp\",\"contentUrl\":\"https:\\\/\\\/senbera.com\\\/de\\\/wp-content\\\/uploads\\\/sites\\\/21\\\/2026\\\/01\\\/1yiuv6u-1.webp\",\"width\":300,\"height\":300},{\"@type\":\"BreadcrumbList\",\"@id\":\"https:\\\/\\\/senbera.com\\\/de\\\/produkt\\\/flicken-fuer-die-schuhreparatur\\\/#breadcrumb\",\"itemListElement\":[{\"@type\":\"ListItem\",\"position\":1,\"name\":\"Home\",\"item\":\"https:\\\/\\\/senbera.com\\\/de\\\/\"},{\"@type\":\"ListItem\",\"position\":2,\"name\":\"Shop\",\"item\":\"https:\\\/\\\/senbera.com\\\/de\\\/shop\\\/\"},{\"@type\":\"ListItem\",\"position\":3,\"name\":\"Flicken f\u00fcr die Schuhreparatur\"}]},{\"@type\":\"WebSite\",\"@id\":\"https:\\\/\\\/senbera.com\\\/de\\\/#website\",\"url\":\"https:\\\/\\\/senbera.com\\\/de\\\/\",\"name\":\"Senbera DE\",\"description\":\"\",\"publisher\":{\"@id\":\"https:\\\/\\\/senbera.com\\\/de\\\/#organization\"},\"potentialAction\":[{\"@type\":\"SearchAction\",\"target\":{\"@type\":\"EntryPoint\",\"urlTemplate\":\"https:\\\/\\\/senbera.com\\\/de\\\/?s={search_term_string}\"},\"query-input\":{\"@type\":\"PropertyValueSpecification\",\"valueRequired\":true,\"valueName\":\"search_term_string\"}}],\"inLanguage\":\"de\"},{\"@type\":\"Organization\",\"@id\":\"https:\\\/\\\/senbera.com\\\/de\\\/#organization\",\"name\":\"Mekulo\",\"url\":\"https:\\\/\\\/senbera.com\\\/de\\\/\",\"logo\":{\"@type\":\"ImageObject\",\"inLanguage\":\"de\",\"@id\":\"https:\\\/\\\/senbera.com\\\/de\\\/#\\\/schema\\\/logo\\\/image\\\/\",\"url\":\"https:\\\/\\\/senbera.com\\\/de\\\/wp-content\\\/uploads\\\/sites\\\/21\\\/2025\\\/12\\\/favicon_mekulo.png\",\"contentUrl\":\"https:\\\/\\\/senbera.com\\\/de\\\/wp-content\\\/uploads\\\/sites\\\/21\\\/2025\\\/12\\\/favicon_mekulo.png\",\"width\":50,\"height\":50,\"caption\":\"Mekulo\"},\"image\":{\"@id\":\"https:\\\/\\\/senbera.com\\\/de\\\/#\\\/schema\\\/logo\\\/image\\\/\"}}]}<\/script>\n<!-- \/ Yoast SEO plugin. -->","yoast_head_json":{"title":"Flicken f\u00fcr die Schuhreparatur - Senbera DE","robots":{"index":"index","follow":"follow","max-snippet":"max-snippet:-1","max-image-preview":"max-image-preview:large","max-video-preview":"max-video-preview:-1"},"canonical":"https:\/\/senbera.com\/de\/produkt\/flicken-fuer-die-schuhreparatur\/","og_locale":"de_DE","og_type":"article","og_title":"Flicken f\u00fcr die Schuhreparatur - Senbera DE","og_description":"\ud83d\udc5e Reparieren Sie Ihre Schuhe schnell &#8211; mit dem Schuhflicken! \ud83d\udc5f Dieser Flicken hilft dabei, abgenutzte Stellen in deinen Schuhen [&hellip;]","og_url":"https:\/\/senbera.com\/de\/produkt\/flicken-fuer-die-schuhreparatur\/","og_site_name":"Senbera DE","article_modified_time":"2026-01-15T10:09:17+00:00","twitter_card":"summary_large_image","twitter_misc":{"Gesch\u00e4tzte Lesezeit":"1\u00a0Minute"},"schema":{"@context":"https:\/\/schema.org","@graph":[{"@type":"WebPage","@id":"https:\/\/senbera.com\/de\/produkt\/flicken-fuer-die-schuhreparatur\/","url":"https:\/\/senbera.com\/de\/produkt\/flicken-fuer-die-schuhreparatur\/","name":"Flicken f\u00fcr die Schuhreparatur - Senbera DE","isPartOf":{"@id":"https:\/\/senbera.com\/de\/#website"},"primaryImageOfPage":{"@id":"https:\/\/senbera.com\/de\/produkt\/flicken-fuer-die-schuhreparatur\/#primaryimage"},"image":{"@id":"https:\/\/senbera.com\/de\/produkt\/flicken-fuer-die-schuhreparatur\/#primaryimage"},"thumbnailUrl":"https:\/\/senbera.com\/de\/wp-content\/uploads\/sites\/21\/2026\/01\/1yiuv6u-1.webp","datePublished":"2026-01-15T10:09:00+00:00","dateModified":"2026-01-15T10:09:17+00:00","breadcrumb":{"@id":"https:\/\/senbera.com\/de\/produkt\/flicken-fuer-die-schuhreparatur\/#breadcrumb"},"inLanguage":"de","potentialAction":[{"@type":"ReadAction","target":["https:\/\/senbera.com\/de\/produkt\/flicken-fuer-die-schuhreparatur\/"]}]},{"@type":"ImageObject","inLanguage":"de","@id":"https:\/\/senbera.com\/de\/produkt\/flicken-fuer-die-schuhreparatur\/#primaryimage","url":"https:\/\/senbera.com\/de\/wp-content\/uploads\/sites\/21\/2026\/01\/1yiuv6u-1.webp","contentUrl":"https:\/\/senbera.com\/de\/wp-content\/uploads\/sites\/21\/2026\/01\/1yiuv6u-1.webp","width":300,"height":300},{"@type":"BreadcrumbList","@id":"https:\/\/senbera.com\/de\/produkt\/flicken-fuer-die-schuhreparatur\/#breadcrumb","itemListElement":[{"@type":"ListItem","position":1,"name":"Home","item":"https:\/\/senbera.com\/de\/"},{"@type":"ListItem","position":2,"name":"Shop","item":"https:\/\/senbera.com\/de\/shop\/"},{"@type":"ListItem","position":3,"name":"Flicken f\u00fcr die Schuhreparatur"}]},{"@type":"WebSite","@id":"https:\/\/senbera.com\/de\/#website","url":"https:\/\/senbera.com\/de\/","name":"Senbera DE","description":"","publisher":{"@id":"https:\/\/senbera.com\/de\/#organization"},"potentialAction":[{"@type":"SearchAction","target":{"@type":"EntryPoint","urlTemplate":"https:\/\/senbera.com\/de\/?s={search_term_string}"},"query-input":{"@type":"PropertyValueSpecification","valueRequired":true,"valueName":"search_term_string"}}],"inLanguage":"de"},{"@type":"Organization","@id":"https:\/\/senbera.com\/de\/#organization","name":"Mekulo","url":"https:\/\/senbera.com\/de\/","logo":{"@type":"ImageObject","inLanguage":"de","@id":"https:\/\/senbera.com\/de\/#\/schema\/logo\/image\/","url":"https:\/\/senbera.com\/de\/wp-content\/uploads\/sites\/21\/2025\/12\/favicon_mekulo.png","contentUrl":"https:\/\/senbera.com\/de\/wp-content\/uploads\/sites\/21\/2025\/12\/favicon_mekulo.png","width":50,"height":50,"caption":"Mekulo"},"image":{"@id":"https:\/\/senbera.com\/de\/#\/schema\/logo\/image\/"}}]}},"_links":{"self":[{"href":"https:\/\/senbera.com\/de\/wp-json\/wp\/v2\/product\/19690","targetHints":{"allow":["GET"]}}],"collection":[{"href":"https:\/\/senbera.com\/de\/wp-json\/wp\/v2\/product"}],"about":[{"href":"https:\/\/senbera.com\/de\/wp-json\/wp\/v2\/types\/product"}],"replies":[{"embeddable":true,"href":"https:\/\/senbera.com\/de\/wp-json\/wp\/v2\/comments?post=19690"}],"wp:featuredmedia":[{"embeddable":true,"href":"https:\/\/senbera.com\/de\/wp-json\/wp\/v2\/media\/19686"}],"wp:attachment":[{"href":"https:\/\/senbera.com\/de\/wp-json\/wp\/v2\/media?parent=19690"}],"wp:term":[{"taxonomy":"product_brand","embeddable":true,"href":"https:\/\/senbera.com\/de\/wp-json\/wp\/v2\/product_brand?post=19690"},{"taxonomy":"product_cat","embeddable":true,"href":"https:\/\/senbera.com\/de\/wp-json\/wp\/v2\/product_cat?post=19690"},{"taxonomy":"product_tag","embeddable":true,"href":"https:\/\/senbera.com\/de\/wp-json\/wp\/v2\/product_tag?post=19690"}],"curies":[{"name":"wp","href":"https:\/\/api.w.org\/{rel}","templated":true}]}}