{"id":19666,"date":"2026-01-15T12:07:11","date_gmt":"2026-01-15T10:07:11","guid":{"rendered":"https:\/\/senbera.com\/de\/produkt\/kratzer-reparaturspray\/"},"modified":"2026-01-15T12:07:22","modified_gmt":"2026-01-15T10:07:22","slug":"kratzer-reparaturspray","status":"publish","type":"product","link":"https:\/\/senbera.com\/de\/produkt\/kratzer-reparaturspray\/","title":{"rendered":"Kratzer-Reparaturspray"},"content":{"rendered":"<p style=\"text-align: center\"><strong>Gl\u00e4nzt Ihr Auto, Sch\u00fctzt Ihren Kunststoff \ud83d\ude97<\/strong><\/p>\n<p style=\"text-align: center\"><span style=\"font-weight: 400\">Dieses Spray l\u00e4sst Ihr Auto wieder wie neu aussehen. Es repariert kleine Kratzer, verleiht Glanz und verhindert, dass Kunststoffteile ausbleichen oder wei\u00df werden.<\/span><\/p>\n<h2 style=\"text-align: center\"><img decoding=\"async\" class=\"size-full wp-image-16839 aligncenter\" src=\"https:\/\/keluvo.com\/template\/wp-content\/uploads\/sites\/5\/2025\/04\/d6af82e4-0f56-48e5-93b8-c85394d38ef7-Trim-ezgif.com-video-to-webp-converter-1.webp\" alt=\"\" \/>Hauptvorteile \ud83d\ude97<\/h2>\n<p>Deckt Kratzer<span style=\"font-weight: 400\"> \u2013 F\u00fcllt sie mit Nanotechnologie f\u00fcr eine glatte Oberfl\u00e4che auf<\/span><\/p>\n<p>Sch\u00fctzt Ihr Auto<span style=\"font-weight: 400\"> \u2013 F\u00fcgt eine gl\u00e4nzende Schicht hinzu, die wasser- und schmutzabweisend ist<\/span><span style=\"font-weight: 400\"><br \/>\n<\/span><\/p>\n<p>Sorgt daf\u00fcr, dass Kunststoffteile wie neu aussehen<span style=\"font-weight: 400\"> \u2013 Funktioniert auf Sto\u00dfstangen, Reifen, Verkleidungen und mehr<\/span><span style=\"font-weight: 400\"><br \/>\n<\/span><\/p>\n<p>Einfache Anwendung<span style=\"font-weight: 400\"> \u2013 Einfach aufspr\u00fchen und mit einem Tuch abwischen &#8211; kein Werkzeug erforderlich<\/span><span style=\"font-weight: 400\"><br \/>\n<\/span><\/p>\n<p>Sicher und stark<span style=\"font-weight: 400\"> \u2013 Ungiftig, geruchsneutral und schadet weder dem Autolack noch dem Kunststoff<\/span><\/p>\n<h2 style=\"text-align: center\"><img decoding=\"async\" class=\"size-full wp-image-16841 aligncenter\" src=\"https:\/\/keluvo.com\/template\/wp-content\/uploads\/sites\/5\/2025\/04\/desc-ezgif.com-video-to-webp-converter-1.webp\" alt=\"\" \/>Fixiert Kratzer Im Handumdrehen!<\/h2>\n<p style=\"text-align: center\"><span style=\"font-weight: 400\">Dieses Spray ist die erste Wahl f\u00fcr schnelle Autoreparaturen. Haben Sie kleine Kratzer oder stumpfes Plastik? Einfach aufspr\u00fchen und abwischen. Es gl\u00e4nzt, sch\u00fctzt und l\u00e4sst Ihr Auto jahrelang frisch aussehen. Verwenden Sie es auf Armaturenbrettern, Reifen, T\u00fcrrahmen und sogar Scheinwerfern. Es funktioniert auf allen Autofarben und ist sicher f\u00fcr alle Oberfl\u00e4chen.<\/span><\/p>\n<h2 style=\"text-align: center\"><img decoding=\"async\" class=\"size-full wp-image-16156 aligncenter\" src=\"https:\/\/keluvo.com\/template\/wp-content\/uploads\/sites\/5\/2025\/04\/8e253275-8dcf-413b-a79d-975345013166.webp.jpg\" alt=\"\" \/>Wie Zu Verwenden \ud83d\udccc<\/h2>\n<ol>\n<li style=\"font-weight: 400\"><span style=\"font-weight: 400\">Wickeln Sie das weiche Tuch \u00fcber den Schwamm.<\/span><span style=\"font-weight: 400\"><br \/>\n<\/span><\/li>\n<li style=\"font-weight: 400\"><span style=\"font-weight: 400\">Gie\u00dfen Sie etwas Sprayfl\u00fcssigkeit auf das Tuch.<\/span><span style=\"font-weight: 400\"><br \/>\n<\/span><\/li>\n<li style=\"font-weight: 400\"><span style=\"font-weight: 400\">Tragen Sie es auf den zerkratzten oder verblassten Bereich.<\/span><span style=\"font-weight: 400\"><br \/>\n<\/span><\/li>\n<\/ol>\n<h2 style=\"text-align: center\">Paket Enth\u00e4lt \ud83d\udce6<\/h2>\n<ul>\n<li style=\"font-weight: 400\"><span style=\"font-weight: 400\">1x Flasche Kratzer Reparaturspray\u00a0<\/span><span style=\"font-weight: 400\"><br \/>\n<\/span><\/li>\n<li style=\"font-weight: 400\"><span style=\"font-weight: 400\">1x weiches Anwendungstuch.<\/span><\/li>\n<\/ul>\n","protected":false},"excerpt":{"rendered":"<p>Gl\u00e4nzt Ihr Auto, Sch\u00fctzt Ihren Kunststoff \ud83d\ude97 Dieses Spray l\u00e4sst Ihr Auto wieder wie neu aussehen. Es repariert kleine Kratzer, [&hellip;]<\/p>\n","protected":false},"featured_media":19662,"comment_status":"open","ping_status":"closed","template":"","meta":{"site-sidebar-layout":"default","site-content-layout":"","ast-site-content-layout":"default","site-content-style":"default","site-sidebar-style":"default","ast-global-header-display":"","ast-banner-title-visibility":"","ast-main-header-display":"","ast-hfb-above-header-display":"","ast-hfb-below-header-display":"","ast-hfb-mobile-header-display":"","site-post-title":"","ast-breadcrumbs-content":"","ast-featured-img":"","footer-sml-layout":"","ast-disable-related-posts":"","theme-transparent-header-meta":"default","adv-header-id-meta":"","stick-header-meta":"","header-above-stick-meta":"","header-main-stick-meta":"","header-below-stick-meta":"","astra-migrate-meta-layouts":"set","ast-page-background-enabled":"default","ast-page-background-meta":{"desktop":{"background-color":"var(--ast-global-color-5)","background-image":"","background-repeat":"repeat","background-position":"center center","background-size":"auto","background-attachment":"scroll","background-type":"","background-media":"","overlay-type":"","overlay-color":"","overlay-opacity":"","overlay-gradient":""},"tablet":{"background-color":"","background-image":"","background-repeat":"repeat","background-position":"center center","background-size":"auto","background-attachment":"scroll","background-type":"","background-media":"","overlay-type":"","overlay-color":"","overlay-opacity":"","overlay-gradient":""},"mobile":{"background-color":"","background-image":"","background-repeat":"repeat","background-position":"center center","background-size":"auto","background-attachment":"scroll","background-type":"","background-media":"","overlay-type":"","overlay-color":"","overlay-opacity":"","overlay-gradient":""}},"ast-content-background-meta":{"desktop":{"background-color":"var(--ast-global-color-4)","background-image":"","background-repeat":"repeat","background-position":"center center","background-size":"auto","background-attachment":"scroll","background-type":"","background-media":"","overlay-type":"","overlay-color":"","overlay-opacity":"","overlay-gradient":""},"tablet":{"background-color":"var(--ast-global-color-4)","background-image":"","background-repeat":"repeat","background-position":"center center","background-size":"auto","background-attachment":"scroll","background-type":"","background-media":"","overlay-type":"","overlay-color":"","overlay-opacity":"","overlay-gradient":""},"mobile":{"background-color":"var(--ast-global-color-4)","background-image":"","background-repeat":"repeat","background-position":"center center","background-size":"auto","background-attachment":"scroll","background-type":"","background-media":"","overlay-type":"","overlay-color":"","overlay-opacity":"","overlay-gradient":""}}},"product_brand":[],"product_cat":[15],"product_tag":[],"class_list":{"0":"post-19666","1":"product","2":"type-product","3":"status-publish","4":"has-post-thumbnail","6":"product_cat-unkategorisiert","7":"pa_47502_3l8p8x8w-100ml","8":"pa_47502_3l8p8x8w-120ml","9":"pa_47502_3l8p8x8w-50ml","10":"desktop-align-left","11":"tablet-align-left","12":"mobile-align-left","14":"first","15":"instock","16":"shipping-taxable","17":"purchasable","18":"product-type-variable"},"yoast_head":"<!-- This site is optimized with the Yoast SEO plugin v27.4 - https:\/\/yoast.com\/product\/yoast-seo-wordpress\/ -->\n<title>Kratzer-Reparaturspray - Senbera DE<\/title>\n<meta name=\"robots\" content=\"index, follow, max-snippet:-1, max-image-preview:large, max-video-preview:-1\" \/>\n<link rel=\"canonical\" href=\"https:\/\/senbera.com\/de\/produkt\/kratzer-reparaturspray\/\" \/>\n<meta property=\"og:locale\" content=\"de_DE\" \/>\n<meta property=\"og:type\" content=\"article\" \/>\n<meta property=\"og:title\" content=\"Kratzer-Reparaturspray - Senbera DE\" \/>\n<meta property=\"og:description\" content=\"Gl\u00e4nzt Ihr Auto, Sch\u00fctzt Ihren Kunststoff \ud83d\ude97 Dieses Spray l\u00e4sst Ihr Auto wieder wie neu aussehen. Es repariert kleine Kratzer, [&hellip;]\" \/>\n<meta property=\"og:url\" content=\"https:\/\/senbera.com\/de\/produkt\/kratzer-reparaturspray\/\" \/>\n<meta property=\"og:site_name\" content=\"Senbera DE\" \/>\n<meta property=\"article:modified_time\" content=\"2026-01-15T10:07:22+00:00\" \/>\n<meta name=\"twitter:card\" content=\"summary_large_image\" \/>\n<meta name=\"twitter:label1\" content=\"Gesch\u00e4tzte Lesezeit\" \/>\n\t<meta name=\"twitter:data1\" content=\"1\u00a0Minute\" \/>\n<script type=\"application\/ld+json\" class=\"yoast-schema-graph\">{\"@context\":\"https:\\\/\\\/schema.org\",\"@graph\":[{\"@type\":\"WebPage\",\"@id\":\"https:\\\/\\\/senbera.com\\\/de\\\/produkt\\\/kratzer-reparaturspray\\\/\",\"url\":\"https:\\\/\\\/senbera.com\\\/de\\\/produkt\\\/kratzer-reparaturspray\\\/\",\"name\":\"Kratzer-Reparaturspray - Senbera DE\",\"isPartOf\":{\"@id\":\"https:\\\/\\\/senbera.com\\\/de\\\/#website\"},\"primaryImageOfPage\":{\"@id\":\"https:\\\/\\\/senbera.com\\\/de\\\/produkt\\\/kratzer-reparaturspray\\\/#primaryimage\"},\"image\":{\"@id\":\"https:\\\/\\\/senbera.com\\\/de\\\/produkt\\\/kratzer-reparaturspray\\\/#primaryimage\"},\"thumbnailUrl\":\"https:\\\/\\\/senbera.com\\\/de\\\/wp-content\\\/uploads\\\/sites\\\/21\\\/2026\\\/01\\\/o2k5qnu-1.webp\",\"datePublished\":\"2026-01-15T10:07:11+00:00\",\"dateModified\":\"2026-01-15T10:07:22+00:00\",\"breadcrumb\":{\"@id\":\"https:\\\/\\\/senbera.com\\\/de\\\/produkt\\\/kratzer-reparaturspray\\\/#breadcrumb\"},\"inLanguage\":\"de\",\"potentialAction\":[{\"@type\":\"ReadAction\",\"target\":[\"https:\\\/\\\/senbera.com\\\/de\\\/produkt\\\/kratzer-reparaturspray\\\/\"]}]},{\"@type\":\"ImageObject\",\"inLanguage\":\"de\",\"@id\":\"https:\\\/\\\/senbera.com\\\/de\\\/produkt\\\/kratzer-reparaturspray\\\/#primaryimage\",\"url\":\"https:\\\/\\\/senbera.com\\\/de\\\/wp-content\\\/uploads\\\/sites\\\/21\\\/2026\\\/01\\\/o2k5qnu-1.webp\",\"contentUrl\":\"https:\\\/\\\/senbera.com\\\/de\\\/wp-content\\\/uploads\\\/sites\\\/21\\\/2026\\\/01\\\/o2k5qnu-1.webp\",\"width\":300,\"height\":300},{\"@type\":\"BreadcrumbList\",\"@id\":\"https:\\\/\\\/senbera.com\\\/de\\\/produkt\\\/kratzer-reparaturspray\\\/#breadcrumb\",\"itemListElement\":[{\"@type\":\"ListItem\",\"position\":1,\"name\":\"Home\",\"item\":\"https:\\\/\\\/senbera.com\\\/de\\\/\"},{\"@type\":\"ListItem\",\"position\":2,\"name\":\"Shop\",\"item\":\"https:\\\/\\\/senbera.com\\\/de\\\/shop\\\/\"},{\"@type\":\"ListItem\",\"position\":3,\"name\":\"Kratzer-Reparaturspray\"}]},{\"@type\":\"WebSite\",\"@id\":\"https:\\\/\\\/senbera.com\\\/de\\\/#website\",\"url\":\"https:\\\/\\\/senbera.com\\\/de\\\/\",\"name\":\"Senbera DE\",\"description\":\"\",\"publisher\":{\"@id\":\"https:\\\/\\\/senbera.com\\\/de\\\/#organization\"},\"potentialAction\":[{\"@type\":\"SearchAction\",\"target\":{\"@type\":\"EntryPoint\",\"urlTemplate\":\"https:\\\/\\\/senbera.com\\\/de\\\/?s={search_term_string}\"},\"query-input\":{\"@type\":\"PropertyValueSpecification\",\"valueRequired\":true,\"valueName\":\"search_term_string\"}}],\"inLanguage\":\"de\"},{\"@type\":\"Organization\",\"@id\":\"https:\\\/\\\/senbera.com\\\/de\\\/#organization\",\"name\":\"Mekulo\",\"url\":\"https:\\\/\\\/senbera.com\\\/de\\\/\",\"logo\":{\"@type\":\"ImageObject\",\"inLanguage\":\"de\",\"@id\":\"https:\\\/\\\/senbera.com\\\/de\\\/#\\\/schema\\\/logo\\\/image\\\/\",\"url\":\"https:\\\/\\\/senbera.com\\\/de\\\/wp-content\\\/uploads\\\/sites\\\/21\\\/2025\\\/12\\\/favicon_mekulo.png\",\"contentUrl\":\"https:\\\/\\\/senbera.com\\\/de\\\/wp-content\\\/uploads\\\/sites\\\/21\\\/2025\\\/12\\\/favicon_mekulo.png\",\"width\":50,\"height\":50,\"caption\":\"Mekulo\"},\"image\":{\"@id\":\"https:\\\/\\\/senbera.com\\\/de\\\/#\\\/schema\\\/logo\\\/image\\\/\"}}]}<\/script>\n<!-- \/ Yoast SEO plugin. -->","yoast_head_json":{"title":"Kratzer-Reparaturspray - Senbera DE","robots":{"index":"index","follow":"follow","max-snippet":"max-snippet:-1","max-image-preview":"max-image-preview:large","max-video-preview":"max-video-preview:-1"},"canonical":"https:\/\/senbera.com\/de\/produkt\/kratzer-reparaturspray\/","og_locale":"de_DE","og_type":"article","og_title":"Kratzer-Reparaturspray - Senbera DE","og_description":"Gl\u00e4nzt Ihr Auto, Sch\u00fctzt Ihren Kunststoff \ud83d\ude97 Dieses Spray l\u00e4sst Ihr Auto wieder wie neu aussehen. Es repariert kleine Kratzer, [&hellip;]","og_url":"https:\/\/senbera.com\/de\/produkt\/kratzer-reparaturspray\/","og_site_name":"Senbera DE","article_modified_time":"2026-01-15T10:07:22+00:00","twitter_card":"summary_large_image","twitter_misc":{"Gesch\u00e4tzte Lesezeit":"1\u00a0Minute"},"schema":{"@context":"https:\/\/schema.org","@graph":[{"@type":"WebPage","@id":"https:\/\/senbera.com\/de\/produkt\/kratzer-reparaturspray\/","url":"https:\/\/senbera.com\/de\/produkt\/kratzer-reparaturspray\/","name":"Kratzer-Reparaturspray - Senbera DE","isPartOf":{"@id":"https:\/\/senbera.com\/de\/#website"},"primaryImageOfPage":{"@id":"https:\/\/senbera.com\/de\/produkt\/kratzer-reparaturspray\/#primaryimage"},"image":{"@id":"https:\/\/senbera.com\/de\/produkt\/kratzer-reparaturspray\/#primaryimage"},"thumbnailUrl":"https:\/\/senbera.com\/de\/wp-content\/uploads\/sites\/21\/2026\/01\/o2k5qnu-1.webp","datePublished":"2026-01-15T10:07:11+00:00","dateModified":"2026-01-15T10:07:22+00:00","breadcrumb":{"@id":"https:\/\/senbera.com\/de\/produkt\/kratzer-reparaturspray\/#breadcrumb"},"inLanguage":"de","potentialAction":[{"@type":"ReadAction","target":["https:\/\/senbera.com\/de\/produkt\/kratzer-reparaturspray\/"]}]},{"@type":"ImageObject","inLanguage":"de","@id":"https:\/\/senbera.com\/de\/produkt\/kratzer-reparaturspray\/#primaryimage","url":"https:\/\/senbera.com\/de\/wp-content\/uploads\/sites\/21\/2026\/01\/o2k5qnu-1.webp","contentUrl":"https:\/\/senbera.com\/de\/wp-content\/uploads\/sites\/21\/2026\/01\/o2k5qnu-1.webp","width":300,"height":300},{"@type":"BreadcrumbList","@id":"https:\/\/senbera.com\/de\/produkt\/kratzer-reparaturspray\/#breadcrumb","itemListElement":[{"@type":"ListItem","position":1,"name":"Home","item":"https:\/\/senbera.com\/de\/"},{"@type":"ListItem","position":2,"name":"Shop","item":"https:\/\/senbera.com\/de\/shop\/"},{"@type":"ListItem","position":3,"name":"Kratzer-Reparaturspray"}]},{"@type":"WebSite","@id":"https:\/\/senbera.com\/de\/#website","url":"https:\/\/senbera.com\/de\/","name":"Senbera DE","description":"","publisher":{"@id":"https:\/\/senbera.com\/de\/#organization"},"potentialAction":[{"@type":"SearchAction","target":{"@type":"EntryPoint","urlTemplate":"https:\/\/senbera.com\/de\/?s={search_term_string}"},"query-input":{"@type":"PropertyValueSpecification","valueRequired":true,"valueName":"search_term_string"}}],"inLanguage":"de"},{"@type":"Organization","@id":"https:\/\/senbera.com\/de\/#organization","name":"Mekulo","url":"https:\/\/senbera.com\/de\/","logo":{"@type":"ImageObject","inLanguage":"de","@id":"https:\/\/senbera.com\/de\/#\/schema\/logo\/image\/","url":"https:\/\/senbera.com\/de\/wp-content\/uploads\/sites\/21\/2025\/12\/favicon_mekulo.png","contentUrl":"https:\/\/senbera.com\/de\/wp-content\/uploads\/sites\/21\/2025\/12\/favicon_mekulo.png","width":50,"height":50,"caption":"Mekulo"},"image":{"@id":"https:\/\/senbera.com\/de\/#\/schema\/logo\/image\/"}}]}},"_links":{"self":[{"href":"https:\/\/senbera.com\/de\/wp-json\/wp\/v2\/product\/19666","targetHints":{"allow":["GET"]}}],"collection":[{"href":"https:\/\/senbera.com\/de\/wp-json\/wp\/v2\/product"}],"about":[{"href":"https:\/\/senbera.com\/de\/wp-json\/wp\/v2\/types\/product"}],"replies":[{"embeddable":true,"href":"https:\/\/senbera.com\/de\/wp-json\/wp\/v2\/comments?post=19666"}],"wp:featuredmedia":[{"embeddable":true,"href":"https:\/\/senbera.com\/de\/wp-json\/wp\/v2\/media\/19662"}],"wp:attachment":[{"href":"https:\/\/senbera.com\/de\/wp-json\/wp\/v2\/media?parent=19666"}],"wp:term":[{"taxonomy":"product_brand","embeddable":true,"href":"https:\/\/senbera.com\/de\/wp-json\/wp\/v2\/product_brand?post=19666"},{"taxonomy":"product_cat","embeddable":true,"href":"https:\/\/senbera.com\/de\/wp-json\/wp\/v2\/product_cat?post=19666"},{"taxonomy":"product_tag","embeddable":true,"href":"https:\/\/senbera.com\/de\/wp-json\/wp\/v2\/product_tag?post=19666"}],"curies":[{"name":"wp","href":"https:\/\/api.w.org\/{rel}","templated":true}]}}