{"id":19651,"date":"2026-01-15T12:05:58","date_gmt":"2026-01-15T10:05:58","guid":{"rendered":"https:\/\/senbera.com\/de\/produkt\/verwicklungsfreies-ladekabel\/"},"modified":"2026-01-15T12:06:09","modified_gmt":"2026-01-15T10:06:09","slug":"verwicklungsfreies-ladekabel","status":"publish","type":"product","link":"https:\/\/senbera.com\/de\/produkt\/verwicklungsfreies-ladekabel\/","title":{"rendered":"Verwicklungsfreies Ladekabel"},"content":{"rendered":"<p style=\"text-align: center\"><strong>Schnelle Leistung, Glattes Gef\u00fchl \ud83d\udcf1<\/strong><\/p>\n<p style=\"text-align: center\"><span style=\"font-weight: 400\">Dieses Ladekabel ist langlebig, l\u00e4dt schnell und bleibt glatt und einfach zu bedienen. Kein Verheddern. Keine Unterbrechungen. Einfach nur Strom, wenn du ihn brauchst.<\/span><\/p>\n<h2 style=\"text-align: center\"><img decoding=\"async\" class=\"size-full wp-image-16124 aligncenter\" src=\"https:\/\/keluvo.com\/template\/wp-content\/uploads\/sites\/5\/2025\/04\/descTrim-ezgif.com-video-to-webp-converter.webp\" alt=\"\" \/><\/h2>\n<h2 style=\"text-align: center\">Hauptvorteile \ud83d\udcf1<\/h2>\n<p>Superstark<span style=\"font-weight: 400\"> \u2013 Biegt sich \u00fcber 20.000 Mal, ohne zu brechen<\/span><span style=\"font-weight: 400\"><br \/>\n<\/span><\/p>\n<p>Schnelles Laden<span style=\"font-weight: 400\"> \u2013 L\u00e4dt deine USB-C-Ger\u00e4te blitzschnell auf (bis zu 120W)<\/span><span style=\"font-weight: 400\"><br \/>\n<\/span><\/p>\n<p>Glatt und weich<span style=\"font-weight: 400\"> \u2013 F\u00fchlt sich mit seiner fl\u00fcssigen Silikonoberfl\u00e4che gro\u00dfartig an<\/span><span style=\"font-weight: 400\"><br \/>\n<\/span><\/p>\n<p>Verwicklungsfrei<span style=\"font-weight: 400\"> \u2013 Bleibt mit dem mitgelieferten Lederband ordentlich und aufger\u00e4umt<\/span><span style=\"font-weight: 400\"><br \/>\n<\/span><\/p>\n<p>Sicher und intelligent<span style=\"font-weight: 400\"> \u2013 Eingebauter Chip sch\u00fctzt dein Ger\u00e4t w\u00e4hrend des Ladens<\/span><span style=\"font-weight: 400\"><br \/>\n<\/span><\/p>\n<p>Schnelle Datei\u00fcbertragung<span style=\"font-weight: 400\"> \u2013 Bewegt Daten mit bis zu 480mbps<\/span><\/p>\n<h2 style=\"text-align: center\"><img decoding=\"async\" class=\"size-full wp-image-16126 aligncenter\" src=\"https:\/\/keluvo.com\/template\/wp-content\/uploads\/sites\/5\/2025\/04\/af025dcb-f27a-4d6e-98c1-3010d1d9de90.webp.webp\" alt=\"\" \/><\/h2>\n<h2 style=\"text-align: center\">Produktspezifikationen \ud83d\udccc<\/h2>\n<ul>\n<li style=\"text-align: left\">Leistung: 120W<\/li>\n<li style=\"text-align: left\">Stromst\u00e4rke: 6A<\/li>\n<li style=\"text-align: left\">Schnittstelle: Android micro, USB<\/li>\n<li style=\"text-align: left\">Gr\u00f6\u00dfe: 1m, 1.5m, 2m<\/li>\n<li style=\"text-align: left\">Material: TPE-Aluminiumlegierung<\/li>\n<\/ul>\n<h2 style=\"text-align: center\">Paket enth\u00e4lt \ud83d\udce6<\/h2>\n<ul>\n<li style=\"font-weight: 400\"><span style=\"font-weight: 400\">1x USB-C zu Typ-C Ladekabel\u00a0<\/span><span style=\"font-weight: 400\"><br \/>\n<\/span><\/li>\n<li style=\"font-weight: 400\"><span style=\"font-weight: 400\">1x Leder Kabelh\u00fclle f\u00fcr einfache Lagerung.<\/span><span style=\"font-weight: 400\"><br \/>\n<\/span><\/li>\n<\/ul>\n","protected":false},"excerpt":{"rendered":"<p>Schnelle Leistung, Glattes Gef\u00fchl \ud83d\udcf1 Dieses Ladekabel ist langlebig, l\u00e4dt schnell und bleibt glatt und einfach zu bedienen. Kein Verheddern. [&hellip;]<\/p>\n","protected":false},"featured_media":19647,"comment_status":"open","ping_status":"closed","template":"","meta":{"site-sidebar-layout":"default","site-content-layout":"","ast-site-content-layout":"default","site-content-style":"default","site-sidebar-style":"default","ast-global-header-display":"","ast-banner-title-visibility":"","ast-main-header-display":"","ast-hfb-above-header-display":"","ast-hfb-below-header-display":"","ast-hfb-mobile-header-display":"","site-post-title":"","ast-breadcrumbs-content":"","ast-featured-img":"","footer-sml-layout":"","ast-disable-related-posts":"","theme-transparent-header-meta":"default","adv-header-id-meta":"","stick-header-meta":"","header-above-stick-meta":"","header-main-stick-meta":"","header-below-stick-meta":"","astra-migrate-meta-layouts":"set","ast-page-background-enabled":"default","ast-page-background-meta":{"desktop":{"background-color":"var(--ast-global-color-5)","background-image":"","background-repeat":"repeat","background-position":"center center","background-size":"auto","background-attachment":"scroll","background-type":"","background-media":"","overlay-type":"","overlay-color":"","overlay-opacity":"","overlay-gradient":""},"tablet":{"background-color":"","background-image":"","background-repeat":"repeat","background-position":"center center","background-size":"auto","background-attachment":"scroll","background-type":"","background-media":"","overlay-type":"","overlay-color":"","overlay-opacity":"","overlay-gradient":""},"mobile":{"background-color":"","background-image":"","background-repeat":"repeat","background-position":"center center","background-size":"auto","background-attachment":"scroll","background-type":"","background-media":"","overlay-type":"","overlay-color":"","overlay-opacity":"","overlay-gradient":""}},"ast-content-background-meta":{"desktop":{"background-color":"var(--ast-global-color-4)","background-image":"","background-repeat":"repeat","background-position":"center center","background-size":"auto","background-attachment":"scroll","background-type":"","background-media":"","overlay-type":"","overlay-color":"","overlay-opacity":"","overlay-gradient":""},"tablet":{"background-color":"var(--ast-global-color-4)","background-image":"","background-repeat":"repeat","background-position":"center center","background-size":"auto","background-attachment":"scroll","background-type":"","background-media":"","overlay-type":"","overlay-color":"","overlay-opacity":"","overlay-gradient":""},"mobile":{"background-color":"var(--ast-global-color-4)","background-image":"","background-repeat":"repeat","background-position":"center center","background-size":"auto","background-attachment":"scroll","background-type":"","background-media":"","overlay-type":"","overlay-color":"","overlay-opacity":"","overlay-gradient":""}}},"product_brand":[],"product_cat":[15],"product_tag":[],"class_list":{"0":"post-19651","1":"product","2":"type-product","3":"status-publish","4":"has-post-thumbnail","6":"product_cat-unkategorisiert","7":"pa_18378_t9eu9cn3-1-5m","8":"pa_18378_t9eu9cn3-1m","9":"pa_18378_t9eu9cn3-2m","10":"desktop-align-left","11":"tablet-align-left","12":"mobile-align-left","14":"first","15":"instock","16":"shipping-taxable","17":"purchasable","18":"product-type-variable"},"yoast_head":"<!-- This site is optimized with the Yoast SEO plugin v27.4 - https:\/\/yoast.com\/product\/yoast-seo-wordpress\/ -->\n<title>Verwicklungsfreies Ladekabel - Senbera DE<\/title>\n<meta name=\"robots\" content=\"index, follow, max-snippet:-1, max-image-preview:large, max-video-preview:-1\" \/>\n<link rel=\"canonical\" href=\"https:\/\/senbera.com\/de\/produkt\/verwicklungsfreies-ladekabel\/\" \/>\n<meta property=\"og:locale\" content=\"de_DE\" \/>\n<meta property=\"og:type\" content=\"article\" \/>\n<meta property=\"og:title\" content=\"Verwicklungsfreies Ladekabel - Senbera DE\" \/>\n<meta property=\"og:description\" content=\"Schnelle Leistung, Glattes Gef\u00fchl \ud83d\udcf1 Dieses Ladekabel ist langlebig, l\u00e4dt schnell und bleibt glatt und einfach zu bedienen. Kein Verheddern. [&hellip;]\" \/>\n<meta property=\"og:url\" content=\"https:\/\/senbera.com\/de\/produkt\/verwicklungsfreies-ladekabel\/\" \/>\n<meta property=\"og:site_name\" content=\"Senbera DE\" \/>\n<meta property=\"article:modified_time\" content=\"2026-01-15T10:06:09+00:00\" \/>\n<meta name=\"twitter:card\" content=\"summary_large_image\" \/>\n<meta name=\"twitter:label1\" content=\"Gesch\u00e4tzte Lesezeit\" \/>\n\t<meta name=\"twitter:data1\" content=\"1\u00a0Minute\" \/>\n<script type=\"application\/ld+json\" class=\"yoast-schema-graph\">{\"@context\":\"https:\\\/\\\/schema.org\",\"@graph\":[{\"@type\":\"WebPage\",\"@id\":\"https:\\\/\\\/senbera.com\\\/de\\\/produkt\\\/verwicklungsfreies-ladekabel\\\/\",\"url\":\"https:\\\/\\\/senbera.com\\\/de\\\/produkt\\\/verwicklungsfreies-ladekabel\\\/\",\"name\":\"Verwicklungsfreies Ladekabel - Senbera DE\",\"isPartOf\":{\"@id\":\"https:\\\/\\\/senbera.com\\\/de\\\/#website\"},\"primaryImageOfPage\":{\"@id\":\"https:\\\/\\\/senbera.com\\\/de\\\/produkt\\\/verwicklungsfreies-ladekabel\\\/#primaryimage\"},\"image\":{\"@id\":\"https:\\\/\\\/senbera.com\\\/de\\\/produkt\\\/verwicklungsfreies-ladekabel\\\/#primaryimage\"},\"thumbnailUrl\":\"https:\\\/\\\/senbera.com\\\/de\\\/wp-content\\\/uploads\\\/sites\\\/21\\\/2026\\\/01\\\/l1i990e-1.webp\",\"datePublished\":\"2026-01-15T10:05:58+00:00\",\"dateModified\":\"2026-01-15T10:06:09+00:00\",\"breadcrumb\":{\"@id\":\"https:\\\/\\\/senbera.com\\\/de\\\/produkt\\\/verwicklungsfreies-ladekabel\\\/#breadcrumb\"},\"inLanguage\":\"de\",\"potentialAction\":[{\"@type\":\"ReadAction\",\"target\":[\"https:\\\/\\\/senbera.com\\\/de\\\/produkt\\\/verwicklungsfreies-ladekabel\\\/\"]}]},{\"@type\":\"ImageObject\",\"inLanguage\":\"de\",\"@id\":\"https:\\\/\\\/senbera.com\\\/de\\\/produkt\\\/verwicklungsfreies-ladekabel\\\/#primaryimage\",\"url\":\"https:\\\/\\\/senbera.com\\\/de\\\/wp-content\\\/uploads\\\/sites\\\/21\\\/2026\\\/01\\\/l1i990e-1.webp\",\"contentUrl\":\"https:\\\/\\\/senbera.com\\\/de\\\/wp-content\\\/uploads\\\/sites\\\/21\\\/2026\\\/01\\\/l1i990e-1.webp\",\"width\":800,\"height\":800},{\"@type\":\"BreadcrumbList\",\"@id\":\"https:\\\/\\\/senbera.com\\\/de\\\/produkt\\\/verwicklungsfreies-ladekabel\\\/#breadcrumb\",\"itemListElement\":[{\"@type\":\"ListItem\",\"position\":1,\"name\":\"Home\",\"item\":\"https:\\\/\\\/senbera.com\\\/de\\\/\"},{\"@type\":\"ListItem\",\"position\":2,\"name\":\"Shop\",\"item\":\"https:\\\/\\\/senbera.com\\\/de\\\/shop\\\/\"},{\"@type\":\"ListItem\",\"position\":3,\"name\":\"Verwicklungsfreies Ladekabel\"}]},{\"@type\":\"WebSite\",\"@id\":\"https:\\\/\\\/senbera.com\\\/de\\\/#website\",\"url\":\"https:\\\/\\\/senbera.com\\\/de\\\/\",\"name\":\"Senbera DE\",\"description\":\"\",\"publisher\":{\"@id\":\"https:\\\/\\\/senbera.com\\\/de\\\/#organization\"},\"potentialAction\":[{\"@type\":\"SearchAction\",\"target\":{\"@type\":\"EntryPoint\",\"urlTemplate\":\"https:\\\/\\\/senbera.com\\\/de\\\/?s={search_term_string}\"},\"query-input\":{\"@type\":\"PropertyValueSpecification\",\"valueRequired\":true,\"valueName\":\"search_term_string\"}}],\"inLanguage\":\"de\"},{\"@type\":\"Organization\",\"@id\":\"https:\\\/\\\/senbera.com\\\/de\\\/#organization\",\"name\":\"Mekulo\",\"url\":\"https:\\\/\\\/senbera.com\\\/de\\\/\",\"logo\":{\"@type\":\"ImageObject\",\"inLanguage\":\"de\",\"@id\":\"https:\\\/\\\/senbera.com\\\/de\\\/#\\\/schema\\\/logo\\\/image\\\/\",\"url\":\"https:\\\/\\\/senbera.com\\\/de\\\/wp-content\\\/uploads\\\/sites\\\/21\\\/2025\\\/12\\\/favicon_mekulo.png\",\"contentUrl\":\"https:\\\/\\\/senbera.com\\\/de\\\/wp-content\\\/uploads\\\/sites\\\/21\\\/2025\\\/12\\\/favicon_mekulo.png\",\"width\":50,\"height\":50,\"caption\":\"Mekulo\"},\"image\":{\"@id\":\"https:\\\/\\\/senbera.com\\\/de\\\/#\\\/schema\\\/logo\\\/image\\\/\"}}]}<\/script>\n<!-- \/ Yoast SEO plugin. -->","yoast_head_json":{"title":"Verwicklungsfreies Ladekabel - Senbera DE","robots":{"index":"index","follow":"follow","max-snippet":"max-snippet:-1","max-image-preview":"max-image-preview:large","max-video-preview":"max-video-preview:-1"},"canonical":"https:\/\/senbera.com\/de\/produkt\/verwicklungsfreies-ladekabel\/","og_locale":"de_DE","og_type":"article","og_title":"Verwicklungsfreies Ladekabel - Senbera DE","og_description":"Schnelle Leistung, Glattes Gef\u00fchl \ud83d\udcf1 Dieses Ladekabel ist langlebig, l\u00e4dt schnell und bleibt glatt und einfach zu bedienen. Kein Verheddern. [&hellip;]","og_url":"https:\/\/senbera.com\/de\/produkt\/verwicklungsfreies-ladekabel\/","og_site_name":"Senbera DE","article_modified_time":"2026-01-15T10:06:09+00:00","twitter_card":"summary_large_image","twitter_misc":{"Gesch\u00e4tzte Lesezeit":"1\u00a0Minute"},"schema":{"@context":"https:\/\/schema.org","@graph":[{"@type":"WebPage","@id":"https:\/\/senbera.com\/de\/produkt\/verwicklungsfreies-ladekabel\/","url":"https:\/\/senbera.com\/de\/produkt\/verwicklungsfreies-ladekabel\/","name":"Verwicklungsfreies Ladekabel - Senbera DE","isPartOf":{"@id":"https:\/\/senbera.com\/de\/#website"},"primaryImageOfPage":{"@id":"https:\/\/senbera.com\/de\/produkt\/verwicklungsfreies-ladekabel\/#primaryimage"},"image":{"@id":"https:\/\/senbera.com\/de\/produkt\/verwicklungsfreies-ladekabel\/#primaryimage"},"thumbnailUrl":"https:\/\/senbera.com\/de\/wp-content\/uploads\/sites\/21\/2026\/01\/l1i990e-1.webp","datePublished":"2026-01-15T10:05:58+00:00","dateModified":"2026-01-15T10:06:09+00:00","breadcrumb":{"@id":"https:\/\/senbera.com\/de\/produkt\/verwicklungsfreies-ladekabel\/#breadcrumb"},"inLanguage":"de","potentialAction":[{"@type":"ReadAction","target":["https:\/\/senbera.com\/de\/produkt\/verwicklungsfreies-ladekabel\/"]}]},{"@type":"ImageObject","inLanguage":"de","@id":"https:\/\/senbera.com\/de\/produkt\/verwicklungsfreies-ladekabel\/#primaryimage","url":"https:\/\/senbera.com\/de\/wp-content\/uploads\/sites\/21\/2026\/01\/l1i990e-1.webp","contentUrl":"https:\/\/senbera.com\/de\/wp-content\/uploads\/sites\/21\/2026\/01\/l1i990e-1.webp","width":800,"height":800},{"@type":"BreadcrumbList","@id":"https:\/\/senbera.com\/de\/produkt\/verwicklungsfreies-ladekabel\/#breadcrumb","itemListElement":[{"@type":"ListItem","position":1,"name":"Home","item":"https:\/\/senbera.com\/de\/"},{"@type":"ListItem","position":2,"name":"Shop","item":"https:\/\/senbera.com\/de\/shop\/"},{"@type":"ListItem","position":3,"name":"Verwicklungsfreies Ladekabel"}]},{"@type":"WebSite","@id":"https:\/\/senbera.com\/de\/#website","url":"https:\/\/senbera.com\/de\/","name":"Senbera DE","description":"","publisher":{"@id":"https:\/\/senbera.com\/de\/#organization"},"potentialAction":[{"@type":"SearchAction","target":{"@type":"EntryPoint","urlTemplate":"https:\/\/senbera.com\/de\/?s={search_term_string}"},"query-input":{"@type":"PropertyValueSpecification","valueRequired":true,"valueName":"search_term_string"}}],"inLanguage":"de"},{"@type":"Organization","@id":"https:\/\/senbera.com\/de\/#organization","name":"Mekulo","url":"https:\/\/senbera.com\/de\/","logo":{"@type":"ImageObject","inLanguage":"de","@id":"https:\/\/senbera.com\/de\/#\/schema\/logo\/image\/","url":"https:\/\/senbera.com\/de\/wp-content\/uploads\/sites\/21\/2025\/12\/favicon_mekulo.png","contentUrl":"https:\/\/senbera.com\/de\/wp-content\/uploads\/sites\/21\/2025\/12\/favicon_mekulo.png","width":50,"height":50,"caption":"Mekulo"},"image":{"@id":"https:\/\/senbera.com\/de\/#\/schema\/logo\/image\/"}}]}},"_links":{"self":[{"href":"https:\/\/senbera.com\/de\/wp-json\/wp\/v2\/product\/19651","targetHints":{"allow":["GET"]}}],"collection":[{"href":"https:\/\/senbera.com\/de\/wp-json\/wp\/v2\/product"}],"about":[{"href":"https:\/\/senbera.com\/de\/wp-json\/wp\/v2\/types\/product"}],"replies":[{"embeddable":true,"href":"https:\/\/senbera.com\/de\/wp-json\/wp\/v2\/comments?post=19651"}],"wp:featuredmedia":[{"embeddable":true,"href":"https:\/\/senbera.com\/de\/wp-json\/wp\/v2\/media\/19647"}],"wp:attachment":[{"href":"https:\/\/senbera.com\/de\/wp-json\/wp\/v2\/media?parent=19651"}],"wp:term":[{"taxonomy":"product_brand","embeddable":true,"href":"https:\/\/senbera.com\/de\/wp-json\/wp\/v2\/product_brand?post=19651"},{"taxonomy":"product_cat","embeddable":true,"href":"https:\/\/senbera.com\/de\/wp-json\/wp\/v2\/product_cat?post=19651"},{"taxonomy":"product_tag","embeddable":true,"href":"https:\/\/senbera.com\/de\/wp-json\/wp\/v2\/product_tag?post=19651"}],"curies":[{"name":"wp","href":"https:\/\/api.w.org\/{rel}","templated":true}]}}