{"id":19603,"date":"2026-01-15T12:02:30","date_gmt":"2026-01-15T10:02:30","guid":{"rendered":"https:\/\/senbera.com\/de\/produkt\/toilettensitztrainer\/"},"modified":"2026-01-15T12:02:37","modified_gmt":"2026-01-15T10:02:37","slug":"toilettensitztrainer","status":"publish","type":"product","link":"https:\/\/senbera.com\/de\/produkt\/toilettensitztrainer\/","title":{"rendered":"Toilettensitztrainer"},"content":{"rendered":"<p style=\"text-align: center\"><strong>\ud83d\udebd Mit dem Toilettensitztrainer wird das T\u00f6pfchengehen leicht gemacht! Der \ud83d\udc76\ud83c\udffb<\/strong><\/p>\n<p style=\"text-align: center\"><span style=\"font-weight: 400\">This T\u00f6pfchensitz hilft Ihrem Kind, sich sicher und gl\u00fccklich zu f\u00fchlen, w\u00e4hrend es lernt, die Toilette zu benutzen. Er hat einen weichen Sitz, stabile Stufen und rutscht nicht. Das Hochklettern und Hinsetzen ist einfach und sicher!<\/span><\/p>\n<p><img decoding=\"async\" class=\"size-full wp-image-15775 aligncenter\" src=\"https:\/\/keluvo.com\/template\/wp-content\/uploads\/sites\/5\/2025\/04\/toiletseat-ezgif.com-video-to-webp-converter.webp\" alt=\"\" \/><\/p>\n<h2 style=\"text-align: center\">\ud83d\udc76 Hauptvorteile<\/h2>\n<p><b><\/b><span style=\"font-weight: 400\"> \u2705 <\/span>Sicher und stabil<span style=\"font-weight: 400\"> \u2013 H\u00e4lt bis zu 50 kg und bleibt mit Anti-Rutsch-Pads an seinem Platz<\/span><\/p>\n<p><span style=\"font-weight: 400\"> \u2705 <\/span>Hilft Kindern, alleine zu gehen<span style=\"font-weight: 400\"> \u2013 Ihr Kind kann ohne Hilfe hoch- und runterklettern<\/span><\/p>\n<p><span style=\"font-weight: 400\"> \u2705 <\/span>Bequemer Sitz<span style=\"font-weight: 400\"> \u2013 Weiches Kissen, das leicht zu entfernen und zu reinigen ist<\/span><\/p>\n<p><span style=\"font-weight: 400\"> \u2705 <\/span>W\u00e4chst mit Ihrem Kind mit<span style=\"font-weight: 400\"> \u2013 H\u00f6henverstellbare Leiter<\/span><\/p>\n<p><span style=\"font-weight: 400\"> \u2705 <\/span>Bleibt sauber und trocken<span style=\"font-weight: 400\"> \u2013 Spritzschutz sorgt f\u00fcr Ordnung<\/span><\/p>\n<p><img decoding=\"async\" class=\"size-full wp-image-15778 aligncenter\" src=\"https:\/\/keluvo.com\/template\/wp-content\/uploads\/sites\/5\/2025\/04\/Sd0a7eb8d00034606a62a5563e09e0b82z.jpg_960x960q75.jpg_.png\" alt=\"\" \/><\/p>\n<h2 style=\"text-align: center\">\ud83d\udebdEine sichere Art, die Toilette zu erlernen<\/h2>\n<p style=\"text-align: center\"><span style=\"font-weight: 400\">Ihr Kind lernt auf spielerische und sichere Weise die Toilette! Dieser niedliche T\u00f6pfchentrainer eignet sich sowohl f\u00fcr Jungen als auch f\u00fcr M\u00e4dchen und passt auf die meisten Toiletten (runde und ovale Formen). Er l\u00e4sst sich leicht zusammenklappen, wenn er nicht benutzt wird, und hilft Ihrem Kind, jeden Tag unabh\u00e4ngiger zu werden.<\/span><\/p>\n<p style=\"text-align: center\">Gr\u00f6\u00dfe: 44 x 34 x 34cm<\/p>\n<h2 style=\"text-align: center\">\ud83d\udccc Wie man ihn benutzt<\/h2>\n<ol>\n<li style=\"font-weight: 400\"><span style=\"font-weight: 400\">Platzieren Sie den T\u00f6pfchensitz auf Ihrer Toilette.<\/span><\/li>\n<li style=\"font-weight: 400\"><span style=\"font-weight: 400\">Stellen Sie die H\u00f6he der Leiter ein, wenn n\u00f6tig.<\/span><\/li>\n<li style=\"font-weight: 400\"><span style=\"font-weight: 400\">Lassen Sie Ihr Kind hochklettern und bequem sitzen.<\/span><\/li>\n<li style=\"font-weight: 400\"><span style=\"font-weight: 400\">Falten und verstauen Sie ihn, wenn er nicht benutzt wird.<\/span><\/li>\n<\/ol>\n<h2 style=\"text-align: center\">\ud83d\udce6 Paket enth\u00e4lt<\/h2>\n<ul>\n<li style=\"font-weight: 400\"><span style=\"font-weight: 400\">1x faltbaren Toilettensitztrainer mit Leiter<\/span><\/li>\n<li style=\"font-weight: 400\"><span style=\"font-weight: 400\">1x weiches und abnehmbares Kissen<\/span><\/li>\n<li style=\"font-weight: 400\"><span style=\"font-weight: 400\">1x eingebauter Spritzschutz.<\/span><\/li>\n<\/ul>\n","protected":false},"excerpt":{"rendered":"<p>\ud83d\udebd Mit dem Toilettensitztrainer wird das T\u00f6pfchengehen leicht gemacht! Der \ud83d\udc76\ud83c\udffb This T\u00f6pfchensitz hilft Ihrem Kind, sich sicher und gl\u00fccklich [&hellip;]<\/p>\n","protected":false},"featured_media":19599,"comment_status":"open","ping_status":"closed","template":"","meta":{"site-sidebar-layout":"default","site-content-layout":"","ast-site-content-layout":"default","site-content-style":"default","site-sidebar-style":"default","ast-global-header-display":"","ast-banner-title-visibility":"","ast-main-header-display":"","ast-hfb-above-header-display":"","ast-hfb-below-header-display":"","ast-hfb-mobile-header-display":"","site-post-title":"","ast-breadcrumbs-content":"","ast-featured-img":"","footer-sml-layout":"","theme-transparent-header-meta":"default","adv-header-id-meta":"","stick-header-meta":"","header-above-stick-meta":"","header-main-stick-meta":"","header-below-stick-meta":"","astra-migrate-meta-layouts":"set","ast-page-background-enabled":"default","ast-page-background-meta":{"desktop":{"background-color":"var(--ast-global-color-5)","background-image":"","background-repeat":"repeat","background-position":"center center","background-size":"auto","background-attachment":"scroll","background-type":"","background-media":"","overlay-type":"","overlay-color":"","overlay-opacity":"","overlay-gradient":""},"tablet":{"background-color":"","background-image":"","background-repeat":"repeat","background-position":"center center","background-size":"auto","background-attachment":"scroll","background-type":"","background-media":"","overlay-type":"","overlay-color":"","overlay-opacity":"","overlay-gradient":""},"mobile":{"background-color":"","background-image":"","background-repeat":"repeat","background-position":"center center","background-size":"auto","background-attachment":"scroll","background-type":"","background-media":"","overlay-type":"","overlay-color":"","overlay-opacity":"","overlay-gradient":""}},"ast-content-background-meta":{"desktop":{"background-color":"var(--ast-global-color-4)","background-image":"","background-repeat":"repeat","background-position":"center center","background-size":"auto","background-attachment":"scroll","background-type":"","background-media":"","overlay-type":"","overlay-color":"","overlay-opacity":"","overlay-gradient":""},"tablet":{"background-color":"var(--ast-global-color-4)","background-image":"","background-repeat":"repeat","background-position":"center center","background-size":"auto","background-attachment":"scroll","background-type":"","background-media":"","overlay-type":"","overlay-color":"","overlay-opacity":"","overlay-gradient":""},"mobile":{"background-color":"var(--ast-global-color-4)","background-image":"","background-repeat":"repeat","background-position":"center center","background-size":"auto","background-attachment":"scroll","background-type":"","background-media":"","overlay-type":"","overlay-color":"","overlay-opacity":"","overlay-gradient":""}}},"product_brand":[],"product_cat":[15],"product_tag":[],"class_list":{"0":"post-19603","1":"product","2":"type-product","3":"status-publish","4":"has-post-thumbnail","6":"product_cat-unkategorisiert","7":"pa_16299_30bj62dv-blau","8":"pa_16299_30bj62dv-rosa","9":"pa_16299_30bj62dv-weiss","10":"desktop-align-left","11":"tablet-align-left","12":"mobile-align-left","14":"first","15":"instock","16":"shipping-taxable","17":"purchasable","18":"product-type-variable"},"yoast_head":"<!-- This site is optimized with the Yoast SEO plugin v26.6 - https:\/\/yoast.com\/wordpress\/plugins\/seo\/ -->\n<title>Toilettensitztrainer - Senbera DE<\/title>\n<meta name=\"robots\" content=\"index, follow, max-snippet:-1, max-image-preview:large, max-video-preview:-1\" \/>\n<link rel=\"canonical\" href=\"https:\/\/senbera.com\/de\/produkt\/toilettensitztrainer\/\" \/>\n<meta property=\"og:locale\" content=\"de_DE\" \/>\n<meta property=\"og:type\" content=\"article\" \/>\n<meta property=\"og:title\" content=\"Toilettensitztrainer - Senbera DE\" \/>\n<meta property=\"og:description\" content=\"\ud83d\udebd Mit dem Toilettensitztrainer wird das T\u00f6pfchengehen leicht gemacht! Der \ud83d\udc76\ud83c\udffb This T\u00f6pfchensitz hilft Ihrem Kind, sich sicher und gl\u00fccklich [&hellip;]\" \/>\n<meta property=\"og:url\" content=\"https:\/\/senbera.com\/de\/produkt\/toilettensitztrainer\/\" \/>\n<meta property=\"og:site_name\" content=\"Senbera DE\" \/>\n<meta property=\"article:modified_time\" content=\"2026-01-15T10:02:37+00:00\" \/>\n<meta name=\"twitter:card\" content=\"summary_large_image\" \/>\n<meta name=\"twitter:label1\" content=\"Gesch\u00e4tzte Lesezeit\" \/>\n\t<meta name=\"twitter:data1\" content=\"1\u00a0Minute\" \/>\n<script type=\"application\/ld+json\" class=\"yoast-schema-graph\">{\"@context\":\"https:\/\/schema.org\",\"@graph\":[{\"@type\":\"WebPage\",\"@id\":\"https:\/\/senbera.com\/de\/produkt\/toilettensitztrainer\/\",\"url\":\"https:\/\/senbera.com\/de\/produkt\/toilettensitztrainer\/\",\"name\":\"Toilettensitztrainer - Senbera DE\",\"isPartOf\":{\"@id\":\"https:\/\/senbera.com\/de\/#website\"},\"primaryImageOfPage\":{\"@id\":\"https:\/\/senbera.com\/de\/produkt\/toilettensitztrainer\/#primaryimage\"},\"image\":{\"@id\":\"https:\/\/senbera.com\/de\/produkt\/toilettensitztrainer\/#primaryimage\"},\"thumbnailUrl\":\"https:\/\/senbera.com\/de\/wp-content\/uploads\/sites\/21\/2026\/01\/z0xm70c-1.png\",\"datePublished\":\"2026-01-15T10:02:30+00:00\",\"dateModified\":\"2026-01-15T10:02:37+00:00\",\"breadcrumb\":{\"@id\":\"https:\/\/senbera.com\/de\/produkt\/toilettensitztrainer\/#breadcrumb\"},\"inLanguage\":\"de\",\"potentialAction\":[{\"@type\":\"ReadAction\",\"target\":[\"https:\/\/senbera.com\/de\/produkt\/toilettensitztrainer\/\"]}]},{\"@type\":\"ImageObject\",\"inLanguage\":\"de\",\"@id\":\"https:\/\/senbera.com\/de\/produkt\/toilettensitztrainer\/#primaryimage\",\"url\":\"https:\/\/senbera.com\/de\/wp-content\/uploads\/sites\/21\/2026\/01\/z0xm70c-1.png\",\"contentUrl\":\"https:\/\/senbera.com\/de\/wp-content\/uploads\/sites\/21\/2026\/01\/z0xm70c-1.png\",\"width\":800,\"height\":800},{\"@type\":\"BreadcrumbList\",\"@id\":\"https:\/\/senbera.com\/de\/produkt\/toilettensitztrainer\/#breadcrumb\",\"itemListElement\":[{\"@type\":\"ListItem\",\"position\":1,\"name\":\"Home\",\"item\":\"https:\/\/senbera.com\/de\/\"},{\"@type\":\"ListItem\",\"position\":2,\"name\":\"Shop\",\"item\":\"https:\/\/senbera.com\/de\/shop\/\"},{\"@type\":\"ListItem\",\"position\":3,\"name\":\"Toilettensitztrainer\"}]},{\"@type\":\"WebSite\",\"@id\":\"https:\/\/senbera.com\/de\/#website\",\"url\":\"https:\/\/senbera.com\/de\/\",\"name\":\"Senbera DE\",\"description\":\"\",\"publisher\":{\"@id\":\"https:\/\/senbera.com\/de\/#organization\"},\"potentialAction\":[{\"@type\":\"SearchAction\",\"target\":{\"@type\":\"EntryPoint\",\"urlTemplate\":\"https:\/\/senbera.com\/de\/?s={search_term_string}\"},\"query-input\":{\"@type\":\"PropertyValueSpecification\",\"valueRequired\":true,\"valueName\":\"search_term_string\"}}],\"inLanguage\":\"de\"},{\"@type\":\"Organization\",\"@id\":\"https:\/\/senbera.com\/de\/#organization\",\"name\":\"Mekulo\",\"url\":\"https:\/\/senbera.com\/de\/\",\"logo\":{\"@type\":\"ImageObject\",\"inLanguage\":\"de\",\"@id\":\"https:\/\/senbera.com\/de\/#\/schema\/logo\/image\/\",\"url\":\"https:\/\/senbera.com\/de\/wp-content\/uploads\/sites\/21\/2025\/12\/favicon_mekulo.png\",\"contentUrl\":\"https:\/\/senbera.com\/de\/wp-content\/uploads\/sites\/21\/2025\/12\/favicon_mekulo.png\",\"width\":50,\"height\":50,\"caption\":\"Mekulo\"},\"image\":{\"@id\":\"https:\/\/senbera.com\/de\/#\/schema\/logo\/image\/\"}}]}<\/script>\n<!-- \/ Yoast SEO plugin. -->","yoast_head_json":{"title":"Toilettensitztrainer - Senbera DE","robots":{"index":"index","follow":"follow","max-snippet":"max-snippet:-1","max-image-preview":"max-image-preview:large","max-video-preview":"max-video-preview:-1"},"canonical":"https:\/\/senbera.com\/de\/produkt\/toilettensitztrainer\/","og_locale":"de_DE","og_type":"article","og_title":"Toilettensitztrainer - Senbera DE","og_description":"\ud83d\udebd Mit dem Toilettensitztrainer wird das T\u00f6pfchengehen leicht gemacht! Der \ud83d\udc76\ud83c\udffb This T\u00f6pfchensitz hilft Ihrem Kind, sich sicher und gl\u00fccklich [&hellip;]","og_url":"https:\/\/senbera.com\/de\/produkt\/toilettensitztrainer\/","og_site_name":"Senbera DE","article_modified_time":"2026-01-15T10:02:37+00:00","twitter_card":"summary_large_image","twitter_misc":{"Gesch\u00e4tzte Lesezeit":"1\u00a0Minute"},"schema":{"@context":"https:\/\/schema.org","@graph":[{"@type":"WebPage","@id":"https:\/\/senbera.com\/de\/produkt\/toilettensitztrainer\/","url":"https:\/\/senbera.com\/de\/produkt\/toilettensitztrainer\/","name":"Toilettensitztrainer - Senbera DE","isPartOf":{"@id":"https:\/\/senbera.com\/de\/#website"},"primaryImageOfPage":{"@id":"https:\/\/senbera.com\/de\/produkt\/toilettensitztrainer\/#primaryimage"},"image":{"@id":"https:\/\/senbera.com\/de\/produkt\/toilettensitztrainer\/#primaryimage"},"thumbnailUrl":"https:\/\/senbera.com\/de\/wp-content\/uploads\/sites\/21\/2026\/01\/z0xm70c-1.png","datePublished":"2026-01-15T10:02:30+00:00","dateModified":"2026-01-15T10:02:37+00:00","breadcrumb":{"@id":"https:\/\/senbera.com\/de\/produkt\/toilettensitztrainer\/#breadcrumb"},"inLanguage":"de","potentialAction":[{"@type":"ReadAction","target":["https:\/\/senbera.com\/de\/produkt\/toilettensitztrainer\/"]}]},{"@type":"ImageObject","inLanguage":"de","@id":"https:\/\/senbera.com\/de\/produkt\/toilettensitztrainer\/#primaryimage","url":"https:\/\/senbera.com\/de\/wp-content\/uploads\/sites\/21\/2026\/01\/z0xm70c-1.png","contentUrl":"https:\/\/senbera.com\/de\/wp-content\/uploads\/sites\/21\/2026\/01\/z0xm70c-1.png","width":800,"height":800},{"@type":"BreadcrumbList","@id":"https:\/\/senbera.com\/de\/produkt\/toilettensitztrainer\/#breadcrumb","itemListElement":[{"@type":"ListItem","position":1,"name":"Home","item":"https:\/\/senbera.com\/de\/"},{"@type":"ListItem","position":2,"name":"Shop","item":"https:\/\/senbera.com\/de\/shop\/"},{"@type":"ListItem","position":3,"name":"Toilettensitztrainer"}]},{"@type":"WebSite","@id":"https:\/\/senbera.com\/de\/#website","url":"https:\/\/senbera.com\/de\/","name":"Senbera DE","description":"","publisher":{"@id":"https:\/\/senbera.com\/de\/#organization"},"potentialAction":[{"@type":"SearchAction","target":{"@type":"EntryPoint","urlTemplate":"https:\/\/senbera.com\/de\/?s={search_term_string}"},"query-input":{"@type":"PropertyValueSpecification","valueRequired":true,"valueName":"search_term_string"}}],"inLanguage":"de"},{"@type":"Organization","@id":"https:\/\/senbera.com\/de\/#organization","name":"Mekulo","url":"https:\/\/senbera.com\/de\/","logo":{"@type":"ImageObject","inLanguage":"de","@id":"https:\/\/senbera.com\/de\/#\/schema\/logo\/image\/","url":"https:\/\/senbera.com\/de\/wp-content\/uploads\/sites\/21\/2025\/12\/favicon_mekulo.png","contentUrl":"https:\/\/senbera.com\/de\/wp-content\/uploads\/sites\/21\/2025\/12\/favicon_mekulo.png","width":50,"height":50,"caption":"Mekulo"},"image":{"@id":"https:\/\/senbera.com\/de\/#\/schema\/logo\/image\/"}}]}},"_links":{"self":[{"href":"https:\/\/senbera.com\/de\/wp-json\/wp\/v2\/product\/19603","targetHints":{"allow":["GET"]}}],"collection":[{"href":"https:\/\/senbera.com\/de\/wp-json\/wp\/v2\/product"}],"about":[{"href":"https:\/\/senbera.com\/de\/wp-json\/wp\/v2\/types\/product"}],"replies":[{"embeddable":true,"href":"https:\/\/senbera.com\/de\/wp-json\/wp\/v2\/comments?post=19603"}],"wp:featuredmedia":[{"embeddable":true,"href":"https:\/\/senbera.com\/de\/wp-json\/wp\/v2\/media\/19599"}],"wp:attachment":[{"href":"https:\/\/senbera.com\/de\/wp-json\/wp\/v2\/media?parent=19603"}],"wp:term":[{"taxonomy":"product_brand","embeddable":true,"href":"https:\/\/senbera.com\/de\/wp-json\/wp\/v2\/product_brand?post=19603"},{"taxonomy":"product_cat","embeddable":true,"href":"https:\/\/senbera.com\/de\/wp-json\/wp\/v2\/product_cat?post=19603"},{"taxonomy":"product_tag","embeddable":true,"href":"https:\/\/senbera.com\/de\/wp-json\/wp\/v2\/product_tag?post=19603"}],"curies":[{"name":"wp","href":"https:\/\/api.w.org\/{rel}","templated":true}]}}