{"id":19435,"date":"2026-01-15T08:36:04","date_gmt":"2026-01-15T06:36:04","guid":{"rendered":"https:\/\/senbera.com\/de\/produkt\/handtasche-handytasche\/"},"modified":"2026-01-15T08:40:36","modified_gmt":"2026-01-15T06:40:36","slug":"handtasche-handytasche","status":"publish","type":"product","link":"https:\/\/senbera.com\/de\/produkt\/handtasche-handytasche\/","title":{"rendered":"Handtasche Handytasche"},"content":{"rendered":"<h2 style=\"text-align: center\" data-start=\"0\" data-end=\"53\">\ud83d\udc5c Stil und Funktionalit\u00e4t<\/h2>\n<p class=\"\" style=\"text-align: center\" data-start=\"55\" data-end=\"174\"><span class=\"relative -mx-px my-[-0.2rem] rounded px-px py-[0.2rem] transition-colors duration-100 ease-in-out\">Mit unserer Handytasche f\u00fcr die Handtasche, einer perfekten Mischung aus Mode und Zweckm\u00e4\u00dfigkeit, werten Sie Ihre t\u00e4glichen Utensilien auf.<\/span> <span class=\"relative -mx-px my-[-0.2rem] rounded px-px py-[0.2rem] transition-colors duration-100 ease-in-out\">Dieses Accessoire wurde f\u00fcr alle entwickelt, die Wert auf Bequemlichkeit legen, ohne Kompromisse beim Stil einzugehen, und sorgt daf\u00fcr, dass Ihr Telefon immer in Reichweite und gesch\u00fctzt ist.<\/span><\/p>\n<p data-start=\"55\" data-end=\"174\"><img decoding=\"async\" class=\"size-full wp-image-14312 aligncenter\" src=\"https:\/\/keluvo.com\/template\/wp-content\/uploads\/sites\/5\/2025\/04\/variant-image-6.jpeg\" alt=\"\" \/><\/p>\n<h2 style=\"text-align: center\" data-start=\"181\" data-end=\"204\">\ud83c\udf1f Hauptvorteile<\/h2>\n<p class=\"\" data-start=\"208\" data-end=\"312\">All-in-One-Design: <span class=\"relative -mx-px my-[-0.2rem] rounded px-px py-[0.2rem] transition-colors duration-100 ease-in-out\">Kombiniert den Nutzen einer Handtasche mit dem Schutz einer Handytasche, so dass Sie nicht mehrere Gegenst\u00e4nde mit sich f\u00fchren m\u00fcssen<\/span>\u200b<\/p>\n<p class=\"\" data-start=\"315\" data-end=\"423\">Hochwertiges Material: <span class=\"relative -mx-px my-[-0.2rem] rounded px-px py-[0.2rem] transition-colors duration-100 ease-in-out\">Hergestellt aus langlebigen Materialien, die sich weich anf\u00fchlen und lange halten<\/span>\u200b<\/p>\n<p class=\"\" data-start=\"426\" data-end=\"523\">Sichere Passform: <span class=\"relative -mx-px my-[-0.2rem] rounded px-px py-[0.2rem] transition-colors duration-100 ease-in-out\">Passt sich perfekt an Ihr Handy an und sch\u00fctzt es vor Staub, Kratzern und St\u00f6\u00dfen<\/span>\u200b<\/p>\n<p class=\"\" data-start=\"526\" data-end=\"631\">Einfache Pflege: <span class=\"relative -mx-px my-[-0.2rem] rounded px-px py-[0.2rem] transition-colors duration-100 ease-in-out\">Die H\u00fclle ist abwaschbar, damit sie lange sauber und frisch bleibt<\/span><\/p>\n<p><img decoding=\"async\" class=\"size-full wp-image-14309 aligncenter\" src=\"https:\/\/keluvo.com\/template\/wp-content\/uploads\/sites\/5\/2025\/04\/main-image-5-1.jpeg\" alt=\"\" \/><\/p>\n<h2 style=\"text-align: center\" data-start=\"55\" data-end=\"174\">\ud83d\udccf Produktspezifikationen<\/h2>\n<ul>\n<li class=\"\" data-start=\"673\" data-end=\"774\">\n<p class=\"\" data-start=\"675\" data-end=\"774\">Material: <span class=\"relative -mx-px my-[-0.2rem] rounded px-px py-[0.2rem] transition-colors duration-100 ease-in-out\">Hochwertiges Material<\/span>\u200b<\/p>\n<\/li>\n<li class=\"\" data-start=\"775\" data-end=\"874\">\n<p class=\"\" data-start=\"777\" data-end=\"874\">Design: <span class=\"relative -mx-px my-[-0.2rem] rounded px-px py-[0.2rem] transition-colors duration-100 ease-in-out\">Modischer Handtaschen-Stil mit einfacher Snap-on\/Snap-off-Funktionalit\u00e4t<\/span>\u200b<\/p>\n<\/li>\n<li class=\"\" data-start=\"875\" data-end=\"978\">\n<p class=\"\" data-start=\"877\" data-end=\"978\">Schutz: <span class=\"relative -mx-px my-[-0.2rem] rounded px-px py-[0.2rem] transition-colors duration-100 ease-in-out\">Umfassender Schutz gegen Staub, Kratzer und kleinere St\u00f6\u00dfe<\/span>\u200b<\/p>\n<\/li>\n<li class=\"\" data-start=\"979\" data-end=\"1083\">\n<p class=\"\" data-start=\"981\" data-end=\"1083\">Pflege: <span class=\"relative -mx-px my-[-0.2rem] rounded px-px py-[0.2rem] transition-colors duration-100 ease-in-out\">Langlebig und waschbar f\u00fcr langfristigen Gebrauch<\/span><\/p>\n<\/li>\n<\/ul>\n<h2 style=\"text-align: center\">\ud83d\udce6 Paket enth\u00e4lt<\/h2>\n<ul>\n<li>1x Handtasche Telefon Fall.<\/li>\n<\/ul>\n","protected":false},"excerpt":{"rendered":"<p>\ud83d\udc5c Stil und Funktionalit\u00e4t Mit unserer Handytasche f\u00fcr die Handtasche, einer perfekten Mischung aus Mode und Zweckm\u00e4\u00dfigkeit, werten Sie Ihre [&hellip;]<\/p>\n","protected":false},"featured_media":19430,"comment_status":"open","ping_status":"closed","template":"","meta":{"site-sidebar-layout":"default","site-content-layout":"","ast-site-content-layout":"default","site-content-style":"default","site-sidebar-style":"default","ast-global-header-display":"","ast-banner-title-visibility":"","ast-main-header-display":"","ast-hfb-above-header-display":"","ast-hfb-below-header-display":"","ast-hfb-mobile-header-display":"","site-post-title":"","ast-breadcrumbs-content":"","ast-featured-img":"","footer-sml-layout":"","theme-transparent-header-meta":"default","adv-header-id-meta":"","stick-header-meta":"","header-above-stick-meta":"","header-main-stick-meta":"","header-below-stick-meta":"","astra-migrate-meta-layouts":"set","ast-page-background-enabled":"default","ast-page-background-meta":{"desktop":{"background-color":"var(--ast-global-color-5)","background-image":"","background-repeat":"repeat","background-position":"center center","background-size":"auto","background-attachment":"scroll","background-type":"","background-media":"","overlay-type":"","overlay-color":"","overlay-opacity":"","overlay-gradient":""},"tablet":{"background-color":"","background-image":"","background-repeat":"repeat","background-position":"center center","background-size":"auto","background-attachment":"scroll","background-type":"","background-media":"","overlay-type":"","overlay-color":"","overlay-opacity":"","overlay-gradient":""},"mobile":{"background-color":"","background-image":"","background-repeat":"repeat","background-position":"center center","background-size":"auto","background-attachment":"scroll","background-type":"","background-media":"","overlay-type":"","overlay-color":"","overlay-opacity":"","overlay-gradient":""}},"ast-content-background-meta":{"desktop":{"background-color":"var(--ast-global-color-4)","background-image":"","background-repeat":"repeat","background-position":"center center","background-size":"auto","background-attachment":"scroll","background-type":"","background-media":"","overlay-type":"","overlay-color":"","overlay-opacity":"","overlay-gradient":""},"tablet":{"background-color":"var(--ast-global-color-4)","background-image":"","background-repeat":"repeat","background-position":"center center","background-size":"auto","background-attachment":"scroll","background-type":"","background-media":"","overlay-type":"","overlay-color":"","overlay-opacity":"","overlay-gradient":""},"mobile":{"background-color":"var(--ast-global-color-4)","background-image":"","background-repeat":"repeat","background-position":"center center","background-size":"auto","background-attachment":"scroll","background-type":"","background-media":"","overlay-type":"","overlay-color":"","overlay-opacity":"","overlay-gradient":""}}},"product_brand":[],"product_cat":[15],"product_tag":[],"class_list":{"0":"post-19435","1":"product","2":"type-product","3":"status-publish","4":"has-post-thumbnail","6":"product_cat-unkategorisiert","7":"pa_31965_w61ejcl6-gruen","8":"pa_31965_w61ejcl6-rosa","9":"pa_31965_w61ejcl6-rot","10":"pa_31965_w61ejcl6-schwarz","11":"pa_31965_w61ejcl6-weiss","12":"pa_31965_y2uuqu6b-iphone-11","13":"pa_31965_y2uuqu6b-iphone-11-pro","14":"pa_31965_y2uuqu6b-iphone-11-pro-max","15":"pa_31965_y2uuqu6b-iphone-12","16":"pa_31965_y2uuqu6b-iphone-12-pro","17":"pa_31965_y2uuqu6b-iphone-12-pro-max","18":"pa_31965_y2uuqu6b-iphone-13","19":"pa_31965_y2uuqu6b-iphone-13-pro","20":"pa_31965_y2uuqu6b-iphone-13-pro-max","21":"pa_31965_y2uuqu6b-iphone-14","22":"pa_31965_y2uuqu6b-iphone-14-pro","23":"pa_31965_y2uuqu6b-iphone-14-pro-max","24":"pa_31965_y2uuqu6b-iphone-15","25":"pa_31965_y2uuqu6b-iphone-15-pro","26":"pa_31965_y2uuqu6b-iphone-15-pro-max","27":"desktop-align-left","28":"tablet-align-left","29":"mobile-align-left","31":"first","32":"instock","33":"shipping-taxable","34":"purchasable","35":"product-type-variable","36":"has-default-attributes"},"yoast_head":"<!-- This site is optimized with the Yoast SEO plugin v26.6 - https:\/\/yoast.com\/wordpress\/plugins\/seo\/ -->\n<title>Handtasche Handytasche - Senbera DE<\/title>\n<meta name=\"robots\" content=\"index, follow, max-snippet:-1, max-image-preview:large, max-video-preview:-1\" \/>\n<link rel=\"canonical\" href=\"https:\/\/senbera.com\/de\/produkt\/handtasche-handytasche\/\" \/>\n<meta property=\"og:locale\" content=\"de_DE\" \/>\n<meta property=\"og:type\" content=\"article\" \/>\n<meta property=\"og:title\" content=\"Handtasche Handytasche - Senbera DE\" \/>\n<meta property=\"og:description\" content=\"\ud83d\udc5c Stil und Funktionalit\u00e4t Mit unserer Handytasche f\u00fcr die Handtasche, einer perfekten Mischung aus Mode und Zweckm\u00e4\u00dfigkeit, werten Sie Ihre [&hellip;]\" \/>\n<meta property=\"og:url\" content=\"https:\/\/senbera.com\/de\/produkt\/handtasche-handytasche\/\" \/>\n<meta property=\"og:site_name\" content=\"Senbera DE\" \/>\n<meta property=\"article:modified_time\" content=\"2026-01-15T06:40:36+00:00\" \/>\n<meta name=\"twitter:card\" content=\"summary_large_image\" \/>\n<meta name=\"twitter:label1\" content=\"Gesch\u00e4tzte Lesezeit\" \/>\n\t<meta name=\"twitter:data1\" content=\"1\u00a0Minute\" \/>\n<script type=\"application\/ld+json\" class=\"yoast-schema-graph\">{\"@context\":\"https:\/\/schema.org\",\"@graph\":[{\"@type\":\"WebPage\",\"@id\":\"https:\/\/senbera.com\/de\/produkt\/handtasche-handytasche\/\",\"url\":\"https:\/\/senbera.com\/de\/produkt\/handtasche-handytasche\/\",\"name\":\"Handtasche Handytasche - Senbera DE\",\"isPartOf\":{\"@id\":\"https:\/\/senbera.com\/de\/#website\"},\"primaryImageOfPage\":{\"@id\":\"https:\/\/senbera.com\/de\/produkt\/handtasche-handytasche\/#primaryimage\"},\"image\":{\"@id\":\"https:\/\/senbera.com\/de\/produkt\/handtasche-handytasche\/#primaryimage\"},\"thumbnailUrl\":\"https:\/\/senbera.com\/de\/wp-content\/uploads\/sites\/21\/2026\/01\/pm0a5ub-1.jpeg\",\"datePublished\":\"2026-01-15T06:36:04+00:00\",\"dateModified\":\"2026-01-15T06:40:36+00:00\",\"breadcrumb\":{\"@id\":\"https:\/\/senbera.com\/de\/produkt\/handtasche-handytasche\/#breadcrumb\"},\"inLanguage\":\"de\",\"potentialAction\":[{\"@type\":\"ReadAction\",\"target\":[\"https:\/\/senbera.com\/de\/produkt\/handtasche-handytasche\/\"]}]},{\"@type\":\"ImageObject\",\"inLanguage\":\"de\",\"@id\":\"https:\/\/senbera.com\/de\/produkt\/handtasche-handytasche\/#primaryimage\",\"url\":\"https:\/\/senbera.com\/de\/wp-content\/uploads\/sites\/21\/2026\/01\/pm0a5ub-1.jpeg\",\"contentUrl\":\"https:\/\/senbera.com\/de\/wp-content\/uploads\/sites\/21\/2026\/01\/pm0a5ub-1.jpeg\",\"width\":950,\"height\":950},{\"@type\":\"BreadcrumbList\",\"@id\":\"https:\/\/senbera.com\/de\/produkt\/handtasche-handytasche\/#breadcrumb\",\"itemListElement\":[{\"@type\":\"ListItem\",\"position\":1,\"name\":\"Home\",\"item\":\"https:\/\/senbera.com\/de\/\"},{\"@type\":\"ListItem\",\"position\":2,\"name\":\"Shop\",\"item\":\"https:\/\/senbera.com\/de\/shop\/\"},{\"@type\":\"ListItem\",\"position\":3,\"name\":\"Handtasche Handytasche\"}]},{\"@type\":\"WebSite\",\"@id\":\"https:\/\/senbera.com\/de\/#website\",\"url\":\"https:\/\/senbera.com\/de\/\",\"name\":\"Senbera DE\",\"description\":\"\",\"publisher\":{\"@id\":\"https:\/\/senbera.com\/de\/#organization\"},\"potentialAction\":[{\"@type\":\"SearchAction\",\"target\":{\"@type\":\"EntryPoint\",\"urlTemplate\":\"https:\/\/senbera.com\/de\/?s={search_term_string}\"},\"query-input\":{\"@type\":\"PropertyValueSpecification\",\"valueRequired\":true,\"valueName\":\"search_term_string\"}}],\"inLanguage\":\"de\"},{\"@type\":\"Organization\",\"@id\":\"https:\/\/senbera.com\/de\/#organization\",\"name\":\"Mekulo\",\"url\":\"https:\/\/senbera.com\/de\/\",\"logo\":{\"@type\":\"ImageObject\",\"inLanguage\":\"de\",\"@id\":\"https:\/\/senbera.com\/de\/#\/schema\/logo\/image\/\",\"url\":\"https:\/\/senbera.com\/de\/wp-content\/uploads\/sites\/21\/2025\/12\/favicon_mekulo.png\",\"contentUrl\":\"https:\/\/senbera.com\/de\/wp-content\/uploads\/sites\/21\/2025\/12\/favicon_mekulo.png\",\"width\":50,\"height\":50,\"caption\":\"Mekulo\"},\"image\":{\"@id\":\"https:\/\/senbera.com\/de\/#\/schema\/logo\/image\/\"}}]}<\/script>\n<!-- \/ Yoast SEO plugin. -->","yoast_head_json":{"title":"Handtasche Handytasche - Senbera DE","robots":{"index":"index","follow":"follow","max-snippet":"max-snippet:-1","max-image-preview":"max-image-preview:large","max-video-preview":"max-video-preview:-1"},"canonical":"https:\/\/senbera.com\/de\/produkt\/handtasche-handytasche\/","og_locale":"de_DE","og_type":"article","og_title":"Handtasche Handytasche - Senbera DE","og_description":"\ud83d\udc5c Stil und Funktionalit\u00e4t Mit unserer Handytasche f\u00fcr die Handtasche, einer perfekten Mischung aus Mode und Zweckm\u00e4\u00dfigkeit, werten Sie Ihre [&hellip;]","og_url":"https:\/\/senbera.com\/de\/produkt\/handtasche-handytasche\/","og_site_name":"Senbera DE","article_modified_time":"2026-01-15T06:40:36+00:00","twitter_card":"summary_large_image","twitter_misc":{"Gesch\u00e4tzte Lesezeit":"1\u00a0Minute"},"schema":{"@context":"https:\/\/schema.org","@graph":[{"@type":"WebPage","@id":"https:\/\/senbera.com\/de\/produkt\/handtasche-handytasche\/","url":"https:\/\/senbera.com\/de\/produkt\/handtasche-handytasche\/","name":"Handtasche Handytasche - Senbera DE","isPartOf":{"@id":"https:\/\/senbera.com\/de\/#website"},"primaryImageOfPage":{"@id":"https:\/\/senbera.com\/de\/produkt\/handtasche-handytasche\/#primaryimage"},"image":{"@id":"https:\/\/senbera.com\/de\/produkt\/handtasche-handytasche\/#primaryimage"},"thumbnailUrl":"https:\/\/senbera.com\/de\/wp-content\/uploads\/sites\/21\/2026\/01\/pm0a5ub-1.jpeg","datePublished":"2026-01-15T06:36:04+00:00","dateModified":"2026-01-15T06:40:36+00:00","breadcrumb":{"@id":"https:\/\/senbera.com\/de\/produkt\/handtasche-handytasche\/#breadcrumb"},"inLanguage":"de","potentialAction":[{"@type":"ReadAction","target":["https:\/\/senbera.com\/de\/produkt\/handtasche-handytasche\/"]}]},{"@type":"ImageObject","inLanguage":"de","@id":"https:\/\/senbera.com\/de\/produkt\/handtasche-handytasche\/#primaryimage","url":"https:\/\/senbera.com\/de\/wp-content\/uploads\/sites\/21\/2026\/01\/pm0a5ub-1.jpeg","contentUrl":"https:\/\/senbera.com\/de\/wp-content\/uploads\/sites\/21\/2026\/01\/pm0a5ub-1.jpeg","width":950,"height":950},{"@type":"BreadcrumbList","@id":"https:\/\/senbera.com\/de\/produkt\/handtasche-handytasche\/#breadcrumb","itemListElement":[{"@type":"ListItem","position":1,"name":"Home","item":"https:\/\/senbera.com\/de\/"},{"@type":"ListItem","position":2,"name":"Shop","item":"https:\/\/senbera.com\/de\/shop\/"},{"@type":"ListItem","position":3,"name":"Handtasche Handytasche"}]},{"@type":"WebSite","@id":"https:\/\/senbera.com\/de\/#website","url":"https:\/\/senbera.com\/de\/","name":"Senbera DE","description":"","publisher":{"@id":"https:\/\/senbera.com\/de\/#organization"},"potentialAction":[{"@type":"SearchAction","target":{"@type":"EntryPoint","urlTemplate":"https:\/\/senbera.com\/de\/?s={search_term_string}"},"query-input":{"@type":"PropertyValueSpecification","valueRequired":true,"valueName":"search_term_string"}}],"inLanguage":"de"},{"@type":"Organization","@id":"https:\/\/senbera.com\/de\/#organization","name":"Mekulo","url":"https:\/\/senbera.com\/de\/","logo":{"@type":"ImageObject","inLanguage":"de","@id":"https:\/\/senbera.com\/de\/#\/schema\/logo\/image\/","url":"https:\/\/senbera.com\/de\/wp-content\/uploads\/sites\/21\/2025\/12\/favicon_mekulo.png","contentUrl":"https:\/\/senbera.com\/de\/wp-content\/uploads\/sites\/21\/2025\/12\/favicon_mekulo.png","width":50,"height":50,"caption":"Mekulo"},"image":{"@id":"https:\/\/senbera.com\/de\/#\/schema\/logo\/image\/"}}]}},"_links":{"self":[{"href":"https:\/\/senbera.com\/de\/wp-json\/wp\/v2\/product\/19435","targetHints":{"allow":["GET"]}}],"collection":[{"href":"https:\/\/senbera.com\/de\/wp-json\/wp\/v2\/product"}],"about":[{"href":"https:\/\/senbera.com\/de\/wp-json\/wp\/v2\/types\/product"}],"replies":[{"embeddable":true,"href":"https:\/\/senbera.com\/de\/wp-json\/wp\/v2\/comments?post=19435"}],"wp:featuredmedia":[{"embeddable":true,"href":"https:\/\/senbera.com\/de\/wp-json\/wp\/v2\/media\/19430"}],"wp:attachment":[{"href":"https:\/\/senbera.com\/de\/wp-json\/wp\/v2\/media?parent=19435"}],"wp:term":[{"taxonomy":"product_brand","embeddable":true,"href":"https:\/\/senbera.com\/de\/wp-json\/wp\/v2\/product_brand?post=19435"},{"taxonomy":"product_cat","embeddable":true,"href":"https:\/\/senbera.com\/de\/wp-json\/wp\/v2\/product_cat?post=19435"},{"taxonomy":"product_tag","embeddable":true,"href":"https:\/\/senbera.com\/de\/wp-json\/wp\/v2\/product_tag?post=19435"}],"curies":[{"name":"wp","href":"https:\/\/api.w.org\/{rel}","templated":true}]}}