{"id":19390,"date":"2026-01-15T08:32:43","date_gmt":"2026-01-15T06:32:43","guid":{"rendered":"https:\/\/senbera.com\/de\/produkt\/elektrische-schleifmaschine\/"},"modified":"2026-01-15T08:32:43","modified_gmt":"2026-01-15T06:32:43","slug":"elektrische-schleifmaschine","status":"publish","type":"product","link":"https:\/\/senbera.com\/de\/produkt\/elektrische-schleifmaschine\/","title":{"rendered":"Elektrische Schleifmaschine"},"content":{"rendered":"<h2 style=\"text-align: center\" data-start=\"40\" data-end=\"96\">\ud83d\udd2a Der neue beste Freund in Ihrer K\u00fcche<\/h2>\n<p class=\"\" style=\"text-align: center\" data-start=\"98\" data-end=\"217\"><span class=\"relative -mx-px my-[-0.2rem] rounded px-px py-[0.2rem] transition-colors duration-100 ease-in-out\">Mit unserem elektrischen Zerkleinerer wird die Zubereitung von Mahlzeiten zum Kinderspiel!<\/span> <span class=\"relative -mx-px my-[-0.2rem] rounded px-px py-[0.2rem] transition-colors duration-100 ease-in-out\">Dieses leistungsstarke und vielseitige K\u00fcchenger\u00e4t eignet sich perfekt zum Hacken, Zerkleinern und Mixen einer Vielzahl von Zutaten und spart Ihnen Zeit und M\u00fche in der K\u00fcche.<\/span><\/p>\n<p data-start=\"98\" data-end=\"217\"><img decoding=\"async\" class=\"size-full wp-image-14365 aligncenter\" src=\"https:\/\/keluvo.com\/template\/wp-content\/uploads\/sites\/5\/2025\/04\/cutter-3.jpg\" alt=\"\" \/><\/p>\n<h2 style=\"text-align: center\">\ud83c\udf1f Die wichtigsten Vorteile<\/h2>\n<p class=\"\" data-start=\"251\" data-end=\"358\">Starke Leistung: <span class=\"relative -mx-px my-[-0.2rem] rounded px-px py-[0.2rem] transition-colors duration-100 ease-in-out\">Ausgestattet mit einem 500-W-Motor und 4 Edelstahlklingen verarbeitet er effizient Fleisch, Gem\u00fcse, Obst und mehr<\/span>\u200b<\/p>\n<p class=\"\" data-start=\"362\" data-end=\"534\">Gro\u00dfes Fassungsverm\u00f6gen: Die 2-Liter-Edelstahlsch\u00fcssel ist langlebig, leicht zu reinigen und perfekt f\u00fcr die Zubereitung von Mahlzeiten f\u00fcr die ganze Familie geeignet<\/p>\n<p class=\"\" data-start=\"538\" data-end=\"713\">Benutzerfreundliches Design: Zwei Geschwindigkeitsstufen f\u00fcr eine pr\u00e4zise Steuerung und eine rutschfeste Matte sorgen f\u00fcr einen sicheren Stand des Fleischwolfs w\u00e4hrend des Gebrauchs<\/p>\n<p class=\"\" data-start=\"717\" data-end=\"817\">Einfache Reinigung: <span class=\"relative -mx-px my-[-0.2rem] rounded px-px py-[0.2rem] transition-colors duration-100 ease-in-out\">Die abnehmbaren Teile machen die Reinigung zum Kinderspiel und sorgen daf\u00fcr, dass Ihr Mahlwerk f\u00fcr den n\u00e4chsten Einsatz bereit ist<\/span><\/p>\n<p><img decoding=\"async\" class=\"size-full wp-image-14369 aligncenter\" src=\"https:\/\/keluvo.com\/template\/wp-content\/uploads\/sites\/5\/2025\/04\/main-image-3-2.jpeg\" alt=\"\" \/><\/p>\n<h2 style=\"text-align: center\" data-start=\"824\" data-end=\"857\">\ud83d\udccf Produktspezifikationen<\/h2>\n<ul data-start=\"859\" data-end=\"1322\">\n<li class=\"\" data-start=\"859\" data-end=\"957\">\n<p class=\"\" data-start=\"861\" data-end=\"957\">Leistung: <span class=\"relative -mx-px my-[-0.2rem] rounded px-px py-[0.2rem] transition-colors duration-100 ease-in-out\">500 W<\/span>\u200b<\/p>\n<\/li>\n<li class=\"\" data-start=\"959\" data-end=\"1060\">\n<p class=\"\" data-start=\"961\" data-end=\"1060\">Fassungsverm\u00f6gen: <span class=\"relative -mx-px my-[-0.2rem] rounded px-px py-[0.2rem] transition-colors duration-100 ease-in-out\">2 L<\/span>\u200b<\/p>\n<\/li>\n<li class=\"\" data-start=\"1062\" data-end=\"1163\">\n<p class=\"\" data-start=\"1064\" data-end=\"1163\">Material: <span class=\"relative -mx-px my-[-0.2rem] rounded px-px py-[0.2rem] transition-colors duration-100 ease-in-out\">Edelstahl Sch\u00fcssel und Klingen<\/span><\/p>\n<\/li>\n<li class=\"\" data-start=\"1165\" data-end=\"1234\">\n<p class=\"\" data-start=\"1167\" data-end=\"1234\">Geschwindigkeiten: 2<\/p>\n<\/li>\n<\/ul>\n<h2 style=\"text-align: center\">\ud83d\udce6 Paket enth\u00e4lt<\/h2>\n<ul>\n<li>1x Elextric Grinder.\u200b<\/li>\n<\/ul>\n","protected":false},"excerpt":{"rendered":"<p>\ud83d\udd2a Der neue beste Freund in Ihrer K\u00fcche Mit unserem elektrischen Zerkleinerer wird die Zubereitung von Mahlzeiten zum Kinderspiel! Dieses [&hellip;]<\/p>\n","protected":false},"featured_media":19385,"comment_status":"open","ping_status":"closed","template":"","meta":{"site-sidebar-layout":"default","site-content-layout":"","ast-site-content-layout":"default","site-content-style":"default","site-sidebar-style":"default","ast-global-header-display":"","ast-banner-title-visibility":"","ast-main-header-display":"","ast-hfb-above-header-display":"","ast-hfb-below-header-display":"","ast-hfb-mobile-header-display":"","site-post-title":"","ast-breadcrumbs-content":"","ast-featured-img":"","footer-sml-layout":"","theme-transparent-header-meta":"default","adv-header-id-meta":"","stick-header-meta":"","header-above-stick-meta":"","header-main-stick-meta":"","header-below-stick-meta":"","astra-migrate-meta-layouts":"set","ast-page-background-enabled":"default","ast-page-background-meta":{"desktop":{"background-color":"var(--ast-global-color-5)","background-image":"","background-repeat":"repeat","background-position":"center center","background-size":"auto","background-attachment":"scroll","background-type":"","background-media":"","overlay-type":"","overlay-color":"","overlay-opacity":"","overlay-gradient":""},"tablet":{"background-color":"","background-image":"","background-repeat":"repeat","background-position":"center center","background-size":"auto","background-attachment":"scroll","background-type":"","background-media":"","overlay-type":"","overlay-color":"","overlay-opacity":"","overlay-gradient":""},"mobile":{"background-color":"","background-image":"","background-repeat":"repeat","background-position":"center center","background-size":"auto","background-attachment":"scroll","background-type":"","background-media":"","overlay-type":"","overlay-color":"","overlay-opacity":"","overlay-gradient":""}},"ast-content-background-meta":{"desktop":{"background-color":"var(--ast-global-color-4)","background-image":"","background-repeat":"repeat","background-position":"center center","background-size":"auto","background-attachment":"scroll","background-type":"","background-media":"","overlay-type":"","overlay-color":"","overlay-opacity":"","overlay-gradient":""},"tablet":{"background-color":"var(--ast-global-color-4)","background-image":"","background-repeat":"repeat","background-position":"center center","background-size":"auto","background-attachment":"scroll","background-type":"","background-media":"","overlay-type":"","overlay-color":"","overlay-opacity":"","overlay-gradient":""},"mobile":{"background-color":"var(--ast-global-color-4)","background-image":"","background-repeat":"repeat","background-position":"center center","background-size":"auto","background-attachment":"scroll","background-type":"","background-media":"","overlay-type":"","overlay-color":"","overlay-opacity":"","overlay-gradient":""}}},"product_brand":[],"product_cat":[15],"product_tag":[],"class_list":{"0":"post-19390","1":"product","2":"type-product","3":"status-publish","4":"has-post-thumbnail","6":"product_cat-unkategorisiert","7":"desktop-align-left","8":"tablet-align-left","9":"mobile-align-left","11":"first","12":"instock","13":"shipping-taxable","14":"purchasable","15":"product-type-simple"},"yoast_head":"<!-- This site is optimized with the Yoast SEO plugin v26.6 - https:\/\/yoast.com\/wordpress\/plugins\/seo\/ -->\n<title>Elektrische Schleifmaschine - Senbera DE<\/title>\n<meta name=\"robots\" content=\"index, follow, max-snippet:-1, max-image-preview:large, max-video-preview:-1\" \/>\n<link rel=\"canonical\" href=\"https:\/\/senbera.com\/de\/produkt\/elektrische-schleifmaschine\/\" \/>\n<meta property=\"og:locale\" content=\"de_DE\" \/>\n<meta property=\"og:type\" content=\"article\" \/>\n<meta property=\"og:title\" content=\"Elektrische Schleifmaschine - Senbera DE\" \/>\n<meta property=\"og:description\" content=\"\ud83d\udd2a Der neue beste Freund in Ihrer K\u00fcche Mit unserem elektrischen Zerkleinerer wird die Zubereitung von Mahlzeiten zum Kinderspiel! Dieses [&hellip;]\" \/>\n<meta property=\"og:url\" content=\"https:\/\/senbera.com\/de\/produkt\/elektrische-schleifmaschine\/\" \/>\n<meta property=\"og:site_name\" content=\"Senbera DE\" \/>\n<meta name=\"twitter:card\" content=\"summary_large_image\" \/>\n<meta name=\"twitter:label1\" content=\"Gesch\u00e4tzte Lesezeit\" \/>\n\t<meta name=\"twitter:data1\" content=\"1\u00a0Minute\" \/>\n<script type=\"application\/ld+json\" class=\"yoast-schema-graph\">{\"@context\":\"https:\/\/schema.org\",\"@graph\":[{\"@type\":\"WebPage\",\"@id\":\"https:\/\/senbera.com\/de\/produkt\/elektrische-schleifmaschine\/\",\"url\":\"https:\/\/senbera.com\/de\/produkt\/elektrische-schleifmaschine\/\",\"name\":\"Elektrische Schleifmaschine - Senbera DE\",\"isPartOf\":{\"@id\":\"https:\/\/senbera.com\/de\/#website\"},\"primaryImageOfPage\":{\"@id\":\"https:\/\/senbera.com\/de\/produkt\/elektrische-schleifmaschine\/#primaryimage\"},\"image\":{\"@id\":\"https:\/\/senbera.com\/de\/produkt\/elektrische-schleifmaschine\/#primaryimage\"},\"thumbnailUrl\":\"https:\/\/senbera.com\/de\/wp-content\/uploads\/sites\/21\/2026\/01\/lv3awv2-1.jpg\",\"datePublished\":\"2026-01-15T06:32:43+00:00\",\"breadcrumb\":{\"@id\":\"https:\/\/senbera.com\/de\/produkt\/elektrische-schleifmaschine\/#breadcrumb\"},\"inLanguage\":\"de\",\"potentialAction\":[{\"@type\":\"ReadAction\",\"target\":[\"https:\/\/senbera.com\/de\/produkt\/elektrische-schleifmaschine\/\"]}]},{\"@type\":\"ImageObject\",\"inLanguage\":\"de\",\"@id\":\"https:\/\/senbera.com\/de\/produkt\/elektrische-schleifmaschine\/#primaryimage\",\"url\":\"https:\/\/senbera.com\/de\/wp-content\/uploads\/sites\/21\/2026\/01\/lv3awv2-1.jpg\",\"contentUrl\":\"https:\/\/senbera.com\/de\/wp-content\/uploads\/sites\/21\/2026\/01\/lv3awv2-1.jpg\",\"width\":1000,\"height\":1000},{\"@type\":\"BreadcrumbList\",\"@id\":\"https:\/\/senbera.com\/de\/produkt\/elektrische-schleifmaschine\/#breadcrumb\",\"itemListElement\":[{\"@type\":\"ListItem\",\"position\":1,\"name\":\"Home\",\"item\":\"https:\/\/senbera.com\/de\/\"},{\"@type\":\"ListItem\",\"position\":2,\"name\":\"Shop\",\"item\":\"https:\/\/senbera.com\/de\/shop\/\"},{\"@type\":\"ListItem\",\"position\":3,\"name\":\"Elektrische Schleifmaschine\"}]},{\"@type\":\"WebSite\",\"@id\":\"https:\/\/senbera.com\/de\/#website\",\"url\":\"https:\/\/senbera.com\/de\/\",\"name\":\"Senbera DE\",\"description\":\"\",\"publisher\":{\"@id\":\"https:\/\/senbera.com\/de\/#organization\"},\"potentialAction\":[{\"@type\":\"SearchAction\",\"target\":{\"@type\":\"EntryPoint\",\"urlTemplate\":\"https:\/\/senbera.com\/de\/?s={search_term_string}\"},\"query-input\":{\"@type\":\"PropertyValueSpecification\",\"valueRequired\":true,\"valueName\":\"search_term_string\"}}],\"inLanguage\":\"de\"},{\"@type\":\"Organization\",\"@id\":\"https:\/\/senbera.com\/de\/#organization\",\"name\":\"Mekulo\",\"url\":\"https:\/\/senbera.com\/de\/\",\"logo\":{\"@type\":\"ImageObject\",\"inLanguage\":\"de\",\"@id\":\"https:\/\/senbera.com\/de\/#\/schema\/logo\/image\/\",\"url\":\"https:\/\/senbera.com\/de\/wp-content\/uploads\/sites\/21\/2025\/12\/favicon_mekulo.png\",\"contentUrl\":\"https:\/\/senbera.com\/de\/wp-content\/uploads\/sites\/21\/2025\/12\/favicon_mekulo.png\",\"width\":50,\"height\":50,\"caption\":\"Mekulo\"},\"image\":{\"@id\":\"https:\/\/senbera.com\/de\/#\/schema\/logo\/image\/\"}}]}<\/script>\n<!-- \/ Yoast SEO plugin. -->","yoast_head_json":{"title":"Elektrische Schleifmaschine - Senbera DE","robots":{"index":"index","follow":"follow","max-snippet":"max-snippet:-1","max-image-preview":"max-image-preview:large","max-video-preview":"max-video-preview:-1"},"canonical":"https:\/\/senbera.com\/de\/produkt\/elektrische-schleifmaschine\/","og_locale":"de_DE","og_type":"article","og_title":"Elektrische Schleifmaschine - Senbera DE","og_description":"\ud83d\udd2a Der neue beste Freund in Ihrer K\u00fcche Mit unserem elektrischen Zerkleinerer wird die Zubereitung von Mahlzeiten zum Kinderspiel! Dieses [&hellip;]","og_url":"https:\/\/senbera.com\/de\/produkt\/elektrische-schleifmaschine\/","og_site_name":"Senbera DE","twitter_card":"summary_large_image","twitter_misc":{"Gesch\u00e4tzte Lesezeit":"1\u00a0Minute"},"schema":{"@context":"https:\/\/schema.org","@graph":[{"@type":"WebPage","@id":"https:\/\/senbera.com\/de\/produkt\/elektrische-schleifmaschine\/","url":"https:\/\/senbera.com\/de\/produkt\/elektrische-schleifmaschine\/","name":"Elektrische Schleifmaschine - Senbera DE","isPartOf":{"@id":"https:\/\/senbera.com\/de\/#website"},"primaryImageOfPage":{"@id":"https:\/\/senbera.com\/de\/produkt\/elektrische-schleifmaschine\/#primaryimage"},"image":{"@id":"https:\/\/senbera.com\/de\/produkt\/elektrische-schleifmaschine\/#primaryimage"},"thumbnailUrl":"https:\/\/senbera.com\/de\/wp-content\/uploads\/sites\/21\/2026\/01\/lv3awv2-1.jpg","datePublished":"2026-01-15T06:32:43+00:00","breadcrumb":{"@id":"https:\/\/senbera.com\/de\/produkt\/elektrische-schleifmaschine\/#breadcrumb"},"inLanguage":"de","potentialAction":[{"@type":"ReadAction","target":["https:\/\/senbera.com\/de\/produkt\/elektrische-schleifmaschine\/"]}]},{"@type":"ImageObject","inLanguage":"de","@id":"https:\/\/senbera.com\/de\/produkt\/elektrische-schleifmaschine\/#primaryimage","url":"https:\/\/senbera.com\/de\/wp-content\/uploads\/sites\/21\/2026\/01\/lv3awv2-1.jpg","contentUrl":"https:\/\/senbera.com\/de\/wp-content\/uploads\/sites\/21\/2026\/01\/lv3awv2-1.jpg","width":1000,"height":1000},{"@type":"BreadcrumbList","@id":"https:\/\/senbera.com\/de\/produkt\/elektrische-schleifmaschine\/#breadcrumb","itemListElement":[{"@type":"ListItem","position":1,"name":"Home","item":"https:\/\/senbera.com\/de\/"},{"@type":"ListItem","position":2,"name":"Shop","item":"https:\/\/senbera.com\/de\/shop\/"},{"@type":"ListItem","position":3,"name":"Elektrische Schleifmaschine"}]},{"@type":"WebSite","@id":"https:\/\/senbera.com\/de\/#website","url":"https:\/\/senbera.com\/de\/","name":"Senbera DE","description":"","publisher":{"@id":"https:\/\/senbera.com\/de\/#organization"},"potentialAction":[{"@type":"SearchAction","target":{"@type":"EntryPoint","urlTemplate":"https:\/\/senbera.com\/de\/?s={search_term_string}"},"query-input":{"@type":"PropertyValueSpecification","valueRequired":true,"valueName":"search_term_string"}}],"inLanguage":"de"},{"@type":"Organization","@id":"https:\/\/senbera.com\/de\/#organization","name":"Mekulo","url":"https:\/\/senbera.com\/de\/","logo":{"@type":"ImageObject","inLanguage":"de","@id":"https:\/\/senbera.com\/de\/#\/schema\/logo\/image\/","url":"https:\/\/senbera.com\/de\/wp-content\/uploads\/sites\/21\/2025\/12\/favicon_mekulo.png","contentUrl":"https:\/\/senbera.com\/de\/wp-content\/uploads\/sites\/21\/2025\/12\/favicon_mekulo.png","width":50,"height":50,"caption":"Mekulo"},"image":{"@id":"https:\/\/senbera.com\/de\/#\/schema\/logo\/image\/"}}]}},"_links":{"self":[{"href":"https:\/\/senbera.com\/de\/wp-json\/wp\/v2\/product\/19390","targetHints":{"allow":["GET"]}}],"collection":[{"href":"https:\/\/senbera.com\/de\/wp-json\/wp\/v2\/product"}],"about":[{"href":"https:\/\/senbera.com\/de\/wp-json\/wp\/v2\/types\/product"}],"replies":[{"embeddable":true,"href":"https:\/\/senbera.com\/de\/wp-json\/wp\/v2\/comments?post=19390"}],"wp:featuredmedia":[{"embeddable":true,"href":"https:\/\/senbera.com\/de\/wp-json\/wp\/v2\/media\/19385"}],"wp:attachment":[{"href":"https:\/\/senbera.com\/de\/wp-json\/wp\/v2\/media?parent=19390"}],"wp:term":[{"taxonomy":"product_brand","embeddable":true,"href":"https:\/\/senbera.com\/de\/wp-json\/wp\/v2\/product_brand?post=19390"},{"taxonomy":"product_cat","embeddable":true,"href":"https:\/\/senbera.com\/de\/wp-json\/wp\/v2\/product_cat?post=19390"},{"taxonomy":"product_tag","embeddable":true,"href":"https:\/\/senbera.com\/de\/wp-json\/wp\/v2\/product_tag?post=19390"}],"curies":[{"name":"wp","href":"https:\/\/api.w.org\/{rel}","templated":true}]}}