{"id":20751,"date":"2026-01-19T11:37:22","date_gmt":"2026-01-19T09:37:22","guid":{"rendered":"https:\/\/senbera.com\/be\/product\/flosdraaddispenser\/"},"modified":"2026-01-19T11:37:31","modified_gmt":"2026-01-19T09:37:31","slug":"flosdraaddispenser","status":"publish","type":"product","link":"https:\/\/senbera.com\/be\/product\/flosdraaddispenser\/","title":{"rendered":"Flosdraaddispenser"},"content":{"rendered":"<p style=\"text-align: center\"><strong>Reinig Je Tanden Overal En Altijd &#8211; Met Slechts \u00c9\u00e9n Druk Op De Knop.<\/strong><\/p>\n<p style=\"text-align: center\"><span style=\"font-weight: 400\">Deze slimme flossdispenser maakt met \u00e9\u00e9n druk op de knop \u00e9\u00e9n flossdraad los, waardoor het gemakkelijk, hygi\u00ebnisch en perfect voor onderweg is. Het houdt uw flosdraad schoon, beschermd en altijd klaar, of u nu thuis bent, op kantoor of onderweg.<\/span><\/p>\n<p><img decoding=\"async\" class=\"alignnone size-full wp-image-17452 aligncenter\" src=\"https:\/\/keluvo.com\/template\/wp-content\/uploads\/sites\/5\/2025\/05\/Dentalflossdispenser-ezgif.com-video-to-webp-converter.webp\" alt=\"\" \/><\/p>\n<h2 style=\"text-align: center\">\ud83c\udf1f Belangrijkste Voordelen<\/h2>\n<p><span style=\"font-weight: 400\">\ud83d\udc46 Werpt \u00e9\u00e9n flosdraad uit met \u00e9\u00e9n druk op de knop<\/span><span style=\"font-weight: 400\"><br \/>\n<\/span><\/p>\n<p><span style=\"font-weight: 400\">\ud83d\ude37 Verzegeld ontwerp houdt flosdraad schoon en veilig<\/span><span style=\"font-weight: 400\"><br \/>\n<\/span><\/p>\n<p><span style=\"font-weight: 400\">\ud83e\uddb7 Soepele, sterke flosdraad die niet kapot gaat<\/span><span style=\"font-weight: 400\"><br \/>\n<\/span><\/p>\n<p><span style=\"font-weight: 400\">\u2708\ufe0f Compact en reisvriendelijk<\/span><span style=\"font-weight: 400\"><br \/>\n<\/span><\/p>\n<p><span style=\"font-weight: 400\">\ud83d\udca7 Gemakkelijk na te vullen en steeds opnieuw te gebruiken<\/span><span style=\"font-weight: 400\"><br \/>\n<\/span><\/p>\n<p><span style=\"font-weight: 400\">\ud83c\udf3f Zacht voor het tandvlees, hard voor plaque<\/span><\/p>\n<p><img decoding=\"async\" class=\"alignnone size-full wp-image-17460 aligncenter\" src=\"https:\/\/keluvo.com\/template\/wp-content\/uploads\/sites\/5\/2025\/05\/S407ab492d5824afc8ab524d426a4e4b0e.jpg_960x960q75.jpg_.jpeg\" alt=\"\" \/><\/p>\n<h2 style=\"text-align: center\">\ud83d\udee0\ufe0f Hoe Te Gebruiken<\/h2>\n<ol>\n<li style=\"font-weight: 400\"><span style=\"font-weight: 400\">Druk op de knop om \u00e9\u00e9n floss pick eruit te halen.<\/span><span style=\"font-weight: 400\"><br \/>\n<\/span><\/li>\n<li style=\"font-weight: 400\"><span style=\"font-weight: 400\">Gebruik de flosdraad tussen uw tanden om voorzichtig te reinigen.<\/span><span style=\"font-weight: 400\"><br \/>\n<\/span><\/li>\n<li style=\"font-weight: 400\"><span style=\"font-weight: 400\">Het gebogen uiteinde werkt als een tandenstoker voor moeilijk bereikbare plekjes.<\/span><span style=\"font-weight: 400\"><br \/>\n<\/span><\/li>\n<li style=\"font-weight: 400\"><span style=\"font-weight: 400\">Om bij te vullen opent u het achterdeksel en plaatst u nieuwe flossdraad (er passen maximaal 12 flossdraad in).<\/span><\/li>\n<\/ol>\n<h2 style=\"text-align: center\">\ud83d\udccf Product Details<\/h2>\n<ul>\n<li style=\"font-weight: 400\"><span style=\"font-weight: 400\">Materiaal: plastic behuizing met polyethyleen flosdraad<\/span><span style=\"font-weight: 400\"><br \/>\n<\/span><\/li>\n<li style=\"font-weight: 400\"><span style=\"font-weight: 400\">Kleuren: groen, roze, wit, zwart<\/span><span style=\"font-weight: 400\"><br \/>\n<\/span><\/li>\n<li style=\"font-weight: 400\"><span style=\"font-weight: 400\">Afmeting: 8 x 3,8 x 1,2 cm<\/span><span style=\"font-weight: 400\"><br \/>\n<\/span><\/li>\n<li style=\"font-weight: 400\"><span style=\"font-weight: 400\">Gewicht: 25 g<\/span><span style=\"font-weight: 400\"><br \/>\n<\/span><\/li>\n<li style=\"font-weight: 400\"><span style=\"font-weight: 400\">Inhoud: 12 flossdraad<\/span><\/li>\n<\/ul>\n<h2 style=\"text-align: center\">\ud83d\udce6 Inhoud Verpakking<\/h2>\n<ul>\n<li><span style=\"font-weight: 400\">1x flosdispenser<\/span><\/li>\n<li><span style=\"font-weight: 400\">12x tandzijde.<\/span><\/li>\n<\/ul>\n","protected":false},"excerpt":{"rendered":"<p>Reinig Je Tanden Overal En Altijd &#8211; Met Slechts \u00c9\u00e9n Druk Op De Knop. Deze slimme flossdispenser maakt met \u00e9\u00e9n [&hellip;]<\/p>\n","protected":false},"featured_media":20747,"comment_status":"open","ping_status":"closed","template":"","meta":{"site-sidebar-layout":"default","site-content-layout":"","ast-site-content-layout":"default","site-content-style":"default","site-sidebar-style":"default","ast-global-header-display":"","ast-banner-title-visibility":"","ast-main-header-display":"","ast-hfb-above-header-display":"","ast-hfb-below-header-display":"","ast-hfb-mobile-header-display":"","site-post-title":"","ast-breadcrumbs-content":"","ast-featured-img":"","footer-sml-layout":"","theme-transparent-header-meta":"default","adv-header-id-meta":"","stick-header-meta":"","header-above-stick-meta":"","header-main-stick-meta":"","header-below-stick-meta":"","astra-migrate-meta-layouts":"set","ast-page-background-enabled":"default","ast-page-background-meta":{"desktop":{"background-color":"var(--ast-global-color-5)","background-image":"","background-repeat":"repeat","background-position":"center center","background-size":"auto","background-attachment":"scroll","background-type":"","background-media":"","overlay-type":"","overlay-color":"","overlay-opacity":"","overlay-gradient":""},"tablet":{"background-color":"","background-image":"","background-repeat":"repeat","background-position":"center center","background-size":"auto","background-attachment":"scroll","background-type":"","background-media":"","overlay-type":"","overlay-color":"","overlay-opacity":"","overlay-gradient":""},"mobile":{"background-color":"","background-image":"","background-repeat":"repeat","background-position":"center center","background-size":"auto","background-attachment":"scroll","background-type":"","background-media":"","overlay-type":"","overlay-color":"","overlay-opacity":"","overlay-gradient":""}},"ast-content-background-meta":{"desktop":{"background-color":"var(--ast-global-color-4)","background-image":"","background-repeat":"repeat","background-position":"center center","background-size":"auto","background-attachment":"scroll","background-type":"","background-media":"","overlay-type":"","overlay-color":"","overlay-opacity":"","overlay-gradient":""},"tablet":{"background-color":"var(--ast-global-color-4)","background-image":"","background-repeat":"repeat","background-position":"center center","background-size":"auto","background-attachment":"scroll","background-type":"","background-media":"","overlay-type":"","overlay-color":"","overlay-opacity":"","overlay-gradient":""},"mobile":{"background-color":"var(--ast-global-color-4)","background-image":"","background-repeat":"repeat","background-position":"center center","background-size":"auto","background-attachment":"scroll","background-type":"","background-media":"","overlay-type":"","overlay-color":"","overlay-opacity":"","overlay-gradient":""}}},"product_brand":[],"product_cat":[15],"product_tag":[],"class_list":{"0":"post-20751","1":"product","2":"type-product","3":"status-publish","4":"has-post-thumbnail","6":"product_cat-ongecategoriseerd","7":"pa_23643_oa3newi1-groen","8":"pa_23643_oa3newi1-roze","9":"pa_23643_oa3newi1-wit","10":"pa_23643_oa3newi1-zwart","11":"desktop-align-left","12":"tablet-align-left","13":"mobile-align-left","15":"first","16":"instock","17":"shipping-taxable","18":"purchasable","19":"product-type-variable"},"yoast_head":"<!-- This site is optimized with the Yoast SEO plugin v26.6 - https:\/\/yoast.com\/wordpress\/plugins\/seo\/ -->\n<title>Flosdraaddispenser - Senbera BE<\/title>\n<meta name=\"robots\" content=\"index, follow, max-snippet:-1, max-image-preview:large, max-video-preview:-1\" \/>\n<link rel=\"canonical\" href=\"https:\/\/senbera.com\/be\/product\/flosdraaddispenser\/\" \/>\n<meta property=\"og:locale\" content=\"nl_BE\" \/>\n<meta property=\"og:type\" content=\"article\" \/>\n<meta property=\"og:title\" content=\"Flosdraaddispenser - Senbera BE\" \/>\n<meta property=\"og:description\" content=\"Reinig Je Tanden Overal En Altijd &#8211; Met Slechts \u00c9\u00e9n Druk Op De Knop. Deze slimme flossdispenser maakt met \u00e9\u00e9n [&hellip;]\" \/>\n<meta property=\"og:url\" content=\"https:\/\/senbera.com\/be\/product\/flosdraaddispenser\/\" \/>\n<meta property=\"og:site_name\" content=\"Senbera BE\" \/>\n<meta property=\"article:modified_time\" content=\"2026-01-19T09:37:31+00:00\" \/>\n<meta name=\"twitter:card\" content=\"summary_large_image\" \/>\n<meta name=\"twitter:label1\" content=\"Geschatte leestijd\" \/>\n\t<meta name=\"twitter:data1\" content=\"1 minuut\" \/>\n<script type=\"application\/ld+json\" class=\"yoast-schema-graph\">{\"@context\":\"https:\/\/schema.org\",\"@graph\":[{\"@type\":\"WebPage\",\"@id\":\"https:\/\/senbera.com\/be\/product\/flosdraaddispenser\/\",\"url\":\"https:\/\/senbera.com\/be\/product\/flosdraaddispenser\/\",\"name\":\"Flosdraaddispenser - Senbera BE\",\"isPartOf\":{\"@id\":\"https:\/\/senbera.com\/be\/#website\"},\"primaryImageOfPage\":{\"@id\":\"https:\/\/senbera.com\/be\/product\/flosdraaddispenser\/#primaryimage\"},\"image\":{\"@id\":\"https:\/\/senbera.com\/be\/product\/flosdraaddispenser\/#primaryimage\"},\"thumbnailUrl\":\"https:\/\/senbera.com\/be\/wp-content\/uploads\/sites\/24\/2026\/01\/rn4o05b-1.webp\",\"datePublished\":\"2026-01-19T09:37:22+00:00\",\"dateModified\":\"2026-01-19T09:37:31+00:00\",\"breadcrumb\":{\"@id\":\"https:\/\/senbera.com\/be\/product\/flosdraaddispenser\/#breadcrumb\"},\"inLanguage\":\"nl-BE\",\"potentialAction\":[{\"@type\":\"ReadAction\",\"target\":[\"https:\/\/senbera.com\/be\/product\/flosdraaddispenser\/\"]}]},{\"@type\":\"ImageObject\",\"inLanguage\":\"nl-BE\",\"@id\":\"https:\/\/senbera.com\/be\/product\/flosdraaddispenser\/#primaryimage\",\"url\":\"https:\/\/senbera.com\/be\/wp-content\/uploads\/sites\/24\/2026\/01\/rn4o05b-1.webp\",\"contentUrl\":\"https:\/\/senbera.com\/be\/wp-content\/uploads\/sites\/24\/2026\/01\/rn4o05b-1.webp\",\"width\":740,\"height\":740},{\"@type\":\"BreadcrumbList\",\"@id\":\"https:\/\/senbera.com\/be\/product\/flosdraaddispenser\/#breadcrumb\",\"itemListElement\":[{\"@type\":\"ListItem\",\"position\":1,\"name\":\"Home\",\"item\":\"https:\/\/senbera.com\/be\/\"},{\"@type\":\"ListItem\",\"position\":2,\"name\":\"Winkel\",\"item\":\"https:\/\/senbera.com\/be\/winkel\/\"},{\"@type\":\"ListItem\",\"position\":3,\"name\":\"Flosdraaddispenser\"}]},{\"@type\":\"WebSite\",\"@id\":\"https:\/\/senbera.com\/be\/#website\",\"url\":\"https:\/\/senbera.com\/be\/\",\"name\":\"Senbera BE\",\"description\":\"\",\"publisher\":{\"@id\":\"https:\/\/senbera.com\/be\/#organization\"},\"potentialAction\":[{\"@type\":\"SearchAction\",\"target\":{\"@type\":\"EntryPoint\",\"urlTemplate\":\"https:\/\/senbera.com\/be\/?s={search_term_string}\"},\"query-input\":{\"@type\":\"PropertyValueSpecification\",\"valueRequired\":true,\"valueName\":\"search_term_string\"}}],\"inLanguage\":\"nl-BE\"},{\"@type\":\"Organization\",\"@id\":\"https:\/\/senbera.com\/be\/#organization\",\"name\":\"Mekulo\",\"url\":\"https:\/\/senbera.com\/be\/\",\"logo\":{\"@type\":\"ImageObject\",\"inLanguage\":\"nl-BE\",\"@id\":\"https:\/\/senbera.com\/be\/#\/schema\/logo\/image\/\",\"url\":\"https:\/\/senbera.com\/be\/wp-content\/uploads\/sites\/24\/2025\/12\/favicon_mekulo.png\",\"contentUrl\":\"https:\/\/senbera.com\/be\/wp-content\/uploads\/sites\/24\/2025\/12\/favicon_mekulo.png\",\"width\":50,\"height\":50,\"caption\":\"Mekulo\"},\"image\":{\"@id\":\"https:\/\/senbera.com\/be\/#\/schema\/logo\/image\/\"}}]}<\/script>\n<!-- \/ Yoast SEO plugin. -->","yoast_head_json":{"title":"Flosdraaddispenser - Senbera BE","robots":{"index":"index","follow":"follow","max-snippet":"max-snippet:-1","max-image-preview":"max-image-preview:large","max-video-preview":"max-video-preview:-1"},"canonical":"https:\/\/senbera.com\/be\/product\/flosdraaddispenser\/","og_locale":"nl_BE","og_type":"article","og_title":"Flosdraaddispenser - Senbera BE","og_description":"Reinig Je Tanden Overal En Altijd &#8211; Met Slechts \u00c9\u00e9n Druk Op De Knop. Deze slimme flossdispenser maakt met \u00e9\u00e9n [&hellip;]","og_url":"https:\/\/senbera.com\/be\/product\/flosdraaddispenser\/","og_site_name":"Senbera BE","article_modified_time":"2026-01-19T09:37:31+00:00","twitter_card":"summary_large_image","twitter_misc":{"Geschatte leestijd":"1 minuut"},"schema":{"@context":"https:\/\/schema.org","@graph":[{"@type":"WebPage","@id":"https:\/\/senbera.com\/be\/product\/flosdraaddispenser\/","url":"https:\/\/senbera.com\/be\/product\/flosdraaddispenser\/","name":"Flosdraaddispenser - Senbera BE","isPartOf":{"@id":"https:\/\/senbera.com\/be\/#website"},"primaryImageOfPage":{"@id":"https:\/\/senbera.com\/be\/product\/flosdraaddispenser\/#primaryimage"},"image":{"@id":"https:\/\/senbera.com\/be\/product\/flosdraaddispenser\/#primaryimage"},"thumbnailUrl":"https:\/\/senbera.com\/be\/wp-content\/uploads\/sites\/24\/2026\/01\/rn4o05b-1.webp","datePublished":"2026-01-19T09:37:22+00:00","dateModified":"2026-01-19T09:37:31+00:00","breadcrumb":{"@id":"https:\/\/senbera.com\/be\/product\/flosdraaddispenser\/#breadcrumb"},"inLanguage":"nl-BE","potentialAction":[{"@type":"ReadAction","target":["https:\/\/senbera.com\/be\/product\/flosdraaddispenser\/"]}]},{"@type":"ImageObject","inLanguage":"nl-BE","@id":"https:\/\/senbera.com\/be\/product\/flosdraaddispenser\/#primaryimage","url":"https:\/\/senbera.com\/be\/wp-content\/uploads\/sites\/24\/2026\/01\/rn4o05b-1.webp","contentUrl":"https:\/\/senbera.com\/be\/wp-content\/uploads\/sites\/24\/2026\/01\/rn4o05b-1.webp","width":740,"height":740},{"@type":"BreadcrumbList","@id":"https:\/\/senbera.com\/be\/product\/flosdraaddispenser\/#breadcrumb","itemListElement":[{"@type":"ListItem","position":1,"name":"Home","item":"https:\/\/senbera.com\/be\/"},{"@type":"ListItem","position":2,"name":"Winkel","item":"https:\/\/senbera.com\/be\/winkel\/"},{"@type":"ListItem","position":3,"name":"Flosdraaddispenser"}]},{"@type":"WebSite","@id":"https:\/\/senbera.com\/be\/#website","url":"https:\/\/senbera.com\/be\/","name":"Senbera BE","description":"","publisher":{"@id":"https:\/\/senbera.com\/be\/#organization"},"potentialAction":[{"@type":"SearchAction","target":{"@type":"EntryPoint","urlTemplate":"https:\/\/senbera.com\/be\/?s={search_term_string}"},"query-input":{"@type":"PropertyValueSpecification","valueRequired":true,"valueName":"search_term_string"}}],"inLanguage":"nl-BE"},{"@type":"Organization","@id":"https:\/\/senbera.com\/be\/#organization","name":"Mekulo","url":"https:\/\/senbera.com\/be\/","logo":{"@type":"ImageObject","inLanguage":"nl-BE","@id":"https:\/\/senbera.com\/be\/#\/schema\/logo\/image\/","url":"https:\/\/senbera.com\/be\/wp-content\/uploads\/sites\/24\/2025\/12\/favicon_mekulo.png","contentUrl":"https:\/\/senbera.com\/be\/wp-content\/uploads\/sites\/24\/2025\/12\/favicon_mekulo.png","width":50,"height":50,"caption":"Mekulo"},"image":{"@id":"https:\/\/senbera.com\/be\/#\/schema\/logo\/image\/"}}]}},"_links":{"self":[{"href":"https:\/\/senbera.com\/be\/wp-json\/wp\/v2\/product\/20751","targetHints":{"allow":["GET"]}}],"collection":[{"href":"https:\/\/senbera.com\/be\/wp-json\/wp\/v2\/product"}],"about":[{"href":"https:\/\/senbera.com\/be\/wp-json\/wp\/v2\/types\/product"}],"replies":[{"embeddable":true,"href":"https:\/\/senbera.com\/be\/wp-json\/wp\/v2\/comments?post=20751"}],"wp:featuredmedia":[{"embeddable":true,"href":"https:\/\/senbera.com\/be\/wp-json\/wp\/v2\/media\/20747"}],"wp:attachment":[{"href":"https:\/\/senbera.com\/be\/wp-json\/wp\/v2\/media?parent=20751"}],"wp:term":[{"taxonomy":"product_brand","embeddable":true,"href":"https:\/\/senbera.com\/be\/wp-json\/wp\/v2\/product_brand?post=20751"},{"taxonomy":"product_cat","embeddable":true,"href":"https:\/\/senbera.com\/be\/wp-json\/wp\/v2\/product_cat?post=20751"},{"taxonomy":"product_tag","embeddable":true,"href":"https:\/\/senbera.com\/be\/wp-json\/wp\/v2\/product_tag?post=20751"}],"curies":[{"name":"wp","href":"https:\/\/api.w.org\/{rel}","templated":true}]}}